{"id":1107,"date":"2025-11-08T22:29:43","date_gmt":"2025-11-08T21:29:43","guid":{"rendered":"https:\/\/www.santafe.gob.ar\/ms\/fipr\/?page_id=1107"},"modified":"2025-11-11T11:36:34","modified_gmt":"2025-11-11T10:36:34","slug":"marilia-garcia","status":"publish","type":"page","link":"https:\/\/www.santafe.gob.ar\/ms\/fipr\/marilia-garcia\/","title":{"rendered":"Mar\u00edlia Garcia"},"content":{"rendered":"<p>[et_pb_section fb_built=\u00bb1&#8243; custom_padding_last_edited=\u00bboff|desktop\u00bb admin_label=\u00bbHeader\u00bb _builder_version=\u00bb4.19.0&#8243; background_color_gradient_direction=\u00bb188deg\u00bb background_image=\u00bbhttps:\/\/www.santafe.gob.ar\/ms\/fipr\/wp-content\/uploads\/sites\/88\/2025\/11\/art-gallery-55.jpg\u00bb background_size=\u00bbinitial\u00bb background_repeat=\u00bbrepeat\u00bb width=\u00bb100%\u00bb custom_padding_tablet=\u00bb5vw||5vw||true\u00bb top_divider_style=\u00bbslant\u00bb top_divider_color=\u00bb#063A29&#8243; top_divider_height=\u00bb153px\u00bb top_divider_flip=\u00bbhorizontal\u00bb global_colors_info=\u00bb{}\u00bb][et_pb_row column_structure=\u00bb2_5,3_5&#8243; use_custom_gutter=\u00bbon\u00bb gutter_width=\u00bb2&#8243; make_equal=\u00bbon\u00bb admin_label=\u00bbFila\u00bb _builder_version=\u00bb4.19.0&#8243; use_custom_width=\u00bbon\u00bb width_unit=\u00bboff\u00bb custom_width_percent=\u00bb100%\u00bb locked=\u00bboff\u00bb global_colors_info=\u00bb{}\u00bb][et_pb_column type=\u00bb2_5&#8243; _builder_version=\u00bb4.16&#8243; custom_padding=\u00bb|||\u00bb global_colors_info=\u00bb{}\u00bb custom_padding__hover=\u00bb|||\u00bb][et_pb_text _builder_version=\u00bb4.19.0&#8243; text_font=\u00bbCrimson Pro||||||||\u00bb text_text_color=\u00bb#121212&#8243; text_font_size=\u00bb68px\u00bb text_line_height=\u00bb1em\u00bb header_font=\u00bb||||||||\u00bb header_2_font=\u00bbPrata|500|||||||\u00bb header_2_text_align=\u00bbleft\u00bb header_2_font_size=\u00bb56px\u00bb header_2_line_height=\u00bb1.3em\u00bb header_4_font=\u00bb|700|||||||\u00bb header_4_font_size=\u00bb20px\u00bb header_4_line_height=\u00bb1.2em\u00bb transform_translate_linked=\u00bboff\u00bb max_width=\u00bb100%\u00bb max_width_tablet=\u00bb70%\u00bb max_width_last_edited=\u00bboff|phone\u00bb hover_enabled=\u00bb0&#8243; header_2_font_size_tablet=\u00bb40px\u00bb header_2_font_size_phone=\u00bb26px\u00bb header_2_font_size_last_edited=\u00bbon|desktop\u00bb global_colors_info=\u00bb{}\u00bb text_font_size_last_edited=\u00bbon|phone\u00bb sticky_enabled=\u00bb0&#8243; text_font_size_phone=\u00bb42px\u00bb text_font_size_tablet=\u00bb68px\u00bb]<\/p>\n<p><strong>Mar\u00edlia Garcia<\/strong><\/p>\n<p>[\/et_pb_text][et_pb_image src=\u00bbhttps:\/\/www.santafe.gob.ar\/ms\/fipr\/wp-content\/uploads\/sites\/88\/2025\/11\/0Marilia-Garcia-Rio-de-Janeiro-Brasil-1979.jpg\u00bb title_text=\u00bb0Mar\u00edlia Garcia (R\u00edo de Janeiro, Brasil, 1979)\u00bb _builder_version=\u00bb4.19.0&#8243; _module_preset=\u00bbdefault\u00bb global_colors_info=\u00bb{}\u00bb][\/et_pb_image][\/et_pb_column][et_pb_column type=\u00bb3_5&#8243; _builder_version=\u00bb4.19.0&#8243; custom_padding=\u00bb51px||||false|false\u00bb global_colors_info=\u00bb{}\u00bb custom_padding__hover=\u00bb|||\u00bb][et_pb_text _builder_version=\u00bb4.19.0&#8243; text_font=\u00bb||||||||\u00bb header_font=\u00bb|700|||||||\u00bb header_font_size=\u00bb20px\u00bb header_line_height=\u00bb1.3em\u00bb header_2_font=\u00bb|700|||||||\u00bb header_2_font_size=\u00bb20px\u00bb header_2_line_height=\u00bb1.3em\u00bb header_3_font=\u00bb|700|||||||\u00bb header_3_font_size=\u00bb16px\u00bb header_3_line_height=\u00bb1.3em\u00bb custom_padding=\u00bb||7px|||\u00bb header_font_size_tablet=\u00bb\u00bb header_font_size_phone=\u00bb\u00bb header_font_size_last_edited=\u00bbon|desktop\u00bb locked=\u00bboff\u00bb global_colors_info=\u00bb{}\u00bb]<\/p>\n<p>(R\u00edo de Janeiro, Brasil, 1979)<\/p>\n<p>\u00a0Poeta y traductora. Vive actualmente en San Pablo. Autora de algunos poemarios, como <em>Expedici\u00f3n: nebulosa <\/em>(Salta el Pez, trad. Gerardo Jorge, 2023) y <em>Parque de las ruinas<\/em> (Mandacaru, trad. Diana Klinger y Florencia Garramu\u00f1o, 2018), y del libro de ensayos<em> Pensar con las manos<\/em> (2025).<\/p>\n<p>&nbsp;<\/p>\n<p>La participaci\u00f3n de Mar\u00edlia Garcia en el FIPR 2025 es posible gracias al apoyo del Instituto Guimar\u00e3es Rosa a trav\u00e9s de la Embajada del Brasil en Buenos Aires.<\/p>\n<p>[\/et_pb_text][\/et_pb_column][\/et_pb_row][\/et_pb_section][et_pb_section fb_built=\u00bb1&#8243; admin_label=\u00bbpoemas\u00bb _builder_version=\u00bb4.19.0&#8243; custom_margin=\u00bb0px||||false|false\u00bb custom_padding=\u00bb0px||||false|false\u00bb global_colors_info=\u00bb{}\u00bb][et_pb_row custom_padding_last_edited=\u00bboff|phone\u00bb _builder_version=\u00bb4.16&#8243; background_position=\u00bbbottom_center\u00bb custom_padding_tablet=\u00bb17vw||17vw||false\u00bb use_custom_width=\u00bbon\u00bb width_unit=\u00bboff\u00bb custom_width_percent=\u00bb100%\u00bb locked=\u00bboff\u00bb global_colors_info=\u00bb{}\u00bb][et_pb_column type=\u00bb4_4&#8243; _builder_version=\u00bb4.16&#8243; custom_padding=\u00bb|||\u00bb global_colors_info=\u00bb{}\u00bb custom_padding__hover=\u00bb|||\u00bb][et_pb_text _builder_version=\u00bb4.19.0&#8243; text_font=\u00bb||||||||\u00bb text_font_size=\u00bb41px\u00bb header_font=\u00bb||||||||\u00bb header_font_size=\u00bb60px\u00bb header_2_font=\u00bbPrata|500|||||||\u00bb header_2_font_size=\u00bb56px\u00bb header_2_line_height=\u00bb1.3em\u00bb header_3_font=\u00bb|700||on|||||\u00bb header_3_text_color=\u00bbrgba(0,0,0,0.35)\u00bb header_3_font_size=\u00bb12px\u00bb header_3_letter_spacing=\u00bb5px\u00bb header_3_line_height=\u00bb2em\u00bb transform_translate_linked=\u00bboff\u00bb text_orientation=\u00bbcenter\u00bb max_width=\u00bb700px\u00bb max_width_tablet=\u00bb70%\u00bb max_width_last_edited=\u00bboff|phone\u00bb module_alignment=\u00bbcenter\u00bb header_2_font_size_tablet=\u00bb40px\u00bb header_2_font_size_phone=\u00bb26px\u00bb header_2_font_size_last_edited=\u00bbon|phone\u00bb header_3_font_size_phone=\u00bb10px\u00bb header_3_font_size_last_edited=\u00bboff|desktop\u00bb module_alignment_last_edited=\u00bboff|desktop\u00bb text_text_align=\u00bbcenter\u00bb inline_fonts=\u00bbCrimson Pro\u00bb global_colors_info=\u00bb{}\u00bb]<\/p>\n<h1>poemas<\/h1>\n<p>[\/et_pb_text][\/et_pb_column][\/et_pb_row][et_pb_row _builder_version=\u00bb4.19.0&#8243; _module_preset=\u00bbdefault\u00bb global_colors_info=\u00bb{}\u00bb][et_pb_column type=\u00bb4_4&#8243; _builder_version=\u00bb4.19.0&#8243; _module_preset=\u00bbdefault\u00bb global_colors_info=\u00bb{}\u00bb][et_pb_accordion _builder_version=\u00bb4.19.0&#8243; _module_preset=\u00bbdefault\u00bb global_colors_info=\u00bb{}\u00bb][et_pb_accordion_item title=\u00bbhistoria natural\u00bb open=\u00bbon\u00bb _builder_version=\u00bb4.19.0&#8243; _module_preset=\u00bbdefault\u00bb global_colors_info=\u00bb{}\u00bb]<\/p>\n<p>siempre me dijeron<\/p>\n<p>que ten\u00eda los ojos<\/p>\n<p>de mi padre<\/p>\n<p>cabello estatura<\/p>\n<p>ment\u00f3n caligraf\u00eda<\/p>\n<p>\u2013una cosa de cada t\u00eda<\/p>\n<p>los gestos de mi madre<\/p>\n<p>hoy miro a mi hija<\/p>\n<p>y solo puedo verla<\/p>\n<p>a ella misma:<\/p>\n<p style=\"padding-left: 80px\">rosa es una rosa. es una rosa es una rosa<\/p>\n<p>pienso en un poema de cacaso<\/p>\n<p>y en la am\u00e9rica latina del futuro<\/p>\n<p>que una vez \u00e9l quiso imaginar<\/p>\n<p>miro a mi hija<\/p>\n<p>y juntas miramos<\/p>\n<p>esta am\u00e9rica latina<\/p>\n<p>del futuro<\/p>\n<p>estamos en un t\u00fanel de humo<\/p>\n<p>y no consigo ver qu\u00e9 sucedi\u00f3<\/p>\n<p>&nbsp;<\/p>\n<p><strong>Del libro <em>Expedici\u00f3n: nebulosa<\/em>, traducci\u00f3n de Gerardo Jorge, edici\u00f3n Salta el pez, 2023.<\/strong><\/p>\n<p>[\/et_pb_accordion_item][et_pb_accordion_item title=\u00bben este poema\u00bb _builder_version=\u00bb4.19.0&#8243; _module_preset=\u00bbdefault\u00bb global_colors_info=\u00bb{}\u00bb open=\u00bboff\u00bb]<\/p>\n<p>hay un personaje<\/p>\n<p>que aparece en todos los<\/p>\n<p>poemas:<\/p>\n<p style=\"padding-left: 80px\">el tiempo<\/p>\n<p>a veces casi nadie<\/p>\n<p>nota su presencia<\/p>\n<p>se mantiene discreto<\/p>\n<p>al fondo de la sala o<\/p>\n<p>se convierte en un min\u00fasculo<\/p>\n<p>puntito a lo lejos atravesando<\/p>\n<p>el paisaje<\/p>\n<p>pero de repente<\/p>\n<p>percibimos en el ritmo de<\/p>\n<p>las cosas una especie de<\/p>\n<p>vaiv\u00e9n de ola que gu\u00eda<\/p>\n<p>el pensamiento<\/p>\n<p>y listo:<\/p>\n<p style=\"padding-left: 80px\">sabemos que es<\/p>\n<p>\u00e9l<\/p>\n<p>el tiempo<\/p>\n<p>que pasa mientras<\/p>\n<p>seguimos cada palabra<\/p>\n<p>bajando por los pelda\u00f1os<\/p>\n<p>de los versos<\/p>\n<p>vos que vas leyendo<\/p>\n<p>conmigo de la mano<\/p>\n<p>confiando<\/p>\n<p>en que vamos a llegar<\/p>\n<p>al final de la<\/p>\n<p>l\u00ednea<\/p>\n<p>&nbsp;<\/p>\n<p>&nbsp;<\/p>\n<p>\u00a0<strong>Del libro <em>Expedici\u00f3n: nebulosa<\/em>, traducci\u00f3n de Gerardo Jorge, edici\u00f3n Salta el pez, 2023.<\/strong><\/p>\n<p>[\/et_pb_accordion_item][et_pb_accordion_item title=\u00bb%91di\u00e1logo con un amigo que se fue%93&#8243; _builder_version=\u00bb4.19.0&#8243; _module_preset=\u00bbdefault\u00bb global_colors_info=\u00bb{}\u00bb open=\u00bboff\u00bb]<\/p>\n<p><strong>yo dije<\/strong><\/p>\n<p>hola, desapareciste<\/p>\n<p>&nbsp;<\/p>\n<p style=\"padding-left: 240px\"><strong>y \u00e9l dijo:<\/strong><\/p>\n<p style=\"padding-left: 240px\"><strong><\/strong><\/p>\n<p><strong>yo dije<\/strong><\/p>\n<p>\u00bfc\u00f3mo est\u00e1 el tiempo por ah\u00ed?<\/p>\n<p>&nbsp;<\/p>\n<p style=\"padding-left: 240px\"><strong>y \u00e9l dijo:<\/strong><\/p>\n<p style=\"padding-left: 240px\"><strong><\/strong><\/p>\n<p><strong>y yo dije<\/strong><\/p>\n<p>yo sigo viendo<\/p>\n<p>los mapas superpuestos, \u00bfy vos?<\/p>\n<p>&nbsp;<\/p>\n<p style=\"padding-left: 240px\"><strong>y \u00e9l dijo:<\/strong><\/p>\n<p style=\"padding-left: 240px\"><strong><\/strong><\/p>\n<p><strong>y yo pregunt\u00e9<\/strong><\/p>\n<p>\u00bfme est\u00e1s oyendo?<\/p>\n<p>&nbsp;<\/p>\n<p style=\"padding-left: 240px\"><strong>y \u00e9l:<\/strong><\/p>\n<p style=\"padding-left: 240px\"><strong><\/strong><\/p>\n<p><strong>y yo dije<\/strong><\/p>\n<p>que \u00e9l dej\u00f3 agujeros en los mapas<\/p>\n<p>que no se ven las l\u00edneas con precisi\u00f3n<\/p>\n<p><strong><\/strong><\/p>\n<p><strong>y yo dije<\/strong><\/p>\n<p>\u00bfsab\u00e9s c\u00f3mo hacer<\/p>\n<p>para anclar las l\u00edneas del poema?<\/p>\n<p style=\"padding-left: 240px\"><strong><\/strong><\/p>\n<p style=\"padding-left: 240px\"><strong>y \u00e9l dijo:<\/strong><\/p>\n<p style=\"padding-left: 240px\"><em>las l\u00edneas.<\/em><\/p>\n<p style=\"padding-left: 240px\"><em><\/em><\/p>\n<p><strong>y yo dije<\/strong><\/p>\n<p>\u00bfc\u00f3mo?<\/p>\n<p>&nbsp;<\/p>\n<p style=\"padding-left: 240px\"><strong>y \u00e9l:<\/strong><\/p>\n<p style=\"padding-left: 240px\"><em>entonces<\/em>.<\/p>\n<p><strong>y yo<\/strong><\/p>\n<p>\u00bfqu\u00e9?<\/p>\n<p>&nbsp;<\/p>\n<p style=\"padding-left: 240px\"><strong>y \u00e9l:<\/strong><\/p>\n<p style=\"padding-left: 240px\"><em>las l\u00edneas de las monta\u00f1as de r\u00edo<\/em><\/p>\n<p style=\"padding-left: 240px\"><em><\/em><\/p>\n<p><strong>y yo dije<\/strong><\/p>\n<p>\u00bfqu\u00e9 tienen?<\/p>\n<p style=\"padding-left: 240px\"><strong><\/strong><\/p>\n<p style=\"padding-left: 240px\"><strong>y \u00e9l dijo:<\/strong><\/p>\n<p style=\"padding-left: 240px\"><em>son las l\u00edneas de un<\/em><\/p>\n<p style=\"padding-left: 240px\"><em>electrocardiograma.<\/em><\/p>\n<p style=\"padding-left: 240px\"><em><\/em><\/p>\n<p><strong>y yo dije<\/strong><\/p>\n<p>vos escribiste eso en un poema.<\/p>\n<p>&nbsp;<\/p>\n<p style=\"padding-left: 240px\"><strong>y \u00e9l no respondi\u00f3 m\u00e1s.<\/strong><strong><\/strong><\/p>\n<p><strong><\/strong><\/p>\n<p>&nbsp;<\/p>\n<p>&nbsp;<\/p>\n<p>\u00a0<strong>Del libro <em>Expedici\u00f3n: nebulosa<\/em>, traducci\u00f3n de Gerardo Jorge, edici\u00f3n Salta el pez, 2023.<\/strong><\/p>\n<p>&nbsp;<\/p>\n<p>[\/et_pb_accordion_item][et_pb_accordion_item title=\u00bbas\u00ed se dice est\u00e1 lloviendo\u00bb _builder_version=\u00bb4.19.0&#8243; _module_preset=\u00bbdefault\u00bb global_colors_info=\u00bb{}\u00bb open=\u00bboff\u00bb]<\/p>\n<p>apenas saco punta<\/p>\n<p>al l\u00e1piz<\/p>\n<p>\u00a0\u00a0\u00a0\u00a0\u00a0\u00a0 cierro los ojos<\/p>\n<p>y abro la ventana del poema para\u00a0\u00a0\u00a0 \u00a0que entrem<\/p>\n<p><em>todos los insectos<\/em><\/p>\n<p><em>\u00a0<\/em><\/p>\n<p>pero est\u00e1 lloviendo<\/p>\n<p>las gotas salpican y mojan el suelo<\/p>\n<p>una inmensa tempestad cubre el paisaje<\/p>\n<p>abro los ojos tomo un libro<\/p>\n<p>del estante y<\/p>\n<p>veo<\/p>\n<p>&nbsp;<\/p>\n<p>es un d\u00eda de verano<\/p>\n<p>sylvia plath est\u00e1 sentada<\/p>\n<p>frente a la ventana viendo la lluvia que cae<\/p>\n<p>es el d\u00eda 1o de julio<\/p>\n<p>est\u00e1 caluroso h\u00famedo humeante<\/p>\n<p>y llueve de manera torrencial<\/p>\n<p>&nbsp;<\/p>\n<p>ella toma una pluma sin sacar los ojos<\/p>\n<p>de lo mojado le tienta escribir un<\/p>\n<p>poema<\/p>\n<p>&nbsp;<\/p>\n<p>apoya la pluma en el papel<\/p>\n<p>y anota: nunca olvidar<\/p>\n<p>la carta de rechazo que recib\u00ed una vez<\/p>\n<p>con solo tres l\u00edneas<\/p>\n<p>&nbsp;<\/p>\n<p>\u201ctras el aguacero<\/p>\n<p>poemas titulados\u00a0\u00a0\u00a0\u00a0\u00a0 \u00a0<em>lluvia<\/em><\/p>\n<p>inundan el pa\u00eds entero\u201d<\/p>\n<p>&nbsp;<\/p>\n<p>&nbsp;<\/p>\n<p>&nbsp;<\/p>\n<p><strong>Del libro <em>Expedici\u00f3n: nebulosa<\/em>, traducci\u00f3n de Gerardo Jorge, edici\u00f3n Salta el pez, 2023.<\/strong><\/p>\n<p>[\/et_pb_accordion_item][et_pb_accordion_item title=\u00bbmis amigos son un fen\u00f3meno\u00bb _builder_version=\u00bb4.19.0&#8243; _module_preset=\u00bbdefault\u00bb global_colors_info=\u00bb{}\u00bb open=\u00bboff\u00bb]<\/p>\n<p>ese es el nombre de un disco de nara le\u00e3o<\/p>\n<p>y yo estoy aqu\u00ed escuchando cada tema<\/p>\n<p>mientras pienso en<\/p>\n<p>mis amigos<\/p>\n<p>&nbsp;<\/p>\n<p>yo quer\u00eda poder estar<\/p>\n<p>con mis amigos<\/p>\n<p>&nbsp;<\/p>\n<p>por eso le ped\u00ed a cada uno<\/p>\n<p>que me enviase una foto<\/p>\n<p>de alg\u00fan objeto que fuese importante para ellos<\/p>\n<p>en ese momento<\/p>\n<p>&nbsp;<\/p>\n<p>*<\/p>\n<p>&nbsp;<\/p>\n<p>una bolsa de compras de tela<\/p>\n<p>del festival \u201cpor\u00e3o do rock\u201d<\/p>\n<p><em>ella enfrenta el mundo conmigo<\/em><\/p>\n<p>dice \u00e9l \u00a0\u00a0\u00a0\u00a0\u00a0\u00a0<em>cuando salgo a buscar comida<\/em><\/p>\n<p><em>\u00a0<\/em><\/p>\n<p>(mi amigo todav\u00eda sale<\/p>\n<p>a buscar comida)<\/p>\n<p>&nbsp;<\/p>\n<p>*<\/p>\n<p>&nbsp;<\/p>\n<p>una mesa de madera<\/p>\n<p>que lleg\u00f3 un d\u00eda antes de que todo empezara<\/p>\n<p>la puse frente a la ventana<\/p>\n<p>y me la paso acodado sobre ella viendo el d\u00eda<\/p>\n<p>pasar<\/p>\n<p>&nbsp;<\/p>\n<p>*<\/p>\n<p>&nbsp;<\/p>\n<ol>\n<li>chupete: para mi hija olivia<\/li>\n<li>abridor de vino: para el carm\u00e9n\u00e8re<\/li>\n<li>cuchillo: para la manzana verde<\/li>\n<\/ol>\n<p>&nbsp;<\/p>\n<p>*<\/p>\n<p>&nbsp;<\/p>\n<p>parlantes de madera<\/p>\n<p>estaban rotos en la sala<\/p>\n<p>sin uso\u00a0\u00a0\u00a0\u00a0\u00a0\u00a0\u00a0 sirviendo de apoyo<\/p>\n<p>fueron comprados en los a\u00f1os 70<\/p>\n<p>a un alem\u00e1n que se volv\u00eda<\/p>\n<p>a su casa<\/p>\n<p>&nbsp;<\/p>\n<p><em>\u00a0\u00a0\u00a0\u00a0\u00a0\u00a0\u00a0\u00a0\u00a0\u00a0\u00a0\u00a0\u00a0 familia vende todo<\/em><\/p>\n<p><em>\u00a0<\/em><\/p>\n<p>esta semana reparamos los parlantes<\/p>\n<p>y ahora escuchamos m\u00fasica<\/p>\n<p>&nbsp;<\/p>\n<p>*<\/p>\n<p>&nbsp;<\/p>\n<p>colchoneta<\/p>\n<p>equipo de gimnasio<\/p>\n<p>bot\u00f3n <em>on-off<\/em><\/p>\n<p>un libro abierto con un p\u00e1rrafo subrayado:<\/p>\n<p>&nbsp;<\/p>\n<p>\u201cComo siempre en la vida, nos acostumbramos a las situaciones<\/p>\n<p>m\u00e1s adversas. En medio del caos, dorm\u00eda mejor cuando<\/p>\n<p>\u00e9l ven\u00eda. Pase\u00e1bamos los dos solos o con los ni\u00f1os.\u201d<\/p>\n<p>&nbsp;<\/p>\n<p>*<\/p>\n<p>&nbsp;<\/p>\n<p>dedico a mis amigos este breve inventario de objetos<\/p>\n<p>les mand\u00e9<\/p>\n<p>una foto del disco de nara le\u00e3o<\/p>\n<p>junto con un link de youtube<\/p>\n<p>para escuchar el cuarto track del disco: <a href=\"https:\/\/bit.ly\/nara-leao\">https:\/\/bit.ly\/nara-leao<\/a><\/p>\n<p>&nbsp;<\/p>\n<p>&nbsp;<\/p>\n<p>&nbsp;<\/p>\n<p>\u00a0<strong>Del libro <em>Expedici\u00f3n: nebulosa<\/em>, traducci\u00f3n de Gerardo Jorge, edici\u00f3n Salta el pez, 2023.<\/strong><\/p>\n<p>[\/et_pb_accordion_item][\/et_pb_accordion][\/et_pb_column][\/et_pb_row][\/et_pb_section][et_pb_section fb_built=\u00bb1&#8243; admin_label=\u00bbcontacto\u00bb _builder_version=\u00bb4.19.0&#8243; background_size=\u00bbinitial\u00bb background_repeat=\u00bbrepeat-y\u00bb custom_padding=\u00bb0px|||||\u00bb saved_tabs=\u00bball\u00bb locked=\u00bboff\u00bb global_colors_info=\u00bb{}\u00bb][et_pb_row disabled_on=\u00bbon|on|on\u00bb _builder_version=\u00bb4.19.0&#8243; width=\u00bb74%\u00bb custom_margin=\u00bb|auto||auto|false|false\u00bb custom_padding=\u00bb||||false|false\u00bb border_width_top=\u00bb2px\u00bb disabled=\u00bbon\u00bb global_colors_info=\u00bb{}\u00bb][et_pb_column type=\u00bb4_4&#8243; _builder_version=\u00bb4.19.0&#8243; custom_padding=\u00bb|||\u00bb global_colors_info=\u00bb{}\u00bb custom_padding__hover=\u00bb|||\u00bb][et_pb_social_media_follow _builder_version=\u00bb4.19.0&#8243; text_orientation=\u00bbcenter\u00bb custom_margin=\u00bb-20px|||-10px\u00bb custom_margin_tablet=\u00bb\u00bb custom_margin_phone=\u00bb-20px||\u00bb custom_margin_last_edited=\u00bbon|desktop\u00bb filter_invert=\u00bb100%\u00bb locked=\u00bboff\u00bb global_colors_info=\u00bb{}\u00bb icon_color__hover=\u00bb#e02b20&#8243;][et_pb_social_media_follow_network social_network=\u00bbfacebook\u00bb _builder_version=\u00bb4.16&#8243; global_colors_info=\u00bb{}\u00bb follow_button=\u00bboff\u00bb url_new_window=\u00bbon\u00bb]facebook[\/et_pb_social_media_follow_network][et_pb_social_media_follow_network social_network=\u00bbtwitter\u00bb _builder_version=\u00bb4.16&#8243; global_colors_info=\u00bb{}\u00bb follow_button=\u00bboff\u00bb url_new_window=\u00bbon\u00bb]twitter[\/et_pb_social_media_follow_network][et_pb_social_media_follow_network social_network=\u00bbgoogle-plus\u00bb _builder_version=\u00bb4.16&#8243; global_colors_info=\u00bb{}\u00bb follow_button=\u00bboff\u00bb url_new_window=\u00bbon\u00bb]google-plus[\/et_pb_social_media_follow_network][et_pb_social_media_follow_network social_network=\u00bbinstagram\u00bb _builder_version=\u00bb4.16&#8243; global_colors_info=\u00bb{}\u00bb follow_button=\u00bboff\u00bb url_new_window=\u00bbon\u00bb]instagram[\/et_pb_social_media_follow_network][\/et_pb_social_media_follow][\/et_pb_column][\/et_pb_row][\/et_pb_section]<\/p>\n","protected":false},"excerpt":{"rendered":"<p>Mar\u00edlia Garcia(R\u00edo de Janeiro, Brasil, 1979) \u00a0Poeta y traductora. Vive actualmente en San Pablo. Autora de algunos poemarios, como Expedici\u00f3n: nebulosa (Salta el Pez, trad. Gerardo Jorge, 2023) y Parque [&hellip;]<\/p>\n","protected":false},"author":138435,"featured_media":0,"parent":0,"menu_order":0,"comment_status":"closed","ping_status":"closed","template":"","meta":{"_acf_changed":false,"_et_pb_use_builder":"on","_et_pb_old_content":"","_et_gb_content_width":"","footnotes":""},"class_list":["post-1107","page","type-page","status-publish","hentry"],"acf":[],"yoast_head":"<!-- This site is optimized with the Yoast SEO plugin v27.2 - https:\/\/yoast.com\/product\/yoast-seo-wordpress\/ -->\n<title>Mar\u00edlia Garcia - Festival Internacional de Poes\u00eda de Rosario<\/title>\n<meta name=\"robots\" content=\"index, follow, max-snippet:-1, max-image-preview:large, max-video-preview:-1\" \/>\n<link rel=\"canonical\" href=\"https:\/\/www.santafe.gob.ar\/ms\/fipr\/marilia-garcia\/\" \/>\n<meta property=\"og:locale\" content=\"es_ES\" \/>\n<meta property=\"og:type\" content=\"article\" \/>\n<meta property=\"og:title\" content=\"Mar\u00edlia Garcia - Festival Internacional de Poes\u00eda de Rosario\" \/>\n<meta property=\"og:description\" content=\"Mar\u00edlia Garcia(R\u00edo de Janeiro, Brasil, 1979) \u00a0Poeta y traductora. Vive actualmente en San Pablo. Autora de algunos poemarios, como Expedici\u00f3n: nebulosa (Salta el Pez, trad. Gerardo Jorge, 2023) y Parque [&hellip;]\" \/>\n<meta property=\"og:url\" content=\"https:\/\/www.santafe.gob.ar\/ms\/fipr\/marilia-garcia\/\" \/>\n<meta property=\"og:site_name\" content=\"Festival Internacional de Poes\u00eda de Rosario\" \/>\n<meta property=\"article:modified_time\" content=\"2025-11-11T10:36:34+00:00\" \/>\n<meta name=\"twitter:card\" content=\"summary_large_image\" \/>\n<meta name=\"twitter:label1\" content=\"Tiempo de lectura\" \/>\n\t<meta name=\"twitter:data1\" content=\"9 minutos\" \/>\n<script type=\"application\/ld+json\" class=\"yoast-schema-graph\">{\"@context\":\"https:\/\/schema.org\",\"@graph\":[{\"@type\":\"WebPage\",\"@id\":\"https:\/\/www.santafe.gob.ar\/ms\/fipr\/marilia-garcia\/\",\"url\":\"https:\/\/www.santafe.gob.ar\/ms\/fipr\/marilia-garcia\/\",\"name\":\"Mar\u00edlia Garcia - Festival Internacional de Poes\u00eda de Rosario\",\"isPartOf\":{\"@id\":\"https:\/\/www.santafe.gob.ar\/ms\/fipr\/#website\"},\"datePublished\":\"2025-11-08T21:29:43+00:00\",\"dateModified\":\"2025-11-11T10:36:34+00:00\",\"breadcrumb\":{\"@id\":\"https:\/\/www.santafe.gob.ar\/ms\/fipr\/marilia-garcia\/#breadcrumb\"},\"inLanguage\":\"es\",\"potentialAction\":[{\"@type\":\"ReadAction\",\"target\":[\"https:\/\/www.santafe.gob.ar\/ms\/fipr\/marilia-garcia\/\"]}]},{\"@type\":\"BreadcrumbList\",\"@id\":\"https:\/\/www.santafe.gob.ar\/ms\/fipr\/marilia-garcia\/#breadcrumb\",\"itemListElement\":[{\"@type\":\"ListItem\",\"position\":1,\"name\":\"Portada\",\"item\":\"https:\/\/www.santafe.gob.ar\/ms\/fipr\/\"},{\"@type\":\"ListItem\",\"position\":2,\"name\":\"Mar\u00edlia Garcia\"}]},{\"@type\":\"WebSite\",\"@id\":\"https:\/\/www.santafe.gob.ar\/ms\/fipr\/#website\",\"url\":\"https:\/\/www.santafe.gob.ar\/ms\/fipr\/\",\"name\":\"Festival Internacional de Poes\u00eda de Rosario\",\"description\":\"\",\"potentialAction\":[{\"@type\":\"SearchAction\",\"target\":{\"@type\":\"EntryPoint\",\"urlTemplate\":\"https:\/\/www.santafe.gob.ar\/ms\/fipr\/?s={search_term_string}\"},\"query-input\":{\"@type\":\"PropertyValueSpecification\",\"valueRequired\":true,\"valueName\":\"search_term_string\"}}],\"inLanguage\":\"es\"}]}<\/script>\n<!-- \/ Yoast SEO plugin. -->","yoast_head_json":{"title":"Mar\u00edlia Garcia - Festival Internacional de Poes\u00eda de Rosario","robots":{"index":"index","follow":"follow","max-snippet":"max-snippet:-1","max-image-preview":"max-image-preview:large","max-video-preview":"max-video-preview:-1"},"canonical":"https:\/\/www.santafe.gob.ar\/ms\/fipr\/marilia-garcia\/","og_locale":"es_ES","og_type":"article","og_title":"Mar\u00edlia Garcia - Festival Internacional de Poes\u00eda de Rosario","og_description":"Mar\u00edlia Garcia(R\u00edo de Janeiro, Brasil, 1979) \u00a0Poeta y traductora. Vive actualmente en San Pablo. Autora de algunos poemarios, como Expedici\u00f3n: nebulosa (Salta el Pez, trad. Gerardo Jorge, 2023) y Parque [&hellip;]","og_url":"https:\/\/www.santafe.gob.ar\/ms\/fipr\/marilia-garcia\/","og_site_name":"Festival Internacional de Poes\u00eda de Rosario","article_modified_time":"2025-11-11T10:36:34+00:00","twitter_card":"summary_large_image","twitter_misc":{"Tiempo de lectura":"9 minutos"},"schema":{"@context":"https:\/\/schema.org","@graph":[{"@type":"WebPage","@id":"https:\/\/www.santafe.gob.ar\/ms\/fipr\/marilia-garcia\/","url":"https:\/\/www.santafe.gob.ar\/ms\/fipr\/marilia-garcia\/","name":"Mar\u00edlia Garcia - Festival Internacional de Poes\u00eda de Rosario","isPartOf":{"@id":"https:\/\/www.santafe.gob.ar\/ms\/fipr\/#website"},"datePublished":"2025-11-08T21:29:43+00:00","dateModified":"2025-11-11T10:36:34+00:00","breadcrumb":{"@id":"https:\/\/www.santafe.gob.ar\/ms\/fipr\/marilia-garcia\/#breadcrumb"},"inLanguage":"es","potentialAction":[{"@type":"ReadAction","target":["https:\/\/www.santafe.gob.ar\/ms\/fipr\/marilia-garcia\/"]}]},{"@type":"BreadcrumbList","@id":"https:\/\/www.santafe.gob.ar\/ms\/fipr\/marilia-garcia\/#breadcrumb","itemListElement":[{"@type":"ListItem","position":1,"name":"Portada","item":"https:\/\/www.santafe.gob.ar\/ms\/fipr\/"},{"@type":"ListItem","position":2,"name":"Mar\u00edlia Garcia"}]},{"@type":"WebSite","@id":"https:\/\/www.santafe.gob.ar\/ms\/fipr\/#website","url":"https:\/\/www.santafe.gob.ar\/ms\/fipr\/","name":"Festival Internacional de Poes\u00eda de Rosario","description":"","potentialAction":[{"@type":"SearchAction","target":{"@type":"EntryPoint","urlTemplate":"https:\/\/www.santafe.gob.ar\/ms\/fipr\/?s={search_term_string}"},"query-input":{"@type":"PropertyValueSpecification","valueRequired":true,"valueName":"search_term_string"}}],"inLanguage":"es"}]}},"_links":{"self":[{"href":"https:\/\/www.santafe.gob.ar\/ms\/fipr\/wp-json\/wp\/v2\/pages\/1107","targetHints":{"allow":["GET"]}}],"collection":[{"href":"https:\/\/www.santafe.gob.ar\/ms\/fipr\/wp-json\/wp\/v2\/pages"}],"about":[{"href":"https:\/\/www.santafe.gob.ar\/ms\/fipr\/wp-json\/wp\/v2\/types\/page"}],"author":[{"embeddable":true,"href":"https:\/\/www.santafe.gob.ar\/ms\/fipr\/wp-json\/wp\/v2\/users\/138435"}],"replies":[{"embeddable":true,"href":"https:\/\/www.santafe.gob.ar\/ms\/fipr\/wp-json\/wp\/v2\/comments?post=1107"}],"version-history":[{"count":9,"href":"https:\/\/www.santafe.gob.ar\/ms\/fipr\/wp-json\/wp\/v2\/pages\/1107\/revisions"}],"predecessor-version":[{"id":1675,"href":"https:\/\/www.santafe.gob.ar\/ms\/fipr\/wp-json\/wp\/v2\/pages\/1107\/revisions\/1675"}],"wp:attachment":[{"href":"https:\/\/www.santafe.gob.ar\/ms\/fipr\/wp-json\/wp\/v2\/media?parent=1107"}],"curies":[{"name":"wp","href":"https:\/\/api.w.org\/{rel}","templated":true}]}}