{"id":1133,"date":"2025-11-08T21:28:21","date_gmt":"2025-11-08T20:28:21","guid":{"rendered":"https:\/\/www.santafe.gob.ar\/ms\/fipr\/?page_id=1133"},"modified":"2025-11-11T12:13:35","modified_gmt":"2025-11-11T11:13:35","slug":"propuestas-formativas","status":"publish","type":"page","link":"https:\/\/www.santafe.gob.ar\/ms\/fipr\/propuestas-formativas\/","title":{"rendered":"Propuestas Formativas"},"content":{"rendered":"<p>[et_pb_section fb_built=\u00bb1&#8243; admin_label=\u00bbHeader\u00bb _builder_version=\u00bb4.19.0&#8243; _module_preset=\u00bbdefault\u00bb background_color=\u00bb#063A29&#8243; background_image=\u00bbhttps:\/\/www.santafe.gob.ar\/ms\/fipr\/wp-content\/uploads\/sites\/88\/2025\/11\/banner-formacion.jpg\u00bb background_position=\u00bbbottom_right\u00bb background_horizontal_offset=\u00bb0%\u00bb background_vertical_offset=\u00bb0%\u00bb background_blend=\u00bbmultiply\u00bb width_tablet=\u00bb\u00bb width_phone=\u00bb\u00bb width_last_edited=\u00bbon|desktop\u00bb min_height=\u00bb500px\u00bb custom_margin=\u00bb0px||||false|false\u00bb custom_padding=\u00bb49px||0px||false|false\u00bb background_last_edited=\u00bbon|phone\u00bb background_size_phone=\u00bbcustom\u00bb background_image_width_phone=\u00bb700px\u00bb collapsed=\u00bbon\u00bb global_colors_info=\u00bb{}\u00bb][et_pb_row column_structure=\u00bb1_2,1_2&#8243; make_equal=\u00bbon\u00bb _builder_version=\u00bb4.19.0&#8243; _module_preset=\u00bbdefault\u00bb custom_padding=\u00bb0px||||false|false\u00bb global_colors_info=\u00bb{}\u00bb][et_pb_column type=\u00bb1_2&#8243; admin_label=\u00bbColumna\u00bb _builder_version=\u00bb4.19.0&#8243; _module_preset=\u00bbdefault\u00bb custom_padding=\u00bb5%||||false|false\u00bb global_colors_info=\u00bb{}\u00bb][et_pb_text _builder_version=\u00bb4.19.0&#8243; _module_preset=\u00bbc16985e1-e0d6-4022-964d-e2bfc04fa633&#8243; header_font=\u00bbKrona One||||||||\u00bb header_text_color=\u00bb#063A29&#8243; header_font_size=\u00bb10em\u00bb header_line_height=\u00bb1.4em\u00bb header_2_text_color=\u00bb#FFAAD9&#8243; header_2_font_size=\u00bb72px\u00bb custom_margin=\u00bb0px||||false|false\u00bb custom_padding=\u00bb0px||||false|false\u00bb header_font_size_tablet=\u00bb40px\u00bb header_font_size_phone=\u00bb60px\u00bb header_font_size_last_edited=\u00bbon|desktop\u00bb header_2_font_size_tablet=\u00bb72px\u00bb header_2_font_size_phone=\u00bb47px\u00bb header_2_font_size_last_edited=\u00bbon|phone\u00bb global_colors_info=\u00bb{}\u00bb]<\/p>\n<h2>Propuestas Formativas<\/h2>\n<p>[\/et_pb_text][\/et_pb_column][et_pb_column type=\u00bb1_2&#8243; admin_label=\u00bbColumna\u00bb _builder_version=\u00bb4.17.4&#8243; _module_preset=\u00bbdefault\u00bb global_colors_info=\u00bb{}\u00bb][\/et_pb_column][\/et_pb_row][\/et_pb_section][et_pb_section fb_built=\u00bb1&#8243; _builder_version=\u00bb4.19.0&#8243; _module_preset=\u00bbdefault\u00bb global_colors_info=\u00bb{}\u00bb][et_pb_row _builder_version=\u00bb4.19.0&#8243; _module_preset=\u00bbdefault\u00bb global_colors_info=\u00bb{}\u00bb][et_pb_column type=\u00bb4_4&#8243; _builder_version=\u00bb4.19.0&#8243; _module_preset=\u00bbdefault\u00bb global_colors_info=\u00bb{}\u00bb][et_pb_text _builder_version=\u00bb4.19.0&#8243; _module_preset=\u00bbdefault\u00bb text_text_color=\u00bb#121212&#8243; text_font_size=\u00bb18px\u00bb text_line_height=\u00bb1.9em\u00bb global_colors_info=\u00bb{}\u00bb]<span style=\"font-weight: 400\">El Festival es un evento para escuchar poes\u00eda, pero tambi\u00e9n un lugar de encuentro y formaci\u00f3n. Adem\u00e1s de ofrecer lecturas y performances, poetas de vasta trayectoria de Argentina, Latinoam\u00e9rica y el resto del mundo brindan charlas, cl\u00ednicas de obra y talleres.<\/span><br \/>\n[\/et_pb_text][\/et_pb_column][\/et_pb_row][\/et_pb_section][et_pb_section fb_built=\u00bb1&#8243; admin_label=\u00bbmodulos\u00bb _builder_version=\u00bb4.19.0&#8243; background_image=\u00bbhttps:\/\/www.santafe.gob.ar\/ms\/fipr\/wp-content\/uploads\/sites\/88\/2025\/10\/art-gallery-55.jpg\u00bb background_size=\u00bbinitial\u00bb background_repeat=\u00bbrepeat\u00bb custom_margin=\u00bb0px||0px||false|false\u00bb custom_padding=\u00bb0px||||false|false\u00bb global_colors_info=\u00bb{}\u00bb][et_pb_row _builder_version=\u00bb4.19.0&#8243; _module_preset=\u00bbdefault\u00bb custom_padding=\u00bb0px|||||\u00bb global_colors_info=\u00bb{}\u00bb][et_pb_column type=\u00bb4_4&#8243; _builder_version=\u00bb4.19.0&#8243; _module_preset=\u00bbdefault\u00bb global_colors_info=\u00bb{}\u00bb][et_pb_text _builder_version=\u00bb4.19.0&#8243; _module_preset=\u00bbdefault\u00bb header_font_size=\u00bb40px\u00bb custom_padding=\u00bb0px|||||\u00bb global_colors_info=\u00bb{}\u00bb]<\/p>\n<h1>CL\u00cdNICA<\/h1>\n<p>[\/et_pb_text][et_pb_text _builder_version=\u00bb4.19.0&#8243; _module_preset=\u00bbdefault\u00bb global_colors_info=\u00bb{}\u00bb]<\/p>\n<ul>\n<li><b>Cl\u00ednica de Poes\u00eda, con Gabriel Reches<\/b><\/li>\n<\/ul>\n<p><i><span style=\"font-weight: 400\">Viernes 21 y S\u00e1bado 22, 10 h. CC Parque de Espa\u00f1a, Mediateca<\/span><\/i><\/p>\n<p><span style=\"font-weight: 400\">Es una de las instancias formativas tradicionales del FIPR. Bajo la coordinaci\u00f3n de poetas de reconocida trayectoria, los participantes reflexionan y trabajan sus textos de forma colectiva. Actividad con cupos limitados, inscripci\u00f3n previa y abierta a oyentes. <\/span><br \/>\n[\/et_pb_text][\/et_pb_column][\/et_pb_row][\/et_pb_section][et_pb_section fb_built=\u00bb1&#8243; admin_label=\u00bbmodulos\u00bb _builder_version=\u00bb4.19.0&#8243; background_image=\u00bbhttps:\/\/www.santafe.gob.ar\/ms\/fipr\/wp-content\/uploads\/sites\/88\/2025\/10\/art-gallery-55.jpg\u00bb background_size=\u00bbinitial\u00bb background_repeat=\u00bbrepeat\u00bb custom_margin=\u00bb0px||0px||false|false\u00bb custom_padding=\u00bb0px||||false|false\u00bb global_colors_info=\u00bb{}\u00bb][et_pb_row _builder_version=\u00bb4.19.0&#8243; _module_preset=\u00bbdefault\u00bb global_colors_info=\u00bb{}\u00bb][et_pb_column type=\u00bb4_4&#8243; _builder_version=\u00bb4.19.0&#8243; _module_preset=\u00bbdefault\u00bb global_colors_info=\u00bb{}\u00bb][et_pb_text _builder_version=\u00bb4.19.0&#8243; _module_preset=\u00bbdefault\u00bb header_font_size=\u00bb40px\u00bb global_colors_info=\u00bb{}\u00bb]<\/p>\n<h1>TALLER<\/h1>\n<p>[\/et_pb_text][\/et_pb_column][\/et_pb_row][et_pb_row _builder_version=\u00bb4.19.0&#8243; _module_preset=\u00bbdefault\u00bb custom_padding=\u00bb2px|||||\u00bb global_colors_info=\u00bb{}\u00bb][et_pb_column type=\u00bb4_4&#8243; _builder_version=\u00bb4.19.0&#8243; _module_preset=\u00bbdefault\u00bb global_colors_info=\u00bb{}\u00bb][et_pb_text _builder_version=\u00bb4.19.0&#8243; _module_preset=\u00bbdefault\u00bb global_colors_info=\u00bb{}\u00bb]<\/p>\n<ul>\n<li><b>Canciones hermanas. Escritura colectiva y reciclaje, con Violeta Castillo\u00a0<\/b><b><\/b><\/li>\n<\/ul>\n<p><i><span style=\"font-weight: 400\">S\u00e1bado 22, 11 h. Plataforma Lavard\u00e9n, Petit Sal\u00f3n (2do. piso)<\/span><\/i><\/p>\n<p><span style=\"font-weight: 400\">La m\u00fasica, actriz y artista de foley Violeta Castillo, propone trabajar con la idea de reciclaje a partir de un ejercicio de escritura colectiva, la asociaci\u00f3n libre y el azar, animarse a tomar las palabras de los otros para encontrar un mensaje y darle forma de canci\u00f3n. Actividad con inscripci\u00f3n previa.<\/span><br \/>\n[\/et_pb_text][\/et_pb_column][\/et_pb_row][\/et_pb_section][et_pb_section fb_built=\u00bb1&#8243; admin_label=\u00bbmodulos\u00bb _builder_version=\u00bb4.19.0&#8243; background_image=\u00bbhttps:\/\/www.santafe.gob.ar\/ms\/fipr\/wp-content\/uploads\/sites\/88\/2025\/10\/art-gallery-55.jpg\u00bb background_size=\u00bbinitial\u00bb background_repeat=\u00bbrepeat\u00bb custom_margin=\u00bb0px||0px||false|false\u00bb custom_padding=\u00bb0px||||false|false\u00bb global_colors_info=\u00bb{}\u00bb][et_pb_row _builder_version=\u00bb4.19.0&#8243; _module_preset=\u00bbdefault\u00bb custom_padding=\u00bb2px|||||\u00bb global_colors_info=\u00bb{}\u00bb][et_pb_column type=\u00bb4_4&#8243; _builder_version=\u00bb4.19.0&#8243; _module_preset=\u00bbdefault\u00bb global_colors_info=\u00bb{}\u00bb][et_pb_text _builder_version=\u00bb4.19.0&#8243; _module_preset=\u00bbdefault\u00bb header_font_size=\u00bb40px\u00bb global_colors_info=\u00bb{}\u00bb]<\/p>\n<h1 style=\"text-align: left\">CONVERSACIONES<\/h1>\n<p>[\/et_pb_text][et_pb_text _builder_version=\u00bb4.19.0&#8243; _module_preset=\u00bbdefault\u00bb global_colors_info=\u00bb{}\u00bb]<\/p>\n<ul>\n<li><b>Gu\u00eda de viaje entre dos lenguas. Ir, volver y volver a ir entre el portugu\u00e9s y otra parte<\/b><span style=\"font-weight: 400\">\u00a0<\/span><\/li>\n<\/ul>\n<p><i><span style=\"font-weight: 400\">Viernes 21, 10:30 h. Centro Cultural Parque de Espa\u00f1a, T\u00fanel 4<\/span><\/i><\/p>\n<p><span style=\"font-weight: 400\">La poeta y traductora brasile\u00f1a <b>Mar\u00edlia Garcia<\/b> reflexiona sobre el lenguaje como configurador del poema y la transformaci\u00f3n de la escritura en el cruce de fronteras idiom\u00e1ticas. Coordina Paola Santi Kremer.<\/span><\/p>\n<ul>\n<li><span style=\"font-weight: 400\"><b>\u00bfC\u00f3mo piensa el poema?<\/b><\/span><\/li>\n<\/ul>\n<p><span style=\"font-weight: 400\">Viernes 21, 11:30 h. Centro Cultural Parque de Espa\u00f1a, T\u00fanel 4<br \/>\nEn esta conferencia, el poeta y ling\u00fcista peruano <strong>Mario Montalbetti<\/strong> indaga en la potencia del poema como espacio de excepci\u00f3n, donde el lenguaje interrumpe su funcionamiento convencional y el sentido com\u00fan queda en suspenso.<\/span><\/p>\n<ul>\n<li><span style=\"font-weight: 400\"><b>Imaginaci\u00f3n po\u00e9tica e imaginaci\u00f3n pol\u00edtica. Poes\u00eda y pol\u00edtica en el siglo XXI<\/b><\/span><\/li>\n<\/ul>\n<p><i><span style=\"font-weight: 400\">Viernes 21, 16 h. Cultural Fontanarrosa, Hall<\/span><\/i><\/p>\n<p><span style=\"font-weight: 400\">No hay una forma po\u00e9tica preestablecida para lo pol\u00edtico: si nuestra vida, nuestras ideas y nuestras luchas cambian, lo pol\u00edtico tiene que encontrar cada vez una forma nueva, y la forma una pol\u00edtica. Franco Boczkowski, Mat\u00edas Heer, Pilar Otero, Violeta Kesselman y Walter Lezcano reflexionan sobre los v\u00ednculos entre la poes\u00eda y la pol\u00edtica como potencia transformadora.<\/span><\/p>\n<ul>\n<li><span style=\"font-weight: 400\"><b>Foro sobre poes\u00eda y lenguas en contacto<\/b><\/span><\/li>\n<\/ul>\n<p><i><span style=\"font-weight: 400\">S\u00e1bado 22. Cultural Fontanarrosa, Hall<\/span><\/i><\/p>\n<p><i><span style=\"font-weight: 400\">16 h. <\/span><\/i><b>Lengua Madre. Poes\u00eda y lenguas originarias americanas.<\/b><span style=\"font-weight: 400\"> Ruperta P\u00e9rez y Lara Pellegrini (qom l&#8217;aqtac), Viviana Ayilef (mapudungun) y Javier Cazal (guaran\u00ed) comparten sus experiencias, saberes y pr\u00e1cticas ling\u00fc\u00edsticas. Un espacio atravesado por la glotopol\u00edtica y las pol\u00edticas ling\u00fc\u00edsticas, centrado en las experiencias personales y las cosmovisiones est\u00e9ticas de los poetas participantes.<\/span><\/p>\n<p><span style=\"font-weight: 400\"><i>17 h.<\/i> <strong>Oralidad y escritura, entre el gallego, el espa\u00f1ol y el castrapo<\/strong>. Lenguas normadas y dialectos rurales conviven y se tensionan en la po\u00e9tica de Luz Pichel. La poeta y fil\u00f3loga gallega reflexiona sobre la lengua como territorio afectivo, pol\u00edtico y est\u00e9tico, atravesado por migraciones, memorias y resistencias. Coordina \u00c9rica Brasca.<\/span><\/p>\n<ul>\n<li><span style=\"font-weight: 400\"><b>Escenas de poes\u00eda. Conversaciones sobre gesti\u00f3n, difusi\u00f3n y edici\u00f3n de poes\u00eda en Argentina<\/b><\/span><\/li>\n<\/ul>\n<p><i><span style=\"font-weight: 400\">S\u00e1bado 22. Biblioteca Argentina, Sala Gorodischer (4to piso)<\/span><\/i><\/p>\n<p><i><span style=\"font-weight: 400\">10 h<\/span><\/i><span style=\"font-weight: 400\">. <\/span><b>Escenas locales y redes nacionales.<\/b><span style=\"font-weight: 400\"> Seis poetas-editores y poetas-gestores de diferentes partes del pa\u00eds conversan sobre el circuito de la poes\u00eda en sus ciudades de origen. Con la participaci\u00f3n de Alejandra Sagu\u00ed (Bah\u00eda Blanca), Claudio C. Rosales (Mendoza), Fontourax (Formosa), Luisina Valenti (Rafaela), Mar\u00eda Victoria Rittiner Basaez (Santa Fe) y Marlene Ayala (San Luis).<\/span><\/p>\n<p><span style=\"font-weight: 400\"><i>11:30 h.<\/i> <strong>Homenaje a Daniel Samoilovich, creador y director del diario de poes\u00eda<\/strong>. Mart\u00edn Prieto y Daniel Garcia Helder, integrantes del primer consejo de redacci\u00f3n del <i>Diario de poes\u00eda<\/i>, dialogan sobre la obra de Daniel Samoilovich, alma mater del proyecto. Coordina Nora Avaro.<\/span><\/p>\n<p>&nbsp;<br \/>\n[\/et_pb_text][\/et_pb_column][\/et_pb_row][\/et_pb_section]<\/p>\n","protected":false},"excerpt":{"rendered":"<p>Propuestas Formativas El Festival es un evento para escuchar poes\u00eda, pero tambi\u00e9n un lugar de encuentro y formaci\u00f3n. Adem\u00e1s de ofrecer lecturas y performances, poetas de vasta trayectoria de Argentina, [&hellip;]<\/p>\n","protected":false},"author":138434,"featured_media":0,"parent":0,"menu_order":0,"comment_status":"closed","ping_status":"closed","template":"","meta":{"_acf_changed":false,"_et_pb_use_builder":"on","_et_pb_old_content":"","_et_gb_content_width":"","footnotes":""},"class_list":["post-1133","page","type-page","status-publish","hentry"],"acf":[],"yoast_head":"<!-- This site is optimized with the Yoast SEO plugin v27.2 - https:\/\/yoast.com\/product\/yoast-seo-wordpress\/ -->\n<title>Propuestas Formativas - Festival Internacional de Poes\u00eda de Rosario<\/title>\n<meta name=\"robots\" content=\"index, follow, max-snippet:-1, max-image-preview:large, max-video-preview:-1\" \/>\n<link rel=\"canonical\" href=\"https:\/\/www.santafe.gob.ar\/ms\/fipr\/propuestas-formativas\/\" \/>\n<meta property=\"og:locale\" content=\"es_ES\" \/>\n<meta property=\"og:type\" content=\"article\" \/>\n<meta property=\"og:title\" content=\"Propuestas Formativas - Festival Internacional de Poes\u00eda de Rosario\" \/>\n<meta property=\"og:description\" content=\"Propuestas Formativas El Festival es un evento para escuchar poes\u00eda, pero tambi\u00e9n un lugar de encuentro y formaci\u00f3n. Adem\u00e1s de ofrecer lecturas y performances, poetas de vasta trayectoria de Argentina, [&hellip;]\" \/>\n<meta property=\"og:url\" content=\"https:\/\/www.santafe.gob.ar\/ms\/fipr\/propuestas-formativas\/\" \/>\n<meta property=\"og:site_name\" content=\"Festival Internacional de Poes\u00eda de Rosario\" \/>\n<meta property=\"article:modified_time\" content=\"2025-11-11T11:13:35+00:00\" \/>\n<meta name=\"twitter:card\" content=\"summary_large_image\" \/>\n<meta name=\"twitter:label1\" content=\"Tiempo de lectura\" \/>\n\t<meta name=\"twitter:data1\" content=\"7 minutos\" \/>\n<script type=\"application\/ld+json\" class=\"yoast-schema-graph\">{\"@context\":\"https:\/\/schema.org\",\"@graph\":[{\"@type\":\"WebPage\",\"@id\":\"https:\/\/www.santafe.gob.ar\/ms\/fipr\/propuestas-formativas\/\",\"url\":\"https:\/\/www.santafe.gob.ar\/ms\/fipr\/propuestas-formativas\/\",\"name\":\"Propuestas Formativas - Festival Internacional de Poes\u00eda de Rosario\",\"isPartOf\":{\"@id\":\"https:\/\/www.santafe.gob.ar\/ms\/fipr\/#website\"},\"datePublished\":\"2025-11-08T20:28:21+00:00\",\"dateModified\":\"2025-11-11T11:13:35+00:00\",\"breadcrumb\":{\"@id\":\"https:\/\/www.santafe.gob.ar\/ms\/fipr\/propuestas-formativas\/#breadcrumb\"},\"inLanguage\":\"es\",\"potentialAction\":[{\"@type\":\"ReadAction\",\"target\":[\"https:\/\/www.santafe.gob.ar\/ms\/fipr\/propuestas-formativas\/\"]}]},{\"@type\":\"BreadcrumbList\",\"@id\":\"https:\/\/www.santafe.gob.ar\/ms\/fipr\/propuestas-formativas\/#breadcrumb\",\"itemListElement\":[{\"@type\":\"ListItem\",\"position\":1,\"name\":\"Portada\",\"item\":\"https:\/\/www.santafe.gob.ar\/ms\/fipr\/\"},{\"@type\":\"ListItem\",\"position\":2,\"name\":\"Propuestas Formativas\"}]},{\"@type\":\"WebSite\",\"@id\":\"https:\/\/www.santafe.gob.ar\/ms\/fipr\/#website\",\"url\":\"https:\/\/www.santafe.gob.ar\/ms\/fipr\/\",\"name\":\"Festival Internacional de Poes\u00eda de Rosario\",\"description\":\"\",\"potentialAction\":[{\"@type\":\"SearchAction\",\"target\":{\"@type\":\"EntryPoint\",\"urlTemplate\":\"https:\/\/www.santafe.gob.ar\/ms\/fipr\/?s={search_term_string}\"},\"query-input\":{\"@type\":\"PropertyValueSpecification\",\"valueRequired\":true,\"valueName\":\"search_term_string\"}}],\"inLanguage\":\"es\"}]}<\/script>\n<!-- \/ Yoast SEO plugin. -->","yoast_head_json":{"title":"Propuestas Formativas - Festival Internacional de Poes\u00eda de Rosario","robots":{"index":"index","follow":"follow","max-snippet":"max-snippet:-1","max-image-preview":"max-image-preview:large","max-video-preview":"max-video-preview:-1"},"canonical":"https:\/\/www.santafe.gob.ar\/ms\/fipr\/propuestas-formativas\/","og_locale":"es_ES","og_type":"article","og_title":"Propuestas Formativas - Festival Internacional de Poes\u00eda de Rosario","og_description":"Propuestas Formativas El Festival es un evento para escuchar poes\u00eda, pero tambi\u00e9n un lugar de encuentro y formaci\u00f3n. Adem\u00e1s de ofrecer lecturas y performances, poetas de vasta trayectoria de Argentina, [&hellip;]","og_url":"https:\/\/www.santafe.gob.ar\/ms\/fipr\/propuestas-formativas\/","og_site_name":"Festival Internacional de Poes\u00eda de Rosario","article_modified_time":"2025-11-11T11:13:35+00:00","twitter_card":"summary_large_image","twitter_misc":{"Tiempo de lectura":"7 minutos"},"schema":{"@context":"https:\/\/schema.org","@graph":[{"@type":"WebPage","@id":"https:\/\/www.santafe.gob.ar\/ms\/fipr\/propuestas-formativas\/","url":"https:\/\/www.santafe.gob.ar\/ms\/fipr\/propuestas-formativas\/","name":"Propuestas Formativas - Festival Internacional de Poes\u00eda de Rosario","isPartOf":{"@id":"https:\/\/www.santafe.gob.ar\/ms\/fipr\/#website"},"datePublished":"2025-11-08T20:28:21+00:00","dateModified":"2025-11-11T11:13:35+00:00","breadcrumb":{"@id":"https:\/\/www.santafe.gob.ar\/ms\/fipr\/propuestas-formativas\/#breadcrumb"},"inLanguage":"es","potentialAction":[{"@type":"ReadAction","target":["https:\/\/www.santafe.gob.ar\/ms\/fipr\/propuestas-formativas\/"]}]},{"@type":"BreadcrumbList","@id":"https:\/\/www.santafe.gob.ar\/ms\/fipr\/propuestas-formativas\/#breadcrumb","itemListElement":[{"@type":"ListItem","position":1,"name":"Portada","item":"https:\/\/www.santafe.gob.ar\/ms\/fipr\/"},{"@type":"ListItem","position":2,"name":"Propuestas Formativas"}]},{"@type":"WebSite","@id":"https:\/\/www.santafe.gob.ar\/ms\/fipr\/#website","url":"https:\/\/www.santafe.gob.ar\/ms\/fipr\/","name":"Festival Internacional de Poes\u00eda de Rosario","description":"","potentialAction":[{"@type":"SearchAction","target":{"@type":"EntryPoint","urlTemplate":"https:\/\/www.santafe.gob.ar\/ms\/fipr\/?s={search_term_string}"},"query-input":{"@type":"PropertyValueSpecification","valueRequired":true,"valueName":"search_term_string"}}],"inLanguage":"es"}]}},"_links":{"self":[{"href":"https:\/\/www.santafe.gob.ar\/ms\/fipr\/wp-json\/wp\/v2\/pages\/1133","targetHints":{"allow":["GET"]}}],"collection":[{"href":"https:\/\/www.santafe.gob.ar\/ms\/fipr\/wp-json\/wp\/v2\/pages"}],"about":[{"href":"https:\/\/www.santafe.gob.ar\/ms\/fipr\/wp-json\/wp\/v2\/types\/page"}],"author":[{"embeddable":true,"href":"https:\/\/www.santafe.gob.ar\/ms\/fipr\/wp-json\/wp\/v2\/users\/138434"}],"replies":[{"embeddable":true,"href":"https:\/\/www.santafe.gob.ar\/ms\/fipr\/wp-json\/wp\/v2\/comments?post=1133"}],"version-history":[{"count":18,"href":"https:\/\/www.santafe.gob.ar\/ms\/fipr\/wp-json\/wp\/v2\/pages\/1133\/revisions"}],"predecessor-version":[{"id":1709,"href":"https:\/\/www.santafe.gob.ar\/ms\/fipr\/wp-json\/wp\/v2\/pages\/1133\/revisions\/1709"}],"wp:attachment":[{"href":"https:\/\/www.santafe.gob.ar\/ms\/fipr\/wp-json\/wp\/v2\/media?parent=1133"}],"curies":[{"name":"wp","href":"https:\/\/api.w.org\/{rel}","templated":true}]}}