{"id":1156,"date":"2025-11-08T22:43:07","date_gmt":"2025-11-08T21:43:07","guid":{"rendered":"https:\/\/www.santafe.gob.ar\/ms\/fipr\/?page_id=1156"},"modified":"2025-11-11T11:42:47","modified_gmt":"2025-11-11T10:42:47","slug":"marlene-ayala","status":"publish","type":"page","link":"https:\/\/www.santafe.gob.ar\/ms\/fipr\/marlene-ayala\/","title":{"rendered":"Marlene Ayala"},"content":{"rendered":"<p>[et_pb_section fb_built=\u00bb1&#8243; custom_padding_last_edited=\u00bboff|desktop\u00bb admin_label=\u00bbHeader\u00bb _builder_version=\u00bb4.19.0&#8243; background_color_gradient_direction=\u00bb188deg\u00bb background_image=\u00bbhttps:\/\/www.santafe.gob.ar\/ms\/fipr\/wp-content\/uploads\/sites\/88\/2025\/11\/art-gallery-55.jpg\u00bb background_size=\u00bbinitial\u00bb background_repeat=\u00bbrepeat\u00bb width=\u00bb100%\u00bb custom_padding_tablet=\u00bb5vw||5vw||true\u00bb top_divider_style=\u00bbslant\u00bb top_divider_color=\u00bb#063A29&#8243; top_divider_height=\u00bb153px\u00bb top_divider_flip=\u00bbhorizontal\u00bb global_colors_info=\u00bb{}\u00bb][et_pb_row column_structure=\u00bb2_5,3_5&#8243; use_custom_gutter=\u00bbon\u00bb gutter_width=\u00bb2&#8243; make_equal=\u00bbon\u00bb admin_label=\u00bbFila\u00bb _builder_version=\u00bb4.19.0&#8243; use_custom_width=\u00bbon\u00bb width_unit=\u00bboff\u00bb custom_width_percent=\u00bb100%\u00bb locked=\u00bboff\u00bb global_colors_info=\u00bb{}\u00bb][et_pb_column type=\u00bb2_5&#8243; _builder_version=\u00bb4.16&#8243; custom_padding=\u00bb|||\u00bb global_colors_info=\u00bb{}\u00bb custom_padding__hover=\u00bb|||\u00bb][et_pb_text _builder_version=\u00bb4.19.0&#8243; text_font=\u00bbCrimson Pro||||||||\u00bb text_text_color=\u00bb#121212&#8243; text_font_size=\u00bb68px\u00bb text_line_height=\u00bb1em\u00bb header_font=\u00bb||||||||\u00bb header_2_font=\u00bbPrata|500|||||||\u00bb header_2_text_align=\u00bbleft\u00bb header_2_font_size=\u00bb56px\u00bb header_2_line_height=\u00bb1.3em\u00bb header_4_font=\u00bb|700|||||||\u00bb header_4_font_size=\u00bb20px\u00bb header_4_line_height=\u00bb1.2em\u00bb transform_translate_linked=\u00bboff\u00bb max_width=\u00bb100%\u00bb max_width_tablet=\u00bb70%\u00bb max_width_last_edited=\u00bboff|phone\u00bb hover_enabled=\u00bb0&#8243; text_font_size_tablet=\u00bb68px\u00bb text_font_size_phone=\u00bb42px\u00bb text_font_size_last_edited=\u00bbon|phone\u00bb header_2_font_size_tablet=\u00bb40px\u00bb header_2_font_size_phone=\u00bb26px\u00bb header_2_font_size_last_edited=\u00bbon|desktop\u00bb global_colors_info=\u00bb{}\u00bb sticky_enabled=\u00bb0&#8243;]<\/p>\n<p><strong>Marlene Ayala <\/strong><\/p>\n<p>[\/et_pb_text][et_pb_image src=\u00bbhttps:\/\/www.santafe.gob.ar\/ms\/fipr\/wp-content\/uploads\/sites\/88\/2025\/11\/0Marlene-Ayala-San-Luis-1991.jpg\u00bb title_text=\u00bb0Marlene Ayala (San Luis, 1991)\u00bb _builder_version=\u00bb4.19.0&#8243; _module_preset=\u00bbdefault\u00bb global_colors_info=\u00bb{}\u00bb][\/et_pb_image][\/et_pb_column][et_pb_column type=\u00bb3_5&#8243; _builder_version=\u00bb4.19.0&#8243; custom_padding=\u00bb51px||||false|false\u00bb global_colors_info=\u00bb{}\u00bb custom_padding__hover=\u00bb|||\u00bb][et_pb_text _builder_version=\u00bb4.19.0&#8243; text_font=\u00bb||||||||\u00bb header_font=\u00bb|700|||||||\u00bb header_font_size=\u00bb20px\u00bb header_line_height=\u00bb1.3em\u00bb header_2_font=\u00bb|700|||||||\u00bb header_2_font_size=\u00bb20px\u00bb header_2_line_height=\u00bb1.3em\u00bb header_3_font=\u00bb|700|||||||\u00bb header_3_font_size=\u00bb16px\u00bb header_3_line_height=\u00bb1.3em\u00bb custom_padding=\u00bb||7px|||\u00bb header_font_size_tablet=\u00bb\u00bb header_font_size_phone=\u00bb\u00bb header_font_size_last_edited=\u00bbon|desktop\u00bb locked=\u00bboff\u00bb global_colors_info=\u00bb{}\u00bb]<\/p>\n<p>(San Luis, 1991)<\/p>\n<p>\u00a0Es poeta, artista visual, editora y docente. Dirige Luz Futura Ediciones, sello dedicado a la poes\u00eda contempor\u00e1nea. Estudia la Maestr\u00eda en Humanidades Aumentadas en la UNR. Public\u00f3 <em>Family Game<\/em> (Perniciosa, 2016; reeditado por Matrerita, 2020, y MalViaje, 2023) y los fanzines <em>Macumbita<\/em> (2021), <em>Kaiju<\/em> (2023) y <em>Tuturrito<\/em> (2023). Como poeta digital, trabaja la relaci\u00f3n entre lenguaje, tecnolog\u00eda y cuerpo, con obras como <em>Consumo Consumaci\u00f3n<\/em> (2021), <em>Esta historia no est\u00e1 disponible<\/em> (2023) y <em>Sad Trash<\/em> (2023), seleccionada por la Wrong Biennale y la revista LiteLat. Particip\u00f3 en la primera Residencia del FIPR (2017), el Festival Poes\u00eda YA! (2023) y el 19\u00ba Festival Mundial de Poes\u00eda de Venezuela (2025). Su obra figura en revistas y antolog\u00edas como <em>DigoPalabra.TXT<\/em>, <em>Aura<\/em>, <em>Poetas Siglo XXI<\/em> y <em>Ni\u00f1ez<\/em> (Camalote, 2024).<\/p>\n<p>[\/et_pb_text][\/et_pb_column][\/et_pb_row][\/et_pb_section][et_pb_section fb_built=\u00bb1&#8243; admin_label=\u00bbpoemas\u00bb _builder_version=\u00bb4.19.0&#8243; custom_margin=\u00bb0px||||false|false\u00bb custom_padding=\u00bb0px||||false|false\u00bb global_colors_info=\u00bb{}\u00bb][et_pb_row custom_padding_last_edited=\u00bboff|phone\u00bb _builder_version=\u00bb4.16&#8243; background_position=\u00bbbottom_center\u00bb custom_padding_tablet=\u00bb17vw||17vw||false\u00bb use_custom_width=\u00bbon\u00bb width_unit=\u00bboff\u00bb custom_width_percent=\u00bb100%\u00bb locked=\u00bboff\u00bb global_colors_info=\u00bb{}\u00bb][et_pb_column type=\u00bb4_4&#8243; _builder_version=\u00bb4.16&#8243; custom_padding=\u00bb|||\u00bb global_colors_info=\u00bb{}\u00bb custom_padding__hover=\u00bb|||\u00bb][et_pb_text _builder_version=\u00bb4.19.0&#8243; text_font=\u00bb||||||||\u00bb text_font_size=\u00bb41px\u00bb header_font=\u00bb||||||||\u00bb header_font_size=\u00bb60px\u00bb header_2_font=\u00bbPrata|500|||||||\u00bb header_2_font_size=\u00bb56px\u00bb header_2_line_height=\u00bb1.3em\u00bb header_3_font=\u00bb|700||on|||||\u00bb header_3_text_color=\u00bbrgba(0,0,0,0.35)\u00bb header_3_font_size=\u00bb12px\u00bb header_3_letter_spacing=\u00bb5px\u00bb header_3_line_height=\u00bb2em\u00bb transform_translate_linked=\u00bboff\u00bb text_orientation=\u00bbcenter\u00bb max_width=\u00bb700px\u00bb max_width_tablet=\u00bb70%\u00bb max_width_last_edited=\u00bboff|phone\u00bb module_alignment=\u00bbcenter\u00bb header_2_font_size_tablet=\u00bb40px\u00bb header_2_font_size_phone=\u00bb26px\u00bb header_2_font_size_last_edited=\u00bbon|phone\u00bb header_3_font_size_phone=\u00bb10px\u00bb header_3_font_size_last_edited=\u00bboff|desktop\u00bb module_alignment_last_edited=\u00bboff|desktop\u00bb text_text_align=\u00bbcenter\u00bb inline_fonts=\u00bbCrimson Pro\u00bb global_colors_info=\u00bb{}\u00bb]<\/p>\n<h1>poemas<\/h1>\n<p>[\/et_pb_text][\/et_pb_column][\/et_pb_row][et_pb_row _builder_version=\u00bb4.19.0&#8243; _module_preset=\u00bbdefault\u00bb global_colors_info=\u00bb{}\u00bb][et_pb_column type=\u00bb4_4&#8243; _builder_version=\u00bb4.19.0&#8243; _module_preset=\u00bbdefault\u00bb global_colors_info=\u00bb{}\u00bb][et_pb_accordion _builder_version=\u00bb4.19.0&#8243; _module_preset=\u00bbdefault\u00bb global_colors_info=\u00bb{}\u00bb][et_pb_accordion_item title=\u00bbmadre\u00bb open=\u00bbon\u00bb _builder_version=\u00bb4.19.0&#8243; _module_preset=\u00bbdefault\u00bb global_colors_info=\u00bb{}\u00bb]<\/p>\n<p><span>madre<\/span><\/p>\n<p><span>cada vez que leo un mensaje tuyo<\/span><\/p>\n<p><span>se abre en mi est\u00f3mago el agujero negro<\/span><\/p>\n<p><span>una abertura semicircular<\/span><\/p>\n<p><span>por donde crecen las legumbres que plantamos juntas<\/span><\/p>\n<p><span>y que se pudrieron porque las regabas demasiado<\/span><\/p>\n<p><span>me acuerdo de las grietas<\/span><\/p>\n<p><span>en la semilla<\/span><\/p>\n<p><span>el olor a descomposici\u00f3n<\/span><\/p>\n<p><span>los gusanos<\/span><\/p>\n<p><span>los dej\u00e1bamos as\u00ed siempre<\/span><\/p>\n<p><span>no es que de verdad me hubiese interesado<\/span><\/p>\n<p><span>alguna vez las plantas<\/span><\/p>\n<p><span>ver crecer un ser d\u00e9bilmente verde<\/span><\/p>\n<p><span>no es que me interesara demasiado<\/span><\/p>\n<p><span>sacarme un diez en ciencias naturales<\/span><\/p>\n<p><span>pero eso era lo que vos quer\u00edas<\/span><\/p>\n<p><span>insist\u00edas en que lo hici\u00e9ramos<\/span><\/p>\n<p><span>dec\u00edas <\/span><\/p>\n<p><span>no hay nada menos real<\/span><\/p>\n<p><span>que el presente<\/span><\/p>\n<p><span>no es que me interesara<\/span><\/p>\n<p><span>\u00a0<\/span><\/p>\n<p><span>madre<\/span><\/p>\n<p><span>cuando intento llorar<\/span><\/p>\n<p><span>las l\u00e1grimas me parecen de nuevo<\/span><\/p>\n<p><span>esos gusanitos que duermen agradablemente<\/span><\/p>\n<p><span>y por mucho tiempo<\/span><\/p>\n<p><span>en el algod\u00f3n<\/span><\/p>\n<p><span>y s\u00f3lo saben babear<\/span><\/p>\n<p><span>la coraza de la legumbre<\/span><\/p>\n<p><span>que primero era blanca<\/span><\/p>\n<p><span>y ahora <\/span><\/p>\n<p><span>cada d\u00eda m\u00e1s y m\u00e1s oscura<\/span><\/p>\n<p><span>me dec\u00edas entonces<\/span><\/p>\n<p><span>peque\u00f1a semillita<\/span><\/p>\n<p><span>y yo le dec\u00eda a mi legumbre<\/span><\/p>\n<p><span>huerfanita blanca<\/span><\/p>\n<p><span>yo s\u00e9 bien lo que se siente<\/span><\/p>\n<p><span>la asfixia del amor<\/span><\/p>\n<p><span>\u00a0<\/span><\/p>\n<p><span><\/span><\/p>\n<p><strong>(de <em>Family Game<\/em>, Perniciosa Ediciones 2016)<\/strong><\/p>\n<p>[\/et_pb_accordion_item][et_pb_accordion_item title=\u00bblas mujeres de mi familia\u00bb _builder_version=\u00bb4.19.0&#8243; _module_preset=\u00bbdefault\u00bb global_colors_info=\u00bb{}\u00bb open=\u00bboff\u00bb]<\/p>\n<p>las mujeres de mi familia<\/p>\n<p><span>no se hablan <\/span><\/p>\n<p><span>y si lo hacen <\/span><\/p>\n<p><span>muestran su lengua llena de escamas<\/span><\/p>\n<p><span>sonr\u00eden con los dientes afilados<\/span><\/p>\n<p><span>te sirven el t\u00e9<\/span><\/p>\n<p><span>te dicen<\/span><\/p>\n<p><span>ayer la vi a la hija del primo tal o<\/span><\/p>\n<p><span>el hijo de mi cu\u00f1ada o<\/span><\/p>\n<p><span>\u00bfviste c\u00f3mo estaba la casa?<\/span><\/p>\n<p><span>\u00a0<\/span><\/p>\n<p><span>las mujeres de mi familia <\/span><\/p>\n<p><span>est\u00e1n sentadas en la cocina <\/span><\/p>\n<p><span>se lavan las manos con cloro<\/span><\/p>\n<p><span>se pasan un mate<\/span><\/p>\n<p><span>limpian la bombilla<\/span><\/p>\n<p><span>con un trapo mojado con agua caliente<\/span><\/p>\n<p><span>se lamen la herida con violencia<\/span><\/p>\n<p><span>se lamen ah\u00ed<\/span><\/p>\n<p><span>entre el matrimonio arreglado<\/span><\/p>\n<p><span>y el golpe del marido<\/span><\/p>\n<p><span>\u00a0<\/span><\/p>\n<p><span>las mujeres de mi familia no se hablan<\/span><\/p>\n<p><span>y si lo hacen<\/span><\/p>\n<p><span>te ofrecen<\/span><\/p>\n<p><span>una caja de bombones<\/span><\/p>\n<p><span>llenos de veneno<\/span><\/p>\n<p><span>\u00a0<\/span><\/p>\n<p><span>\u00a0<\/span><\/p>\n<p><strong>(de <em>Family Game<\/em>, Perniciosa Ediciones 2016)<\/strong><\/p>\n<p>[\/et_pb_accordion_item][et_pb_accordion_item title=\u00bbLo que abandona el r\u00edo tras la crecida\u00bb _builder_version=\u00bb4.19.0&#8243; _module_preset=\u00bbdefault\u00bb global_colors_info=\u00bb{}\u00bb open=\u00bboff\u00bb]<\/p>\n<p>el delgado pelaje de<\/p>\n<p>un ternero flotando en el agua<\/p>\n<p>que lo mece<\/p>\n<p>lo coloca tibiamente entre las piedras<\/p>\n<p>&nbsp;<\/p>\n<p>peque\u00f1os gusanos habitan ahora<\/p>\n<p>la cuenca de sus ojos<\/p>\n<p>se resguardan entre la sangre fr\u00eda<\/p>\n<p>y lo que resta del cuero apenas blando<\/p>\n<p>&nbsp;<\/p>\n<p>un poco m\u00e1s all\u00e1<\/p>\n<p>la osamenta de un caballo cubierta de flores<\/p>\n<p>&nbsp;<\/p>\n<p>m\u00e1s ac\u00e1 latas de cerveza<\/p>\n<p>buscando refugio en los huecos de un tronco<\/p>\n<p>&nbsp;<\/p>\n<p>bolsas colgadas en los \u00e1rboles<\/p>\n<p>con restos de un asado<\/p>\n<p>&nbsp;<\/p>\n<p>el fuego que a\u00fan chispea entre las brasas<\/p>\n<p>estrellas en la tierra h\u00fameda<\/p>\n<p>&nbsp;<\/p>\n<p>una pareja recostada sobre un viejo manantial<\/p>\n<p>filma una paja en slow motion<\/p>\n<p>despu\u00e9s de espiar a las agathemeras<\/p>\n<p>copulando entre los restos de un algarrobo cubierto de hongos<\/p>\n<p>&nbsp;<\/p>\n<p>luego se lavan y secan<\/p>\n<p>con un trozo de servilleta que dice burguer king<\/p>\n<p>&nbsp;<\/p>\n<p>pececitos blancos corren espesos r\u00edo arriba<\/p>\n<p>bajo el eco de una cumbia<\/p>\n<p>brillando todav\u00eda entre las ramas<\/p>\n<p>&nbsp;<\/p>\n<p>&nbsp;<\/p>\n<p><strong>(de <em>Los d\u00edas inm\u00f3viles<\/em>, in\u00e9dito)<\/strong><\/p>\n<p>[\/et_pb_accordion_item][et_pb_accordion_item title=\u00bben la oficina de recursos humanos\u00bb _builder_version=\u00bb4.19.0&#8243; _module_preset=\u00bbdefault\u00bb global_colors_info=\u00bb{}\u00bb open=\u00bboff\u00bb]<\/p>\n<p>en la oficina de recursos humanos<\/p>\n<p>jugamos al counter strike durante el almuerzo<\/p>\n<p>&nbsp;<\/p>\n<p>nos preparamos media hora antes<\/p>\n<p>separamos de la heladera el jugo con la marca de la empresa<\/p>\n<p>llamamos al delivery y pedimos empanadas de jam\u00f3n y queso<\/p>\n<p>&nbsp;<\/p>\n<p>el ceo nos asigna un equipo<\/p>\n<p>en la corbata del ceo intuimos las reglas:<\/p>\n<p>nunca un terrorista le puede ganar a un antiterrorista<\/p>\n<p>nunca le dispares al ceo<\/p>\n<p>solo \u00e9l puede disparar al cuerpo<\/p>\n<p>entonces nos aflojamos las camisas<\/p>\n<p>nos limpiamos el sudor con las mangas<\/p>\n<p>disparamos al aire<\/p>\n<p>y esperamos<\/p>\n<p>el antiterrorist wins<\/p>\n<p>para decir gran juego jefe<\/p>\n<p>y volvemos a llenar planillas<\/p>\n<p>&nbsp;<\/p>\n<p>&nbsp;<\/p>\n<p><strong>(de <em>Pens\u00e1 mejor, viv\u00ed mejor, s\u00e9 mejor<\/em>, Diezmil cosas Editora)<\/strong><\/p>\n<p>[\/et_pb_accordion_item][et_pb_accordion_item title=\u00bbSi tuviera un hijo lo llevar\u00eda a ver un gorri\u00f3n boca abajo cubierto de hormigas\u00bb _builder_version=\u00bb4.19.0&#8243; _module_preset=\u00bbdefault\u00bb global_colors_info=\u00bb{}\u00bb open=\u00bboff\u00bb]<\/p>\n<p>la hormiga se levanta despu\u00e9s de que una r\u00e1faga la tire lejos de la fila<\/p>\n<p>no se distrae m\u00e1s que para unir sus antenas con otras hormigas<\/p>\n<p>les cuenta sus desdichas, advierte la fuerza del viento<\/p>\n<p>que m\u00e1s all\u00e1 le pareci\u00f3 oler una fruta ca\u00edda<\/p>\n<p>pero seguir\u00e1 llevando el pedazo de gorri\u00f3n<\/p>\n<p>har\u00e1 un t\u00fanel entre las plumas, algunas ir\u00e1n por los intestinos<\/p>\n<p>&nbsp;<\/p>\n<p>una hormiga carga sobre s\u00ed 50 veces su propio peso<\/p>\n<p>&nbsp;<\/p>\n<p>ella carga el coraz\u00f3n del gorri\u00f3n<\/p>\n<p>mientras otras se llevan flores<\/p>\n<p>&nbsp;<\/p>\n<p>todos elegimos lo que queremos cargar sobre nuestros hombros<\/p>\n<p>para todos soplar\u00e1 alguna vez el viento<\/p>\n<p>o caer\u00e1 sobre nosotros una pisada<\/p>\n<p>&nbsp;<\/p>\n<p>al final del d\u00eda nos veremos<\/p>\n<p>a trav\u00e9s de una gota de lluvia<\/p>\n<p>a trav\u00e9s de todo lo que llevamos<\/p>\n<p>a nuestro hormiguero<\/p>\n<p>&nbsp;<\/p>\n<p>&nbsp;<\/p>\n<p><strong>(de <em>Los d\u00edas inm\u00f3viles<\/em>, in\u00e9dito)<\/strong><\/p>\n<p>[\/et_pb_accordion_item][\/et_pb_accordion][\/et_pb_column][\/et_pb_row][\/et_pb_section][et_pb_section fb_built=\u00bb1&#8243; admin_label=\u00bbcontacto\u00bb _builder_version=\u00bb4.19.0&#8243; background_size=\u00bbinitial\u00bb background_repeat=\u00bbrepeat-y\u00bb custom_padding=\u00bb0px|||||\u00bb saved_tabs=\u00bball\u00bb locked=\u00bboff\u00bb global_colors_info=\u00bb{}\u00bb][et_pb_row disabled_on=\u00bbon|on|on\u00bb _builder_version=\u00bb4.19.0&#8243; width=\u00bb74%\u00bb custom_margin=\u00bb|auto||auto|false|false\u00bb custom_padding=\u00bb||||false|false\u00bb border_width_top=\u00bb2px\u00bb disabled=\u00bbon\u00bb global_colors_info=\u00bb{}\u00bb][et_pb_column type=\u00bb4_4&#8243; _builder_version=\u00bb4.19.0&#8243; custom_padding=\u00bb|||\u00bb global_colors_info=\u00bb{}\u00bb custom_padding__hover=\u00bb|||\u00bb][et_pb_social_media_follow _builder_version=\u00bb4.19.0&#8243; text_orientation=\u00bbcenter\u00bb custom_margin=\u00bb-20px|||-10px\u00bb custom_margin_tablet=\u00bb\u00bb custom_margin_phone=\u00bb-20px||\u00bb custom_margin_last_edited=\u00bbon|desktop\u00bb filter_invert=\u00bb100%\u00bb locked=\u00bboff\u00bb global_colors_info=\u00bb{}\u00bb icon_color__hover=\u00bb#e02b20&#8243;][et_pb_social_media_follow_network social_network=\u00bbfacebook\u00bb _builder_version=\u00bb4.16&#8243; global_colors_info=\u00bb{}\u00bb follow_button=\u00bboff\u00bb url_new_window=\u00bbon\u00bb]facebook[\/et_pb_social_media_follow_network][et_pb_social_media_follow_network social_network=\u00bbtwitter\u00bb _builder_version=\u00bb4.16&#8243; global_colors_info=\u00bb{}\u00bb follow_button=\u00bboff\u00bb url_new_window=\u00bbon\u00bb]twitter[\/et_pb_social_media_follow_network][et_pb_social_media_follow_network social_network=\u00bbgoogle-plus\u00bb _builder_version=\u00bb4.16&#8243; global_colors_info=\u00bb{}\u00bb follow_button=\u00bboff\u00bb url_new_window=\u00bbon\u00bb]google-plus[\/et_pb_social_media_follow_network][et_pb_social_media_follow_network social_network=\u00bbinstagram\u00bb _builder_version=\u00bb4.16&#8243; global_colors_info=\u00bb{}\u00bb follow_button=\u00bboff\u00bb url_new_window=\u00bbon\u00bb]instagram[\/et_pb_social_media_follow_network][\/et_pb_social_media_follow][\/et_pb_column][\/et_pb_row][\/et_pb_section]<\/p>\n","protected":false},"excerpt":{"rendered":"<p>Marlene Ayala (San Luis, 1991) \u00a0Es poeta, artista visual, editora y docente. Dirige Luz Futura Ediciones, sello dedicado a la poes\u00eda contempor\u00e1nea. Estudia la Maestr\u00eda en Humanidades Aumentadas en la [&hellip;]<\/p>\n","protected":false},"author":138435,"featured_media":0,"parent":0,"menu_order":0,"comment_status":"closed","ping_status":"closed","template":"","meta":{"_acf_changed":false,"_et_pb_use_builder":"on","_et_pb_old_content":"","_et_gb_content_width":"","footnotes":""},"class_list":["post-1156","page","type-page","status-publish","hentry"],"acf":[],"yoast_head":"<!-- This site is optimized with the Yoast SEO plugin v27.2 - https:\/\/yoast.com\/product\/yoast-seo-wordpress\/ -->\n<title>Marlene Ayala - Festival Internacional de Poes\u00eda de Rosario<\/title>\n<meta name=\"robots\" content=\"index, follow, max-snippet:-1, max-image-preview:large, max-video-preview:-1\" \/>\n<link rel=\"canonical\" href=\"https:\/\/www.santafe.gob.ar\/ms\/fipr\/marlene-ayala\/\" \/>\n<meta property=\"og:locale\" content=\"es_ES\" \/>\n<meta property=\"og:type\" content=\"article\" \/>\n<meta property=\"og:title\" content=\"Marlene Ayala - Festival Internacional de Poes\u00eda de Rosario\" \/>\n<meta property=\"og:description\" content=\"Marlene Ayala (San Luis, 1991) \u00a0Es poeta, artista visual, editora y docente. Dirige Luz Futura Ediciones, sello dedicado a la poes\u00eda contempor\u00e1nea. Estudia la Maestr\u00eda en Humanidades Aumentadas en la [&hellip;]\" \/>\n<meta property=\"og:url\" content=\"https:\/\/www.santafe.gob.ar\/ms\/fipr\/marlene-ayala\/\" \/>\n<meta property=\"og:site_name\" content=\"Festival Internacional de Poes\u00eda de Rosario\" \/>\n<meta property=\"article:modified_time\" content=\"2025-11-11T10:42:47+00:00\" \/>\n<meta name=\"twitter:card\" content=\"summary_large_image\" \/>\n<meta name=\"twitter:label1\" content=\"Tiempo de lectura\" \/>\n\t<meta name=\"twitter:data1\" content=\"9 minutos\" \/>\n<script type=\"application\/ld+json\" class=\"yoast-schema-graph\">{\"@context\":\"https:\/\/schema.org\",\"@graph\":[{\"@type\":\"WebPage\",\"@id\":\"https:\/\/www.santafe.gob.ar\/ms\/fipr\/marlene-ayala\/\",\"url\":\"https:\/\/www.santafe.gob.ar\/ms\/fipr\/marlene-ayala\/\",\"name\":\"Marlene Ayala - Festival Internacional de Poes\u00eda de Rosario\",\"isPartOf\":{\"@id\":\"https:\/\/www.santafe.gob.ar\/ms\/fipr\/#website\"},\"datePublished\":\"2025-11-08T21:43:07+00:00\",\"dateModified\":\"2025-11-11T10:42:47+00:00\",\"breadcrumb\":{\"@id\":\"https:\/\/www.santafe.gob.ar\/ms\/fipr\/marlene-ayala\/#breadcrumb\"},\"inLanguage\":\"es\",\"potentialAction\":[{\"@type\":\"ReadAction\",\"target\":[\"https:\/\/www.santafe.gob.ar\/ms\/fipr\/marlene-ayala\/\"]}]},{\"@type\":\"BreadcrumbList\",\"@id\":\"https:\/\/www.santafe.gob.ar\/ms\/fipr\/marlene-ayala\/#breadcrumb\",\"itemListElement\":[{\"@type\":\"ListItem\",\"position\":1,\"name\":\"Portada\",\"item\":\"https:\/\/www.santafe.gob.ar\/ms\/fipr\/\"},{\"@type\":\"ListItem\",\"position\":2,\"name\":\"Marlene Ayala\"}]},{\"@type\":\"WebSite\",\"@id\":\"https:\/\/www.santafe.gob.ar\/ms\/fipr\/#website\",\"url\":\"https:\/\/www.santafe.gob.ar\/ms\/fipr\/\",\"name\":\"Festival Internacional de Poes\u00eda de Rosario\",\"description\":\"\",\"potentialAction\":[{\"@type\":\"SearchAction\",\"target\":{\"@type\":\"EntryPoint\",\"urlTemplate\":\"https:\/\/www.santafe.gob.ar\/ms\/fipr\/?s={search_term_string}\"},\"query-input\":{\"@type\":\"PropertyValueSpecification\",\"valueRequired\":true,\"valueName\":\"search_term_string\"}}],\"inLanguage\":\"es\"}]}<\/script>\n<!-- \/ Yoast SEO plugin. -->","yoast_head_json":{"title":"Marlene Ayala - Festival Internacional de Poes\u00eda de Rosario","robots":{"index":"index","follow":"follow","max-snippet":"max-snippet:-1","max-image-preview":"max-image-preview:large","max-video-preview":"max-video-preview:-1"},"canonical":"https:\/\/www.santafe.gob.ar\/ms\/fipr\/marlene-ayala\/","og_locale":"es_ES","og_type":"article","og_title":"Marlene Ayala - Festival Internacional de Poes\u00eda de Rosario","og_description":"Marlene Ayala (San Luis, 1991) \u00a0Es poeta, artista visual, editora y docente. Dirige Luz Futura Ediciones, sello dedicado a la poes\u00eda contempor\u00e1nea. Estudia la Maestr\u00eda en Humanidades Aumentadas en la [&hellip;]","og_url":"https:\/\/www.santafe.gob.ar\/ms\/fipr\/marlene-ayala\/","og_site_name":"Festival Internacional de Poes\u00eda de Rosario","article_modified_time":"2025-11-11T10:42:47+00:00","twitter_card":"summary_large_image","twitter_misc":{"Tiempo de lectura":"9 minutos"},"schema":{"@context":"https:\/\/schema.org","@graph":[{"@type":"WebPage","@id":"https:\/\/www.santafe.gob.ar\/ms\/fipr\/marlene-ayala\/","url":"https:\/\/www.santafe.gob.ar\/ms\/fipr\/marlene-ayala\/","name":"Marlene Ayala - Festival Internacional de Poes\u00eda de Rosario","isPartOf":{"@id":"https:\/\/www.santafe.gob.ar\/ms\/fipr\/#website"},"datePublished":"2025-11-08T21:43:07+00:00","dateModified":"2025-11-11T10:42:47+00:00","breadcrumb":{"@id":"https:\/\/www.santafe.gob.ar\/ms\/fipr\/marlene-ayala\/#breadcrumb"},"inLanguage":"es","potentialAction":[{"@type":"ReadAction","target":["https:\/\/www.santafe.gob.ar\/ms\/fipr\/marlene-ayala\/"]}]},{"@type":"BreadcrumbList","@id":"https:\/\/www.santafe.gob.ar\/ms\/fipr\/marlene-ayala\/#breadcrumb","itemListElement":[{"@type":"ListItem","position":1,"name":"Portada","item":"https:\/\/www.santafe.gob.ar\/ms\/fipr\/"},{"@type":"ListItem","position":2,"name":"Marlene Ayala"}]},{"@type":"WebSite","@id":"https:\/\/www.santafe.gob.ar\/ms\/fipr\/#website","url":"https:\/\/www.santafe.gob.ar\/ms\/fipr\/","name":"Festival Internacional de Poes\u00eda de Rosario","description":"","potentialAction":[{"@type":"SearchAction","target":{"@type":"EntryPoint","urlTemplate":"https:\/\/www.santafe.gob.ar\/ms\/fipr\/?s={search_term_string}"},"query-input":{"@type":"PropertyValueSpecification","valueRequired":true,"valueName":"search_term_string"}}],"inLanguage":"es"}]}},"_links":{"self":[{"href":"https:\/\/www.santafe.gob.ar\/ms\/fipr\/wp-json\/wp\/v2\/pages\/1156","targetHints":{"allow":["GET"]}}],"collection":[{"href":"https:\/\/www.santafe.gob.ar\/ms\/fipr\/wp-json\/wp\/v2\/pages"}],"about":[{"href":"https:\/\/www.santafe.gob.ar\/ms\/fipr\/wp-json\/wp\/v2\/types\/page"}],"author":[{"embeddable":true,"href":"https:\/\/www.santafe.gob.ar\/ms\/fipr\/wp-json\/wp\/v2\/users\/138435"}],"replies":[{"embeddable":true,"href":"https:\/\/www.santafe.gob.ar\/ms\/fipr\/wp-json\/wp\/v2\/comments?post=1156"}],"version-history":[{"count":10,"href":"https:\/\/www.santafe.gob.ar\/ms\/fipr\/wp-json\/wp\/v2\/pages\/1156\/revisions"}],"predecessor-version":[{"id":1682,"href":"https:\/\/www.santafe.gob.ar\/ms\/fipr\/wp-json\/wp\/v2\/pages\/1156\/revisions\/1682"}],"wp:attachment":[{"href":"https:\/\/www.santafe.gob.ar\/ms\/fipr\/wp-json\/wp\/v2\/media?parent=1156"}],"curies":[{"name":"wp","href":"https:\/\/api.w.org\/{rel}","templated":true}]}}