{"id":1157,"date":"2025-11-08T22:41:44","date_gmt":"2025-11-08T21:41:44","guid":{"rendered":"https:\/\/www.santafe.gob.ar\/ms\/fipr\/?page_id=1157"},"modified":"2025-11-11T11:37:27","modified_gmt":"2025-11-11T10:37:27","slug":"mario-montalbetti","status":"publish","type":"page","link":"https:\/\/www.santafe.gob.ar\/ms\/fipr\/mario-montalbetti\/","title":{"rendered":"Mario Montalbetti"},"content":{"rendered":"<p>[et_pb_section fb_built=\u00bb1&#8243; custom_padding_last_edited=\u00bboff|desktop\u00bb admin_label=\u00bbHeader\u00bb _builder_version=\u00bb4.19.0&#8243; background_color_gradient_direction=\u00bb188deg\u00bb background_image=\u00bbhttps:\/\/www.santafe.gob.ar\/ms\/fipr\/wp-content\/uploads\/sites\/88\/2025\/11\/art-gallery-55.jpg\u00bb background_size=\u00bbinitial\u00bb background_repeat=\u00bbrepeat\u00bb width=\u00bb100%\u00bb custom_padding_tablet=\u00bb5vw||5vw||true\u00bb top_divider_style=\u00bbslant\u00bb top_divider_color=\u00bb#063A29&#8243; top_divider_height=\u00bb153px\u00bb top_divider_flip=\u00bbhorizontal\u00bb global_colors_info=\u00bb{}\u00bb][et_pb_row column_structure=\u00bb2_5,3_5&#8243; use_custom_gutter=\u00bbon\u00bb gutter_width=\u00bb2&#8243; make_equal=\u00bbon\u00bb admin_label=\u00bbFila\u00bb _builder_version=\u00bb4.19.0&#8243; use_custom_width=\u00bbon\u00bb width_unit=\u00bboff\u00bb custom_width_percent=\u00bb100%\u00bb locked=\u00bboff\u00bb global_colors_info=\u00bb{}\u00bb][et_pb_column type=\u00bb2_5&#8243; _builder_version=\u00bb4.16&#8243; custom_padding=\u00bb|||\u00bb global_colors_info=\u00bb{}\u00bb custom_padding__hover=\u00bb|||\u00bb][et_pb_text _builder_version=\u00bb4.19.0&#8243; text_font=\u00bbCrimson Pro||||||||\u00bb text_text_color=\u00bb#121212&#8243; text_font_size=\u00bb68px\u00bb text_line_height=\u00bb1em\u00bb header_font=\u00bb||||||||\u00bb header_2_font=\u00bbPrata|500|||||||\u00bb header_2_text_align=\u00bbleft\u00bb header_2_font_size=\u00bb56px\u00bb header_2_line_height=\u00bb1.3em\u00bb header_4_font=\u00bb|700|||||||\u00bb header_4_font_size=\u00bb20px\u00bb header_4_line_height=\u00bb1.2em\u00bb transform_translate_linked=\u00bboff\u00bb max_width=\u00bb100%\u00bb max_width_tablet=\u00bb70%\u00bb max_width_last_edited=\u00bboff|phone\u00bb hover_enabled=\u00bb0&#8243; header_2_font_size_tablet=\u00bb40px\u00bb header_2_font_size_phone=\u00bb26px\u00bb header_2_font_size_last_edited=\u00bbon|desktop\u00bb global_colors_info=\u00bb{}\u00bb text_font_size_last_edited=\u00bbon|phone\u00bb sticky_enabled=\u00bb0&#8243; text_font_size_phone=\u00bb42px\u00bb text_font_size_tablet=\u00bb68px\u00bb]<\/p>\n<p><strong>Mario Montalbetti<\/strong><\/p>\n<p>[\/et_pb_text][et_pb_image src=\u00bbhttps:\/\/www.santafe.gob.ar\/ms\/fipr\/wp-content\/uploads\/sites\/88\/2025\/11\/0Mario-Montalbetti-Callao-Peru-1953.jpg\u00bb title_text=\u00bb0Mario Montalbetti (Callao, Per\u00fa, 1953)\u00bb _builder_version=\u00bb4.19.0&#8243; _module_preset=\u00bbdefault\u00bb global_colors_info=\u00bb{}\u00bb][\/et_pb_image][\/et_pb_column][et_pb_column type=\u00bb3_5&#8243; _builder_version=\u00bb4.19.0&#8243; custom_padding=\u00bb51px||||false|false\u00bb global_colors_info=\u00bb{}\u00bb custom_padding__hover=\u00bb|||\u00bb][et_pb_text _builder_version=\u00bb4.19.0&#8243; text_font=\u00bb||||||||\u00bb header_font=\u00bb|700|||||||\u00bb header_font_size=\u00bb20px\u00bb header_line_height=\u00bb1.3em\u00bb header_2_font=\u00bb|700|||||||\u00bb header_2_font_size=\u00bb20px\u00bb header_2_line_height=\u00bb1.3em\u00bb header_3_font=\u00bb|700|||||||\u00bb header_3_font_size=\u00bb16px\u00bb header_3_line_height=\u00bb1.3em\u00bb custom_padding=\u00bb||7px|||\u00bb header_font_size_tablet=\u00bb\u00bb header_font_size_phone=\u00bb\u00bb header_font_size_last_edited=\u00bbon|desktop\u00bb locked=\u00bboff\u00bb global_colors_info=\u00bb{}\u00bb]<\/p>\n<p>(Callao, Per\u00fa, 1953)<\/p>\n<p>Es poeta y ling\u00fcista. Escribi\u00f3 doce libros de poemas, entre ellos <em>Perro negro<\/em>, <em>Cabe la forma <\/em>y <em>El lenguaje es un rev\u00f3lver para uno<\/em>. Su poes\u00eda reunida se titula <em>Lejos de m\u00ed decirles<\/em>. Tambi\u00e9n escribi\u00f3 numerosos ensayos, como <em>El lenguaje del poema<\/em>, <em>Geometr\u00edas variables del lenguaje<\/em> y <em>El pensamiento del poema<\/em>. Es co-director de la revista <em>Hueso H\u00famero<\/em>, PhD en Ling\u00fc\u00edstica por el MIT y Profesor Principal de Ling\u00fc\u00edstica en la Pontificia Universidad Cat\u00f3lica del Per\u00fa. Es considerado una de las voces m\u00e1s relevantes de la poes\u00eda latinoamericana actual.<\/p>\n<p>[\/et_pb_text][\/et_pb_column][\/et_pb_row][\/et_pb_section][et_pb_section fb_built=\u00bb1&#8243; admin_label=\u00bbpoemas\u00bb _builder_version=\u00bb4.19.0&#8243; custom_margin=\u00bb0px||||false|false\u00bb custom_padding=\u00bb0px||||false|false\u00bb global_colors_info=\u00bb{}\u00bb][et_pb_row custom_padding_last_edited=\u00bboff|phone\u00bb _builder_version=\u00bb4.16&#8243; background_position=\u00bbbottom_center\u00bb custom_padding_tablet=\u00bb17vw||17vw||false\u00bb use_custom_width=\u00bbon\u00bb width_unit=\u00bboff\u00bb custom_width_percent=\u00bb100%\u00bb locked=\u00bboff\u00bb global_colors_info=\u00bb{}\u00bb][et_pb_column type=\u00bb4_4&#8243; _builder_version=\u00bb4.16&#8243; custom_padding=\u00bb|||\u00bb global_colors_info=\u00bb{}\u00bb custom_padding__hover=\u00bb|||\u00bb][et_pb_text disabled_on=\u00bbon|on|on\u00bb _builder_version=\u00bb4.19.0&#8243; text_font=\u00bb||||||||\u00bb text_font_size=\u00bb41px\u00bb header_font=\u00bb||||||||\u00bb header_font_size=\u00bb60px\u00bb header_2_font=\u00bbPrata|500|||||||\u00bb header_2_font_size=\u00bb56px\u00bb header_2_line_height=\u00bb1.3em\u00bb header_3_font=\u00bb|700||on|||||\u00bb header_3_text_color=\u00bbrgba(0,0,0,0.35)\u00bb header_3_font_size=\u00bb12px\u00bb header_3_letter_spacing=\u00bb5px\u00bb header_3_line_height=\u00bb2em\u00bb transform_translate_linked=\u00bboff\u00bb text_orientation=\u00bbcenter\u00bb max_width=\u00bb700px\u00bb max_width_tablet=\u00bb70%\u00bb max_width_last_edited=\u00bboff|phone\u00bb module_alignment=\u00bbcenter\u00bb header_2_font_size_tablet=\u00bb40px\u00bb header_2_font_size_phone=\u00bb26px\u00bb header_2_font_size_last_edited=\u00bbon|phone\u00bb header_3_font_size_phone=\u00bb10px\u00bb header_3_font_size_last_edited=\u00bboff|desktop\u00bb module_alignment_last_edited=\u00bboff|desktop\u00bb text_text_align=\u00bbcenter\u00bb disabled=\u00bbon\u00bb inline_fonts=\u00bbCrimson Pro\u00bb global_colors_info=\u00bb{}\u00bb]<\/p>\n<h1>poemas<\/h1>\n<p>[\/et_pb_text][\/et_pb_column][\/et_pb_row][et_pb_row _builder_version=\u00bb4.19.0&#8243; _module_preset=\u00bbdefault\u00bb global_colors_info=\u00bb{}\u00bb][et_pb_column type=\u00bb4_4&#8243; _builder_version=\u00bb4.19.0&#8243; _module_preset=\u00bbdefault\u00bb global_colors_info=\u00bb{}\u00bb][et_pb_accordion disabled_on=\u00bbon|on|on\u00bb _builder_version=\u00bb4.19.0&#8243; _module_preset=\u00bbdefault\u00bb disabled=\u00bbon\u00bb global_colors_info=\u00bb{}\u00bb][et_pb_accordion_item title=\u00bbSon los fierros en el a\u00f1o\u00bb open=\u00bbon\u00bb _builder_version=\u00bb4.19.0&#8243; _module_preset=\u00bbdefault\u00bb global_colors_info=\u00bb{}\u00bb]<\/p>\n<p>Son los fierros en el a\u00f1o<\/p>\n<p><span style=\"font-weight: 400\">pero ahora<\/span><\/p>\n<p><span style=\"font-weight: 400\">lado lado\u00a0<\/span><\/p>\n<p><span style=\"font-weight: 400\">hay palito bomb\u00f3n<\/span><\/p>\n<p><span style=\"font-weight: 400\">y est\u00e1 jodido el calor\u00a0<\/span><\/p>\n<p><span style=\"font-weight: 400\">el telgopor sirve de asiento<\/span><\/p>\n<p><span style=\"font-weight: 400\">yo quiero yo se\u00f1or<\/span><\/p>\n<p><span style=\"font-weight: 400\">pero tu madre no<\/span><\/p>\n<p>&nbsp;<\/p>\n<p><span style=\"font-weight: 400\">Dale sonrisas<\/span><\/p>\n<p><span style=\"font-weight: 400\">y este color de darle al sol<\/span><\/p>\n<p><span style=\"font-weight: 400\">\u00bfqui\u00e9n te lo quita?<\/span><\/p>\n<p>&nbsp;<\/p>\n<p><span style=\"font-weight: 400\">Est\u00e1 baja aunque es alta<\/span><\/p>\n<p><span style=\"font-weight: 400\">la temporada<\/span><\/p>\n<p><span style=\"font-weight: 400\">y en estos tiempos<\/span><\/p>\n<p><span style=\"font-weight: 400\">no alcanza panada<\/span><\/p>\n<p>&nbsp;<\/p>\n<p><span style=\"font-weight: 400\">pasajeras son esas nubes<\/span><\/p>\n<p><span style=\"font-weight: 400\">eso lo s\u00e9<\/span><\/p>\n<p><span style=\"font-weight: 400\">en casa, cuatro chinitos<\/span><\/p>\n<p><span style=\"font-weight: 400\">comen uno<\/span><\/p>\n<p><span style=\"font-weight: 400\">est\u00e1 ya en la univer si d\u00e1<\/span><\/p>\n<p><span style=\"font-weight: 400\">hay que pagar departamento<\/span><\/p>\n<p>&nbsp;<\/p>\n<p><span style=\"font-weight: 400\">tan turbio crece\u00a0<\/span><\/p>\n<p><span style=\"font-weight: 400\">con la lluvia el r\u00edo<\/span><\/p>\n<p><span style=\"font-weight: 400\">mejor cruzar<\/span><\/p>\n<p><span style=\"font-weight: 400\">calzado<\/span><\/p>\n<p><span style=\"font-weight: 400\">libros\u00a0<\/span><\/p>\n<p><span style=\"font-weight: 400\">fotocopias<\/span><\/p>\n<p><span style=\"font-weight: 400\">\u00bfseguro no tiene do\u00f1a\u00a0<\/span><\/p>\n<p><span style=\"font-weight: 400\">en la canasta\u00a0<\/span><\/p>\n<p><span style=\"font-weight: 400\">alg\u00fan peso?<\/span><\/p>\n<p><span style=\"font-weight: 400\">Le\u00a0 juro congela<\/span><\/p>\n<p><span style=\"font-weight: 400\">hasta los sesos<\/span><\/p>\n<p><span style=\"font-weight: 400\"><\/span><\/p>\n<p><span style=\"font-weight: 400\"><\/span><\/p>\n<p><span style=\"font-weight: 400\"><b>De Pareidolias (2014)<\/b><\/span><\/p>\n<p>[\/et_pb_accordion_item][et_pb_accordion_item title=\u00bbSiempre estuvo ah\u00ed\u00bb _builder_version=\u00bb4.19.0&#8243; _module_preset=\u00bbdefault\u00bb global_colors_info=\u00bb{}\u00bb open=\u00bboff\u00bb]<\/p>\n<p><span style=\"font-weight: 400\">ac\u00e1 atr\u00e1s: el gallinero\u00a0\u00a0\u00a0 \u00a0\u00a0\u00a0 y por all\u00e1: el bald\u00edo<\/span><\/p>\n<p><span style=\"font-weight: 400\">ten\u00edamos una cocina chiquita \u00a0\u00a0\u00a0 donde ahora \u00a0\u00a0el patio de luz\u00a0\u00a0\u00a0\u00a0<\/span><\/p>\n<p><span style=\"font-weight: 400\">s\u00ed ah\u00ed, al lado de tu habitaci\u00f3n\u00a0\u00a0\u00a0 donde tambi\u00e9n el abuelo<\/span><\/p>\n<p><span style=\"font-weight: 400\">y un jard\u00edn con conejos\u00a0\u00a0\u00a0 pegado a lo de Pascuala<\/span><\/p>\n<p><span style=\"font-weight: 400\">al tiempo pudimos hacer nuestro comedor-cocina \u00a0\u00a0\u00a0 adelante<\/span><\/p>\n<p><span style=\"font-weight: 400\">antes no daba derecho a la calle\u00a0\u00a0\u00a0 claro\u00a0\u00a0\u00a0 otro frente<\/span><\/p>\n<p><span style=\"font-weight: 400\">\u00bfentend\u00e9s?\u00a0\u00a0\u00a0 ten\u00eda que atravesar lo de mis suegros si quer\u00eda<\/span><\/p>\n<p><span style=\"font-weight: 400\">no sab\u00e9s lo que era\u00a0 dec\u00ed que eran buenos\u00a0 dieron una mano enorme<\/span><\/p>\n<p><span style=\"font-weight: 400\">por eso nosotros despu\u00e9s\u00a0\u00a0 tambi\u00e9n <\/span> <span style=\"font-weight: 400\">se me pierde c\u00f3mo fue que ellos<\/span><\/p>\n<p><span style=\"font-weight: 400\">si fue el ba\u00f1o primero<\/span> <span style=\"font-weight: 400\">el living<\/span><\/p>\n<p><span style=\"font-weight: 400\">\u00a0\u00a0\u00a0 lo que s\u00ed\u00a0\u00a0\u00a0 este \u00e1rbol estaba cuando yo vine \u00a0\u00a0\u00a0 ya<\/span><\/p>\n<p><span style=\"font-weight: 400\">\u00a0\u00a0\u00a0 era grande\u00a0\u00a0\u00a0 el bisabuelo<\/span><\/p>\n<p><span style=\"font-weight: 400\">lo hab\u00eda plantado entre otros<\/span><\/p>\n<p><span style=\"font-weight: 400\">frutales\u00a0\u00a0\u00a0 \u00a0\u00a0\u00a0 estaban todos ac\u00e1<\/span><\/p>\n<p><span style=\"font-weight: 400\">hasta que el edificio<\/span><\/p>\n<p>&nbsp;<\/p>\n<p><span style=\"font-weight: 400\">entonces qued\u00f3 solo<\/span><\/p>\n<p><span style=\"font-weight: 400\"><\/span><\/p>\n<p><span style=\"font-weight: 400\"><\/span><\/p>\n<p><span style=\"font-weight: 400\"><b>De Cuch\u00e1 (2022)<\/b><\/span><\/p>\n<p>[\/et_pb_accordion_item][\/et_pb_accordion][\/et_pb_column][\/et_pb_row][\/et_pb_section][et_pb_section fb_built=\u00bb1&#8243; admin_label=\u00bbcontacto\u00bb _builder_version=\u00bb4.19.0&#8243; background_size=\u00bbinitial\u00bb background_repeat=\u00bbrepeat-y\u00bb custom_padding=\u00bb0px|||||\u00bb saved_tabs=\u00bball\u00bb locked=\u00bboff\u00bb global_colors_info=\u00bb{}\u00bb][et_pb_row disabled_on=\u00bbon|on|on\u00bb _builder_version=\u00bb4.19.0&#8243; width=\u00bb74%\u00bb custom_margin=\u00bb|auto||auto|false|false\u00bb custom_padding=\u00bb||||false|false\u00bb border_width_top=\u00bb2px\u00bb disabled=\u00bbon\u00bb global_colors_info=\u00bb{}\u00bb][et_pb_column type=\u00bb4_4&#8243; _builder_version=\u00bb4.19.0&#8243; custom_padding=\u00bb|||\u00bb global_colors_info=\u00bb{}\u00bb custom_padding__hover=\u00bb|||\u00bb][et_pb_social_media_follow _builder_version=\u00bb4.19.0&#8243; text_orientation=\u00bbcenter\u00bb custom_margin=\u00bb-20px|||-10px\u00bb custom_margin_tablet=\u00bb\u00bb custom_margin_phone=\u00bb-20px||\u00bb custom_margin_last_edited=\u00bbon|desktop\u00bb filter_invert=\u00bb100%\u00bb locked=\u00bboff\u00bb global_colors_info=\u00bb{}\u00bb icon_color__hover=\u00bb#e02b20&#8243;][et_pb_social_media_follow_network social_network=\u00bbfacebook\u00bb _builder_version=\u00bb4.16&#8243; global_colors_info=\u00bb{}\u00bb follow_button=\u00bboff\u00bb url_new_window=\u00bbon\u00bb]facebook[\/et_pb_social_media_follow_network][et_pb_social_media_follow_network social_network=\u00bbtwitter\u00bb _builder_version=\u00bb4.16&#8243; global_colors_info=\u00bb{}\u00bb follow_button=\u00bboff\u00bb url_new_window=\u00bbon\u00bb]twitter[\/et_pb_social_media_follow_network][et_pb_social_media_follow_network social_network=\u00bbgoogle-plus\u00bb _builder_version=\u00bb4.16&#8243; global_colors_info=\u00bb{}\u00bb follow_button=\u00bboff\u00bb url_new_window=\u00bbon\u00bb]google-plus[\/et_pb_social_media_follow_network][et_pb_social_media_follow_network social_network=\u00bbinstagram\u00bb _builder_version=\u00bb4.16&#8243; global_colors_info=\u00bb{}\u00bb follow_button=\u00bboff\u00bb url_new_window=\u00bbon\u00bb]instagram[\/et_pb_social_media_follow_network][\/et_pb_social_media_follow][\/et_pb_column][\/et_pb_row][\/et_pb_section]<\/p>\n","protected":false},"excerpt":{"rendered":"<p>Mario Montalbetti(Callao, Per\u00fa, 1953) Es poeta y ling\u00fcista. Escribi\u00f3 doce libros de poemas, entre ellos Perro negro, Cabe la forma y El lenguaje es un rev\u00f3lver para uno. Su poes\u00eda [&hellip;]<\/p>\n","protected":false},"author":138435,"featured_media":0,"parent":0,"menu_order":0,"comment_status":"closed","ping_status":"closed","template":"","meta":{"_acf_changed":false,"_et_pb_use_builder":"on","_et_pb_old_content":"","_et_gb_content_width":"","footnotes":""},"class_list":["post-1157","page","type-page","status-publish","hentry"],"acf":[],"yoast_head":"<!-- This site is optimized with the Yoast SEO plugin v27.2 - https:\/\/yoast.com\/product\/yoast-seo-wordpress\/ -->\n<title>Mario Montalbetti - Festival Internacional de Poes\u00eda de Rosario<\/title>\n<meta name=\"robots\" content=\"index, follow, max-snippet:-1, max-image-preview:large, max-video-preview:-1\" \/>\n<link rel=\"canonical\" href=\"https:\/\/www.santafe.gob.ar\/ms\/fipr\/mario-montalbetti\/\" \/>\n<meta property=\"og:locale\" content=\"es_ES\" \/>\n<meta property=\"og:type\" content=\"article\" \/>\n<meta property=\"og:title\" content=\"Mario Montalbetti - Festival Internacional de Poes\u00eda de Rosario\" \/>\n<meta property=\"og:description\" content=\"Mario Montalbetti(Callao, Per\u00fa, 1953) Es poeta y ling\u00fcista. Escribi\u00f3 doce libros de poemas, entre ellos Perro negro, Cabe la forma y El lenguaje es un rev\u00f3lver para uno. Su poes\u00eda [&hellip;]\" \/>\n<meta property=\"og:url\" content=\"https:\/\/www.santafe.gob.ar\/ms\/fipr\/mario-montalbetti\/\" \/>\n<meta property=\"og:site_name\" content=\"Festival Internacional de Poes\u00eda de Rosario\" \/>\n<meta property=\"article:modified_time\" content=\"2025-11-11T10:37:27+00:00\" \/>\n<meta name=\"twitter:card\" content=\"summary_large_image\" \/>\n<meta name=\"twitter:label1\" content=\"Tiempo de lectura\" \/>\n\t<meta name=\"twitter:data1\" content=\"6 minutos\" \/>\n<script type=\"application\/ld+json\" class=\"yoast-schema-graph\">{\"@context\":\"https:\/\/schema.org\",\"@graph\":[{\"@type\":\"WebPage\",\"@id\":\"https:\/\/www.santafe.gob.ar\/ms\/fipr\/mario-montalbetti\/\",\"url\":\"https:\/\/www.santafe.gob.ar\/ms\/fipr\/mario-montalbetti\/\",\"name\":\"Mario Montalbetti - Festival Internacional de Poes\u00eda de Rosario\",\"isPartOf\":{\"@id\":\"https:\/\/www.santafe.gob.ar\/ms\/fipr\/#website\"},\"datePublished\":\"2025-11-08T21:41:44+00:00\",\"dateModified\":\"2025-11-11T10:37:27+00:00\",\"breadcrumb\":{\"@id\":\"https:\/\/www.santafe.gob.ar\/ms\/fipr\/mario-montalbetti\/#breadcrumb\"},\"inLanguage\":\"es\",\"potentialAction\":[{\"@type\":\"ReadAction\",\"target\":[\"https:\/\/www.santafe.gob.ar\/ms\/fipr\/mario-montalbetti\/\"]}]},{\"@type\":\"BreadcrumbList\",\"@id\":\"https:\/\/www.santafe.gob.ar\/ms\/fipr\/mario-montalbetti\/#breadcrumb\",\"itemListElement\":[{\"@type\":\"ListItem\",\"position\":1,\"name\":\"Portada\",\"item\":\"https:\/\/www.santafe.gob.ar\/ms\/fipr\/\"},{\"@type\":\"ListItem\",\"position\":2,\"name\":\"Mario Montalbetti\"}]},{\"@type\":\"WebSite\",\"@id\":\"https:\/\/www.santafe.gob.ar\/ms\/fipr\/#website\",\"url\":\"https:\/\/www.santafe.gob.ar\/ms\/fipr\/\",\"name\":\"Festival Internacional de Poes\u00eda de Rosario\",\"description\":\"\",\"potentialAction\":[{\"@type\":\"SearchAction\",\"target\":{\"@type\":\"EntryPoint\",\"urlTemplate\":\"https:\/\/www.santafe.gob.ar\/ms\/fipr\/?s={search_term_string}\"},\"query-input\":{\"@type\":\"PropertyValueSpecification\",\"valueRequired\":true,\"valueName\":\"search_term_string\"}}],\"inLanguage\":\"es\"}]}<\/script>\n<!-- \/ Yoast SEO plugin. -->","yoast_head_json":{"title":"Mario Montalbetti - Festival Internacional de Poes\u00eda de Rosario","robots":{"index":"index","follow":"follow","max-snippet":"max-snippet:-1","max-image-preview":"max-image-preview:large","max-video-preview":"max-video-preview:-1"},"canonical":"https:\/\/www.santafe.gob.ar\/ms\/fipr\/mario-montalbetti\/","og_locale":"es_ES","og_type":"article","og_title":"Mario Montalbetti - Festival Internacional de Poes\u00eda de Rosario","og_description":"Mario Montalbetti(Callao, Per\u00fa, 1953) Es poeta y ling\u00fcista. Escribi\u00f3 doce libros de poemas, entre ellos Perro negro, Cabe la forma y El lenguaje es un rev\u00f3lver para uno. Su poes\u00eda [&hellip;]","og_url":"https:\/\/www.santafe.gob.ar\/ms\/fipr\/mario-montalbetti\/","og_site_name":"Festival Internacional de Poes\u00eda de Rosario","article_modified_time":"2025-11-11T10:37:27+00:00","twitter_card":"summary_large_image","twitter_misc":{"Tiempo de lectura":"6 minutos"},"schema":{"@context":"https:\/\/schema.org","@graph":[{"@type":"WebPage","@id":"https:\/\/www.santafe.gob.ar\/ms\/fipr\/mario-montalbetti\/","url":"https:\/\/www.santafe.gob.ar\/ms\/fipr\/mario-montalbetti\/","name":"Mario Montalbetti - Festival Internacional de Poes\u00eda de Rosario","isPartOf":{"@id":"https:\/\/www.santafe.gob.ar\/ms\/fipr\/#website"},"datePublished":"2025-11-08T21:41:44+00:00","dateModified":"2025-11-11T10:37:27+00:00","breadcrumb":{"@id":"https:\/\/www.santafe.gob.ar\/ms\/fipr\/mario-montalbetti\/#breadcrumb"},"inLanguage":"es","potentialAction":[{"@type":"ReadAction","target":["https:\/\/www.santafe.gob.ar\/ms\/fipr\/mario-montalbetti\/"]}]},{"@type":"BreadcrumbList","@id":"https:\/\/www.santafe.gob.ar\/ms\/fipr\/mario-montalbetti\/#breadcrumb","itemListElement":[{"@type":"ListItem","position":1,"name":"Portada","item":"https:\/\/www.santafe.gob.ar\/ms\/fipr\/"},{"@type":"ListItem","position":2,"name":"Mario Montalbetti"}]},{"@type":"WebSite","@id":"https:\/\/www.santafe.gob.ar\/ms\/fipr\/#website","url":"https:\/\/www.santafe.gob.ar\/ms\/fipr\/","name":"Festival Internacional de Poes\u00eda de Rosario","description":"","potentialAction":[{"@type":"SearchAction","target":{"@type":"EntryPoint","urlTemplate":"https:\/\/www.santafe.gob.ar\/ms\/fipr\/?s={search_term_string}"},"query-input":{"@type":"PropertyValueSpecification","valueRequired":true,"valueName":"search_term_string"}}],"inLanguage":"es"}]}},"_links":{"self":[{"href":"https:\/\/www.santafe.gob.ar\/ms\/fipr\/wp-json\/wp\/v2\/pages\/1157","targetHints":{"allow":["GET"]}}],"collection":[{"href":"https:\/\/www.santafe.gob.ar\/ms\/fipr\/wp-json\/wp\/v2\/pages"}],"about":[{"href":"https:\/\/www.santafe.gob.ar\/ms\/fipr\/wp-json\/wp\/v2\/types\/page"}],"author":[{"embeddable":true,"href":"https:\/\/www.santafe.gob.ar\/ms\/fipr\/wp-json\/wp\/v2\/users\/138435"}],"replies":[{"embeddable":true,"href":"https:\/\/www.santafe.gob.ar\/ms\/fipr\/wp-json\/wp\/v2\/comments?post=1157"}],"version-history":[{"count":6,"href":"https:\/\/www.santafe.gob.ar\/ms\/fipr\/wp-json\/wp\/v2\/pages\/1157\/revisions"}],"predecessor-version":[{"id":1677,"href":"https:\/\/www.santafe.gob.ar\/ms\/fipr\/wp-json\/wp\/v2\/pages\/1157\/revisions\/1677"}],"wp:attachment":[{"href":"https:\/\/www.santafe.gob.ar\/ms\/fipr\/wp-json\/wp\/v2\/media?parent=1157"}],"curies":[{"name":"wp","href":"https:\/\/api.w.org\/{rel}","templated":true}]}}