{"id":1161,"date":"2025-11-08T22:44:31","date_gmt":"2025-11-08T21:44:31","guid":{"rendered":"https:\/\/www.santafe.gob.ar\/ms\/fipr\/?page_id=1161"},"modified":"2025-11-11T11:50:47","modified_gmt":"2025-11-11T10:50:47","slug":"matias-heer","status":"publish","type":"page","link":"https:\/\/www.santafe.gob.ar\/ms\/fipr\/matias-heer\/","title":{"rendered":"Mat\u00edas Heer"},"content":{"rendered":"<p>[et_pb_section fb_built=\u00bb1&#8243; custom_padding_last_edited=\u00bboff|desktop\u00bb admin_label=\u00bbHeader\u00bb _builder_version=\u00bb4.19.0&#8243; background_color_gradient_direction=\u00bb188deg\u00bb background_image=\u00bbhttps:\/\/www.santafe.gob.ar\/ms\/fipr\/wp-content\/uploads\/sites\/88\/2025\/11\/art-gallery-55.jpg\u00bb background_size=\u00bbinitial\u00bb background_repeat=\u00bbrepeat\u00bb width=\u00bb100%\u00bb custom_padding_tablet=\u00bb5vw||5vw||true\u00bb top_divider_style=\u00bbslant\u00bb top_divider_color=\u00bb#063A29&#8243; top_divider_height=\u00bb153px\u00bb top_divider_flip=\u00bbhorizontal\u00bb global_colors_info=\u00bb{}\u00bb][et_pb_row column_structure=\u00bb2_5,3_5&#8243; use_custom_gutter=\u00bbon\u00bb gutter_width=\u00bb2&#8243; make_equal=\u00bbon\u00bb admin_label=\u00bbFila\u00bb _builder_version=\u00bb4.19.0&#8243; use_custom_width=\u00bbon\u00bb width_unit=\u00bboff\u00bb custom_width_percent=\u00bb100%\u00bb locked=\u00bboff\u00bb global_colors_info=\u00bb{}\u00bb][et_pb_column type=\u00bb2_5&#8243; _builder_version=\u00bb4.16&#8243; custom_padding=\u00bb|||\u00bb global_colors_info=\u00bb{}\u00bb custom_padding__hover=\u00bb|||\u00bb][et_pb_text _builder_version=\u00bb4.19.0&#8243; text_font=\u00bbCrimson Pro||||||||\u00bb text_text_color=\u00bb#121212&#8243; text_font_size=\u00bb68px\u00bb text_line_height=\u00bb1em\u00bb header_font=\u00bb||||||||\u00bb header_2_font=\u00bbPrata|500|||||||\u00bb header_2_text_align=\u00bbleft\u00bb header_2_font_size=\u00bb56px\u00bb header_2_line_height=\u00bb1.3em\u00bb header_4_font=\u00bb|700|||||||\u00bb header_4_font_size=\u00bb20px\u00bb header_4_line_height=\u00bb1.2em\u00bb transform_translate_linked=\u00bboff\u00bb max_width=\u00bb100%\u00bb max_width_tablet=\u00bb70%\u00bb max_width_last_edited=\u00bboff|phone\u00bb hover_enabled=\u00bb0&#8243; text_font_size_tablet=\u00bb68px\u00bb text_font_size_phone=\u00bb42px\u00bb text_font_size_last_edited=\u00bbon|phone\u00bb header_2_font_size_tablet=\u00bb40px\u00bb header_2_font_size_phone=\u00bb26px\u00bb header_2_font_size_last_edited=\u00bbon|desktop\u00bb global_colors_info=\u00bb{}\u00bb sticky_enabled=\u00bb0&#8243;]<\/p>\n<p><strong>Mat\u00edas Heer<\/strong><\/p>\n<p>[\/et_pb_text][et_pb_image src=\u00bbhttps:\/\/www.santafe.gob.ar\/ms\/fipr\/wp-content\/uploads\/sites\/88\/2025\/11\/0Matias-Heer-Buenos-Aires-1984.jpg\u00bb title_text=\u00bb0Mat\u00edas Heer (Buenos Aires, 1984)\u00bb _builder_version=\u00bb4.19.0&#8243; _module_preset=\u00bbdefault\u00bb global_colors_info=\u00bb{}\u00bb][\/et_pb_image][\/et_pb_column][et_pb_column type=\u00bb3_5&#8243; _builder_version=\u00bb4.19.0&#8243; custom_padding=\u00bb51px||||false|false\u00bb global_colors_info=\u00bb{}\u00bb custom_padding__hover=\u00bb|||\u00bb][et_pb_text _builder_version=\u00bb4.19.0&#8243; text_font=\u00bb||||||||\u00bb header_font=\u00bb|700|||||||\u00bb header_font_size=\u00bb20px\u00bb header_line_height=\u00bb1.3em\u00bb header_2_font=\u00bb|700|||||||\u00bb header_2_font_size=\u00bb20px\u00bb header_2_line_height=\u00bb1.3em\u00bb header_3_font=\u00bb|700|||||||\u00bb header_3_font_size=\u00bb16px\u00bb header_3_line_height=\u00bb1.3em\u00bb custom_padding=\u00bb||7px|||\u00bb header_font_size_tablet=\u00bb\u00bb header_font_size_phone=\u00bb\u00bb header_font_size_last_edited=\u00bbon|desktop\u00bb locked=\u00bboff\u00bb global_colors_info=\u00bb{}\u00bb]<\/p>\n<p><span>(Buenos Aires, 1984)<\/span><\/p>\n<p><span>\u00a0<\/span>Poeta, disquetraductor, editor por espasmos, articulero, \u201chago ruidito\u201d y montajista de videoenchastres. Codirigi\u00f3 Colecci\u00f3n Chapita (2008-2014), el centro de estudios po\u00e9ticos Embalse, Gimnasio de poes\u00eda (2011) y la editorial de poes\u00eda experimental Slimbook (2020-2023). Public\u00f3 <em>Siete payadas londrinas y un rmx<\/em> (Salta y Per\u00fa, 2025), <em>Uwu <\/em>(Fadel&amp;Fadel, 2024), <em>Crisis y belleza<\/em> (Nutrias espaciales, 2024), <em>Yo\u00b3<\/em> (Gigante, 2014), entre otros t\u00edtulos. Actualmente desarrolla el proyecto de poes\u00eda expandida Grupo Fin del Mundo (<span><a href=\"http:\/\/grupofindelmundo.com.ar\">grupofindelmundo.com.ar<\/a>) y la productora J.P.V. (la Jorge Polaco Vuelve) que se puede ver en su canal de YouTube <a href=\"http:\/\/www.youtube.com\/@lajotapeve\">www.youtube.com\/@lajotapeve<\/a><\/span><\/p>\n<p>[\/et_pb_text][\/et_pb_column][\/et_pb_row][\/et_pb_section][et_pb_section fb_built=\u00bb1&#8243; admin_label=\u00bbpoemas\u00bb _builder_version=\u00bb4.19.0&#8243; custom_margin=\u00bb0px||||false|false\u00bb custom_padding=\u00bb0px||||false|false\u00bb global_colors_info=\u00bb{}\u00bb][et_pb_row custom_padding_last_edited=\u00bboff|phone\u00bb _builder_version=\u00bb4.16&#8243; background_position=\u00bbbottom_center\u00bb custom_padding_tablet=\u00bb17vw||17vw||false\u00bb use_custom_width=\u00bbon\u00bb width_unit=\u00bboff\u00bb custom_width_percent=\u00bb100%\u00bb locked=\u00bboff\u00bb global_colors_info=\u00bb{}\u00bb][et_pb_column type=\u00bb4_4&#8243; _builder_version=\u00bb4.16&#8243; custom_padding=\u00bb|||\u00bb global_colors_info=\u00bb{}\u00bb custom_padding__hover=\u00bb|||\u00bb][et_pb_text _builder_version=\u00bb4.19.0&#8243; text_font=\u00bb||||||||\u00bb text_font_size=\u00bb41px\u00bb header_font=\u00bb||||||||\u00bb header_font_size=\u00bb60px\u00bb header_2_font=\u00bbPrata|500|||||||\u00bb header_2_font_size=\u00bb56px\u00bb header_2_line_height=\u00bb1.3em\u00bb header_3_font=\u00bb|700||on|||||\u00bb header_3_text_color=\u00bbrgba(0,0,0,0.35)\u00bb header_3_font_size=\u00bb12px\u00bb header_3_letter_spacing=\u00bb5px\u00bb header_3_line_height=\u00bb2em\u00bb transform_translate_linked=\u00bboff\u00bb text_orientation=\u00bbcenter\u00bb max_width=\u00bb700px\u00bb max_width_tablet=\u00bb70%\u00bb max_width_last_edited=\u00bboff|phone\u00bb module_alignment=\u00bbcenter\u00bb header_2_font_size_tablet=\u00bb40px\u00bb header_2_font_size_phone=\u00bb26px\u00bb header_2_font_size_last_edited=\u00bbon|phone\u00bb header_3_font_size_phone=\u00bb10px\u00bb header_3_font_size_last_edited=\u00bboff|desktop\u00bb module_alignment_last_edited=\u00bboff|desktop\u00bb text_text_align=\u00bbcenter\u00bb inline_fonts=\u00bbCrimson Pro\u00bb global_colors_info=\u00bb{}\u00bb]<\/p>\n<h1>poemas<\/h1>\n<p>[\/et_pb_text][\/et_pb_column][\/et_pb_row][et_pb_row _builder_version=\u00bb4.19.0&#8243; _module_preset=\u00bbdefault\u00bb global_colors_info=\u00bb{}\u00bb][et_pb_column type=\u00bb4_4&#8243; _builder_version=\u00bb4.19.0&#8243; _module_preset=\u00bbdefault\u00bb global_colors_info=\u00bb{}\u00bb][et_pb_accordion _builder_version=\u00bb4.19.0&#8243; _module_preset=\u00bbdefault\u00bb global_colors_info=\u00bb{}\u00bb][et_pb_accordion_item title=\u00bbIn\u00fatil\u00bb open=\u00bbon\u00bb _builder_version=\u00bb4.19.0&#8243; _module_preset=\u00bbdefault\u00bb global_colors_info=\u00bb{}\u00bb]<\/p>\n<p>Mientras estoy tirado en la terraza de mi casa,<\/p>\n<p>rasp\u00e1ndome los dedos contra el suelo de concreto,<\/p>\n<p>pienso en que si hubiese estudiado algo quiz\u00e1s<\/p>\n<p>no estar\u00eda preocup\u00e1ndome ahora por los trabajos<\/p>\n<p>no calificados en los que me voy a tener que anotar<\/p>\n<p>dentro de unos meses. Sin embargo, tengo cosechados<\/p>\n<p>en mi memoria 136 poemas, de algunos recuerdo<\/p>\n<p>s\u00f3lo los comienzos, de otros frases sueltas y muchos<\/p>\n<p>completos. Pero nadie evalu\u00f3 mi conocimiento y eso<\/p>\n<p>complica un poco la veracidad de lo que s\u00e9<\/p>\n<p>para los empleadores estatales y privados. No me arrepiento:<\/p>\n<p>acumulo cosas en mi mente por placer y no pretendo<\/p>\n<p>que nadie confisque mis ideas en los cat\u00e1logos<\/p>\n<p>estandarizados de lo que se debe o no<\/p>\n<p>saber. Por otro lado, de todos mis trabajos<\/p>\n<p>tengo algo que ense\u00f1ar: de cuando fui cajero<\/p>\n<p>c\u00f3mo meterse billetes entre los dedos sin que la c\u00e1mara<\/p>\n<p>lo registre, de cuando cocinaba patys en la cancha<\/p>\n<p>la intensidad naranja con que ca\u00eda la tarde por detr\u00e1s de las gradas<\/p>\n<p>entre el humo fibroso del paco que fumaban<\/p>\n<p>mis compa\u00f1eros, de cuando fui telemarketer<\/p>\n<p>c\u00f3mo persuadir a los clientes para que te cuenten<\/p>\n<p>las historias que te salvan las noches donde el fracaso<\/p>\n<p>se acuesta en la cama y mira fijo como se asquean<\/p>\n<p>tus dedos del cigarrillo. Ahora, que soy cadete<\/p>\n<p>s\u00e9 c\u00f3mo llegar a cualquier parte de la ciudad, puedo armar<\/p>\n<p>cualquier tipo de l\u00e1mpara con los materiales m\u00e1s rid\u00edculos<\/p>\n<p>y aprend\u00ed en detalle cada uno de los colores<\/p>\n<p>de las telas de Once, poni\u00e9ndoles nuevos nombres<\/p>\n<p>seg\u00fan las torpes inclinaciones que toma la luz<\/p>\n<p>en los d\u00edas lluviosos, donde suelo ser uno de los pocos clientes<\/p>\n<p>que se detiene a secarse las manos con la pana exhibida. Pero<\/p>\n<p>nadie puede evaluar eso y, por lo tanto, no voy a encontrar<\/p>\n<p>ninguna remuneraci\u00f3n que me quite esta pobreza<\/p>\n<p>de la ropa que uso hace siete a\u00f1os. Mejor as\u00ed, mientras<\/p>\n<p>m\u00e1s in\u00fatil sea mi conocimiento para el resto de la sociedad,<\/p>\n<p>voy a poder seguir aprovechando esta terraza<\/p>\n<p>y el sol enfri\u00e1ndose en mi cara sin que<\/p>\n<p>ninguna presi\u00f3n de clasificaci\u00f3n interrumpa<\/p>\n<p>la vagancia de saber las indiscreciones<\/p>\n<p>que me hacen sonre\u00edr cuando todo parece suspendido<\/p>\n<p>y s\u00f3lo mi imaginaci\u00f3n puede activar el movimiento laico<\/p>\n<p>de las molduras prehist\u00f3ricas de las nubes.<\/p>\n<p>&nbsp;<\/p>\n<p>&nbsp;<\/p>\n<p><strong>de <em>Crisis y Belleza <\/em>(Nutrias Espaciales, 2024)<\/strong><\/p>\n<p>[\/et_pb_accordion_item][et_pb_accordion_item title=\u00bbAedes aegypti\u00bb _builder_version=\u00bb4.19.0&#8243; _module_preset=\u00bbdefault\u00bb global_colors_info=\u00bb{}\u00bb open=\u00bboff\u00bb]<\/p>\n<p>L\u00ednea costera, nubes, ventilador,<\/p>\n<p>est\u00f3mago y zapotes y humedal:<\/p>\n<p>lluvia, al fin, mosquito y cerebro,<\/p>\n<p>sudor, as\u00ed mezclado, gaseoso,<\/p>\n<p>intuici\u00f3n, gota, drena, hierve, vena,<\/p>\n<p>un \u00e1ngel de la selva drena sudor,<\/p>\n<p>un leve mareo, un blend, las palmas<\/p>\n<p>rojas, las palmas con coco verde,<\/p>\n<p>fiebre, delf\u00edn, fermento y n\u00e1usea,<\/p>\n<p>de mosquito a humano, \u00e1ngel y nave,<\/p>\n<p>de una lluvia un huevo a un boquete en el ARN,<\/p>\n<p>nave espacial, transporte min\u00fasculo de sangre,<\/p>\n<p>balde de agua, electrolitos, sudor y pollo,<\/p>\n<p>or\u00edn, bater\u00eda, nubes, lluvias y monedas<\/p>\n<p>de plata, plata coloidal, ajo y sol,<\/p>\n<p>agua en bid\u00f3n, mareo de d\u00eda, de<\/p>\n<p>noche tambi\u00e9n, tarde rosa,<\/p>\n<p>perro, calle, vapor, sarna,<\/p>\n<p>metal sabor, metal sabor,<\/p>\n<p>metal, sabor metal, sabor,<\/p>\n<p>bater\u00eda y piel, gel, colch\u00f3n y sol,<\/p>\n<p>calma avenida y precios altos,<\/p>\n<p>fiebre alta y temporada baja,<\/p>\n<p>flotador, snorkel, derrames serosos<\/p>\n<p>y a veces choque, choca el ADO,<\/p>\n<p>moto, pierna, hueso, carne<\/p>\n<p>cruda al sol, ardor y piedritas,<\/p>\n<p>aliento y de egipto, barriles en barcos, olas,<\/p>\n<p>paracetamol, palmera, mareas y ronchas,<\/p>\n<p>templo, casa, tumba, habitaci\u00f3n,<\/p>\n<p>v\u00f3mitos, ronchas, deudas m\u00e1s alfa,<\/p>\n<p>alfa privativa, aedo, v\u00f3mitos,<\/p>\n<p>par\u00e1sito cantor de un egipto de mosquitos,<\/p>\n<p>sue\u00f1os, colch\u00f3n h\u00famedo, \u00e1spero, sudor seco<\/p>\n<p>trata y vida, precarizaci\u00f3n,<\/p>\n<p>hotel de propinas y fiebres,<\/p>\n<p>big farma mafia, hemorragia, plata,<\/p>\n<p>drogas duras, caribe y una tostada,<\/p>\n<p>sangrado de mucosas, insomnio,<\/p>\n<p>temor y depresi\u00f3n, arena<\/p>\n<p>en el cerebro, otro blend,<\/p>\n<p>un pipazo, melanina,<\/p>\n<p>lenta deformaci\u00f3n de la heladera<\/p>\n<p>antes compacta ahora vaporosa,<\/p>\n<p>mis piernas se alargan, el ventilador<\/p>\n<p>me las trae de vuelta, se detiene,<\/p>\n<p>el ventilador se detiene,<\/p>\n<p>el ambiente se calma, baja<\/p>\n<p>la tensi\u00f3n, se fue la luz,<\/p>\n<p>el pueblo pierde un temblor,<\/p>\n<p>un fondo y lentamente la selva<\/p>\n<p>se introduce: hojas, aves, mapaches,<\/p>\n<p>tlacoaches, ratones, gatos, gecos,<\/p>\n<p>escucho la marcha de hormigas en la palmera,<\/p>\n<p>whatsapp y el mundo sigue con su din\u00e1mica,<\/p>\n<p>habitaciones ocupadas, vac\u00edas, eco,<\/p>\n<p>la palmera se evapora, el mensaje se pierde,<\/p>\n<p>no s\u00e9 si estoy en el balc\u00f3n o en la cama,<\/p>\n<p>me muevo lento y deforme,<\/p>\n<p>hu\u00e9sped de un virus y habitaciones,<\/p>\n<p>nos abrazamos pero no, la membrana\u00a0<\/p>\n<p>de calor y el leve mareo nos confunde,<\/p>\n<p>un animal retra\u00eddo en los bosques,<\/p>\n<p>al ni\u00f1o se lo comi\u00f3 una jaur\u00eda de perros,<\/p>\n<p>los perros ten\u00edan due\u00f1o, abr\u00ed<\/p>\n<p>ventanas, no ol\u00eda a nada.<\/p>\n<p>&nbsp;<\/p>\n<p>&nbsp;<\/p>\n<p><strong>de <em>Crisis y Belleza <\/em>(Nutrias Espaciales, 2024)<\/strong><\/p>\n<p>[\/et_pb_accordion_item][et_pb_accordion_item title=\u00bb16&#8243; _builder_version=\u00bb4.19.0&#8243; _module_preset=\u00bbdefault\u00bb global_colors_info=\u00bb{}\u00bb open=\u00bboff\u00bb]<\/p>\n<p>Esa idea de palta infinita<\/p>\n<p>ya se afin\u00f3, ahora sale en plata 800,<\/p>\n<p>500, 900, seg\u00fan. Esa idea<\/p>\n<p>de mango infinita se afin\u00f3,<\/p>\n<p>ahora sale 500 la unidad,<\/p>\n<p>en barrios m\u00e1s pudientes 1000<\/p>\n<p>en barrios menos pudientes<\/p>\n<p>no hay mango, plata no sale.<\/p>\n<p>La palta y la plata se oscurecen<\/p>\n<p>con el tiempo, la plata compra<\/p>\n<p>el brillo del mango que se llena de moretones<\/p>\n<p>con los d\u00edas. Ya ven\u00eda golpeado por dentro<\/p>\n<p>el mango,\u00a0 golpeada por fuera<\/p>\n<p>la plata. Antes era infinito el mango<\/p>\n<p>la palta, la plata nunca fue infinita,<\/p>\n<p>ahora es m\u00e1s finita que de costumbre<\/p>\n<p>el mango, la pala.<\/p>\n<p>&nbsp;<\/p>\n<p>&nbsp;<\/p>\n<p><strong>de <em>Uwu <\/em>(Fadel&amp;Fadel, 2024)<\/strong><\/p>\n<p>[\/et_pb_accordion_item][et_pb_accordion_item title=\u00bb9&#8243; _builder_version=\u00bb4.19.0&#8243; _module_preset=\u00bbdefault\u00bb global_colors_info=\u00bb{}\u00bb open=\u00bboff\u00bb]<\/p>\n<p>Y ah\u00ed viene la moneda \u00fanica.<\/p>\n<p>Qu\u00e9 cara de moneda \u00fanica.<\/p>\n<p>Car\u00edsima. La moneda l\u00fanica.<\/p>\n<p>\u00a0Ah\u00ed viene. Viene implica<\/p>\n<p>que quienes vienen tienen<\/p>\n<p>un horizonte que se les va.<\/p>\n<p>Y nadie viene sin su ida.<\/p>\n<p>Y ah\u00ed viene la moneda \u00fanica<\/p>\n<p>que parece no temer ida<\/p>\n<p>sino que es la vida.<\/p>\n<p>Hola moneda, hola<\/p>\n<p>c\u00f3mo es que te gasto<\/p>\n<p>en pasto, me dice,<\/p>\n<p>qu\u00e9 asco, le digo,<\/p>\n<p>qu\u00e9 tacto, me vicia,<\/p>\n<p>qu\u00e9 pacto, le he,<\/p>\n<p>no, no es pacto<\/p>\n<p>es trato no no es<\/p>\n<p>trato es tregua<\/p>\n<p>no no es tregua<\/p>\n<p>es yegua no no es<\/p>\n<p>mengua es deuda.<\/p>\n<p>La moneda \u00fanica ah\u00ed viene.<\/p>\n<p>Hola moneda, hola \u00fanica,<\/p>\n<p>sola moneda, dola y p\u00fanica.<\/p>\n<p>&nbsp;<\/p>\n<p>&nbsp;<\/p>\n<p><strong>de <em>Uwu <\/em>(Fadel&amp;Fadel, 2024)<\/strong><\/p>\n<p>[\/et_pb_accordion_item][et_pb_accordion_item title=\u00bbCanto al interior\u00bb _builder_version=\u00bb4.19.0&#8243; _module_preset=\u00bbdefault\u00bb global_colors_info=\u00bb{}\u00bb open=\u00bboff\u00bb]<\/p>\n<p>Estaba desnudo sentado en una piedra<\/p>\n<p>y se me meti\u00f3 un gusanito en el culo.<\/p>\n<p>El problema fue el egreso, no el ingreso,<\/p>\n<p>lo fecal sal\u00eda, lo animal quedaba:<\/p>\n<p>se arropaba el gusanito en mi intestino,<\/p>\n<p>cada vez m\u00e1s, cada vez m\u00e1s, y sent\u00ed l\u00e1stima.<\/p>\n<p>Qu\u00e9 solo el gusanito est\u00e1 en mis v\u00edsceras.<\/p>\n<p>As\u00ed que me confund\u00ed en la piedra misma<\/p>\n<p>y sin esfuerzo me entr\u00f3 una hormiga.<\/p>\n<p>Pero qu\u00e9 cambia una hormiga y un gusanito<\/p>\n<p>dentro m\u00edo solos ambos. Abr\u00ed el pecho,<\/p>\n<p>abr\u00ed la cola al sol y me entr\u00f3 una mosca.<\/p>\n<p>Un gusanito, una hormiga y una mosca<\/p>\n<p>hac\u00edan rancho aparte, cada uno<\/p>\n<p>alambraba mi interior \u00bfdistinguen<\/p>\n<p>el monte de mi adentro? \u00bfas\u00ed fui monte?<\/p>\n<p>Pese a que habitaban mi cerebro intestinal<\/p>\n<p style=\"padding-left: 80px\">no me hac\u00eda de su venida.<\/p>\n<p>As\u00ed que volv\u00ed al monte, al r\u00edo, me sent\u00e9<\/p>\n<p>en medio del r\u00edo, dilat\u00e9 a la corriente<\/p>\n<p>un pez fue dentro y trop\u00e9 lento cuesta arriba<\/p>\n<p>hacia la tormenta, el ano a la crecida<\/p>\n<p>y entraron varios nogales, un caser\u00edo,<\/p>\n<p>maleza y piedras, y el gusanito, la hormiga,<\/p>\n<p>la mosca y el tard\u00edo pez, tuvieron monte<\/p>\n<p>dentro m\u00edo. Era fuera por dentro, por fuera<\/p>\n<p>segu\u00eda Marzo y yo diciendo<\/p>\n<p>me yo, pensando en la soledad de un mundo<\/p>\n<p>que veo desde afuera.<\/p>\n<p>&nbsp;<\/p>\n<p>&nbsp;<\/p>\n<p><strong>de <em>Siete payadas londrinas <\/em>(Salta y Per\u00fa, 2025)<\/strong><\/p>\n<p>[\/et_pb_accordion_item][\/et_pb_accordion][\/et_pb_column][\/et_pb_row][\/et_pb_section][et_pb_section fb_built=\u00bb1&#8243; admin_label=\u00bbcontacto\u00bb _builder_version=\u00bb4.19.0&#8243; background_size=\u00bbinitial\u00bb background_repeat=\u00bbrepeat-y\u00bb custom_padding=\u00bb0px|||||\u00bb saved_tabs=\u00bball\u00bb locked=\u00bboff\u00bb global_colors_info=\u00bb{}\u00bb][et_pb_row disabled_on=\u00bbon|on|on\u00bb _builder_version=\u00bb4.19.0&#8243; width=\u00bb74%\u00bb custom_margin=\u00bb|auto||auto|false|false\u00bb custom_padding=\u00bb||||false|false\u00bb border_width_top=\u00bb2px\u00bb disabled=\u00bbon\u00bb global_colors_info=\u00bb{}\u00bb][et_pb_column type=\u00bb4_4&#8243; _builder_version=\u00bb4.19.0&#8243; custom_padding=\u00bb|||\u00bb global_colors_info=\u00bb{}\u00bb custom_padding__hover=\u00bb|||\u00bb][et_pb_social_media_follow _builder_version=\u00bb4.19.0&#8243; text_orientation=\u00bbcenter\u00bb custom_margin=\u00bb-20px|||-10px\u00bb custom_margin_tablet=\u00bb\u00bb custom_margin_phone=\u00bb-20px||\u00bb custom_margin_last_edited=\u00bbon|desktop\u00bb filter_invert=\u00bb100%\u00bb locked=\u00bboff\u00bb global_colors_info=\u00bb{}\u00bb icon_color__hover=\u00bb#e02b20&#8243;][et_pb_social_media_follow_network social_network=\u00bbfacebook\u00bb _builder_version=\u00bb4.16&#8243; global_colors_info=\u00bb{}\u00bb follow_button=\u00bboff\u00bb url_new_window=\u00bbon\u00bb]facebook[\/et_pb_social_media_follow_network][et_pb_social_media_follow_network social_network=\u00bbtwitter\u00bb _builder_version=\u00bb4.16&#8243; global_colors_info=\u00bb{}\u00bb follow_button=\u00bboff\u00bb url_new_window=\u00bbon\u00bb]twitter[\/et_pb_social_media_follow_network][et_pb_social_media_follow_network social_network=\u00bbgoogle-plus\u00bb _builder_version=\u00bb4.16&#8243; global_colors_info=\u00bb{}\u00bb follow_button=\u00bboff\u00bb url_new_window=\u00bbon\u00bb]google-plus[\/et_pb_social_media_follow_network][et_pb_social_media_follow_network social_network=\u00bbinstagram\u00bb _builder_version=\u00bb4.16&#8243; global_colors_info=\u00bb{}\u00bb follow_button=\u00bboff\u00bb url_new_window=\u00bbon\u00bb]instagram[\/et_pb_social_media_follow_network][\/et_pb_social_media_follow][\/et_pb_column][\/et_pb_row][\/et_pb_section]<\/p>\n","protected":false},"excerpt":{"rendered":"<p>Mat\u00edas Heer(Buenos Aires, 1984) \u00a0Poeta, disquetraductor, editor por espasmos, articulero, \u201chago ruidito\u201d y montajista de videoenchastres. Codirigi\u00f3 Colecci\u00f3n Chapita (2008-2014), el centro de estudios po\u00e9ticos Embalse, Gimnasio de poes\u00eda (2011) [&hellip;]<\/p>\n","protected":false},"author":138435,"featured_media":0,"parent":0,"menu_order":0,"comment_status":"closed","ping_status":"closed","template":"","meta":{"_acf_changed":false,"_et_pb_use_builder":"on","_et_pb_old_content":"","_et_gb_content_width":"","footnotes":""},"class_list":["post-1161","page","type-page","status-publish","hentry"],"acf":[],"yoast_head":"<!-- This site is optimized with the Yoast SEO plugin v27.2 - https:\/\/yoast.com\/product\/yoast-seo-wordpress\/ -->\n<title>Mat\u00edas Heer - Festival Internacional de Poes\u00eda de Rosario<\/title>\n<meta name=\"robots\" content=\"index, follow, max-snippet:-1, max-image-preview:large, max-video-preview:-1\" \/>\n<link rel=\"canonical\" href=\"https:\/\/www.santafe.gob.ar\/ms\/fipr\/matias-heer\/\" \/>\n<meta property=\"og:locale\" content=\"es_ES\" \/>\n<meta property=\"og:type\" content=\"article\" \/>\n<meta property=\"og:title\" content=\"Mat\u00edas Heer - Festival Internacional de Poes\u00eda de Rosario\" \/>\n<meta property=\"og:description\" content=\"Mat\u00edas Heer(Buenos Aires, 1984) \u00a0Poeta, disquetraductor, editor por espasmos, articulero, \u201chago ruidito\u201d y montajista de videoenchastres. Codirigi\u00f3 Colecci\u00f3n Chapita (2008-2014), el centro de estudios po\u00e9ticos Embalse, Gimnasio de poes\u00eda (2011) [&hellip;]\" \/>\n<meta property=\"og:url\" content=\"https:\/\/www.santafe.gob.ar\/ms\/fipr\/matias-heer\/\" \/>\n<meta property=\"og:site_name\" content=\"Festival Internacional de Poes\u00eda de Rosario\" \/>\n<meta property=\"article:modified_time\" content=\"2025-11-11T10:50:47+00:00\" \/>\n<meta name=\"twitter:card\" content=\"summary_large_image\" \/>\n<meta name=\"twitter:label1\" content=\"Tiempo de lectura\" \/>\n\t<meta name=\"twitter:data1\" content=\"12 minutos\" \/>\n<script type=\"application\/ld+json\" class=\"yoast-schema-graph\">{\"@context\":\"https:\/\/schema.org\",\"@graph\":[{\"@type\":\"WebPage\",\"@id\":\"https:\/\/www.santafe.gob.ar\/ms\/fipr\/matias-heer\/\",\"url\":\"https:\/\/www.santafe.gob.ar\/ms\/fipr\/matias-heer\/\",\"name\":\"Mat\u00edas Heer - Festival Internacional de Poes\u00eda de Rosario\",\"isPartOf\":{\"@id\":\"https:\/\/www.santafe.gob.ar\/ms\/fipr\/#website\"},\"datePublished\":\"2025-11-08T21:44:31+00:00\",\"dateModified\":\"2025-11-11T10:50:47+00:00\",\"breadcrumb\":{\"@id\":\"https:\/\/www.santafe.gob.ar\/ms\/fipr\/matias-heer\/#breadcrumb\"},\"inLanguage\":\"es\",\"potentialAction\":[{\"@type\":\"ReadAction\",\"target\":[\"https:\/\/www.santafe.gob.ar\/ms\/fipr\/matias-heer\/\"]}]},{\"@type\":\"BreadcrumbList\",\"@id\":\"https:\/\/www.santafe.gob.ar\/ms\/fipr\/matias-heer\/#breadcrumb\",\"itemListElement\":[{\"@type\":\"ListItem\",\"position\":1,\"name\":\"Portada\",\"item\":\"https:\/\/www.santafe.gob.ar\/ms\/fipr\/\"},{\"@type\":\"ListItem\",\"position\":2,\"name\":\"Mat\u00edas Heer\"}]},{\"@type\":\"WebSite\",\"@id\":\"https:\/\/www.santafe.gob.ar\/ms\/fipr\/#website\",\"url\":\"https:\/\/www.santafe.gob.ar\/ms\/fipr\/\",\"name\":\"Festival Internacional de Poes\u00eda de Rosario\",\"description\":\"\",\"potentialAction\":[{\"@type\":\"SearchAction\",\"target\":{\"@type\":\"EntryPoint\",\"urlTemplate\":\"https:\/\/www.santafe.gob.ar\/ms\/fipr\/?s={search_term_string}\"},\"query-input\":{\"@type\":\"PropertyValueSpecification\",\"valueRequired\":true,\"valueName\":\"search_term_string\"}}],\"inLanguage\":\"es\"}]}<\/script>\n<!-- \/ Yoast SEO plugin. -->","yoast_head_json":{"title":"Mat\u00edas Heer - Festival Internacional de Poes\u00eda de Rosario","robots":{"index":"index","follow":"follow","max-snippet":"max-snippet:-1","max-image-preview":"max-image-preview:large","max-video-preview":"max-video-preview:-1"},"canonical":"https:\/\/www.santafe.gob.ar\/ms\/fipr\/matias-heer\/","og_locale":"es_ES","og_type":"article","og_title":"Mat\u00edas Heer - Festival Internacional de Poes\u00eda de Rosario","og_description":"Mat\u00edas Heer(Buenos Aires, 1984) \u00a0Poeta, disquetraductor, editor por espasmos, articulero, \u201chago ruidito\u201d y montajista de videoenchastres. Codirigi\u00f3 Colecci\u00f3n Chapita (2008-2014), el centro de estudios po\u00e9ticos Embalse, Gimnasio de poes\u00eda (2011) [&hellip;]","og_url":"https:\/\/www.santafe.gob.ar\/ms\/fipr\/matias-heer\/","og_site_name":"Festival Internacional de Poes\u00eda de Rosario","article_modified_time":"2025-11-11T10:50:47+00:00","twitter_card":"summary_large_image","twitter_misc":{"Tiempo de lectura":"12 minutos"},"schema":{"@context":"https:\/\/schema.org","@graph":[{"@type":"WebPage","@id":"https:\/\/www.santafe.gob.ar\/ms\/fipr\/matias-heer\/","url":"https:\/\/www.santafe.gob.ar\/ms\/fipr\/matias-heer\/","name":"Mat\u00edas Heer - Festival Internacional de Poes\u00eda de Rosario","isPartOf":{"@id":"https:\/\/www.santafe.gob.ar\/ms\/fipr\/#website"},"datePublished":"2025-11-08T21:44:31+00:00","dateModified":"2025-11-11T10:50:47+00:00","breadcrumb":{"@id":"https:\/\/www.santafe.gob.ar\/ms\/fipr\/matias-heer\/#breadcrumb"},"inLanguage":"es","potentialAction":[{"@type":"ReadAction","target":["https:\/\/www.santafe.gob.ar\/ms\/fipr\/matias-heer\/"]}]},{"@type":"BreadcrumbList","@id":"https:\/\/www.santafe.gob.ar\/ms\/fipr\/matias-heer\/#breadcrumb","itemListElement":[{"@type":"ListItem","position":1,"name":"Portada","item":"https:\/\/www.santafe.gob.ar\/ms\/fipr\/"},{"@type":"ListItem","position":2,"name":"Mat\u00edas Heer"}]},{"@type":"WebSite","@id":"https:\/\/www.santafe.gob.ar\/ms\/fipr\/#website","url":"https:\/\/www.santafe.gob.ar\/ms\/fipr\/","name":"Festival Internacional de Poes\u00eda de Rosario","description":"","potentialAction":[{"@type":"SearchAction","target":{"@type":"EntryPoint","urlTemplate":"https:\/\/www.santafe.gob.ar\/ms\/fipr\/?s={search_term_string}"},"query-input":{"@type":"PropertyValueSpecification","valueRequired":true,"valueName":"search_term_string"}}],"inLanguage":"es"}]}},"_links":{"self":[{"href":"https:\/\/www.santafe.gob.ar\/ms\/fipr\/wp-json\/wp\/v2\/pages\/1161","targetHints":{"allow":["GET"]}}],"collection":[{"href":"https:\/\/www.santafe.gob.ar\/ms\/fipr\/wp-json\/wp\/v2\/pages"}],"about":[{"href":"https:\/\/www.santafe.gob.ar\/ms\/fipr\/wp-json\/wp\/v2\/types\/page"}],"author":[{"embeddable":true,"href":"https:\/\/www.santafe.gob.ar\/ms\/fipr\/wp-json\/wp\/v2\/users\/138435"}],"replies":[{"embeddable":true,"href":"https:\/\/www.santafe.gob.ar\/ms\/fipr\/wp-json\/wp\/v2\/comments?post=1161"}],"version-history":[{"count":10,"href":"https:\/\/www.santafe.gob.ar\/ms\/fipr\/wp-json\/wp\/v2\/pages\/1161\/revisions"}],"predecessor-version":[{"id":1685,"href":"https:\/\/www.santafe.gob.ar\/ms\/fipr\/wp-json\/wp\/v2\/pages\/1161\/revisions\/1685"}],"wp:attachment":[{"href":"https:\/\/www.santafe.gob.ar\/ms\/fipr\/wp-json\/wp\/v2\/media?parent=1161"}],"curies":[{"name":"wp","href":"https:\/\/api.w.org\/{rel}","templated":true}]}}