{"id":1165,"date":"2025-11-08T22:45:43","date_gmt":"2025-11-08T21:45:43","guid":{"rendered":"https:\/\/www.santafe.gob.ar\/ms\/fipr\/?page_id=1165"},"modified":"2025-11-11T11:59:39","modified_gmt":"2025-11-11T10:59:39","slug":"nacho-gebala-elias","status":"publish","type":"page","link":"https:\/\/www.santafe.gob.ar\/ms\/fipr\/nacho-gebala-elias\/","title":{"rendered":"Nacho Gebala Elias"},"content":{"rendered":"<p>[et_pb_section fb_built=\u00bb1&#8243; custom_padding_last_edited=\u00bboff|desktop\u00bb admin_label=\u00bbHeader\u00bb _builder_version=\u00bb4.19.0&#8243; background_color_gradient_direction=\u00bb188deg\u00bb background_image=\u00bbhttps:\/\/www.santafe.gob.ar\/ms\/fipr\/wp-content\/uploads\/sites\/88\/2025\/11\/art-gallery-55.jpg\u00bb background_size=\u00bbinitial\u00bb background_repeat=\u00bbrepeat\u00bb width=\u00bb100%\u00bb custom_padding_tablet=\u00bb5vw||5vw||true\u00bb top_divider_style=\u00bbslant\u00bb top_divider_color=\u00bb#063A29&#8243; top_divider_height=\u00bb153px\u00bb top_divider_flip=\u00bbhorizontal\u00bb global_colors_info=\u00bb{}\u00bb][et_pb_row column_structure=\u00bb2_5,3_5&#8243; use_custom_gutter=\u00bbon\u00bb gutter_width=\u00bb2&#8243; make_equal=\u00bbon\u00bb admin_label=\u00bbFila\u00bb _builder_version=\u00bb4.19.0&#8243; use_custom_width=\u00bbon\u00bb width_unit=\u00bboff\u00bb custom_width_percent=\u00bb100%\u00bb locked=\u00bboff\u00bb global_colors_info=\u00bb{}\u00bb][et_pb_column type=\u00bb2_5&#8243; _builder_version=\u00bb4.16&#8243; custom_padding=\u00bb|||\u00bb global_colors_info=\u00bb{}\u00bb custom_padding__hover=\u00bb|||\u00bb][et_pb_text _builder_version=\u00bb4.19.0&#8243; text_font=\u00bbCrimson Pro||||||||\u00bb text_text_color=\u00bb#121212&#8243; text_font_size=\u00bb68px\u00bb text_line_height=\u00bb1em\u00bb header_font=\u00bb||||||||\u00bb header_2_font=\u00bbPrata|500|||||||\u00bb header_2_text_align=\u00bbleft\u00bb header_2_font_size=\u00bb56px\u00bb header_2_line_height=\u00bb1.3em\u00bb header_4_font=\u00bb|700|||||||\u00bb header_4_font_size=\u00bb20px\u00bb header_4_line_height=\u00bb1.2em\u00bb transform_translate_linked=\u00bboff\u00bb max_width=\u00bb100%\u00bb max_width_tablet=\u00bb70%\u00bb max_width_last_edited=\u00bboff|phone\u00bb hover_enabled=\u00bb0&#8243; text_font_size_tablet=\u00bb68px\u00bb text_font_size_phone=\u00bb42px\u00bb text_font_size_last_edited=\u00bbon|phone\u00bb header_2_font_size_tablet=\u00bb40px\u00bb header_2_font_size_phone=\u00bb26px\u00bb header_2_font_size_last_edited=\u00bbon|desktop\u00bb global_colors_info=\u00bb{}\u00bb sticky_enabled=\u00bb0&#8243;]<\/p>\n<p><strong>Nacho Gebala Elias<\/strong><\/p>\n<p>[\/et_pb_text][et_pb_image src=\u00bbhttps:\/\/www.santafe.gob.ar\/ms\/fipr\/wp-content\/uploads\/sites\/88\/2025\/11\/0Nacho-Gebala-Elias-Las-Toscas-Santa-Fe-1990.jpg\u00bb title_text=\u00bb0Nacho Gebala Elias (Las Toscas, Santa Fe, 1990)\u00bb _builder_version=\u00bb4.19.0&#8243; _module_preset=\u00bbdefault\u00bb global_colors_info=\u00bb{}\u00bb][\/et_pb_image][\/et_pb_column][et_pb_column type=\u00bb3_5&#8243; _builder_version=\u00bb4.19.0&#8243; custom_padding=\u00bb51px||||false|false\u00bb global_colors_info=\u00bb{}\u00bb custom_padding__hover=\u00bb|||\u00bb][et_pb_text _builder_version=\u00bb4.19.0&#8243; text_font=\u00bb||||||||\u00bb header_font=\u00bb|700|||||||\u00bb header_font_size=\u00bb20px\u00bb header_line_height=\u00bb1.3em\u00bb header_2_font=\u00bb|700|||||||\u00bb header_2_font_size=\u00bb20px\u00bb header_2_line_height=\u00bb1.3em\u00bb header_3_font=\u00bb|700|||||||\u00bb header_3_font_size=\u00bb16px\u00bb header_3_line_height=\u00bb1.3em\u00bb custom_padding=\u00bb||7px|||\u00bb header_font_size_tablet=\u00bb\u00bb header_font_size_phone=\u00bb\u00bb header_font_size_last_edited=\u00bbon|desktop\u00bb locked=\u00bboff\u00bb global_colors_info=\u00bb{}\u00bb]<\/p>\n<p><span>(Las Toscas, Santa Fe, 1990)<\/span><\/p>\n<p><span>\u00a0<\/span><span>Naci\u00f3 en Las Toscas, al noreste de la provincia de Santa Fe, zona conocida como humedal Jaaukanig\u00e1s, donde vive actualmente. Estudi\u00f3 Licenciatura en Ciencia Pol\u00edtica en la UNR hasta el ciclo superior. Actualmente estudia el Profesorado de Lengua y Literatura en el Instituto Superior N.\u00b0 63. Es poeta, escritor y gu\u00eda de turismo en naturaleza. Sus textos integran los libros <em>Rosario, una ciudad anfibia. Cr\u00f3nicas contempor\u00e1neas <\/em>(2019), <em>Bit\u00e1coras de la intimidad. Palabras del aislamiento<\/em> (2020), <em>Maestras argentinas. Entre mandatos y transgresiones<\/em> (2021), <em>Las cenizas llegaron a mi patio, una antolog\u00eda por los humedales del Paran\u00e1<\/em> (2021), <em>Diccionario enciclop\u00e9dico de las cosas que nos gustan<\/em> (2022) y <em>Orgullosa Itinerante<\/em> (2023). Su primer poemario, titulado <em>Jaaukanig\u00e1s<\/em> (Editorial Biblioteca, 2024), obtuvo una beca del Fondo Nacional de las Artes, gan\u00f3 una menci\u00f3n en el Premio Provincial de Poes\u00eda Jos\u00e9 Pedroni y fue declarado de inter\u00e9s por la C\u00e1mara de Diputados de la Provincia de Santa Fe. <\/span><\/p>\n<p>[\/et_pb_text][\/et_pb_column][\/et_pb_row][\/et_pb_section][et_pb_section fb_built=\u00bb1&#8243; admin_label=\u00bbpoemas\u00bb _builder_version=\u00bb4.19.0&#8243; custom_margin=\u00bb0px||||false|false\u00bb custom_padding=\u00bb0px||||false|false\u00bb global_colors_info=\u00bb{}\u00bb][et_pb_row custom_padding_last_edited=\u00bboff|phone\u00bb _builder_version=\u00bb4.16&#8243; background_position=\u00bbbottom_center\u00bb custom_padding_tablet=\u00bb17vw||17vw||false\u00bb use_custom_width=\u00bbon\u00bb width_unit=\u00bboff\u00bb custom_width_percent=\u00bb100%\u00bb locked=\u00bboff\u00bb global_colors_info=\u00bb{}\u00bb][et_pb_column type=\u00bb4_4&#8243; _builder_version=\u00bb4.16&#8243; custom_padding=\u00bb|||\u00bb global_colors_info=\u00bb{}\u00bb custom_padding__hover=\u00bb|||\u00bb][et_pb_text _builder_version=\u00bb4.19.0&#8243; text_font=\u00bb||||||||\u00bb text_font_size=\u00bb41px\u00bb header_font=\u00bb||||||||\u00bb header_font_size=\u00bb60px\u00bb header_2_font=\u00bbPrata|500|||||||\u00bb header_2_font_size=\u00bb56px\u00bb header_2_line_height=\u00bb1.3em\u00bb header_3_font=\u00bb|700||on|||||\u00bb header_3_text_color=\u00bbrgba(0,0,0,0.35)\u00bb header_3_font_size=\u00bb12px\u00bb header_3_letter_spacing=\u00bb5px\u00bb header_3_line_height=\u00bb2em\u00bb transform_translate_linked=\u00bboff\u00bb text_orientation=\u00bbcenter\u00bb max_width=\u00bb700px\u00bb max_width_tablet=\u00bb70%\u00bb max_width_last_edited=\u00bboff|phone\u00bb module_alignment=\u00bbcenter\u00bb header_2_font_size_tablet=\u00bb40px\u00bb header_2_font_size_phone=\u00bb26px\u00bb header_2_font_size_last_edited=\u00bbon|phone\u00bb header_3_font_size_phone=\u00bb10px\u00bb header_3_font_size_last_edited=\u00bboff|desktop\u00bb module_alignment_last_edited=\u00bboff|desktop\u00bb text_text_align=\u00bbcenter\u00bb inline_fonts=\u00bbCrimson Pro\u00bb global_colors_info=\u00bb{}\u00bb]<\/p>\n<h1>poemas<\/h1>\n<p>[\/et_pb_text][\/et_pb_column][\/et_pb_row][et_pb_row _builder_version=\u00bb4.19.0&#8243; _module_preset=\u00bbdefault\u00bb global_colors_info=\u00bb{}\u00bb][et_pb_column type=\u00bb4_4&#8243; _builder_version=\u00bb4.19.0&#8243; _module_preset=\u00bbdefault\u00bb global_colors_info=\u00bb{}\u00bb][et_pb_accordion _builder_version=\u00bb4.19.0&#8243; _module_preset=\u00bbdefault\u00bb global_colors_info=\u00bb{}\u00bb][et_pb_accordion_item title=\u00bbEric, pescador de las islas\u00bb open=\u00bbon\u00bb _builder_version=\u00bb4.19.0&#8243; _module_preset=\u00bbdefault\u00bb global_colors_info=\u00bb{}\u00bb]<\/p>\n<p>tiene la remera blanca<\/p>\n<p>que se abolsa<\/p>\n<p>y queda colgando<\/p>\n<p>manchada<\/p>\n<p>por el marr\u00f3n del barro<\/p>\n<p>y un coletazo de escamas<\/p>\n<p>que le dej\u00f3<\/p>\n<p>la noche de tormenta<\/p>\n<p>la remera desde su cuello<\/p>\n<p>languidece<\/p>\n<p>lo presenta erguido<\/p>\n<p>su piel<\/p>\n<p>llega al marr\u00f3n del sol<\/p>\n<p>al marr\u00f3n del agua<\/p>\n<p>revuelvo<\/p>\n<p>su pelo de \u00e9bano<\/p>\n<p>salpicado de arena<\/p>\n<p>part\u00edculas diminutas<\/p>\n<p>se esparcen<\/p>\n<p>como una constelaci\u00f3n<\/p>\n<p>marcan mapas<\/p>\n<p>nos dicen destinos<\/p>\n<p>entre surcos fugaces<\/p>\n<p>remolinos de la noche<\/p>\n<p>y esa fragancia<\/p>\n<p>que viene de su nuca<\/p>\n<p>ese olor<\/p>\n<p>a artemisa silvestre<\/p>\n<p><strong>\u00a0<\/strong><\/p>\n<p>&nbsp;<\/p>\n<p><strong>Publicado en <em>Jaaukanig\u00e1s<\/em> (2024), Editorial Biblioteca.<\/strong><\/p>\n<p>[\/et_pb_accordion_item][et_pb_accordion_item title=\u00bbCatorce vueltas \u00bb _builder_version=\u00bb4.19.0&#8243; _module_preset=\u00bbdefault\u00bb global_colors_info=\u00bb{}\u00bb open=\u00bboff\u00bb]<\/p>\n<p>remada la Cancha Ancha<\/p>\n<p>luego viene el paso Portland<\/p>\n<p>donde el agua achocolatada<\/p>\n<p>se junta con la pluviosa<\/p>\n<p>por all\u00ed cruzaba<\/p>\n<p>la barcaza La Carola<\/p>\n<p>transportaba cemento<\/p>\n<p>llevaba toneladas de az\u00facar<\/p>\n<p>a Goya y Bella Vista<\/p>\n<p>tra\u00eda de las islas<\/p>\n<p>picanillas y tacuaras<\/p>\n<p>en su puesto est\u00e1 Pocho Cantero<\/p>\n<p>imita id\u00e9ntico el sonido gutural<\/p>\n<p>de los yacar\u00e9s en la costa de enfrente<\/p>\n<p>el Rodeo<\/p>\n<p>zona de remansos y remolinos<\/p>\n<p>ayer casi se ahogaron<\/p>\n<p>dos que estaban pescando<\/p>\n<p>el Rodeo<\/p>\n<p>como montar a pelo<\/p>\n<p>potros salvajes<\/p>\n<p>o reses vacunas bravas<\/p>\n<p><em>el agua no tiene cabellos <\/em><\/p>\n<p><em>a los que agarrarse <\/em><\/p>\n<p>cuatro remolinos<\/p>\n<p>provocan estruendos<\/p>\n<p>la barranca se erosiona<\/p>\n<p>en forma circular<\/p>\n<p>cuerpos perdidos son guiados<\/p>\n<p>por r\u00edos subterr\u00e1neos<\/p>\n<p>el descanso y el amarre<\/p>\n<p>en las Tres Boquitas<\/p>\n<p>bajo la sombra de un <em>chacoensis <\/em><\/p>\n<p><em>yvyra rembe&#8217;y <\/em><\/p>\n<p>\u00e1rbol que crece a orillas del agua<\/p>\n<p>los caray\u00e1s aulladores anuncian<\/p>\n<p>el comienzo de las Catorce Vueltas<\/p>\n<p>selva de galer\u00eda<\/p>\n<p>coraz\u00f3n de cementerios<\/p>\n<p>curvas de Aqueronte<\/p>\n<p>donde se varaban<\/p>\n<p>las vigas robadas<\/p>\n<p>de las jangadas<\/p>\n<p>r\u00edo abajo ven\u00eda el jangadero<\/p>\n<p>desde Paraguay por el Paran\u00e1<\/p>\n<p>aparec\u00edan los bandidos del agua<\/p>\n<p>cortando cadenas<\/p>\n<p>las vigas se desbandaban<\/p>\n<p>entraban por los riachos<\/p>\n<p>acarriadas con la correntada<\/p>\n<p>muchas se vararon<\/p>\n<p>las descubre la bajante<\/p>\n<p>dicen que los bancos de cedro<\/p>\n<p>de la iglesia de mi pueblo<\/p>\n<p>est\u00e1n hechos de estas vigas<\/p>\n<p>de jangadas robadas<\/p>\n<p>la trepadora <em>mikania <\/em><\/p>\n<p>hierba de las serpientes<\/p>\n<p>amuralla las Catorce Vueltas<\/p>\n<p>perfuma marzo<\/p>\n<p>sus m\u00e1rgenes dentados<\/p>\n<p>son alas de drag\u00f3n<\/p>\n<p>el <em>inga <\/em>colorado acaricia el lecho<\/p>\n<p>su plumerillo divaga<\/p>\n<p>por la brisa estival<\/p>\n<p>bajo su raquis alado<\/p>\n<p>sirve tazones de n\u00e9ctar<\/p>\n<p>en simbiosis con las hormigas<\/p>\n<p>en la vuelta<\/p>\n<p>del timb\u00f3 <em>inundata <\/em>que duerme<\/p>\n<p>la siesta se cuelga<\/p>\n<p>de lianas y mu\u00e9rdagos<\/p>\n<p>los camalotes gigantes<\/p>\n<p>bien podr\u00edan dar morada<\/p>\n<p>a aguaciles del paleozoico<\/p>\n<p>un centenario <em>manduvir\u00e3 <\/em><\/p>\n<p>lleva las marcas de las crecientes<\/p>\n<p>en sus ramas lanzas<\/p>\n<p>las ara\u00f1as urden las telas<\/p>\n<p>que paralizan las \u00e1nimas<\/p>\n<p>Francisco \u00c1lvarez<\/p>\n<p>bandido rural<\/p>\n<p>gaucho benefactor de los pobres<\/p>\n<p>se hund\u00eda en los troncos<\/p>\n<p>acanalados de aletones<\/p>\n<p>salpicado por la sangre<\/p>\n<p>naranja de dragos<\/p>\n<p>el bosque de ceibos<\/p>\n<p>solita la <em>karanda&#8217;y <\/em><\/p>\n<p>en otra vuelta<\/p>\n<p>te espera<\/p>\n<p>el <em>yvyra pyt\u00e3 <\/em>m\u00e1s alto de todos<\/p>\n<p>nido de caranchos<\/p>\n<p>capa dorada<\/p>\n<p>rozador del cielo<\/p>\n<p>pregona el arribo<\/p>\n<p>a la punta del cementerio<\/p>\n<p>custodiada por<\/p>\n<p>la legendaria cascabel<\/p>\n<p>nebulosas de mosquitos<\/p>\n<p>y dos tipos de avispas<\/p>\n<p>alertas en la orilla<\/p>\n<p>dispuestas como erizos checos<\/p>\n<p><em>k\u00e1va <\/em>alaz\u00e1n que muerden<\/p>\n<p><em>k\u00e1va chu&#8217;i <\/em>que pican los ojos<\/p>\n<p>en el cementerio<\/p>\n<p>las capas blancas<\/p>\n<p>de valvas y caracoles<\/p>\n<p>junto a tiestos cer\u00e1micos<\/p>\n<p>invocan ancestrales<\/p>\n<p>pr\u00e1cticas mortuorias<\/p>\n<p>el r\u00edo te traga<\/p>\n<p>a veces te salva<\/p>\n<p>&nbsp;<\/p>\n<p>&nbsp;<\/p>\n<p><strong>Publicado en <em>Jaaukanig\u00e1s<\/em> (2024), Editorial Biblioteca.<\/strong><\/p>\n<p>[\/et_pb_accordion_item][et_pb_accordion_item title=\u00bbPal\u00e1n pal\u00e1n\u00bb _builder_version=\u00bb4.19.0&#8243; _module_preset=\u00bbdefault\u00bb global_colors_info=\u00bb{}\u00bb open=\u00bboff\u00bb]<\/p>\n<p>qui\u00e9n pudiera<\/p>\n<p>silvestre y okupa<\/p>\n<p>nacer como la planta<\/p>\n<p>brotar del abandono<\/p>\n<p>crecer desde el encierro<\/p>\n<p>ser fisura en el bloque<\/p>\n<p>una hendija<\/p>\n<p><strong>\u00a0<\/strong><\/p>\n<p><strong>\u00a0<\/strong><\/p>\n<p><strong>Publicado en <em>Jaaukanig\u00e1s<\/em> (2024), Editorial Biblioteca.<\/strong><\/p>\n<p>[\/et_pb_accordion_item][et_pb_accordion_item title=\u00bbDonde quedan las palabras \u00bb _builder_version=\u00bb4.19.0&#8243; _module_preset=\u00bbdefault\u00bb global_colors_info=\u00bb{}\u00bb open=\u00bboff\u00bb]<\/p>\n<p>hay lugares donde se guardan<\/p>\n<p>las palabras que no se dijeron<\/p>\n<p>mi abuela preserva uno en su boca<\/p>\n<p>esas palabras<\/p>\n<p>apenas ven la luz<\/p>\n<p>la intemperie<\/p>\n<p>abre<\/p>\n<p>pronuncia una frase<\/p>\n<p>y deja la boca<\/p>\n<p>en cavidad entreabierta<\/p>\n<p>un pocito arrugado<\/p>\n<p>donde retumban<\/p>\n<p>las que contin\u00faan<\/p>\n<p>pero no salieron<\/p>\n<p>se mueven all\u00e1 dentro<\/p>\n<p>no se las descifra<\/p>\n<p>dos siestas antes<\/p>\n<p>del d\u00eda de los inocentes<\/p>\n<p>fallece su amiga Inocencia<\/p>\n<p>mi abuela lee<\/p>\n<p>el mensaje de aviso<\/p>\n<p>y pronuncia al aire:<\/p>\n<p>\u00abmuri\u00f3 Inocencia\u00bb<\/p>\n<p>inmediatamente le sigue<\/p>\n<p>esa cavidad<\/p>\n<p>una peque\u00f1a inspiraci\u00f3n de aire<\/p>\n<p>encabalga su lengua<\/p>\n<p>interna reverberancia<\/p>\n<p>de letras que se entrechocan<\/p>\n<p>y dicen ah\u00ed dentro<\/p>\n<p>lo que la mesa no entiende<\/p>\n<p>\u00bfacaso musit\u00f3<\/p>\n<p>un r\u00e9quiem<\/p>\n<p>una plegaria<\/p>\n<p>un rezo?<\/p>\n<p>intento discernir<\/p>\n<p>en esos segundos<\/p>\n<p>que se quedan all\u00ed dentro<\/p>\n<p>&nbsp;<\/p>\n<p>&nbsp;<\/p>\n<p><em><strong>In\u00e9dito<\/strong>. <\/em><\/p>\n<p>[\/et_pb_accordion_item][et_pb_accordion_item title=\u00bbBruno \u00bb _builder_version=\u00bb4.19.0&#8243; _module_preset=\u00bbdefault\u00bb global_colors_info=\u00bb{}\u00bb open=\u00bboff\u00bb]<\/p>\n<p>Bruno<\/p>\n<p>las chicas grandes<\/p>\n<p>que yo admiraba<\/p>\n<p>de vos gustaban<\/p>\n<p>Nancita ven\u00eda de Corrientes<\/p>\n<p>yo iba como mascota<\/p>\n<p>detr\u00e1s de ellas y mis primas<\/p>\n<p>los veranos en el club<\/p>\n<p>ellas esperaban en la vereda<\/p>\n<p>que montado a tu cuatri<\/p>\n<p>vos pasaras<\/p>\n<p>el agua de la pileta<\/p>\n<p>chorreaba de las mallas<\/p>\n<p>hac\u00eda estrellas sobre el cemento<\/p>\n<p>Bruno<\/p>\n<p>Bruno<\/p>\n<p>rubio melena<\/p>\n<p>cultivabas naranjas<\/p>\n<p>las repart\u00edas por el pueblo<\/p>\n<p>enorme en cuatriciclo<\/p>\n<p>tu imponencia giraba en la esquina<\/p>\n<p>la arenilla te deslizaba<\/p>\n<p>eran las mechas largas<\/p>\n<p>de un Brad Pitt en Troya<\/p>\n<p>cinchando el carro<\/p>\n<p>con H\u00e9ctor en la polvareda<\/p>\n<p>al calor del norte de nuestra provincia<\/p>\n<p>bicho de campo y de r\u00edo<\/p>\n<p>surfista neozeland\u00e9s<\/p>\n<p>montado a la cresta de estas chacras<\/p>\n<p>tu collar no es de tibur\u00f3n<\/p>\n<p>tiene diente de yacar\u00e9<\/p>\n<p>este verano te vi<\/p>\n<p>le dije a mi amiga<\/p>\n<p>pasemos por su casa<\/p>\n<p>dos kil\u00f3metros de camino rural<\/p>\n<p>y vos ah\u00ed<\/p>\n<p>cruz\u00e1ndonos en tu moto<\/p>\n<p>y al otro d\u00eda<\/p>\n<p>arriba del galp\u00f3n<\/p>\n<p>Bruno<\/p>\n<p>las chispas<\/p>\n<p>cocuyos de brasa<\/p>\n<p>se encend\u00edan desde tu lomo<\/p>\n<p>soldabas sin protecci\u00f3n<\/p>\n<p>en esa cima de chapas<\/p>\n<p>m\u00e1s alto que el Monte Olimpo<\/p>\n<p>despu\u00e9s de vos<\/p>\n<p>Zeus y los dem\u00e1s<\/p>\n<p>la siesta que te vimos<\/p>\n<p>cabalgar cerca del ca\u00f1averal<\/p>\n<p>hablamos de tu brazo<\/p>\n<p>caoba pintado<\/p>\n<p>de atardeceres dorados<\/p>\n<p>que hace poco una trilladora<\/p>\n<p>te lo hizo ensalada<\/p>\n<p>dice mi amiga<\/p>\n<p>mir\u00e1 que habla<\/p>\n<p>como gringo de campo<\/p>\n<p>le llevo le traigo le<\/p>\n<p>esa tosquedad me gusta<\/p>\n<p>aunque yo nunca<\/p>\n<p>te escuch\u00e9 hablar<\/p>\n<p>tampoco nunca<\/p>\n<p>te vi muy cerca<\/p>\n<p>Bruno<\/p>\n<p>rubio chacra<\/p>\n<p>todo el d\u00eda descalzo<\/p>\n<p>alg\u00fan d\u00eda<\/p>\n<p>sin amigas ni primas<\/p>\n<p><span>voy a ir por naranjas<\/span><\/p>\n<p><span>\u00a0<\/span><\/p>\n<p><span>\u00a0<\/span><\/p>\n<p><strong><em>In\u00e9dito.<\/em><\/strong><\/p>\n<p>[\/et_pb_accordion_item][\/et_pb_accordion][\/et_pb_column][\/et_pb_row][\/et_pb_section][et_pb_section fb_built=\u00bb1&#8243; admin_label=\u00bbcontacto\u00bb _builder_version=\u00bb4.19.0&#8243; background_size=\u00bbinitial\u00bb background_repeat=\u00bbrepeat-y\u00bb custom_padding=\u00bb0px|||||\u00bb saved_tabs=\u00bball\u00bb locked=\u00bboff\u00bb global_colors_info=\u00bb{}\u00bb][et_pb_row disabled_on=\u00bbon|on|on\u00bb _builder_version=\u00bb4.19.0&#8243; width=\u00bb74%\u00bb custom_margin=\u00bb|auto||auto|false|false\u00bb custom_padding=\u00bb||||false|false\u00bb border_width_top=\u00bb2px\u00bb disabled=\u00bbon\u00bb global_colors_info=\u00bb{}\u00bb][et_pb_column type=\u00bb4_4&#8243; _builder_version=\u00bb4.19.0&#8243; custom_padding=\u00bb|||\u00bb global_colors_info=\u00bb{}\u00bb custom_padding__hover=\u00bb|||\u00bb][et_pb_social_media_follow _builder_version=\u00bb4.19.0&#8243; text_orientation=\u00bbcenter\u00bb custom_margin=\u00bb-20px|||-10px\u00bb custom_margin_tablet=\u00bb\u00bb custom_margin_phone=\u00bb-20px||\u00bb custom_margin_last_edited=\u00bbon|desktop\u00bb filter_invert=\u00bb100%\u00bb locked=\u00bboff\u00bb global_colors_info=\u00bb{}\u00bb icon_color__hover=\u00bb#e02b20&#8243;][et_pb_social_media_follow_network social_network=\u00bbfacebook\u00bb _builder_version=\u00bb4.16&#8243; global_colors_info=\u00bb{}\u00bb follow_button=\u00bboff\u00bb url_new_window=\u00bbon\u00bb]facebook[\/et_pb_social_media_follow_network][et_pb_social_media_follow_network social_network=\u00bbtwitter\u00bb _builder_version=\u00bb4.16&#8243; global_colors_info=\u00bb{}\u00bb follow_button=\u00bboff\u00bb url_new_window=\u00bbon\u00bb]twitter[\/et_pb_social_media_follow_network][et_pb_social_media_follow_network social_network=\u00bbgoogle-plus\u00bb _builder_version=\u00bb4.16&#8243; global_colors_info=\u00bb{}\u00bb follow_button=\u00bboff\u00bb url_new_window=\u00bbon\u00bb]google-plus[\/et_pb_social_media_follow_network][et_pb_social_media_follow_network social_network=\u00bbinstagram\u00bb _builder_version=\u00bb4.16&#8243; global_colors_info=\u00bb{}\u00bb follow_button=\u00bboff\u00bb url_new_window=\u00bbon\u00bb]instagram[\/et_pb_social_media_follow_network][\/et_pb_social_media_follow][\/et_pb_column][\/et_pb_row][\/et_pb_section]<\/p>\n","protected":false},"excerpt":{"rendered":"<p>Nacho Gebala Elias(Las Toscas, Santa Fe, 1990) \u00a0Naci\u00f3 en Las Toscas, al noreste de la provincia de Santa Fe, zona conocida como humedal Jaaukanig\u00e1s, donde vive actualmente. Estudi\u00f3 Licenciatura en [&hellip;]<\/p>\n","protected":false},"author":138435,"featured_media":0,"parent":0,"menu_order":0,"comment_status":"closed","ping_status":"closed","template":"","meta":{"_acf_changed":false,"_et_pb_use_builder":"on","_et_pb_old_content":"","_et_gb_content_width":"","footnotes":""},"class_list":["post-1165","page","type-page","status-publish","hentry"],"acf":[],"yoast_head":"<!-- This site is optimized with the Yoast SEO plugin v27.2 - https:\/\/yoast.com\/product\/yoast-seo-wordpress\/ -->\n<title>Nacho Gebala Elias - Festival Internacional de Poes\u00eda de Rosario<\/title>\n<meta name=\"robots\" content=\"index, follow, max-snippet:-1, max-image-preview:large, max-video-preview:-1\" \/>\n<link rel=\"canonical\" href=\"https:\/\/www.santafe.gob.ar\/ms\/fipr\/nacho-gebala-elias\/\" \/>\n<meta property=\"og:locale\" content=\"es_ES\" \/>\n<meta property=\"og:type\" content=\"article\" \/>\n<meta property=\"og:title\" content=\"Nacho Gebala Elias - Festival Internacional de Poes\u00eda de Rosario\" \/>\n<meta property=\"og:description\" content=\"Nacho Gebala Elias(Las Toscas, Santa Fe, 1990) \u00a0Naci\u00f3 en Las Toscas, al noreste de la provincia de Santa Fe, zona conocida como humedal Jaaukanig\u00e1s, donde vive actualmente. Estudi\u00f3 Licenciatura en [&hellip;]\" \/>\n<meta property=\"og:url\" content=\"https:\/\/www.santafe.gob.ar\/ms\/fipr\/nacho-gebala-elias\/\" \/>\n<meta property=\"og:site_name\" content=\"Festival Internacional de Poes\u00eda de Rosario\" \/>\n<meta property=\"article:modified_time\" content=\"2025-11-11T10:59:39+00:00\" \/>\n<meta name=\"twitter:card\" content=\"summary_large_image\" \/>\n<meta name=\"twitter:label1\" content=\"Tiempo de lectura\" \/>\n\t<meta name=\"twitter:data1\" content=\"11 minutos\" \/>\n<script type=\"application\/ld+json\" class=\"yoast-schema-graph\">{\"@context\":\"https:\/\/schema.org\",\"@graph\":[{\"@type\":\"WebPage\",\"@id\":\"https:\/\/www.santafe.gob.ar\/ms\/fipr\/nacho-gebala-elias\/\",\"url\":\"https:\/\/www.santafe.gob.ar\/ms\/fipr\/nacho-gebala-elias\/\",\"name\":\"Nacho Gebala Elias - Festival Internacional de Poes\u00eda de Rosario\",\"isPartOf\":{\"@id\":\"https:\/\/www.santafe.gob.ar\/ms\/fipr\/#website\"},\"datePublished\":\"2025-11-08T21:45:43+00:00\",\"dateModified\":\"2025-11-11T10:59:39+00:00\",\"breadcrumb\":{\"@id\":\"https:\/\/www.santafe.gob.ar\/ms\/fipr\/nacho-gebala-elias\/#breadcrumb\"},\"inLanguage\":\"es\",\"potentialAction\":[{\"@type\":\"ReadAction\",\"target\":[\"https:\/\/www.santafe.gob.ar\/ms\/fipr\/nacho-gebala-elias\/\"]}]},{\"@type\":\"BreadcrumbList\",\"@id\":\"https:\/\/www.santafe.gob.ar\/ms\/fipr\/nacho-gebala-elias\/#breadcrumb\",\"itemListElement\":[{\"@type\":\"ListItem\",\"position\":1,\"name\":\"Portada\",\"item\":\"https:\/\/www.santafe.gob.ar\/ms\/fipr\/\"},{\"@type\":\"ListItem\",\"position\":2,\"name\":\"Nacho Gebala Elias\"}]},{\"@type\":\"WebSite\",\"@id\":\"https:\/\/www.santafe.gob.ar\/ms\/fipr\/#website\",\"url\":\"https:\/\/www.santafe.gob.ar\/ms\/fipr\/\",\"name\":\"Festival Internacional de Poes\u00eda de Rosario\",\"description\":\"\",\"potentialAction\":[{\"@type\":\"SearchAction\",\"target\":{\"@type\":\"EntryPoint\",\"urlTemplate\":\"https:\/\/www.santafe.gob.ar\/ms\/fipr\/?s={search_term_string}\"},\"query-input\":{\"@type\":\"PropertyValueSpecification\",\"valueRequired\":true,\"valueName\":\"search_term_string\"}}],\"inLanguage\":\"es\"}]}<\/script>\n<!-- \/ Yoast SEO plugin. -->","yoast_head_json":{"title":"Nacho Gebala Elias - Festival Internacional de Poes\u00eda de Rosario","robots":{"index":"index","follow":"follow","max-snippet":"max-snippet:-1","max-image-preview":"max-image-preview:large","max-video-preview":"max-video-preview:-1"},"canonical":"https:\/\/www.santafe.gob.ar\/ms\/fipr\/nacho-gebala-elias\/","og_locale":"es_ES","og_type":"article","og_title":"Nacho Gebala Elias - Festival Internacional de Poes\u00eda de Rosario","og_description":"Nacho Gebala Elias(Las Toscas, Santa Fe, 1990) \u00a0Naci\u00f3 en Las Toscas, al noreste de la provincia de Santa Fe, zona conocida como humedal Jaaukanig\u00e1s, donde vive actualmente. Estudi\u00f3 Licenciatura en [&hellip;]","og_url":"https:\/\/www.santafe.gob.ar\/ms\/fipr\/nacho-gebala-elias\/","og_site_name":"Festival Internacional de Poes\u00eda de Rosario","article_modified_time":"2025-11-11T10:59:39+00:00","twitter_card":"summary_large_image","twitter_misc":{"Tiempo de lectura":"11 minutos"},"schema":{"@context":"https:\/\/schema.org","@graph":[{"@type":"WebPage","@id":"https:\/\/www.santafe.gob.ar\/ms\/fipr\/nacho-gebala-elias\/","url":"https:\/\/www.santafe.gob.ar\/ms\/fipr\/nacho-gebala-elias\/","name":"Nacho Gebala Elias - Festival Internacional de Poes\u00eda de Rosario","isPartOf":{"@id":"https:\/\/www.santafe.gob.ar\/ms\/fipr\/#website"},"datePublished":"2025-11-08T21:45:43+00:00","dateModified":"2025-11-11T10:59:39+00:00","breadcrumb":{"@id":"https:\/\/www.santafe.gob.ar\/ms\/fipr\/nacho-gebala-elias\/#breadcrumb"},"inLanguage":"es","potentialAction":[{"@type":"ReadAction","target":["https:\/\/www.santafe.gob.ar\/ms\/fipr\/nacho-gebala-elias\/"]}]},{"@type":"BreadcrumbList","@id":"https:\/\/www.santafe.gob.ar\/ms\/fipr\/nacho-gebala-elias\/#breadcrumb","itemListElement":[{"@type":"ListItem","position":1,"name":"Portada","item":"https:\/\/www.santafe.gob.ar\/ms\/fipr\/"},{"@type":"ListItem","position":2,"name":"Nacho Gebala Elias"}]},{"@type":"WebSite","@id":"https:\/\/www.santafe.gob.ar\/ms\/fipr\/#website","url":"https:\/\/www.santafe.gob.ar\/ms\/fipr\/","name":"Festival Internacional de Poes\u00eda de Rosario","description":"","potentialAction":[{"@type":"SearchAction","target":{"@type":"EntryPoint","urlTemplate":"https:\/\/www.santafe.gob.ar\/ms\/fipr\/?s={search_term_string}"},"query-input":{"@type":"PropertyValueSpecification","valueRequired":true,"valueName":"search_term_string"}}],"inLanguage":"es"}]}},"_links":{"self":[{"href":"https:\/\/www.santafe.gob.ar\/ms\/fipr\/wp-json\/wp\/v2\/pages\/1165","targetHints":{"allow":["GET"]}}],"collection":[{"href":"https:\/\/www.santafe.gob.ar\/ms\/fipr\/wp-json\/wp\/v2\/pages"}],"about":[{"href":"https:\/\/www.santafe.gob.ar\/ms\/fipr\/wp-json\/wp\/v2\/types\/page"}],"author":[{"embeddable":true,"href":"https:\/\/www.santafe.gob.ar\/ms\/fipr\/wp-json\/wp\/v2\/users\/138435"}],"replies":[{"embeddable":true,"href":"https:\/\/www.santafe.gob.ar\/ms\/fipr\/wp-json\/wp\/v2\/comments?post=1165"}],"version-history":[{"count":9,"href":"https:\/\/www.santafe.gob.ar\/ms\/fipr\/wp-json\/wp\/v2\/pages\/1165\/revisions"}],"predecessor-version":[{"id":1690,"href":"https:\/\/www.santafe.gob.ar\/ms\/fipr\/wp-json\/wp\/v2\/pages\/1165\/revisions\/1690"}],"wp:attachment":[{"href":"https:\/\/www.santafe.gob.ar\/ms\/fipr\/wp-json\/wp\/v2\/media?parent=1165"}],"curies":[{"name":"wp","href":"https:\/\/api.w.org\/{rel}","templated":true}]}}