{"id":1166,"date":"2025-11-08T22:47:09","date_gmt":"2025-11-08T21:47:09","guid":{"rendered":"https:\/\/www.santafe.gob.ar\/ms\/fipr\/?page_id=1166"},"modified":"2025-11-11T12:00:03","modified_gmt":"2025-11-11T11:00:03","slug":"pilar-otero","status":"publish","type":"page","link":"https:\/\/www.santafe.gob.ar\/ms\/fipr\/pilar-otero\/","title":{"rendered":"Pilar Otero"},"content":{"rendered":"<p>[et_pb_section fb_built=\u00bb1&#8243; custom_padding_last_edited=\u00bboff|desktop\u00bb admin_label=\u00bbHeader\u00bb _builder_version=\u00bb4.19.0&#8243; background_color_gradient_direction=\u00bb188deg\u00bb background_image=\u00bbhttps:\/\/www.santafe.gob.ar\/ms\/fipr\/wp-content\/uploads\/sites\/88\/2025\/11\/art-gallery-55.jpg\u00bb background_size=\u00bbinitial\u00bb background_repeat=\u00bbrepeat\u00bb width=\u00bb100%\u00bb custom_padding_tablet=\u00bb5vw||5vw||true\u00bb top_divider_style=\u00bbslant\u00bb top_divider_color=\u00bb#063A29&#8243; top_divider_height=\u00bb153px\u00bb top_divider_flip=\u00bbhorizontal\u00bb global_colors_info=\u00bb{}\u00bb][et_pb_row column_structure=\u00bb2_5,3_5&#8243; use_custom_gutter=\u00bbon\u00bb gutter_width=\u00bb2&#8243; make_equal=\u00bbon\u00bb admin_label=\u00bbFila\u00bb _builder_version=\u00bb4.19.0&#8243; use_custom_width=\u00bbon\u00bb width_unit=\u00bboff\u00bb custom_width_percent=\u00bb100%\u00bb locked=\u00bboff\u00bb global_colors_info=\u00bb{}\u00bb][et_pb_column type=\u00bb2_5&#8243; _builder_version=\u00bb4.16&#8243; custom_padding=\u00bb|||\u00bb global_colors_info=\u00bb{}\u00bb custom_padding__hover=\u00bb|||\u00bb][et_pb_text _builder_version=\u00bb4.19.0&#8243; text_font=\u00bbCrimson Pro||||||||\u00bb text_text_color=\u00bb#121212&#8243; text_font_size=\u00bb68px\u00bb text_line_height=\u00bb1em\u00bb header_font=\u00bb||||||||\u00bb header_2_font=\u00bbPrata|500|||||||\u00bb header_2_text_align=\u00bbleft\u00bb header_2_font_size=\u00bb56px\u00bb header_2_line_height=\u00bb1.3em\u00bb header_4_font=\u00bb|700|||||||\u00bb header_4_font_size=\u00bb20px\u00bb header_4_line_height=\u00bb1.2em\u00bb transform_translate_linked=\u00bboff\u00bb max_width=\u00bb100%\u00bb max_width_tablet=\u00bb70%\u00bb max_width_last_edited=\u00bboff|phone\u00bb hover_enabled=\u00bb0&#8243; text_font_size_tablet=\u00bb68px\u00bb text_font_size_phone=\u00bb42px\u00bb text_font_size_last_edited=\u00bbon|phone\u00bb header_2_font_size_tablet=\u00bb40px\u00bb header_2_font_size_phone=\u00bb26px\u00bb header_2_font_size_last_edited=\u00bbon|desktop\u00bb global_colors_info=\u00bb{}\u00bb sticky_enabled=\u00bb0&#8243;]<\/p>\n<p><strong>Pilar Otero<\/strong><\/p>\n<p>[\/et_pb_text][et_pb_image src=\u00bbhttps:\/\/www.santafe.gob.ar\/ms\/fipr\/wp-content\/uploads\/sites\/88\/2025\/11\/0Pilar-Otero-Bahia-Blanca-Buenos-Aires-1992.jpg\u00bb title_text=\u00bb0Pilar Otero (Bah\u00eda Blanca, Buenos Aires, 1992)\u00bb _builder_version=\u00bb4.19.0&#8243; _module_preset=\u00bbdefault\u00bb global_colors_info=\u00bb{}\u00bb][\/et_pb_image][\/et_pb_column][et_pb_column type=\u00bb3_5&#8243; _builder_version=\u00bb4.19.0&#8243; custom_padding=\u00bb51px||||false|false\u00bb global_colors_info=\u00bb{}\u00bb custom_padding__hover=\u00bb|||\u00bb][et_pb_text _builder_version=\u00bb4.19.0&#8243; text_font=\u00bb||||||||\u00bb header_font=\u00bb|700|||||||\u00bb header_font_size=\u00bb20px\u00bb header_line_height=\u00bb1.3em\u00bb header_2_font=\u00bb|700|||||||\u00bb header_2_font_size=\u00bb20px\u00bb header_2_line_height=\u00bb1.3em\u00bb header_3_font=\u00bb|700|||||||\u00bb header_3_font_size=\u00bb16px\u00bb header_3_line_height=\u00bb1.3em\u00bb custom_padding=\u00bb||7px|||\u00bb header_font_size_tablet=\u00bb\u00bb header_font_size_phone=\u00bb\u00bb header_font_size_last_edited=\u00bbon|desktop\u00bb locked=\u00bboff\u00bb global_colors_info=\u00bb{}\u00bb]<\/p>\n<p class=\"MsoNormal\"><span lang=\"es\" style=\"background-color: white\">(Bah\u00eda Blanca, 1992)<\/span><\/p>\n<p class=\"MsoNormal\"><span style=\"font-size: 14px\">Naci\u00f3 en Bah\u00eda Blanca, reside en Buenos Aires. Escribe poes\u00eda y es estudiante de Artes de la Escritura en la UNA. Public\u00f3 los poemarios <\/span><i style=\"font-size: 14px\">Vida In\u00fatil<\/i><span style=\"font-size: 14px\"> (autoedici\u00f3n, 2020), <\/span><i style=\"font-size: 14px\">Saliva de vidrio<\/i><span style=\"font-size: 14px\"> (La imaginaci\u00f3n, 2021; Patronus, 2022), <\/span><i style=\"font-size: 14px\">\u00daltimo coletazo<\/i><span style=\"font-size: 14px\"> (Infraleve, Alemania, 2021) y <\/span><i style=\"font-size: 14px\">Asuntos Internos<\/i><span style=\"font-size: 14px\"> (Fadel&amp;Fadel, 2024). Integra las antolog\u00edas <\/span><i style=\"font-size: 14px\">Devotas <\/i><span style=\"font-size: 14px\">(Fardo, Uruguay, 2021) y <\/span><i style=\"font-size: 14px\">Amenaza y Maravilla<\/i><span style=\"font-size: 14px\"> (Gog &amp; Magog, Premio Poes\u00eda de la Bienal Arte Joven, 2022), entre otras. Tambi\u00e9n escribe sobre arte y pol\u00edtica para medios digitales.<\/span><\/p>\n<p>[\/et_pb_text][\/et_pb_column][\/et_pb_row][\/et_pb_section][et_pb_section fb_built=\u00bb1&#8243; admin_label=\u00bbpoemas\u00bb _builder_version=\u00bb4.19.0&#8243; custom_margin=\u00bb0px||||false|false\u00bb custom_padding=\u00bb0px||||false|false\u00bb global_colors_info=\u00bb{}\u00bb][et_pb_row custom_padding_last_edited=\u00bboff|phone\u00bb _builder_version=\u00bb4.16&#8243; background_position=\u00bbbottom_center\u00bb custom_padding_tablet=\u00bb17vw||17vw||false\u00bb use_custom_width=\u00bbon\u00bb width_unit=\u00bboff\u00bb custom_width_percent=\u00bb100%\u00bb locked=\u00bboff\u00bb global_colors_info=\u00bb{}\u00bb][et_pb_column type=\u00bb4_4&#8243; _builder_version=\u00bb4.16&#8243; custom_padding=\u00bb|||\u00bb global_colors_info=\u00bb{}\u00bb custom_padding__hover=\u00bb|||\u00bb][et_pb_text _builder_version=\u00bb4.19.0&#8243; text_font=\u00bb||||||||\u00bb text_font_size=\u00bb41px\u00bb header_font=\u00bb||||||||\u00bb header_font_size=\u00bb60px\u00bb header_2_font=\u00bbPrata|500|||||||\u00bb header_2_font_size=\u00bb56px\u00bb header_2_line_height=\u00bb1.3em\u00bb header_3_font=\u00bb|700||on|||||\u00bb header_3_text_color=\u00bbrgba(0,0,0,0.35)\u00bb header_3_font_size=\u00bb12px\u00bb header_3_letter_spacing=\u00bb5px\u00bb header_3_line_height=\u00bb2em\u00bb transform_translate_linked=\u00bboff\u00bb text_orientation=\u00bbcenter\u00bb max_width=\u00bb700px\u00bb max_width_tablet=\u00bb70%\u00bb max_width_last_edited=\u00bboff|phone\u00bb module_alignment=\u00bbcenter\u00bb header_2_font_size_tablet=\u00bb40px\u00bb header_2_font_size_phone=\u00bb26px\u00bb header_2_font_size_last_edited=\u00bbon|phone\u00bb header_3_font_size_phone=\u00bb10px\u00bb header_3_font_size_last_edited=\u00bboff|desktop\u00bb module_alignment_last_edited=\u00bboff|desktop\u00bb text_text_align=\u00bbcenter\u00bb inline_fonts=\u00bbCrimson Pro\u00bb global_colors_info=\u00bb{}\u00bb]<\/p>\n<h1>poemas<\/h1>\n<p>[\/et_pb_text][\/et_pb_column][\/et_pb_row][et_pb_row _builder_version=\u00bb4.19.0&#8243; _module_preset=\u00bbdefault\u00bb global_colors_info=\u00bb{}\u00bb][et_pb_column type=\u00bb4_4&#8243; _builder_version=\u00bb4.19.0&#8243; _module_preset=\u00bbdefault\u00bb global_colors_info=\u00bb{}\u00bb][et_pb_accordion _builder_version=\u00bb4.19.0&#8243; _module_preset=\u00bbdefault\u00bb global_colors_info=\u00bb{}\u00bb][et_pb_accordion_item title=\u00bbun archivo&#8230;\u00bb open=\u00bbon\u00bb _builder_version=\u00bb4.19.0&#8243; _module_preset=\u00bbdefault\u00bb global_colors_info=\u00bb{}\u00bb]<\/p>\n<p>un archivo\u00a0\u00a0\u00a0\u00a0\u00a0\u00a0\u00a0 \u00a0un asunto interno<\/p>\n<p>una ficha sin nombre un suceso<\/p>\n<p>un relato oral una mentira<\/p>\n<p>un personaje hist\u00f3rico<\/p>\n<p>y otro de ficci\u00f3n<\/p>\n<p>un animal un paisaje<\/p>\n<p>dos siglos<\/p>\n<p>o tres<\/p>\n<p>el suelo<\/p>\n<p>caballos<\/p>\n<p>varios suelos<\/p>\n<p>alambrados<\/p>\n<p>playa<\/p>\n<p>mar<\/p>\n<p>Am\u00e9rica<\/p>\n<p>del Sur<\/p>\n<p>&nbsp;<\/p>\n<p><strong>De <em>Asuntos internos<\/em>, F&amp;F<\/strong><\/p>\n<p>[\/et_pb_accordion_item][et_pb_accordion_item title=\u00bbTe escribo en el nuevo milenio\u00bb _builder_version=\u00bb4.19.0&#8243; _module_preset=\u00bbdefault\u00bb global_colors_info=\u00bb{}\u00bb open=\u00bboff\u00bb]<\/p>\n<p><span>Te escribo en el nuevo milenio<\/span><\/p>\n<p><span>tu cuerpo ya fue y vino y espero<\/span><\/p>\n<p><span>haya encontrado paz.<\/span><\/p>\n<p><span>En tu nombre se siguen levantando<\/span><\/p>\n<p><span>agrupaciones j\u00f3venes pol\u00edticas<\/span><\/p>\n<p><span>hoteles sindicales<\/span><\/p>\n<p><span>calles edificios p\u00fablicos<\/span><\/p>\n<p><span>monumentos<\/span><\/p>\n<p><span>musicales<\/span><\/p>\n<p><span>obras de arte<\/span><\/p>\n<p><span>y poemas<\/span><\/p>\n<p><span>como este.<\/span><\/p>\n<p><span>\u00a0<\/span><\/p>\n<p><span>Estoy cansada, todxs lo estamos<\/span><\/p>\n<p><span>\u00bfc\u00f3mo hac\u00edas vos para soportar?<\/span><\/p>\n<p><span>quer\u00eda mandarte una carta pero ver\u00e1s<\/span><\/p>\n<p><span>ya no existe ese soporte<\/span><\/p>\n<p><span>ni estampita ni sobre<\/span><\/p>\n<p><span>ahora titila un fino rect\u00e1ngulo que hago avanzar<\/span><\/p>\n<p><span>sobre una hoja digital.<\/span><\/p>\n<p><span>Te imagino en la fundaci\u00f3n<\/span><\/p>\n<p><span>en tu oficina del correo central<\/span><\/p>\n<p><span>leyendo la correspondencia de los nadies<\/span><\/p>\n<p><span>y contestando las cartas<\/span><\/p>\n<p><span>con m\u00e1s palabras y con un cambio<\/span><\/p>\n<p><span>verdadero en la realidad.<\/span><\/p>\n<p><span>Extra\u00f1o la justicia social.<\/span><\/p>\n<p><span>Se es pobre hasta trabajando ahora<\/span><\/p>\n<p><span>aunque no lo puedas creer<\/span><\/p>\n<p><span>lamento ser yo quien te lo cuente<\/span><\/p>\n<p><span>quer\u00eda decirte en la carta que<\/span><\/p>\n<p><span>aqu\u00ed est\u00e1 tu rostro<\/span><\/p>\n<p><span>en la mente de quienes no te conocimos<\/span><\/p>\n<p><span>y yo a veces le hablo<\/span><\/p>\n<p><span>al m\u00e1s gigante fuera del ministerio de desarrollo social<\/span><\/p>\n<p><span>y le pido cosas imposibles<\/span><\/p>\n<p><span>y te quer\u00eda pedir disculpas por excederme<\/span><\/p>\n<p><span>en considerarte deidad<\/span><\/p>\n<p><span>es casi intuitivo no es algo que<\/span><\/p>\n<p>pueda yo detener.<\/p>\n<p>&nbsp;<\/p>\n<p>&nbsp;<\/p>\n<p><strong>De <em>Asuntos internos<\/em>, F&amp;F<\/strong><\/p>\n<p>[\/et_pb_accordion_item][et_pb_accordion_item title=\u00bbLos parrilleros esperan agazapados\u00bb _builder_version=\u00bb4.19.0&#8243; _module_preset=\u00bbdefault\u00bb global_colors_info=\u00bb{}\u00bb open=\u00bboff\u00bb]<\/p>\n<p>Los parrilleros esperan agazapados<\/p>\n<p>con las brasas tibias y los utensilios<\/p>\n<p>envueltos en diario<\/p>\n<p>como una guardia pretoriana trabajadora<\/p>\n<p>ante la invasi\u00f3n del <em>lawfare<\/em>.<\/p>\n<p>\u00bfSe animar\u00e1n realmente<\/p>\n<p>a condenar a la vicepresidenta?<\/p>\n<p>Si se atreven<\/p>\n<p>a proscribirla<\/p>\n<p>tampoco sabemos a\u00fan<\/p>\n<p>qu\u00e9 d\u00eda.<\/p>\n<p>Pero ellos<\/p>\n<p>asadores incansables<\/p>\n<p>ya est\u00e1n ac\u00e1.<\/p>\n<p>Pronto cuando lleguen<\/p>\n<p>los chorizos<\/p>\n<p>sabremos algo.<\/p>\n<p>&nbsp;<\/p>\n<p>&nbsp;<\/p>\n<p><strong>De <em>Asuntos internos<\/em>, F&amp;F<\/strong><\/p>\n<p>[\/et_pb_accordion_item][et_pb_accordion_item title=\u00bb\u00bfTendr\u00e1 tu familia v\u00ednculo&#8230;\u00bb _builder_version=\u00bb4.19.0&#8243; _module_preset=\u00bbdefault\u00bb global_colors_info=\u00bb{}\u00bb open=\u00bboff\u00bb]<\/p>\n<p><span>\u00bfTendr\u00e1 tu familia v\u00ednculo<\/span><\/p>\n<p><span>con el proceso de reorganizaci\u00f3n nacional<\/span><\/p>\n<p><span>de los a\u00f1os 70?<\/span><\/p>\n<p><span>\u00bfPodr\u00edan haber contribuido a<\/span><\/p>\n<p><span>asesinarme y<\/span><\/p>\n<p><span>desaparecerme siendo yo<\/span><\/p>\n<p><span>una trabajadora de esa \u00e9poca<\/span><\/p>\n<p><span>con las mismas convicciones que tengo<\/span><\/p>\n<p><span>ahora?<\/span><\/p>\n<p><span>De todos modos soy amiga de<\/span><\/p>\n<p><span>bastantes descendientes de<\/span><\/p>\n<p><span>c\u00f3mplices de la dictadura<\/span><\/p>\n<p><span>un poco de Blaquier otro poco de<\/span><\/p>\n<p><span>famosos represores y<\/span><\/p>\n<p><span>ministros de Videla.<\/span><\/p>\n<p><span>Todos los que vienen de<\/span><\/p>\n<p><span>plata en este pa\u00eds<\/span><\/p>\n<p><span>tienen ese lazo.<\/span><\/p>\n<p><span>Lxs que estamos del otro lado lo sabemos.<\/span><\/p>\n<p><span>Cuando tomo merca con mis amigas<\/span><\/p>\n<p><span>las ricas<\/span><\/p>\n<p><span>les digo<\/span><\/p>\n<p><span>\u00bfC\u00f3mo andan mis hermosas de familias genocidas?<\/span><\/p>\n<ol>\n<li>siempre redobla la apuesta<\/li>\n<\/ol>\n<p><span>\u201c\u00bfVos sab\u00edas que Mauricio es mi<\/span><\/p>\n<p><span>primo?\u201d<\/span><\/p>\n<p><span>\u201c\u00bfY que el cuchillo de Massera<\/span><\/p>\n<p><span>est\u00e1 en el living de mi abuela?\u201d<\/span><\/p>\n<p><span>Me r\u00edo mucho.<\/span><\/p>\n<p><span>Deber\u00eda dejar de drogarme<\/span><\/p>\n<p>se puso caro.<\/p>\n<p>&nbsp;<\/p>\n<p>&nbsp;<\/p>\n<p><strong>De <em>Asuntos internos<\/em>, F&amp;F<\/strong><\/p>\n<p>[\/et_pb_accordion_item][et_pb_accordion_item title=\u00bbTimote a 12 km de Carlos Tejedor\u00bb _builder_version=\u00bb4.19.0&#8243; _module_preset=\u00bbdefault\u00bb global_colors_info=\u00bb{}\u00bb open=\u00bboff\u00bb]<\/p>\n<p>La casa de la abuela ahora es ruinas y or\u00edn de rata<\/p>\n<p>como casi todo desde que no pasa el tren<\/p>\n<p>(dos mochileros murieron el pasado invierno<\/p>\n<p>a causa de toxoplasmosis<\/p>\n<p>se metieron en la casilla<\/p>\n<p>buscando calor).<\/p>\n<p>Su madre de tan bonita solo pod\u00eda salir<\/p>\n<p>de la choza de chapa por la siesta<\/p>\n<p>a colgar la ropa<\/p>\n<p>cuando los hombres dorm\u00edan.<\/p>\n<p>No la dejaban o le daba miedo.<\/p>\n<p>&nbsp;<\/p>\n<p>Nuestra parte de la familia<\/p>\n<p>ferroviaria<\/p>\n<p>se movi\u00f3 hacia el sur donde los trenes siguieron pasando<\/p>\n<p>el resto<\/p>\n<p>qued\u00f3 en el pueblo.<\/p>\n<p>&nbsp;<\/p>\n<p>Con todos ac\u00e1 estamos relacionados<\/p>\n<p>dormimos en la casa de un primo veterinario<\/p>\n<p>de parentesco lejano con mi padre<\/p>\n<p>al otro d\u00eda vamos a caballo a la casa<\/p>\n<p>en la que juzgaron y asesinaron a Aramburu<\/p>\n<p>se caen a pedazos los pedazos que quedan<\/p>\n<p>de la construcci\u00f3n<\/p>\n<p>ara\u00f1as entre los ladrillos<\/p>\n<p>un aljibe de terror.<\/p>\n<p>&nbsp;<\/p>\n<p>D\u00d3NDE LE HABR\u00c1N PEGADO EL TIRO DE GRACIA<\/p>\n<p>D\u00d3NDE CAGABA ARAMBURU<\/p>\n<p>D\u00d3NDE MEABA<\/p>\n<p>D\u00d3NDE LO ATABAN:<\/p>\n<p>fue en esa ruina<\/p>\n<p>de una casa llamada La Celma en Timote<\/p>\n<p>a 12km de Carlos Tejedor.<\/p>\n<p>&nbsp;<\/p>\n<p>El pueblo<\/p>\n<p>es lo m\u00e1s parecido a un desierto<\/p>\n<p>que mis ojos hayan visto<\/p>\n<p>a\u00fan as\u00ed hay vacas y caballos y viven personas.<\/p>\n<p>Unos gauchos del pueblo, por la noche, recrean<\/p>\n<p>la venida de un mal\u00f3n de manera coreogr\u00e1fica<\/p>\n<p>y de festejo<\/p>\n<p>hay un asado y una kerm\u00e9s<\/p>\n<p>son los 150 a\u00f1os del pueblo, por eso vinimos.<\/p>\n<p>No creo regresar.<\/p>\n<p>&nbsp;<\/p>\n<p>Se hablaba mucho de la barba<\/p>\n<p>de Encarnaci\u00f3n Ezcurra y su bigote<\/p>\n<p>que era machona<\/p>\n<p>casi de otro g\u00e9nero<\/p>\n<p>un insulto muy actual<\/p>\n<p>no solo se dec\u00eda<\/p>\n<p>circulaba propaganda<\/p>\n<p>en grabados y xilograf\u00edas.<\/p>\n<p>&nbsp;<\/p>\n<p>En ausencia de su marido<\/p>\n<p>gobern\u00f3 el protopa\u00eds<\/p>\n<p>de manera epistolar.<\/p>\n<p>Esta f\u00f3rmula matrimonial<\/p>\n<p>de poder real<\/p>\n<p>volver\u00e1<\/p>\n<p>a lo largo de la historia<\/p>\n<p>siempre estuvimos ah\u00ed.<\/p>\n<p>&nbsp;<\/p>\n<p>Una fuerza subalterna<\/p>\n<p>opera desde las sombras<\/p>\n<p>incluso antes de que existiese<\/p>\n<p>Argentina<\/p>\n<p>el movimiento clandestino<\/p>\n<p>se mov\u00eda<\/p>\n<p>con armas peligrosas y expansivas<\/p>\n<p>el chisme los cuchillos los venenos la pasi\u00f3n<\/p>\n<p>todo lo que una revuelta<\/p>\n<p>necesita.<\/p>\n<p>&nbsp;<\/p>\n<p>Informaciones de pueblo en pueblo<\/p>\n<p>en cada tertulia<\/p>\n<p>conocimientos de idiomas, literatura<\/p>\n<p>derecho<\/p>\n<p>el poder de amar y enloquecer a los hombres<\/p>\n<p>que cualquier cosa confiesen<\/p>\n<p>que cualquier cosa hagan.<\/p>\n<p>La violencia tambi\u00e9n sabe<\/p>\n<p>empu\u00f1ar un sable matar reales<\/p>\n<p>siempre estuvimos ah\u00ed.<\/p>\n<p>&nbsp;<\/p>\n<p>&nbsp;<\/p>\n<p><strong>De <em>Asuntos internos<\/em>, F&amp;F<\/strong><\/p>\n<p>[\/et_pb_accordion_item][et_pb_accordion_item title=\u00bb\u00a1Granaderos! miren hacia otro lado\u00bb _builder_version=\u00bb4.19.0&#8243; _module_preset=\u00bbdefault\u00bb global_colors_info=\u00bb{}\u00bb open=\u00bboff\u00bb]<\/p>\n<p>\u00a1Granaderos! miren hacia otro lado<\/p>\n<p>usted venga<\/p>\n<p>Sargento Cabral<\/p>\n<p>y contemple lo vasto<\/p>\n<p>de los Andes que nos pertenecen<\/p>\n<p>las nieves barrosas y las alpacas<\/p>\n<p>que pastan los yuyos duros<\/p>\n<p>sin sospechar de las boleadoras.<\/p>\n<p>&nbsp;<\/p>\n<p>&nbsp;<\/p>\n<p>Los dos escondidos en la nieve<\/p>\n<p>el arrojo de un soldado sobre otro<\/p>\n<p>ha salvado la Libertad naciente<\/p>\n<p>las Lamidas de los cuerpos lejos de la milicia<\/p>\n<p>viril tu cuerpo de sargento<\/p>\n<p>sobre el m\u00edo enfermo<\/p>\n<p>las llagas los pulmones infectos<\/p>\n<p>la mirada fija en los labios<\/p>\n<p>de Cabral<\/p>\n<p>tan Aquiles como Patrocolo<\/p>\n<p>usted y yo:<\/p>\n<p>todo nos lo deben<\/p>\n<p>tragedia farsa sudamericana,<\/p>\n<p>una historia homosexual.<\/p>\n<p>&nbsp;<\/p>\n<p>ojal\u00e1 as\u00ed alguien lo recuerde.<\/p>\n<p>&nbsp;<\/p>\n<p>tuyo,<\/p>\n<p>el general.<\/p>\n<p>&nbsp;<\/p>\n<p>&nbsp;<\/p>\n<p>&nbsp;<\/p>\n<p><strong>De <em>Asuntos internos<\/em>, F&amp;F<\/strong><\/p>\n<p>[\/et_pb_accordion_item][\/et_pb_accordion][\/et_pb_column][\/et_pb_row][\/et_pb_section][et_pb_section fb_built=\u00bb1&#8243; admin_label=\u00bbcontacto\u00bb _builder_version=\u00bb4.19.0&#8243; background_size=\u00bbinitial\u00bb background_repeat=\u00bbrepeat-y\u00bb custom_padding=\u00bb0px|||||\u00bb saved_tabs=\u00bball\u00bb locked=\u00bboff\u00bb global_colors_info=\u00bb{}\u00bb][et_pb_row disabled_on=\u00bbon|on|on\u00bb _builder_version=\u00bb4.19.0&#8243; width=\u00bb74%\u00bb custom_margin=\u00bb|auto||auto|false|false\u00bb custom_padding=\u00bb||||false|false\u00bb border_width_top=\u00bb2px\u00bb disabled=\u00bbon\u00bb global_colors_info=\u00bb{}\u00bb][et_pb_column type=\u00bb4_4&#8243; _builder_version=\u00bb4.19.0&#8243; custom_padding=\u00bb|||\u00bb global_colors_info=\u00bb{}\u00bb custom_padding__hover=\u00bb|||\u00bb][et_pb_social_media_follow _builder_version=\u00bb4.19.0&#8243; text_orientation=\u00bbcenter\u00bb custom_margin=\u00bb-20px|||-10px\u00bb custom_margin_tablet=\u00bb\u00bb custom_margin_phone=\u00bb-20px||\u00bb custom_margin_last_edited=\u00bbon|desktop\u00bb filter_invert=\u00bb100%\u00bb locked=\u00bboff\u00bb global_colors_info=\u00bb{}\u00bb icon_color__hover=\u00bb#e02b20&#8243;][et_pb_social_media_follow_network social_network=\u00bbfacebook\u00bb _builder_version=\u00bb4.16&#8243; global_colors_info=\u00bb{}\u00bb follow_button=\u00bboff\u00bb url_new_window=\u00bbon\u00bb]facebook[\/et_pb_social_media_follow_network][et_pb_social_media_follow_network social_network=\u00bbtwitter\u00bb _builder_version=\u00bb4.16&#8243; global_colors_info=\u00bb{}\u00bb follow_button=\u00bboff\u00bb url_new_window=\u00bbon\u00bb]twitter[\/et_pb_social_media_follow_network][et_pb_social_media_follow_network social_network=\u00bbgoogle-plus\u00bb _builder_version=\u00bb4.16&#8243; global_colors_info=\u00bb{}\u00bb follow_button=\u00bboff\u00bb url_new_window=\u00bbon\u00bb]google-plus[\/et_pb_social_media_follow_network][et_pb_social_media_follow_network social_network=\u00bbinstagram\u00bb _builder_version=\u00bb4.16&#8243; global_colors_info=\u00bb{}\u00bb follow_button=\u00bboff\u00bb url_new_window=\u00bbon\u00bb]instagram[\/et_pb_social_media_follow_network][\/et_pb_social_media_follow][\/et_pb_column][\/et_pb_row][\/et_pb_section]<\/p>\n","protected":false},"excerpt":{"rendered":"<p>Pilar Otero(Bah\u00eda Blanca, 1992) Naci\u00f3 en Bah\u00eda Blanca, reside en Buenos Aires. Escribe poes\u00eda y es estudiante de Artes de la Escritura en la UNA. Public\u00f3 los poemarios Vida In\u00fatil [&hellip;]<\/p>\n","protected":false},"author":138435,"featured_media":0,"parent":0,"menu_order":0,"comment_status":"closed","ping_status":"closed","template":"","meta":{"_acf_changed":false,"_et_pb_use_builder":"on","_et_pb_old_content":"","_et_gb_content_width":"","footnotes":""},"class_list":["post-1166","page","type-page","status-publish","hentry"],"acf":[],"yoast_head":"<!-- This site is optimized with the Yoast SEO plugin v27.2 - https:\/\/yoast.com\/product\/yoast-seo-wordpress\/ -->\n<title>Pilar Otero - Festival Internacional de Poes\u00eda de Rosario<\/title>\n<meta name=\"robots\" content=\"index, follow, max-snippet:-1, max-image-preview:large, max-video-preview:-1\" \/>\n<link rel=\"canonical\" href=\"https:\/\/www.santafe.gob.ar\/ms\/fipr\/pilar-otero\/\" \/>\n<meta property=\"og:locale\" content=\"es_ES\" \/>\n<meta property=\"og:type\" content=\"article\" \/>\n<meta property=\"og:title\" content=\"Pilar Otero - Festival Internacional de Poes\u00eda de Rosario\" \/>\n<meta property=\"og:description\" content=\"Pilar Otero(Bah\u00eda Blanca, 1992) Naci\u00f3 en Bah\u00eda Blanca, reside en Buenos Aires. Escribe poes\u00eda y es estudiante de Artes de la Escritura en la UNA. Public\u00f3 los poemarios Vida In\u00fatil [&hellip;]\" \/>\n<meta property=\"og:url\" content=\"https:\/\/www.santafe.gob.ar\/ms\/fipr\/pilar-otero\/\" \/>\n<meta property=\"og:site_name\" content=\"Festival Internacional de Poes\u00eda de Rosario\" \/>\n<meta property=\"article:modified_time\" content=\"2025-11-11T11:00:03+00:00\" \/>\n<meta name=\"twitter:card\" content=\"summary_large_image\" \/>\n<meta name=\"twitter:label1\" content=\"Tiempo de lectura\" \/>\n\t<meta name=\"twitter:data1\" content=\"10 minutos\" \/>\n<script type=\"application\/ld+json\" class=\"yoast-schema-graph\">{\"@context\":\"https:\/\/schema.org\",\"@graph\":[{\"@type\":\"WebPage\",\"@id\":\"https:\/\/www.santafe.gob.ar\/ms\/fipr\/pilar-otero\/\",\"url\":\"https:\/\/www.santafe.gob.ar\/ms\/fipr\/pilar-otero\/\",\"name\":\"Pilar Otero - Festival Internacional de Poes\u00eda de Rosario\",\"isPartOf\":{\"@id\":\"https:\/\/www.santafe.gob.ar\/ms\/fipr\/#website\"},\"datePublished\":\"2025-11-08T21:47:09+00:00\",\"dateModified\":\"2025-11-11T11:00:03+00:00\",\"breadcrumb\":{\"@id\":\"https:\/\/www.santafe.gob.ar\/ms\/fipr\/pilar-otero\/#breadcrumb\"},\"inLanguage\":\"es\",\"potentialAction\":[{\"@type\":\"ReadAction\",\"target\":[\"https:\/\/www.santafe.gob.ar\/ms\/fipr\/pilar-otero\/\"]}]},{\"@type\":\"BreadcrumbList\",\"@id\":\"https:\/\/www.santafe.gob.ar\/ms\/fipr\/pilar-otero\/#breadcrumb\",\"itemListElement\":[{\"@type\":\"ListItem\",\"position\":1,\"name\":\"Portada\",\"item\":\"https:\/\/www.santafe.gob.ar\/ms\/fipr\/\"},{\"@type\":\"ListItem\",\"position\":2,\"name\":\"Pilar Otero\"}]},{\"@type\":\"WebSite\",\"@id\":\"https:\/\/www.santafe.gob.ar\/ms\/fipr\/#website\",\"url\":\"https:\/\/www.santafe.gob.ar\/ms\/fipr\/\",\"name\":\"Festival Internacional de Poes\u00eda de Rosario\",\"description\":\"\",\"potentialAction\":[{\"@type\":\"SearchAction\",\"target\":{\"@type\":\"EntryPoint\",\"urlTemplate\":\"https:\/\/www.santafe.gob.ar\/ms\/fipr\/?s={search_term_string}\"},\"query-input\":{\"@type\":\"PropertyValueSpecification\",\"valueRequired\":true,\"valueName\":\"search_term_string\"}}],\"inLanguage\":\"es\"}]}<\/script>\n<!-- \/ Yoast SEO plugin. -->","yoast_head_json":{"title":"Pilar Otero - Festival Internacional de Poes\u00eda de Rosario","robots":{"index":"index","follow":"follow","max-snippet":"max-snippet:-1","max-image-preview":"max-image-preview:large","max-video-preview":"max-video-preview:-1"},"canonical":"https:\/\/www.santafe.gob.ar\/ms\/fipr\/pilar-otero\/","og_locale":"es_ES","og_type":"article","og_title":"Pilar Otero - Festival Internacional de Poes\u00eda de Rosario","og_description":"Pilar Otero(Bah\u00eda Blanca, 1992) Naci\u00f3 en Bah\u00eda Blanca, reside en Buenos Aires. Escribe poes\u00eda y es estudiante de Artes de la Escritura en la UNA. Public\u00f3 los poemarios Vida In\u00fatil [&hellip;]","og_url":"https:\/\/www.santafe.gob.ar\/ms\/fipr\/pilar-otero\/","og_site_name":"Festival Internacional de Poes\u00eda de Rosario","article_modified_time":"2025-11-11T11:00:03+00:00","twitter_card":"summary_large_image","twitter_misc":{"Tiempo de lectura":"10 minutos"},"schema":{"@context":"https:\/\/schema.org","@graph":[{"@type":"WebPage","@id":"https:\/\/www.santafe.gob.ar\/ms\/fipr\/pilar-otero\/","url":"https:\/\/www.santafe.gob.ar\/ms\/fipr\/pilar-otero\/","name":"Pilar Otero - Festival Internacional de Poes\u00eda de Rosario","isPartOf":{"@id":"https:\/\/www.santafe.gob.ar\/ms\/fipr\/#website"},"datePublished":"2025-11-08T21:47:09+00:00","dateModified":"2025-11-11T11:00:03+00:00","breadcrumb":{"@id":"https:\/\/www.santafe.gob.ar\/ms\/fipr\/pilar-otero\/#breadcrumb"},"inLanguage":"es","potentialAction":[{"@type":"ReadAction","target":["https:\/\/www.santafe.gob.ar\/ms\/fipr\/pilar-otero\/"]}]},{"@type":"BreadcrumbList","@id":"https:\/\/www.santafe.gob.ar\/ms\/fipr\/pilar-otero\/#breadcrumb","itemListElement":[{"@type":"ListItem","position":1,"name":"Portada","item":"https:\/\/www.santafe.gob.ar\/ms\/fipr\/"},{"@type":"ListItem","position":2,"name":"Pilar Otero"}]},{"@type":"WebSite","@id":"https:\/\/www.santafe.gob.ar\/ms\/fipr\/#website","url":"https:\/\/www.santafe.gob.ar\/ms\/fipr\/","name":"Festival Internacional de Poes\u00eda de Rosario","description":"","potentialAction":[{"@type":"SearchAction","target":{"@type":"EntryPoint","urlTemplate":"https:\/\/www.santafe.gob.ar\/ms\/fipr\/?s={search_term_string}"},"query-input":{"@type":"PropertyValueSpecification","valueRequired":true,"valueName":"search_term_string"}}],"inLanguage":"es"}]}},"_links":{"self":[{"href":"https:\/\/www.santafe.gob.ar\/ms\/fipr\/wp-json\/wp\/v2\/pages\/1166","targetHints":{"allow":["GET"]}}],"collection":[{"href":"https:\/\/www.santafe.gob.ar\/ms\/fipr\/wp-json\/wp\/v2\/pages"}],"about":[{"href":"https:\/\/www.santafe.gob.ar\/ms\/fipr\/wp-json\/wp\/v2\/types\/page"}],"author":[{"embeddable":true,"href":"https:\/\/www.santafe.gob.ar\/ms\/fipr\/wp-json\/wp\/v2\/users\/138435"}],"replies":[{"embeddable":true,"href":"https:\/\/www.santafe.gob.ar\/ms\/fipr\/wp-json\/wp\/v2\/comments?post=1166"}],"version-history":[{"count":10,"href":"https:\/\/www.santafe.gob.ar\/ms\/fipr\/wp-json\/wp\/v2\/pages\/1166\/revisions"}],"predecessor-version":[{"id":1692,"href":"https:\/\/www.santafe.gob.ar\/ms\/fipr\/wp-json\/wp\/v2\/pages\/1166\/revisions\/1692"}],"wp:attachment":[{"href":"https:\/\/www.santafe.gob.ar\/ms\/fipr\/wp-json\/wp\/v2\/media?parent=1166"}],"curies":[{"name":"wp","href":"https:\/\/api.w.org\/{rel}","templated":true}]}}