{"id":1201,"date":"2025-11-08T22:22:39","date_gmt":"2025-11-08T21:22:39","guid":{"rendered":"https:\/\/www.santafe.gob.ar\/ms\/fipr\/?page_id=1201"},"modified":"2025-11-11T12:04:02","modified_gmt":"2025-11-11T11:04:02","slug":"sonia-scarabelli","status":"publish","type":"page","link":"https:\/\/www.santafe.gob.ar\/ms\/fipr\/sonia-scarabelli\/","title":{"rendered":"Sonia Scarabelli"},"content":{"rendered":"<p>[et_pb_section fb_built=\u00bb1&#8243; custom_padding_last_edited=\u00bboff|desktop\u00bb admin_label=\u00bbHeader\u00bb _builder_version=\u00bb4.19.0&#8243; background_color_gradient_direction=\u00bb188deg\u00bb background_image=\u00bbhttps:\/\/www.santafe.gob.ar\/ms\/fipr\/wp-content\/uploads\/sites\/88\/2025\/11\/art-gallery-55.jpg\u00bb background_size=\u00bbinitial\u00bb background_repeat=\u00bbrepeat\u00bb width=\u00bb100%\u00bb custom_padding_tablet=\u00bb5vw||5vw||true\u00bb top_divider_style=\u00bbslant\u00bb top_divider_color=\u00bb#063A29&#8243; top_divider_height=\u00bb153px\u00bb top_divider_flip=\u00bbhorizontal\u00bb global_colors_info=\u00bb{}\u00bb][et_pb_row column_structure=\u00bb2_5,3_5&#8243; use_custom_gutter=\u00bbon\u00bb gutter_width=\u00bb2&#8243; make_equal=\u00bbon\u00bb admin_label=\u00bbFila\u00bb _builder_version=\u00bb4.19.0&#8243; use_custom_width=\u00bbon\u00bb width_unit=\u00bboff\u00bb custom_width_percent=\u00bb100%\u00bb locked=\u00bboff\u00bb global_colors_info=\u00bb{}\u00bb][et_pb_column type=\u00bb2_5&#8243; _builder_version=\u00bb4.16&#8243; custom_padding=\u00bb|||\u00bb global_colors_info=\u00bb{}\u00bb custom_padding__hover=\u00bb|||\u00bb][et_pb_text _builder_version=\u00bb4.19.0&#8243; text_font=\u00bbCrimson Pro||||||||\u00bb text_text_color=\u00bb#121212&#8243; text_font_size=\u00bb68px\u00bb text_line_height=\u00bb1em\u00bb header_font=\u00bb||||||||\u00bb header_2_font=\u00bbPrata|500|||||||\u00bb header_2_text_align=\u00bbleft\u00bb header_2_font_size=\u00bb56px\u00bb header_2_line_height=\u00bb1.3em\u00bb header_4_font=\u00bb|700|||||||\u00bb header_4_font_size=\u00bb20px\u00bb header_4_line_height=\u00bb1.2em\u00bb transform_translate_linked=\u00bboff\u00bb max_width=\u00bb100%\u00bb max_width_tablet=\u00bb70%\u00bb max_width_last_edited=\u00bboff|phone\u00bb hover_enabled=\u00bb0&#8243; header_2_font_size_tablet=\u00bb40px\u00bb header_2_font_size_phone=\u00bb26px\u00bb header_2_font_size_last_edited=\u00bbon|desktop\u00bb global_colors_info=\u00bb{}\u00bb sticky_enabled=\u00bb0&#8243; text_font_size_last_edited=\u00bbon|phone\u00bb text_font_size_phone=\u00bb42px\u00bb text_font_size_tablet=\u00bb68px\u00bb]<\/p>\n<p><strong>Sonia Scarabelli <\/strong><\/p>\n<p>[\/et_pb_text][et_pb_image src=\u00bbhttps:\/\/www.santafe.gob.ar\/ms\/fipr\/wp-content\/uploads\/sites\/88\/2025\/11\/0Sonia-Scarabelli-Rosario-1968.jpg\u00bb title_text=\u00bb0Sonia Scarabelli (Rosario, 1968)\u00bb _builder_version=\u00bb4.19.0&#8243; _module_preset=\u00bbdefault\u00bb global_colors_info=\u00bb{}\u00bb][\/et_pb_image][\/et_pb_column][et_pb_column type=\u00bb3_5&#8243; _builder_version=\u00bb4.19.0&#8243; custom_padding=\u00bb51px||||false|false\u00bb global_colors_info=\u00bb{}\u00bb custom_padding__hover=\u00bb|||\u00bb][et_pb_text _builder_version=\u00bb4.19.0&#8243; text_font=\u00bb||||||||\u00bb header_font=\u00bb|700|||||||\u00bb header_font_size=\u00bb20px\u00bb header_line_height=\u00bb1.3em\u00bb header_2_font=\u00bb|700|||||||\u00bb header_2_font_size=\u00bb20px\u00bb header_2_line_height=\u00bb1.3em\u00bb header_3_font=\u00bb|700|||||||\u00bb header_3_font_size=\u00bb16px\u00bb header_3_line_height=\u00bb1.3em\u00bb custom_padding=\u00bb||7px|||\u00bb header_font_size_tablet=\u00bb\u00bb header_font_size_phone=\u00bb\u00bb header_font_size_last_edited=\u00bbon|desktop\u00bb locked=\u00bboff\u00bb global_colors_info=\u00bb{}\u00bb]<\/p>\n<p>(Rosario, 1968)<\/p>\n<p>Public\u00f3 los libros de poes\u00eda: <em>La memoria del \u00e1rbol<\/em> (Los Lanzallamas, 2000), <em>Celebraci\u00f3n de lo invisible<\/em> (Premio Municipal de Poes\u00eda Felipe Aldana, Editorial Municipal de Rosario, 2003), <em>Flores que prefieren abrirse sobre aguas oscuras<\/em> (Bajo la Luna, 2008), <em>El arte de silbar<\/em> (Bajo la Luna, 2014), <em>\u00daltimos veraneantes de febrero<\/em> (Bajo la Luna, 2020), <em>La felicidad de los animales. Poes\u00eda reunida 2000\/2021<\/em> (Bajo la Luna, 2021), que inclu\u00eda dos libros in\u00e9ditos, y <em>Las cosas comunes<\/em> (Bajo la Luna, 2025). En 2009 public\u00f3 <em>La orilla m\u00e1s lejana<\/em> en la Colecci\u00f3n de cr\u00f3nicas de la EMR. En 2023 recibi\u00f3 el Premio Provincial de Poes\u00eda Jos\u00e9 Pedroni para obra publicada por <em>\u00daltimos veraneantes de febrero<\/em>.<\/p>\n<p>[\/et_pb_text][\/et_pb_column][\/et_pb_row][\/et_pb_section][et_pb_section fb_built=\u00bb1&#8243; admin_label=\u00bbpoemas\u00bb _builder_version=\u00bb4.19.0&#8243; custom_margin=\u00bb0px||||false|false\u00bb custom_padding=\u00bb0px||||false|false\u00bb global_colors_info=\u00bb{}\u00bb][et_pb_row custom_padding_last_edited=\u00bboff|phone\u00bb _builder_version=\u00bb4.16&#8243; background_position=\u00bbbottom_center\u00bb custom_padding_tablet=\u00bb17vw||17vw||false\u00bb use_custom_width=\u00bbon\u00bb width_unit=\u00bboff\u00bb custom_width_percent=\u00bb100%\u00bb locked=\u00bboff\u00bb global_colors_info=\u00bb{}\u00bb][et_pb_column type=\u00bb4_4&#8243; _builder_version=\u00bb4.16&#8243; custom_padding=\u00bb|||\u00bb global_colors_info=\u00bb{}\u00bb custom_padding__hover=\u00bb|||\u00bb][et_pb_text _builder_version=\u00bb4.19.0&#8243; text_font=\u00bb||||||||\u00bb text_font_size=\u00bb41px\u00bb header_font=\u00bb||||||||\u00bb header_font_size=\u00bb60px\u00bb header_2_font=\u00bbPrata|500|||||||\u00bb header_2_font_size=\u00bb56px\u00bb header_2_line_height=\u00bb1.3em\u00bb header_3_font=\u00bb|700||on|||||\u00bb header_3_text_color=\u00bbrgba(0,0,0,0.35)\u00bb header_3_font_size=\u00bb12px\u00bb header_3_letter_spacing=\u00bb5px\u00bb header_3_line_height=\u00bb2em\u00bb transform_translate_linked=\u00bboff\u00bb text_orientation=\u00bbcenter\u00bb max_width=\u00bb700px\u00bb max_width_tablet=\u00bb70%\u00bb max_width_last_edited=\u00bboff|phone\u00bb module_alignment=\u00bbcenter\u00bb header_2_font_size_tablet=\u00bb40px\u00bb header_2_font_size_phone=\u00bb26px\u00bb header_2_font_size_last_edited=\u00bbon|phone\u00bb header_3_font_size_phone=\u00bb10px\u00bb header_3_font_size_last_edited=\u00bboff|desktop\u00bb module_alignment_last_edited=\u00bboff|desktop\u00bb text_text_align=\u00bbcenter\u00bb inline_fonts=\u00bbCrimson Pro\u00bb global_colors_info=\u00bb{}\u00bb]<\/p>\n<h1>poemas<\/h1>\n<p>[\/et_pb_text][\/et_pb_column][\/et_pb_row][et_pb_row _builder_version=\u00bb4.19.0&#8243; _module_preset=\u00bbdefault\u00bb global_colors_info=\u00bb{}\u00bb][et_pb_column type=\u00bb4_4&#8243; _builder_version=\u00bb4.19.0&#8243; _module_preset=\u00bbdefault\u00bb global_colors_info=\u00bb{}\u00bb][et_pb_accordion _builder_version=\u00bb4.19.0&#8243; _module_preset=\u00bbdefault\u00bb global_colors_info=\u00bb{}\u00bb][et_pb_accordion_item title=\u00bbCazan\u00bb open=\u00bbon\u00bb _builder_version=\u00bb4.19.0&#8243; _module_preset=\u00bbdefault\u00bb global_colors_info=\u00bb{}\u00bb]<\/p>\n<p><span>Cazan en la ma\u00f1ana radiante de mayo <\/span><\/p>\n<p><span>los chimangos<\/span><\/p>\n<p><span>y oigo su anuncio \u00e1spero de presas<\/span><\/p>\n<p><span>surcar el cielo con un grito.<\/span><\/p>\n<p><span>Yo no he visto en esta gran ciudad<\/span><\/p>\n<p><span>cazadores m\u00e1s justos que estos dos,<\/span><\/p>\n<p><span>que en la ma\u00f1ana cazan para comer<\/span><\/p>\n<p><span>a su hora y en punto simplemente,<\/span><\/p>\n<p><span>tan atados a la cadena <\/span><\/p>\n<p><span>como cualquiera de nosotros,<\/span><\/p>\n<p><span>y que no andan acumulando hoy<\/span><\/p>\n<p><span>lo que no necesitan acechados <\/span><\/p>\n<p><span>por el temor del ma\u00f1ana que no ha sido.<\/span><\/p>\n<p><span>Cuando los oigo pasar me quedo quieta<\/span><\/p>\n<p><span>como si hubiera <\/span><\/p>\n<p><span>algo sagrado sucediendo ah\u00ed,<\/span><\/p>\n<p><span>y algo de m\u00ed <\/span><\/p>\n<p><span>en la presa.<\/span><\/p>\n<p><span>\u00a0<\/span><\/p>\n<p><span>\u00a0<\/span><\/p>\n<p><strong>De <em>Las cosas comunes<\/em>, bajo la luna, 2025<\/strong><\/p>\n<p>[\/et_pb_accordion_item][et_pb_accordion_item title=\u00bbLas cosas comunes\u00bb _builder_version=\u00bb4.19.0&#8243; _module_preset=\u00bbdefault\u00bb global_colors_info=\u00bb{}\u00bb open=\u00bboff\u00bb]<\/p>\n<p>\u00a0\u00a0\u00a0\u00a0\u00a0\u00a0\u00a0\u00a0\u00a0\u00a0\u00a0\u00a0\u00a0\u00a0\u00a0\u00a0\u00a0\u00a0\u00a0\u00a0\u00a0\u00a0\u00a0\u00a0\u00a0\u00a0\u00a0\u00a0\u00a0\u00a0\u00a0\u00a0\u00a0\u00a0\u00a0\u00a0\u00a0\u00a0\u00a0\u00a0\u00a0\u00a0\u00a0\u00a0\u00a0\u00a0\u00a0\u00a0 <em>A Luj\u00e1n y Natalio<\/em><\/p>\n<p><span>La amiga joven habla <\/span><\/p>\n<p><span>de las cosas comunes<\/span><\/p>\n<p><span>como quien sirve el plato de comida<\/span><\/p>\n<p><span>en la mesa vac\u00eda del hambriento<\/span><\/p>\n<p><span>y sin querer<\/span><\/p>\n<p><span>hace doble el alimento.<\/span><\/p>\n<p><span>\u00a0<\/span><\/p>\n<p><span>Son las cosas comunes que nos unen<\/span><\/p>\n<p><span>como lo dice el vaso<\/span><\/p>\n<p><span>de vidrio en esa mesa<\/span><\/p>\n<p><span>tan vieja,<\/span><\/p>\n<p><span>\u00a0<\/span><\/p>\n<p><span>no es cristal de Murano el que en la mano<\/span><\/p>\n<p><span>un verano cualquiera<\/span><\/p>\n<p><span>da de beber con gesto de artesano.<\/span><\/p>\n<p><span>\u00a0<\/span><\/p>\n<p><span>Hoy recuerdo a otra amiga<\/span><\/p>\n<p><span>en el fraseo<\/span><\/p>\n<p><span>corto del benteveo y lo recibo<\/span><\/p>\n<p><span>como una cosa com\u00fan, estar conmigo<\/span><\/p>\n<p><span>y con ella,<\/span><\/p>\n<p><span>que a estas alturas vive<\/span><\/p>\n<p><span>yo no s\u00e9 en cu\u00e1l estrella. <\/span><\/p>\n<p><span>\u00a0<\/span><\/p>\n<p><span>Cuando es com\u00fan la cosa,<\/span><\/p>\n<p><span>son las cosas comunes las que rozan<\/span><\/p>\n<p><span>la alegr\u00eda<\/span><\/p>\n<p><span>en medio del m\u00e1s triste de los d\u00edas.<\/span><\/p>\n<p><span>\u00a0<\/span><\/p>\n<p><span>\u00a0<\/span><\/p>\n<p><strong>De <em>Las cosas comunes<\/em>, bajo la luna, 2025<\/strong><\/p>\n<p>[\/et_pb_accordion_item][et_pb_accordion_item title=\u00bbEl trabajo\u00bb _builder_version=\u00bb4.19.0&#8243; _module_preset=\u00bbdefault\u00bb global_colors_info=\u00bb{}\u00bb open=\u00bboff\u00bb]<\/p>\n<p><span>Hablamos con mi hermano <\/span><\/p>\n<p><span>de perder el trabajo <\/span><\/p>\n<p><span>nosotros que pertenecemos <\/span><\/p>\n<p><span>a esos y esas que tantas veces han perdido <\/span><\/p>\n<p><span>el trabajo, los sue\u00f1os, la paciencia <\/span><\/p>\n<p><span>y miran con ojos extra\u00f1ados <\/span><\/p>\n<p><span>la incalculable pena que ata al mundo <\/span><\/p>\n<p><span>un cuerpo con sus necesidades <\/span><\/p>\n<p><span>de alimento, de techo, de descanso <\/span><\/p>\n<p><span>insatisfechas y resulta <\/span><\/p>\n<p><span>que tantas veces el mundo dice no <\/span><\/p>\n<p><span>y da la espalda y pone <\/span><\/p>\n<p><span>excusas que te ofenden <\/span><\/p>\n<p><span>la inteligencia, las ganas de seguir. <\/span><\/p>\n<p><span>Hablamos con mi hermano del trabajo <\/span><\/p>\n<p><span>tan misterioso que es la vida, siendo <\/span><\/p>\n<p><span>como hemos sido siempre <\/span><\/p>\n<p><span>hijos de obreros.<\/span><\/p>\n<p><span>\u00a0<\/span><\/p>\n<p><span>\u00a0<\/span><\/p>\n<p><strong>De <em>Las cosas comunes<\/em>, bajo la luna, 2025<\/strong><\/p>\n<p>[\/et_pb_accordion_item][et_pb_accordion_item title=\u00bbEl poema de Rousseau\u00bb _builder_version=\u00bb4.19.0&#8243; _module_preset=\u00bbdefault\u00bb global_colors_info=\u00bb{}\u00bb open=\u00bboff\u00bb]<\/p>\n<p><span>Lo que me falta aprender es infinito.<\/span><\/p>\n<p><span>\u00bfViste c\u00f3mo pasa el tiempo?<\/span><\/p>\n<p><span>Las nubes sobre mi cabeza,<\/span><\/p>\n<p><span>el lim\u00f3n en la rama,<\/span><\/p>\n<p><span>todo quieto y movi\u00e9ndose,<\/span><\/p>\n<p><span>y al fondo,<\/span><\/p>\n<p><span>la oscuridad y el miedo,<\/span><\/p>\n<p><span>o el nirvana.<\/span><\/p>\n<p><span>\u00bfQui\u00e9n sabe qu\u00e9 vendr\u00e1?<\/span><\/p>\n<p><span>A veces siento<\/span><\/p>\n<p><span>que estamos apretadas<\/span><\/p>\n<p><span>como la planta en su semilla.<\/span><\/p>\n<p><span>\u00bfPara nacer a qu\u00e9, a d\u00f3nde?<\/span><\/p>\n<p><span>A lo que importa,<\/span><\/p>\n<p><span>luz de mi coraz\u00f3n,<\/span><\/p>\n<p><span>a lo que importa.<\/span><\/p>\n<p><span>\u00a0<\/span><\/p>\n<p><span>\u00a0<\/span><\/p>\n<p><strong>De <em>La felicidad de los animales<\/em>, bajo la luna, 2021<\/strong><\/p>\n<p>[\/et_pb_accordion_item][et_pb_accordion_item title=\u00bb\u00daltimos veraneantes de febrero\u00bb _builder_version=\u00bb4.19.0&#8243; _module_preset=\u00bbdefault\u00bb global_colors_info=\u00bb{}\u00bb open=\u00bboff\u00bb]<\/p>\n<p><span>Somos los \u00faltimos veraneantes de febrero,<\/span><\/p>\n<p><span>llenos de l\u00e1grimas y autocompasi\u00f3n<\/span><\/p>\n<p><span>porque el a\u00f1o fue duro.<\/span><\/p>\n<p><span>\u00bfPodr\u00eda un r\u00edo transparente lavar<\/span><\/p>\n<p><span>corazones rotos en pedazos,<\/span><\/p>\n<p><span>heridas que cierran superficialmente,<\/span><\/p>\n<p><span>sue\u00f1os insatisfechos hasta que la vida pierde<\/span><\/p>\n<p><span>todo valor?<\/span><\/p>\n<p><span>\u00bfBasta un r\u00edo de aguas cristalinas?<\/span><\/p>\n<p><span>Eso era el tiempo y ahora<\/span><\/p>\n<p><span>nos lo han quitado.<\/span><\/p>\n<p><span>Somos los \u00faltimos veraneantes de febrero,<\/span><\/p>\n<p><span>con el resto de fe que nos quedaba<\/span><\/p>\n<p><span>emprendimos un viaje.<\/span><\/p>\n<p><span>Cielo, \u00e1rboles, piedras<\/span><\/p>\n<p><span>y el agua de un r\u00edo que corre entre monta\u00f1as.<\/span><\/p>\n<p><span>Ah\u00ed vamos a lavar nuestros pies,<\/span><\/p>\n<p><span>ah\u00ed vamos a sumergirnos con los ojos abiertos<\/span><\/p>\n<p><span>y a dejarnos llevar por la corriente que antes<\/span><\/p>\n<p><span>estaba hecha de tiempo. \u00bfRecordamos todav\u00eda<\/span><\/p>\n<p><span>su resplandor, cuando todo brillaba?<\/span><\/p>\n<p><span>Vivir con un coraz\u00f3n roto, pero con un coraz\u00f3n,<\/span><\/p>\n<p><span>eso ya es algo, decimos,<\/span><\/p>\n<p><span>estando como estamos traspasados por el miedo<\/span><\/p>\n<p><span>ante el f\u00e1cil deslizarse de la vida<\/span><\/p>\n<p><span>hacia otros cuerpos y otras<\/span><\/p>\n<p><span>miradas felices.<\/span><\/p>\n<p><span>Somos los \u00faltimos veraneantes de febrero,<\/span><\/p>\n<p><span>marzo entra con lluvia.<\/span><\/p>\n<p><span>El verano qued\u00f3 atr\u00e1s.<\/span><\/p>\n<p><span>\u00a0<\/span><\/p>\n<p><span>\u00a0<\/span><\/p>\n<p><strong>\u00a0\u00a0De \u00daltimos<em> veraneantes de febrero<\/em>, bajo la luna, 2020<\/strong><\/p>\n<p>[\/et_pb_accordion_item][et_pb_accordion_item title=\u00bbCorona del d\u00eda\u00bb _builder_version=\u00bb4.19.0&#8243; _module_preset=\u00bbdefault\u00bb global_colors_info=\u00bb{}\u00bb open=\u00bboff\u00bb]<\/p>\n<p><span>Una fila de \u00e1rboles al oeste<\/span><\/p>\n<p><span>perennes y caducos y una ruta lisa<\/span><\/p>\n<p><span>por donde vamos pasando<\/span><\/p>\n<p><span>como si la vida fuera esto,<\/span><\/p>\n<p><span>ni duraci\u00f3n ni muerte,<\/span><\/p>\n<p><span>un instante perdido en la belleza<\/span><\/p>\n<p><span>de ser nom\u00e1s lo que es,<\/span><\/p>\n<p><span>tiempo y cielo, sobre nuestras cabezas<\/span><\/p>\n<p><span>por un segundo, la corona del d\u00eda.<\/span><\/p>\n<p><span>\u00a0<\/span><\/p>\n<p><span>\u00a0<\/span><\/p>\n<p><strong>\u00a0De \u00daltimos<em> veraneantes de febrero<\/em>, bajo la luna, 2020<\/strong><\/p>\n<p>[\/et_pb_accordion_item][\/et_pb_accordion][\/et_pb_column][\/et_pb_row][\/et_pb_section][et_pb_section fb_built=\u00bb1&#8243; admin_label=\u00bbcontacto\u00bb _builder_version=\u00bb4.19.0&#8243; background_size=\u00bbinitial\u00bb background_repeat=\u00bbrepeat-y\u00bb custom_padding=\u00bb0px|||||\u00bb saved_tabs=\u00bball\u00bb locked=\u00bboff\u00bb global_colors_info=\u00bb{}\u00bb][et_pb_row disabled_on=\u00bbon|on|on\u00bb _builder_version=\u00bb4.19.0&#8243; width=\u00bb74%\u00bb custom_margin=\u00bb|auto||auto|false|false\u00bb custom_padding=\u00bb||||false|false\u00bb border_width_top=\u00bb2px\u00bb disabled=\u00bbon\u00bb global_colors_info=\u00bb{}\u00bb][et_pb_column type=\u00bb4_4&#8243; _builder_version=\u00bb4.19.0&#8243; custom_padding=\u00bb|||\u00bb global_colors_info=\u00bb{}\u00bb custom_padding__hover=\u00bb|||\u00bb][et_pb_social_media_follow disabled_on=\u00bbon|on|on\u00bb _builder_version=\u00bb4.19.0&#8243; text_orientation=\u00bbcenter\u00bb custom_margin=\u00bb-20px|||-10px\u00bb custom_margin_tablet=\u00bb\u00bb custom_margin_phone=\u00bb-20px||\u00bb custom_margin_last_edited=\u00bbon|desktop\u00bb filter_invert=\u00bb100%\u00bb disabled=\u00bbon\u00bb locked=\u00bboff\u00bb global_colors_info=\u00bb{}\u00bb icon_color__hover=\u00bb#e02b20&#8243;][et_pb_social_media_follow_network social_network=\u00bbfacebook\u00bb _builder_version=\u00bb4.16&#8243; global_colors_info=\u00bb{}\u00bb follow_button=\u00bboff\u00bb url_new_window=\u00bbon\u00bb]facebook[\/et_pb_social_media_follow_network][et_pb_social_media_follow_network social_network=\u00bbtwitter\u00bb _builder_version=\u00bb4.16&#8243; global_colors_info=\u00bb{}\u00bb follow_button=\u00bboff\u00bb url_new_window=\u00bbon\u00bb]twitter[\/et_pb_social_media_follow_network][et_pb_social_media_follow_network social_network=\u00bbgoogle-plus\u00bb _builder_version=\u00bb4.16&#8243; global_colors_info=\u00bb{}\u00bb follow_button=\u00bboff\u00bb url_new_window=\u00bbon\u00bb]google-plus[\/et_pb_social_media_follow_network][et_pb_social_media_follow_network social_network=\u00bbinstagram\u00bb _builder_version=\u00bb4.16&#8243; global_colors_info=\u00bb{}\u00bb follow_button=\u00bboff\u00bb url_new_window=\u00bbon\u00bb]instagram[\/et_pb_social_media_follow_network][\/et_pb_social_media_follow][\/et_pb_column][\/et_pb_row][\/et_pb_section]<\/p>\n","protected":false},"excerpt":{"rendered":"<p>Sonia Scarabelli (Rosario, 1968) Public\u00f3 los libros de poes\u00eda: La memoria del \u00e1rbol (Los Lanzallamas, 2000), Celebraci\u00f3n de lo invisible (Premio Municipal de Poes\u00eda Felipe Aldana, Editorial Municipal de Rosario, [&hellip;]<\/p>\n","protected":false},"author":138435,"featured_media":0,"parent":0,"menu_order":0,"comment_status":"closed","ping_status":"closed","template":"","meta":{"_acf_changed":false,"_et_pb_use_builder":"on","_et_pb_old_content":"","_et_gb_content_width":"","footnotes":""},"class_list":["post-1201","page","type-page","status-publish","hentry"],"acf":[],"yoast_head":"<!-- This site is optimized with the Yoast SEO plugin v27.2 - https:\/\/yoast.com\/product\/yoast-seo-wordpress\/ -->\n<title>Sonia Scarabelli - Festival Internacional de Poes\u00eda de Rosario<\/title>\n<meta name=\"robots\" content=\"index, follow, max-snippet:-1, max-image-preview:large, max-video-preview:-1\" \/>\n<link rel=\"canonical\" href=\"https:\/\/www.santafe.gob.ar\/ms\/fipr\/sonia-scarabelli\/\" \/>\n<meta property=\"og:locale\" content=\"es_ES\" \/>\n<meta property=\"og:type\" content=\"article\" \/>\n<meta property=\"og:title\" content=\"Sonia Scarabelli - Festival Internacional de Poes\u00eda de Rosario\" \/>\n<meta property=\"og:description\" content=\"Sonia Scarabelli (Rosario, 1968) Public\u00f3 los libros de poes\u00eda: La memoria del \u00e1rbol (Los Lanzallamas, 2000), Celebraci\u00f3n de lo invisible (Premio Municipal de Poes\u00eda Felipe Aldana, Editorial Municipal de Rosario, [&hellip;]\" \/>\n<meta property=\"og:url\" content=\"https:\/\/www.santafe.gob.ar\/ms\/fipr\/sonia-scarabelli\/\" \/>\n<meta property=\"og:site_name\" content=\"Festival Internacional de Poes\u00eda de Rosario\" \/>\n<meta property=\"article:modified_time\" content=\"2025-11-11T11:04:02+00:00\" \/>\n<meta name=\"twitter:card\" content=\"summary_large_image\" \/>\n<meta name=\"twitter:label1\" content=\"Tiempo de lectura\" \/>\n\t<meta name=\"twitter:data1\" content=\"9 minutos\" \/>\n<script type=\"application\/ld+json\" class=\"yoast-schema-graph\">{\"@context\":\"https:\/\/schema.org\",\"@graph\":[{\"@type\":\"WebPage\",\"@id\":\"https:\/\/www.santafe.gob.ar\/ms\/fipr\/sonia-scarabelli\/\",\"url\":\"https:\/\/www.santafe.gob.ar\/ms\/fipr\/sonia-scarabelli\/\",\"name\":\"Sonia Scarabelli - Festival Internacional de Poes\u00eda de Rosario\",\"isPartOf\":{\"@id\":\"https:\/\/www.santafe.gob.ar\/ms\/fipr\/#website\"},\"datePublished\":\"2025-11-08T21:22:39+00:00\",\"dateModified\":\"2025-11-11T11:04:02+00:00\",\"breadcrumb\":{\"@id\":\"https:\/\/www.santafe.gob.ar\/ms\/fipr\/sonia-scarabelli\/#breadcrumb\"},\"inLanguage\":\"es\",\"potentialAction\":[{\"@type\":\"ReadAction\",\"target\":[\"https:\/\/www.santafe.gob.ar\/ms\/fipr\/sonia-scarabelli\/\"]}]},{\"@type\":\"BreadcrumbList\",\"@id\":\"https:\/\/www.santafe.gob.ar\/ms\/fipr\/sonia-scarabelli\/#breadcrumb\",\"itemListElement\":[{\"@type\":\"ListItem\",\"position\":1,\"name\":\"Portada\",\"item\":\"https:\/\/www.santafe.gob.ar\/ms\/fipr\/\"},{\"@type\":\"ListItem\",\"position\":2,\"name\":\"Sonia Scarabelli\"}]},{\"@type\":\"WebSite\",\"@id\":\"https:\/\/www.santafe.gob.ar\/ms\/fipr\/#website\",\"url\":\"https:\/\/www.santafe.gob.ar\/ms\/fipr\/\",\"name\":\"Festival Internacional de Poes\u00eda de Rosario\",\"description\":\"\",\"potentialAction\":[{\"@type\":\"SearchAction\",\"target\":{\"@type\":\"EntryPoint\",\"urlTemplate\":\"https:\/\/www.santafe.gob.ar\/ms\/fipr\/?s={search_term_string}\"},\"query-input\":{\"@type\":\"PropertyValueSpecification\",\"valueRequired\":true,\"valueName\":\"search_term_string\"}}],\"inLanguage\":\"es\"}]}<\/script>\n<!-- \/ Yoast SEO plugin. -->","yoast_head_json":{"title":"Sonia Scarabelli - Festival Internacional de Poes\u00eda de Rosario","robots":{"index":"index","follow":"follow","max-snippet":"max-snippet:-1","max-image-preview":"max-image-preview:large","max-video-preview":"max-video-preview:-1"},"canonical":"https:\/\/www.santafe.gob.ar\/ms\/fipr\/sonia-scarabelli\/","og_locale":"es_ES","og_type":"article","og_title":"Sonia Scarabelli - Festival Internacional de Poes\u00eda de Rosario","og_description":"Sonia Scarabelli (Rosario, 1968) Public\u00f3 los libros de poes\u00eda: La memoria del \u00e1rbol (Los Lanzallamas, 2000), Celebraci\u00f3n de lo invisible (Premio Municipal de Poes\u00eda Felipe Aldana, Editorial Municipal de Rosario, [&hellip;]","og_url":"https:\/\/www.santafe.gob.ar\/ms\/fipr\/sonia-scarabelli\/","og_site_name":"Festival Internacional de Poes\u00eda de Rosario","article_modified_time":"2025-11-11T11:04:02+00:00","twitter_card":"summary_large_image","twitter_misc":{"Tiempo de lectura":"9 minutos"},"schema":{"@context":"https:\/\/schema.org","@graph":[{"@type":"WebPage","@id":"https:\/\/www.santafe.gob.ar\/ms\/fipr\/sonia-scarabelli\/","url":"https:\/\/www.santafe.gob.ar\/ms\/fipr\/sonia-scarabelli\/","name":"Sonia Scarabelli - Festival Internacional de Poes\u00eda de Rosario","isPartOf":{"@id":"https:\/\/www.santafe.gob.ar\/ms\/fipr\/#website"},"datePublished":"2025-11-08T21:22:39+00:00","dateModified":"2025-11-11T11:04:02+00:00","breadcrumb":{"@id":"https:\/\/www.santafe.gob.ar\/ms\/fipr\/sonia-scarabelli\/#breadcrumb"},"inLanguage":"es","potentialAction":[{"@type":"ReadAction","target":["https:\/\/www.santafe.gob.ar\/ms\/fipr\/sonia-scarabelli\/"]}]},{"@type":"BreadcrumbList","@id":"https:\/\/www.santafe.gob.ar\/ms\/fipr\/sonia-scarabelli\/#breadcrumb","itemListElement":[{"@type":"ListItem","position":1,"name":"Portada","item":"https:\/\/www.santafe.gob.ar\/ms\/fipr\/"},{"@type":"ListItem","position":2,"name":"Sonia Scarabelli"}]},{"@type":"WebSite","@id":"https:\/\/www.santafe.gob.ar\/ms\/fipr\/#website","url":"https:\/\/www.santafe.gob.ar\/ms\/fipr\/","name":"Festival Internacional de Poes\u00eda de Rosario","description":"","potentialAction":[{"@type":"SearchAction","target":{"@type":"EntryPoint","urlTemplate":"https:\/\/www.santafe.gob.ar\/ms\/fipr\/?s={search_term_string}"},"query-input":{"@type":"PropertyValueSpecification","valueRequired":true,"valueName":"search_term_string"}}],"inLanguage":"es"}]}},"_links":{"self":[{"href":"https:\/\/www.santafe.gob.ar\/ms\/fipr\/wp-json\/wp\/v2\/pages\/1201","targetHints":{"allow":["GET"]}}],"collection":[{"href":"https:\/\/www.santafe.gob.ar\/ms\/fipr\/wp-json\/wp\/v2\/pages"}],"about":[{"href":"https:\/\/www.santafe.gob.ar\/ms\/fipr\/wp-json\/wp\/v2\/types\/page"}],"author":[{"embeddable":true,"href":"https:\/\/www.santafe.gob.ar\/ms\/fipr\/wp-json\/wp\/v2\/users\/138435"}],"replies":[{"embeddable":true,"href":"https:\/\/www.santafe.gob.ar\/ms\/fipr\/wp-json\/wp\/v2\/comments?post=1201"}],"version-history":[{"count":12,"href":"https:\/\/www.santafe.gob.ar\/ms\/fipr\/wp-json\/wp\/v2\/pages\/1201\/revisions"}],"predecessor-version":[{"id":1698,"href":"https:\/\/www.santafe.gob.ar\/ms\/fipr\/wp-json\/wp\/v2\/pages\/1201\/revisions\/1698"}],"wp:attachment":[{"href":"https:\/\/www.santafe.gob.ar\/ms\/fipr\/wp-json\/wp\/v2\/media?parent=1201"}],"curies":[{"name":"wp","href":"https:\/\/api.w.org\/{rel}","templated":true}]}}