{"id":1324,"date":"2025-11-08T21:33:35","date_gmt":"2025-11-08T20:33:35","guid":{"rendered":"https:\/\/www.santafe.gob.ar\/ms\/fipr\/?page_id=1324"},"modified":"2025-11-11T19:46:08","modified_gmt":"2025-11-11T18:46:08","slug":"equipo-de-trabajo","status":"publish","type":"page","link":"https:\/\/www.santafe.gob.ar\/ms\/fipr\/equipo-de-trabajo\/","title":{"rendered":"Equipo de Trabajo"},"content":{"rendered":"<p>[et_pb_section fb_built=\u00bb1&#8243; custom_padding_last_edited=\u00bboff|desktop\u00bb admin_label=\u00bbHeader\u00bb _builder_version=\u00bb4.19.0&#8243; background_color_gradient_direction=\u00bb188deg\u00bb background_image=\u00bbhttps:\/\/www.santafe.gob.ar\/ms\/fipr\/wp-content\/uploads\/sites\/88\/2025\/11\/art-gallery-55.jpg\u00bb background_size=\u00bbinitial\u00bb background_repeat=\u00bbrepeat\u00bb width=\u00bb100%\u00bb custom_padding_tablet=\u00bb5vw||5vw||true\u00bb top_divider_style=\u00bbslant\u00bb top_divider_color=\u00bb#2C7759&#8243; top_divider_height=\u00bb153px\u00bb top_divider_flip=\u00bbhorizontal\u00bb global_colors_info=\u00bb{}\u00bb][et_pb_row use_custom_gutter=\u00bbon\u00bb gutter_width=\u00bb2&#8243; make_equal=\u00bbon\u00bb custom_padding_last_edited=\u00bbon|phone\u00bb admin_label=\u00bbFila\u00bb _builder_version=\u00bb4.19.0&#8243; custom_padding=\u00bb10%||||false|false\u00bb custom_padding_tablet=\u00bb10%||||false|false\u00bb custom_padding_phone=\u00bb15%||||false|false\u00bb use_custom_width=\u00bbon\u00bb width_unit=\u00bboff\u00bb custom_width_percent=\u00bb100%\u00bb locked=\u00bboff\u00bb collapsed=\u00bbon\u00bb global_colors_info=\u00bb{}\u00bb][et_pb_column type=\u00bb4_4&#8243; _builder_version=\u00bb4.19.0&#8243; custom_padding=\u00bb51px||||false|false\u00bb global_colors_info=\u00bb{}\u00bb custom_padding__hover=\u00bb|||\u00bb][et_pb_text _builder_version=\u00bb4.19.0&#8243; text_font=\u00bb||||||||\u00bb text_line_height=\u00bb1.5em\u00bb header_font=\u00bb|700|||||||\u00bb header_font_size=\u00bb20px\u00bb header_line_height=\u00bb1.3em\u00bb header_2_font=\u00bb||||||||\u00bb header_2_text_color=\u00bb#2B2B2B\u00bb header_2_font_size=\u00bb40px\u00bb header_2_line_height=\u00bb1.3em\u00bb header_3_font=\u00bb|700|||||||\u00bb header_3_font_size=\u00bb16px\u00bb header_3_line_height=\u00bb1.3em\u00bb custom_padding=\u00bb||7px|||\u00bb header_font_size_tablet=\u00bb\u00bb header_font_size_phone=\u00bb\u00bb header_font_size_last_edited=\u00bbon|desktop\u00bb locked=\u00bboff\u00bb global_colors_info=\u00bb{}\u00bb]<\/p>\n<h2>Equipo de Trabajo<\/h2>\n<p><b><\/b><\/p>\n<p><b>Curadur\u00eda, programaci\u00f3n\u00a0<\/b><b>y coordinaci\u00f3n general<\/b><\/p>\n<p><span style=\"font-weight: 400\">Ana Wandzik<\/span><\/p>\n<p><span style=\"font-weight: 400\">Bernardo Orge<\/span><\/p>\n<p><span style=\"font-weight: 400\">Daiana Henderson<\/span><\/p>\n<p><span style=\"font-weight: 400\">Julia Enriquez<\/span><\/p>\n<p><span style=\"font-weight: 400\"><\/span><\/p>\n<p>\u00a0<b>Producci\u00f3n<\/b><\/p>\n<p><span style=\"font-weight: 400\">Clara L\u00f3pez Verrilli<\/span><\/p>\n<p><span style=\"font-weight: 400\">Gast\u00f3n Miranda<\/span><\/p>\n<p><span style=\"font-weight: 400\">Lucrecia Pelliza<\/span><\/p>\n<p><span style=\"font-weight: 400\">Maru Solana<\/span><\/p>\n<p><span style=\"font-weight: 400\">Pablo Ayala<\/span><\/p>\n<p><span style=\"font-weight: 400\">Teresa Moneta<\/span><\/p>\n<p><span style=\"font-weight: 400\">Vito Sasiain<\/span><\/p>\n<p>&nbsp;<\/p>\n<p><b>Dise\u00f1o gr\u00e1fico<\/b><\/p>\n<p><span style=\"font-weight: 400\">Mar\u00eda Laura M\u00fcller<\/span><\/p>\n<p>&nbsp;<\/p>\n<p><b>Coordinaci\u00f3n Residencia<\/b><\/p>\n<p><span style=\"font-weight: 400\">Cristhian Monti<\/span><\/p>\n<p>&nbsp;<\/p>\n<p><b>Locuci\u00f3n<\/b><\/p>\n<p><span style=\"font-weight: 400\">Perry Maison<\/span><\/p>\n<p>&nbsp;<\/p>\n<p><b>Registro sonoro<\/b><\/p>\n<p><span style=\"font-weight: 400\">Adolfo Corts<\/span><\/p>\n<p>&nbsp;<\/p>\n<p><b>Registro fotogr\u00e1fico<\/b><\/p>\n<p><span style=\"font-weight: 400\">Giulia Antonelli<\/span><\/p>\n<p>&nbsp;<\/p>\n<p><b>Registro audiovisual<\/b><\/p>\n<p><span style=\"font-weight: 400\">Juan Ignacio Porta<\/span><\/p>\n<p>&nbsp;<\/p>\n<p><b>Dise\u00f1o web<\/b><\/p>\n<p>Hanti<\/p>\n<p>[\/et_pb_text][\/et_pb_column][\/et_pb_row][\/et_pb_section]<\/p>\n","protected":false},"excerpt":{"rendered":"<p>Equipo de Trabajo Curadur\u00eda, programaci\u00f3n\u00a0y coordinaci\u00f3n general Ana Wandzik Bernardo Orge Daiana Henderson Julia Enriquez \u00a0Producci\u00f3n Clara L\u00f3pez Verrilli Gast\u00f3n Miranda Lucrecia Pelliza Maru Solana Pablo Ayala Teresa Moneta Vito [&hellip;]<\/p>\n","protected":false},"author":138434,"featured_media":0,"parent":0,"menu_order":0,"comment_status":"closed","ping_status":"closed","template":"","meta":{"_acf_changed":false,"_et_pb_use_builder":"on","_et_pb_old_content":"","_et_gb_content_width":"","footnotes":""},"class_list":["post-1324","page","type-page","status-publish","hentry"],"acf":[],"yoast_head":"<!-- This site is optimized with the Yoast SEO plugin v27.2 - https:\/\/yoast.com\/product\/yoast-seo-wordpress\/ -->\n<title>Equipo de Trabajo - Festival Internacional de Poes\u00eda de Rosario<\/title>\n<meta name=\"robots\" content=\"index, follow, max-snippet:-1, max-image-preview:large, max-video-preview:-1\" \/>\n<link rel=\"canonical\" href=\"https:\/\/www.santafe.gob.ar\/ms\/fipr\/equipo-de-trabajo\/\" \/>\n<meta property=\"og:locale\" content=\"es_ES\" \/>\n<meta property=\"og:type\" content=\"article\" \/>\n<meta property=\"og:title\" content=\"Equipo de Trabajo - Festival Internacional de Poes\u00eda de Rosario\" \/>\n<meta property=\"og:description\" content=\"Equipo de Trabajo Curadur\u00eda, programaci\u00f3n\u00a0y coordinaci\u00f3n general Ana Wandzik Bernardo Orge Daiana Henderson Julia Enriquez \u00a0Producci\u00f3n Clara L\u00f3pez Verrilli Gast\u00f3n Miranda Lucrecia Pelliza Maru Solana Pablo Ayala Teresa Moneta Vito [&hellip;]\" \/>\n<meta property=\"og:url\" content=\"https:\/\/www.santafe.gob.ar\/ms\/fipr\/equipo-de-trabajo\/\" \/>\n<meta property=\"og:site_name\" content=\"Festival Internacional de Poes\u00eda de Rosario\" \/>\n<meta property=\"article:modified_time\" content=\"2025-11-11T18:46:08+00:00\" \/>\n<meta name=\"twitter:card\" content=\"summary_large_image\" \/>\n<meta name=\"twitter:label1\" content=\"Tiempo de lectura\" \/>\n\t<meta name=\"twitter:data1\" content=\"2 minutos\" \/>\n<script type=\"application\/ld+json\" class=\"yoast-schema-graph\">{\"@context\":\"https:\/\/schema.org\",\"@graph\":[{\"@type\":\"WebPage\",\"@id\":\"https:\/\/www.santafe.gob.ar\/ms\/fipr\/equipo-de-trabajo\/\",\"url\":\"https:\/\/www.santafe.gob.ar\/ms\/fipr\/equipo-de-trabajo\/\",\"name\":\"Equipo de Trabajo - Festival Internacional de Poes\u00eda de Rosario\",\"isPartOf\":{\"@id\":\"https:\/\/www.santafe.gob.ar\/ms\/fipr\/#website\"},\"datePublished\":\"2025-11-08T20:33:35+00:00\",\"dateModified\":\"2025-11-11T18:46:08+00:00\",\"breadcrumb\":{\"@id\":\"https:\/\/www.santafe.gob.ar\/ms\/fipr\/equipo-de-trabajo\/#breadcrumb\"},\"inLanguage\":\"es\",\"potentialAction\":[{\"@type\":\"ReadAction\",\"target\":[\"https:\/\/www.santafe.gob.ar\/ms\/fipr\/equipo-de-trabajo\/\"]}]},{\"@type\":\"BreadcrumbList\",\"@id\":\"https:\/\/www.santafe.gob.ar\/ms\/fipr\/equipo-de-trabajo\/#breadcrumb\",\"itemListElement\":[{\"@type\":\"ListItem\",\"position\":1,\"name\":\"Portada\",\"item\":\"https:\/\/www.santafe.gob.ar\/ms\/fipr\/\"},{\"@type\":\"ListItem\",\"position\":2,\"name\":\"Equipo de Trabajo\"}]},{\"@type\":\"WebSite\",\"@id\":\"https:\/\/www.santafe.gob.ar\/ms\/fipr\/#website\",\"url\":\"https:\/\/www.santafe.gob.ar\/ms\/fipr\/\",\"name\":\"Festival Internacional de Poes\u00eda de Rosario\",\"description\":\"\",\"potentialAction\":[{\"@type\":\"SearchAction\",\"target\":{\"@type\":\"EntryPoint\",\"urlTemplate\":\"https:\/\/www.santafe.gob.ar\/ms\/fipr\/?s={search_term_string}\"},\"query-input\":{\"@type\":\"PropertyValueSpecification\",\"valueRequired\":true,\"valueName\":\"search_term_string\"}}],\"inLanguage\":\"es\"}]}<\/script>\n<!-- \/ Yoast SEO plugin. -->","yoast_head_json":{"title":"Equipo de Trabajo - Festival Internacional de Poes\u00eda de Rosario","robots":{"index":"index","follow":"follow","max-snippet":"max-snippet:-1","max-image-preview":"max-image-preview:large","max-video-preview":"max-video-preview:-1"},"canonical":"https:\/\/www.santafe.gob.ar\/ms\/fipr\/equipo-de-trabajo\/","og_locale":"es_ES","og_type":"article","og_title":"Equipo de Trabajo - Festival Internacional de Poes\u00eda de Rosario","og_description":"Equipo de Trabajo Curadur\u00eda, programaci\u00f3n\u00a0y coordinaci\u00f3n general Ana Wandzik Bernardo Orge Daiana Henderson Julia Enriquez \u00a0Producci\u00f3n Clara L\u00f3pez Verrilli Gast\u00f3n Miranda Lucrecia Pelliza Maru Solana Pablo Ayala Teresa Moneta Vito [&hellip;]","og_url":"https:\/\/www.santafe.gob.ar\/ms\/fipr\/equipo-de-trabajo\/","og_site_name":"Festival Internacional de Poes\u00eda de Rosario","article_modified_time":"2025-11-11T18:46:08+00:00","twitter_card":"summary_large_image","twitter_misc":{"Tiempo de lectura":"2 minutos"},"schema":{"@context":"https:\/\/schema.org","@graph":[{"@type":"WebPage","@id":"https:\/\/www.santafe.gob.ar\/ms\/fipr\/equipo-de-trabajo\/","url":"https:\/\/www.santafe.gob.ar\/ms\/fipr\/equipo-de-trabajo\/","name":"Equipo de Trabajo - Festival Internacional de Poes\u00eda de Rosario","isPartOf":{"@id":"https:\/\/www.santafe.gob.ar\/ms\/fipr\/#website"},"datePublished":"2025-11-08T20:33:35+00:00","dateModified":"2025-11-11T18:46:08+00:00","breadcrumb":{"@id":"https:\/\/www.santafe.gob.ar\/ms\/fipr\/equipo-de-trabajo\/#breadcrumb"},"inLanguage":"es","potentialAction":[{"@type":"ReadAction","target":["https:\/\/www.santafe.gob.ar\/ms\/fipr\/equipo-de-trabajo\/"]}]},{"@type":"BreadcrumbList","@id":"https:\/\/www.santafe.gob.ar\/ms\/fipr\/equipo-de-trabajo\/#breadcrumb","itemListElement":[{"@type":"ListItem","position":1,"name":"Portada","item":"https:\/\/www.santafe.gob.ar\/ms\/fipr\/"},{"@type":"ListItem","position":2,"name":"Equipo de Trabajo"}]},{"@type":"WebSite","@id":"https:\/\/www.santafe.gob.ar\/ms\/fipr\/#website","url":"https:\/\/www.santafe.gob.ar\/ms\/fipr\/","name":"Festival Internacional de Poes\u00eda de Rosario","description":"","potentialAction":[{"@type":"SearchAction","target":{"@type":"EntryPoint","urlTemplate":"https:\/\/www.santafe.gob.ar\/ms\/fipr\/?s={search_term_string}"},"query-input":{"@type":"PropertyValueSpecification","valueRequired":true,"valueName":"search_term_string"}}],"inLanguage":"es"}]}},"_links":{"self":[{"href":"https:\/\/www.santafe.gob.ar\/ms\/fipr\/wp-json\/wp\/v2\/pages\/1324","targetHints":{"allow":["GET"]}}],"collection":[{"href":"https:\/\/www.santafe.gob.ar\/ms\/fipr\/wp-json\/wp\/v2\/pages"}],"about":[{"href":"https:\/\/www.santafe.gob.ar\/ms\/fipr\/wp-json\/wp\/v2\/types\/page"}],"author":[{"embeddable":true,"href":"https:\/\/www.santafe.gob.ar\/ms\/fipr\/wp-json\/wp\/v2\/users\/138434"}],"replies":[{"embeddable":true,"href":"https:\/\/www.santafe.gob.ar\/ms\/fipr\/wp-json\/wp\/v2\/comments?post=1324"}],"version-history":[{"count":7,"href":"https:\/\/www.santafe.gob.ar\/ms\/fipr\/wp-json\/wp\/v2\/pages\/1324\/revisions"}],"predecessor-version":[{"id":1716,"href":"https:\/\/www.santafe.gob.ar\/ms\/fipr\/wp-json\/wp\/v2\/pages\/1324\/revisions\/1716"}],"wp:attachment":[{"href":"https:\/\/www.santafe.gob.ar\/ms\/fipr\/wp-json\/wp\/v2\/media?parent=1324"}],"curies":[{"name":"wp","href":"https:\/\/api.w.org\/{rel}","templated":true}]}}