{"id":351,"date":"2024-03-01T18:29:36","date_gmt":"2024-03-01T21:29:36","guid":{"rendered":"https:\/\/www.santafe.gob.ar\/ms\/generfe\/?page_id=351"},"modified":"2024-03-03T12:35:29","modified_gmt":"2024-03-03T15:35:29","slug":"futuro","status":"publish","type":"page","link":"https:\/\/www.santafe.gob.ar\/ms\/generfe\/futuro\/","title":{"rendered":"Futuro"},"content":{"rendered":"<p>Con Generfe estamos trabajando por un futuro mejor y m\u00e1s sustentable. En 2024 proyectamos la incorporaci\u00f3n de 30 MW m\u00e1s de energ\u00edas renovables. Y habr\u00e1 m\u00e1s novedades a lo largo del a\u00f1o, en distintas localidades de la provincia de Santa Fe.<\/p>\n","protected":false},"excerpt":{"rendered":"<p>Con Generfe estamos trabajando por un futuro mejor y m\u00e1s sustentable. En 2024 proyectamos la incorporaci\u00f3n de 30 MW m\u00e1s de energ\u00edas renovables. Y habr\u00e1 m\u00e1s novedades a lo largo del a\u00f1o, en distintas localidades de la provincia de Santa Fe.<\/p>\n","protected":false},"author":2,"featured_media":125,"parent":0,"menu_order":0,"comment_status":"closed","ping_status":"closed","template":"template-page-futuro.php","meta":{"_acf_changed":false,"footnotes":""},"class_list":["post-351","page","type-page","status-publish","has-post-thumbnail","hentry"],"acf":[],"_links":{"self":[{"href":"https:\/\/www.santafe.gob.ar\/ms\/generfe\/wp-json\/wp\/v2\/pages\/351","targetHints":{"allow":["GET"]}}],"collection":[{"href":"https:\/\/www.santafe.gob.ar\/ms\/generfe\/wp-json\/wp\/v2\/pages"}],"about":[{"href":"https:\/\/www.santafe.gob.ar\/ms\/generfe\/wp-json\/wp\/v2\/types\/page"}],"author":[{"embeddable":true,"href":"https:\/\/www.santafe.gob.ar\/ms\/generfe\/wp-json\/wp\/v2\/users\/2"}],"replies":[{"embeddable":true,"href":"https:\/\/www.santafe.gob.ar\/ms\/generfe\/wp-json\/wp\/v2\/comments?post=351"}],"version-history":[{"count":3,"href":"https:\/\/www.santafe.gob.ar\/ms\/generfe\/wp-json\/wp\/v2\/pages\/351\/revisions"}],"predecessor-version":[{"id":373,"href":"https:\/\/www.santafe.gob.ar\/ms\/generfe\/wp-json\/wp\/v2\/pages\/351\/revisions\/373"}],"wp:featuredmedia":[{"embeddable":true,"href":"https:\/\/www.santafe.gob.ar\/ms\/generfe\/wp-json\/wp\/v2\/media\/125"}],"wp:attachment":[{"href":"https:\/\/www.santafe.gob.ar\/ms\/generfe\/wp-json\/wp\/v2\/media?parent=351"}],"curies":[{"name":"wp","href":"https:\/\/api.w.org\/{rel}","templated":true}]}}