{"id":7727,"date":"2022-01-17T05:38:47","date_gmt":"2022-01-17T08:38:47","guid":{"rendered":"https:\/\/www.santafe.gob.ar\/ms\/gobiernoabierto\/?page_id=7727"},"modified":"2022-01-17T09:06:02","modified_gmt":"2022-01-17T12:06:02","slug":"inicio","status":"publish","type":"page","link":"https:\/\/www.santafe.gob.ar\/ms\/gobiernoabierto\/","title":{"rendered":"Inicio"},"content":{"rendered":"<div class=\"col-12 pb-200\" style=\"background-color: #ffffff\">\n  <div class=\"container\">\n    <div class=\"row\">\n      <div class=\"home-hero col-8 mb-4 mt-5\">\n        <div class=\"col-12 mb-5\"><h1 style=\"text-align: left;\"><!--(figmeta)eyJmaWxlS2V5IjoiRXFYYlRlcG5ZTlhCSkRaQWg4QjRKaiIsInBhc3RlSUQiOi0xLCJkYXRhVHlwZSI6InNjZW5lIn0K(\/figmeta)--><!--(figma)ZmlnLWtpd2kDAAAARh8AALV7a5QkyVVeRFZVP6ZnZmdnV0+EEEIIIUDMzq52V0IIZWdldeV0VWVuZlb1zCJUyq7K7s6d6qqisrpnehFCyPIL80YIWxhZyBiEwOL9tBAPY4OxeMvCgIyFEBjbGHx8fHz8wz\/8fRH5qumR\/rHnbMe9N27euHHjxo0bN2reJrtxmkaHcXg2j4W4fMN1esMgNP1Q4L+e27SHVtvs7dgBUNkPbL+CG4rb7jUB1wJnp2d2ANWD8FbHBtBQwDCwKWtN8SrJw2DX8Ya+3XFNfrnec0OndWsYtN1+pznsezu+2eT3Gxk4bLo94ps57tst3w7aIF0ILLtnD0H22sOn+rZ\/C8StKtG3vQ6JF5tOq4X2knk3SaH6TcCCHdIcjWACkHzbbA7dnmIXCtnznZAjy95sHHtHURqDzUJXaFNzMHXdgQLlXjIdJ9ND\/2RCnp7be9r2XXQIt6n6KUHb+CF02iCJpmv1u3aP1pGW2RuYASBjx3f7HoBayze75Ktvu27HNntD17N9M3TcHoiNgW2Frg9ojTZFu95xlNgNu9NxvIDgpg8mLJZajQu+vdPvmP7Qczu3dpSQLQzVa9pNGKnkuxjaN6nSpaDjWCRcDm51t12u7ANOD4P1FPVKEDrWLk31YNA2PXu454TtYfbt1e1JPB13MWVM1zODYBi2MdYOlwxO5XeVo8im6e\/aVMTo9juhoxeqxnlAze2+z6665XbcAmt0nJ12qL5ZC7AQClIzxxdNt7ljA9\/Qn+ToJpbI75iUfSFwW+FQyQC21Tb9ZoEpB7F9W0\/vkn3T6vQDbezL7T5pDwRm2C9W4IoaBcCDnX7X6bmBE3KIq16UTJd6pdcDt+Nw9QV8selgqTEaVQVFFiS2yh5YeoAkYS24VKDVChqYuq7aanWna6qZNeB+NxwAa84xtnAwiiaxNjr2oG+HlrJ3y+H0ZMvpqEFCRy1zzT44iEeZonWn18POxkI23T10iqbveiUqWy6cBwvYaw63O33qZWyb1u4qqRbGd5eW2iNrru\/sODociL4Hv0UrO+6eAqBCqHUI4AidoWV69Px6iQ1brm+pfdWg0GY8mi2iZTKb4pt892BkLCvMCVhius6uXTqZ0Ts53o8X\/WmyTPGNb3IawnNu2p0AgIRGiBG0i2HNpulyUVk0LCbogv1KXdk1GSwMjJGZtBZYpppAvQWJzaH+opEhinstWC5mt2NzkhxO8UEhTGALOSq6SbcfZqChma1oDin5\/DAVtdoyeKpv+iQZpu+7e8qFOImaRu2n+k4HAclX1q5rUTdmCYftInypUbftgc1umUs1tmezSRxN3XmcW7be72nPho74LEBMACyD\/nbomwo2biqHVwutZtaeLZJnZ9NlNMHnHbtFporh4ARqaxk3+ogWLUetaPn1IF4sE\/gsaa6Hrsqn224Yul1ARnd2ksbWySKdLbA4TbtlIlagQ1i+G8BFHR+wtG\/Z9FmsKzADJ5QayjMxFcQOC74BvO6peNFAYzkdQGsDbIHZopssFpRe+Bb2n1pfqQBsR4QJu7cTcvGNZpQe6V1mWIi0IInSNaTaidqT6l5vByRxw7PZymDAxvCaPIdq9t35bLG81\/tqlgsTQOncxURO2HOaanyZE9p2bt5OdDY7We4skrEWUtcOWTFnqaCh\/bNWfuNFy2W8mKILXI6nfAsBSwUuqRbrZDnz4zR5FqILEyl1lGUKPWQBwaHPJnEQZ5OCwf3AzcJBaJtcV2nBJ\/QK4zDH0d2zGD5rod31XN9UBzmcWYuBlZZxYaJzURWgzGMiho5Gt\/X6FMq2EY+ehtmUBhLHAc4uBWtu5Y1gP2c2bSvNZM1OoMQi4218Wt7C0jWzHzIDwCzw+Y2TdJkcnAH9tF96pmUPsVF1BlJTnwXK6oYKLSAi4wicp+1h6A6zsA7TTOHE2MHaOkX8gOfbPmw+ZBIHXPZ9NeNtBG60NavjqiSh7nBaUUXERbc3hGcrNmG2IGYYOl0b8Qq47LrIAodqDoaGdUcNX7V51AKu6w6cHmRraExlNWvg8jAJOhkSP6XqRtM3uTM20bdr38o\/uwB04OocZCtcRNM0KXV8IeIoUpFwiNiEiJqdyaLpBPCOgQ1QtpAqojWQxyBnbPluF5tYhahahZTHqHqFpqNRo0IpwtGa1w\/ampYJWy8puayNkqRFbZaEQtIFpo6alknaKim5pIslSUu6VBIKSZe1olgGMOXCHlgh5vKurFC1yAdXaIXUq2qkjJoJfahKy2U+XCVqkc+pkgqJz8UWdawh+4A9D8c97gJmDztXJdnPR0LnIgEoKS+woxQ5tV7xDVwfrP62Y6FDUHSOSCRfFdTg+ahzJ3xBby+66uRboTT0tyu0NR2ZCnw9GC1mk0kzWeh9BjmZ436GuIJJqxigv8UmXXKLxWNs6mWMfvumh9ip97QFCTxhFSZ3+ghu0khxJ8FggNeFnMxwTCoQ6coER5WsL8SmkIf4Y+zjTy3Cn7o+zfDxXWDyDH8MHyRwl4Q7+FM7wp+6khQsZ3N8MCIsQiHnM73LwGB0o+UiuSvk2vG1a8Dl8bVH0BjH166jqR0\/QmL9+BESG8ePkLjmRQvEaWc6jvGdcXiSjIVfEbqVJ2boPI0mJzG+kScqSXu+MFqwUi86joWsHUTHyeQM\/DLlEQDAgJBlOlok8yWwGnkH0SKJ8MnJcbxIRq3k8GQB0yLoZ\/cLAU9w1BEs3U5TXUYBq2FWPw3m0Qh+tvKth2zCxXpmx5YMze0sJb+PgBYXlxOsSkDCjmuWgnH+wsPU+la\/tqJ5Cv8qP8GWUEm6RDPMEcOzkTBT9RoIwwJjvmaZKoY3QMJkdwCuVeR7ud2raiGfw1+kdTiUASh9AmVkLE7B5cCnlfdLZIgq5rbiaKkM\/OfSQ46OLmFd9xRLpoVheQHpNWqDVimItpFdhdcCp8fUZ931mz20G2bLZ\/9ms6fiw4Vev0uVtnAlM9FexCHEKV1q6vZyW7cPIO1ne8U0VSb4oKXbq76l2ocCjT\/sD9Sl8TncmGifG+yposHzrGCP7fOxOKS\/wLK61PuFgT64P6vtBKS\/iEct2s92\/R71ezGNgvZzcORwKV\/SDNVt4nNbHZPzeGl3x+eZ+XkBfA3ty3ZxAKP9\/BaSJbQvb+v2C9p63FeEGv\/Cp3T7Sk+3X8R0Ge0Xd1rbxL\/E9VT7Kj9U7Zd6+vtr3m6Pdnqkg\/CB9jpa6vmoH3aIP4aW+KvNbX+A9nFze0D8CbTU+8mBlvOaARRC+9rtzh7X58vQku91aMn35eZum\/N4vXVDXQO+wmqpjfAGy1O4afV98m3j9CVuIbixbba0fLuFqyDaFtrraHfQPoq2jWE5noOW8m+09Xww2g716bTdG\/QbJEwq1+k5ONvRuje8J55E693wnqScp254r7mG1r\/hXXsMbdC50eV3Yce1yN\/HQcN1GXTtJm\/Le2ipx83ubpf0W72OynWe7vV3Q7RfiQSFer0RbYD2qwYwONo3eUFI+hAt6W\/2d33ike+12e77\/W2u+yjoeuQfh1qPOOyplPcAy8T1OxygjoD2aKD7k4Ge9zODXeUvtwd+6KOdoL2O9jgIEHmFmKIlPkP7KNo52sfQfjXaV6NdoH0cbYr2CbRLtLTTCdrXoD0NAsRsIe6gpby7aCnvDC3lPYuW8r4GLeW9BS3lfS1aynsrWsr7OrSU9zYZBNcp8OulNVAavp0ARf4dApT5DgIU+ncJUOrfI0Cxf58A5f4DAhT8DwlQ8jcAUKr+IwKU\/I0EKPmbCFDyNxOg5G8hQMnfSoCSv40AJX87AUr+DgKU\/E4ASufvJEDJ7yJAyd9FgJL\/MQFK\/icEKPndBCj5uwlQ8j8lQMnfQ4CS3wPgUUr+ZwQo+b0EKPl7CVDy+whQ8j8nQMnfR4CS\/wUBSv5+ApT8AwQo+f0AHqPkHyRAyR8gQMk\/RICSf5gAJf9LApT8QQKU\/CMEKPlHCVDyjxGg5B8H8GpK\/gkClPyTBCj5pwhQ8k8ToOSfIUDJP0uAkn+OACX\/PAFK\/lcEKPlDAB6n5F8gQMkfJkDJv0iAkn+JACX\/MgFK\/hUClPyvCVDyrxKg5H9DgJL\/LYAnKPnXCFDyrxOg5H9HgJJ\/gwAl\/3sClPwRApT8mwQo+bcIUPJvE6Dk3wHwJCX\/LgFK\/j0ClPz7BCj5owQo+T8QoOSPEaDkPyBAyf+RACX\/IQFK\/iMAKkT9MQFK\/jgBSv5PBCj5TwhQ8n8mQMmfIEDJf0qAkj9JgJL\/jAAlf0reW0dAarXEcS2uCZmnWAZzym40nzPJkcbBYnbMtGw5w19jezLbF1Luny3jVNSkLmAIo4Zq9xHxKTMy5F\/jaBkp3nVkX8kEd0aLSaM5fgY3WyE3lhwb6Vx6FI1nd1KAxlFyeITr8hHSOySM43gZJRNA9Rgqp8wlkDie4jodowABeG0ZH6tylO5aP032cesbEd5QVVU9bPZgIYwLf7tDjpAYLSLMbVNs7i8oc4qRgV1QygjjQWXny0KOaAhkz8aMieSSeXbtNEmTfSRVUtTRZMXwi6KRIuFOxdNyDbKn6cFscSzeKNYTZfS7YkMB4RGS5Ck1R94eTUHDzcFhDwhXNAFpHbJOLM26eBB4tfp7RVxYzHDPAAs02UrZAeDigTKfRWWzVXtWXJpzLi3VI94iLsfHs2cSC1I8VBBhxHX5ABPELgzZhAMIo3E7PhNwmANQO8k0bse0DMQbpDSTwxhya8jggem0cirqRPY0YwPJKmpKWtjW6Chi6hwvUriYLDD1odPk8EZK2D2NFyhVxWEEYyIEyNpE1a9UeWQAE6PsPIE2KY4X2TicnM2PUpwrcm1clI5TnCpyXX82wIAgwXYbVK2Y3duk3DyIJpN9VF5a6EjFvrxwhFVeQPjt7dldDPAOKbfaFZIw6vsoDY1TcRN3mcUEE8kvPrWjnA95XQMPOZmWwliHN+rUfCDknWS85I3MYN8tADUChWHrxMx0hIsVsPWDZJEurdxSmEID3lXF13Y4fWGsjWbHxxEUy3ZteQ0bCG1VaIXNfICJKjtiqPPCo\/FptiHWmoUthWEscLHElKUsJRn6\/qksadROFdKLl3dmi9u5ClP4ezTBYGM1Yq7I+eVlxEJhEtOQNGYqfCmDs+P92SQTnyoE4yKQaTgXklKAgVslN1dA529hNtigMGwuNg+GhqEWSs5BQ0aBYhHmDuWUQD8+iHGdxeSNzYNkEu\/C8+GlqepUIxsYko7UjhArcSulqh5EZeJTJCCynkfWxiRBcFmcUYdwFpzs8za7DzYSxFJyveazKZZZD7R+Mj2YsDY7BU9V4kaS9vOueIwIs6m1tvLvu1GK1csMNcqpWqqcn+xPkvQIwjgutQ1nYRwdd0rtOIhx7yDZgxF8V4W9q6IS9g4O0niJ1awtonFywhhZL+NfA00R\/9bS+SKOxuBYDxkAlUM604MZlkLJvSHk+CTzMmwJD5Fsxo5mfJqM8sJ6Xn9hgq4q+9LClUldIg1FQ0mGV3fgNf2hnwdEXnL1x5a1N1SHsrxnEOxoIsjxsNiZm0JrTNEZw47JQYKtgdXGV1rmexDk6X0ILl62x0IKwEskNFHXbIHCWF5Fk4SLHoNYXkuroW6EeeSc9QwtmBsZIedf65q9vrqcrGcKbCN0HS4YkJyyrotRilmz7ItXbl3hZY0ue4SS5wToORRf4vLlNIf5q+d5dnM+jxE41H4x9guykvL9MGVJsnLH6UU4i5UNFReK1+YAd39V3hAoE2bPtjLYUwUHgy1\/Q6AY8Aqn6oW6yG7jgF8sA5zr8OxUGBvpycEBqlfweHU8qgFeJVDpKhKlhailp4fcJj0epFhEoEiU6KkfhN8Cc0+WjL48sdCPHQqb4lhwpyhOSbEOjtZsMYoD9eiGbXc7BXkj02WwkwkThtMa9mw7q\/eZnT3zVgBAdtRpxEcYhJglNbwuZMQfKBiILcUOqk1PjgPsPdgpFThHsv2GVCbV1IBeigh9eILtusiw9VFm5o05dzFeeB4TmzuIUFifWjaILEQVZ5aHiIAFvJOUv2fYENjrK2cJnkQQtkNqzPqVdpDshRnFLt\/dJcXIfg5Qs\/GyrkoFdZQGUFUD1MhemNZ07FLyKgFXnwtZyIKnVaJsHqPJAJNjZlxCzCklJfsEr4Vl+QvflPE7K8lux0dwPtgH8pQfcUEwBbyzDPfaNvZH2+k0h24LL3HsRnUNZXf9iwxpLkbFmBEeMaeH5vQQhkIuilBXQY0ErzMLP4+KtUCdHR1kBPj2ZJFAHzlO0vkkOlM+uIU8W6PK5aCtNzk5TKbZaHOFwG74TCf3+OC2npan+vx4Ep1MR0f3+eAY2Ss2AkBsArWaAGv8XQoO\/Ck6jL9RZy2cQLVhdIiVfvX8CFmLWBOGAjTx8TlWIK\/zvknUKqhmeGJJ17ggVCDVpCenkZpgg60mvaZ08bUM1B2vRcH7tjp11jWkyV9W5tcbGag7XocviyNms0B055ePEHOWAC4oQBNfn3KTDJAdo9Wkr0BYKDLyiwWiO98whvNha8DbcC7JSxVUM5iReiXl5KD25RLT3dtl9LOnzHI4uQfOETWzdYxIgv4rbDWpGauYYq0GoAfPUzW7zS+d1NXhC5xXVwiaqVUO72prwrAPnSNq5h3kflVXfriKa5Z2JZN8Tg7rLgceEh0uovkRnQSrsSmeew9JM94oqHlRflM8716aZt3l3nO4v1SSB8bnr1I0W+c4wSp1EjRgeQGaDNPd3VTF7ux2sileWMU1S2+JvRjiKL2NscHyWVVcs7hHxS8hsBgQoQ6YF4oX3Y+uP\/GAYSATt9WpeJH47AqqGZ7SFCuaixeLFxeI7vQ1rn7n8RLxOSWmuwOqqGS1CwXEy8RL7kPWH4RFzyD\/VcbLxeeeI2rmPukWooF4WLw0h3XXgGjlovBc8XmrFM22t3\/vz09eKl52L02z3jzNxi4NCMN+\/nmqZr+FSD\/xiKfirfLlJaa7nwYzLKVJYPiCKq5ZvpI7JLt9vVm8osR09xvp2T1sbNyCvzCHdddXqaky8r5dilfmiO57U6zS5xTVRflFGax7hoi+Yxxl6kco8CjxSvHF95A045v1bg\/yHOeHpfySVZLmiziyqQJQih0oHhevWqVotn2cMjOdfaSoDcovreCaY6TvcJwECrDiWonq\/rE6cXG6rItHMlB3xGUQsbIk5Po9JM14wPXZiWfH8XJxhuKjfLRK0DyHeolyIrkeWyVpviPs\/uyXH68TSYHozmcUnsUP7OHbVVyzTBTJi8Y8wMFyXMU1y5TnIsK+uivOckT3zVN1ttM6qESLry5R3b84YLmmizDcTFIV7BGW03NEzbxc6IWatRC1pEB1qkA1w6le+G1oqI2afw\/uO0pxC1SEOrV9xRvEXUW8gaoPf4WyLc5SnUUpLcvE651SPJukmurpmyLFQurXACo+qF5H3zLGE+hp3sMJ8wL+tVX2gU7gcPq\/lTsme560kIXMph3eADhBjPF1K71Q\/+7yJEK6VHK8TRWeMhbMebSIGSpwca1yfX2Vqw1fwC5CrKiyvL3K4i6wxgh5Eg8XFXIwwSkfj5+OFzN0vaPa1csefvWj8xjPG+c7M+8SByhKne9t4QCh6uIILyGVboT4VDyD4lWFVmSyE7yR0O0whR+X8hskIl92h2Yeh53o48lkjoupus4GOA6XRcc3lh2l26i9iO35TRIBEMlMNGESgdl+s5ydqnoKzma9iErIt2Tlj2YM0+MtHiNjVb9VshyEJBKH7mzeiQ+wemV2gL30bSsMPqPpPRzfXnJsz5bL2fF9pHzHvTz3E\/TOkqnsSZhj4CEbk+F++s57eUIcPass76K1uMUwwxS+iIgT4STg\/vouqX0b\/qsrK9i\/sJ3y\/HdJBHiwZquiKhvvlnhJKmkhFgBljndXSM2y4vHdMo6KH710UIOAnXFdKX990sMD00gpHRzPZksWcvDZe2UyPYJbsZQ7CXQsxnK9JycHKmCWHe\/LO0LssZL8AznZVuGl7Hh\/0aGOrrLjB\/MOnhsl+QM5uaJPiz83oRro\/zmZpEUXbPo9wHVnTvlemRJSdvhpiRczha763S\/Kk7xGBTNUg9L3yQnORNgo24NvxgMbvoQlXX3jHaAmAQfPwtIPZUsacIzKcv68xClb6SoD5c9KPLUl6WqM\/KCMld1oVDNFAYAA6D8CzmB2gDQIWmWiQP5RkHuzaX8+xpGdifixTE24HPxjpLjRKzxs+FFJw2mAKfyERIkDjniUTMZQq5mcIjSwNvWTFefyEPDixSkeCCgXQ\/wUBU2xiuhU5m3BwCWJvxPcEj9D\/9fRIquKvVdi0qkSUlyePyRhIhU5oBa+DcEu2ngGLIcPk+MYaQV89ENVzm4EBP+rHfULEkjeU9kMH5bjGAfWVOG4vWDBkKTgg1+qVJN07oZc7pflfX1uu+CE3\/2KjLK7+4clXhlhrdWjq6NyoEHmGA28P04xUxwbQNXkPiDxFDk7VYrkYVl1vE\/i2Ms6eAtfQnDOgKX6tbyvVMcp54x3YDxjnuMwy5La+yWeN9WRkOm2hVfOJdyrj8XtrGi9jmdPffHnjDBl+RG89R0i2I3dqRu29A95UjGXv1nQDw5WOn6rsoDB0exkMg6OcZaY6umJbvrbMmU+obOL1+PpVKHlrSJLm7CGv6u7oJzK18uO39Mde+r1oyl+X6M61Qb+UWUOBBVVt\/Hx4DrXew2ryzrCx3JcxZs\/gANn0ZjsW3iETVLrOjT9w5wvHg8yA23hQVYbiAtVlEt+Vco\/hhioD7dcBCdzbuUsSjEymTwuGXiZP3xcq5tlWdiPnFQTz7mFgDST8GkE\/IksXoegLF59b8dn4SI5PMQG\/pgUn4D+AXf+DjxhDv4\/LTdkxXFSvGPLT8rTGXaofYrZe0d4s6R9\/gzegtJk\/9MEyE9p\/b0FVnRxVuj\/5ytktbwO3khTZIx\/obuyGVe6Xi\/+S9bFOJR9CrX5U8O\/1D3ZqvtqbTfFf12h6rMc5P8m6erM1phWb8eYAIIPQiYmigeg\/66\/UqOo4YN4coDU9q+ynKQDU6YIDfJ\/kDGznIdTHK53NmC5DHkejf\/rUv615N7pIDVUS\/8bUvyNDD7DR6hIzjMibKuLb3izlEZYFWPgrS5dwiEbQu6fTKB5iOUSH5EsBDKxQFRAxhufxhOwqGc+ZIP8PSSqutvlB6Lm+k3b1+Xifq9EpNNr4i0AUPkyUvEGKKDrdxgBWczvYFzdkWK3yVqSKmuqkFsvvrcVr7GWlHJCkBHGZYW0Eq8xm6KjEq5rqy5cv49XNsq4Uh4Ma4UuphIpjEslW5G\/VkJSCFakUEZJqWqxkkDVS55ywIoW941uLPRnp6ES02IxPafo83GD0Wly31C\/ef7IuFAOeO443tL6thCH2I\/q4kX41CLSDIjMOl25lFm2qU9j0di1b227pk+3gI\/s9tw9FK35U2JUq9Vjkby57d7EU48N2PCCx9DUgj0ntNpDT\/0gs75brpfBOjIf\/vHCIGFqRc3G+ihWvI2Z6GBlGPqVW11EsC7GIInvMNDB+0bR9DRKmXQhQ8cBhhdiIefIUSaY9in4MF9D4c2Y9mDFsaY\/2tHS6urf+1CU\/ic\/rxBS9yuhndlI2RX2MCpkBAK9NnyPv3mvRGuSjG4LvGiOcTTiFRzOy++1fYt1k8YUswd\/luMUhjdCbQycknrJhazNNJSNII9my3Q+W2aokd6J5hlcu\/djHScaM41lXJ9JwDzfG06557K+evbZNoLRHHWipTPGvU00YOsUmw55DQIObGnsY\/MFuCrHfArAcNnoqfgUHnrDwjXLS4YwWq6\/lzmXb+MlLqAXSVzeVPTy8PW+isW4RGGEtRn2kBrsL\/DSN43vFIhxTscmdawBymcDCuaSpG3N6Ux78Z17poBJjQvl\/hIbdFUBj08T8G7+UNTB66BS29x2fQ1Ky+12nVAjxuqnu\/HZAWswfCxRUv4KE4DND6EAr5PGElEjXUbHcyDZ21F2juKT\/dVZ5YZ1EOzvwtmMVPEXroRHGj22TvnhB6gwLHOjaoVwCgp5nhzADrjf\/jUsqoVmSqTifyKyV5WsKw9HUljulUYfIUfLEcbVlX9akMU1HdanNAQehUZZVaCOgHgY64DX4PZV2\/yPYP9jtUs\/jgeaNN97OKE3ZvsY6BRqiXW5OY4ZPXpa5gWsHhZU7cUUyY\/c0tPI918qPiElXl1Wd0sqPinlJQy1gLZb4rKyS86T+Quc54EVunefHYPPfXFlmbPk4pvcjdgED86BlQuTiv8l5dUACiMfwLvDUycxCo98lMQxgdn1skiBggFyV6wzCdq+aTdeRpARCUPu47EU+WM8YX5ND4C9uzA+bCqMh6kh\/FFWl8OACgqoTUuJuFfIOm2Q4\/9byoaSLU7lWopEKJpkVl6PRkigUlEXGykvQEGsytPo2czxkMM+KS7kuIV8FQujyK8VW3NYkudtQ1xUYKY5zh+FIpnlloHAy3pgLzqbzKIxCA+kK\/ZKoOj\/kfJKZSKFaf4vnq4OIGmAbAxTx3yvKulO6tHA0WRy5p4s02Qc29PRBB6C41FtUikeUoweTIhg54uHm8nBgXV0wnNpvTIU\/E\/q\/YyXy7F+Uu2hG7aEe6vjQX1f13BmpIbGnFR5DmaHAddGlJ6aqu4BRcIjXCxIwhDrHD23gFGfYoB8fKyZXn+sERTIlEzF\/8NuJbqNQ19x1f8\/hQ8AAO1ZfXiOZRu\/7vvanm22me9lmMdHWDPCMOy67hFFSUmHvjEstjC2oa89HpptvpVK8xGRpDdFVBhrIhEiKUTlI8pXyUdaLO\/5O+97z+7e94+343j\/e4+348j5c5\/XdX5d53le5\/UwDFNIESQNIUwRZAR3zxwydmTaqBzhMUInCCHCRDVRQwhD8DrRSASZwfemDkvztqlcEQFC\/zGJMrChJnBb366dOyv+x4fxJKhJkYQkgyRFBvcdm5aVNjIz2ztmbJp3RKo3O3NIOskNEY7k8ELhH5MvxHBbxVQjpSprmSpKYyLZslqidp4Qs+uIaFF3InFiRH3ZQMSKhsJLKhqLJuJm0cwwhDneNIxnb4mLyx2cmgoREn+Qw4ZoLlqQiKNG3N2Zo3Ky07KyUnNE7\/Rhw3NE5YcE+8Mtxh1po9KyUmFyWvbo1CHpBIamedNH5dDXIUPSt6wZ5aXoZQW8SRuaOtT7lDdthLdHdk7q0EwRVOFSsDQmi3NxeY8\/PsEsLB2dIDPmFxUF5c0r+jGEzPEHC08dYUwS69ZMTlzzrlko+mTIPFMcda2o40kURr6441D+vEP3mAVifZicTI64ViR6LOGxyPsKTXTUxJhNwn1vbZsmDIM4C7a6OYbHd31FGzpuM1+UNXBzTI9v3JwHsSdfPJLq5khnjySOZ6GbE+TJLcmZI4wg4vi3uDnBHt8fvluEEUyc3eVujsczoc\/gasLwkEstE92cEI\/v9dFKGCFmgT+hn5sT6sn9+snTwgilPVWfcHPCPLlmfAisLvCfHO\/mVHGsJmmi+CU3J9yRFkZ75q90cyI8vnlFD8GfApGyx82JdPypQpzsc25OVY\/vtxb1hRFuFvqjg9ycKE\/uy7eFw9PClAVV3JxqAU8LRYMYN6e6Y1so7Yls5ubUcDyNoD1PtXRzajpWG5RoDyg3p5YTA5Lm79bbzantSAs3K3KwglPHsdo0nxM5b7k50U6GRJp5YsBxN+cmT+59M+bCgskiTrk5dR0LJHEmrHVzYipzx79euDn1ArHO9zfs4ubUd2INzgdj3JwGDiecOK1WuDmxjj9VidN1i5vT0DkF0yxIWfIXC7yOp5Rvpbc3dnMaOXGjfEuJbe3mNHY8JWmll3q7OU0caZG055VRbk5TJ26SOHmT3JybneiQntJJL7k5zRw9ZFvKg385ueaObVG0p3Wpm9PCiQHldUqn3W5OnBNrklY68Iybc4sjjeonpeNVNyfeyVHK66PTQtyclk5Eq5iFiyOi3ZyEwPkULj7T1M1p5dhG2TsoM97Nae14Shnvfbizm3Ork\/FBZEHSXW5OG8cf2jNo30NuTltnD9WCd3WGm9PO8bQa9Sq721ZwEj2+oP5VsYf6Toib097ZQ+fjP1nTzengWE2nIIrbuDkdHU9Jmn+rdnOSHGnVac+Cu9ycTh5fy4L+fAri1RFuTmfnFCir\/L48N6eLk1V02v6MV9yc5EB0CvwL33dzlBMddOVHDrg52j7T0LAww6i8MZ0rVJgTBldLkrVCT1arOXro0h2T54\/Zc2V90Z\/T28cOCxLBB4OEiBctRYJoZS6jIeMzQ+ykScNT46IpjLQuDa3rK1Zr881t8ZXgmVrvKJpEvNarvzRXi2OirE05c5LlC+ev6\/ADS4v7zjjAVH559xIGM+eO0lgp5xXV1VEJ76nUk3tV29CWWr57R6o6UubToInt1tgfnj59SmNF8zahFm954Xx9CzI6r21hsdDjTydaQ6odZCp\/fvYGg0+81ciwVpZcsJUNs7pPa2mN\/LGeZTZ4uKmV2K6mJQvr1LV2jIu1Is1w6\/d+TSzZYcAfenVWC2vsnINM5R++txisj52sU9rHWrLmcyl6z9WaVnxBHb35MwMyDqnxJd9rUDYZwIwv0Fix87UeWiZN6apH\/nhN7XxtMrm9XLFQcldBC6iEfgBEl7cDILriXRrL2oZGWAiK2Xntdo6O3L1rl4IhL94UpOMejdJy82eN9I5xJWrv1X66d8cpSk586TnS1Vz93m8pU\/n66E0MNuV8qctXjFHyp2un9fiSRerG\/t815aQyww9I6\/4Ty5Rc2uM3OqYm6odlhzUfZNKUzTqzxnPFp\/YuYSpnfzyWwad3ddSzP76SLMtX\/Krog\/rp2gr14aVyJTuv7an8Gcl0RD3Zb\/7QfdrbGhpevm2nltB5zXdGL45pjejgQ7q+sNxDAShiyiYDrKz\/jb3i07uu6kjzLBknreJeu7Qs7hVhpT+\/UoNeWJ6vzYpQCQNS3t\/+m5ZNDz\/FYPeu3ho+y\/ElDXWr977l4F1Yvk3Lf\/y6T33iXaXzSj+j8MzRJjIIQJIrGpxPvBfspfvvPq7rtf5Wr9i20xaWa73P0ivUicNUMTf2r6Pl5AGMBSBVlI4XtGy0qoZF6jToby0WaBOAhl5h3n8iuBKsrD9PSwAZ\/6l+YuNl3W\/dd1qmtP9O42ygE1R+1zSfQd2g\/hpBYtc+vLSJzrWhDu4\/U5sAJFSYyCqiNtj5WrBltnqvAaWnA7KHf6Fl9Qc76fTnz+s1CzP1stHlWiIGML\/CHzGTnMNyqkYtl\/TooJ+t9bO+5suwl8c9OouXPbFxLVMT4KFOl7U5c+477Ia8M2ISg\/yzfTWyny1+4fxGtvjl26b9fYthglhN1dFn8GzWRrI\/ZhD29hF9+weX7HT5aNE3GvTrJ1doE4AkChPhJGoD1I3MP\/uFpopS1R9cTyX5djI1jcWc4i+cf5appIpgkNble3XvjGhFOT+GCn+RAj3+dC3NH3SVB7SucoAs92v5w7J6+nL5ixpeg5Lh31YCdAEJkPz9HiraHbqs34nKhMLxgcrpI4YxQLhxOnTqHt3g4R+otLary+X7tRky8SU1fcSPWnYbdJIcKKMaiddJU6g3lfUbwiGpiJEwYApbj8YA0GHABlJOHQMRoBxXsAgBZhtv9kzU5mOzJjHgEwd4ZVQN3W1QmpaIBRW2BkW74w9vzN\/Kf6EeiLajWE2FXvEnXSLUEKlc6cg6DHiYweqs4XZ9vL99HNcHKNcHAB2UMH+6ll4JuD4AUB9HygZYOEdJzc9COUztmsJUDtwQx2BCRn3a8g0yNMpCfYAiwCYACRXko1kJWDwAxC+O+cUuP8pDrjb0ZVD5xvw8BqT3vyw\/xF6e65vE9dR92gi7nlJP2qeGlAClu+8Qg8arLlLRXOdUoFvtnG44OdyiO0HLqIQaFprq1K5euuqoZc6c24ojXBFysZJK5r51r3IqI2MZPNQp0e7jaxb+8u99HGcI+pc+jhXcx7EFKiGDVUIoVEELKMVpK4NTe4\/bKxZsFWzlV0+GWSwDZkMoKGsBgFqsYDuwBYZBBlsKofShGFpAba9ww1HO2VddyMSv9NF7ZiiJqCK1oRyZKdfHBlsDN\/TSoKwPYNjjb7B5hijVvAXhhoxXf6HaglAcNrSA0rjjZxB9qI+94r51sbzlzgjTlkEnoiAUlLUAQC1WsB3YAsMggy2FUJgOLaCijI7r9g+y2UWZ2K4dA9y2dAUn426jQwhX1BeSqTCVebn8fkX1oyT1MPXDsvmqd8cw6hojERRF92YT7GPKDQBgSY8P7FIduGGH9mdsJAt3kDGRKJ8dlP2tqcBK9GOzummJfo67ptugZVTyA7WsG\/QyTUfD6UTG6sarsuwO8eGlXBQYZTe5TG1aFfeaToEpUl80no+i6Y7s0qAv3rTV\/hB+4ATfvuf6\/q7lR4tiKCgeyt9nmMp7Z8xlcHDpKnJfWmzYkbI\/SeghndjukjYv7ttt1yhOCZm1OutNfXApNRRcYeiePY89zVR+4r2VwRhVRW+58hMServa1\/gwZfh2tC77Q6NV7+EOUZCDrsHHTsMkqSzS8uK+u7mN01mQp7M0z6ADN0zhmxkfIUPT4VC0vqZ54TFNnfgE7hfu8cH9q9ofyDFV+51PSUYUnxj2FlectjDEOjp8OhF2nka8Ywyoi1BormmJORu+Ulu1MI9IFP0DVVdy8XPwATCEYQVtUbwFeQIZyBkWCmXQAkpNrojBjf1P0jGfTKZp2oIndNM15IhwT7uw\/PYSbmUBEGhlAcADGrIOQxC1ca4tOXbOK7TbQ2bZbgmj57ENnOrc3QCiEi5S\/s1QdJ0FU8\/aRvkTweM2HWZNLltQdhAAFYYVXHLYAjmQwUWJv6BKoQVU4lYBsAdkWoEbG6s6DOhsly2KEkJBWQsA1GIF24EtMAwy2FIIhenQAip+pVtuald7gpCoDIBcqz1VypW\/22VxlFjBZ4stCCRkcCAhFAGEFlB6mJQywMQztauwpM+6Qk35sj6116S79Ig2cW0E9\/9cS0wPmGSjD32u24ae07LJ4fUcFAgDlZQkDJK\/v4ccoighBrjj0LqgiXvZU6f\/pbmR2bwiZGJtewsVlIIMGu0UC0V0oAWU1QLADmohig2jB6KCpZxssJ1SRbEzdEEqeEcrktldimExhIGKzTSbBjIRSRoAlO32xUvUBmAJg25P\/V3TZha9PE4rADSrLVfo1Xeu7zq8Ry3QPoNvtT88sTGRV3zzeUd7S89jnS3IAKUmFc2AWqrmFWg0l8vxDL2VWhHJACju1ZJX9O4YZ2+BWsgA5XrPP1udbjxlmQBkrzCR00RtQGevZM9jf6DLKjwIuIyTnAdavdYLmVK6ZDLAjcEpR8s45fD+DKQcegMonx8AUg4rOOWwBSkHGaQWOZjJGQYtoHSgmxngReTPoHmk6eEymkXO8r169J7d2gQIeAPwP3pN\/0zJh+KnH4SUPNNsNQV9bDJuBcrVLnLP1Tl8Gi\/elMeUZstuDMLerm9vQayzhz+Pi1zh7jUBkPP0Kl+aHADIW2YFwKm9jS0aieOoyh3ALOoblYC3gxUAGOBpfo6jU9uoYAz9vIEu9ihGV2rq+Uxpnl3EAE9gVLBZ4aI4TJkK5+EED3wAmAA52dCs6MN\/6G8Y+LCCJ0BswWUGGThdForcghZQmhP+P0WyFgCoxQq2A1tgGGSwpRAK06EFVBiYR+YVdeKcsQGK+JGh9GNY0pSJNqhYI1rbjRTlyv0zAKgJ2f2TqA3AEvQDoTHscQ\/FgBIOdyJl8iaJuZAGmxIMEA9UTSjhdpdXemcJdW4FSkk\/kgE9YpN3jNMl9MReWhyV0LaE+slGmgJLTJr2iulluwkvaXqYNih5bNbHTCX9FohXagmaKeESnlNoYNmEu5nmlU2mPUfJLiYNmF3YNHqyUgQJ1H6ngH9h5BuRv1SYT\/8cSnUcQ3dOMrI9xm681NZslwGoHVqmrhJNvyA6YPqI5pZ5plkbHQDox\/TDaDg9uxyAxz6zAiCgAkCIfwI=(\/figma)-->Generamos espacios de interacci\u00f3n entre la sociedad y el Estado<\/h1>\n<\/div>\n        <div class=\"col-12 mb-5\"><p><span style=\"font-weight: 400;\">Trabajamos con los principios de transparencia, rendici\u00f3n de cuentas, participaci\u00f3n e innovaci\u00f3n promoviendo pol\u00edticas p\u00fablicas que permitan garantizar derechos, transformar y mejorar la relaci\u00f3n entre la ciudadan\u00eda y el Estado.<\/span><\/p>\n<\/div>\n        <div class=\"col-12 mb-5 text-center\"><\/div>\n      <\/div>\n          <\/div>\n  <\/div>\n  <!--  <div class=\"col-4 my-4\">-->\n  <!--    <div class=\"separator\"><\/div>-->\n  <!--  <\/div>-->\n<\/div>\n\n\n<div class=\"container mtn-200 z-index-1\">\n  <div class=\"featured-info row mx-2 mx-md-0 px-2 px-md-5 py-4 py-md-0 featured-info--image-overflow-top mb-4\" style=\"color: #ffffff; background-color: #00558c;\">\n    <div class=\"col-12 col-md-6 my-auto\">\n      <div class=\"col-12 mb-5 featured-info__title\">Datos Abiertos<\/div>\n      <div class=\"col-12 mb-5\"><p><span style=\"font-weight: 400;\">Acced\u00e9 a los datos abiertos vinculados a la gesti\u00f3n y a la administraci\u00f3n p\u00fablica; libres de barreras tecnol\u00f3gicas, legales o econ\u00f3micas.<\/span><\/p>\n<\/div>\n      <div class=\"col-12 mb-0 mb-md-5\"><a class=\"btn btn--rounded px-5\" style=\"color: #ffffff; background-color: #f891a5;\"\n                                  href=\"https:\/\/datos.santafe.gob.ar\/\">Ver datos<\/a><\/div>\n    <\/div>\n    <div class=\"d-none d-md-block col-md-6 featured-info__image__container\"><img loading=\"lazy\" decoding=\"async\" width=\"709\" height=\"640\" src=\"https:\/\/www.santafe.gob.ar\/ms\/gobiernoabierto\/wp-content\/uploads\/sites\/6\/2022\/01\/home-analytic.png\" class=\"featured-info__image w-100\" alt=\"\" srcset=\"https:\/\/www.santafe.gob.ar\/ms\/gobiernoabierto\/wp-content\/uploads\/sites\/6\/2022\/01\/home-analytic.png 709w, https:\/\/www.santafe.gob.ar\/ms\/gobiernoabierto\/wp-content\/uploads\/sites\/6\/2022\/01\/home-analytic-300x271.png 300w\" sizes=\"auto, (max-width: 709px) 100vw, 709px\" \/><\/div>\n  <\/div>\n<\/div>\n\n\n<div class=\"container z-index-1\">\n  <div class=\"featured-info row mx-2 mx-md-0 px-2 px-md-5 py-4 py-md-0 mb-4 mt-5\" style=\"color: #00558c;\">\n    <div class=\"col-12 col-md-6 my-auto\">\n      <div class=\"col-12 mb-5 featured-info__title\">Acceso a informaci\u00f3n p\u00fablica<\/div>\n      <div class=\"col-12 mb-5\"><p><span style=\"font-weight: 400;\">Garantizamos el libre acceso a la informaci\u00f3n p\u00fablica, un derecho humano fundamental que resulta indispensable para el ejercicio de otros derechos.\u00a0<\/span><\/p>\n<\/div>\n      <div class=\"col-12 mb-0 mb-md-5\"><a class=\"btn btn--rounded px-5\" style=\"color: #ffffff; background-color: #00558c;\"\n                                  href=\"https:\/\/www.santafe.gob.ar\/ms\/gobiernoabierto\/inicio\/formulario-aip\/\">Realiz\u00e1 tu solicitud on line<\/a><\/div>\n    <\/div>\n    <div class=\"d-none d-md-block col-md-6 featured-info__image__container\"><img loading=\"lazy\" decoding=\"async\" width=\"477\" height=\"517\" src=\"https:\/\/www.santafe.gob.ar\/ms\/gobiernoabierto\/wp-content\/uploads\/sites\/6\/2022\/01\/lupa.png\" class=\"featured-info__image w-100\" alt=\"\" srcset=\"https:\/\/www.santafe.gob.ar\/ms\/gobiernoabierto\/wp-content\/uploads\/sites\/6\/2022\/01\/lupa.png 477w, https:\/\/www.santafe.gob.ar\/ms\/gobiernoabierto\/wp-content\/uploads\/sites\/6\/2022\/01\/lupa-277x300.png 277w\" sizes=\"auto, (max-width: 477px) 100vw, 477px\" \/><\/div>\n  <\/div>\n<\/div>\n\n\n\n<div class=\"wp-block-columns has-2-columns container pl-md-0 is-layout-flex wp-container-core-columns-is-layout-9d6595d7 wp-block-columns-is-layout-flex\">\n<div class=\"wp-block-column col-12 col-md-6 mb-3 mb-md-0 is-layout-flow wp-block-column-is-layout-flow\"><div class=\"h-100\">\n  <div class=\"featured-info row h-100 pl-4 pl-md-5 featured-info--image-bottom-right\" style=\"color: #193a68; background-color: #ffffff;\">\n    <div class=\"col-12 col-md-8 d-flex flex-column justify-content-between py-5\">\n      <div class=\"mb-5 featured-info__title\">Participaci\u00f3n e innovaci\u00f3n<\/div>\n      <div class=\"mb-5 flex-grow-1\"><p>Impulsamos la innovaci\u00f3n colectiva para la co-creaci\u00f3n de soluciones p\u00fablicas.<\/p>\n<\/div>\n      \n      <div class=\"featured-info__menu__container\" style=\"color: #f891a5; background-color: #FFFFFF;\">\n        <ul id=\"home_participacionNavigation\" class=\"navbar-collapse navbar-nav nav-custom flex-row p-2\"><li itemscope=\"itemscope\" itemtype=\"https:\/\/www.schema.org\/SiteNavigationElement\" id=\"menu-item-7781\" class=\"menu-item menu-item-type-custom menu-item-object-custom menu-item-has-children dropdown menu-item-7781 nav-item\"><a title=\"Ver m\u00e1s\" href=\"#\" data-toggle=\"dropdown\" aria-haspopup=\"true\" aria-expanded=\"false\" class=\"dropdown-toggle nav-link\" id=\"menu-item-dropdown-7781\">Ver m\u00e1s<\/a>\n<ul class=\"dropdown-menu\" aria-labelledby=\"menu-item-dropdown-7781\" role=\"menu\">\n\t<li itemscope=\"itemscope\" itemtype=\"https:\/\/www.schema.org\/SiteNavigationElement\" id=\"menu-item-7833\" class=\"menu-item menu-item-type-post_type menu-item-object-page menu-item-7833 nav-item\"><a title=\"Participaci\u00f3n e innovaci\u00f3n\" href=\"https:\/\/www.santafe.gob.ar\/ms\/gobiernoabierto\/participacion-innovacion\/\" class=\"dropdown-item\">Participaci\u00f3n e innovaci\u00f3n<\/a><\/li>\n<\/ul>\n<\/li>\n<\/ul>      <\/div>\n\n    <\/div>\n    <div class=\"d-none d-md-block col-4 featured-info__image__container\"><img loading=\"lazy\" decoding=\"async\" width=\"245\" height=\"159\" src=\"https:\/\/www.santafe.gob.ar\/ms\/gobiernoabierto\/wp-content\/uploads\/sites\/6\/2022\/01\/foco-1-e1639582667620.png\" class=\"featured-info__image w-100\" alt=\"\" \/><\/div>\n  <\/div>\n<\/div>\n\n\n\n<p><\/p>\n<\/div>\n\n\n\n<div class=\"wp-block-column col-12 col-md-6 ml-0 ml-md-3 is-layout-flow wp-block-column-is-layout-flow\"><div class=\"h-100\">\n  <div class=\"featured-info row h-100 pl-4 pl-md-5 featured-info--image-bottom-right\" style=\"color: #193a68; background-color: #ffffff;\">\n    <div class=\"col-12 col-md-8 d-flex flex-column justify-content-between py-5\">\n      <div class=\"mb-5 featured-info__title\">Transparencia y rendici\u00f3n de cuentas<\/div>\n      <div class=\"mb-5 flex-grow-1\"><p class=\"headline-section headline-center\">Como parte de nuestra pol\u00edtica activa de transparentar las acciones de Gobierno, publicamos informaci\u00f3n sobre diferentes tem\u00e1ticas que hacen a la gesti\u00f3n.<\/p>\n<\/div>\n      \n      <div class=\"featured-info__menu__container\" style=\"color: #f891a5; background-color: #FFFFFF;\">\n        <ul id=\"home_transparenciaNavigation\" class=\"navbar-collapse navbar-nav nav-custom flex-row p-2\"><li itemscope=\"itemscope\" itemtype=\"https:\/\/www.schema.org\/SiteNavigationElement\" id=\"menu-item-7782\" class=\"menu-item menu-item-type-custom menu-item-object-custom menu-item-has-children dropdown menu-item-7782 nav-item\"><a title=\"Ver m\u00e1s\" href=\"#\" data-toggle=\"dropdown\" aria-haspopup=\"true\" aria-expanded=\"false\" class=\"dropdown-toggle nav-link\" id=\"menu-item-dropdown-7782\">Ver m\u00e1s<\/a>\n<ul class=\"dropdown-menu\" aria-labelledby=\"menu-item-dropdown-7782\" role=\"menu\">\n\t<li itemscope=\"itemscope\" itemtype=\"https:\/\/www.schema.org\/SiteNavigationElement\" id=\"menu-item-7944\" class=\"menu-item menu-item-type-custom menu-item-object-custom menu-item-7944 nav-item\"><a title=\"B\u00fasqueda de personal\" href=\"https:\/\/www.santafe.gob.ar\/personal\/\" class=\"dropdown-item\">B\u00fasqueda de personal<\/a><\/li>\n\t<li itemscope=\"itemscope\" itemtype=\"https:\/\/www.schema.org\/SiteNavigationElement\" id=\"menu-item-7835\" class=\"menu-item menu-item-type-post_type menu-item-object-page menu-item-7835 nav-item\"><a title=\"Presupuesto ciudadano\" href=\"https:\/\/www.santafe.gob.ar\/ms\/gobiernoabierto\/presupuesto-ciudadano\/\" class=\"dropdown-item\">Presupuesto ciudadano<\/a><\/li>\n\t<li itemscope=\"itemscope\" itemtype=\"https:\/\/www.schema.org\/SiteNavigationElement\" id=\"menu-item-7836\" class=\"menu-item menu-item-type-post_type menu-item-object-page menu-item-7836 nav-item\"><a title=\"Transparencia activa\" href=\"https:\/\/www.santafe.gob.ar\/ms\/gobiernoabierto\/transparencia-activa\/\" class=\"dropdown-item\">Transparencia activa<\/a><\/li>\n\t<li itemscope=\"itemscope\" itemtype=\"https:\/\/www.schema.org\/SiteNavigationElement\" id=\"menu-item-7889\" class=\"menu-item menu-item-type-post_type menu-item-object-page menu-item-7889 nav-item\"><a title=\"Autoridades y organismos\" href=\"https:\/\/www.santafe.gob.ar\/ms\/gobiernoabierto\/?page_id=7825\" class=\"dropdown-item\">Autoridades y organismos<\/a><\/li>\n<\/ul>\n<\/li>\n<\/ul>      <\/div>\n\n    <\/div>\n    <div class=\"d-none d-md-block col-4 featured-info__image__container\"><img loading=\"lazy\" decoding=\"async\" width=\"245\" height=\"159\" src=\"https:\/\/www.santafe.gob.ar\/ms\/gobiernoabierto\/wp-content\/uploads\/sites\/6\/2022\/01\/planilla2.png\" class=\"featured-info__image w-100\" alt=\"\" \/><\/div>\n  <\/div>\n<\/div>\n\n\n\n<p><\/p>\n<\/div>\n<\/div>\n","protected":false},"excerpt":{"rendered":"","protected":false},"author":4,"featured_media":0,"parent":0,"menu_order":0,"comment_status":"closed","ping_status":"closed","template":"templates\/template-inicio.php","meta":{"_acf_changed":false,"footnotes":""},"class_list":["post-7727","page","type-page","status-publish","hentry"],"acf":[],"_links":{"self":[{"href":"https:\/\/www.santafe.gob.ar\/ms\/gobiernoabierto\/wp-json\/wp\/v2\/pages\/7727","targetHints":{"allow":["GET"]}}],"collection":[{"href":"https:\/\/www.santafe.gob.ar\/ms\/gobiernoabierto\/wp-json\/wp\/v2\/pages"}],"about":[{"href":"https:\/\/www.santafe.gob.ar\/ms\/gobiernoabierto\/wp-json\/wp\/v2\/types\/page"}],"author":[{"embeddable":true,"href":"https:\/\/www.santafe.gob.ar\/ms\/gobiernoabierto\/wp-json\/wp\/v2\/users\/4"}],"replies":[{"embeddable":true,"href":"https:\/\/www.santafe.gob.ar\/ms\/gobiernoabierto\/wp-json\/wp\/v2\/comments?post=7727"}],"version-history":[{"count":15,"href":"https:\/\/www.santafe.gob.ar\/ms\/gobiernoabierto\/wp-json\/wp\/v2\/pages\/7727\/revisions"}],"predecessor-version":[{"id":7863,"href":"https:\/\/www.santafe.gob.ar\/ms\/gobiernoabierto\/wp-json\/wp\/v2\/pages\/7727\/revisions\/7863"}],"wp:attachment":[{"href":"https:\/\/www.santafe.gob.ar\/ms\/gobiernoabierto\/wp-json\/wp\/v2\/media?parent=7727"}],"curies":[{"name":"wp","href":"https:\/\/api.w.org\/{rel}","templated":true}]}}