{"id":7789,"date":"2022-01-17T08:23:57","date_gmt":"2022-01-17T11:23:57","guid":{"rendered":"https:\/\/www.santafe.gob.ar\/ms\/gobiernoabierto\/?page_id=7789"},"modified":"2023-06-21T08:07:02","modified_gmt":"2023-06-21T11:07:02","slug":"presupuesto-ciudadano","status":"publish","type":"page","link":"https:\/\/www.santafe.gob.ar\/ms\/gobiernoabierto\/presupuesto-ciudadano\/","title":{"rendered":"Presupuesto ciudadano"},"content":{"rendered":"\n<p>Acercar a los ciudadanos el presupuesto en versi\u00f3n simplificada y sin requerir conocimientos en finanzas p\u00fablicas permite fomentar la transparencia, rendici\u00f3n de cuentas y difusi\u00f3n de la gesti\u00f3n de gobierno. La informaci\u00f3n detallada puede descargarse desde la secci\u00f3n de <a rel=\"noreferrer noopener\" href=\"https:\/\/datos.santafe.gob.ar\/dataset?q=presupuesto&amp;tags=presupuesto&amp;sort=metadata_modified+desc\" target=\"_blank\"><strong>datos abiertos<\/strong><\/a>.<\/p>\n\n\n\n<p>Seleccion\u00e1 el a\u00f1o a consultar: <br><\/p>\n\n\n\n<div class=\"wp-block-buttons is-horizontal is-content-justification-center is-layout-flex wp-container-core-buttons-is-layout-499968f5 wp-block-buttons-is-layout-flex\">\n<div class=\"wp-block-button has-custom-width wp-block-button__width-50 is-style-fill\"><a class=\"wp-block-button__link has-background\" href=\"https:\/\/www.santafe.gob.ar\/ms\/gobiernoabierto\/presupuesto-ciudadano\/presupuesto-2023\/\" style=\"background-color:#00558c\"><strong>2023<\/strong><\/a><\/div>\n<\/div>\n\n\n\n<div class=\"wp-block-buttons is-horizontal is-content-justification-center is-layout-flex wp-container-core-buttons-is-layout-499968f5 wp-block-buttons-is-layout-flex\">\n<div class=\"wp-block-button has-custom-width wp-block-button__width-50 is-style-outline is-style-outline--1\"><a class=\"wp-block-button__link has-text-color\" href=\"https:\/\/www.santafe.gob.ar\/ms\/gobiernoabierto\/presupuesto-ciudadano\/presupuesto-2022\/\" style=\"color:#00558c\"><strong>2022<\/strong><\/a><\/div>\n<\/div>\n\n\n\n<div class=\"wp-block-buttons is-horizontal is-content-justification-center is-layout-flex wp-container-core-buttons-is-layout-499968f5 wp-block-buttons-is-layout-flex\">\n<div class=\"wp-block-button has-custom-width wp-block-button__width-50 is-style-outline is-style-outline--2\"><a class=\"wp-block-button__link has-text-color\" href=\"https:\/\/www.santafe.gob.ar\/ms\/gobiernoabierto\/presupuesto-ciudadano\/presupuesto-2021\/\" style=\"color:#00558c\"><strong>2021<\/strong><\/a><\/div>\n<\/div>\n\n\n\n<div class=\"wp-block-buttons is-horizontal is-content-justification-center is-layout-flex wp-container-core-buttons-is-layout-499968f5 wp-block-buttons-is-layout-flex\">\n<div class=\"wp-block-button has-custom-width wp-block-button__width-50 is-style-outline is-style-outline--3\"><a class=\"wp-block-button__link has-text-color\" href=\"https:\/\/www.santafe.gob.ar\/ms\/gobiernoabierto\/presupuesto-ciudadano\/presupuesto-2020\/\" style=\"color:#00558c\"><strong>2020<\/strong><\/a><\/div>\n<\/div>\n\n\n\n<div class=\"wp-block-buttons is-horizontal is-content-justification-center is-layout-flex wp-container-core-buttons-is-layout-499968f5 wp-block-buttons-is-layout-flex\">\n<div class=\"wp-block-button has-custom-width wp-block-button__width-50 is-style-outline is-style-outline--4\"><a class=\"wp-block-button__link has-text-color\" href=\"https:\/\/www.santafe.gob.ar\/ms\/gobiernoabierto\/presupuesto-ciudadano\/presupuesto-2019\/\" style=\"color:#00558c\"><strong>2019<\/strong><\/a><\/div>\n<\/div>\n\n\n\n<div class=\"wp-block-buttons is-horizontal is-content-justification-center is-layout-flex wp-container-core-buttons-is-layout-499968f5 wp-block-buttons-is-layout-flex\">\n<div class=\"wp-block-button has-custom-width wp-block-button__width-50 is-style-outline is-style-outline--5\"><a class=\"wp-block-button__link has-text-color\" href=\"https:\/\/www.santafe.gob.ar\/ms\/gobiernoabierto\/presupuesto-ciudadano\/presupuesto-2018\/\" style=\"color:#00558c\"><strong>2018<\/strong><\/a><\/div>\n<\/div>\n\n\n\n<div class=\"wp-block-buttons is-horizontal is-content-justification-center is-layout-flex wp-container-core-buttons-is-layout-499968f5 wp-block-buttons-is-layout-flex\">\n<div class=\"wp-block-button has-custom-width wp-block-button__width-50 is-style-outline is-style-outline--6\"><a class=\"wp-block-button__link has-text-color\" href=\"https:\/\/www.santafe.gob.ar\/ms\/gobiernoabierto\/presupuesto-ciudadano\/presupuesto-2017\/\" style=\"color:#00558c\"><strong>2017<\/strong><\/a><\/div>\n<\/div>\n\n\n\n<div class=\"wp-block-buttons is-horizontal is-content-justification-center is-layout-flex wp-container-core-buttons-is-layout-499968f5 wp-block-buttons-is-layout-flex\">\n<div class=\"wp-block-button has-custom-width wp-block-button__width-50 is-style-outline is-style-outline--7\"><a class=\"wp-block-button__link has-text-color\" href=\"https:\/\/www.santafe.gob.ar\/ms\/gobiernoabierto\/presupuesto-ciudadano\/presupuesto-2016\/\" style=\"color:#00558c\"><strong>2016<\/strong><\/a><\/div>\n<\/div>\n\n\n\n<div class=\"wp-block-buttons is-horizontal is-content-justification-center is-layout-flex wp-container-core-buttons-is-layout-499968f5 wp-block-buttons-is-layout-flex\">\n<div class=\"wp-block-button has-custom-width wp-block-button__width-50 is-style-outline is-style-outline--8\"><a class=\"wp-block-button__link has-text-color\" href=\"https:\/\/www.santafe.gob.ar\/ms\/gobiernoabierto\/presupuesto-ciudadano\/presupuesto-2015\/\" style=\"color:#00558c\"><strong>2015<\/strong><\/a><\/div>\n<\/div>\n\n\n\n<p><\/p>\n\n\n\n<p><\/p>\n","protected":false},"excerpt":{"rendered":"<p>Acercar a los ciudadanos el presupuesto en versi\u00f3n simplificada y sin requerir conocimientos en finanzas p\u00fablicas permite fomentar la transparencia, rendici\u00f3n de cuentas y difusi\u00f3n de la gesti\u00f3n de gobierno. La informaci\u00f3n detallada puede descargarse desde la secci\u00f3n de datos abiertos. Seleccion\u00e1 el a\u00f1o a consultar:<\/p>\n","protected":false},"author":7,"featured_media":7791,"parent":0,"menu_order":0,"comment_status":"closed","ping_status":"closed","template":"templates\/template-noticia.php","meta":{"_acf_changed":false,"footnotes":""},"class_list":["post-7789","page","type-page","status-publish","has-post-thumbnail","hentry"],"acf":[],"_links":{"self":[{"href":"https:\/\/www.santafe.gob.ar\/ms\/gobiernoabierto\/wp-json\/wp\/v2\/pages\/7789","targetHints":{"allow":["GET"]}}],"collection":[{"href":"https:\/\/www.santafe.gob.ar\/ms\/gobiernoabierto\/wp-json\/wp\/v2\/pages"}],"about":[{"href":"https:\/\/www.santafe.gob.ar\/ms\/gobiernoabierto\/wp-json\/wp\/v2\/types\/page"}],"author":[{"embeddable":true,"href":"https:\/\/www.santafe.gob.ar\/ms\/gobiernoabierto\/wp-json\/wp\/v2\/users\/7"}],"replies":[{"embeddable":true,"href":"https:\/\/www.santafe.gob.ar\/ms\/gobiernoabierto\/wp-json\/wp\/v2\/comments?post=7789"}],"version-history":[{"count":5,"href":"https:\/\/www.santafe.gob.ar\/ms\/gobiernoabierto\/wp-json\/wp\/v2\/pages\/7789\/revisions"}],"predecessor-version":[{"id":7922,"href":"https:\/\/www.santafe.gob.ar\/ms\/gobiernoabierto\/wp-json\/wp\/v2\/pages\/7789\/revisions\/7922"}],"wp:featuredmedia":[{"embeddable":true,"href":"https:\/\/www.santafe.gob.ar\/ms\/gobiernoabierto\/wp-json\/wp\/v2\/media\/7791"}],"wp:attachment":[{"href":"https:\/\/www.santafe.gob.ar\/ms\/gobiernoabierto\/wp-json\/wp\/v2\/media?parent=7789"}],"curies":[{"name":"wp","href":"https:\/\/api.w.org\/{rel}","templated":true}]}}