{"id":7793,"date":"2022-01-17T08:29:16","date_gmt":"2022-01-17T11:29:16","guid":{"rendered":"https:\/\/www.santafe.gob.ar\/ms\/gobiernoabierto\/?page_id=7793"},"modified":"2022-01-17T08:29:16","modified_gmt":"2022-01-17T11:29:16","slug":"presupuesto-2022","status":"publish","type":"page","link":"https:\/\/www.santafe.gob.ar\/ms\/gobiernoabierto\/presupuesto-ciudadano\/presupuesto-2022\/","title":{"rendered":"Presupuesto 2022"},"content":{"rendered":"<div class=\"col-12 \" style=\"background-color: #FFFFFF\">\n  <div class=\"container\">\n    <div class=\"row\">\n      <div class=\"home-hero mt-5\">\n        <div class=\"col-12 mb-5\"><h1>Presupuesto 2022<\/h1>\n<\/div>\n        <div class=\"col-12 mb-5\"><p><span class=\"has-inline-color\">Distribuci\u00f3n del presupuesto por instituciones:<\/span><\/p>\n<\/div>\n        <div class=\"col-12 mb-5 text-center\"><\/div>\n      <\/div>\n          <\/div>\n  <\/div>\n  <!--  <div class=\"col-4 my-4\">-->\n  <!--    <div class=\"separator\"><\/div>-->\n  <!--  <\/div>-->\n<\/div>\n\n\n\n<iframe loading=\"lazy\" class=\"container\" style=\"border:none;\" title=\"Distribuci\u00f3n de presupuesto 2022 por organismos\" src=\"https:\/\/public.tableau.com\/views\/Presupuesto2022\/Quingasta?:embed=y&amp;amp;amp;:display_count=no&amp;amp;amp;:showVizHome=no\" width=\"100%\" height=\"500\"><\/iframe>\n\n\n\n<h4 class=\"container wp-block-heading\"><br><br><span style=\"color:#00558c\" class=\"has-inline-color\">Ingresos<\/span><\/h4>\n\n\n\n<p class=\"container\"> <br>Para el per\u00edodo 2022 se prev\u00e9n ingresos corrientes por $ 988.693.595.000 y recursos de capital por $ 44.174.561.000. Para completar las erogaciones a cubrir se suman otros medios de financiamiento por $ 34.586.075.000.<br><\/p>\n\n\n\n<iframe loading=\"lazy\" class=\"container\" style=\"border:none;\" title=\"Ingresos estimados por rubro\" src=\"https:\/\/public.tableau.com\/views\/Presupuesto2022\/Recursos?:embed=y&amp;amp;amp;:display_count=no&amp;amp;amp;:showVizHome=no\" width=\"100%\" height=\"500\"><\/iframe>\n\n\n\n<h4 class=\"container wp-block-heading\"><br><br><span style=\"color:#00558c\" class=\"has-inline-color\">Erogaciones<\/span><\/h4>\n\n\n\n<p class=\"container\"><br>Para el per\u00edodo se estiman erogaciones, sin incluir aplicaciones financieras, por $ 1.031.855.371.000 correspondiendo el 85% a gastos corrientes y 15% a gastos de capital.<\/p>\n\n\n\n<p class=\"container\">El presupuesto clasifica los gastos seg\u00fan su objeto (en qu\u00e9 se gasta) y en paralelo su finalidad (para qu\u00e9 se gasta). A partir de su an\u00e1lisis se observa la mayor relevancia que toman los gastos para servicios sociales (principalmente educaci\u00f3n, salud y seguridad social).<br><\/p>\n\n\n\n<iframe loading=\"lazy\" class=\"container\" style=\"border:none;\" title=\"Gastos presupuestados por objeto y finalidad\" src=\"https:\/\/public.tableau.com\/views\/Presupuesto2022\/Enqusegasta?:embed=y&amp;amp;amp;:display_count=no&amp;amp;amp;:showVizHome=no\" width=\"100%\" height=\"700\"><\/iframe>\n\n\n\n<p><br><br><br><br><\/p>\n","protected":false},"excerpt":{"rendered":"<p>Ingresos Para el per\u00edodo 2022 se prev\u00e9n ingresos corrientes por $ 988.693.595.000 y recursos de capital por $ 44.174.561.000. Para completar las erogaciones a cubrir se suman otros medios de financiamiento por $ 34.586.075.000. Erogaciones Para el per\u00edodo se estiman erogaciones, sin incluir aplicaciones financieras, por $ 1.031.855.371.000 correspondiendo el 85% a gastos corrientes y &hellip; <a href=\"https:\/\/www.santafe.gob.ar\/ms\/gobiernoabierto\/presupuesto-ciudadano\/presupuesto-2022\/\">Continued<\/a><\/p>\n","protected":false},"author":7,"featured_media":0,"parent":7789,"menu_order":0,"comment_status":"closed","ping_status":"closed","template":"templates\/template-datos-abiertos.php","meta":{"_acf_changed":false,"footnotes":""},"class_list":["post-7793","page","type-page","status-publish","hentry"],"acf":[],"_links":{"self":[{"href":"https:\/\/www.santafe.gob.ar\/ms\/gobiernoabierto\/wp-json\/wp\/v2\/pages\/7793","targetHints":{"allow":["GET"]}}],"collection":[{"href":"https:\/\/www.santafe.gob.ar\/ms\/gobiernoabierto\/wp-json\/wp\/v2\/pages"}],"about":[{"href":"https:\/\/www.santafe.gob.ar\/ms\/gobiernoabierto\/wp-json\/wp\/v2\/types\/page"}],"author":[{"embeddable":true,"href":"https:\/\/www.santafe.gob.ar\/ms\/gobiernoabierto\/wp-json\/wp\/v2\/users\/7"}],"replies":[{"embeddable":true,"href":"https:\/\/www.santafe.gob.ar\/ms\/gobiernoabierto\/wp-json\/wp\/v2\/comments?post=7793"}],"version-history":[{"count":1,"href":"https:\/\/www.santafe.gob.ar\/ms\/gobiernoabierto\/wp-json\/wp\/v2\/pages\/7793\/revisions"}],"predecessor-version":[{"id":7794,"href":"https:\/\/www.santafe.gob.ar\/ms\/gobiernoabierto\/wp-json\/wp\/v2\/pages\/7793\/revisions\/7794"}],"up":[{"embeddable":true,"href":"https:\/\/www.santafe.gob.ar\/ms\/gobiernoabierto\/wp-json\/wp\/v2\/pages\/7789"}],"wp:attachment":[{"href":"https:\/\/www.santafe.gob.ar\/ms\/gobiernoabierto\/wp-json\/wp\/v2\/media?parent=7793"}],"curies":[{"name":"wp","href":"https:\/\/api.w.org\/{rel}","templated":true}]}}