{"id":7799,"date":"2022-01-17T08:36:15","date_gmt":"2022-01-17T11:36:15","guid":{"rendered":"https:\/\/www.santafe.gob.ar\/ms\/gobiernoabierto\/?page_id=7799"},"modified":"2022-01-17T08:36:57","modified_gmt":"2022-01-17T11:36:57","slug":"presupuesto-2019","status":"publish","type":"page","link":"https:\/\/www.santafe.gob.ar\/ms\/gobiernoabierto\/presupuesto-ciudadano\/presupuesto-2019\/","title":{"rendered":"Presupuesto 2019"},"content":{"rendered":"\n<iframe loading=\"lazy\" src=\"https:\/\/public.tableau.com\/views\/Presupuesto2019_15561135132360\/Quingasta?:embed=y&amp;amp;amp;:display_count=no&amp;amp;amp;:showVizHome=no\" style=\"border:none;\" width=\"100%\" height=\"500\"><\/iframe>\n\n\n\n<p><br><\/p>\n\n\n\n<p>Para el periodo 2019 se prev\u00e9n ingresos corrientes por $ 267.088.517.000 y recursos de capital por $ 4.025.095.000, que representan un incremento de 46,78% respecto del presupuesto del a\u00f1o anterior. Para completar las erogaciones a cubrir se suman otros medios de financiamiento por $ 11.034.435.000.<\/p>\n\n\n\n<iframe loading=\"lazy\" style=\"border:none;\" src=\"https:\/\/public.tableau.com\/views\/Presupuesto2019_15561135132360\/Recursos?:embed=y&amp;amp;amp;:display_count=no&amp;amp;amp;:showVizHome=no\" width=\"100%\" height=\"500\"><\/iframe>\n\n\n\n<p><br><\/p>\n\n\n\n<p>Para el periodo se estiman erogaciones, sin incluir aplicaciones financieras, por $ 277.182.629.000 correspondiendo el 84,6% a gastos corrientes y 15,4% a gastos de capital.<\/p>\n\n\n\n<iframe loading=\"lazy\" style=\"border:none;\" src=\"https:\/\/public.tableau.com\/views\/Presupuesto2019_15561135132360\/Enqusegasta?:embed=y&amp;amp;amp;:display_count=no&amp;amp;amp;:showVizHome=no\" width=\"100%\" height=\"700\"><\/iframe>\n\n\n\n<p><br><\/p>\n\n\n\n<p>El presupuesto clasifica los gastos seg\u00fan su objeto (en qu\u00e9 se gasta) y en paralelo su finalidad (para qu\u00e9 se gasta). A partir de su an\u00e1lisis se observa la mayor relevancia que toman los gastos para servicios sociales (principalmente educaci\u00f3n, salud y seguridad social) con un 59,8% sobre el total.<\/p>\n","protected":false},"excerpt":{"rendered":"<p>Para el periodo 2019 se prev\u00e9n ingresos corrientes por $ 267.088.517.000 y recursos de capital por $ 4.025.095.000, que representan un incremento de 46,78% respecto del presupuesto del a\u00f1o anterior. Para completar las erogaciones a cubrir se suman otros medios de financiamiento por $ 11.034.435.000. Para el periodo se estiman erogaciones, sin incluir aplicaciones financieras, &hellip; <a href=\"https:\/\/www.santafe.gob.ar\/ms\/gobiernoabierto\/presupuesto-ciudadano\/presupuesto-2019\/\">Continued<\/a><\/p>\n","protected":false},"author":7,"featured_media":0,"parent":7789,"menu_order":0,"comment_status":"closed","ping_status":"closed","template":"templates\/template-noticia.php","meta":{"_acf_changed":false,"footnotes":""},"class_list":["post-7799","page","type-page","status-publish","hentry"],"acf":[],"_links":{"self":[{"href":"https:\/\/www.santafe.gob.ar\/ms\/gobiernoabierto\/wp-json\/wp\/v2\/pages\/7799","targetHints":{"allow":["GET"]}}],"collection":[{"href":"https:\/\/www.santafe.gob.ar\/ms\/gobiernoabierto\/wp-json\/wp\/v2\/pages"}],"about":[{"href":"https:\/\/www.santafe.gob.ar\/ms\/gobiernoabierto\/wp-json\/wp\/v2\/types\/page"}],"author":[{"embeddable":true,"href":"https:\/\/www.santafe.gob.ar\/ms\/gobiernoabierto\/wp-json\/wp\/v2\/users\/7"}],"replies":[{"embeddable":true,"href":"https:\/\/www.santafe.gob.ar\/ms\/gobiernoabierto\/wp-json\/wp\/v2\/comments?post=7799"}],"version-history":[{"count":1,"href":"https:\/\/www.santafe.gob.ar\/ms\/gobiernoabierto\/wp-json\/wp\/v2\/pages\/7799\/revisions"}],"predecessor-version":[{"id":7800,"href":"https:\/\/www.santafe.gob.ar\/ms\/gobiernoabierto\/wp-json\/wp\/v2\/pages\/7799\/revisions\/7800"}],"up":[{"embeddable":true,"href":"https:\/\/www.santafe.gob.ar\/ms\/gobiernoabierto\/wp-json\/wp\/v2\/pages\/7789"}],"wp:attachment":[{"href":"https:\/\/www.santafe.gob.ar\/ms\/gobiernoabierto\/wp-json\/wp\/v2\/media?parent=7799"}],"curies":[{"name":"wp","href":"https:\/\/api.w.org\/{rel}","templated":true}]}}