{"id":7801,"date":"2022-01-17T08:38:16","date_gmt":"2022-01-17T11:38:16","guid":{"rendered":"https:\/\/www.santafe.gob.ar\/ms\/gobiernoabierto\/?page_id=7801"},"modified":"2022-01-17T08:38:17","modified_gmt":"2022-01-17T11:38:17","slug":"presupuesto-2018","status":"publish","type":"page","link":"https:\/\/www.santafe.gob.ar\/ms\/gobiernoabierto\/presupuesto-ciudadano\/presupuesto-2018\/","title":{"rendered":"Presupuesto 2018"},"content":{"rendered":"\n<iframe loading=\"lazy\" src=\"https:\/\/public.tableau.com\/views\/Presupuesto2018_3\/Quingasta_1?:embed=y&amp;amp;amp;:display_count=no&amp;amp;amp;:showVizHome=no\" style=\"border:none;\" width=\"100%\" height=\"500\"><\/iframe>\n\n\n\n<p><br><\/p>\n\n\n\n<p>Para el periodo 2018 se prev\u00e9n ingresos corrientes por $ 179.290.654.000 y recursos de capital por $ 5.418.081.000, que representan un incremento de 26,4% respecto del presupuesto del a\u00f1o anterior. Para completar las erogaciones a cubrir se suman otros medios de financiamiento por $ 8.840.842.000 correspondiendo de ellos a disponibilidades financieras en fuentes afectadas a Inversi\u00f3n de a\u00f1os anteriores por $ 5.329.384.900 y Endeudamiento autorizado por $ 3.511.457.100.<\/p>\n\n\n\n<iframe loading=\"lazy\" style=\"border:none;\" src=\"https:\/\/public.tableau.com\/views\/Presupuesto2018_3\/Recursos?:embed=y&amp;amp;amp;:display_count=no&amp;amp;amp;:showVizHome=no\" width=\"100%\" height=\"500\"><\/iframe>\n\n\n\n<p><br><\/p>\n\n\n\n<p>Para el periodo se estiman erogaciones totales por $ 193.549.577.000 correspondiendo el 83,7% a gastos corrientes y 15,2% a gastos de capital.<\/p>\n\n\n\n<iframe loading=\"lazy\" style=\"border:none;\" src=\"https:\/\/public.tableau.com\/views\/Presupuesto2018_3\/Enqusegasta?:embed=y&amp;amp;amp;:display_count=no&amp;amp;amp;:showVizHome=no\" width=\"100%\" height=\"700\"><\/iframe>\n\n\n\n<p><br><\/p>\n\n\n\n<p>El presupuesto clasifica los gastos seg\u00fan su objeto (en qu\u00e9 se gasta) y en paralelo su finalidad (para qu\u00e9 se gasta). A partir de su an\u00e1lisis se observa la mayor relevancia que toman los gastos para servicios sociales (principalmente educaci\u00f3n, salud y seguridad social) con un 59,4% sobre el total, lo que representa un incremento sobre la participaci\u00f3n del periodo 2017 de casi tres puntos porcentuales. En particular se destaca el incremento en los gastos para obras y prestaci\u00f3n de servicios en \u201cAgua potable y alcantarillado\u201d que se incrementaron en un 88% respecto el a\u00f1o anterior.<\/p>\n","protected":false},"excerpt":{"rendered":"<p>Para el periodo 2018 se prev\u00e9n ingresos corrientes por $ 179.290.654.000 y recursos de capital por $ 5.418.081.000, que representan un incremento de 26,4% respecto del presupuesto del a\u00f1o anterior. Para completar las erogaciones a cubrir se suman otros medios de financiamiento por $ 8.840.842.000 correspondiendo de ellos a disponibilidades financieras en fuentes afectadas a &hellip; <a href=\"https:\/\/www.santafe.gob.ar\/ms\/gobiernoabierto\/presupuesto-ciudadano\/presupuesto-2018\/\">Continued<\/a><\/p>\n","protected":false},"author":7,"featured_media":0,"parent":7789,"menu_order":0,"comment_status":"closed","ping_status":"closed","template":"templates\/template-noticia.php","meta":{"_acf_changed":false,"footnotes":""},"class_list":["post-7801","page","type-page","status-publish","hentry"],"acf":[],"_links":{"self":[{"href":"https:\/\/www.santafe.gob.ar\/ms\/gobiernoabierto\/wp-json\/wp\/v2\/pages\/7801","targetHints":{"allow":["GET"]}}],"collection":[{"href":"https:\/\/www.santafe.gob.ar\/ms\/gobiernoabierto\/wp-json\/wp\/v2\/pages"}],"about":[{"href":"https:\/\/www.santafe.gob.ar\/ms\/gobiernoabierto\/wp-json\/wp\/v2\/types\/page"}],"author":[{"embeddable":true,"href":"https:\/\/www.santafe.gob.ar\/ms\/gobiernoabierto\/wp-json\/wp\/v2\/users\/7"}],"replies":[{"embeddable":true,"href":"https:\/\/www.santafe.gob.ar\/ms\/gobiernoabierto\/wp-json\/wp\/v2\/comments?post=7801"}],"version-history":[{"count":1,"href":"https:\/\/www.santafe.gob.ar\/ms\/gobiernoabierto\/wp-json\/wp\/v2\/pages\/7801\/revisions"}],"predecessor-version":[{"id":7802,"href":"https:\/\/www.santafe.gob.ar\/ms\/gobiernoabierto\/wp-json\/wp\/v2\/pages\/7801\/revisions\/7802"}],"up":[{"embeddable":true,"href":"https:\/\/www.santafe.gob.ar\/ms\/gobiernoabierto\/wp-json\/wp\/v2\/pages\/7789"}],"wp:attachment":[{"href":"https:\/\/www.santafe.gob.ar\/ms\/gobiernoabierto\/wp-json\/wp\/v2\/media?parent=7801"}],"curies":[{"name":"wp","href":"https:\/\/api.w.org\/{rel}","templated":true}]}}