{"id":7805,"date":"2022-01-17T08:40:32","date_gmt":"2022-01-17T11:40:32","guid":{"rendered":"https:\/\/www.santafe.gob.ar\/ms\/gobiernoabierto\/?page_id=7805"},"modified":"2022-01-17T08:40:33","modified_gmt":"2022-01-17T11:40:33","slug":"presupuesto-2016","status":"publish","type":"page","link":"https:\/\/www.santafe.gob.ar\/ms\/gobiernoabierto\/presupuesto-ciudadano\/presupuesto-2016\/","title":{"rendered":"Presupuesto 2016"},"content":{"rendered":"\n<iframe loading=\"lazy\" src=\"https:\/\/public.tableau.com\/views\/Presupuestoprovincial2016\/Quingasta?:embed=y&amp;amp;amp;:display_count=no&amp;amp;amp;:showVizHome=no\" style=\"border:none;\" width=\"100%\" height=\"500\"><\/iframe>\n\n\n\n<p><br><\/p>\n\n\n\n<p>El presupuesto prev\u00e9 financiar las erogaciones mediante ingresos corrientes y recursos de capital. Dentro del presupuesto 2016, los primeros se presupuestaron por $ 101.199.537.000 y su percepci\u00f3n en el transcurso de dicho ejercicio result\u00f3 en $ 121.806.177.294,06.<\/p>\n\n\n\n<p>Por su parte, los recursos de capital se estimaron en $ 2.469.081.000 y su percepci\u00f3n ascendi\u00f3 a una cifra similar de $ 2.462.814.136,66.<\/p>\n\n\n\n<p>Asimismo, el presupuesto contempla recursos provenientes del endeudamiento p\u00fablico y otras fuentes financieras por un importe de $ 709.118.000, los que al finalizar el ejercicio 2016 ascendieron a $ 7.233.209.344,54 incluido el cr\u00e9dito autorizado por Ley para Obras en la Provincia.<\/p>\n\n\n\n<iframe loading=\"lazy\" style=\"border:none;\" src=\"https:\/\/public.tableau.com\/views\/Presupuestoprovincial2016\/Recursos?:embed=y&amp;amp;amp;:display_count=no&amp;amp;amp;:showVizHome=no\" width=\"100%\" height=\"500\"><\/iframe>\n\n\n\n<p><br><\/p>\n\n\n\n<p>En cuanto a la clasificaci\u00f3n econ\u00f3mica el presupuesto incluye los gastos corrientes, que fueron presupuestados por $ 91.404.865.110 y cuya ejecuci\u00f3n result\u00f3 en $ 113.520.290.143,41, evidenci\u00e1ndose un incremento del 24,20% en relaci\u00f3n a lo proyectado, producto de compromisos paritarios con impacto en la masa salarial, entre otros.<\/p>\n\n\n\n<p>Los gastos de capital contemplados en dicho presupuesto ascienden a $ 11.628.442.890 que resulta equivalente al 11,3% del Gasto Provincial Total y su ejecuci\u00f3n ascendi\u00f3 a $ 10.595.777.580,53 durante el ejercicio 2016.<\/p>\n\n\n\n<p>Por \u00faltimo, el presupuesto prev\u00e9 erogaciones para la atenci\u00f3n del pago de anticipos para obras, pago de deudas y cancelaci\u00f3n de otros pasivos, como as\u00ed tambi\u00e9n inversi\u00f3n financiera, por el importe total de $ 1.344.428.000, ejecut\u00e1ndose durante el ejercicio 2016 $ 2.080.748.305,22.<\/p>\n\n\n\n<iframe loading=\"lazy\" style=\"border:none;\" src=\"https:\/\/public.tableau.com\/views\/Presupuestoprovincial2016\/Enquesegasta?:embed=y&amp;amp;amp;:display_count=no&amp;amp;amp;:showVizHome=no\" width=\"100%\" height=\"800\"><\/iframe>\n\n\n\n<p><br><br>En 2016, el 60% de los recursos se destin\u00f3 a servicios sociales (educaci\u00f3n, salud, seguridad social, entre otros). En este rubro se destaca especialmente la inversi\u00f3n realizada en Educaci\u00f3n y Cultura, que represent\u00f3 la cuarta parte del gasto total de la provincia (24%). En un nivel similar se encuentran los gastos en seguridad social (jubilaciones, pensiones y obra social provincial) por un total del 22% del presupuesto total.<\/p>\n\n\n\n<p><strong>EL RESULTADO DEL EJERCICIO<\/strong><\/p>\n\n\n\n<p>El Resultado del Ejercicio surge de considerar la suma de los Ingresos Corrientes m\u00e1s los de Ingresos de Capital y restando los Gastos Corrientes y los Gastos de Capital, es decir, sin considerar las fuentes de financiamiento y las aplicaciones financieras.<\/p>\n\n\n\n<p>De esta forma, el Resultado Financiero ejecutado en 2016 fue superavitario y estuvo en el orden de los de $ 152.923.706,78.<\/p>\n\n\n\n<p><br><\/p>\n","protected":false},"excerpt":{"rendered":"<p>El presupuesto prev\u00e9 financiar las erogaciones mediante ingresos corrientes y recursos de capital. Dentro del presupuesto 2016, los primeros se presupuestaron por $ 101.199.537.000 y su percepci\u00f3n en el transcurso de dicho ejercicio result\u00f3 en $ 121.806.177.294,06. Por su parte, los recursos de capital se estimaron en $ 2.469.081.000 y su percepci\u00f3n ascendi\u00f3 a una &hellip; <a href=\"https:\/\/www.santafe.gob.ar\/ms\/gobiernoabierto\/presupuesto-ciudadano\/presupuesto-2016\/\">Continued<\/a><\/p>\n","protected":false},"author":7,"featured_media":0,"parent":7789,"menu_order":0,"comment_status":"closed","ping_status":"closed","template":"templates\/template-noticia.php","meta":{"_acf_changed":false,"footnotes":""},"class_list":["post-7805","page","type-page","status-publish","hentry"],"acf":[],"_links":{"self":[{"href":"https:\/\/www.santafe.gob.ar\/ms\/gobiernoabierto\/wp-json\/wp\/v2\/pages\/7805","targetHints":{"allow":["GET"]}}],"collection":[{"href":"https:\/\/www.santafe.gob.ar\/ms\/gobiernoabierto\/wp-json\/wp\/v2\/pages"}],"about":[{"href":"https:\/\/www.santafe.gob.ar\/ms\/gobiernoabierto\/wp-json\/wp\/v2\/types\/page"}],"author":[{"embeddable":true,"href":"https:\/\/www.santafe.gob.ar\/ms\/gobiernoabierto\/wp-json\/wp\/v2\/users\/7"}],"replies":[{"embeddable":true,"href":"https:\/\/www.santafe.gob.ar\/ms\/gobiernoabierto\/wp-json\/wp\/v2\/comments?post=7805"}],"version-history":[{"count":1,"href":"https:\/\/www.santafe.gob.ar\/ms\/gobiernoabierto\/wp-json\/wp\/v2\/pages\/7805\/revisions"}],"predecessor-version":[{"id":7806,"href":"https:\/\/www.santafe.gob.ar\/ms\/gobiernoabierto\/wp-json\/wp\/v2\/pages\/7805\/revisions\/7806"}],"up":[{"embeddable":true,"href":"https:\/\/www.santafe.gob.ar\/ms\/gobiernoabierto\/wp-json\/wp\/v2\/pages\/7789"}],"wp:attachment":[{"href":"https:\/\/www.santafe.gob.ar\/ms\/gobiernoabierto\/wp-json\/wp\/v2\/media?parent=7805"}],"curies":[{"name":"wp","href":"https:\/\/api.w.org\/{rel}","templated":true}]}}