{"id":7807,"date":"2022-01-17T08:41:24","date_gmt":"2022-01-17T11:41:24","guid":{"rendered":"https:\/\/www.santafe.gob.ar\/ms\/gobiernoabierto\/?page_id=7807"},"modified":"2022-01-17T08:41:21","modified_gmt":"2022-01-17T11:41:21","slug":"presupuesto-2015","status":"publish","type":"page","link":"https:\/\/www.santafe.gob.ar\/ms\/gobiernoabierto\/presupuesto-ciudadano\/presupuesto-2015\/","title":{"rendered":"Presupuesto 2015"},"content":{"rendered":"\n<iframe loading=\"lazy\" src=\"https:\/\/public.tableau.com\/views\/Presupuestoprovincial2015_0\/Quingasta?:embed=y&amp;amp;amp;:display_count=no&amp;amp;amp;:showVizHome=no\" style=\"border:none;\" width=\"100%\" height=\"500\"><\/iframe>\n\n\n\n<p><br><\/p>\n\n\n\n<p>El presupuesto prev\u00e9 financiar las erogaciones mediante ingresos corrientes y recursos de capital. Los ingresos corrientes previstos en el presupuesto 2015 ascienden a la suma de $ 74.055.791.000. Por su parte, los recursos de capital se estimaron en $ 2.566.863.000 y se contemplaron fuentes de financiamiento por un importe de $ 331.234.000.<\/p>\n\n\n\n<iframe loading=\"lazy\" style=\"border:none;\" src=\"https:\/\/public.tableau.com\/views\/Presupuestoprovincial2015_0\/Recursos?:embed=y&amp;amp;amp;:display_count=no&amp;amp;amp;:showVizHome=no\" width=\"100%\" height=\"500\"><\/iframe>\n\n\n\n<p><br><\/p>\n\n\n\n<p>El Presupuesto del a\u00f1o 2015 presenta, para la Administraci\u00f3n Provincial, un monto de gastos corrientes del orden de $ 67.248.733.000, destin\u00e1ndose aproximadamente el 58% a salud, gastos sociales, educaci\u00f3n y cultura. Por su parte, los gastos de capital se previeron en $ 8.632.330.000 que resulta equivalente al 11,2% del gasto provincial total.<\/p>\n\n\n\n<p>Por \u00faltimo, el presupuesto prev\u00e9 erogaciones para la atenci\u00f3n del pago de anticipos para obras, pago de deudas y cancelaci\u00f3n de otros pasivos, como as\u00ed tambi\u00e9n inversi\u00f3n financiera, por el importe de $ 1.072.825.000.<\/p>\n\n\n\n<iframe loading=\"lazy\" style=\"border:none;\" src=\"https:\/\/public.tableau.com\/views\/Presupuestoprovincial2015_0\/Enquesegasta?:embed=y&amp;amp;amp;:display_count=no&amp;amp;amp;:showVizHome=no\" width=\"100%\" height=\"800\"><\/iframe>\n\n\n\n<p><br><br><strong>EL RESULTADO DEL EJERCICIO<\/strong><\/p>\n\n\n\n<p>El Resultado del Ejercicio surge de considerar lo percibido por Ingresos Corrientes m\u00e1s Ingresos de Capital y gastos efectivamente realizados en Gastos Corrientes y Gastos de Capital, es decir, sin considerar las fuentes de financiamiento y las aplicaciones financieras.<\/p>\n\n\n\n<p>De esta forma, el Resultado Financiero ejecutado en 2015 fue deficitario en $ 5.039.222.544,11.<\/p>\n\n\n\n<p><br><\/p>\n","protected":false},"excerpt":{"rendered":"<p>El presupuesto prev\u00e9 financiar las erogaciones mediante ingresos corrientes y recursos de capital. Los ingresos corrientes previstos en el presupuesto 2015 ascienden a la suma de $ 74.055.791.000. Por su parte, los recursos de capital se estimaron en $ 2.566.863.000 y se contemplaron fuentes de financiamiento por un importe de $ 331.234.000. El Presupuesto del &hellip; <a href=\"https:\/\/www.santafe.gob.ar\/ms\/gobiernoabierto\/presupuesto-ciudadano\/presupuesto-2015\/\">Continued<\/a><\/p>\n","protected":false},"author":7,"featured_media":0,"parent":7789,"menu_order":0,"comment_status":"closed","ping_status":"closed","template":"templates\/template-noticia.php","meta":{"_acf_changed":false,"footnotes":""},"class_list":["post-7807","page","type-page","status-publish","hentry"],"acf":[],"_links":{"self":[{"href":"https:\/\/www.santafe.gob.ar\/ms\/gobiernoabierto\/wp-json\/wp\/v2\/pages\/7807","targetHints":{"allow":["GET"]}}],"collection":[{"href":"https:\/\/www.santafe.gob.ar\/ms\/gobiernoabierto\/wp-json\/wp\/v2\/pages"}],"about":[{"href":"https:\/\/www.santafe.gob.ar\/ms\/gobiernoabierto\/wp-json\/wp\/v2\/types\/page"}],"author":[{"embeddable":true,"href":"https:\/\/www.santafe.gob.ar\/ms\/gobiernoabierto\/wp-json\/wp\/v2\/users\/7"}],"replies":[{"embeddable":true,"href":"https:\/\/www.santafe.gob.ar\/ms\/gobiernoabierto\/wp-json\/wp\/v2\/comments?post=7807"}],"version-history":[{"count":1,"href":"https:\/\/www.santafe.gob.ar\/ms\/gobiernoabierto\/wp-json\/wp\/v2\/pages\/7807\/revisions"}],"predecessor-version":[{"id":7808,"href":"https:\/\/www.santafe.gob.ar\/ms\/gobiernoabierto\/wp-json\/wp\/v2\/pages\/7807\/revisions\/7808"}],"up":[{"embeddable":true,"href":"https:\/\/www.santafe.gob.ar\/ms\/gobiernoabierto\/wp-json\/wp\/v2\/pages\/7789"}],"wp:attachment":[{"href":"https:\/\/www.santafe.gob.ar\/ms\/gobiernoabierto\/wp-json\/wp\/v2\/media?parent=7807"}],"curies":[{"name":"wp","href":"https:\/\/api.w.org\/{rel}","templated":true}]}}