{"id":7821,"date":"2022-01-17T09:19:13","date_gmt":"2022-01-17T12:19:13","guid":{"rendered":"https:\/\/www.santafe.gob.ar\/ms\/gobiernoabierto\/?page_id=7821"},"modified":"2022-01-17T09:19:10","modified_gmt":"2022-01-17T12:19:10","slug":"participacion-innovacion","status":"publish","type":"page","link":"https:\/\/www.santafe.gob.ar\/ms\/gobiernoabierto\/participacion-innovacion\/","title":{"rendered":"Los enfoques participativos son la base del desarrollo de la innovaci\u00f3n p\u00fablica para responder a los desaf\u00edos colectivos."},"content":{"rendered":"\n<p>La participaci\u00f3n es uno de los pilares de Gobierno Abierto y de nuestra gesti\u00f3n provincial. Es por eso que entendemos la importancia del seguimiento, el compromiso y la participaci\u00f3n de la ciudadan\u00eda en la elaboraci\u00f3n de pol\u00edticas p\u00fablicas, iniciativas de Gobierno Abierto y la rendici\u00f3n de cuentas en los distintos niveles estatales como condiciones fundamentales que contribuyen a fortalecer la democracia, la legitimidad de la acci\u00f3n p\u00fablica y el bienestar colectivo.<\/p>\n\n\n\n<p>Para llevar adelante nuestra tarea, contamos con herramientas y mecanismos participativos y de innovaci\u00f3n que nos permiten trabajar en ese sentido.<\/p>\n\n\n\n<h5 class=\"wp-block-heading\">Herramientas participativas:<\/h5>\n\n\n\n<ul class=\"wp-block-list\"><li><strong>Planificaci\u00f3n participativa<\/strong>: actores del sector p\u00fablico, privado, educativo, entidades intermedias, organizaciones de la sociedad civil; entre otros, se convocan para plantear diagn\u00f3sticos, objetivos y acciones para la planificaci\u00f3n de pol\u00edticas p\u00fablicas.&nbsp;<\/li><li><strong>Consulta p\u00fablica<\/strong>: el objetivo es conocer ideas, dudas y propuestas de la ciudadan\u00eda.<\/li><li><strong>Consejos consultivos:<\/strong> espacios de participaci\u00f3n y concertaci\u00f3n entre el Estado y los distintos sectores de la sociedad. Funcionan como \u00f3rganos asesores y consultivos del poder ejecutivo para el desarrollo de pol\u00edticas estrat\u00e9gicas en temas econ\u00f3micos, sociales, laborales y productivos.<\/li><li><strong>Mesa de di\u00e1logo<\/strong>: se trata de un espacio de comunicaci\u00f3n entre el gobierno y la sociedad civil para establecer consensos sobre ciertas tem\u00e1ticas.&nbsp;<\/li><li><strong>Presupuesto participativo: <\/strong>la ciudadan\u00eda delibera y decide junto al gobierno acerca de la asignaci\u00f3n de recursos p\u00fablicos. Es vinculante; es decir que el gobierno se obliga a implementar la decisi\u00f3n resultante de la participaci\u00f3n.<\/li><li><strong>Iniciativa popular:<\/strong> es un instrumento que se encuentra en nuestra Constituci\u00f3n Nacional por medio del cual la ciudadan\u00eda puede presentar proyectos de ley para ser tenidos en cuenta por las autoridades de las c\u00e1maras legislativas.<\/li><li><strong>Elaboraci\u00f3n participativa de normas<\/strong>: los interesados brindan sus opiniones y propuestas sobre proyectos de normas administrativas y proyectos de ley.<\/li><li><strong>Observatorio:<\/strong> espacio de colaboraci\u00f3n y articulaci\u00f3n multisectorial con el fin de monitorear las pol\u00edticas p\u00fablicas y realizar diagn\u00f3sticos y recomendaciones sobre las mismas.<\/li><li><strong>Consulta popular:<\/strong> se utiliza para conocer la opini\u00f3n de la sociedad sobre una determinada ley o pol\u00edtica (refer\u00e9ndum), o bien sobre cuestiones de Estado excepcionales (plebiscito). Puede ser vinculante o no.<\/li><li><strong>Auditor\u00eda social:<\/strong> a trav\u00e9s de este mecanismo la ciudadan\u00eda puede monitorear, analizar, evaluar y realizar un seguimiento de las pol\u00edticas que se llevan adelante por parte de los gobiernos as\u00ed como los servicios p\u00fablicos que brindan.<\/li><\/ul>\n\n\n\n<h5 class=\"wp-block-heading\">Herramientas de Innovaci\u00f3n:<\/h5>\n\n\n\n<ul class=\"wp-block-list\"><li><strong>Desconferencia<\/strong>: es un encuentro intensivo para el intercambio de informaci\u00f3n y generaci\u00f3n de redes donde no existe una agenda predeterminada, sino que la definen quienes participan.&nbsp;<\/li><li><strong>Talleres creativos<\/strong>: se trata de un encuentro en donde se re\u00fanen personas de distintos perfiles para trabajar conjuntamente en la creaci\u00f3n de propuestas innovadoras que respondan a problemas previamente planteados.<\/li><li><strong>Hackathones<\/strong>: el t\u00e9rmino integra el concepto de hacker y marat\u00f3n. Los hackatones son experiencias colectivas donde distintos equipos trabajan colaborativamente para desarrollar soluciones a una problem\u00e1tica en particular en un corto plazo de tiempo.<\/li><li><strong>Concursos de innovaci\u00f3n<\/strong>: se invita a la ciudadan\u00eda a sumar propuestas para resolver desaf\u00edos p\u00fablicos.&nbsp;<\/li><\/ul>\n","protected":false},"excerpt":{"rendered":"<p>La participaci\u00f3n es uno de los pilares de Gobierno Abierto y de nuestra gesti\u00f3n provincial. Es por eso que entendemos la importancia del seguimiento, el compromiso y la participaci\u00f3n de la ciudadan\u00eda en la elaboraci\u00f3n de pol\u00edticas p\u00fablicas, iniciativas de Gobierno Abierto y la rendici\u00f3n de cuentas en los distintos niveles estatales como condiciones fundamentales &hellip; <a href=\"https:\/\/www.santafe.gob.ar\/ms\/gobiernoabierto\/participacion-innovacion\/\">Continued<\/a><\/p>\n","protected":false},"author":7,"featured_media":7822,"parent":0,"menu_order":0,"comment_status":"closed","ping_status":"closed","template":"templates\/template-noticia.php","meta":{"_acf_changed":false,"footnotes":""},"class_list":["post-7821","page","type-page","status-publish","has-post-thumbnail","hentry"],"acf":[],"_links":{"self":[{"href":"https:\/\/www.santafe.gob.ar\/ms\/gobiernoabierto\/wp-json\/wp\/v2\/pages\/7821","targetHints":{"allow":["GET"]}}],"collection":[{"href":"https:\/\/www.santafe.gob.ar\/ms\/gobiernoabierto\/wp-json\/wp\/v2\/pages"}],"about":[{"href":"https:\/\/www.santafe.gob.ar\/ms\/gobiernoabierto\/wp-json\/wp\/v2\/types\/page"}],"author":[{"embeddable":true,"href":"https:\/\/www.santafe.gob.ar\/ms\/gobiernoabierto\/wp-json\/wp\/v2\/users\/7"}],"replies":[{"embeddable":true,"href":"https:\/\/www.santafe.gob.ar\/ms\/gobiernoabierto\/wp-json\/wp\/v2\/comments?post=7821"}],"version-history":[{"count":1,"href":"https:\/\/www.santafe.gob.ar\/ms\/gobiernoabierto\/wp-json\/wp\/v2\/pages\/7821\/revisions"}],"predecessor-version":[{"id":7823,"href":"https:\/\/www.santafe.gob.ar\/ms\/gobiernoabierto\/wp-json\/wp\/v2\/pages\/7821\/revisions\/7823"}],"wp:featuredmedia":[{"embeddable":true,"href":"https:\/\/www.santafe.gob.ar\/ms\/gobiernoabierto\/wp-json\/wp\/v2\/media\/7822"}],"wp:attachment":[{"href":"https:\/\/www.santafe.gob.ar\/ms\/gobiernoabierto\/wp-json\/wp\/v2\/media?parent=7821"}],"curies":[{"name":"wp","href":"https:\/\/api.w.org\/{rel}","templated":true}]}}