{"id":7909,"date":"2023-01-10T12:17:19","date_gmt":"2023-01-10T15:17:19","guid":{"rendered":"https:\/\/www.santafe.gob.ar\/ms\/gobiernoabierto\/?page_id=7909"},"modified":"2023-01-10T12:17:41","modified_gmt":"2023-01-10T15:17:41","slug":"presupuesto-2023","status":"publish","type":"page","link":"https:\/\/www.santafe.gob.ar\/ms\/gobiernoabierto\/presupuesto-ciudadano\/presupuesto-2023\/","title":{"rendered":"Presupuesto 2023"},"content":{"rendered":"<div class=\"col-12 \" style=\"background-color: #FFFFFF\">\n  <div class=\"container\">\n    <div class=\"row\">\n      <div class=\"home-hero mt-5\">\n        <div class=\"col-12 mb-5\"><h1>Presupuesto 2023<\/h1>\n<\/div>\n        <div class=\"col-12 mb-5\"><p><span class=\"has-inline-color\">Distribuci\u00f3n del presupuesto por instituciones:<\/span><\/p>\n<\/div>\n        <div class=\"col-12 mb-5 text-center\"><\/div>\n      <\/div>\n          <\/div>\n  <\/div>\n  <!--  <div class=\"col-4 my-4\">-->\n  <!--    <div class=\"separator\"><\/div>-->\n  <!--  <\/div>-->\n<\/div>\n\n\n\n<iframe loading=\"lazy\" class=\"container\" style=\"border:none;\" title=\"Distribuci\u00f3n de presupuesto 2022 por organismos\" src=\"https:\/\/public.tableau.com\/views\/Presupuesto2023_16733610869010\/Quingasta?:embed=y&amp;amp;amp;:display_count=no&amp;amp;amp;:showVizHome=no\" width=\"100%\" height=\"500\"><\/iframe>\n\n\n\n<h4 class=\"container wp-block-heading\"><br><br><span style=\"color:#00558c\" class=\"has-inline-color\">Ingresos<\/span><\/h4>\n\n\n\n<p class=\"container\"> <br>Para el per\u00edodo 2023 se prev\u00e9n ingresos corrientes por $ 2.119.804.993.000 y recursos de capital por $ 135.811.346.000. Para completar las erogaciones a cubrir se suman otros medios de financiamiento por $ 59.953.684.000.<br><\/p>\n\n\n\n<iframe loading=\"lazy\" class=\"container\" style=\"border:none;\" title=\"Ingresos estimados por rubro\" src=\"https:\/\/public.tableau.com\/views\/Presupuesto2023_16733610869010\/Recursos?:embed=y&amp;amp;amp;:display_count=no&amp;amp;amp;:showVizHome=no\" width=\"100%\" height=\"500\"><\/iframe>\n\n\n\n<h4 class=\"container wp-block-heading\"><br><br><span style=\"color:#00558c\" class=\"has-inline-color\">Erogaciones<\/span><\/h4>\n\n\n\n<p class=\"container\"><br>Para el per\u00edodo se estiman erogaciones, sin incluir aplicaciones financieras, por $\u00a02.252.970.055.000 correspondiendo el 82% a gastos corrientes y 18% a gastos de capital.<\/p>\n\n\n\n<p class=\"container\">El presupuesto clasifica los gastos seg\u00fan su objeto (en qu\u00e9 se gasta) y en paralelo su finalidad (para qu\u00e9 se gasta). A partir de su an\u00e1lisis se observa la mayor relevancia que toman los gastos para servicios sociales (principalmente educaci\u00f3n, salud y seguridad social).<br><\/p>\n\n\n\n<iframe loading=\"lazy\" class=\"container\" style=\"border:none;\" title=\"Gastos presupuestados por objeto y finalidad\" src=\"https:\/\/public.tableau.com\/views\/Presupuesto2023_16733610869010\/Enqusegasta?:embed=y&amp;amp;amp;:display_count=no&amp;amp;amp;:showVizHome=no\" width=\"100%\" height=\"700\"><\/iframe>\n\n\n\n<p><br><br><br><br><\/p>\n","protected":false},"excerpt":{"rendered":"<p>Ingresos Para el per\u00edodo 2023 se prev\u00e9n ingresos corrientes por $ 2.119.804.993.000 y recursos de capital por $ 135.811.346.000. Para completar las erogaciones a cubrir se suman otros medios de financiamiento por $ 59.953.684.000. Erogaciones Para el per\u00edodo se estiman erogaciones, sin incluir aplicaciones financieras, por $\u00a02.252.970.055.000 correspondiendo el 82% a gastos corrientes y 18% &hellip; <a href=\"https:\/\/www.santafe.gob.ar\/ms\/gobiernoabierto\/presupuesto-ciudadano\/presupuesto-2023\/\">Continued<\/a><\/p>\n","protected":false},"author":7,"featured_media":0,"parent":7789,"menu_order":0,"comment_status":"closed","ping_status":"closed","template":"templates\/template-datos-abiertos.php","meta":{"_acf_changed":false,"footnotes":""},"class_list":["post-7909","page","type-page","status-publish","hentry"],"acf":[],"_links":{"self":[{"href":"https:\/\/www.santafe.gob.ar\/ms\/gobiernoabierto\/wp-json\/wp\/v2\/pages\/7909","targetHints":{"allow":["GET"]}}],"collection":[{"href":"https:\/\/www.santafe.gob.ar\/ms\/gobiernoabierto\/wp-json\/wp\/v2\/pages"}],"about":[{"href":"https:\/\/www.santafe.gob.ar\/ms\/gobiernoabierto\/wp-json\/wp\/v2\/types\/page"}],"author":[{"embeddable":true,"href":"https:\/\/www.santafe.gob.ar\/ms\/gobiernoabierto\/wp-json\/wp\/v2\/users\/7"}],"replies":[{"embeddable":true,"href":"https:\/\/www.santafe.gob.ar\/ms\/gobiernoabierto\/wp-json\/wp\/v2\/comments?post=7909"}],"version-history":[{"count":4,"href":"https:\/\/www.santafe.gob.ar\/ms\/gobiernoabierto\/wp-json\/wp\/v2\/pages\/7909\/revisions"}],"predecessor-version":[{"id":7913,"href":"https:\/\/www.santafe.gob.ar\/ms\/gobiernoabierto\/wp-json\/wp\/v2\/pages\/7909\/revisions\/7913"}],"up":[{"embeddable":true,"href":"https:\/\/www.santafe.gob.ar\/ms\/gobiernoabierto\/wp-json\/wp\/v2\/pages\/7789"}],"wp:attachment":[{"href":"https:\/\/www.santafe.gob.ar\/ms\/gobiernoabierto\/wp-json\/wp\/v2\/media?parent=7909"}],"curies":[{"name":"wp","href":"https:\/\/api.w.org\/{rel}","templated":true}]}}