{"id":13778,"date":"2019-01-28T11:36:47","date_gmt":"2019-01-28T14:36:47","guid":{"rendered":"https:\/\/www.santafe.gob.ar\/ms\/iapos\/?page_id=13778"},"modified":"2022-03-18T12:21:31","modified_gmt":"2022-03-18T15:21:31","slug":"servicio-complementario","status":"publish","type":"page","link":"https:\/\/www.santafe.gob.ar\/ms\/iapos-old\/servicio-complementario\/","title":{"rendered":"Servicio Complementario"},"content":{"rendered":"[cmsmasters_row data_bg_color=\u00bb#efefef\u00bb data_shortcode_id=\u00bbf41225ba2a\u00bb data_width=\u00bbboxed\u00bb data_top_style=\u00bbdefault\u00bb data_bot_style=\u00bbdefault\u00bb data_color=\u00bbdefault\u00bb data_padding_top=\u00bb70&#8243; data_padding_bottom=\u00bb70&#8243;][cmsmasters_column data_width=\u00bb1\/1&#8243;][cmsmasters_heading shortcode_id=\u00bbdf533e042d\u00bb type=\u00bbh1&#8243; font_size=\u00bb33&#8243; font_weight=\u00bbnormal\u00bb font_style=\u00bbnormal\u00bb text_align=\u00bbleft\u00bb color=\u00bb#09478d\u00bb margin_top=\u00bb0&#8243; margin_bottom=\u00bb15&#8243; animation=\u00bbfadeInLeft\u00bb animation_delay=\u00bb0&#8243;]SERVICIO COMPLEMENTARIO[\/cmsmasters_heading]<\/p>\n<p>[cmsmasters_divider shortcode_id=\u00bbb0dbcd478c\u00bb width=\u00bbshort\u00bb height=\u00bb1&#8243; style=\u00bbsolid\u00bb position=\u00bbleft\u00bb color=\u00bb#09478d\u00bb margin_top=\u00bb10&#8243; margin_bottom=\u00bb25&#8243; animation_delay=\u00bb0&#8243;]<\/p>\n<p>[cmsmasters_text shortcode_id=\u00bb801592a0a0&#8243; animation=\u00bbfadeInLeft\u00bb animation_delay=\u00bb0&#8243;]<\/p>\n<h5>Con el aporte al Servicio Complementario los afiliados al IAPOS acceden a una cobertura de importancia y elevado valor econ\u00f3mico, incluyendo prestaciones tales como: servicios de sepelio, pr\u00f3tesis odontol\u00f3gicas, elementos m\u00e9dicos no implantables y otros beneficios diferenciales por sobre la cobertura general asegurada.<\/h5>\n<p>[\/cmsmasters_text][\/cmsmasters_column][\/cmsmasters_row][cmsmasters_row data_shortcode_id=\u00bbubk3io5z6s\u00bb data_width=\u00bbboxed\u00bb data_top_style=\u00bbdefault\u00bb data_bot_style=\u00bbdefault\u00bb data_color=\u00bbdefault\u00bb data_padding_top=\u00bb50&#8243; data_padding_bottom=\u00bb70&#8243;][cmsmasters_column data_width=\u00bb1\/1&#8243; data_shortcode_id=\u00bbjc0hzovjk8&#8243;][cmsmasters_text shortcode_id=\u00bbuzj9evqdxo\u00bb animation=\u00bbfadeInLeft\u00bb animation_delay=\u00bb0&#8243;]<\/p>\n<p>Se trata de una cuota mensual, equivalente al valor de cuatro \u00f3rdenes de consulta, que se descontar\u00e1 del haber del afiliado titular, cubriendo con ese valor al titular y a su grupo familiar primario. Para el caso de afiliados voluntarios, el titular deber\u00e1 abonar cuotas adicionales por cada afiliado voluntario a su cargo.<\/p>\n<p>El descuento de este servicio se realizar\u00e1 al inicio de su relaci\u00f3n laboral o beneficio previsional junto al primer aporte a la obra social.<\/p>\n<p>La baja a esta cobertura podr\u00e1 gestionarse luego de seis meses de aporte al Servicio y a pedido expreso suscripto por el titular. Esta solicitud de baja implicar\u00e1 una restricci\u00f3n para la reincorporaci\u00f3n como beneficiario de este servicio de un per\u00edodo de al menos seis meses desde la baja efectiva.<\/p>\n<p>No podr\u00e1 tramitarse la baja para afiliados voluntarios, ya que su aporte es obligatorio, ni cuando la obligatoriedad de dicho aporte se encuentre establecida por normativa de la obra social (Organismos Adheridos por Cuota, Sistema Abierto)<\/p>\n<p>Los agentes reemplazantes de corta duraci\u00f3n de los Ministerios de Salud, Desarrollo Social y Educaci\u00f3n no podr\u00e1n acceder al Servicio Complementario.<\/p>\n<p><strong>Documentaci\u00f3n<\/strong><\/p>\n<p>Para solicitar <strong>el alta de este servicio<\/strong> los afiliados titulares deben presentar:<\/p>\n<div>\n<ul>\n<li><a class=\"links_subrayados\" href=\"https:\/\/www.santafe.gov.ar\/index.php\/web\/content\/download\/244764\/1287424\/version\/2\/file\/Nota+de++solicitud+de+Alta+al+Servicio+Complementario.pdf\" target=\"_blank\" rel=\"noopener noreferrer\">Nota tipo de solicitud de alta<\/a><\/li>\n<li>Copia del \u00faltimo recibo de haberes del titular<\/li>\n<\/ul>\n<p>Para solicitar <strong>la baja de este servicio<\/strong> los afiliados titulares deben presentar:<\/p>\n<ul>\n<li><a class=\"links_subrayados\" href=\"https:\/\/www.santafe.gov.ar\/index.php\/web\/content\/download\/244766\/1287440\/version\/4\/file\/Nota+Baja+Servicio+Complementario.pdf\" target=\"_blank\" rel=\"noopener noreferrer\">Nota tipo de solicitud de baja<\/a><\/li>\n<li>Copia del \u00faltimo recibo de haberes del titular<\/li>\n<\/ul>\n<\/div>\n<p>&nbsp;<\/p>\n<p><strong>Solicitud de alta de Servicio Complementario para afiliados en Extra\u00f1a Jurisdicci\u00f3n.<\/strong><\/p>\n<p>Los titulares del IAPOS por convenio de reciprocidad en extra\u00f1a jurisdicci\u00f3n que deseen contar con este servicio deber\u00e1n abonar una cuota por cada integrante de su grupo familiar primario y por cada afiliado voluntario a su cargo. El pago de este aporte se realizar\u00e1 mensualmente mediante dep\u00f3sito bancario. La boleta de dep\u00f3sito para efectuar el pago podr\u00e1 descargarse desde la web. La baja a esta cobertura ser\u00e1 autom\u00e1tica en el caso de adeudar dos meses sin posibilidad de reincorporaci\u00f3n.<\/p>\n<p>Para adherirse a este Servicio, el afiliado deber\u00e1 tramitar el alta en la oficina de Convenios de Reciprocidad del IAPOS. Luego, deber\u00e1 presentar la siguiente documentaci\u00f3n en el \u00e1rea de Afiliaciones: <a href=\"https:\/\/www.santafe.gob.ar\/ms\/iapos\/wp-content\/uploads\/sites\/26\/2019\/04\/Nota-de-alta-a-Servicio-Complementario-para-afiliados-con-convenio-de-reciprocidad.pdf\" target=\"_blank\" rel=\"noopener noreferrer\">Nota para alta al Servicio Complementario para afiliados por Convenio de Reciprocidad<\/a>\u00a0 \u2013 Recibo de pago de la integraci\u00f3n m\u00ednima de seis meses de aporte del titular y de cada afiliado del grupo familiar. La boleta para realizar el pago ser\u00e1 emitida por el \u00e1rea de Afiliaciones al momento de solicitar el alta.<\/p>\n<p>Al momento de solicitar el alta se deber\u00e1 realizar una integraci\u00f3n m\u00ednima de seis meses de aportes correspondientes al titular y por cada afiliado del grupo familiar. Luego se deber\u00e1n efectuar dep\u00f3sitos mensuales del valor de la cuota vigente para el titular y cada miembro del grupo familiar.<\/p>\n<p><strong>Observaciones:<\/strong>\u00a0Luego del cumplimentado el tr\u00e1mite de alta, mensualmente se podr\u00e1n descargar las boletas de dep\u00f3sito desde el siguiente link:\u00a0<a href=\"https:\/\/www.santafe.gov.ar\/iapos-www\/servlet\/beloginsf?4+zqNOnuzvi7cpuwWQlHKpByqir1Uc9Gt4CytjgRmGW0TEjKGMD31WJA4VzswpDf7JYgOIs3m1kRu6uE1l+uUg==\" target=\"_blank\" rel=\"noopener noreferrer\">Impresi\u00f3n de boletas de dep\u00f3sito para afiliados por Sistema Abierto, con Licencia sin goce de haberes o para pago cuota de servicio complementario para afiliados con extra\u00f1a jurisdicci\u00f3n.<\/a><\/p>\n<p>[\/cmsmasters_text][\/cmsmasters_column][\/cmsmasters_row]\n","protected":false},"excerpt":{"rendered":"<p>[cmsmasters_row data_bg_color=\u00bb#efefef\u00bb data_shortcode_id=\u00bbf41225ba2a\u00bb data_width=\u00bbboxed\u00bb data_top_style=\u00bbdefault\u00bb data_bot_style=\u00bbdefault\u00bb data_color=\u00bbdefault\u00bb data_padding_top=\u00bb70&#8243; data_padding_bottom=\u00bb70&#8243;][cmsmasters_column data_width=\u00bb1\/1&#8243;][cmsmasters_heading shortcode_id=\u00bbdf533e042d\u00bb type=\u00bbh1&#8243; font_size=\u00bb33&#8243; font_weight=\u00bbnormal\u00bb font_style=\u00bbnormal\u00bb text_align=\u00bbleft\u00bb color=\u00bb#09478d\u00bb margin_top=\u00bb0&#8243; margin_bottom=\u00bb15&#8243; animation=\u00bbfadeInLeft\u00bb animation_delay=\u00bb0&#8243;]SERVICIO COMPLEMENTARIO[\/cmsmasters_heading] [cmsmasters_divider shortcode_id=\u00bbb0dbcd478c\u00bb width=\u00bbshort\u00bb height=\u00bb1&#8243; style=\u00bbsolid\u00bb position=\u00bbleft\u00bb color=\u00bb#09478d\u00bb margin_top=\u00bb10&#8243; margin_bottom=\u00bb25&#8243; animation_delay=\u00bb0&#8243;] [cmsmasters_text shortcode_id=\u00bb801592a0a0&#8243; animation=\u00bbfadeInLeft\u00bb animation_delay=\u00bb0&#8243;] Con el aporte al Servicio Complementario los afiliados al IAPOS acceden a una cobertura de importancia y elevado valor&#8230;<\/p>\n","protected":false},"author":1,"featured_media":0,"parent":0,"menu_order":0,"comment_status":"closed","ping_status":"closed","template":"","meta":{"_acf_changed":false,"footnotes":""},"class_list":["post-13778","page","type-page","status-publish","hentry"],"acf":[],"_links":{"self":[{"href":"https:\/\/www.santafe.gob.ar\/ms\/iapos-old\/wp-json\/wp\/v2\/pages\/13778","targetHints":{"allow":["GET"]}}],"collection":[{"href":"https:\/\/www.santafe.gob.ar\/ms\/iapos-old\/wp-json\/wp\/v2\/pages"}],"about":[{"href":"https:\/\/www.santafe.gob.ar\/ms\/iapos-old\/wp-json\/wp\/v2\/types\/page"}],"author":[{"embeddable":true,"href":"https:\/\/www.santafe.gob.ar\/ms\/iapos-old\/wp-json\/wp\/v2\/users\/1"}],"replies":[{"embeddable":true,"href":"https:\/\/www.santafe.gob.ar\/ms\/iapos-old\/wp-json\/wp\/v2\/comments?post=13778"}],"version-history":[{"count":21,"href":"https:\/\/www.santafe.gob.ar\/ms\/iapos-old\/wp-json\/wp\/v2\/pages\/13778\/revisions"}],"predecessor-version":[{"id":15500,"href":"https:\/\/www.santafe.gob.ar\/ms\/iapos-old\/wp-json\/wp\/v2\/pages\/13778\/revisions\/15500"}],"wp:attachment":[{"href":"https:\/\/www.santafe.gob.ar\/ms\/iapos-old\/wp-json\/wp\/v2\/media?parent=13778"}],"curies":[{"name":"wp","href":"https:\/\/api.w.org\/{rel}","templated":true}]}}