{"id":13788,"date":"2019-01-28T11:53:37","date_gmt":"2019-01-28T14:53:37","guid":{"rendered":"https:\/\/www.santafe.gob.ar\/ms\/iapos\/?page_id=13788"},"modified":"2022-09-26T08:30:08","modified_gmt":"2022-09-26T11:30:08","slug":"prestaciones-odontologicas","status":"publish","type":"page","link":"https:\/\/www.santafe.gob.ar\/ms\/iapos-old\/prestaciones-odontologicas\/","title":{"rendered":"Prestaciones Odontol\u00f3gicas"},"content":{"rendered":"[cmsmasters_row data_padding_bottom=\u00bb70&#8243; data_padding_top=\u00bb70&#8243; data_bg_size=\u00bbcover\u00bb data_bg_attachment=\u00bbscroll\u00bb data_bg_repeat=\u00bbno-repeat\u00bb data_bg_position=\u00bbtop center\u00bb data_bg_img=\u00bb13955|https:\/\/www.santafe.gob.ar\/ms\/iapos\/wp-content\/uploads\/sites\/26\/2019\/03\/header_odontologico_1-300&#215;63.jpg|medium\u00bb data_bg_color=\u00bb#efefef\u00bb data_color=\u00bbdefault\u00bb data_bot_style=\u00bbdefault\u00bb data_top_style=\u00bbdefault\u00bb data_width=\u00bbboxed\u00bb data_shortcode_id=\u00bbf41225ba2a\u00bb][cmsmasters_column data_width=\u00bb1\/1&#8243; data_border_style=\u00bbdefault\u00bb][cmsmasters_heading shortcode_id=\u00bbdf533e042d\u00bb type=\u00bbh2&#8243; font_family=\u00bbMontserrat:400,700&#8243; font_size=\u00bb28&#8243; line_height=\u00bb40&#8243; font_weight=\u00bbnormal\u00bb font_style=\u00bbnormal\u00bb text_align=\u00bbcenter\u00bb color=\u00bb#ffffff\u00bb bg_color=\u00bb#00a8e7&#8243; border_radius=\u00bb12px\u00bb margin_top=\u00bb45&#8243; margin_bottom=\u00bb45&#8243; animation=\u00bbfadeInLeft\u00bb animation_delay=\u00bb0&#8243;]PRESTACIONES ODONTOL\u00d3GICAS[\/cmsmasters_heading][\/cmsmasters_column][\/cmsmasters_row][cmsmasters_row data_padding_bottom=\u00bb20&#8243; data_padding_top=\u00bb50&#8243; data_color=\u00bbdefault\u00bb data_bot_style=\u00bbdefault\u00bb data_top_style=\u00bbdefault\u00bb data_width=\u00bbboxed\u00bb data_shortcode_id=\u00bbubk3io5z6s\u00bb][cmsmasters_column data_width=\u00bb1\/1&#8243; data_shortcode_id=\u00bbjc0hzovjk8&#8243;][cmsmasters_text shortcode_id=\u00bb0jipokemr\u00bb animation=\u00bbfadeInLeft\u00bb animation_delay=\u00bb0&#8243;]<\/p>\n<p class=\"p1\" style=\"text-align: left\"><span class=\"s1\" style=\"color: #000000\">Las pr\u00e1cticas odontol\u00f3gicas incluidas en la cobertura del IAPOS son las consultas, obturaciones, los tratamientos de conducto, odontolog\u00eda preventiva y odontopediatr\u00eda, periodoncia, radiograf\u00eda y cirug\u00eda.<\/span><\/p>\n<ul>\n<li><span style=\"color: #000000\">Pr\u00f3tesis: la cobertura del IAPOS es del 50% del costo de la pr\u00f3tesis. Los beneficiarios deben contar con el descuento de Servicio Complementario.<\/span><\/li>\n<li><span style=\"color: #000000\">Implantes: se reconocer\u00e1 el 50% del costo de 1 implante por a\u00f1o a afiliados mayores de 18 a\u00f1os que cuenten con la cobertura de Servicio Complementario.<\/span><\/li>\n<\/ul>\n<p><span style=\"color: #000000\">La autorizaci\u00f3n de los tratamientos odontol\u00f3gicos la realiza el profesional tratante en forma online, adjuntando la documentaci\u00f3n que justifique la pr\u00e1ctica a realizar. En el caso de pr\u00f3tesis e implantes se requerir\u00e1 adem\u00e1s fichas odontol\u00f3gicas o formularios para implantes dentales<\/span><\/p>\n<p><span style=\"color: #000000\">Para los ni\u00f1os menores de 12 a\u00f1os la cobertura es gratuita, sin pago de coseguros, es decir que los bonos asistenciales son sin cargo.<\/span><\/p>\n<p>[\/cmsmasters_text]<\/p>\n<p>[cmsmasters_divider shortcode_id=\u00bbk3y7nvvdka\u00bb width=\u00bblong\u00bb height=\u00bb0&#8243; style=\u00bbsolid\u00bb position=\u00bbcenter\u00bb margin_top=\u00bb20&#8243; margin_bottom=\u00bb20&#8243; animation_delay=\u00bb0&#8243;]<\/p>\n<p>[cmsmasters_toggles shortcode_id=\u00bb20ahoq29sh\u00bb mode=\u00bbtoggle\u00bb animation_delay=\u00bb0&#8243;][cmsmasters_toggle shortcode_id=\u00bbavasmrmt9&#8243; title=\u00bbPrograma de Salud Bucal para Embarazadas\u00bb]<\/p>\n<p><a href=\"http:\/\/www.iapossantafe.gob.ar\/salud-bucal-embarazadas\/\" target=\"_blank\" rel=\"noopener noreferrer\">Informaci\u00f3n sobre el Programa ingresando aqu\u00ed<\/a><\/p>\n<p>[\/cmsmasters_toggle][\/cmsmasters_toggles]<\/p>\n<p>[cmsmasters_divider shortcode_id=\u00bbmybldn9i2n\u00bb width=\u00bblong\u00bb height=\u00bb0&#8243; style=\u00bbsolid\u00bb position=\u00bbcenter\u00bb margin_top=\u00bb20&#8243; margin_bottom=\u00bb20&#8243; animation_delay=\u00bb0&#8243;]<\/p>\n<p>[\/cmsmasters_column][\/cmsmasters_row][cmsmasters_row data_width=\u00bbboxed\u00bb data_padding_left=\u00bb3&#8243; data_padding_right=\u00bb3&#8243; data_top_style=\u00bbdefault\u00bb data_bot_style=\u00bbdefault\u00bb data_color=\u00bbdefault\u00bb data_bg_position=\u00bbtop center\u00bb data_bg_repeat=\u00bbno-repeat\u00bb data_bg_attachment=\u00bbscroll\u00bb data_bg_size=\u00bbcover\u00bb data_bg_parallax_ratio=\u00bb0.5&#8243; data_padding_top=\u00bb0&#8243; data_padding_bottom=\u00bb50&#8243; data_padding_top_laptop=\u00bb0&#8243; data_padding_bottom_laptop=\u00bb0&#8243; data_padding_top_tablet=\u00bb0&#8243; data_padding_bottom_tablet=\u00bb0&#8243; data_padding_top_mobile_h=\u00bb0&#8243; data_padding_bottom_mobile_h=\u00bb0&#8243; data_padding_top_mobile_v=\u00bb0&#8243; data_padding_bottom_mobile_v=\u00bb0&#8243; data_shortcode_id=\u00bbq09qx9ngi5&#8243;][cmsmasters_column data_width=\u00bb1\/1&#8243; data_bg_position=\u00bbtop center\u00bb data_bg_repeat=\u00bbno-repeat\u00bb data_bg_attachment=\u00bbscroll\u00bb data_bg_size=\u00bbcover\u00bb data_border_style=\u00bbdefault\u00bb data_animation_delay=\u00bb0&#8243; data_shortcode_id=\u00bbgjv0ezuw89&#8243;][cmsmasters_button shortcode_id=\u00bb4tin088k5&#8243; button_link=\u00bbhttp:\/\/www.iapossantafe.gob.ar\/aranceles\/\u00bb button_target=\u00bbblank\u00bb button_text_align=\u00bbcenter\u00bb button_style=\u00bbcmsmasters_but_bg_hover\u00bb button_font_weight=\u00bbdefault\u00bb button_font_style=\u00bbdefault\u00bb button_text_transform=\u00bbdefault\u00bb button_border_style=\u00bbdefault\u00bb button_border_radius=\u00bb10px\u00bb button_text_color=\u00bb#00a8e7&#8243; button_border_color=\u00bb#00a8e7&#8243; button_bg_color_h=\u00bb#00a8e7&#8243; button_text_color_h=\u00bb#ffffff\u00bb button_border_color_h=\u00bb#00a8e7&#8243; animation_delay=\u00bb0&#8243;] Ver Detalle de pr\u00e1cticas odontol\u00f3gicas incluidas en la cobertura[\/cmsmasters_button][cmsmasters_text]<\/p>\n<p style=\"text-align: center\">(incluye arancel que la obra social reconoce al profesional por dicha<br \/>\nprestaci\u00f3n y la cantidad de bonos que el afiliado debe entregar al odont\u00f3logo por cada una de ellas)<\/p>\n<p>[\/cmsmasters_text][\/cmsmasters_column][\/cmsmasters_row][cmsmasters_row data_padding_bottom=\u00bb0&#8243; data_padding_top=\u00bb50&#8243; data_bg_color=\u00bb#f6f6f6&#8243; data_color=\u00bbdefault\u00bb data_bot_style=\u00bbdefault\u00bb data_top_style=\u00bbdefault\u00bb data_width=\u00bbboxed\u00bb data_shortcode_id=\u00bb5yv1xz87k2&#8243;][cmsmasters_column data_width=\u00bb1\/1&#8243; data_shortcode_id=\u00bbpqs5xle3bo\u00bb][cmsmasters_heading shortcode_id=\u00bb8edtv20llv\u00bb type=\u00bbh5&#8243; font_family=\u00bbOpen+Sans:300,300italic,400,400italic,600,600italic,700,700italic\u00bb font_size=\u00bb18&#8243; line_height=\u00bb30&#8243; font_weight=\u00bbbold\u00bb font_style=\u00bbnormal\u00bb text_align=\u00bbcenter\u00bb color=\u00bb#00a8e7&#8243; margin_top=\u00bb12&#8243; margin_bottom=\u00bb30&#8243; animation=\u00bbfadeInLeft\u00bb animation_delay=\u00bb0&#8243;]PAGO DE COSEGUROS[\/cmsmasters_heading][cmsmasters_text shortcode_id=\u00bbt02iot2xot\u00bb animation=\u00bbfadeInLeft\u00bb animation_delay=\u00bb0&#8243;]<\/p>\n<h6 class=\"p1\" style=\"text-align: center\"><span style=\"color: #808080\">Los bonos se adquieren en las bocas de expendio, en cajeros autom\u00e1ticos de Red Link o a trav\u00e9s de la banca digital del Banco de Santa Fe o adhiri\u00e9ndose al d\u00e9bito autom\u00e1tico en cuenta.<\/span><\/h6>\n<p>[\/cmsmasters_text][\/cmsmasters_column][\/cmsmasters_row][cmsmasters_row data_shortcode_id=\u00bb0tinqfwczf\u00bb data_width=\u00bbboxed\u00bb data_top_style=\u00bbdefault\u00bb data_bot_style=\u00bbdefault\u00bb data_color=\u00bbdefault\u00bb data_bg_color=\u00bb#f6f6f6&#8243; data_padding_top=\u00bb50&#8243; data_padding_bottom=\u00bb50&#8243;][cmsmasters_column data_width=\u00bb1\/4&#8243; data_bg_position=\u00bbtop center\u00bb data_bg_repeat=\u00bbno-repeat\u00bb data_bg_attachment=\u00bbscroll\u00bb data_bg_size=\u00bbcover\u00bb data_border_style=\u00bbdefault\u00bb data_animation_delay=\u00bb0&#8243; data_shortcode_id=\u00bbvdhd0fiuvs\u00bb][cmsmasters_heading shortcode_id=\u00bbx2vdaex1im\u00bb type=\u00bbh6&#8243; font_family=\u00bbOpen+Sans:300,300italic,400,400italic,600,600italic,700,700italic\u00bb font_size=\u00bb14&#8243; line_height=\u00bb15&#8243; font_weight=\u00bbbold\u00bb font_style=\u00bbnormal\u00bb text_align=\u00bbcenter\u00bb color=\u00bb#00a8e7&#8243; margin_top=\u00bb12&#8243; margin_bottom=\u00bb15&#8243; animation=\u00bbfadeInLeft\u00bb animation_delay=\u00bb0&#8243;]D\u00c9BITO EN CUENTA[\/cmsmasters_heading]<\/p>\n<p>[cmsmasters_divider shortcode_id=\u00bb6n248c7tq4&#8243; width=\u00bbshort\u00bb height=\u00bb0&#8243; style=\u00bbsolid\u00bb position=\u00bbcenter\u00bb margin_top=\u00bb19&#8243; margin_bottom=\u00bb19&#8243; animation_delay=\u00bb0&#8243;]<\/p>\n<p>[cmsmasters_text shortcode_id=\u00bb3ago2771ti\u00bb animation_delay=\u00bb0&#8243;]<\/p>\n<p style=\"text-align: center\">Le permitir\u00e1 realizar la adhesi\u00f3n o deshadesi\u00f3n al d\u00e9bito, consultar los coseguros que fueron debitados por pr\u00e1cticas realizadas y realizar denuncias por prestaciones debitadas que no fueron recibidas.<\/p>\n<p>[\/cmsmasters_text][cmsmasters_button shortcode_id=\u00bbuv3nhbmnus\u00bb button_link=\u00bb\/coseguro\/\u00bb button_target=\u00bbself\u00bb button_text_align=\u00bbcenter\u00bb button_style=\u00bbcmsmasters_but_bg_hover\u00bb button_font_family=\u00bbOpen+Sans:300,300italic,400,400italic,600,600italic,700,700italic\u00bb button_font_size=\u00bb11&#8243; button_line_height=\u00bb15&#8243; button_font_weight=\u00bbnormal\u00bb button_font_style=\u00bbnormal\u00bb button_text_transform=\u00bbdefault\u00bb button_padding_hor=\u00bb13&#8243; button_border_style=\u00bbdefault\u00bb button_border_radius=\u00bb12px\u00bb button_bg_color=\u00bb#f6f6f6&#8243; button_text_color=\u00bb#00a8e7&#8243; button_border_color=\u00bb#00a8e7&#8243; button_bg_color_h=\u00bb#00a8e7&#8243; button_text_color_h=\u00bb#ffffff\u00bb button_border_color_h=\u00bb#00a8e7&#8243; animation=\u00bbfadeInUp\u00bb animation_delay=\u00bb0&#8243;]ADHERIR \/ DESADHERIR[\/cmsmasters_button][cmsmasters_button shortcode_id=\u00bbgv7uwn8q8&#8243; button_link=\u00bbhttps:\/\/www.santafe.gov.ar\/cosegurosiapos\u00bb button_target=\u00bbblank\u00bb button_text_align=\u00bbcenter\u00bb button_style=\u00bbcmsmasters_but_bg_hover\u00bb button_font_family=\u00bbOpen+Sans:300,300italic,400,400italic,600,600italic,700,700italic\u00bb button_font_size=\u00bb11&#8243; button_line_height=\u00bb15&#8243; button_font_weight=\u00bbnormal\u00bb button_font_style=\u00bbnormal\u00bb button_text_transform=\u00bbdefault\u00bb button_padding_hor=\u00bb14&#8243; button_border_style=\u00bbdefault\u00bb button_border_radius=\u00bb12px\u00bb button_bg_color=\u00bb#f6f6f6&#8243; button_text_color=\u00bb#00a8e7&#8243; button_border_color=\u00bb#00a8e7&#8243; button_bg_color_h=\u00bb#00a8e7&#8243; button_text_color_h=\u00bb#ffffff\u00bb button_border_color_h=\u00bb#00a8e7&#8243; animation=\u00bbfadeInUp\u00bb animation_delay=\u00bb0&#8243;]RESUMEN[\/cmsmasters_button][\/cmsmasters_column][cmsmasters_column data_width=\u00bb1\/4&#8243; data_shortcode_id=\u00bbqdgefc689a\u00bb][cmsmasters_heading shortcode_id=\u00bbmn9z8iky3&#8243; type=\u00bbh6&#8243; font_family=\u00bbOpen+Sans:300,300italic,400,400italic,600,600italic,700,700italic\u00bb font_size=\u00bb14&#8243; line_height=\u00bb15&#8243; font_weight=\u00bbbold\u00bb font_style=\u00bbnormal\u00bb text_align=\u00bbcenter\u00bb color=\u00bb#00a8e7&#8243; margin_top=\u00bb12&#8243; margin_bottom=\u00bb15&#8243; animation=\u00bbfadeInLeft\u00bb animation_delay=\u00bb0&#8243;]CAJERO RED LINK \/ SANTA FE SERVICIOS[\/cmsmasters_heading][cmsmasters_text shortcode_id=\u00bbouvcmmjm1j\u00bb animation_delay=\u00bb0&#8243;]<\/p>\n<p style=\"text-align: center\">Se debe contar con DNI o credencial; tarjeta de d\u00e9bito del Banco de Santa Fe o del Banco Muncipal. Se emitir\u00e1 un comprobante por la totalidad de bonos solicitados, por lo que si estos son para entregara distintos prestadores y\/o diferentes pr\u00e1cticas, se deber\u00e1 tener la precauci\u00f3n de realizar diferentes operaciones de compra para cada estudio.<\/p>\n<p>[\/cmsmasters_text][cmsmasters_button shortcode_id=\u00bb2emty84yk\u00bb button_link=\u00bbhttps:\/\/www.bancosantafe.com.ar\/entidades\u00bb button_target=\u00bbblank\u00bb button_text_align=\u00bbcenter\u00bb button_style=\u00bbcmsmasters_but_bg_hover\u00bb button_font_family=\u00bbOpen+Sans:300,300italic,400,400italic,600,600italic,700,700italic\u00bb button_font_size=\u00bb11&#8243; button_line_height=\u00bb15&#8243; button_font_weight=\u00bbnormal\u00bb button_font_style=\u00bbnormal\u00bb button_text_transform=\u00bbdefault\u00bb button_padding_hor=\u00bb13&#8243; button_border_style=\u00bbdefault\u00bb button_border_radius=\u00bb12px\u00bb button_bg_color=\u00bb#f6f6f6&#8243; button_text_color=\u00bb#00a8e7&#8243; button_border_color=\u00bb#00a8e7&#8243; button_bg_color_h=\u00bb#00a8e7&#8243; button_text_color_h=\u00bb#ffffff\u00bb button_border_color_h=\u00bb#00a8e7&#8243; animation=\u00bbfadeInUp\u00bb animation_delay=\u00bb0&#8243;]VER SUCURSALES[\/cmsmasters_button][\/cmsmasters_column][cmsmasters_column data_width=\u00bb1\/4&#8243; data_shortcode_id=\u00bb62bvzxnr2n\u00bb][cmsmasters_heading shortcode_id=\u00bbmusow1oh0c\u00bb type=\u00bbh6&#8243; font_family=\u00bbOpen+Sans:300,300italic,400,400italic,600,600italic,700,700italic\u00bb font_size=\u00bb14&#8243; line_height=\u00bb15&#8243; font_weight=\u00bbbold\u00bb font_style=\u00bbnormal\u00bb text_align=\u00bbcenter\u00bb color=\u00bb#00a8e7&#8243; margin_top=\u00bb12&#8243; margin_bottom=\u00bb15&#8243; animation=\u00bbfadeInLeft\u00bb animation_delay=\u00bb0&#8243;]BANCA DIGITAL DEL BANCO DE SANTA FE[\/cmsmasters_heading][cmsmasters_text shortcode_id=\u00bblc5kkmemcg\u00bb animation_delay=\u00bb0&#8243;]<\/p>\n<div style=\"text-align: center\">Ingrese a Homebanking con su usuario y contrase\u00f1a. Requiere que el afiliado imprima el comprobante de la compra.<\/div>\n<div style=\"text-align: center\">La validez de las \u00f3rdenes y los bonos adquiridos a trav\u00e9s de la modalidad es de 72 horas desde la fecha de emisi\u00f3n.<\/div>\n<p>[\/cmsmasters_text]<\/p>\n<p>[cmsmasters_divider shortcode_id=\u00bb6mvdzijhm7&#8243; width=\u00bbshort\u00bb height=\u00bb0&#8243; style=\u00bbsolid\u00bb position=\u00bbcenter\u00bb margin_top=\u00bb19&#8243; margin_bottom=\u00bb19&#8243; animation_delay=\u00bb0&#8243;]<\/p>\n<p>[cmsmasters_button shortcode_id=\u00bbbgno23levb\u00bb button_link=\u00bbhttps:\/\/hb.redlink.com.ar\/bancobsf\/login.htm\u00bb button_target=\u00bbblank\u00bb button_text_align=\u00bbcenter\u00bb button_style=\u00bbcmsmasters_but_bg_hover\u00bb button_font_family=\u00bbOpen+Sans:300,300italic,400,400italic,600,600italic,700,700italic\u00bb button_font_size=\u00bb11&#8243; button_line_height=\u00bb15&#8243; button_font_weight=\u00bbnormal\u00bb button_font_style=\u00bbnormal\u00bb button_text_transform=\u00bbdefault\u00bb button_padding_hor=\u00bb13&#8243; button_border_style=\u00bbdefault\u00bb button_border_radius=\u00bb12px\u00bb button_bg_color=\u00bb#f6f6f6&#8243; button_text_color=\u00bb#00a8e7&#8243; button_border_color=\u00bb#00a8e7&#8243; button_bg_color_h=\u00bb#00a8e7&#8243; button_text_color_h=\u00bb#ffffff\u00bb button_border_color_h=\u00bb#00a8e7&#8243; animation=\u00bbfadeInUp\u00bb animation_delay=\u00bb0&#8243;]HOME BANKING[\/cmsmasters_button][\/cmsmasters_column][cmsmasters_column data_width=\u00bb1\/4&#8243; data_shortcode_id=\u00bbudw0zbd3eh\u00bb][cmsmasters_heading shortcode_id=\u00bbe5ismc52zo\u00bb type=\u00bbh6&#8243; font_family=\u00bbOpen+Sans:300,300italic,400,400italic,600,600italic,700,700italic\u00bb font_size=\u00bb14&#8243; line_height=\u00bb15&#8243; font_weight=\u00bbbold\u00bb font_style=\u00bbnormal\u00bb text_align=\u00bbcenter\u00bb color=\u00bb#00a8e7&#8243; margin_top=\u00bb12&#8243; margin_bottom=\u00bb15&#8243; animation=\u00bbfadeInLeft\u00bb animation_delay=\u00bb0&#8243;]BOCAS DE EXPENDIO[\/cmsmasters_heading]<\/p>\n<p>[cmsmasters_divider shortcode_id=\u00bbp3f5nbufvh\u00bb width=\u00bbshort\u00bb height=\u00bb0&#8243; style=\u00bbsolid\u00bb position=\u00bbcenter\u00bb margin_top=\u00bb19&#8243; margin_bottom=\u00bb19&#8243; animation_delay=\u00bb0&#8243;]<\/p>\n<p>[cmsmasters_text shortcode_id=\u00bby99x988kud\u00bb animation_delay=\u00bb0&#8243;]<\/p>\n<div style=\"text-align: center\">Se requiere acreditar identidad a trav\u00e9s del documento de identidad o credencial del IAPOS y \u00faltimo recibo de sueldo. Esta opci\u00f3n no est\u00e1 disponible en la Sede Central de la localidad de Rosario.<\/div>\n<p>[\/cmsmasters_text]<\/p>\n<p>[cmsmasters_divider shortcode_id=\u00bb2qjswz6xa\u00bb width=\u00bbshort\u00bb height=\u00bb0&#8243; style=\u00bbsolid\u00bb position=\u00bbcenter\u00bb margin_top=\u00bb19&#8243; margin_bottom=\u00bb19&#8243; animation_delay=\u00bb0&#8243;]<\/p>\n<p>[cmsmasters_button shortcode_id=\u00bbrpkh3zgck\u00bb button_link=\u00bbhttp:\/\/www.santa-fe.gov.ar\/iapos\/iapos2005\/cartilla-2005.php\u00bb button_target=\u00bbblank\u00bb button_text_align=\u00bbcenter\u00bb button_style=\u00bbcmsmasters_but_bg_hover\u00bb button_font_family=\u00bbOpen+Sans:300,300italic,400,400italic,600,600italic,700,700italic\u00bb button_font_size=\u00bb11&#8243; button_line_height=\u00bb15&#8243; button_font_weight=\u00bbnormal\u00bb button_font_style=\u00bbnormal\u00bb button_text_transform=\u00bbdefault\u00bb button_padding_hor=\u00bb13&#8243; button_border_style=\u00bbdefault\u00bb button_border_radius=\u00bb12px\u00bb button_bg_color=\u00bb#f6f6f6&#8243; button_text_color=\u00bb#00a8e7&#8243; button_border_color=\u00bb#00a8e7&#8243; button_bg_color_h=\u00bb#00a8e7&#8243; button_text_color_h=\u00bb#ffffff\u00bb button_border_color_h=\u00bb#00a8e7&#8243; animation=\u00bbfadeInUp\u00bb animation_delay=\u00bb0&#8243;]BOCAS DE EXPENDIO[\/cmsmasters_button][\/cmsmasters_column][\/cmsmasters_row]\n","protected":false},"excerpt":{"rendered":"<p>[cmsmasters_row data_padding_bottom=\u00bb70&#8243; data_padding_top=\u00bb70&#8243; data_bg_size=\u00bbcover\u00bb data_bg_attachment=\u00bbscroll\u00bb data_bg_repeat=\u00bbno-repeat\u00bb data_bg_position=\u00bbtop center\u00bb data_bg_img=\u00bb13955|https:\/\/www.santafe.gob.ar\/ms\/iapos\/wp-content\/uploads\/sites\/26\/2019\/03\/header_odontologico_1-300&#215;63.jpg|medium\u00bb data_bg_color=\u00bb#efefef\u00bb data_color=\u00bbdefault\u00bb data_bot_style=\u00bbdefault\u00bb data_top_style=\u00bbdefault\u00bb data_width=\u00bbboxed\u00bb data_shortcode_id=\u00bbf41225ba2a\u00bb][cmsmasters_column data_width=\u00bb1\/1&#8243; data_border_style=\u00bbdefault\u00bb][cmsmasters_heading shortcode_id=\u00bbdf533e042d\u00bb type=\u00bbh2&#8243; font_family=\u00bbMontserrat:400,700&#8243; font_size=\u00bb28&#8243; line_height=\u00bb40&#8243; font_weight=\u00bbnormal\u00bb font_style=\u00bbnormal\u00bb text_align=\u00bbcenter\u00bb color=\u00bb#ffffff\u00bb bg_color=\u00bb#00a8e7&#8243; border_radius=\u00bb12px\u00bb margin_top=\u00bb45&#8243; margin_bottom=\u00bb45&#8243; animation=\u00bbfadeInLeft\u00bb animation_delay=\u00bb0&#8243;]PRESTACIONES ODONTOL\u00d3GICAS[\/cmsmasters_heading][\/cmsmasters_column][\/cmsmasters_row][cmsmasters_row data_padding_bottom=\u00bb20&#8243; data_padding_top=\u00bb50&#8243; data_color=\u00bbdefault\u00bb data_bot_style=\u00bbdefault\u00bb data_top_style=\u00bbdefault\u00bb data_width=\u00bbboxed\u00bb data_shortcode_id=\u00bbubk3io5z6s\u00bb][cmsmasters_column data_width=\u00bb1\/1&#8243; data_shortcode_id=\u00bbjc0hzovjk8&#8243;][cmsmasters_text shortcode_id=\u00bb0jipokemr\u00bb animation=\u00bbfadeInLeft\u00bb animation_delay=\u00bb0&#8243;] Las pr\u00e1cticas odontol\u00f3gicas incluidas en la cobertura del IAPOS son&#8230;<\/p>\n","protected":false},"author":1,"featured_media":0,"parent":0,"menu_order":0,"comment_status":"closed","ping_status":"closed","template":"","meta":{"_acf_changed":false,"footnotes":""},"class_list":["post-13788","page","type-page","status-publish","hentry"],"acf":[],"_links":{"self":[{"href":"https:\/\/www.santafe.gob.ar\/ms\/iapos-old\/wp-json\/wp\/v2\/pages\/13788","targetHints":{"allow":["GET"]}}],"collection":[{"href":"https:\/\/www.santafe.gob.ar\/ms\/iapos-old\/wp-json\/wp\/v2\/pages"}],"about":[{"href":"https:\/\/www.santafe.gob.ar\/ms\/iapos-old\/wp-json\/wp\/v2\/types\/page"}],"author":[{"embeddable":true,"href":"https:\/\/www.santafe.gob.ar\/ms\/iapos-old\/wp-json\/wp\/v2\/users\/1"}],"replies":[{"embeddable":true,"href":"https:\/\/www.santafe.gob.ar\/ms\/iapos-old\/wp-json\/wp\/v2\/comments?post=13788"}],"version-history":[{"count":89,"href":"https:\/\/www.santafe.gob.ar\/ms\/iapos-old\/wp-json\/wp\/v2\/pages\/13788\/revisions"}],"predecessor-version":[{"id":15911,"href":"https:\/\/www.santafe.gob.ar\/ms\/iapos-old\/wp-json\/wp\/v2\/pages\/13788\/revisions\/15911"}],"wp:attachment":[{"href":"https:\/\/www.santafe.gob.ar\/ms\/iapos-old\/wp-json\/wp\/v2\/media?parent=13788"}],"curies":[{"name":"wp","href":"https:\/\/api.w.org\/{rel}","templated":true}]}}