{"id":13937,"date":"2019-03-11T20:30:57","date_gmt":"2019-03-11T23:30:57","guid":{"rendered":"https:\/\/www.santafe.gob.ar\/ms\/iapos\/?page_id=13937"},"modified":"2022-08-22T10:46:14","modified_gmt":"2022-08-22T13:46:14","slug":"convenios-de-reciprocidad","status":"publish","type":"page","link":"https:\/\/www.santafe.gob.ar\/ms\/iapos-old\/convenios-de-reciprocidad\/","title":{"rendered":"SERVICIOS EN OTRAS PROVINCIAS"},"content":{"rendered":"[cmsmasters_row data_shortcode_id=\u00bbf41225ba2a\u00bb data_width=\u00bbboxed\u00bb data_top_style=\u00bbdefault\u00bb data_bot_style=\u00bbdefault\u00bb data_color=\u00bbdefault\u00bb data_bg_color=\u00bb#efefef\u00bb data_padding_top=\u00bb70&#8243; data_padding_bottom=\u00bb70&#8243;][cmsmasters_column data_width=\u00bb1\/1&#8243;][cmsmasters_heading shortcode_id=\u00bbdf533e042d\u00bb type=\u00bbh1&#8243; font_size=\u00bb33&#8243; font_weight=\u00bbnormal\u00bb font_style=\u00bbnormal\u00bb text_align=\u00bbleft\u00bb color=\u00bb#09478d\u00bb margin_top=\u00bb0&#8243; margin_bottom=\u00bb15&#8243; animation=\u00bbfadeInLeft\u00bb animation_delay=\u00bb0&#8243;]SERVICIOS EN OTRAS PROVINCIAS[\/cmsmasters_heading]<\/p>\n<p>[cmsmasters_divider shortcode_id=\u00bbb0dbcd478c\u00bb width=\u00bbshort\u00bb height=\u00bb1&#8243; style=\u00bbsolid\u00bb position=\u00bbleft\u00bb color=\u00bb#09478d\u00bb margin_top=\u00bb10&#8243; margin_bottom=\u00bb25&#8243; animation_delay=\u00bb0&#8243;]<\/p>\n<p>[cmsmasters_text shortcode_id=\u00bb801592a0a0&#8243; animation=\u00bbfadeInLeft\u00bb animation_delay=\u00bb0&#8243;]<\/p>\n<h5>Los afiliados al IAPOS que deban trasladarse a otra provincia pueden acceder a prestaciones de salud por medio de los Convenios de Reciprocidad correspondientes.<br \/>\nEste servicio tambi\u00e9n se brindar\u00e1 para beneficiarios de obras sociales provinciales del resto del pa\u00eds que se trasladen a la provincia de Santa Fe.<\/h5>\n<h5>Las prestaciones que reciban en la provincia receptora depender\u00e1 de las categor\u00edas que se detallan a continuaci\u00f3n:<\/h5>\n<div id=\"yt2pIconContextMenu\">\n<div class=\"yt2p-playergroup\">\n<div class=\"yt2p-player\"><\/div>\n<\/div>\n<\/div>\n<div id=\"yt2pLoaded\"><\/div>\n<div id=\"yt2pLoaded\"><\/div>\n<p>[\/cmsmasters_text][\/cmsmasters_column][\/cmsmasters_row][cmsmasters_row data_shortcode_id=\u00bbubk3io5z6s\u00bb data_width=\u00bbboxed\u00bb data_top_style=\u00bbdefault\u00bb data_bot_style=\u00bbdefault\u00bb data_color=\u00bbdefault\u00bb data_padding_top=\u00bb50&#8243; data_padding_bottom=\u00bb70&#8243;][cmsmasters_column data_width=\u00bb1\/1&#8243; data_shortcode_id=\u00bbjc0hzovjk8&#8243;][cmsmasters_toggles shortcode_id=\u00bbwkg2xux3z\u00bb mode=\u00bbtoggle\u00bb animation_delay=\u00bb0&#8243;][cmsmasters_toggle shortcode_id=\u00bbwswijyhfsq\u00bb title=\u00bbAfiliados con domicilio en extra\u00f1a jurisdicci\u00f3n\u00bb]<\/p>\n<p>Son aquellos afiliados que tengan domicilio o fijen residencia en otra provincia, por un per\u00edodo de tiempo superior a los seis meses continuos. Estos afiliados gozar\u00e1n de todos los derechos y obligaciones de los afiliados naturales de la obra social provincial receptora.<\/p>\n<p>El tr\u00e1mite debe realizarse previamente al traslado del afiliado para poder acceder a todos los derechos y obligaciones de los afiliados naturales de la Obra Social Provincial en el lugar donde van a residir.<\/p>\n<p><strong>Destinatario\/s:<\/strong><\/p>\n<p>Este servicio comprende a todos los afiliados del IAPOS que por distintas circunstancias residan en otras provincias.<\/p>\n<p><strong>\u00bfQu\u00e9 necesito para realizarlo?<\/strong><\/p>\n<div>\n<ul>\n<li>Nota del afiliado titular solicitando el traspaso de la obra social<\/li>\n<li>Credencial del IAPOS del titular y del beneficiario que deba trasladarse<\/li>\n<li>\u00daltimo recibo de sueldo del titular<\/li>\n<\/ul>\n<\/div>\n<p>&nbsp;<\/p>\n<p><strong>Solicitud de alta de Servicio Complementario para afiliados en Extra\u00f1a Jurisdicci\u00f3n.<\/strong><\/p>\n<p>Con el aporte al Servicio Complementario los afiliados al IAPOS en Extra\u00f1a Jurisdicci\u00f3n acceden a una cobertura de importancia y elevado valor econ\u00f3mico, incluyendo prestaciones tales como: servicios de sepelio, pr\u00f3tesis odontol\u00f3gicas, elementos m\u00e9dicos no implantables y otros beneficios diferenciales por sobre la cobertura general asegurada.<\/p>\n<p>Los titulares del IAPOS por convenio de reciprocidad en extra\u00f1a jurisdicci\u00f3n que deseen contar con este servicio deber\u00e1n abonar una cuota por cada integrante de su grupo familiar primario y por cada afiliado voluntario a su cargo. El pago de este aporte se realizar\u00e1 mensualmente mediante dep\u00f3sito bancario. La boleta de dep\u00f3sito para efectuar el pago podr\u00e1 descargarse desde la web. La cuota mensual del Servicio Complementario ser\u00e1 el equivalente al valor de cuatro \u00f3rdenes de consulta del IAPOS. La baja a esta cobertura ser\u00e1 autom\u00e1tica en el caso de adeudar dos meses sin posibilidad de reincorporaci\u00f3n.<\/p>\n<p><strong>Destinatario\/s:<\/strong> Afiliados en Extra\u00f1a Jurisdicci\u00f3n, su grupo familiar y voluntarios a cargo.<\/p>\n<p><strong>\u00bfQu\u00e9 necesito para realizarlo?<\/strong> Para adherirse a este Servicio, el afiliado deber\u00e1 tramitar el alta en la oficina de Convenios de Reciprocidad del IAPOS. Luego, deber\u00e1 presentar la siguiente documentaci\u00f3n en el \u00e1rea de Afiliaciones:\u00a0 Nota de adhesi\u00f3n al Servicio Complementario (disponible al pie del tr\u00e1mite) &#8211; Recibo de pago de la integraci\u00f3n m\u00ednima de seis meses de aporte del titular y de cada afiliado del grupo familiar. La boleta para realizar el pago ser\u00e1 emitida por el \u00e1rea de Afiliaciones al momento de solicitar el alta.<\/p>\n<p><strong>\u00bfCu\u00e1nto cuesta?<\/strong> Al momento de solicitar el alta se deber\u00e1 realizar una integraci\u00f3n m\u00ednima de seis meses de aportes correspondientes al titular y por cada afiliado del grupo familiar. Luego se deber\u00e1n efectuar dep\u00f3sitos mensuales del valor de la cuota vigente para el titular y cada miembro del grupo familiar.<\/p>\n<p><strong>\u00bfD\u00f3nde se realiza?<\/strong><\/p>\n<p><strong>Santa Fe<\/strong> Rivadavia 3452 \u2013 Santa Fe (3000) 0342 4846353 Interno 36250 \u2013 email: iapos_reciprocidad@santafe.gov.ar<\/p>\n<p><strong>Rosario<\/strong>\u00a0Rioja 2051 \u2013 Planta Baja (2000) 0341 4467500 \u2013 interno 40250 email: iaposreciprocidadrosario@santafe.gov.ar\u00a0 Horario de atenci\u00f3n: de lunes a viernes de 7.30 a 13 hs.<\/p>\n<p><strong>Observaciones:\u00a0<\/strong>Luego de cumplimentado el tr\u00e1mite afiliatorio, mensualmente se podr\u00e1n descargar las boletas de dep\u00f3sito desde el tr\u00e1mite <a href=\"http:\/\/www.iapossantafe.gob.ar\/impresionboletas\/\" target=\"_blank\" rel=\"noopener\">IMPRESI\u00d3N DE BOLETAS DE DEP\u00d3SITO.<\/a><\/p>\n<p><strong>Formularios relacionados:<\/strong> <a href=\"https:\/\/www.santafe.gob.ar\/ms\/iapos\/wp-content\/uploads\/sites\/26\/2019\/04\/Nota-de-alta-a-Servicio-Complementario-para-afiliados-con-convenio-de-reciprocidad.pdf\" target=\"_blank\" rel=\"noopener noreferrer\">Nota para alta al Servicio Complementario para afiliados por Convenio de Reciprocidad<\/a><\/p>\n<div id=\"yt2pIconContextMenu\">\n<div class=\"yt2p-playergroup\">\n<div class=\"yt2p-player\"><\/div>\n<\/div>\n<\/div>\n<div id=\"yt2pLoaded\"><\/div>\n<div id=\"yt2pLoaded\"><\/div>\n<p>[\/cmsmasters_toggle][cmsmasters_toggle shortcode_id=\u00bbcsgc1xh23r\u00bb title=\u00bbAfiliados en tr\u00e1nsito &#8211; Carta de Presentaci\u00f3n\u00bb]<\/p>\n<p>Este tr\u00e1mite permite a los afiliados del Instituto Aut\u00e1rquico Provincial de Obra Social &#8211; IAPOS solicitar cobertura de salud cuando se trasladen en forma moment\u00e1nea a otras provincias. Gozar\u00e1n de servicios m\u00e9dicos asistenciales por razones de urgencia, debidamente acreditadas por el profesional m\u00e9dico interviniente, teniendo que abonar los coseguros que rijan en la obra social provincial prestadora y quedar\u00e1 sujeto a la reglamentaci\u00f3n de \u00e9sta. Si por alg\u00fan motivo los afiliados deben abonar la atenci\u00f3n m\u00e9dico asistencial recibida, se considerar\u00e1 por auditor\u00eda m\u00e9dica del IAPOS la correspondencia de su reintegro.<\/p>\n<p><strong>Destinatario\/s:<\/strong> Afiliados al IAPOS que se trasladen moment\u00e1neamente a otra provincia.<\/p>\n<p><strong>\u00bfQu\u00e9 necesito para realizarlo?<\/strong> Para solicitar cobertura en la obra social provincial del lugar donde se encuentre, el beneficiario deber\u00e1 presentar:<\/p>\n<ul>\n<li><a href=\"http:\/\/www.iapossantafe.gob.ar\/carta-presentacion\/\"><b>Carta de Presentaci\u00f3n para Afiliados en Tr\u00e1nsito.<\/b><\/a> Para obtener la carta se debe ingresar desde el link, autentic\u00e1ndose con el mismo usuario y contrase\u00f1a utilizado para acceder a INTRANET. Luego el titular del IAPOS selecciona los miembros del grupo familiar que se desean incluir y una vez completados los pasos, el documento es enviado por correo electr\u00f3nico para ser impreso. Una vez generada la carta tendr\u00e1 una validez de 30 d\u00edas, pudiendo ser renovada por igual periodo. Los afiliados que por alg\u00fan motivo no puedan emitir la carta de esta forma, podr\u00e1n gestionarla personalmente, previo al viaje, en cualquiera de las sedes del instituto.<\/li>\n<li><b>Credencial de la obra socia<\/b>l. La credecial podr\u00e1 ser la pl\u00e1stica, la de papel o la digital. Esta \u00faltima se obtiene descargando la aplicaci\u00f3n para celulares <a class=\"links_subrayados\" href=\"https:\/\/www.santafe.gob.ar\/index.php\/tramites\/Estructura-de-Gobierno\/Ministerios\/Salud\/Instituto-Autarquico-Provincial-de-Obra-Social-IAPOS\/Temas-Especificos\/App-Mi-IAPOS\" target=\"_self\" rel=\"noopener noreferrer\">Mi IAPOS<\/a>.<\/li>\n<li><b>DNI<\/b>.<\/li>\n<\/ul>\n<p>Para solicitar reintegro por prestaciones pagadas por la atenci\u00f3n m\u00e9dico asistencial recibida en otra provincia:<\/p>\n<p><em>Consultas m\u00e9dicas:\u00a0<\/em>&#8211; Recibo o factura de pago contado, seg\u00fan requisitos de la AFIP. El comprobante deber\u00e1 contar con datos del titular o paciente. &#8211; Pedido M\u00e9dico original o historia cl\u00ednica con diagn\u00f3stico, firma y sello del m\u00e9dico.<\/p>\n<p><em>Medicamentos:<\/em> &#8211; Pedido m\u00e9dico de los medicamentos con los datos del paciente, diagn\u00f3stico, firma, y sello del m\u00e9dico, fecha. &#8211; Factura, recibo de pago o tickets autorizados por AFIP con el nombre del paciente y la descripci\u00f3n de los medicamentos adquiridos.<\/p>\n<p><em>Estudios:<\/em> &#8211; Pedido m\u00e9dico o historia cl\u00ednica. &#8211; Factura o recibo seg\u00fan requisitos de la AFIP. &#8211; Fotocopia del resultado o informe de la pr\u00e1ctica.<\/p>\n<p><em>Elementos para cirug\u00eda:<\/em> &#8211; Pedido M\u00e9dico &#8211; Fotocopia del protocolo quir\u00fargico entregado por el sanatorio y\/o cl\u00ednica, certificado del implante entregado por el m\u00e9dico, sticker del elemento m\u00e9dico (papel adhesivo con el c\u00f3digo de barras del elemento), radiograf\u00edas pre y post quir\u00fargicas. &#8211; Factura o recibo seg\u00fan requisitos de la AFIP.<\/p>\n<p><em>En todos los casos:<\/em> &#8211; Carta de Presentaci\u00f3n. &#8211; Fotocopia de la credencial del IAPOS del titular y el paciente. &#8211; Fotocopia del recibo de sueldo. &#8211; Toda tachadura o enmienda que presente la documentaci\u00f3n, deber\u00e1 ser salvada con firma y sello de quien la realiz\u00f3, sin cambio de tinta.<\/p>\n<p><strong>\u00bfCu\u00e1nto cuesta?<\/strong> El tr\u00e1mite de reintegro es gratuito.<\/p>\n<p>Los afiliados que soliciten coberturas de salud en la obra social de otra provincia deber\u00e1n abonar los coseguros correspondientes por las pr\u00e1cticas solicitadas vigentes en la obra social prestadora.<\/p>\n<p><strong>\u00bfD\u00f3nde se realiza?<\/strong> El tr\u00e1mite para solicitar la cobertura en la provincia en la que se encuentre el afiliado, deber\u00e1 realizarlo en la delegaci\u00f3n o centro de atenci\u00f3n de la obra social provincial del lugar donde se encuentre. Visit\u00e1 su sitio web para verificar el lugar de atenci\u00f3n m\u00e1s cercano. Al pie de este tr\u00e1mite se puede descargar el listado de obras sociales provinciales con domicilios, n\u00fameros de tel\u00e9fono y sitio web de cada una de ellas.<\/p>\n<p>El tr\u00e1mite de reintegro se realiza en las dependencias del IAPOS en Santa Fe: Subdelegaciones, Delegaciones y Casa Central del IAPOS<\/p>\n<p><strong>Santa Fe<\/strong> Rivadavia 3452 &#8211; Santa Fe (3000) 0342 4846353 Interno 36250 &#8211; email: iapos_reciprocidad@santafe.gov.ar<\/p>\n<p><strong>Rosario<\/strong> Rioja 2051 &#8211; Planta Baja (2000) 0341 4467500 &#8211; interno 40250 email: iaposreciprocidadrosario@santafe.gov.ar\u00a0 Horario de atenci\u00f3n: de lunes a viernes de 7.30 a 13 hs.<\/p>\n<p><strong>Capital Federal<\/strong> Casa de Santa Fe: 25 de mayo 168 011 43315221 \/ 23 Horario de atenci\u00f3n: de lunes a viernes de 9.00 a 14 hs.<\/p>\n<p><strong>Formularios relacionados:<\/strong><\/p>\n<p><a href=\"http:\/\/www.iapossantafe.gob.ar\/wp-content\/uploads\/sites\/26\/2022\/07\/OBRAS-SOCIALES-PROVINCIALES.pdf\" target=\"_blank\" rel=\"noopener noreferrer\">&#8211; Listado de obras sociales provinciales con contactos y sitio web<\/a><\/p>\n<p><a href=\"http:\/\/www.iapossantafe.gob.ar\/carta-presentacion\/\" target=\"_blank\" rel=\"noopener noreferrer\">&#8211; Carta del viajero para afiliados en tr\u00e1nsito<\/a><\/p>\n<div id=\"yt2pIconContextMenu\">\n<div class=\"yt2p-playergroup\">\n<div class=\"yt2p-player\"><\/div>\n<\/div>\n<\/div>\n<div id=\"yt2pLoaded\"><\/div>\n<div id=\"yt2pLoaded\"><\/div>\n<div id=\"yt2pLoaded\"><\/div>\n<div id=\"yt2pLoaded\"><\/div>\n<p>[\/cmsmasters_toggle][cmsmasters_toggle shortcode_id=\u00bbdeezjbdfy3&#8243; title=\u00bbAfiliados estudiantes\u00bb]<\/p>\n<p>Son aquellos que por razones de estudio residen en jurisdicci\u00f3n de otra obra social provincial. Estos beneficiarios tendr\u00e1n todos los derechos y obligaciones, en iguales condiciones, que un afiliado de la obra social receptora. Este tr\u00e1mite permite a los afiliados al IAPOS que habiten en otras provincias solicitar Cobertura M\u00e9dico Asistencial en la Provincia de residencia. El tr\u00e1mite debe realizarse previamente al traslado del afiliado para poder acceder a todos los beneficios en iguales condiciones que un afiliado natural de la Obra Social Provincial del lugar donde van a residir por razones de estudio.<\/p>\n<p><strong>Destinatario\/s:<\/strong> Este servicio comprende a todos los afiliados del IAPOS que por razones de estudio residan en otras provincias.<\/p>\n<p><strong>\u00bfQu\u00e9 necesito para realizarlo?<\/strong><\/p>\n<p>&#8211; Credencial del IAPOS del titular y del beneficiario que deba trasladarse<\/p>\n<p>&#8211; \u00daltimo recibo de sueldo del titular<\/p>\n<p>-Certificado de estudio vigente<\/p>\n<p><strong>\u00bfCu\u00e1nto cuesta?<\/strong> Gratuito<\/p>\n<p><strong>\u00bfD\u00f3nde se realiza?<\/strong> IAPOS (Instituto Aut\u00e1rquico Provincial de Obra Social): Subdelegaciones, Delegaciones y Casa Central del IAPOS<\/p>\n<p><strong>Santa Fe<\/strong> Rivadavia 3452 \u2013 Santa Fe (3000) 0342 4846353 Interno 36250 \u2013 email: iapos_reciprocidad@santafe.gov.ar<\/p>\n<p><strong>Rosario<\/strong>\u00a0Rioja 2051 \u2013 Planta Baja (2000) 0341 4467500 \u2013 interno 40250 email: iaposreciprocidadrosario@santafe.gov.ar\u00a0 Horario de atenci\u00f3n: de lunes a viernes de 7.30 a 13 hs.<\/p>\n<p><strong>Observaciones:<\/strong> En caso de encontrarse en jurisdicci\u00f3n de otra provincia y si por causa debidamente justificada tiene que abonar la atenci\u00f3n, Auditor\u00eda M\u00e9dica de nuestra Obra Social considerar\u00e1 la correspondencia del reintegro.<\/p>\n<div id=\"yt2pIconContextMenu\">\n<div class=\"yt2p-playergroup\">\n<div class=\"yt2p-player\"><\/div>\n<\/div>\n<\/div>\n<div id=\"yt2pLoaded\"><\/div>\n<p>[\/cmsmasters_toggle][cmsmasters_toggle shortcode_id=\u00bbt34vls7m7m\u00bb title=\u00bbAfiliados lim\u00edtrofes\u00bb]<\/p>\n<p>Son los afiliados del IAPOS que residen en localidades lim\u00edtrofes a otras provincias y que por razones geogr\u00e1ficas de distancia requieran habitualmente de los servicios de la obra social de la provincia lim\u00edtrofe. Actualmente este Convenio se encuentra vigente con las Provincias de Chaco y Santiago del Estero.<\/p>\n<p><strong>Destinatario\/s:<\/strong> Afiliados al IAPOS con domicilio en localidades lim\u00edtrofes.<\/p>\n<p><strong>\u00bfQu\u00e9 necesito para realizarlo?<\/strong> Credencial del IAPOS del titular y de los beneficiarios &#8211; \u00daltimo recibo de sueldo del titular &#8211; DNI del afiliado titular y del beneficiario<\/p>\n<p><strong>\u00bfCu\u00e1nto cuesta?<\/strong> Gratuito<\/p>\n<p><strong>\u00bfD\u00f3nde se realiza?<\/strong> <strong>Santa Fe<\/strong> Oficina Convenios de Reciprocidad: Rivadavia 3452 \u2013 Santa Fe (3000) &#8211; 54 &#8211; 342 &#8211; 4846353 interno 36250 &#8211; Correo electr\u00f3nico: iapos_reciprocidad@santafe.gov.ar &#8211;<\/p>\n<p><strong>Rosario<\/strong> Rioja 2051 &#8211; Planta Baja (2000) &#8211; 54 &#8211; 341 &#8211; 4467500 &#8211; Correo electr\u00f3nico: iaposreciprocidadrosario@santafe.gov.ar &#8211; Atenci\u00f3n: de lunes a viernes de 7:30 a 13 hs<\/p>\n<div id=\"yt2pIconContextMenu\">\n<div class=\"yt2p-playergroup\">\n<div class=\"yt2p-player\"><\/div>\n<\/div>\n<\/div>\n<div id=\"yt2pLoaded\"><\/div>\n<div id=\"yt2pLoaded\"><\/div>\n<p>[\/cmsmasters_toggle][\/cmsmasters_toggles][\/cmsmasters_column][\/cmsmasters_row]\n","protected":false},"excerpt":{"rendered":"<p>[cmsmasters_row data_shortcode_id=\u00bbf41225ba2a\u00bb data_width=\u00bbboxed\u00bb data_top_style=\u00bbdefault\u00bb data_bot_style=\u00bbdefault\u00bb data_color=\u00bbdefault\u00bb data_bg_color=\u00bb#efefef\u00bb data_padding_top=\u00bb70&#8243; data_padding_bottom=\u00bb70&#8243;][cmsmasters_column data_width=\u00bb1\/1&#8243;][cmsmasters_heading shortcode_id=\u00bbdf533e042d\u00bb type=\u00bbh1&#8243; font_size=\u00bb33&#8243; font_weight=\u00bbnormal\u00bb font_style=\u00bbnormal\u00bb text_align=\u00bbleft\u00bb color=\u00bb#09478d\u00bb margin_top=\u00bb0&#8243; margin_bottom=\u00bb15&#8243; animation=\u00bbfadeInLeft\u00bb animation_delay=\u00bb0&#8243;]SERVICIOS EN OTRAS PROVINCIAS[\/cmsmasters_heading] [cmsmasters_divider shortcode_id=\u00bbb0dbcd478c\u00bb width=\u00bbshort\u00bb height=\u00bb1&#8243; style=\u00bbsolid\u00bb position=\u00bbleft\u00bb color=\u00bb#09478d\u00bb margin_top=\u00bb10&#8243; margin_bottom=\u00bb25&#8243; animation_delay=\u00bb0&#8243;] [cmsmasters_text shortcode_id=\u00bb801592a0a0&#8243; animation=\u00bbfadeInLeft\u00bb animation_delay=\u00bb0&#8243;] Los afiliados al IAPOS que deban trasladarse a otra provincia pueden acceder a prestaciones de salud por&#8230;<\/p>\n","protected":false},"author":1,"featured_media":0,"parent":0,"menu_order":0,"comment_status":"closed","ping_status":"closed","template":"","meta":{"_acf_changed":false,"footnotes":""},"class_list":["post-13937","page","type-page","status-publish","hentry"],"acf":[],"_links":{"self":[{"href":"https:\/\/www.santafe.gob.ar\/ms\/iapos-old\/wp-json\/wp\/v2\/pages\/13937","targetHints":{"allow":["GET"]}}],"collection":[{"href":"https:\/\/www.santafe.gob.ar\/ms\/iapos-old\/wp-json\/wp\/v2\/pages"}],"about":[{"href":"https:\/\/www.santafe.gob.ar\/ms\/iapos-old\/wp-json\/wp\/v2\/types\/page"}],"author":[{"embeddable":true,"href":"https:\/\/www.santafe.gob.ar\/ms\/iapos-old\/wp-json\/wp\/v2\/users\/1"}],"replies":[{"embeddable":true,"href":"https:\/\/www.santafe.gob.ar\/ms\/iapos-old\/wp-json\/wp\/v2\/comments?post=13937"}],"version-history":[{"count":37,"href":"https:\/\/www.santafe.gob.ar\/ms\/iapos-old\/wp-json\/wp\/v2\/pages\/13937\/revisions"}],"predecessor-version":[{"id":15902,"href":"https:\/\/www.santafe.gob.ar\/ms\/iapos-old\/wp-json\/wp\/v2\/pages\/13937\/revisions\/15902"}],"wp:attachment":[{"href":"https:\/\/www.santafe.gob.ar\/ms\/iapos-old\/wp-json\/wp\/v2\/media?parent=13937"}],"curies":[{"name":"wp","href":"https:\/\/api.w.org\/{rel}","templated":true}]}}