{"id":14275,"date":"2019-04-08T15:23:59","date_gmt":"2019-04-08T18:23:59","guid":{"rendered":"https:\/\/www.santafe.gob.ar\/ms\/iapos\/?page_id=14275"},"modified":"2023-02-24T09:09:16","modified_gmt":"2023-02-24T12:09:16","slug":"discapacidad","status":"publish","type":"page","link":"https:\/\/www.santafe.gob.ar\/ms\/iapos-old\/discapacidad\/","title":{"rendered":"DISCAPACIDAD Y SALUD MENTAL"},"content":{"rendered":"[cmsmasters_row data_padding_bottom=\u00bb70&#8243; data_padding_top=\u00bb70&#8243; data_bg_size=\u00bbcover\u00bb data_bg_attachment=\u00bbscroll\u00bb data_bg_repeat=\u00bbno-repeat\u00bb data_bg_position=\u00bbtop center\u00bb data_bg_img=\u00bb14326|https:\/\/www.santafe.gob.ar\/ms\/iapos\/wp-content\/uploads\/sites\/26\/2019\/04\/header_discapacidad-300&#215;63.jpg|medium\u00bb data_bg_color=\u00bb#efefef\u00bb data_color=\u00bbdefault\u00bb data_bot_style=\u00bbdefault\u00bb data_top_style=\u00bbdefault\u00bb data_width=\u00bbboxed\u00bb data_shortcode_id=\u00bbf41225ba2a\u00bb][cmsmasters_column data_width=\u00bb1\/1&#8243; data_border_style=\u00bbdefault\u00bb][cmsmasters_heading shortcode_id=\u00bbdf533e042d\u00bb type=\u00bbh2&#8243; font_family=\u00bbMontserrat:400,700&#8243; font_size=\u00bb28&#8243; line_height=\u00bb40&#8243; font_weight=\u00bbnormal\u00bb font_style=\u00bbnormal\u00bb text_align=\u00bbcenter\u00bb color=\u00bb#ffffff\u00bb bg_color=\u00bb#00a8e7&#8243; border_radius=\u00bb12px\u00bb margin_top=\u00bb45&#8243; margin_bottom=\u00bb45&#8243; animation=\u00bbfadeInLeft\u00bb animation_delay=\u00bb0&#8243;]DISCAPACIDAD Y SALUD MENTAL[\/cmsmasters_heading][\/cmsmasters_column][\/cmsmasters_row][cmsmasters_row data_shortcode_id=\u00bbubk3io5z6s\u00bb data_width=\u00bbboxed\u00bb data_top_style=\u00bbdefault\u00bb data_bot_style=\u00bbdefault\u00bb data_color=\u00bbdefault\u00bb data_padding_top=\u00bb50&#8243; data_padding_bottom=\u00bb20&#8243;][cmsmasters_column data_width=\u00bb1\/1&#8243; data_shortcode_id=\u00bbjc0hzovjk8&#8243;][cmsmasters_text shortcode_id=\u00bb0jipokemr\u00bb animation=\u00bbfadeInLeft\u00bb animation_delay=\u00bb0&#8243;]<\/p>\n<p class=\"p1\"><span class=\"s1\">La obra social dise\u00f1\u00f3 e implement\u00f3 los siguientes programas de salud destinados a brindar cobertura espec\u00edfica para los afiliados discapacitados que acrediten dicha condici\u00f3n mediante la presentaci\u00f3n del Certificado \u00danico de Discapacidad y para aquellos afiliados que posean patolog\u00edas psiqui\u00e1tricas con alta m\u00e9dica.<\/span><\/p>\n<ul>\n<li>Discapacidad Santa Fe (centro y norte provincial): recibe consultas por email a <a class=\"links_subrayados\" href=\"https:\/\/www.santafe.gov.ar\/index.php\/web\/iapos_discapacidadrosario@santafe.gov.ar\" target=\"_blank\" rel=\"noopener\">iapos_discapacidad@santafe.gob.ar<\/a> o por WhatsApp al 342 5842000<\/li>\n<li>Discapacidad Rosario (sur provincial): recibe consultas y otorga turnos para atenci\u00f3n presencial por email a <a class=\"links_subrayados\" href=\"mailto:iaposbeneficiosdiscapacidad@santafe.gob.ar\" target=\"_self\" rel=\"noopener\">iaposbeneficiosdiscapacidad@santafe.gob.ar<\/a><\/li>\n<\/ul>\n<p>[\/cmsmasters_text][\/cmsmasters_column][\/cmsmasters_row][cmsmasters_row data_shortcode_id=\u00bbpgo3gsjpf\u00bb data_width=\u00bbboxed\u00bb data_padding_left=\u00bb3&#8243; data_padding_right=\u00bb3&#8243; data_top_style=\u00bbdefault\u00bb data_bot_style=\u00bbdefault\u00bb data_color=\u00bbdefault\u00bb data_bg_position=\u00bbtop center\u00bb data_bg_repeat=\u00bbno-repeat\u00bb data_bg_attachment=\u00bbscroll\u00bb data_bg_size=\u00bbcover\u00bb data_bg_parallax_ratio=\u00bb0.5&#8243; data_padding_top=\u00bb0&#8243; data_padding_bottom=\u00bb50&#8243; data_padding_top_laptop=\u00bb0&#8243; data_padding_bottom_laptop=\u00bb0&#8243; data_padding_top_tablet=\u00bb0&#8243; data_padding_bottom_tablet=\u00bb0&#8243; data_padding_top_mobile_h=\u00bb0&#8243; data_padding_bottom_mobile_h=\u00bb0&#8243; data_padding_top_mobile_v=\u00bb0&#8243; data_padding_bottom_mobile_v=\u00bb0&#8243;][cmsmasters_column data_width=\u00bb1\/1&#8243; data_shortcode_id=\u00bbuymqfy5cnp\u00bb data_bg_position=\u00bbtop center\u00bb data_bg_repeat=\u00bbno-repeat\u00bb data_bg_attachment=\u00bbscroll\u00bb data_bg_size=\u00bbcover\u00bb data_border_style=\u00bbdefault\u00bb data_animation_delay=\u00bb0&#8243;][cmsmasters_toggles shortcode_id=\u00bb1rnmvnd5vh\u00bb mode=\u00bbtoggle\u00bb animation_delay=\u00bb0&#8243;][cmsmasters_toggle shortcode_id=\u00bbtqs20fqjg6&#8243; title=\u00bbPrograma de Rehabilitaci\u00f3n M\u00e9dico Asistencial\u00bb]<\/p>\n<p>El Programa de Rehabilitaci\u00f3n M\u00e9dico Asistencial de personas con Discapacidad del IAPOS posibilita el reconocimiento de prestaciones de rehabilitaci\u00f3n m\u00e9dico asistencial para afiliados discapacitados que acrediten su condici\u00f3n mediante la presentaci\u00f3n del Certificado \u00danico de Discapacidad, en concordancia con los alcances de la Resoluci\u00f3n 428\/1999 del Ministerio de Salud y Acci\u00f3n social de la Naci\u00f3n. Estas prestaciones ser\u00e1n cubiertas a trav\u00e9s de un sistema de reintegro al afiliado o mediante el pago directo al prestador.<\/p>\n<p><a href=\"http:\/\/www.iapossantafe.gob.ar\/programaderehabilitaciondiscapacidad\/\" target=\"_blank\" rel=\"noopener noreferrer\">M\u00e1s informaci\u00f3n del Programa ingresando aqu\u00ed<\/a><\/p>\n<p>[\/cmsmasters_toggle][cmsmasters_toggle shortcode_id=\u00bb0jxdl0fg9a\u00bb title=\u00bbPrograma Integral de Enfermedades Mentales Severas y Duraderas (EMSyD) &#8211; Incluye Asistencia Integral en Situaciones de Violencia de G\u00e9nero\u00bb]<\/p>\n<p>Este programa comprende la cobertura asistencial de los beneficiarios de la obra social que requieran m\u00f3dulos de tratamiento integrales y complejos en el \u00e1mbito de la salud mental de car\u00e1cter ambulatorio o en comunidades terap\u00e9uticas.<\/p>\n<p>Se busca estimular la creaci\u00f3n de dispositivos cl\u00ednicos adecuados para abordar en forma eficaz trastornos complejos, multicausados y muy cambiantes en sus necesidades de cuidados y tratamientos especializados como son la esquizofrenia, los trastornos adictivos, las patolog\u00edas duales, el autismo (TGD), la demencia, los trastornos alimentarios, y en general aquellos problemas de salud mental que tienen relaci\u00f3n con la \u00e9poca y sus vicisitudes.<\/p>\n<p><a href=\"http:\/\/www.iapossantafe.gob.ar\/enfermedades-mentales-severas\/\" target=\"_blank\" rel=\"noopener noreferrer\">M\u00e1s informaci\u00f3n del Programa ingresando aqu\u00ed<\/a><\/p>\n<p>[\/cmsmasters_toggle][cmsmasters_toggle shortcode_id=\u00bbidcx0neuwv\u00bb title=\u00bbPrograma de Cuidados Domiciliarios (Internaci\u00f3n Domiciliaria y otros servicios)\u00bb]<\/p>\n<p>El Programa de Cuidados Domiciliarios es un servicio destinado a brindar asistencia en domicilio a los afiliados y a su familia, con el fin de promover, prevenir, recuperar y rehabilitar a los beneficiarios con patolog\u00edas o condiciones de salud que puedan ser tratadas o abordadas en el domicilio y se encuentren dadas las condiciones en su n\u00facleo familiar para que esta prestaci\u00f3n pueda ser llevada adelante.<\/p>\n<p>La cobertura aborda aspectos relacionados con la salud f\u00edsica y psicoemocional del paciente y su entorno inmediato, comprendiendo internaci\u00f3n domiciliaria, cuidados paliativos y asistencia por equipos de salud, tanto para pacientes adultos como pedi\u00e1tricos, asegurando la calidad de las prestaciones brindadas y el control de los prestadores asignados a tal efecto.<\/p>\n<p><a href=\"http:\/\/www.iapossantafe.gob.ar\/cuidados-domiciliarios\/\" target=\"_blank\" rel=\"noopener noreferrer\">Mayor informaci\u00f3n del Programa ingresando aqu\u00ed<\/a><\/p>\n<p>[\/cmsmasters_toggle][cmsmasters_toggle shortcode_id=\u00bboqfui72jad\u00bb title=\u00bbPrograma de Atenci\u00f3n a personas con dependencia o semidependencia\u00bb]<\/p>\n<p>El programa procura asistir a beneficiarios del IAPOS dependientes o semidependientes y a su grupo familiar en sus limitaciones para realizar actividades relacionadas con el autocuidado y la movilidad. Si bien la familia es la responsable de velar por los cuidados necesarios del afiliado en estas condiciones, este programa busca brindar un apoyo econ\u00f3mico a fin de favorecer su vida aut\u00f3noma evitando su institucionalizaci\u00f3n o acortando los tiempos de internaci\u00f3n. En los casos que sea necesario, se evaluar\u00e1 la internaci\u00f3n geri\u00e1trica o psicogeri\u00e1trica debido a que existen ciertas situaciones que requieren este tipo de beneficio.<\/p>\n<p>La autorizaci\u00f3n de cualquiera de estos beneficios quedar\u00e1 sujeta a una evaluaci\u00f3n socio &#8211; econ\u00f3mica realizada por la obra social, analizando asimismo cada solicitud para asegurar el beneficio m\u00e1s adecuado para cada afiliado.<\/p>\n<p><a href=\"http:\/\/www.iapossantafe.gob.ar\/programadeados\/\">Mayor informaci\u00f3n del programa ingresando aqu\u00ed.<\/a><\/p>\n<p>[\/cmsmasters_toggle][cmsmasters_toggle shortcode_id=\u00bbnmyc80c39z\u00bb title=\u00bbOrdenes de consulta y bonos asistenciales sin cargo\u00bb]<\/p>\n<p class=\"p1\"><span class=\"s1\">Los afiliados de la obra social con capacidades diferentes que se encuentren registrados como tal podr\u00e1n acceder a la impresi\u00f3n de \u00d3rdenes de consulta y Bonos asistenciales sin cargo.<\/span><\/p>\n<p><a href=\"https:\/\/www.santafe.gob.ar\/tramites\/iapos-www\/servlet\/sfgeautowan\" target=\"_blank\" rel=\"noopener noreferrer\">Impresi\u00f3n de \u00f3rdenes de consulta y bonos asistenciales sin cargo<\/a><\/p>\n<p>[\/cmsmasters_toggle][\/cmsmasters_toggles][\/cmsmasters_column][\/cmsmasters_row][cmsmasters_row data_shortcode_id=\u00bb5yv1xz87k2&#8243; data_width=\u00bbboxed\u00bb data_top_style=\u00bbdefault\u00bb data_bot_style=\u00bbdefault\u00bb data_color=\u00bbdefault\u00bb data_bg_color=\u00bb#f6f6f6&#8243; data_padding_top=\u00bb50&#8243; data_padding_bottom=\u00bb0&#8243;][cmsmasters_column data_width=\u00bb1\/1&#8243; data_shortcode_id=\u00bbpqs5xle3bo\u00bb][cmsmasters_heading shortcode_id=\u00bb8edtv20llv\u00bb type=\u00bbh5&#8243; font_family=\u00bbOpen+Sans:300,300italic,400,400italic,600,600italic,700,700italic\u00bb font_size=\u00bb18&#8243; line_height=\u00bb30&#8243; font_weight=\u00bbbold\u00bb font_style=\u00bbnormal\u00bb text_align=\u00bbcenter\u00bb color=\u00bb#00a8e7&#8243; margin_top=\u00bb12&#8243; margin_bottom=\u00bb30&#8243; animation=\u00bbfadeInLeft\u00bb animation_delay=\u00bb0&#8243;]PAGO DE COSEGUROS[\/cmsmasters_heading][cmsmasters_text shortcode_id=\u00bbt02iot2xot\u00bb animation=\u00bbfadeInLeft\u00bb animation_delay=\u00bb0&#8243;]<\/p>\n<h6 class=\"p1\" style=\"text-align: center\"><span style=\"color: #808080\">Los bonos se adquieren en las bocas de expendio, en cajeros autom\u00e1ticos de Red Link o a trav\u00e9s de la banca digital del Banco de Santa Fe o adhiri\u00e9ndose al d\u00e9bito autom\u00e1tico en cuenta.<\/span><\/h6>\n<p>[\/cmsmasters_text][\/cmsmasters_column][\/cmsmasters_row][cmsmasters_row data_padding_bottom=\u00bb50&#8243; data_padding_top=\u00bb50&#8243; data_bg_color=\u00bb#f6f6f6&#8243; data_color=\u00bbdefault\u00bb data_bot_style=\u00bbdefault\u00bb data_top_style=\u00bbdefault\u00bb data_width=\u00bbboxed\u00bb data_shortcode_id=\u00bb0tinqfwczf\u00bb][cmsmasters_column data_width=\u00bb1\/4&#8243; data_shortcode_id=\u00bbvdhd0fiuvs\u00bb data_animation_delay=\u00bb0&#8243; data_border_style=\u00bbdefault\u00bb data_bg_size=\u00bbcover\u00bb data_bg_attachment=\u00bbscroll\u00bb data_bg_repeat=\u00bbno-repeat\u00bb data_bg_position=\u00bbtop center\u00bb][cmsmasters_heading shortcode_id=\u00bbx2vdaex1im\u00bb type=\u00bbh6&#8243; font_family=\u00bbOpen+Sans:300,300italic,400,400italic,600,600italic,700,700italic\u00bb font_size=\u00bb14&#8243; line_height=\u00bb15&#8243; font_weight=\u00bbbold\u00bb font_style=\u00bbnormal\u00bb text_align=\u00bbcenter\u00bb color=\u00bb#00a8e7&#8243; margin_top=\u00bb12&#8243; margin_bottom=\u00bb15&#8243; animation=\u00bbfadeInLeft\u00bb animation_delay=\u00bb0&#8243;]D\u00c9BITO EN CUENTA[\/cmsmasters_heading]<\/p>\n<p>[cmsmasters_divider shortcode_id=\u00bb6n248c7tq4&#8243; width=\u00bbshort\u00bb height=\u00bb0&#8243; style=\u00bbsolid\u00bb position=\u00bbcenter\u00bb margin_top=\u00bb19&#8243; margin_bottom=\u00bb19&#8243; animation_delay=\u00bb0&#8243;]<\/p>\n<p>[cmsmasters_text shortcode_id=\u00bb3ago2771ti\u00bb animation_delay=\u00bb0&#8243;]<\/p>\n<p style=\"text-align: center\">Le permitir\u00e1 realizar la adhesi\u00f3n o deshadesi\u00f3n al d\u00e9bito, consultar los coseguros que fueron debitados por pr\u00e1cticas realizadas y realizar denuncias por prestaciones debitadas que no fueron recibidas.<\/p>\n<p>[\/cmsmasters_text][cmsmasters_button shortcode_id=\u00bbuv3nhbmnus\u00bb button_link=\u00bb\/coseguro\/\u00bb button_target=\u00bbself\u00bb button_text_align=\u00bbcenter\u00bb button_style=\u00bbcmsmasters_but_bg_hover\u00bb button_font_family=\u00bbOpen+Sans:300,300italic,400,400italic,600,600italic,700,700italic\u00bb button_font_size=\u00bb11&#8243; button_line_height=\u00bb15&#8243; button_font_weight=\u00bbnormal\u00bb button_font_style=\u00bbnormal\u00bb button_text_transform=\u00bbdefault\u00bb button_padding_hor=\u00bb13&#8243; button_border_style=\u00bbdefault\u00bb button_border_radius=\u00bb12px\u00bb button_bg_color=\u00bb#f6f6f6&#8243; button_text_color=\u00bb#00a8e7&#8243; button_border_color=\u00bb#00a8e7&#8243; button_bg_color_h=\u00bb#00a8e7&#8243; button_text_color_h=\u00bb#ffffff\u00bb button_border_color_h=\u00bb#00a8e7&#8243; animation=\u00bbfadeInUp\u00bb animation_delay=\u00bb0&#8243;]ADHERIR \/ DESADHERIR[\/cmsmasters_button][cmsmasters_button shortcode_id=\u00bbgv7uwn8q8&#8243; button_link=\u00bbhttps:\/\/www.santafe.gov.ar\/cosegurosiapos\u00bb button_target=\u00bbblank\u00bb button_text_align=\u00bbcenter\u00bb button_style=\u00bbcmsmasters_but_bg_hover\u00bb button_font_family=\u00bbOpen+Sans:300,300italic,400,400italic,600,600italic,700,700italic\u00bb button_font_size=\u00bb11&#8243; button_line_height=\u00bb15&#8243; button_font_weight=\u00bbnormal\u00bb button_font_style=\u00bbnormal\u00bb button_text_transform=\u00bbdefault\u00bb button_padding_hor=\u00bb14&#8243; button_border_style=\u00bbdefault\u00bb button_border_radius=\u00bb12px\u00bb button_bg_color=\u00bb#f6f6f6&#8243; button_text_color=\u00bb#00a8e7&#8243; button_border_color=\u00bb#00a8e7&#8243; button_bg_color_h=\u00bb#00a8e7&#8243; button_text_color_h=\u00bb#ffffff\u00bb button_border_color_h=\u00bb#00a8e7&#8243; animation=\u00bbfadeInUp\u00bb animation_delay=\u00bb0&#8243;]RESUMEN[\/cmsmasters_button][\/cmsmasters_column][cmsmasters_column data_width=\u00bb1\/4&#8243; data_shortcode_id=\u00bbqdgefc689a\u00bb][cmsmasters_heading shortcode_id=\u00bbmn9z8iky3&#8243; type=\u00bbh6&#8243; font_family=\u00bbOpen+Sans:300,300italic,400,400italic,600,600italic,700,700italic\u00bb font_size=\u00bb14&#8243; line_height=\u00bb15&#8243; font_weight=\u00bbbold\u00bb font_style=\u00bbnormal\u00bb text_align=\u00bbcenter\u00bb color=\u00bb#00a8e7&#8243; margin_top=\u00bb12&#8243; margin_bottom=\u00bb15&#8243; animation=\u00bbfadeInLeft\u00bb animation_delay=\u00bb0&#8243;]CAJERO RED LINK \/ SANTA FE SERVICIOS[\/cmsmasters_heading][cmsmasters_text shortcode_id=\u00bbouvcmmjm1j\u00bb animation_delay=\u00bb0&#8243;]<\/p>\n<p style=\"text-align: center\">Se debe contar con DNI o credencial; tarjeta de d\u00e9bito del Banco de Santa Fe o del Banco Muncipal. Se emitir\u00e1 un comprobante por la totalidad de bonos solicitados, por lo que si estos son para entregara distintos prestadores y\/o diferentes pr\u00e1cticas, se deber\u00e1 tener la precauci\u00f3n de realizar diferentes operaciones de compra para cada estudio.<\/p>\n<p>[\/cmsmasters_text][cmsmasters_button shortcode_id=\u00bb2emty84yk\u00bb button_link=\u00bbhttps:\/\/www.bancosantafe.com.ar\/entidades\u00bb button_target=\u00bbblank\u00bb button_text_align=\u00bbcenter\u00bb button_style=\u00bbcmsmasters_but_bg_hover\u00bb button_font_family=\u00bbOpen+Sans:300,300italic,400,400italic,600,600italic,700,700italic\u00bb button_font_size=\u00bb11&#8243; button_line_height=\u00bb15&#8243; button_font_weight=\u00bbnormal\u00bb button_font_style=\u00bbnormal\u00bb button_text_transform=\u00bbdefault\u00bb button_padding_hor=\u00bb13&#8243; button_border_style=\u00bbdefault\u00bb button_border_radius=\u00bb12px\u00bb button_bg_color=\u00bb#f6f6f6&#8243; button_text_color=\u00bb#00a8e7&#8243; button_border_color=\u00bb#00a8e7&#8243; button_bg_color_h=\u00bb#00a8e7&#8243; button_text_color_h=\u00bb#ffffff\u00bb button_border_color_h=\u00bb#00a8e7&#8243; animation=\u00bbfadeInUp\u00bb animation_delay=\u00bb0&#8243;]VER SUCURSALES[\/cmsmasters_button][\/cmsmasters_column][cmsmasters_column data_width=\u00bb1\/4&#8243; data_shortcode_id=\u00bb62bvzxnr2n\u00bb][cmsmasters_heading shortcode_id=\u00bbmusow1oh0c\u00bb type=\u00bbh6&#8243; font_family=\u00bbOpen+Sans:300,300italic,400,400italic,600,600italic,700,700italic\u00bb font_size=\u00bb14&#8243; line_height=\u00bb15&#8243; font_weight=\u00bbbold\u00bb font_style=\u00bbnormal\u00bb text_align=\u00bbcenter\u00bb color=\u00bb#00a8e7&#8243; margin_top=\u00bb12&#8243; margin_bottom=\u00bb15&#8243; animation=\u00bbfadeInLeft\u00bb animation_delay=\u00bb0&#8243;]BANCA DIGITAL DEL BANCO DE SANTA FE[\/cmsmasters_heading][cmsmasters_text shortcode_id=\u00bblc5kkmemcg\u00bb animation_delay=\u00bb0&#8243;]<\/p>\n<div style=\"text-align: center\">Ingrese a Homebanking con su usuario y contrase\u00f1a. Requiere que el afiliado imprima el comprobante de la compra.<\/div>\n<div style=\"text-align: center\">La validez de las \u00f3rdenes y los bonos adquiridos a trav\u00e9s de la modalidad es de 72 horas desde la fecha de emisi\u00f3n.<\/div>\n<p>[\/cmsmasters_text]<\/p>\n<p>[cmsmasters_divider shortcode_id=\u00bb6mvdzijhm7&#8243; width=\u00bbshort\u00bb height=\u00bb0&#8243; style=\u00bbsolid\u00bb position=\u00bbcenter\u00bb margin_top=\u00bb19&#8243; margin_bottom=\u00bb19&#8243; animation_delay=\u00bb0&#8243;]<\/p>\n<p>[cmsmasters_button shortcode_id=\u00bbbgno23levb\u00bb button_link=\u00bbhttps:\/\/hb.redlink.com.ar\/bancobsf\/login.htm\u00bb button_target=\u00bbblank\u00bb button_text_align=\u00bbcenter\u00bb button_style=\u00bbcmsmasters_but_bg_hover\u00bb button_font_family=\u00bbOpen+Sans:300,300italic,400,400italic,600,600italic,700,700italic\u00bb button_font_size=\u00bb11&#8243; button_line_height=\u00bb15&#8243; button_font_weight=\u00bbnormal\u00bb button_font_style=\u00bbnormal\u00bb button_text_transform=\u00bbdefault\u00bb button_padding_hor=\u00bb13&#8243; button_border_style=\u00bbdefault\u00bb button_border_radius=\u00bb12px\u00bb button_bg_color=\u00bb#f6f6f6&#8243; button_text_color=\u00bb#00a8e7&#8243; button_border_color=\u00bb#00a8e7&#8243; button_bg_color_h=\u00bb#00a8e7&#8243; button_text_color_h=\u00bb#ffffff\u00bb button_border_color_h=\u00bb#00a8e7&#8243; animation=\u00bbfadeInUp\u00bb animation_delay=\u00bb0&#8243;]HOME BANKING[\/cmsmasters_button][\/cmsmasters_column][cmsmasters_column data_width=\u00bb1\/4&#8243; data_shortcode_id=\u00bbudw0zbd3eh\u00bb][cmsmasters_heading shortcode_id=\u00bbe5ismc52zo\u00bb type=\u00bbh6&#8243; font_family=\u00bbOpen+Sans:300,300italic,400,400italic,600,600italic,700,700italic\u00bb font_size=\u00bb14&#8243; line_height=\u00bb15&#8243; font_weight=\u00bbbold\u00bb font_style=\u00bbnormal\u00bb text_align=\u00bbcenter\u00bb color=\u00bb#00a8e7&#8243; margin_top=\u00bb12&#8243; margin_bottom=\u00bb15&#8243; animation=\u00bbfadeInLeft\u00bb animation_delay=\u00bb0&#8243;]BOCAS DE EXPENDIO[\/cmsmasters_heading]<\/p>\n<p>[cmsmasters_divider shortcode_id=\u00bbp3f5nbufvh\u00bb width=\u00bbshort\u00bb height=\u00bb0&#8243; style=\u00bbsolid\u00bb position=\u00bbcenter\u00bb margin_top=\u00bb19&#8243; margin_bottom=\u00bb19&#8243; animation_delay=\u00bb0&#8243;]<\/p>\n<p>[cmsmasters_text shortcode_id=\u00bby99x988kud\u00bb animation_delay=\u00bb0&#8243;]<\/p>\n<div style=\"text-align: center\">Se requiere acreditar identidad a trav\u00e9s del documento de identidad o credencial del IAPOS y \u00faltimo recibo de sueldo. Esta opci\u00f3n no est\u00e1 disponible en la Sede Central de la localidad de Rosario.<\/div>\n<p>[\/cmsmasters_text]<\/p>\n<p>[cmsmasters_divider shortcode_id=\u00bb2qjswz6xa\u00bb width=\u00bbshort\u00bb height=\u00bb0&#8243; style=\u00bbsolid\u00bb position=\u00bbcenter\u00bb margin_top=\u00bb19&#8243; margin_bottom=\u00bb19&#8243; animation_delay=\u00bb0&#8243;]<\/p>\n<p>[cmsmasters_button shortcode_id=\u00bbrpkh3zgck\u00bb button_link=\u00bbhttp:\/\/www.santa-fe.gov.ar\/iapos\/iapos2005\/cartilla-2005.php\u00bb button_target=\u00bbblank\u00bb button_text_align=\u00bbcenter\u00bb button_style=\u00bbcmsmasters_but_bg_hover\u00bb button_font_family=\u00bbOpen+Sans:300,300italic,400,400italic,600,600italic,700,700italic\u00bb button_font_size=\u00bb11&#8243; button_line_height=\u00bb15&#8243; button_font_weight=\u00bbnormal\u00bb button_font_style=\u00bbnormal\u00bb button_text_transform=\u00bbdefault\u00bb button_padding_hor=\u00bb13&#8243; button_border_style=\u00bbdefault\u00bb button_border_radius=\u00bb12px\u00bb button_bg_color=\u00bb#f6f6f6&#8243; button_text_color=\u00bb#00a8e7&#8243; button_border_color=\u00bb#00a8e7&#8243; button_bg_color_h=\u00bb#00a8e7&#8243; button_text_color_h=\u00bb#ffffff\u00bb button_border_color_h=\u00bb#00a8e7&#8243; animation=\u00bbfadeInUp\u00bb animation_delay=\u00bb0&#8243;]BOCAS DE EXPENDIO[\/cmsmasters_button][\/cmsmasters_column][\/cmsmasters_row]\n","protected":false},"excerpt":{"rendered":"<p>[cmsmasters_row data_padding_bottom=\u00bb70&#8243; data_padding_top=\u00bb70&#8243; data_bg_size=\u00bbcover\u00bb data_bg_attachment=\u00bbscroll\u00bb data_bg_repeat=\u00bbno-repeat\u00bb data_bg_position=\u00bbtop center\u00bb data_bg_img=\u00bb14326|https:\/\/www.santafe.gob.ar\/ms\/iapos\/wp-content\/uploads\/sites\/26\/2019\/04\/header_discapacidad-300&#215;63.jpg|medium\u00bb data_bg_color=\u00bb#efefef\u00bb data_color=\u00bbdefault\u00bb data_bot_style=\u00bbdefault\u00bb data_top_style=\u00bbdefault\u00bb data_width=\u00bbboxed\u00bb data_shortcode_id=\u00bbf41225ba2a\u00bb][cmsmasters_column data_width=\u00bb1\/1&#8243; data_border_style=\u00bbdefault\u00bb][cmsmasters_heading shortcode_id=\u00bbdf533e042d\u00bb type=\u00bbh2&#8243; font_family=\u00bbMontserrat:400,700&#8243; font_size=\u00bb28&#8243; line_height=\u00bb40&#8243; font_weight=\u00bbnormal\u00bb font_style=\u00bbnormal\u00bb text_align=\u00bbcenter\u00bb color=\u00bb#ffffff\u00bb bg_color=\u00bb#00a8e7&#8243; border_radius=\u00bb12px\u00bb margin_top=\u00bb45&#8243; margin_bottom=\u00bb45&#8243; animation=\u00bbfadeInLeft\u00bb animation_delay=\u00bb0&#8243;]DISCAPACIDAD Y SALUD MENTAL[\/cmsmasters_heading][\/cmsmasters_column][\/cmsmasters_row][cmsmasters_row data_shortcode_id=\u00bbubk3io5z6s\u00bb data_width=\u00bbboxed\u00bb data_top_style=\u00bbdefault\u00bb data_bot_style=\u00bbdefault\u00bb data_color=\u00bbdefault\u00bb data_padding_top=\u00bb50&#8243; data_padding_bottom=\u00bb20&#8243;][cmsmasters_column data_width=\u00bb1\/1&#8243; data_shortcode_id=\u00bbjc0hzovjk8&#8243;][cmsmasters_text shortcode_id=\u00bb0jipokemr\u00bb animation=\u00bbfadeInLeft\u00bb animation_delay=\u00bb0&#8243;] La obra social dise\u00f1\u00f3 e implement\u00f3 los siguientes&#8230;<\/p>\n","protected":false},"author":1,"featured_media":0,"parent":0,"menu_order":0,"comment_status":"closed","ping_status":"closed","template":"","meta":{"_acf_changed":false,"footnotes":""},"class_list":["post-14275","page","type-page","status-publish","hentry"],"acf":[],"_links":{"self":[{"href":"https:\/\/www.santafe.gob.ar\/ms\/iapos-old\/wp-json\/wp\/v2\/pages\/14275","targetHints":{"allow":["GET"]}}],"collection":[{"href":"https:\/\/www.santafe.gob.ar\/ms\/iapos-old\/wp-json\/wp\/v2\/pages"}],"about":[{"href":"https:\/\/www.santafe.gob.ar\/ms\/iapos-old\/wp-json\/wp\/v2\/types\/page"}],"author":[{"embeddable":true,"href":"https:\/\/www.santafe.gob.ar\/ms\/iapos-old\/wp-json\/wp\/v2\/users\/1"}],"replies":[{"embeddable":true,"href":"https:\/\/www.santafe.gob.ar\/ms\/iapos-old\/wp-json\/wp\/v2\/comments?post=14275"}],"version-history":[{"count":41,"href":"https:\/\/www.santafe.gob.ar\/ms\/iapos-old\/wp-json\/wp\/v2\/pages\/14275\/revisions"}],"predecessor-version":[{"id":15957,"href":"https:\/\/www.santafe.gob.ar\/ms\/iapos-old\/wp-json\/wp\/v2\/pages\/14275\/revisions\/15957"}],"wp:attachment":[{"href":"https:\/\/www.santafe.gob.ar\/ms\/iapos-old\/wp-json\/wp\/v2\/media?parent=14275"}],"curies":[{"name":"wp","href":"https:\/\/api.w.org\/{rel}","templated":true}]}}