{"id":14659,"date":"2019-05-22T14:37:44","date_gmt":"2019-05-22T17:37:44","guid":{"rendered":"http:\/\/www.iapossantafe.gob.ar\/?page_id=14659"},"modified":"2023-02-22T09:25:53","modified_gmt":"2023-02-22T12:25:53","slug":"fertilizacion-asistida","status":"publish","type":"page","link":"https:\/\/www.santafe.gob.ar\/ms\/iapos-old\/fertilizacion-asistida\/","title":{"rendered":"PROGRAMA DE FERTILIZACI\u00d3N ASISTIDA"},"content":{"rendered":"[cmsmasters_row data_shortcode_id=\u00bbf41225ba2a\u00bb data_width=\u00bbboxed\u00bb data_top_style=\u00bbdefault\u00bb data_bot_style=\u00bbdefault\u00bb data_color=\u00bbdefault\u00bb data_bg_color=\u00bb#efefef\u00bb data_bg_img=\u00bb14344|http:\/\/www.iapossantafe.gob.ar\/wp-content\/uploads\/sites\/26\/2019\/04\/header_planmaterno_embarazada3.jpg|full\u00bb data_bg_position=\u00bbtop center\u00bb data_bg_repeat=\u00bbno-repeat\u00bb data_bg_attachment=\u00bbscroll\u00bb data_bg_size=\u00bbcover\u00bb data_padding_top=\u00bb70&#8243; data_padding_bottom=\u00bb70&#8243;][cmsmasters_column data_width=\u00bb1\/1&#8243; data_border_style=\u00bbdefault\u00bb][cmsmasters_heading shortcode_id=\u00bbdf533e042d\u00bb type=\u00bbh2&#8243; font_family=\u00bbMontserrat:400,700&#8243; font_size=\u00bb28&#8243; line_height=\u00bb40&#8243; font_weight=\u00bbnormal\u00bb font_style=\u00bbnormal\u00bb text_align=\u00bbcenter\u00bb color=\u00bb#ffffff\u00bb bg_color=\u00bb#00a8e7&#8243; border_radius=\u00bb12px\u00bb margin_top=\u00bb45&#8243; margin_bottom=\u00bb45&#8243; animation=\u00bbfadeInLeft\u00bb animation_delay=\u00bb0&#8243;] PROGRAMA DE FERTILIZACI\u00d3N ASISTIDA[\/cmsmasters_heading][\/cmsmasters_column][\/cmsmasters_row][cmsmasters_row data_shortcode_id=\u00bbubk3io5z6s\u00bb data_width=\u00bbboxed\u00bb data_top_style=\u00bbdefault\u00bb data_bot_style=\u00bbdefault\u00bb data_color=\u00bbdefault\u00bb data_padding_top=\u00bb50&#8243; data_padding_bottom=\u00bb20&#8243;][cmsmasters_column data_width=\u00bb1\/1&#8243; data_shortcode_id=\u00bbjc0hzovjk8&#8243;][cmsmasters_text shortcode_id=\u00bb0jipokemr\u00bb animation=\u00bbfadeInLeft\u00bb animation_delay=\u00bb0&#8243;]<\/p>\n<p>A partir de la Ley Nacional 26.862 de Fertilizaci\u00f3n Asistida, y su reglamentaci\u00f3n, a la cual la legislatura de la provincia de Santa Fe adhiri\u00f3 por ley, el IAPOS implementa el Programa de Reproducci\u00f3n Humana Medicamente Asistida que establece el marco de cobertura de estas prestaciones para los afiliados de la obra social.<\/p>\n<p>La cobertura incluye procedimientos de alta y de baja complejidad, comprendiendo tratamientos como Inducci\u00f3n a la ovulaci\u00f3n, inseminaci\u00f3n artificial intrauterina (IAIU), fertilizaci\u00f3n in vitro (FIV) e inyecci\u00f3n intraplasm\u00e1tica de espermatoziodes (ICSI) y adem\u00e1s, los procedimientos de criopreservaci\u00f3n de gametos y embriones, as\u00ed como la utilizaci\u00f3n de gametos heter\u00f3logos. Asimismo se incluyen, seg\u00fan corresponda, los medicamentos al 100% de cobertura.<\/p>\n<p>Estos tratamientos ser\u00e1n reconocidos cuando sean prescriptos por los prestadores inscriptos en el Registro de Profesionales y Cl\u00ednicas Especializadas en Fertilizaci\u00f3n Asistida del IAPOS.<\/p>\n<p>Estar\u00e1n en condiciones de acceder al Programa parejas convivientes (matrimonio o concubinato certificados) con incapacidad para gestar un hijo, que no toman medidas anticonceptivas y con infertilidad m\u00e9dicamente diagnosticada. Ambos integrantes de la pareja deben ser afiliados al IAPOS, estar vivos, dar su consentimiento y ser mayores de edad. Se priorizar\u00e1 la cobertura a las parejas que no tengan hijos previos en com\u00fan.<\/p>\n<p>Ser\u00e1n analizados especialmente en forma individual aquellas indicaciones de tratamientos en personas mayores de 40 a\u00f1os, para determinar las posibilidades de \u00e9xito y los riesgos, determinando la viabilidad y condiciones de la cobertura. De la misma forma se evaluar\u00e1n los pedidos de personas sin pareja estable ni patolog\u00eda causal de infertilidad y las indicaciones de donaci\u00f3n de gametos y embriones heter\u00f3logo, como tambi\u00e9n el contexto y alcances de la criopreservaci\u00f3n de gametos y embriones.<\/p>\n<p>No podr\u00e1 autorizarse la cobertura cuando la mujer presente enfermedades cr\u00f3nicas que pueda agravarse con un embarazo o enfermedad de transmisi\u00f3n vertical aguda de alguno de los integrantes de la pareja.<\/p>\n<p>[\/cmsmasters_text][\/cmsmasters_column][\/cmsmasters_row][cmsmasters_row data_shortcode_id=\u00bb0taehiku8&#8243; data_padding_bottom_mobile_v=\u00bb0&#8243; data_padding_top_mobile_v=\u00bb0&#8243; data_padding_bottom_mobile_h=\u00bb0&#8243; data_padding_top_mobile_h=\u00bb0&#8243; data_padding_bottom_tablet=\u00bb0&#8243; data_padding_top_tablet=\u00bb0&#8243; data_padding_bottom_laptop=\u00bb0&#8243; data_padding_top_laptop=\u00bb0&#8243; data_padding_bottom=\u00bb50&#8243; data_padding_top=\u00bb0&#8243; data_bg_parallax_ratio=\u00bb0.5&#8243; data_bg_size=\u00bbcover\u00bb data_bg_attachment=\u00bbscroll\u00bb data_bg_repeat=\u00bbno-repeat\u00bb data_bg_position=\u00bbtop center\u00bb data_color=\u00bbdefault\u00bb data_bot_style=\u00bbdefault\u00bb data_top_style=\u00bbdefault\u00bb data_padding_right=\u00bb3&#8243; data_padding_left=\u00bb3&#8243; data_width=\u00bbboxed\u00bb][cmsmasters_column data_width=\u00bb1\/1&#8243; data_shortcode_id=\u00bbtva33cl7ap\u00bb data_animation_delay=\u00bb0&#8243; data_border_style=\u00bbdefault\u00bb data_bg_size=\u00bbcover\u00bb data_bg_attachment=\u00bbscroll\u00bb data_bg_repeat=\u00bbno-repeat\u00bb data_bg_position=\u00bbtop center\u00bb][cmsmasters_toggles shortcode_id=\u00bbbq18jfqpxa\u00bb mode=\u00bbtoggle\u00bb animation_delay=\u00bb0&#8243;][cmsmasters_toggle shortcode_id=\u00bbe6j9mdvj6f\u00bb title=\u00bbCobertura comprendida\u00bb]<\/p>\n<p>La cobertura incluye procedimientos de alta y de baja complejidad, comprendiendo tratamientos como inducci\u00f3n a la ovulaci\u00f3n, inseminaci\u00f3n artificial intrauterina (IAIU), fertilizaci\u00f3n in vitro (FIV) e inyecci\u00f3n intraplasm\u00e1tica de espermatozoides (ICSI) y adem\u00e1s, los procedimientos de criopreservaci\u00f3n de gametos y embriones, as\u00ed como la utilizaci\u00f3n de gametos heter\u00f3logos. Asimismo se incluyen seg\u00fan corresponda, los medicamentos al 100% de cobertura.<\/p>\n<p>Los afiliados al IAPOS deben acreditar las siguientes condiciones:<\/p>\n<ul>\n<li>Parejas convivientes (matrimonio o concubinato certificados) con incapacidad para gestar un hijo, que no toma medidas anticonceptivas, con infertilidad m\u00e9dicamente diagnosticada.<\/li>\n<li>Por definici\u00f3n de condici\u00f3n vincular, ambos integrantes de la pareja deben ser afiliados al IAPOS.<\/li>\n<li>Los dos miembros de la pareja deben estar vivos, dar su consentimiento y ser mayores de edad.<\/li>\n<li>Se priorizar\u00e1 la cobertura a las parejas que no tengan hijos previos en com\u00fan.<\/li>\n<\/ul>\n<p>Adem\u00e1s, se evaluar\u00e1n en forma individual los siguientes pedidos:<\/p>\n<ul>\n<li>Las indicaciones en personas mayores de 40 a\u00f1os, ser\u00e1n evaluadas de manera particular para determinar las posibilidades de \u00e9xito y los riesgos. Seg\u00fan los resultados de este an\u00e1lisis, se resolver\u00e1n la viabilidad y condiciones de la cobertura.<\/li>\n<li>Personas sin pareja estable, ni patolog\u00eda causal de infertilidad.<\/li>\n<li>Indicaciones de donaci\u00f3n de gametos y embriones heter\u00f3logos<\/li>\n<li>Contexto y alcances de la criopreservaci\u00f3n de gametos y embriones.<\/li>\n<\/ul>\n<p>Los afiliados interesados en acceder a esta cobertura deber\u00e1n enrolarse en el Programa de Reproducci\u00f3n Humana M\u00e9dicamente Asistida en las sedes del IAPOS, para lo cual deber\u00e1n presentar:<\/p>\n<ul>\n<li>Certificado m\u00e9dico del ginec\u00f3logo tratante que acredite las dificultades de la pareja para lograr el embarazo por m\u00e9todos naturales, no presentando enfermedades preexistentes al momento de la consulta que puedan agravarse con el embarazo y pongan en riesgo la vida de alguno de los involucrados y requiera estudios de mayor complejidad para definir la necesidad de aplicaci\u00f3n de t\u00e9cnicas de fertilizaci\u00f3n asistida y abordar tratamiento adecuado.<\/li>\n<li>Fotocopia de libreta de familia o certificado de convivencia<\/li>\n<li>Fotocopia del Documento de Identidad de ambos integrantes de la pareja.<\/li>\n<li>Fotocopia del recibo de sueldo del titular de la obra social.<\/li>\n<li>Los tratamientos que incluye la cobertura del Programa se autorizan en los centros prestadores con la presentaci\u00f3n de:\n<ul>\n<li>Indicaci\u00f3n m\u00e9dica con el tipo de tratamiento a realizar<\/li>\n<li>Copia de estudios previos (Los estudios a presentar se encuentran citados en el formulario de autorizaci\u00f3n on line que deber\u00e1 completar el prestador que realizar\u00e1 el tratamiento)<\/li>\n<li>Consentimiento informado firmado por los miembros de la pareja y certificado por el centro m\u00e9dico tratante de acuerdo a la pr\u00e1ctica solicitada. El consentimiento informado puede descargarse al pie de este tr\u00e1mite.<\/li>\n<li>Fotocopia de libreta de familia o certificado de convivencia.<\/li>\n<li>Fotocopia de la credencial afiliatoria de ambos integrantes de la pareja.<\/li>\n<li>Fotocopia del Documento de Identidad de ambos integrantes de la pareja.<\/li>\n<li>Fotocopia del recibo de sueldo del titular de la obra social.<\/li>\n<\/ul>\n<\/li>\n<\/ul>\n<p><b>Consentimiento de tratamientos de Fertilizaci\u00f3n Asistida<\/b><\/p>\n<p>Quedar\u00e1n fuera de la cobertura de este Programa quienes presenten alguna de las siguientes condiciones:<\/p>\n<ul>\n<li>Enfermedades cr\u00f3nicas en la mujer que pueda agravarse con un embarazo.<\/li>\n<li>Enfermedad de transmisi\u00f3n vertical aguda de alguno de los integrantes de la pareja.<\/li>\n<\/ul>\n<p>Los estudios requeridos para iniciar el tr\u00e1mite pueden ser realizados en cualquier prestador de la obra social a trav\u00e9s de la autorizaci\u00f3n on line, a excepci\u00f3n de \u00abSonohisterograf\u00eda\u00bb y \u00bb Espermograma biol\u00f3gico o especializado\u00bb los cuales se realizan exclusivamente en los Prestadores de Fertilizaci\u00f3n Asistida<\/p>\n<p><a href=\"http:\/\/www.iapossantafe.gob.ar\/wp-content\/uploads\/sites\/26\/2019\/05\/Formuario-Consentimiento-Informado-del-Programa-de-Fertilizaci\u00f3n-Asistida.pdf\">Formuario Consentimiento Informado del Programa de Fertilizaci\u00f3n Asistida<\/a><\/p>\n<p>[\/cmsmasters_toggle][cmsmasters_toggle shortcode_id=\u00bbx7pw73hdx\u00bb title=\u00bbPrestadores\u00bb]<\/p>\n<ul>\n<li>Centro M\u00e9dico PROAR<br \/>\nGuemes 2349 (2000) Rosario<br \/>\n54 &#8211; 341 &#8211; 4226292z<\/li>\n<li>Gestanza &#8211; Centro de Reproducci\u00f3n Asistida en X\u00e9minas<br \/>\nBv. Oro\u00f1o 373 (2000) Rosario<br \/>\n54 &#8211; 341 &#8211; 4249925 \/ 8634<\/li>\n<li>Instituto de Fertilidad Asistida Dr. Julio Colabianchi<br \/>\nBv. Oro\u00f1o 1520 (2000) Rosario<br \/>\n54 &#8211; 341 &#8211; 4240005<\/li>\n<li>Sanatorio Los Arroyos<br \/>\nItalia 1440 (2000) Rosario<br \/>\n54 &#8211; 341 &#8211; 4498888 \/ 8880<\/li>\n<li>FERTYA Medicina Reproductiva<br \/>\nRioja 2282 (2000) Rosario<br \/>\n54 &#8211; 341 &#8211; 4464600<\/li>\n<\/ul>\n<p>[\/cmsmasters_toggle][\/cmsmasters_toggles][\/cmsmasters_column][\/cmsmasters_row][cmsmasters_row data_shortcode_id=\u00bb5yv1xz87k2&#8243; data_width=\u00bbboxed\u00bb data_top_style=\u00bbdefault\u00bb data_bot_style=\u00bbdefault\u00bb data_color=\u00bbdefault\u00bb data_bg_color=\u00bb#f6f6f6&#8243; data_padding_top=\u00bb50&#8243; data_padding_bottom=\u00bb0&#8243;][cmsmasters_column data_width=\u00bb1\/1&#8243; data_shortcode_id=\u00bbpqs5xle3bo\u00bb][cmsmasters_heading shortcode_id=\u00bb8edtv20llv\u00bb type=\u00bbh5&#8243; font_family=\u00bbOpen+Sans:300,300italic,400,400italic,600,600italic,700,700italic\u00bb font_size=\u00bb18&#8243; line_height=\u00bb30&#8243; font_weight=\u00bbbold\u00bb font_style=\u00bbnormal\u00bb text_align=\u00bbcenter\u00bb color=\u00bb#00a8e7&#8243; margin_top=\u00bb12&#8243; margin_bottom=\u00bb30&#8243; animation=\u00bbfadeInLeft\u00bb animation_delay=\u00bb0&#8243;]PAGO DE COSEGUROS[\/cmsmasters_heading][cmsmasters_text shortcode_id=\u00bbt02iot2xot\u00bb animation=\u00bbfadeInLeft\u00bb animation_delay=\u00bb0&#8243;]<\/p>\n<h6 class=\"p1\" style=\"text-align: center\"><span style=\"color: #808080\">Los bonos se adquieren en las bocas de expendio, en cajeros autom\u00e1ticos de Red Link o a trav\u00e9s de la banca digital del Banco de Santa Fe o adhiri\u00e9ndose al d\u00e9bito autom\u00e1tico en cuenta.<\/span><\/h6>\n<p>[\/cmsmasters_text][\/cmsmasters_column][\/cmsmasters_row][cmsmasters_row data_padding_bottom=\u00bb50&#8243; data_padding_top=\u00bb50&#8243; data_bg_color=\u00bb#f6f6f6&#8243; data_color=\u00bbdefault\u00bb data_bot_style=\u00bbdefault\u00bb data_top_style=\u00bbdefault\u00bb data_width=\u00bbboxed\u00bb data_shortcode_id=\u00bb0tinqfwczf\u00bb][cmsmasters_column data_width=\u00bb1\/4&#8243; data_shortcode_id=\u00bbvdhd0fiuvs\u00bb data_animation_delay=\u00bb0&#8243; data_border_style=\u00bbdefault\u00bb data_bg_size=\u00bbcover\u00bb data_bg_attachment=\u00bbscroll\u00bb data_bg_repeat=\u00bbno-repeat\u00bb data_bg_position=\u00bbtop center\u00bb][cmsmasters_heading shortcode_id=\u00bbx2vdaex1im\u00bb type=\u00bbh6&#8243; font_family=\u00bbOpen+Sans:300,300italic,400,400italic,600,600italic,700,700italic\u00bb font_size=\u00bb14&#8243; line_height=\u00bb15&#8243; font_weight=\u00bbbold\u00bb font_style=\u00bbnormal\u00bb text_align=\u00bbcenter\u00bb color=\u00bb#00a8e7&#8243; margin_top=\u00bb12&#8243; margin_bottom=\u00bb15&#8243; animation=\u00bbfadeInLeft\u00bb animation_delay=\u00bb0&#8243;]D\u00c9BITO EN CUENTA[\/cmsmasters_heading]<\/p>\n<p>[cmsmasters_divider shortcode_id=\u00bb6n248c7tq4&#8243; width=\u00bbshort\u00bb height=\u00bb0&#8243; style=\u00bbsolid\u00bb position=\u00bbcenter\u00bb margin_top=\u00bb19&#8243; margin_bottom=\u00bb19&#8243; animation_delay=\u00bb0&#8243;]<\/p>\n<p>[cmsmasters_text shortcode_id=\u00bb3ago2771ti\u00bb animation_delay=\u00bb0&#8243;]<\/p>\n<p style=\"text-align: center\">Le permitir\u00e1 realizar la adhesi\u00f3n o deshadesi\u00f3n al d\u00e9bito, consultar los coseguros que fueron debitados por pr\u00e1cticas realizadas y realizar denuncias por prestaciones debitadas que no fueron recibidas.<\/p>\n<p>[\/cmsmasters_text][cmsmasters_button shortcode_id=\u00bbuv3nhbmnus\u00bb button_link=\u00bb\/coseguro\/\u00bb button_target=\u00bbself\u00bb button_text_align=\u00bbcenter\u00bb button_style=\u00bbcmsmasters_but_bg_hover\u00bb button_font_family=\u00bbOpen+Sans:300,300italic,400,400italic,600,600italic,700,700italic\u00bb button_font_size=\u00bb11&#8243; button_line_height=\u00bb15&#8243; button_font_weight=\u00bbnormal\u00bb button_font_style=\u00bbnormal\u00bb button_text_transform=\u00bbdefault\u00bb button_padding_hor=\u00bb13&#8243; button_border_style=\u00bbdefault\u00bb button_border_radius=\u00bb12px\u00bb button_bg_color=\u00bb#f6f6f6&#8243; button_text_color=\u00bb#00a8e7&#8243; button_border_color=\u00bb#00a8e7&#8243; button_bg_color_h=\u00bb#00a8e7&#8243; button_text_color_h=\u00bb#ffffff\u00bb button_border_color_h=\u00bb#00a8e7&#8243; animation=\u00bbfadeInUp\u00bb animation_delay=\u00bb0&#8243;]ADHERIR \/ DESADHERIR[\/cmsmasters_button][cmsmasters_button shortcode_id=\u00bbgv7uwn8q8&#8243; button_link=\u00bbhttps:\/\/www.santafe.gov.ar\/cosegurosiapos\u00bb button_target=\u00bbblank\u00bb button_text_align=\u00bbcenter\u00bb button_style=\u00bbcmsmasters_but_bg_hover\u00bb button_font_family=\u00bbOpen+Sans:300,300italic,400,400italic,600,600italic,700,700italic\u00bb button_font_size=\u00bb11&#8243; button_line_height=\u00bb15&#8243; button_font_weight=\u00bbnormal\u00bb button_font_style=\u00bbnormal\u00bb button_text_transform=\u00bbdefault\u00bb button_padding_hor=\u00bb14&#8243; button_border_style=\u00bbdefault\u00bb button_border_radius=\u00bb12px\u00bb button_bg_color=\u00bb#f6f6f6&#8243; button_text_color=\u00bb#00a8e7&#8243; button_border_color=\u00bb#00a8e7&#8243; button_bg_color_h=\u00bb#00a8e7&#8243; button_text_color_h=\u00bb#ffffff\u00bb button_border_color_h=\u00bb#00a8e7&#8243; animation=\u00bbfadeInUp\u00bb animation_delay=\u00bb0&#8243;]RESUMEN[\/cmsmasters_button][\/cmsmasters_column][cmsmasters_column data_width=\u00bb1\/4&#8243; data_shortcode_id=\u00bbqdgefc689a\u00bb][cmsmasters_heading shortcode_id=\u00bbmn9z8iky3&#8243; type=\u00bbh6&#8243; font_family=\u00bbOpen+Sans:300,300italic,400,400italic,600,600italic,700,700italic\u00bb font_size=\u00bb14&#8243; line_height=\u00bb15&#8243; font_weight=\u00bbbold\u00bb font_style=\u00bbnormal\u00bb text_align=\u00bbcenter\u00bb color=\u00bb#00a8e7&#8243; margin_top=\u00bb12&#8243; margin_bottom=\u00bb15&#8243; animation=\u00bbfadeInLeft\u00bb animation_delay=\u00bb0&#8243;]CAJERO RED LINK \/ SANTA FE SERVICIOS[\/cmsmasters_heading][cmsmasters_text shortcode_id=\u00bbouvcmmjm1j\u00bb animation_delay=\u00bb0&#8243;]<\/p>\n<p style=\"text-align: center\">Se debe contar con DNI o credencial; tarjeta de d\u00e9bito del Banco de Santa Fe o del Banco Muncipal. Se emitir\u00e1 un comprobante por la totalidad de bonos solicitados, por lo que si estos son para entregara distintos prestadores y\/o diferentes pr\u00e1cticas, se deber\u00e1 tener la precauci\u00f3n de realizar diferentes operaciones de compra para cada estudio.<\/p>\n<p>[\/cmsmasters_text][cmsmasters_button shortcode_id=\u00bb2emty84yk\u00bb button_link=\u00bbhttps:\/\/www.bancosantafe.com.ar\/entidades\u00bb button_target=\u00bbblank\u00bb button_text_align=\u00bbcenter\u00bb button_style=\u00bbcmsmasters_but_bg_hover\u00bb button_font_family=\u00bbOpen+Sans:300,300italic,400,400italic,600,600italic,700,700italic\u00bb button_font_size=\u00bb11&#8243; button_line_height=\u00bb15&#8243; button_font_weight=\u00bbnormal\u00bb button_font_style=\u00bbnormal\u00bb button_text_transform=\u00bbdefault\u00bb button_padding_hor=\u00bb13&#8243; button_border_style=\u00bbdefault\u00bb button_border_radius=\u00bb12px\u00bb button_bg_color=\u00bb#f6f6f6&#8243; button_text_color=\u00bb#00a8e7&#8243; button_border_color=\u00bb#00a8e7&#8243; button_bg_color_h=\u00bb#00a8e7&#8243; button_text_color_h=\u00bb#ffffff\u00bb button_border_color_h=\u00bb#00a8e7&#8243; animation=\u00bbfadeInUp\u00bb animation_delay=\u00bb0&#8243;]VER SUCURSALES[\/cmsmasters_button][\/cmsmasters_column][cmsmasters_column data_width=\u00bb1\/4&#8243; data_shortcode_id=\u00bb62bvzxnr2n\u00bb][cmsmasters_heading shortcode_id=\u00bbmusow1oh0c\u00bb type=\u00bbh6&#8243; font_family=\u00bbOpen+Sans:300,300italic,400,400italic,600,600italic,700,700italic\u00bb font_size=\u00bb14&#8243; line_height=\u00bb15&#8243; font_weight=\u00bbbold\u00bb font_style=\u00bbnormal\u00bb text_align=\u00bbcenter\u00bb color=\u00bb#00a8e7&#8243; margin_top=\u00bb12&#8243; margin_bottom=\u00bb15&#8243; animation=\u00bbfadeInLeft\u00bb animation_delay=\u00bb0&#8243;]BANCA DIGITAL DEL BANCO DE SANTA FE[\/cmsmasters_heading][cmsmasters_text shortcode_id=\u00bblc5kkmemcg\u00bb animation_delay=\u00bb0&#8243;]<\/p>\n<div style=\"text-align: center\">Ingrese a Homebanking con su usuario y contrase\u00f1a. Requiere que el afiliado imprima el comprobante de la compra.<\/div>\n<div style=\"text-align: center\">La validez de las \u00f3rdenes y los bonos adquiridos a trav\u00e9s de la modalidad es de 72 horas desde la fecha de emisi\u00f3n.<\/div>\n<p>[\/cmsmasters_text]<\/p>\n<p>[cmsmasters_divider shortcode_id=\u00bb6mvdzijhm7&#8243; width=\u00bbshort\u00bb height=\u00bb0&#8243; style=\u00bbsolid\u00bb position=\u00bbcenter\u00bb margin_top=\u00bb19&#8243; margin_bottom=\u00bb19&#8243; animation_delay=\u00bb0&#8243;]<\/p>\n<p>[cmsmasters_button shortcode_id=\u00bbbgno23levb\u00bb button_link=\u00bbhttps:\/\/hb.redlink.com.ar\/bancobsf\/login.htm\u00bb button_target=\u00bbblank\u00bb button_text_align=\u00bbcenter\u00bb button_style=\u00bbcmsmasters_but_bg_hover\u00bb button_font_family=\u00bbOpen+Sans:300,300italic,400,400italic,600,600italic,700,700italic\u00bb button_font_size=\u00bb11&#8243; button_line_height=\u00bb15&#8243; button_font_weight=\u00bbnormal\u00bb button_font_style=\u00bbnormal\u00bb button_text_transform=\u00bbdefault\u00bb button_padding_hor=\u00bb13&#8243; button_border_style=\u00bbdefault\u00bb button_border_radius=\u00bb12px\u00bb button_bg_color=\u00bb#f6f6f6&#8243; button_text_color=\u00bb#00a8e7&#8243; button_border_color=\u00bb#00a8e7&#8243; button_bg_color_h=\u00bb#00a8e7&#8243; button_text_color_h=\u00bb#ffffff\u00bb button_border_color_h=\u00bb#00a8e7&#8243; animation=\u00bbfadeInUp\u00bb animation_delay=\u00bb0&#8243;]HOME BANKING[\/cmsmasters_button][\/cmsmasters_column][cmsmasters_column data_width=\u00bb1\/4&#8243; data_shortcode_id=\u00bbudw0zbd3eh\u00bb][cmsmasters_heading shortcode_id=\u00bbe5ismc52zo\u00bb type=\u00bbh6&#8243; font_family=\u00bbOpen+Sans:300,300italic,400,400italic,600,600italic,700,700italic\u00bb font_size=\u00bb14&#8243; line_height=\u00bb15&#8243; font_weight=\u00bbbold\u00bb font_style=\u00bbnormal\u00bb text_align=\u00bbcenter\u00bb color=\u00bb#00a8e7&#8243; margin_top=\u00bb12&#8243; margin_bottom=\u00bb15&#8243; animation=\u00bbfadeInLeft\u00bb animation_delay=\u00bb0&#8243;]BOCAS DE EXPENDIO[\/cmsmasters_heading]<\/p>\n<p>[cmsmasters_divider shortcode_id=\u00bbp3f5nbufvh\u00bb width=\u00bbshort\u00bb height=\u00bb0&#8243; style=\u00bbsolid\u00bb position=\u00bbcenter\u00bb margin_top=\u00bb19&#8243; margin_bottom=\u00bb19&#8243; animation_delay=\u00bb0&#8243;]<\/p>\n<p>[cmsmasters_text shortcode_id=\u00bby99x988kud\u00bb animation_delay=\u00bb0&#8243;]<\/p>\n<div style=\"text-align: center\">Se requiere acreditar identidad a trav\u00e9s del documento de identidad o credencial del IAPOS y \u00faltimo recibo de sueldo. Esta opci\u00f3n no est\u00e1 disponible en la Sede Central de la localidad de Rosario.<\/div>\n<p>[\/cmsmasters_text]<\/p>\n<p>[cmsmasters_divider shortcode_id=\u00bb2qjswz6xa\u00bb width=\u00bbshort\u00bb height=\u00bb0&#8243; style=\u00bbsolid\u00bb position=\u00bbcenter\u00bb margin_top=\u00bb19&#8243; margin_bottom=\u00bb19&#8243; animation_delay=\u00bb0&#8243;]<\/p>\n<p>[cmsmasters_button shortcode_id=\u00bbrpkh3zgck\u00bb button_link=\u00bbhttp:\/\/www.santa-fe.gov.ar\/iapos\/iapos2005\/cartilla-2005.php\u00bb button_target=\u00bbblank\u00bb button_text_align=\u00bbcenter\u00bb button_style=\u00bbcmsmasters_but_bg_hover\u00bb button_font_family=\u00bbOpen+Sans:300,300italic,400,400italic,600,600italic,700,700italic\u00bb button_font_size=\u00bb11&#8243; button_line_height=\u00bb15&#8243; button_font_weight=\u00bbnormal\u00bb button_font_style=\u00bbnormal\u00bb button_text_transform=\u00bbdefault\u00bb button_padding_hor=\u00bb13&#8243; button_border_style=\u00bbdefault\u00bb button_border_radius=\u00bb12px\u00bb button_bg_color=\u00bb#f6f6f6&#8243; button_text_color=\u00bb#00a8e7&#8243; button_border_color=\u00bb#00a8e7&#8243; button_bg_color_h=\u00bb#00a8e7&#8243; button_text_color_h=\u00bb#ffffff\u00bb button_border_color_h=\u00bb#00a8e7&#8243; animation=\u00bbfadeInUp\u00bb animation_delay=\u00bb0&#8243;]BOCAS DE EXPENDIO[\/cmsmasters_button][\/cmsmasters_column][\/cmsmasters_row]\n","protected":false},"excerpt":{"rendered":"<p>[cmsmasters_row data_shortcode_id=\u00bbf41225ba2a\u00bb data_width=\u00bbboxed\u00bb data_top_style=\u00bbdefault\u00bb data_bot_style=\u00bbdefault\u00bb data_color=\u00bbdefault\u00bb data_bg_color=\u00bb#efefef\u00bb data_bg_img=\u00bb14344|http:\/\/www.iapossantafe.gob.ar\/wp-content\/uploads\/sites\/26\/2019\/04\/header_planmaterno_embarazada3.jpg|full\u00bb data_bg_position=\u00bbtop center\u00bb data_bg_repeat=\u00bbno-repeat\u00bb data_bg_attachment=\u00bbscroll\u00bb data_bg_size=\u00bbcover\u00bb data_padding_top=\u00bb70&#8243; data_padding_bottom=\u00bb70&#8243;][cmsmasters_column data_width=\u00bb1\/1&#8243; data_border_style=\u00bbdefault\u00bb][cmsmasters_heading shortcode_id=\u00bbdf533e042d\u00bb type=\u00bbh2&#8243; font_family=\u00bbMontserrat:400,700&#8243; font_size=\u00bb28&#8243; line_height=\u00bb40&#8243; font_weight=\u00bbnormal\u00bb font_style=\u00bbnormal\u00bb text_align=\u00bbcenter\u00bb color=\u00bb#ffffff\u00bb bg_color=\u00bb#00a8e7&#8243; border_radius=\u00bb12px\u00bb margin_top=\u00bb45&#8243; margin_bottom=\u00bb45&#8243; animation=\u00bbfadeInLeft\u00bb animation_delay=\u00bb0&#8243;] PROGRAMA DE FERTILIZACI\u00d3N ASISTIDA[\/cmsmasters_heading][\/cmsmasters_column][\/cmsmasters_row][cmsmasters_row data_shortcode_id=\u00bbubk3io5z6s\u00bb data_width=\u00bbboxed\u00bb data_top_style=\u00bbdefault\u00bb data_bot_style=\u00bbdefault\u00bb data_color=\u00bbdefault\u00bb data_padding_top=\u00bb50&#8243; data_padding_bottom=\u00bb20&#8243;][cmsmasters_column data_width=\u00bb1\/1&#8243; data_shortcode_id=\u00bbjc0hzovjk8&#8243;][cmsmasters_text shortcode_id=\u00bb0jipokemr\u00bb animation=\u00bbfadeInLeft\u00bb animation_delay=\u00bb0&#8243;] A partir de la Ley Nacional 26.862&#8230;<\/p>\n","protected":false},"author":239,"featured_media":0,"parent":0,"menu_order":0,"comment_status":"closed","ping_status":"closed","template":"","meta":{"_acf_changed":false,"footnotes":""},"class_list":["post-14659","page","type-page","status-publish","hentry"],"acf":[],"_links":{"self":[{"href":"https:\/\/www.santafe.gob.ar\/ms\/iapos-old\/wp-json\/wp\/v2\/pages\/14659","targetHints":{"allow":["GET"]}}],"collection":[{"href":"https:\/\/www.santafe.gob.ar\/ms\/iapos-old\/wp-json\/wp\/v2\/pages"}],"about":[{"href":"https:\/\/www.santafe.gob.ar\/ms\/iapos-old\/wp-json\/wp\/v2\/types\/page"}],"author":[{"embeddable":true,"href":"https:\/\/www.santafe.gob.ar\/ms\/iapos-old\/wp-json\/wp\/v2\/users\/239"}],"replies":[{"embeddable":true,"href":"https:\/\/www.santafe.gob.ar\/ms\/iapos-old\/wp-json\/wp\/v2\/comments?post=14659"}],"version-history":[{"count":9,"href":"https:\/\/www.santafe.gob.ar\/ms\/iapos-old\/wp-json\/wp\/v2\/pages\/14659\/revisions"}],"predecessor-version":[{"id":15956,"href":"https:\/\/www.santafe.gob.ar\/ms\/iapos-old\/wp-json\/wp\/v2\/pages\/14659\/revisions\/15956"}],"wp:attachment":[{"href":"https:\/\/www.santafe.gob.ar\/ms\/iapos-old\/wp-json\/wp\/v2\/media?parent=14659"}],"curies":[{"name":"wp","href":"https:\/\/api.w.org\/{rel}","templated":true}]}}