{"id":14982,"date":"2020-01-22T09:33:33","date_gmt":"2020-01-22T12:33:33","guid":{"rendered":"http:\/\/www.iapossantafe.gob.ar\/?page_id=14982"},"modified":"2023-03-31T09:50:42","modified_gmt":"2023-03-31T12:50:42","slug":"ordenes-y-bonos","status":"publish","type":"page","link":"https:\/\/www.santafe.gob.ar\/ms\/iapos-old\/ordenes-y-bonos\/","title":{"rendered":"COSEGUROS: \u00d3RDENES DE CONSULTA Y BONOS ASISTENCIALES"},"content":{"rendered":"[cmsmasters_row data_padding_bottom=\u00bb70&#8243; data_padding_top=\u00bb70&#8243; data_bg_size=\u00bbcover\u00bb data_bg_attachment=\u00bbscroll\u00bb data_bg_repeat=\u00bbno-repeat\u00bb data_bg_position=\u00bbtop center\u00bb data_bg_img=\u00bb14042|https:\/\/www.santafe.gob.ar\/ms\/iapos\/wp-content\/uploads\/sites\/26\/2019\/03\/header_psicologia_1-300&#215;63.jpg|medium\u00bb data_bg_color=\u00bb#efefef\u00bb data_color=\u00bbdefault\u00bb data_bot_style=\u00bbdefault\u00bb data_top_style=\u00bbdefault\u00bb data_width=\u00bbboxed\u00bb data_shortcode_id=\u00bbf41225ba2a\u00bb][cmsmasters_column data_width=\u00bb1\/1&#8243; data_border_style=\u00bbdefault\u00bb][cmsmasters_heading shortcode_id=\u00bbdf533e042d\u00bb type=\u00bbh2&#8243; font_family=\u00bbMontserrat:400,700&#8243; font_size=\u00bb28&#8243; line_height=\u00bb40&#8243; font_weight=\u00bbnormal\u00bb font_style=\u00bbnormal\u00bb text_align=\u00bbcenter\u00bb color=\u00bb#ffffff\u00bb bg_color=\u00bb#00a8e7&#8243; border_radius=\u00bb12px\u00bb margin_top=\u00bb45&#8243; margin_bottom=\u00bb45&#8243; animation=\u00bbfadeInLeft\u00bb animation_delay=\u00bb0&#8243;]COSEGUROS: ORDENES DE CONSULTA Y BONOS ASISTENCIALES[\/cmsmasters_heading][\/cmsmasters_column][\/cmsmasters_row][cmsmasters_row data_padding_bottom=\u00bb20&#8243; data_padding_top=\u00bb50&#8243; data_color=\u00bbdefault\u00bb data_bot_style=\u00bbdefault\u00bb data_top_style=\u00bbdefault\u00bb data_width=\u00bbboxed\u00bb data_shortcode_id=\u00bbubk3io5z6s\u00bb][cmsmasters_column data_width=\u00bb1\/1&#8243; data_shortcode_id=\u00bbjc0hzovjk8&#8243;][cmsmasters_text shortcode_id=\u00bb0jipokemr\u00bb animation=\u00bbfadeInLeft\u00bb animation_delay=\u00bb0&#8243;]<\/p>\n<p>Cuando los afiliados al IAPOS realizan una consulta m\u00e9dica con un profesional prestador de la obra social deben entregar una orden de consulta. Por su parte, por cada pr\u00e1ctica autorizada por la Obra Social corresponde la entrega de bonos asistenciales. La cantidad de bonos a entregar depende de la complejidad de la prestaci\u00f3n que se va a realizar y es informada por el sistema de autorizaci\u00f3n on line cuando la pr\u00e1ctica es autorizada.<\/p>\n<p>La orden de consulta y los bonos asistenciales o de internaci\u00f3n representan el <b>coseguro<\/b> que abona el afiliado por la prestaci\u00f3n de salud recibida.<\/p>\n<p>Los coseguros pueden utilizarse para pr\u00e1cticas que se realicen en cualquier prestador de la provincia de Santa Fe independientemente del lugar donde hayan sido adquiridos. Tanto las \u00f3rdenes de consulta como los bonos asistenciales adquiridos a nombre del titular pueden ser utilizados por \u00e9ste o por su grupo familiar a cargo en la obra social.<\/p>\n<p>La vigencia de los coseguros varian de acuerdo al canal por el cual fueron adquiridos. Los ordenes de consulta compradas en cajeros automaticos de la Red link, locales de \u00abSanta Fe Servicios\u00bb\u00a0 y Bocas de Expendio de IAPOS poseen validez por 60 d\u00edas, pudiendose ser revalidadas por una vez por igual per\u00edodo. Los bonos asisenciales obtenidos por estos canales no tienen vencimiento. Los coseguros adquiridos por home banking, tanto ordenes de consulta como bonos asistenciales, poseen vigencia de 72 hs desde la fecha de emisi\u00f3n, no pudiendo ser revalidados.<\/p>\n<div id=\"yt2pIconContextMenu\">\n<div class=\"yt2p-playergroup\">\n<div class=\"yt2p-player\"><\/div>\n<\/div>\n<\/div>\n<div id=\"yt2pLoaded\"><\/div>\n<div id=\"yt2pLoaded\"><\/div>\n<div id=\"yt2pLoaded\"><\/div>\n<p>[\/cmsmasters_text][\/cmsmasters_column][\/cmsmasters_row][cmsmasters_row data_padding_bottom_mobile_v=\u00bb0&#8243; data_padding_top_mobile_v=\u00bb0&#8243; data_padding_bottom_mobile_h=\u00bb0&#8243; data_padding_top_mobile_h=\u00bb0&#8243; data_padding_bottom_tablet=\u00bb0&#8243; data_padding_top_tablet=\u00bb0&#8243; data_padding_bottom_laptop=\u00bb0&#8243; data_padding_top_laptop=\u00bb0&#8243; data_padding_bottom=\u00bb50&#8243; data_padding_top=\u00bb0&#8243; data_bg_parallax_ratio=\u00bb0.5&#8243; data_bg_size=\u00bbcover\u00bb data_bg_attachment=\u00bbscroll\u00bb data_bg_repeat=\u00bbno-repeat\u00bb data_bg_position=\u00bbtop center\u00bb data_color=\u00bbdefault\u00bb data_bot_style=\u00bbdefault\u00bb data_top_style=\u00bbdefault\u00bb data_padding_right=\u00bb3&#8243; data_padding_left=\u00bb3&#8243; data_width=\u00bbboxed\u00bb data_shortcode_id=\u00bbpgo3gsjpf\u00bb][cmsmasters_column data_width=\u00bb1\/1&#8243; data_animation_delay=\u00bb0&#8243; data_border_style=\u00bbdefault\u00bb data_bg_size=\u00bbcover\u00bb data_bg_attachment=\u00bbscroll\u00bb data_bg_repeat=\u00bbno-repeat\u00bb data_bg_position=\u00bbtop center\u00bb data_shortcode_id=\u00bbuymqfy5cnp\u00bb][cmsmasters_toggles shortcode_id=\u00bb1rnmvnd5vh\u00bb mode=\u00bbtoggle\u00bb animation_delay=\u00bb0&#8243;][cmsmasters_toggle shortcode_id=\u00bbjpyl5s50j9&#8243; title=\u00bbCanales de Adquisici\u00f3n de Coseguros\u00bb]<\/p>\n<p>La obra social pone a disposici\u00f3n de sus afiliados las siguientes modalidades:<\/p>\n<ul>\n<li><strong>D\u00e9bito de coseguro en cuenta bancaria. <\/strong>A trav\u00e9s de ese medio el valor del coseguro, es decir, el monto equivalente a la \u00f3rden de consulta y\/o los bonos asistenciales que correspondan por la prestaci\u00f3n recibida, se debitar\u00e1 de la cuenta bancaria del titular de la obra social. Para utilizar este servicio los afiliados titulares deben adherir, por \u00fanica vez, al d\u00e9bito de coseguros por cuenta bancaria, lo cual se realiza en forma on line, ingresando en la p\u00e1gina de la intranet provincial, <a class=\"links_subrayados\" href=\"https:\/\/www.santafe.gob.ar\/intranet\" target=\"_self\" rel=\"noopener noreferrer\">www.santafe.gob.ar\/intranet<\/a>, donde actualmente visualizan e imprimen sus recibos de haberes. En la intranet encontrar\u00e1n el enlace al sitio que le permitir\u00e1 realizar la adhesi\u00f3n o desadhesi\u00f3n al d\u00e9bito, consultar los coseguros que fueron debitados por pr\u00e1cticas recibidas y realizar denuncias por prestaciones debitadas que no corresponden. Una vez realizada la adhesi\u00f3n, por cada pr\u00e1ctica que se realicen los beneficiarios deber\u00e1n firnar al prestador un cup\u00f3n coseguro donde se indicar\u00e1 el monto a debitar de la cuenta bancaria del afiliado titular.<\/li>\n<\/ul>\n<ul>\n<li><strong>Homebanking del Banco de Santa Fe \u2013 Red Link. <\/strong>Descargar aqu\u00ed <a class=\"links_subrayados\" href=\"https:\/\/www.santafe.gob.ar\/index.php\/web\/content\/download\/242549\/1278296\/\" target=\"_blank\" rel=\"noopener noreferrer\">instructivo con el paso a paso<\/a> para operar desde Homebanking. Los coseguros adquiridos por este medio tienen una validez de 72 hs. no pudiendo revalidarse.<\/li>\n<\/ul>\n<ul>\n<li><strong>Locales Santa Fe Servicios.<\/strong> El afiliado debe presentar el DNI o credencial de la obra social. <a href=\"https:\/\/www.bancosantafe.com.ar\/sucursales-y-cajeros\">Consultar aqu\u00ed<\/a> el listado de Locales de Santa Fe Servicios. Las ordenes de consulta obtenida por este canal poseen una vigencia de 60 d\u00edas pudiendo revalidarse por \u00fanica vez por igual per\u00edodo. los bonos asistenciales no tienen vencimiento.<\/li>\n<\/ul>\n<ul>\n<li><strong>Cajeros autom\u00e1ticos \u2013 Red Link.<\/strong> El afiliado debe poseer Tarjeta de D\u00e9bito del Banco de Santa Fe o del Banco Municipal de Rosario. El importe de la operaci\u00f3n ser\u00e1 debitado de la cuenta del afiliado. S\u00f3lo los afiliados titulares de la obra social pueden adquirir bonos y \u00f3rdenes a trav\u00e9s de este medio, pudiendo ser utilizados los mismos por todo el grupo familiar a cargo. Las ordenes de consulta adquiridas por este canal poseen una vigencia de 60 d\u00edas pudiendo revalidarse por \u00fanica vez por igual per\u00edodo. los bonos asistenciales no tienen vencimiento. Descargar aqu\u00ed <a class=\"links_subrayados\" href=\"https:\/\/www.santafe.gob.ar\/index.php\/web\/content\/download\/235588\/1240634\/\" target=\"_self\" rel=\"noopener noreferrer\">instructivo con el paso a paso<\/a> para operar en el cajero autom\u00e1tico.<\/li>\n<li><strong>Centros de atenci\u00f3n del IAPOS (excepto en la Sede Central de la localidad de Rosario).<\/strong> El afiliado deber\u00e1 presentar DNI o Credencial del IAPOS y el \u00faltimo recibo de sueldo del titular. (la credencial y el recibo s\u00f3lo ser\u00e1 exigible cuando no pueda determinarse la condici\u00f3n afiliatoria mediante consulta al padr\u00f3n on line). Las ordenes de consulta compradas por este canal poseen una vigencia de 60 d\u00edas pudiendo revalidarse por \u00fanica vez por igual per\u00edodo. los bonos asistenciales no tienen vencimiento. Listado de <a class=\"links_subrayados\" href=\"http:\/\/www.santa-fe.gov.ar\/iapos\/iapos2005\/cartilla-2005.php\" target=\"_blank\" rel=\"noopener noreferrer\">Bocas de Expendio, Subdelegaciones, Delegaciones y Casa Central del IAPOS<\/a><\/li>\n<\/ul>\n<div id=\"yt2pLoaded\"><\/div>\n<p>[\/cmsmasters_toggle][cmsmasters_toggle shortcode_id=\u00bbxi0dwvzg8&#8243; title=\u00bbCostos de los Coseguros\u00bb]<\/p>\n<p>Los valores a partir del 01\/04\/2023 son:<\/p>\n<ul>\n<li><b>Orden de consulta: $ 350<\/b><\/li>\n<li><b>Bono asistencial: $ 70<\/b><\/li>\n<li><b>Bono de internaci\u00f3n: $ 1380\u00a0<\/b><\/li>\n<li><b>Recetario de medicamentos (contiene 5 recetarios): $ 10.<\/b><\/li>\n<\/ul>\n<p>Las \u00f3rdenes de consulta tienen una validez de 60 d\u00edas desde la fecha de compra a excepci\u00f3n de las adquiridas a trav\u00e9s de homebanking cuya validez es de 72 hs desde el momento de emisi\u00f3n.<\/p>\n<p>Los bonos asistenciales y de internaci\u00f3n no poseen vencimiento a excepci\u00f3n de los adquiridos a trav\u00e9s de homebanking cuya validez es de 72 hs desde el momento de emisi\u00f3n.<\/p>\n<p>Los recetarios de medicamentos impresos desde el servicio web no tienen costo.<\/p>\n<div id=\"yt2pIconContextMenu\">\n<div class=\"yt2p-playergroup\">\n<div class=\"yt2p-player\"><\/div>\n<\/div>\n<\/div>\n<div id=\"yt2pLoaded\"><\/div>\n<p>[\/cmsmasters_toggle][cmsmasters_toggle shortcode_id=\u00bbwh7vl9ac5d\u00bb title=\u00bbImpresi\u00f3n de \u00d3rdenes y Bonos Asistenciales Sin Cargo\u00bb]<\/p>\n<p>Los coseguros se podr\u00e1n <a href=\"https:\/\/www.santafe.gov.ar\/tramites\/iapos-www\/servlet\/belgnstr02sf\">imprimir desde la web<\/a> y ser\u00e1n sin costo \u00fanicamente para los siguientes casos:<\/p>\n<ul>\n<li>Los afiliados con capacidades diferentes registrados en la obra social como tal y enrolados en el sistema;<\/li>\n<li>Las embarazadas desde el tercer mes de gestaci\u00f3n hasta los 30 d\u00edas posteriores al parto que hayan acreditado su estado en IAPOS y enroladas en el sistema;<\/li>\n<li>Los ni\u00f1os hasta el a\u00f1o de edad;<\/li>\n<li>Los menores de 12 a\u00f1os para uso exclusivo odontol\u00f3gico;<\/li>\n<li>Las mujeres entre los 18 y 55 a\u00f1os de edad para realizaci\u00f3n de Papanicolau (una vez por a\u00f1o).<\/li>\n<\/ul>\n<div id=\"yt2pIconContextMenu\"><\/div>\n<p>[\/cmsmasters_toggle][cmsmasters_toggle shortcode_id=\u00bbo6ivsy7q8d\u00bb title=\u00bbImpresi\u00f3n de Recetarios de Medicamentos\u00bb]<\/p>\n<p>Los recetarios de medicamentos del IAPOS <a class=\"links_subrayados\" href=\"http:\/\/online.colfarsfe.org.ar\/iapos\/ImpresionRecetas\" target=\"_self\" rel=\"noopener noreferrer\">pueden imprimirse sin costo<\/a> desde la web o pueden adquirirse con cargo en los centros de atenci\u00f3n del IAPOS (excepto en la Sede Central de la localidad de Rosario).<\/p>\n<p>[\/cmsmasters_toggle][cmsmasters_toggle shortcode_id=\u00bbrvbhvmo29&#8243; title=\u00bbListados de Aranceles y Coseguros por Pr\u00e1cticas\u00bb]<\/p>\n<p>Ingresando aqu\u00ed el afiliado podr\u00e1 acceder al <a href=\"http:\/\/www.iapossantafe.gob.ar\/aranceles\/\" target=\"_blank\" rel=\"noopener noreferrer\">Listado de Aranceles y Coseguros por Pr\u00e1cticas<\/a><\/p>\n<p>[\/cmsmasters_toggle][\/cmsmasters_toggles][\/cmsmasters_column][\/cmsmasters_row][cmsmasters_row data_padding_bottom=\u00bb0&#8243; data_padding_top=\u00bb50&#8243; data_bg_color=\u00bb#f6f6f6&#8243; data_color=\u00bbdefault\u00bb data_bot_style=\u00bbdefault\u00bb data_top_style=\u00bbdefault\u00bb data_width=\u00bbboxed\u00bb data_shortcode_id=\u00bb5yv1xz87k2&#8243;][cmsmasters_column data_width=\u00bb1\/1&#8243; data_shortcode_id=\u00bbpqs5xle3bo\u00bb][cmsmasters_heading shortcode_id=\u00bb8edtv20llv\u00bb type=\u00bbh5&#8243; font_family=\u00bbOpen+Sans:300,300italic,400,400italic,600,600italic,700,700italic\u00bb font_size=\u00bb18&#8243; line_height=\u00bb30&#8243; font_weight=\u00bbbold\u00bb font_style=\u00bbnormal\u00bb text_align=\u00bbcenter\u00bb color=\u00bb#00a8e7&#8243; margin_top=\u00bb12&#8243; margin_bottom=\u00bb30&#8243; animation=\u00bbfadeInLeft\u00bb animation_delay=\u00bb0&#8243;]PAGO DE COSEGUROS[\/cmsmasters_heading][cmsmasters_text shortcode_id=\u00bbt02iot2xot\u00bb animation=\u00bbfadeInLeft\u00bb animation_delay=\u00bb0&#8243;]<\/p>\n<h6 class=\"p1\" style=\"text-align: center\"><span style=\"color: #808080\">Los bonos se adquieren en las bocas de expendio, en cajeros autom\u00e1ticos de Red Link o a trav\u00e9s de la banca digital del Banco de Santa Fe o adhiri\u00e9ndose al d\u00e9bito autom\u00e1tico en cuenta.<\/span><\/h6>\n<p>[\/cmsmasters_text][\/cmsmasters_column][\/cmsmasters_row][cmsmasters_row data_shortcode_id=\u00bb0tinqfwczf\u00bb data_width=\u00bbboxed\u00bb data_top_style=\u00bbdefault\u00bb data_bot_style=\u00bbdefault\u00bb data_color=\u00bbdefault\u00bb data_bg_color=\u00bb#f6f6f6&#8243; data_padding_top=\u00bb50&#8243; data_padding_bottom=\u00bb50&#8243;][cmsmasters_column data_width=\u00bb1\/4&#8243; data_bg_position=\u00bbtop center\u00bb data_bg_repeat=\u00bbno-repeat\u00bb data_bg_attachment=\u00bbscroll\u00bb data_bg_size=\u00bbcover\u00bb data_border_style=\u00bbdefault\u00bb data_animation_delay=\u00bb0&#8243; data_shortcode_id=\u00bbvdhd0fiuvs\u00bb][cmsmasters_heading shortcode_id=\u00bbx2vdaex1im\u00bb type=\u00bbh6&#8243; font_family=\u00bbOpen+Sans:300,300italic,400,400italic,600,600italic,700,700italic\u00bb font_size=\u00bb14&#8243; line_height=\u00bb15&#8243; font_weight=\u00bbbold\u00bb font_style=\u00bbnormal\u00bb text_align=\u00bbcenter\u00bb color=\u00bb#00a8e7&#8243; margin_top=\u00bb12&#8243; margin_bottom=\u00bb15&#8243; animation=\u00bbfadeInLeft\u00bb animation_delay=\u00bb0&#8243;]D\u00c9BITO EN CUENTA[\/cmsmasters_heading]<\/p>\n<p>[cmsmasters_divider shortcode_id=\u00bb6n248c7tq4&#8243; width=\u00bbshort\u00bb height=\u00bb0&#8243; style=\u00bbsolid\u00bb position=\u00bbcenter\u00bb margin_top=\u00bb19&#8243; margin_bottom=\u00bb19&#8243; animation_delay=\u00bb0&#8243;]<\/p>\n<p>[cmsmasters_text shortcode_id=\u00bb3ago2771ti\u00bb animation_delay=\u00bb0&#8243;]<\/p>\n<p style=\"text-align: center\">Le permitir\u00e1 realizar la adhesi\u00f3n o deshadesi\u00f3n al d\u00e9bito, consultar los coseguros que fueron debitados por pr\u00e1cticas realizadas y realizar denuncias por prestaciones debitadas que no fueron recibidas.<\/p>\n<p>[\/cmsmasters_text][cmsmasters_button shortcode_id=\u00bbuv3nhbmnus\u00bb button_link=\u00bb\/coseguro\/\u00bb button_target=\u00bbself\u00bb button_text_align=\u00bbcenter\u00bb button_style=\u00bbcmsmasters_but_bg_hover\u00bb button_font_family=\u00bbOpen+Sans:300,300italic,400,400italic,600,600italic,700,700italic\u00bb button_font_size=\u00bb11&#8243; button_line_height=\u00bb15&#8243; button_font_weight=\u00bbnormal\u00bb button_font_style=\u00bbnormal\u00bb button_text_transform=\u00bbdefault\u00bb button_padding_hor=\u00bb13&#8243; button_border_style=\u00bbdefault\u00bb button_border_radius=\u00bb12px\u00bb button_bg_color=\u00bb#f6f6f6&#8243; button_text_color=\u00bb#00a8e7&#8243; button_border_color=\u00bb#00a8e7&#8243; button_bg_color_h=\u00bb#00a8e7&#8243; button_text_color_h=\u00bb#ffffff\u00bb button_border_color_h=\u00bb#00a8e7&#8243; animation=\u00bbfadeInUp\u00bb animation_delay=\u00bb0&#8243;]ADHERIR \/ DESADHERIR[\/cmsmasters_button][cmsmasters_button shortcode_id=\u00bbgv7uwn8q8&#8243; button_link=\u00bb\/ms\/iapos\/debito-en-cuenta\/\u00bb button_target=\u00bbblank\u00bb button_text_align=\u00bbcenter\u00bb button_style=\u00bbcmsmasters_but_bg_hover\u00bb button_font_family=\u00bbOpen+Sans:300,300italic,400,400italic,600,600italic,700,700italic\u00bb button_font_size=\u00bb11&#8243; button_line_height=\u00bb15&#8243; button_font_weight=\u00bbnormal\u00bb button_font_style=\u00bbnormal\u00bb button_text_transform=\u00bbdefault\u00bb button_padding_hor=\u00bb14&#8243; button_border_style=\u00bbdefault\u00bb button_border_radius=\u00bb12px\u00bb button_bg_color=\u00bb#f6f6f6&#8243; button_text_color=\u00bb#00a8e7&#8243; button_border_color=\u00bb#00a8e7&#8243; button_bg_color_h=\u00bb#00a8e7&#8243; button_text_color_h=\u00bb#ffffff\u00bb button_border_color_h=\u00bb#00a8e7&#8243; animation=\u00bbfadeInUp\u00bb animation_delay=\u00bb0&#8243;]RESUMEN[\/cmsmasters_button][\/cmsmasters_column][cmsmasters_column data_width=\u00bb1\/4&#8243; data_shortcode_id=\u00bbqdgefc689a\u00bb][cmsmasters_heading shortcode_id=\u00bbmn9z8iky3&#8243; type=\u00bbh6&#8243; font_family=\u00bbOpen+Sans:300,300italic,400,400italic,600,600italic,700,700italic\u00bb font_size=\u00bb14&#8243; line_height=\u00bb15&#8243; font_weight=\u00bbbold\u00bb font_style=\u00bbnormal\u00bb text_align=\u00bbcenter\u00bb color=\u00bb#00a8e7&#8243; margin_top=\u00bb12&#8243; margin_bottom=\u00bb15&#8243; animation=\u00bbfadeInLeft\u00bb animation_delay=\u00bb0&#8243;]CAJERO RED LINK \/ SANTA FE SERVICIOS[\/cmsmasters_heading][cmsmasters_text shortcode_id=\u00bbouvcmmjm1j\u00bb animation_delay=\u00bb0&#8243;]<\/p>\n<p style=\"text-align: center\">Se debe contar con DNI o credencial; tarjeta de d\u00e9bito del Banco de Santa Fe o del Banco Muncipal. Se emitir\u00e1 un comprobante por la totalidad de bonos solicitados, por lo que si estos son para entregara distintos prestadores y\/o diferentes pr\u00e1cticas, se deber\u00e1 tener la precauci\u00f3n de realizar diferentes operaciones de compra para cada estudio.<\/p>\n<p>[\/cmsmasters_text][cmsmasters_button shortcode_id=\u00bb2emty84yk\u00bb button_link=\u00bbhttps:\/\/www.bancosantafe.com.ar\/entidades\u00bb button_target=\u00bbblank\u00bb button_text_align=\u00bbcenter\u00bb button_style=\u00bbcmsmasters_but_bg_hover\u00bb button_font_family=\u00bbOpen+Sans:300,300italic,400,400italic,600,600italic,700,700italic\u00bb button_font_size=\u00bb11&#8243; button_line_height=\u00bb15&#8243; button_font_weight=\u00bbnormal\u00bb button_font_style=\u00bbnormal\u00bb button_text_transform=\u00bbdefault\u00bb button_padding_hor=\u00bb13&#8243; button_border_style=\u00bbdefault\u00bb button_border_radius=\u00bb12px\u00bb button_bg_color=\u00bb#f6f6f6&#8243; button_text_color=\u00bb#00a8e7&#8243; button_border_color=\u00bb#00a8e7&#8243; button_bg_color_h=\u00bb#00a8e7&#8243; button_text_color_h=\u00bb#ffffff\u00bb button_border_color_h=\u00bb#00a8e7&#8243; animation=\u00bbfadeInUp\u00bb animation_delay=\u00bb0&#8243;]VER SUCURSALES[\/cmsmasters_button][\/cmsmasters_column][cmsmasters_column data_width=\u00bb1\/4&#8243; data_shortcode_id=\u00bb62bvzxnr2n\u00bb][cmsmasters_heading shortcode_id=\u00bbmusow1oh0c\u00bb type=\u00bbh6&#8243; font_family=\u00bbOpen+Sans:300,300italic,400,400italic,600,600italic,700,700italic\u00bb font_size=\u00bb14&#8243; line_height=\u00bb15&#8243; font_weight=\u00bbbold\u00bb font_style=\u00bbnormal\u00bb text_align=\u00bbcenter\u00bb color=\u00bb#00a8e7&#8243; margin_top=\u00bb12&#8243; margin_bottom=\u00bb15&#8243; animation=\u00bbfadeInLeft\u00bb animation_delay=\u00bb0&#8243;]BANCA DIGITAL DEL BANCO DE SANTA FE[\/cmsmasters_heading][cmsmasters_text shortcode_id=\u00bblc5kkmemcg\u00bb animation_delay=\u00bb0&#8243;]<\/p>\n<div style=\"text-align: center\">Ingrese a Homebanking con su usuario y contrase\u00f1a. Requiere que el afiliado imprima el comprobante de la compra.<\/div>\n<div style=\"text-align: center\">La validez de las \u00f3rdenes y los bonos adquiridos a trav\u00e9s de la modalidad es de 72 horas desde la fecha de emisi\u00f3n.<\/div>\n<p>[\/cmsmasters_text]<\/p>\n<p>[cmsmasters_divider shortcode_id=\u00bb6mvdzijhm7&#8243; width=\u00bbshort\u00bb height=\u00bb0&#8243; style=\u00bbsolid\u00bb position=\u00bbcenter\u00bb margin_top=\u00bb19&#8243; margin_bottom=\u00bb19&#8243; animation_delay=\u00bb0&#8243;]<\/p>\n<p>[cmsmasters_button shortcode_id=\u00bbbgno23levb\u00bb button_link=\u00bbhttps:\/\/hb.redlink.com.ar\/bancobsf\/login.htm\u00bb button_target=\u00bbblank\u00bb button_text_align=\u00bbcenter\u00bb button_style=\u00bbcmsmasters_but_bg_hover\u00bb button_font_family=\u00bbOpen+Sans:300,300italic,400,400italic,600,600italic,700,700italic\u00bb button_font_size=\u00bb11&#8243; button_line_height=\u00bb15&#8243; button_font_weight=\u00bbnormal\u00bb button_font_style=\u00bbnormal\u00bb button_text_transform=\u00bbdefault\u00bb button_padding_hor=\u00bb13&#8243; button_border_style=\u00bbdefault\u00bb button_border_radius=\u00bb12px\u00bb button_bg_color=\u00bb#f6f6f6&#8243; button_text_color=\u00bb#00a8e7&#8243; button_border_color=\u00bb#00a8e7&#8243; button_bg_color_h=\u00bb#00a8e7&#8243; button_text_color_h=\u00bb#ffffff\u00bb button_border_color_h=\u00bb#00a8e7&#8243; animation=\u00bbfadeInUp\u00bb animation_delay=\u00bb0&#8243;]HOME BANKING[\/cmsmasters_button][\/cmsmasters_column][cmsmasters_column data_width=\u00bb1\/4&#8243; data_shortcode_id=\u00bbudw0zbd3eh\u00bb][cmsmasters_heading shortcode_id=\u00bbe5ismc52zo\u00bb type=\u00bbh6&#8243; font_family=\u00bbOpen+Sans:300,300italic,400,400italic,600,600italic,700,700italic\u00bb font_size=\u00bb14&#8243; line_height=\u00bb15&#8243; font_weight=\u00bbbold\u00bb font_style=\u00bbnormal\u00bb text_align=\u00bbcenter\u00bb color=\u00bb#00a8e7&#8243; margin_top=\u00bb12&#8243; margin_bottom=\u00bb15&#8243; animation=\u00bbfadeInLeft\u00bb animation_delay=\u00bb0&#8243;]BOCAS DE EXPENDIO[\/cmsmasters_heading]<\/p>\n<p>[cmsmasters_divider shortcode_id=\u00bbp3f5nbufvh\u00bb width=\u00bbshort\u00bb height=\u00bb0&#8243; style=\u00bbsolid\u00bb position=\u00bbcenter\u00bb margin_top=\u00bb19&#8243; margin_bottom=\u00bb19&#8243; animation_delay=\u00bb0&#8243;]<\/p>\n<p>[cmsmasters_text shortcode_id=\u00bby99x988kud\u00bb animation_delay=\u00bb0&#8243;]<\/p>\n<div style=\"text-align: center\">Se requiere acreditar identidad a trav\u00e9s del documento de identidad o credencial del IAPOS y \u00faltimo recibo de sueldo. Esta opci\u00f3n no est\u00e1 disponible en la Sede Central de la localidad de Rosario.<\/div>\n<p>[\/cmsmasters_text]<\/p>\n<p>[cmsmasters_divider shortcode_id=\u00bb2qjswz6xa\u00bb width=\u00bbshort\u00bb height=\u00bb0&#8243; style=\u00bbsolid\u00bb position=\u00bbcenter\u00bb margin_top=\u00bb19&#8243; margin_bottom=\u00bb19&#8243; animation_delay=\u00bb0&#8243;]<\/p>\n<p>[cmsmasters_button shortcode_id=\u00bbrpkh3zgck\u00bb button_link=\u00bbhttp:\/\/www.santa-fe.gov.ar\/iapos\/iapos2005\/cartilla-2005.php\u00bb button_target=\u00bbblank\u00bb button_text_align=\u00bbcenter\u00bb button_style=\u00bbcmsmasters_but_bg_hover\u00bb button_font_family=\u00bbOpen+Sans:300,300italic,400,400italic,600,600italic,700,700italic\u00bb button_font_size=\u00bb11&#8243; button_line_height=\u00bb15&#8243; button_font_weight=\u00bbnormal\u00bb button_font_style=\u00bbnormal\u00bb button_text_transform=\u00bbdefault\u00bb button_padding_hor=\u00bb13&#8243; button_border_style=\u00bbdefault\u00bb button_border_radius=\u00bb12px\u00bb button_bg_color=\u00bb#f6f6f6&#8243; button_text_color=\u00bb#00a8e7&#8243; button_border_color=\u00bb#00a8e7&#8243; button_bg_color_h=\u00bb#00a8e7&#8243; button_text_color_h=\u00bb#ffffff\u00bb button_border_color_h=\u00bb#00a8e7&#8243; animation=\u00bbfadeInUp\u00bb animation_delay=\u00bb0&#8243;]BOCAS DE EXPENDIO[\/cmsmasters_button][\/cmsmasters_column][\/cmsmasters_row][cmsmasters_row][cmsmasters_column data_width=\u00bb1\/1&#8243;][cmsmasters_text]<\/p>\n<div id=\"yt2pLoaded\"><\/div>\n<p>[\/cmsmasters_text][\/cmsmasters_column][\/cmsmasters_row]\n","protected":false},"excerpt":{"rendered":"<p>[cmsmasters_row data_padding_bottom=\u00bb70&#8243; data_padding_top=\u00bb70&#8243; data_bg_size=\u00bbcover\u00bb data_bg_attachment=\u00bbscroll\u00bb data_bg_repeat=\u00bbno-repeat\u00bb data_bg_position=\u00bbtop center\u00bb data_bg_img=\u00bb14042|https:\/\/www.santafe.gob.ar\/ms\/iapos\/wp-content\/uploads\/sites\/26\/2019\/03\/header_psicologia_1-300&#215;63.jpg|medium\u00bb data_bg_color=\u00bb#efefef\u00bb data_color=\u00bbdefault\u00bb data_bot_style=\u00bbdefault\u00bb data_top_style=\u00bbdefault\u00bb data_width=\u00bbboxed\u00bb data_shortcode_id=\u00bbf41225ba2a\u00bb][cmsmasters_column data_width=\u00bb1\/1&#8243; data_border_style=\u00bbdefault\u00bb][cmsmasters_heading shortcode_id=\u00bbdf533e042d\u00bb type=\u00bbh2&#8243; font_family=\u00bbMontserrat:400,700&#8243; font_size=\u00bb28&#8243; line_height=\u00bb40&#8243; font_weight=\u00bbnormal\u00bb font_style=\u00bbnormal\u00bb text_align=\u00bbcenter\u00bb color=\u00bb#ffffff\u00bb bg_color=\u00bb#00a8e7&#8243; border_radius=\u00bb12px\u00bb margin_top=\u00bb45&#8243; margin_bottom=\u00bb45&#8243; animation=\u00bbfadeInLeft\u00bb animation_delay=\u00bb0&#8243;]COSEGUROS: ORDENES DE CONSULTA Y BONOS ASISTENCIALES[\/cmsmasters_heading][\/cmsmasters_column][\/cmsmasters_row][cmsmasters_row data_padding_bottom=\u00bb20&#8243; data_padding_top=\u00bb50&#8243; data_color=\u00bbdefault\u00bb data_bot_style=\u00bbdefault\u00bb data_top_style=\u00bbdefault\u00bb data_width=\u00bbboxed\u00bb data_shortcode_id=\u00bbubk3io5z6s\u00bb][cmsmasters_column data_width=\u00bb1\/1&#8243; data_shortcode_id=\u00bbjc0hzovjk8&#8243;][cmsmasters_text shortcode_id=\u00bb0jipokemr\u00bb animation=\u00bbfadeInLeft\u00bb animation_delay=\u00bb0&#8243;] Cuando los afiliados al IAPOS&#8230;<\/p>\n","protected":false},"author":3190,"featured_media":0,"parent":0,"menu_order":0,"comment_status":"closed","ping_status":"closed","template":"","meta":{"_acf_changed":false,"footnotes":""},"class_list":["post-14982","page","type-page","status-publish","hentry"],"acf":[],"_links":{"self":[{"href":"https:\/\/www.santafe.gob.ar\/ms\/iapos-old\/wp-json\/wp\/v2\/pages\/14982","targetHints":{"allow":["GET"]}}],"collection":[{"href":"https:\/\/www.santafe.gob.ar\/ms\/iapos-old\/wp-json\/wp\/v2\/pages"}],"about":[{"href":"https:\/\/www.santafe.gob.ar\/ms\/iapos-old\/wp-json\/wp\/v2\/types\/page"}],"author":[{"embeddable":true,"href":"https:\/\/www.santafe.gob.ar\/ms\/iapos-old\/wp-json\/wp\/v2\/users\/3190"}],"replies":[{"embeddable":true,"href":"https:\/\/www.santafe.gob.ar\/ms\/iapos-old\/wp-json\/wp\/v2\/comments?post=14982"}],"version-history":[{"count":22,"href":"https:\/\/www.santafe.gob.ar\/ms\/iapos-old\/wp-json\/wp\/v2\/pages\/14982\/revisions"}],"predecessor-version":[{"id":15970,"href":"https:\/\/www.santafe.gob.ar\/ms\/iapos-old\/wp-json\/wp\/v2\/pages\/14982\/revisions\/15970"}],"wp:attachment":[{"href":"https:\/\/www.santafe.gob.ar\/ms\/iapos-old\/wp-json\/wp\/v2\/media?parent=14982"}],"curies":[{"name":"wp","href":"https:\/\/api.w.org\/{rel}","templated":true}]}}