{"id":15053,"date":"2020-03-18T17:44:05","date_gmt":"2020-03-18T20:44:05","guid":{"rendered":"http:\/\/www.iapossantafe.gob.ar\/?page_id=15053"},"modified":"2023-03-31T09:20:00","modified_gmt":"2023-03-31T12:20:00","slug":"novedades-iii-contactos","status":"publish","type":"page","link":"https:\/\/www.santafe.gob.ar\/ms\/iapos-old\/novedades-iii-contactos\/","title":{"rendered":"NOVEDADES III"},"content":{"rendered":"[cmsmasters_row data_shortcode_id=\u00bbb4x9vlqhtt\u00bb data_width=\u00bbboxed\u00bb data_top_style=\u00bbdefault\u00bb data_bot_style=\u00bbdefault\u00bb data_color=\u00bbdefault\u00bb data_bg_img=\u00bb14309|https:\/\/www.santafe.gob.ar\/ms\/iapos\/wp-content\/uploads\/sites\/26\/2019\/04\/header_novedades3-300&#215;63.jpg|medium\u00bb data_bg_position=\u00bbtop center\u00bb data_bg_repeat=\u00bbno-repeat\u00bb data_bg_attachment=\u00bbscroll\u00bb data_bg_size=\u00bbcover\u00bb data_bg_parallax_ratio=\u00bb0.5&#8243; data_padding_top=\u00bb70&#8243; data_padding_bottom=\u00bb70&#8243;][cmsmasters_column data_width=\u00bb1\/1&#8243; data_shortcode_id=\u00bb2j8uo31ste\u00bb data_animation_delay=\u00bb0&#8243; data_border_style=\u00bbdefault\u00bb data_bg_size=\u00bbcover\u00bb data_bg_attachment=\u00bbscroll\u00bb data_bg_repeat=\u00bbno-repeat\u00bb data_bg_position=\u00bbtop center\u00bb][cmsmasters_heading shortcode_id=\u00bbvlvarzrgx\u00bb type=\u00bbh2&#8243; font_family=\u00bbMontserrat:400,700&#8243; font_size=\u00bb28&#8243; line_height=\u00bb40&#8243; font_weight=\u00bbnormal\u00bb font_style=\u00bbnormal\u00bb text_align=\u00bbcenter\u00bb color=\u00bb#ffffff\u00bb bg_color=\u00bb#00a8e7&#8243; border_radius=\u00bb12px\u00bb margin_top=\u00bb45&#8243; margin_bottom=\u00bb45&#8243; animation_delay=\u00bb0&#8243;]NOVEDADES[\/cmsmasters_heading][\/cmsmasters_column][\/cmsmasters_row][cmsmasters_row data_padding_bottom=\u00bb55&#8243; data_padding_top=\u00bb65&#8243; data_color=\u00bbdefault\u00bb data_bot_style=\u00bbdefault\u00bb data_top_style=\u00bbdefault\u00bb data_width=\u00bbboxed\u00bb][cmsmasters_column data_width=\u00bb1\/1&#8243;][cmsmasters_text]<\/p>\n<h3 style=\"text-align: center\"><strong>Renovaciones Anuales de Hijos Estudiantes y Voluntarios<\/strong><\/h3>\n<p>Como cada a\u00f1o, <strong>desde el 1ro. de abril y hasta el 31 de mayo<\/strong>, el IAPOS realiza la renovaci\u00f3n de la afiliaci\u00f3n de hijos estudiantes y de voluntarios.<br \/>\nLos beneficiarios de la obra social incluidos en la categor\u00eda de hijos estudiantes, entre 21 y 25 a\u00f1os, deber\u00e1n presentar el certificado de alumno regular del corriente a\u00f1o lectivo.<br \/>\nLos afiliados voluntarios cuyo parentesco con el titular del IAPOS sea: nieto\/a; bisnieto\/a; hermano\/a o hijo\/a de c\u00f3nyuge o conviviente, deber\u00e1n entregar la certificaci\u00f3n negativa de ANSES del voluntario\/a y de sus padres y el certificado de alumno\/a regular si son estudiantes entre 18 y 25 a\u00f1os. El resto de los beneficiarios voluntarios\/as no deber\u00e1n entregar documentaci\u00f3n ya que la obra social realiza cruce de informaci\u00f3n con la base de datos de ANSES.<\/p>\n<p>La obra social ha dispuesto diversos canales de presentaci\u00f3n de la documentaci\u00f3n.<\/p>\n<p>Los <strong>afiliados obligatorios<\/strong>, es decir, funcionarios y agentes de estado provincial y los beneficiario de la Caja de Jubilaciones y Pensiones de la provincia de Santa Fe <strong>pueden realizar la entrega de la documentaci\u00f3n<\/strong>:<\/p>\n<ul>\n<li><strong>De manera presencial<\/strong>, en los Centros de Atenci\u00f3n de la obra social de toda la provincia, a excepci\u00f3n de la sede central de la ciudad de Rosario.<\/li>\n<li><strong>Por correo electr\u00f3nico<\/strong> a: iaposafiliacionesrosario@santafe.gov.ar s\u00f3lo para los afiliados que residen en el sur de la provincia. (Departamentos: Ca\u00f1ada de G\u00f3mez \u2013 Casilda \u2013 San Lorenzo \u2013 Villa Constituci\u00f3n \u2013 Venado Tuerto \u2013 Alcorta \u2013 Firmat \u2013 Rufino \u2013 Las Rosas).<\/li>\n<li><strong>Por correo postal<\/strong> a la sede de Afiliaciones de IAPOS Santa Fe, sita en San Martin 3145 de dicha ciudad, o a la sede de la localidad de Rosario, de calle Rioja 2051.<\/li>\n<\/ul>\n<p>Los <strong>afiliados por Organismos Adheridos<\/strong>, es decir, empleados de Municipios y Comunas; beneficiarios de las Cajas Municipales o de otras entidades adheridas, <strong>deber\u00e1n entregar la documentaci\u00f3n en la repartici\u00f3n donde se desempe\u00f1an.<\/strong><\/p>\n<p>Por consultas los afiliados podr\u00e1n comunicarse al 0800 444 4276, los d\u00edas h\u00e1biles de 8 a 16 hs., o por correo electr\u00f3nico a\u00a0<a href=\"mailto:iapos_consultas@santafe.gov.ar\" target=\"_blank\" rel=\"noopener\">iapos_consultas@santafe.gov.ar<\/a>.<\/p>\n<p>[\/cmsmasters_text][\/cmsmasters_column][\/cmsmasters_row]\n","protected":false},"excerpt":{"rendered":"<p>[cmsmasters_row data_shortcode_id=\u00bbb4x9vlqhtt\u00bb data_width=\u00bbboxed\u00bb data_top_style=\u00bbdefault\u00bb data_bot_style=\u00bbdefault\u00bb data_color=\u00bbdefault\u00bb data_bg_img=\u00bb14309|https:\/\/www.santafe.gob.ar\/ms\/iapos\/wp-content\/uploads\/sites\/26\/2019\/04\/header_novedades3-300&#215;63.jpg|medium\u00bb data_bg_position=\u00bbtop center\u00bb data_bg_repeat=\u00bbno-repeat\u00bb data_bg_attachment=\u00bbscroll\u00bb data_bg_size=\u00bbcover\u00bb data_bg_parallax_ratio=\u00bb0.5&#8243; data_padding_top=\u00bb70&#8243; data_padding_bottom=\u00bb70&#8243;][cmsmasters_column data_width=\u00bb1\/1&#8243; data_shortcode_id=\u00bb2j8uo31ste\u00bb data_animation_delay=\u00bb0&#8243; data_border_style=\u00bbdefault\u00bb data_bg_size=\u00bbcover\u00bb data_bg_attachment=\u00bbscroll\u00bb data_bg_repeat=\u00bbno-repeat\u00bb data_bg_position=\u00bbtop center\u00bb][cmsmasters_heading shortcode_id=\u00bbvlvarzrgx\u00bb type=\u00bbh2&#8243; font_family=\u00bbMontserrat:400,700&#8243; font_size=\u00bb28&#8243; line_height=\u00bb40&#8243; font_weight=\u00bbnormal\u00bb font_style=\u00bbnormal\u00bb text_align=\u00bbcenter\u00bb color=\u00bb#ffffff\u00bb bg_color=\u00bb#00a8e7&#8243; border_radius=\u00bb12px\u00bb margin_top=\u00bb45&#8243; margin_bottom=\u00bb45&#8243; animation_delay=\u00bb0&#8243;]NOVEDADES[\/cmsmasters_heading][\/cmsmasters_column][\/cmsmasters_row][cmsmasters_row data_padding_bottom=\u00bb55&#8243; data_padding_top=\u00bb65&#8243; data_color=\u00bbdefault\u00bb data_bot_style=\u00bbdefault\u00bb data_top_style=\u00bbdefault\u00bb data_width=\u00bbboxed\u00bb][cmsmasters_column data_width=\u00bb1\/1&#8243;][cmsmasters_text] Renovaciones Anuales de Hijos Estudiantes y Voluntarios Como cada a\u00f1o,&#8230;<\/p>\n","protected":false},"author":3190,"featured_media":0,"parent":0,"menu_order":0,"comment_status":"closed","ping_status":"closed","template":"","meta":{"_acf_changed":false,"footnotes":""},"class_list":["post-15053","page","type-page","status-publish","hentry"],"acf":[],"_links":{"self":[{"href":"https:\/\/www.santafe.gob.ar\/ms\/iapos-old\/wp-json\/wp\/v2\/pages\/15053","targetHints":{"allow":["GET"]}}],"collection":[{"href":"https:\/\/www.santafe.gob.ar\/ms\/iapos-old\/wp-json\/wp\/v2\/pages"}],"about":[{"href":"https:\/\/www.santafe.gob.ar\/ms\/iapos-old\/wp-json\/wp\/v2\/types\/page"}],"author":[{"embeddable":true,"href":"https:\/\/www.santafe.gob.ar\/ms\/iapos-old\/wp-json\/wp\/v2\/users\/3190"}],"replies":[{"embeddable":true,"href":"https:\/\/www.santafe.gob.ar\/ms\/iapos-old\/wp-json\/wp\/v2\/comments?post=15053"}],"version-history":[{"count":28,"href":"https:\/\/www.santafe.gob.ar\/ms\/iapos-old\/wp-json\/wp\/v2\/pages\/15053\/revisions"}],"predecessor-version":[{"id":15964,"href":"https:\/\/www.santafe.gob.ar\/ms\/iapos-old\/wp-json\/wp\/v2\/pages\/15053\/revisions\/15964"}],"wp:attachment":[{"href":"https:\/\/www.santafe.gob.ar\/ms\/iapos-old\/wp-json\/wp\/v2\/media?parent=15053"}],"curies":[{"name":"wp","href":"https:\/\/api.w.org\/{rel}","templated":true}]}}