{"id":15238,"date":"2021-01-06T11:25:35","date_gmt":"2021-01-06T14:25:35","guid":{"rendered":"http:\/\/www.iapossantafe.gob.ar\/?page_id=15238"},"modified":"2022-10-21T09:14:50","modified_gmt":"2022-10-21T12:14:50","slug":"institucional","status":"publish","type":"page","link":"https:\/\/www.santafe.gob.ar\/ms\/iapos-old\/institucional\/","title":{"rendered":"QUIENES SOMOS"},"content":{"rendered":"[cmsmasters_row data_shortcode_id=\u00bbf41225ba2a\u00bb data_width=\u00bbboxed\u00bb data_top_style=\u00bbdefault\u00bb data_bot_style=\u00bbdefault\u00bb data_color=\u00bbdefault\u00bb data_bg_color=\u00bb#efefef\u00bb data_padding_top=\u00bb70&#8243; data_padding_bottom=\u00bb70&#8243;][cmsmasters_column data_width=\u00bb1\/1&#8243;][cmsmasters_heading shortcode_id=\u00bbdf533e042d\u00bb type=\u00bbh1&#8243; font_size=\u00bb33&#8243; font_weight=\u00bbnormal\u00bb font_style=\u00bbnormal\u00bb text_align=\u00bbleft\u00bb color=\u00bb#09478d\u00bb margin_top=\u00bb0&#8243; margin_bottom=\u00bb15&#8243; animation=\u00bbfadeInLeft\u00bb animation_delay=\u00bb0&#8243;]QUI\u00c9NES SOMOS[\/cmsmasters_heading]<\/p>\n<p>[cmsmasters_divider shortcode_id=\u00bbb0dbcd478c\u00bb width=\u00bbshort\u00bb height=\u00bb1&#8243; style=\u00bbsolid\u00bb position=\u00bbleft\u00bb color=\u00bb#09478d\u00bb margin_top=\u00bb10&#8243; margin_bottom=\u00bb25&#8243; animation_delay=\u00bb0&#8243;]<\/p>\n<p>[cmsmasters_text shortcode_id=\u00bb801592a0a0&#8243; animation=\u00bbfadeInLeft\u00bb animation_delay=\u00bb0&#8243;]<\/p>\n<h5 class=\"western\" align=\"justify\"><span style=\"color: #000000\"><span style=\"font-family: Arial, sans-serif\"><span style=\"font-size: small\"><span lang=\"es-ES\">El Instituto Aut\u00e1rquico Provincial de Obra Social (IAPOS) es la obra social de los trabajadores del estado santafesino; los beneficiarios de la Caja de Jubilaciones y Pensiones de la provincia de Santa Fe y los empleados de municipios y comunas que cuentan con convenio de adhesi\u00f3n <\/span><\/span><\/span><\/span><span style=\"color: #000000\"><span style=\"font-family: Arial, sans-serif\"><span style=\"font-size: small\"><span lang=\"es-ES\">junto a sus cajas previsionales<\/span><\/span><\/span><\/span><span style=\"color: #000000\"><span style=\"font-family: Arial, sans-serif\"><span style=\"font-size: small\"><span lang=\"es-ES\">, incluyendo en todos los casos a su grupo familiar.<\/span><\/span><\/span><\/span><\/h5>\n<h5 class=\"western\" align=\"justify\"><span style=\"color: #000000\"><span style=\"font-family: Arial, sans-serif\"><span style=\"font-size: small\"><span lang=\"es-ES\">Fue creado por la Ley provincial N\u00b0 8288\/78, con el objeto de organizar y administrar un sistema solidario de atenci\u00f3n m\u00e9dica para sus afiliados y efectuar por s\u00ed o por intermedio de terceros, prestaciones asistenciales. <\/span><\/span><\/span><\/span><span style=\"color: #000000\"><span style=\"font-family: Arial, sans-serif\"><span style=\"font-size: small\"><span lang=\"es-ES\">Abri\u00f3 sus puertas el d\u00eda primero de enero del a\u00f1o 1979 <\/span><\/span><\/span><\/span><span style=\"color: #000000\"><span style=\"font-family: Arial, sans-serif\"><span style=\"font-size: small\"><span lang=\"es-ES\">y en la actualidad cuenta con m\u00e1s de 575000 afiliados<\/span><\/span><\/span><\/span><span style=\"color: #000000\"><span style=\"font-family: Arial, sans-serif\"><span style=\"font-size: small\"><span lang=\"es-ES\">.<\/span><\/span><\/span><\/span><\/h5>\n<h5 class=\"western\" align=\"justify\"><span style=\"color: #000000\"><span style=\"font-family: Arial, sans-serif\"><span style=\"font-size: small\"><span lang=\"es-ES\">Junto al rol de financiador de prestaciones de salud, el Instituto busca impul<\/span><\/span><\/span><\/span><span style=\"color: #000000\"><span style=\"font-family: Arial, sans-serif\"><span style=\"font-size: small\"><span lang=\"es-ES\">s<\/span><\/span><\/span><\/span><span style=\"color: #000000\"><span style=\"font-family: Arial, sans-serif\"><span style=\"font-size: small\"><span lang=\"es-ES\">ar modelos prestacionales que aseguren el acceso a la atenci\u00f3n m<\/span><\/span><\/span><\/span><span style=\"color: #000000\"><span style=\"font-family: Arial, sans-serif\"><span style=\"font-size: small\"><span lang=\"es-ES\">\u00e9<\/span><\/span><\/span><\/span><span style=\"color: #000000\"><span style=\"font-family: Arial, sans-serif\"><span style=\"font-size: small\"><span lang=\"es-ES\">dica de forma segura, simple y efectiva.<br \/>\nLa obra social cuenta con sedes principales en la ciudad de Santa Fe y de Rosario, adem\u00e1s de Delegaciones o Subdelegaciones en las ciudades cabeceras de todos los departamentos provinciales y centros de atenci\u00f3n distribuidos en todo el territorio provincial.<\/span><\/span><\/span><\/span><\/h5>\n<p>[\/cmsmasters_text][\/cmsmasters_column][\/cmsmasters_row][cmsmasters_row data_shortcode_id=\u00bbw7zgbdgpt\u00bb][cmsmasters_column data_width=\u00bb1\/1&#8243; data_shortcode_id=\u00bbrz8mwtuv1f\u00bb][cmsmasters_text]<\/p>\n<p>&nbsp;<\/p>\n<p>[\/cmsmasters_text][\/cmsmasters_column][\/cmsmasters_row]\n","protected":false},"excerpt":{"rendered":"<p>[cmsmasters_row data_shortcode_id=\u00bbf41225ba2a\u00bb data_width=\u00bbboxed\u00bb data_top_style=\u00bbdefault\u00bb data_bot_style=\u00bbdefault\u00bb data_color=\u00bbdefault\u00bb data_bg_color=\u00bb#efefef\u00bb data_padding_top=\u00bb70&#8243; data_padding_bottom=\u00bb70&#8243;][cmsmasters_column data_width=\u00bb1\/1&#8243;][cmsmasters_heading shortcode_id=\u00bbdf533e042d\u00bb type=\u00bbh1&#8243; font_size=\u00bb33&#8243; font_weight=\u00bbnormal\u00bb font_style=\u00bbnormal\u00bb text_align=\u00bbleft\u00bb color=\u00bb#09478d\u00bb margin_top=\u00bb0&#8243; margin_bottom=\u00bb15&#8243; animation=\u00bbfadeInLeft\u00bb animation_delay=\u00bb0&#8243;]QUI\u00c9NES SOMOS[\/cmsmasters_heading] [cmsmasters_divider shortcode_id=\u00bbb0dbcd478c\u00bb width=\u00bbshort\u00bb height=\u00bb1&#8243; style=\u00bbsolid\u00bb position=\u00bbleft\u00bb color=\u00bb#09478d\u00bb margin_top=\u00bb10&#8243; margin_bottom=\u00bb25&#8243; animation_delay=\u00bb0&#8243;] [cmsmasters_text shortcode_id=\u00bb801592a0a0&#8243; animation=\u00bbfadeInLeft\u00bb animation_delay=\u00bb0&#8243;] El Instituto Aut\u00e1rquico Provincial de Obra Social (IAPOS) es la obra social de los trabajadores del estado santafesino; los&#8230;<\/p>\n","protected":false},"author":239,"featured_media":0,"parent":0,"menu_order":0,"comment_status":"closed","ping_status":"closed","template":"","meta":{"_acf_changed":false,"footnotes":""},"class_list":["post-15238","page","type-page","status-publish","hentry"],"acf":[],"_links":{"self":[{"href":"https:\/\/www.santafe.gob.ar\/ms\/iapos-old\/wp-json\/wp\/v2\/pages\/15238","targetHints":{"allow":["GET"]}}],"collection":[{"href":"https:\/\/www.santafe.gob.ar\/ms\/iapos-old\/wp-json\/wp\/v2\/pages"}],"about":[{"href":"https:\/\/www.santafe.gob.ar\/ms\/iapos-old\/wp-json\/wp\/v2\/types\/page"}],"author":[{"embeddable":true,"href":"https:\/\/www.santafe.gob.ar\/ms\/iapos-old\/wp-json\/wp\/v2\/users\/239"}],"replies":[{"embeddable":true,"href":"https:\/\/www.santafe.gob.ar\/ms\/iapos-old\/wp-json\/wp\/v2\/comments?post=15238"}],"version-history":[{"count":24,"href":"https:\/\/www.santafe.gob.ar\/ms\/iapos-old\/wp-json\/wp\/v2\/pages\/15238\/revisions"}],"predecessor-version":[{"id":15630,"href":"https:\/\/www.santafe.gob.ar\/ms\/iapos-old\/wp-json\/wp\/v2\/pages\/15238\/revisions\/15630"}],"wp:attachment":[{"href":"https:\/\/www.santafe.gob.ar\/ms\/iapos-old\/wp-json\/wp\/v2\/media?parent=15238"}],"curies":[{"name":"wp","href":"https:\/\/api.w.org\/{rel}","templated":true}]}}