{"id":15351,"date":"2021-03-22T13:02:51","date_gmt":"2021-03-22T16:02:51","guid":{"rendered":"http:\/\/www.iapossantafe.gob.ar\/?page_id=15351"},"modified":"2022-09-26T09:31:38","modified_gmt":"2022-09-26T12:31:38","slug":"sepelios","status":"publish","type":"page","link":"https:\/\/www.santafe.gob.ar\/ms\/iapos-old\/sepelios\/","title":{"rendered":"SEPELIOS"},"content":{"rendered":"[cmsmasters_row data_padding_bottom=\u00bb70&#8243; data_padding_top=\u00bb70&#8243; data_bg_color=\u00bb#efefef\u00bb data_color=\u00bbdefault\u00bb data_bot_style=\u00bbdefault\u00bb data_top_style=\u00bbdefault\u00bb data_width=\u00bbboxed\u00bb data_shortcode_id=\u00bbf41225ba2a\u00bb][cmsmasters_column data_width=\u00bb1\/1&#8243;][cmsmasters_heading shortcode_id=\u00bbdf533e042d\u00bb type=\u00bbh1&#8243; font_size=\u00bb33&#8243; font_weight=\u00bbnormal\u00bb font_style=\u00bbnormal\u00bb text_align=\u00bbleft\u00bb color=\u00bb#09478d\u00bb margin_top=\u00bb0&#8243; margin_bottom=\u00bb15&#8243; animation=\u00bbfadeInLeft\u00bb animation_delay=\u00bb0&#8243;]SEPELIOS[\/cmsmasters_heading]<\/p>\n<p>[cmsmasters_divider shortcode_id=\u00bbb0dbcd478c\u00bb width=\u00bbshort\u00bb height=\u00bb1&#8243; style=\u00bbsolid\u00bb position=\u00bbleft\u00bb color=\u00bb#09478d\u00bb margin_top=\u00bb10&#8243; margin_bottom=\u00bb25&#8243; animation_delay=\u00bb0&#8243;]<\/p>\n<p>[cmsmasters_text shortcode_id=\u00bb801592a0a0&#8243; animation=\u00bbfadeInLeft\u00bb animation_delay=\u00bb0&#8243;]<\/p>\n<p>El IAPOS brinda las prestaciones de Servicio de Sepelio, Subsidio de Sepelio (cuando se hace uso de otra cobertura y no la que brinda el IAPOS) o Reintegro (cuando el afiliado paga en forma particular el servicio).<\/p>\n<p>Para acceder a cualquiera de estos beneficios se debe contar con el descuento del Servicio Complementario en el recibo de sueldo.<\/p>\n<p>[\/cmsmasters_text][\/cmsmasters_column][\/cmsmasters_row][cmsmasters_row data_shortcode_id=\u00bbubk3io5z6s\u00bb data_width=\u00bbboxed\u00bb data_top_style=\u00bbdefault\u00bb data_bot_style=\u00bbdefault\u00bb data_color=\u00bbdefault\u00bb data_padding_top=\u00bb50&#8243; data_padding_bottom=\u00bb70&#8243;][cmsmasters_column data_width=\u00bb1\/1&#8243; data_shortcode_id=\u00bbjc0hzovjk8&#8243;][cmsmasters_toggles shortcode_id=\u00bbwkg2xux3z\u00bb mode=\u00bbtoggle\u00bb animation_delay=\u00bb0&#8243;][cmsmasters_toggle shortcode_id=\u00bb8mqdanmwsc\u00bb title=\u00bbServicio de Sepelio\u00bb]<\/p>\n<p>El afiliado titular y su grupo familiar a cargo, que cuenten con el Descuento del Servicio Complementario, pueden solicitar el Servicio de Sepelio en todo el \u00e1mbito de la Provincia por medio de las empresas adheridas a la Asociaci\u00f3n de Empresas F\u00fanebres de la Provincia de Santa Fe<\/p>\n<p><span style=\"font-size: 16px\">La siguiente documentaci\u00f3n deber\u00e1 presentarse en la empresa f\u00fanebre donde se prestar\u00e1 el servicio:<\/span><\/p>\n<div>\n<ul>\n<li>DNI o Credencial del IAPOS del titular y el fallecido.<\/li>\n<li>Recibo de sueldo del titular donde conste el descuento por Servicio Complementario.<\/li>\n<\/ul>\n<\/div>\n<p><strong>Observaciones:<\/strong><\/p>\n<p>Los afiliados que soliciten el Servicio de Sepelio a trav\u00e9s de la obra social no deben realizar pagos en la cocher\u00eda en concepto de dicho Servicio.<\/p>\n<p>Se deben abonar las Tasas o Impuestos Municipales previstos por dicho organismo correspondientes a cementerio, nicho, cremaci\u00f3n, etc.<\/p>\n<p>[\/cmsmasters_toggle][cmsmasters_toggle shortcode_id=\u00bbggbhiylofh\u00bb title=\u00bbSubsidio de Sepelio\u00bb]<\/p>\n<p>El afiliado titular y su grupo familiar a cargo -que haya optado por el descuento del Servicio Complementario- podr\u00e1 solicitar el Subsidio de Sepelio.<br \/>\nSe tendr\u00e1 acceso al subsidio cuando el afiliado cuente con otra cobertura (abono, mutual, otra Obra Social, etc.) y utiliza \u00e9sta y no el servicio que ofrece IAPOS.<\/p>\n<p>Pueden ser beneficiarios del subsidio los siguientes familiares:<\/p>\n<ul>\n<li>El afiliado titular por fallecimiento de cualquiera de los miembros del grupo familiar primario y\/o afiliado voluntario y\/o afiliado opcional a su cargo en la Obra Social.<\/li>\n<li>Los familiares del afiliado titular fallecido, en el siguiente orden:\n<ul>\n<li>El c\u00f3nyuge del titular, afiliado a cargo del titular fallecido o titular de la Obra Social<\/li>\n<li>El concubino o concubina, regularmente afiliado a cargo del afiliado titular fallecido. En el supuesto que no registre afiliaci\u00f3n en tal car\u00e1cter, deber\u00e1 acreditar su condici\u00f3n de conviviente con sumaria informaci\u00f3n judicial o con resoluci\u00f3n de la Caja de Jubilaciones y Pensiones de la Provincia de Santa Fe y\/o Cajas de Previsi\u00f3n Municipales de la Provincia de Santa Fe, en la cual se conceda el beneficio de pensi\u00f3n a la persona solicitante del subsidio.<\/li>\n<li>Los hijos del titular fallecido.<\/li>\n<li>Los hermanos del titular fallecido.<\/li>\n<li>Los nietos del titular fallecido, en representaci\u00f3n de sus padres premuertos. Los solicitantes deber\u00e1n acreditar su condici\u00f3n de nietos con derecho a percibir el subsidio por sepelio con Resoluci\u00f3n de Declaratoria de Herederos de los beneficiarios del punto anterior. En caso de no contar con dicha resoluci\u00f3n, deber\u00e1n presentar toda la documentaci\u00f3n debidamente certificada que acredite el v\u00ednculo con el afiliado titular fallecido y el derecho de representaci\u00f3n del padre\/madre premuerto.<\/li>\n<li>Los padres del afiliado titular fallecido.<\/li>\n<li>Los hermanos del afiliado titular fallecido.<\/li>\n<li>Cualquier otro heredero o legatario que acredite su condici\u00f3n de tal, mediante la exhibici\u00f3n de Resoluci\u00f3n de Declaratoria de Herederos debidamente certificada o legado instituto por acto p\u00fablico.<\/li>\n<\/ul>\n<p>Los afiliados titulares que no cuenten con beneficiarios con derecho al subsidio por sepelio podr\u00e1n instituir beneficiario en caso de no contar con familiares con derecho al subsidio por sepelio. El formulario correspondiente debidamente conformado deber\u00e1 ser presentado por el beneficiario junto con el Formulario de Solicitud de Subsidio.<\/li>\n<\/ul>\n<p class=\"agrandableTitulo\"><strong>Documentaci\u00f3n a presentar<\/strong><\/p>\n<div>\n<ul>\n<li>Credencial del IAPOS del titular y el fallecido.<\/li>\n<li>Formulario de Solicitud de subsidio certificada por autoridad competente (Tribunales, Juez de Paz o Escribano).<\/li>\n<li>Fotocopia certificada del recibo de sueldo del titular correspondiente al mes anterior al fallecimiento, donde conste el descuento por Servicio Complementario.<\/li>\n<li>Acta de defunci\u00f3n con certificaci\u00f3n original del Registro Civil.<\/li>\n<li>Documentaci\u00f3n necesaria para constatar relaci\u00f3n de parentesco a saber:\n<ul>\n<li>C\u00f3nyuge: Fotocopia de la credencial del IAPOS o fotocopia certificada de la libreta de matrimonio donde conste la uni\u00f3n (la certificaci\u00f3n puede ser realizada por personal del IAPOS) o del acta de matrimonio certificada por registro civil o tribunales.<\/li>\n<li>Concubina\/o: fotocopia de la credencial del IAPOS como afiliada a cargo del titular o sumaria informaci\u00f3n que determine la convivencia entre ambos o resoluci\u00f3n de la Caja que otorga el beneficio de pensi\u00f3n.<\/li>\n<li>Hijos: fotocopia certificada (la certificaci\u00f3n puede ser realizada por personal del IAPOS) de la libreta de matrimonio donde conste: matrimonio y fallecimiento del c\u00f3nyuge y nacimiento de los hijos. En caso de no tenerla: Acta de matrimonio, acta de defunci\u00f3n del c\u00f3nyuge y acta de nacimiento del hijo solicitante, todo certificado por autoridad competente.<\/li>\n<li>Nietos (solo cuando el fallecido no tenga hijos vivos): Declaratoria de herederos o libreta de matrimonio de sus abuelos y de sus padres, o en caso de no tenerla actas de casamiento, nacimiento y defunciones seg\u00fan corresponda, todo certificado por autoridad competente.<\/li>\n<li>Padres (cuando el fallecido haya sido soltero y sin hijos): fotocopia certificada (la certificaci\u00f3n puede ser realizada por personal del IAPOS) de la libreta de matrimonio donde conste la uni\u00f3n matrimonial y el nacimiento de la persona fallecida, o bien, fotocopia certificada (la certificaci\u00f3n puede ser realizada por personal del IAPOS) de la libreta de familia donde consta el nacimiento de la persona fallecida. o bien partida de nacimiento del titular fallecido certificada por el Registro Civil o Juez de Paz o Tribunales.<\/li>\n<li>Hermanos (solo cuando el fallecido haya sido soltero y sin hijos): fotocopia certificada (la certificaci\u00f3n puede ser realizada por personal del IAPOS) de la libreta de matrimonio donde conste la uni\u00f3n y fallecimiento de los padres y los nacimientos de los hermanos. De no tenerla, fotocopia del acta de nacimiento del fallecido, acta de defunci\u00f3n de los padres y acta de nacimiento del hermano solicitante, todo certificado por Registro Civil, Juez de Paz o Tribunales.<\/li>\n<li>Herederos: Resoluci\u00f3n de declaratoria de herederos certificada por autoridad competente judicial, o testamento instituido por acto p\u00fablico que lo declare heredero universal o particular para el cobro del subsidio o instituci\u00f3n de beneficiarios del IAPOS.<\/li>\n<\/ul>\n<\/li>\n<li>Los hijos, nietos, padres, hermanos, herederos o legatarios deber\u00e1n constituir fianza de un tercero que acredite solvencia a satisfacci\u00f3n de la Obra Social, mediante la suscripci\u00f3n del formulario de Fianza ante la Direcci\u00f3n Gral. de Asuntos Jur\u00eddicos del IAPOS.<\/li>\n<li>Constancia de la Empresa F\u00fanebre que prest\u00f3 el servicio, donde diga expresamente que no utiliz\u00f3 el servicio del IAPOS y especificando tipo de ata\u00fad (con o sin revestimiento met\u00e1lico).<\/li>\n<\/ul>\n<\/div>\n<p class=\"agrandableTitulo\"><strong>Lugar de realizaci\u00f3n:<\/strong><\/p>\n<p><b>IAPOS &#8211; Santa Fe<\/b><br \/>\nRivadavia 3452 &#8211; Santa Fe (3000)<br \/>\nAtenci\u00f3n: de lunes a viernes de 7.30 a 13 hs.<\/p>\n<p><b>IAPOS &#8211; Rosario<\/b><br \/>\nRioja 2051 &#8211; Planta Baja (2000)<br \/>\n54 341 4467500<br \/>\nAtenci\u00f3n: de lunes a viernes de 7.30 a 13 hs.<\/p>\n<p><a class=\"links_subrayados\" href=\"http:\/\/www.santa-fe.gov.ar\/iapos\/iapos2005\/cartilla-2005.php\" target=\"_blank\" rel=\"noopener noreferrer\">Bocas de Expendio, Subdelegaciones, Delegaciones y Casa Central del IAPOS<\/a><\/p>\n<p class=\"agrandableTitulo\"><strong>Formularios relacionados<\/strong><\/p>\n<p class=\"agrandableTitulo\"><img loading=\"lazy\" decoding=\"async\" title=\"application\/pdf\" src=\"https:\/\/www.santafe.gov.ar\/share\/icons\/crystal\/16x16\/mimetypes\/pdf.png\" alt=\"application\/pdf\" width=\"16\" height=\"16\" \/>\u00a0<a href=\"https:\/\/www.santafe.gov.ar\/index.php\/content\/download\/129544\/640293\/file\/Formulario\" target=\"_blank\" rel=\"noopener noreferrer\">Formulario para solicitud subsidio por sepelio<\/a>\u00a0&#8211; 50,12 kB<br \/>\n<img loading=\"lazy\" decoding=\"async\" title=\"application\/pdf\" src=\"https:\/\/www.santafe.gov.ar\/share\/icons\/crystal\/16x16\/mimetypes\/pdf.png\" alt=\"application\/pdf\" width=\"16\" height=\"16\" \/>\u00a0<a href=\"http:\/\/www.iapossantafe.gob.ar\/wp-content\/uploads\/sites\/26\/2022\/09\/Acta-de-Fianza-Sepelios-2022.pdf\" target=\"_blank\" rel=\"noopener noreferrer\">Formulario Acta de Fianza &#8211; Sepelios<\/a>\u00a0&#8211; 59,35 kB<\/p>\n<p>[\/cmsmasters_toggle][cmsmasters_toggle shortcode_id=\u00bbj1rdg9cyx\u00bb title=\u00bbReintegro de Sepelio\u00bb]<\/p>\n<p>El afiliado puede solicitar el reintegro de sepelio cuando por razones de fuerza mayor se contrata en forma particular un servicio. De esta forma se accede al reintegro de un monto ya estipulado. Para ello el afiliado titular debe haber optado por el descuento del Servicio Complementario.<\/p>\n<p class=\"agrandableTitulo\"><strong>Documentaci\u00f3n a presentar:<\/strong><\/p>\n<div>\n<ul>\n<li>Credencial del IAPOS del titular y el fallecido.<\/li>\n<li>Formulario de solicitud de reintegro por gastos de sepelio certificada por autoridad competente (Tribunales, Juez de Paz o Escribano).<\/li>\n<li>Fotocopia certificada del recibo de sueldo del titular correspondiente al mes anterior a la fecha de fallecimiento donde conste el descuento de Servicio Complementario.<\/li>\n<li>Acta de Defunci\u00f3n con certificaci\u00f3n original del Registro Civil.<\/li>\n<li>Factura o recibo de pago \u00abB\u00bb o \u00abC\u00bb con los requisitos exigidos por el AFIP donde se especifique las caracter\u00edsticas del servicio.<\/li>\n<\/ul>\n<\/div>\n<p class=\"agrandableTitulo\"><strong>Lugar de realizaci\u00f3n:<\/strong><\/p>\n<p><b>Santa Fe<\/b><br \/>\nRivadavia 3452 &#8211; Santa Fe (3000)<br \/>\nAtenci\u00f3n: de lunes a viernes de 7.30 a 13 hs.<\/p>\n<p><b>Rosario<\/b><br \/>\nRioja 2051 &#8211; Planta Baja (2000)<br \/>\n54 341 4467500<br \/>\nAtenci\u00f3n: de lunes a viernes de 7.30 a 13 hs.<\/p>\n<p><a class=\"links_subrayados\" href=\"http:\/\/www.santa-fe.gov.ar\/iapos\/iapos2005\/cartilla-2005.php\" target=\"_blank\" rel=\"noopener noreferrer\">Bocas de Expendio, Subdelegaciones, Delegaciones y Casa Central del IAPOS<\/a>.<\/p>\n<p class=\"agrandableTitulo\"><strong>Formularios relacionados:<\/strong><\/p>\n<p><img loading=\"lazy\" decoding=\"async\" title=\"application\/pdf\" src=\"https:\/\/www.santafe.gov.ar\/share\/icons\/crystal\/16x16\/mimetypes\/pdf.png\" alt=\"application\/pdf\" width=\"16\" height=\"16\" \/>\u00a0<a href=\"https:\/\/www.santafe.gov.ar\/index.php\/content\/download\/41450\/210773\/file\/Descargar\" target=\"_blank\" rel=\"noopener noreferrer\">Solicitud de Reintegro por gastos de Sepelio<\/a>\u00a0&#8211; 8,91 kB<\/p>\n<p>[\/cmsmasters_toggle][\/cmsmasters_toggles][\/cmsmasters_column][\/cmsmasters_row][cmsmasters_row data_shortcode_id=\u00bbj03ippyujn\u00bb data_width=\u00bbboxed\u00bb data_no_margin=\u00bbtrue\u00bb data_top_style=\u00bbdefault\u00bb data_bot_style=\u00bbdefault\u00bb data_color=\u00bbdefault\u00bb data_padding_top=\u00bb0&#8243; data_padding_bottom=\u00bb50&#8243;][cmsmasters_column data_width=\u00bb1\/1&#8243; data_bg_position=\u00bbtop center\u00bb data_bg_repeat=\u00bbno-repeat\u00bb data_bg_attachment=\u00bbscroll\u00bb data_bg_size=\u00bbcover\u00bb data_border_style=\u00bbdefault\u00bb data_animation_delay=\u00bb0&#8243; data_shortcode_id=\u00bbkraht5hco\u00bb][cmsmasters_button shortcode_id=\u00bbxcv9z9jzj\u00bb button_link=\u00bbhttp:\/\/www.iapossantafe.gob.ar\/wp-content\/uploads\/sites\/26\/2021\/04\/ARANCELES-SEPELIOS-2021.pdf\u00bb button_target=\u00bbblank\u00bb button_text_align=\u00bbcenter\u00bb button_font_weight=\u00bbdefault\u00bb button_font_style=\u00bbdefault\u00bb button_text_transform=\u00bbdefault\u00bb button_border_style=\u00bbdefault\u00bb animation_delay=\u00bb0&#8243;]Aranceles de Servicios de Sepelios[\/cmsmasters_button][\/cmsmasters_column][\/cmsmasters_row][cmsmasters_row data_shortcode_id=\u00bb7u12jdthv\u00bb data_width=\u00bbboxed\u00bb data_no_margin=\u00bbtrue\u00bb data_top_style=\u00bbdefault\u00bb data_bot_style=\u00bbdefault\u00bb data_color=\u00bbdefault\u00bb data_padding_top=\u00bb0&#8243; data_padding_bottom=\u00bb50&#8243;][cmsmasters_column data_width=\u00bb1\/1&#8243; data_bg_position=\u00bbtop center\u00bb data_bg_repeat=\u00bbno-repeat\u00bb data_bg_attachment=\u00bbscroll\u00bb data_bg_size=\u00bbcover\u00bb data_border_style=\u00bbdefault\u00bb data_animation_delay=\u00bb0&#8243; data_shortcode_id=\u00bbg6ut2lk686&#8243;][cmsmasters_button shortcode_id=\u00bbetncpeb99f\u00bb button_link=\u00bbhttp:\/\/www.iapossantafe.gob.ar\/wp-content\/uploads\/sites\/26\/2021\/03\/LISTADO-PRESTADORES-DE-SERVICIO-DE-SEPELIOS.pdf\u00bb button_target=\u00bbblank\u00bb button_text_align=\u00bbcenter\u00bb button_font_weight=\u00bbdefault\u00bb button_font_style=\u00bbdefault\u00bb button_text_transform=\u00bbdefault\u00bb button_border_style=\u00bbdefault\u00bb animation_delay=\u00bb0&#8243;]Entidades Prestadoras de Servicios de Sepelios del IAPOS[\/cmsmasters_button][\/cmsmasters_column][\/cmsmasters_row][cmsmasters_row data_shortcode_id=\u00bb8a3qxdzl3q\u00bb data_width=\u00bbboxed\u00bb data_no_margin=\u00bbtrue\u00bb data_top_style=\u00bbdefault\u00bb data_bot_style=\u00bbdefault\u00bb data_color=\u00bbdefault\u00bb data_padding_top=\u00bb0&#8243; data_padding_bottom=\u00bb50&#8243;][cmsmasters_column data_width=\u00bb1\/1&#8243; data_bg_position=\u00bbtop center\u00bb data_bg_repeat=\u00bbno-repeat\u00bb data_bg_attachment=\u00bbscroll\u00bb data_bg_size=\u00bbcover\u00bb data_border_style=\u00bbdefault\u00bb data_animation_delay=\u00bb0&#8243; data_shortcode_id=\u00bbmvo6qnd5l\u00bb][cmsmasters_button shortcode_id=\u00bbx31olcxro\u00bb button_link=\u00bbhttp:\/\/www.iapossantafe.gob.ar\/wp-content\/uploads\/sites\/26\/2021\/03\/Entidades-Nacionales-Prestadoras-de-Servicios-de-Sepelios-de-IAPOS.pdf\u00bb button_target=\u00bbblank\u00bb button_text_align=\u00bbcenter\u00bb button_font_weight=\u00bbdefault\u00bb button_font_style=\u00bbdefault\u00bb button_text_transform=\u00bbdefault\u00bb button_border_style=\u00bbdefault\u00bb animation_delay=\u00bb0&#8243;]Entidades Nacionales Prestadoras de Servicios de Sepelios del IAPOS[\/cmsmasters_button][\/cmsmasters_column][\/cmsmasters_row][cmsmasters_row data_shortcode_id=\u00bbccxtnmo37t\u00bb data_width=\u00bbboxed\u00bb data_no_margin=\u00bbtrue\u00bb data_top_style=\u00bbdefault\u00bb data_bot_style=\u00bbdefault\u00bb data_color=\u00bbdefault\u00bb data_padding_top=\u00bb0&#8243; data_padding_bottom=\u00bb50&#8243;][cmsmasters_column data_width=\u00bb1\/1&#8243; data_bg_position=\u00bbtop center\u00bb data_bg_repeat=\u00bbno-repeat\u00bb data_bg_attachment=\u00bbscroll\u00bb data_bg_size=\u00bbcover\u00bb data_border_style=\u00bbdefault\u00bb data_animation_delay=\u00bb0&#8243; data_shortcode_id=\u00bb3b5qzwygib\u00bb][cmsmasters_button shortcode_id=\u00bb6mcjyet2qu\u00bb button_link=\u00bbhttp:\/\/www.iapossantafe.gob.ar\/wp-content\/uploads\/sites\/26\/2021\/03\/TRASLADO-EN-AMBULANCIA-PARA-FALLECIDOS-DESDE-CABA-O-BS-AS.pdf\u00bb button_target=\u00bbblank\u00bb button_text_align=\u00bbcenter\u00bb button_font_weight=\u00bbdefault\u00bb button_font_style=\u00bbdefault\u00bb button_text_transform=\u00bbdefault\u00bb button_border_style=\u00bbdefault\u00bb animation_delay=\u00bb0&#8243;]Empresas de Traslado por Fallecimiento desde CABA o Provincia de Bs. As.[\/cmsmasters_button][\/cmsmasters_column][\/cmsmasters_row]\n","protected":false},"excerpt":{"rendered":"<p>[cmsmasters_row data_padding_bottom=\u00bb70&#8243; data_padding_top=\u00bb70&#8243; data_bg_color=\u00bb#efefef\u00bb data_color=\u00bbdefault\u00bb data_bot_style=\u00bbdefault\u00bb data_top_style=\u00bbdefault\u00bb data_width=\u00bbboxed\u00bb data_shortcode_id=\u00bbf41225ba2a\u00bb][cmsmasters_column data_width=\u00bb1\/1&#8243;][cmsmasters_heading shortcode_id=\u00bbdf533e042d\u00bb type=\u00bbh1&#8243; font_size=\u00bb33&#8243; font_weight=\u00bbnormal\u00bb font_style=\u00bbnormal\u00bb text_align=\u00bbleft\u00bb color=\u00bb#09478d\u00bb margin_top=\u00bb0&#8243; margin_bottom=\u00bb15&#8243; animation=\u00bbfadeInLeft\u00bb animation_delay=\u00bb0&#8243;]SEPELIOS[\/cmsmasters_heading] [cmsmasters_divider shortcode_id=\u00bbb0dbcd478c\u00bb width=\u00bbshort\u00bb height=\u00bb1&#8243; style=\u00bbsolid\u00bb position=\u00bbleft\u00bb color=\u00bb#09478d\u00bb margin_top=\u00bb10&#8243; margin_bottom=\u00bb25&#8243; animation_delay=\u00bb0&#8243;] [cmsmasters_text shortcode_id=\u00bb801592a0a0&#8243; animation=\u00bbfadeInLeft\u00bb animation_delay=\u00bb0&#8243;] El IAPOS brinda las prestaciones de Servicio de Sepelio, Subsidio de Sepelio (cuando se hace uso de otra cobertura y&#8230;<\/p>\n","protected":false},"author":239,"featured_media":0,"parent":0,"menu_order":0,"comment_status":"closed","ping_status":"closed","template":"","meta":{"_acf_changed":false,"footnotes":""},"class_list":["post-15351","page","type-page","status-publish","hentry"],"acf":[],"_links":{"self":[{"href":"https:\/\/www.santafe.gob.ar\/ms\/iapos-old\/wp-json\/wp\/v2\/pages\/15351","targetHints":{"allow":["GET"]}}],"collection":[{"href":"https:\/\/www.santafe.gob.ar\/ms\/iapos-old\/wp-json\/wp\/v2\/pages"}],"about":[{"href":"https:\/\/www.santafe.gob.ar\/ms\/iapos-old\/wp-json\/wp\/v2\/types\/page"}],"author":[{"embeddable":true,"href":"https:\/\/www.santafe.gob.ar\/ms\/iapos-old\/wp-json\/wp\/v2\/users\/239"}],"replies":[{"embeddable":true,"href":"https:\/\/www.santafe.gob.ar\/ms\/iapos-old\/wp-json\/wp\/v2\/comments?post=15351"}],"version-history":[{"count":11,"href":"https:\/\/www.santafe.gob.ar\/ms\/iapos-old\/wp-json\/wp\/v2\/pages\/15351\/revisions"}],"predecessor-version":[{"id":15913,"href":"https:\/\/www.santafe.gob.ar\/ms\/iapos-old\/wp-json\/wp\/v2\/pages\/15351\/revisions\/15913"}],"wp:attachment":[{"href":"https:\/\/www.santafe.gob.ar\/ms\/iapos-old\/wp-json\/wp\/v2\/media?parent=15351"}],"curies":[{"name":"wp","href":"https:\/\/api.w.org\/{rel}","templated":true}]}}