{"id":15378,"date":"2021-03-23T11:41:08","date_gmt":"2021-03-23T14:41:08","guid":{"rendered":"http:\/\/www.iapossantafe.gob.ar\/?page_id=15378"},"modified":"2022-08-22T10:41:30","modified_gmt":"2022-08-22T13:41:30","slug":"derivaciones","status":"publish","type":"page","link":"https:\/\/www.santafe.gob.ar\/ms\/iapos-old\/derivaciones\/","title":{"rendered":"DERIVACIONES"},"content":{"rendered":"[cmsmasters_row data_padding_bottom=\u00bb70&#8243; data_padding_top=\u00bb70&#8243; data_bg_color=\u00bb#efefef\u00bb data_color=\u00bbdefault\u00bb data_bot_style=\u00bbdefault\u00bb data_top_style=\u00bbdefault\u00bb data_width=\u00bbboxed\u00bb data_shortcode_id=\u00bbf41225ba2a\u00bb][cmsmasters_column data_width=\u00bb1\/1&#8243;][cmsmasters_heading shortcode_id=\u00bbdf533e042d\u00bb type=\u00bbh1&#8243; font_size=\u00bb33&#8243; font_weight=\u00bbnormal\u00bb font_style=\u00bbnormal\u00bb text_align=\u00bbleft\u00bb color=\u00bb#09478d\u00bb margin_top=\u00bb0&#8243; margin_bottom=\u00bb15&#8243; animation=\u00bbfadeInLeft\u00bb animation_delay=\u00bb0&#8243;]DERIVACIONES A CENTROS DE ALTA COMPLEJIDAD[\/cmsmasters_heading]<\/p>\n<p>[cmsmasters_divider shortcode_id=\u00bbb0dbcd478c\u00bb width=\u00bbshort\u00bb height=\u00bb1&#8243; style=\u00bbsolid\u00bb position=\u00bbleft\u00bb color=\u00bb#09478d\u00bb margin_top=\u00bb10&#8243; margin_bottom=\u00bb25&#8243; animation_delay=\u00bb0&#8243;]<\/p>\n<p>[cmsmasters_text shortcode_id=\u00bb801592a0a0&#8243; animation=\u00bbfadeInLeft\u00bb animation_delay=\u00bb0&#8243;]<\/p>\n<p>La obra social reconoce pr\u00e1cticas e intervenciones quir\u00fargicas que no se realizan en el \u00e1mbito de la provincia de Santa Fe, cuando por razones m\u00e9dicas fundadas se considera necesario derivar al paciente a centros asistenciales de mayor complejidad.<\/p>\n<p>Todos los pedidos de derivaci\u00f3n deben ser evaluados previamente por Auditor\u00eda M\u00e9dica para su autorizaci\u00f3n, quedando a criterio de la misma en qu\u00e9 centro prestador\u00a0 puede ser tratada y\/o resuelta la patolog\u00eda (Santa Fe, Rosario o Buenos Aires).<\/p>\n<p>Para cada pr\u00e1ctica autorizada se solicitar\u00e1 20 bonos asistenciales o su equivalente en pesos.[\/cmsmasters_text][\/cmsmasters_column][\/cmsmasters_row][cmsmasters_row data_width=\u00bbboxed\u00bb data_padding_left=\u00bb3&#8243; data_padding_right=\u00bb3&#8243; data_top_style=\u00bbdefault\u00bb data_bot_style=\u00bbdefault\u00bb data_color=\u00bbdefault\u00bb data_bg_position=\u00bbtop center\u00bb data_bg_repeat=\u00bbno-repeat\u00bb data_bg_attachment=\u00bbscroll\u00bb data_bg_size=\u00bbcover\u00bb data_bg_parallax_ratio=\u00bb0.5&#8243; data_padding_top=\u00bb0&#8243; data_padding_bottom=\u00bb50&#8243; data_padding_top_large=\u00bb0&#8243; data_padding_bottom_large=\u00bb0&#8243; data_padding_top_laptop=\u00bb0&#8243; data_padding_bottom_laptop=\u00bb0&#8243; data_padding_top_tablet=\u00bb0&#8243; data_padding_bottom_tablet=\u00bb0&#8243; data_padding_top_mobile_h=\u00bb0&#8243; data_padding_bottom_mobile_h=\u00bb0&#8243; data_padding_top_mobile_v=\u00bb0&#8243; data_padding_bottom_mobile_v=\u00bb0&#8243; data_shortcode_id=\u00bbt5qyxzu58&#8243;][cmsmasters_column data_width=\u00bb1\/1&#8243; data_bg_position=\u00bbtop center\u00bb data_bg_repeat=\u00bbno-repeat\u00bb data_bg_attachment=\u00bbscroll\u00bb data_bg_size=\u00bbcover\u00bb data_border_style=\u00bbdefault\u00bb data_animation_delay=\u00bb0&#8243; data_shortcode_id=\u00bbtfpppdplig\u00bb][cmsmasters_text shortcode_id=\u00bbqd11r2icp\u00bb animation_delay=\u00bb0&#8243;]<\/p>\n<p>&nbsp;<\/p>\n<p><strong>Para la derivaci\u00f3n se debe presentar:<\/strong><\/p>\n<div>\n<ul>\n<li>Formulario \u00danico de Derivaci\u00f3n completado y firmado por el m\u00e9dico especialista (de la provincia de Santa Fe) de la patolog\u00eda por la cual se deriva.<\/li>\n<li>Fotocopia de los informes de los estudios previos relacionados a la patolog\u00eda por la que se solicita la derivaci\u00f3n.<\/li>\n<li>Indicar n\u00famero de tel\u00e9fono fijo y celular.<\/li>\n<\/ul>\n<p><b>Aclaraciones para tener en cuenta al momento de solicitar una derivaci\u00f3n<\/b><\/p>\n<ol>\n<li>Auditoria M\u00e9dica de la obra social determina si corresponde la derivaci\u00f3n a Capital Federal. El plazo de evaluaci\u00f3n es de 48 hs a 72 hs.<\/li>\n<li>Si existen prestadores en la Provincia que puedan tratar y eventualmente dar soluci\u00f3n a la patolog\u00eda NO se autoriza la Derivaci\u00f3n a Capital Federal.<\/li>\n<li>El m\u00e9dico que deriva al paciente debe ser especialista de la patolog\u00eda por la cual solicita la Derivaci\u00f3n.<\/li>\n<li>Si el afiliado se autoderiva a un prestador de Capital Federal, la obra social no cubre ning\u00fan tipo de prestaciones.<\/li>\n<\/ol>\n<p>&nbsp;<\/p>\n<p><strong>Lugar de realizaci\u00f3n<\/strong><\/p>\n<\/div>\n<p><b>IAPOS (Instituto Aut\u00e1rquico Provincial de Obra Social)<\/b><\/p>\n<p>Los afiliados del interior de la provincia pueden enviar toda la documentaci\u00f3n al correo electr\u00f3nico correspondiente.<\/p>\n<p><a class=\"links_subrayados\" href=\"http:\/\/www.santa-fe.gov.ar\/iapos\/iapos2005\/cartilla-2005.php\" target=\"_blank\" rel=\"noopener noreferrer\">Bocas de Expendio, Subdelegaciones, Delegaciones y Casa Central del IAPOS<\/a><\/p>\n<p><b>Santa Fe<\/b><\/p>\n<ul>\n<li><b>Direcci\u00f3n:<\/b> Rivadavia 3452\u00a0 &#8211; Primer Piso (3000)<\/li>\n<li><b>Tel\u00e9fono:<\/b> 54 342 4846360 Internos: 36235 &#8211; 36359 &#8211; 36360<\/li>\n<li><b>E-mail:<\/b>\u00a0iapos.derivaciones@gmail.com<\/li>\n<li><b>Horario de Atenci\u00f3n:<\/b>\u00a0de lunes a viernes de 7.30 a 13 hs.<\/li>\n<\/ul>\n<p><b>Rosario<\/b><\/p>\n<ul>\n<li><b>Direcci\u00f3n: <\/b>Rioja 2051\u00a0&#8211; Planta Baja (2000)<\/li>\n<li><b>Tel\u00e9fono:<\/b>\u00a054 341 4467500 Internos: 40328 &#8211; 40252<\/li>\n<li><b>E-mail:<\/b>\u00a0iapos_derivacionesros@santafe.gov.ar<\/li>\n<li><b>Horario de Atenci\u00f3n:<\/b>\u00a0de lunes a viernes de 7.30 a 13 hs.<\/li>\n<\/ul>\n<p class=\"agrandableTitulo\"><strong>Observaciones:<\/strong><\/p>\n<p>Todos los pedidos de derivaci\u00f3n ser\u00e1n evaluados por Auditoria M\u00e9dica del IAPOS brindando respuesta en un t\u00e9rmino de 48 hs a 72 hs h\u00e1biles luego de presentada toda la documentaci\u00f3n requerida.<\/p>\n<p class=\"agrandableTitulo\"><strong>Formularios relacionados:<\/strong><\/p>\n<p><img loading=\"lazy\" decoding=\"async\" title=\"application\/pdf\" src=\"https:\/\/www.santafe.gov.ar\/share\/icons\/crystal\/16x16\/mimetypes\/pdf.png\" alt=\"application\/pdf\" width=\"16\" height=\"16\" \/>\u00a0<a href=\"https:\/\/www.santafe.gov.ar\/index.php\/content\/download\/137620\/681091\/file\/Formulario\" target=\"_blank\" rel=\"noopener noreferrer\">Formulario Derivaciones<\/a>\u00a0&#8211; 64,12 kB<\/p>\n<p>[\/cmsmasters_text][\/cmsmasters_column][\/cmsmasters_row]\n","protected":false},"excerpt":{"rendered":"<p>[cmsmasters_row data_padding_bottom=\u00bb70&#8243; data_padding_top=\u00bb70&#8243; data_bg_color=\u00bb#efefef\u00bb data_color=\u00bbdefault\u00bb data_bot_style=\u00bbdefault\u00bb data_top_style=\u00bbdefault\u00bb data_width=\u00bbboxed\u00bb data_shortcode_id=\u00bbf41225ba2a\u00bb][cmsmasters_column data_width=\u00bb1\/1&#8243;][cmsmasters_heading shortcode_id=\u00bbdf533e042d\u00bb type=\u00bbh1&#8243; font_size=\u00bb33&#8243; font_weight=\u00bbnormal\u00bb font_style=\u00bbnormal\u00bb text_align=\u00bbleft\u00bb color=\u00bb#09478d\u00bb margin_top=\u00bb0&#8243; margin_bottom=\u00bb15&#8243; animation=\u00bbfadeInLeft\u00bb animation_delay=\u00bb0&#8243;]DERIVACIONES A CENTROS DE ALTA COMPLEJIDAD[\/cmsmasters_heading] [cmsmasters_divider shortcode_id=\u00bbb0dbcd478c\u00bb width=\u00bbshort\u00bb height=\u00bb1&#8243; style=\u00bbsolid\u00bb position=\u00bbleft\u00bb color=\u00bb#09478d\u00bb margin_top=\u00bb10&#8243; margin_bottom=\u00bb25&#8243; animation_delay=\u00bb0&#8243;] [cmsmasters_text shortcode_id=\u00bb801592a0a0&#8243; animation=\u00bbfadeInLeft\u00bb animation_delay=\u00bb0&#8243;] La obra social reconoce pr\u00e1cticas e intervenciones quir\u00fargicas que no se realizan en el \u00e1mbito&#8230;<\/p>\n","protected":false},"author":239,"featured_media":0,"parent":0,"menu_order":0,"comment_status":"closed","ping_status":"closed","template":"","meta":{"_acf_changed":false,"footnotes":""},"class_list":["post-15378","page","type-page","status-publish","hentry"],"acf":[],"_links":{"self":[{"href":"https:\/\/www.santafe.gob.ar\/ms\/iapos-old\/wp-json\/wp\/v2\/pages\/15378","targetHints":{"allow":["GET"]}}],"collection":[{"href":"https:\/\/www.santafe.gob.ar\/ms\/iapos-old\/wp-json\/wp\/v2\/pages"}],"about":[{"href":"https:\/\/www.santafe.gob.ar\/ms\/iapos-old\/wp-json\/wp\/v2\/types\/page"}],"author":[{"embeddable":true,"href":"https:\/\/www.santafe.gob.ar\/ms\/iapos-old\/wp-json\/wp\/v2\/users\/239"}],"replies":[{"embeddable":true,"href":"https:\/\/www.santafe.gob.ar\/ms\/iapos-old\/wp-json\/wp\/v2\/comments?post=15378"}],"version-history":[{"count":14,"href":"https:\/\/www.santafe.gob.ar\/ms\/iapos-old\/wp-json\/wp\/v2\/pages\/15378\/revisions"}],"predecessor-version":[{"id":15901,"href":"https:\/\/www.santafe.gob.ar\/ms\/iapos-old\/wp-json\/wp\/v2\/pages\/15378\/revisions\/15901"}],"wp:attachment":[{"href":"https:\/\/www.santafe.gob.ar\/ms\/iapos-old\/wp-json\/wp\/v2\/media?parent=15378"}],"curies":[{"name":"wp","href":"https:\/\/api.w.org\/{rel}","templated":true}]}}