{"id":15429,"date":"2021-03-29T11:49:49","date_gmt":"2021-03-29T14:49:49","guid":{"rendered":"http:\/\/www.iapossantafe.gob.ar\/?page_id=15429"},"modified":"2021-03-29T11:49:49","modified_gmt":"2021-03-29T14:49:49","slug":"appmiiapos","status":"publish","type":"page","link":"https:\/\/www.santafe.gob.ar\/ms\/iapos-old\/appmiiapos\/","title":{"rendered":"APP MI IAPOS"},"content":{"rendered":"[cmsmasters_row data_shortcode_id=\u00bbf41225ba2a\u00bb data_width=\u00bbboxed\u00bb data_top_style=\u00bbdefault\u00bb data_bot_style=\u00bbdefault\u00bb data_color=\u00bbdefault\u00bb data_bg_color=\u00bb#efefef\u00bb data_padding_top=\u00bb70&#8243; data_padding_bottom=\u00bb70&#8243;][cmsmasters_column data_width=\u00bb1\/1&#8243;][cmsmasters_heading shortcode_id=\u00bbdf533e042d\u00bb type=\u00bbh1&#8243; font_size=\u00bb33&#8243; font_weight=\u00bbnormal\u00bb font_style=\u00bbnormal\u00bb text_align=\u00bbleft\u00bb color=\u00bb#09478d\u00bb margin_top=\u00bb0&#8243; margin_bottom=\u00bb15&#8243; animation=\u00bbfadeInLeft\u00bb animation_delay=\u00bb0&#8243;]APP MI IAPOS[\/cmsmasters_heading]<\/p>\n<p>[cmsmasters_divider shortcode_id=\u00bbb0dbcd478c\u00bb width=\u00bbshort\u00bb height=\u00bb1&#8243; style=\u00bbsolid\u00bb position=\u00bbleft\u00bb color=\u00bb#09478d\u00bb margin_top=\u00bb10&#8243; margin_bottom=\u00bb25&#8243; animation_delay=\u00bb0&#8243;]<\/p>\n<p>[cmsmasters_text shortcode_id=\u00bb801592a0a0&#8243; animation=\u00bbfadeInLeft\u00bb animation_delay=\u00bb0&#8243;]<\/p>\n<p>Mi IAPOS es una aplicaci\u00f3n para tel\u00e9fonos m\u00f3viles que permite a los afiliados a la obra social utilizar la tecnolog\u00eda disponible como una aliada de la salud.<\/p>\n<p>La aplicaci\u00f3n cuenta con varias funciones, entre ellas la posibilidad de<b>\u00a0mostrar la credencial virtual del titular y la de todo el grupo familiar<\/b>, igual a la que se imprime. La misma puede utilizarse con todos los prestadores de la obra social (profesionales, cl\u00ednicas, sanatorios y farmacias).<\/p>\n<p>[\/cmsmasters_text][\/cmsmasters_column][\/cmsmasters_row][cmsmasters_row data_shortcode_id=\u00bbubk3io5z6s\u00bb data_width=\u00bbboxed\u00bb data_top_style=\u00bbdefault\u00bb data_bot_style=\u00bbdefault\u00bb data_color=\u00bbdefault\u00bb data_padding_top=\u00bb50&#8243; data_padding_bottom=\u00bb70&#8243;][cmsmasters_column data_width=\u00bb1\/1&#8243; data_shortcode_id=\u00bbjc0hzovjk8&#8243;][cmsmasters_text shortcode_id=\u00bb1vyd4jv5vh\u00bb animation_delay=\u00bb0&#8243;]<\/p>\n<p>Por otro lado, tambi\u00e9n <b>permite realizar una geolocalizaci\u00f3n de todos los profesionales prestadores de la obra social\u00a0<\/b>por cercan\u00eda al afiliado y por especialidad. Una vez detectado, se puede ubicar en el mapa y obtener tel\u00e9fonos de contacto para solicitar turnos. Cuando se obtienen resultados de una b\u00fasqueda basados en la ubicaci\u00f3n, lo que se logra es ganar tiempo y evitar gastos de traslados. Por eso la geolocalizaci\u00f3n es una tecnolog\u00eda que ayuda a mejorar la eficiencia en muchos aspectos de la vida cotidiana.<\/p>\n<p>Adem\u00e1s, la app cuenta con un apartado en el cual se recibir\u00e1n notificaciones sobre convenios, beneficios, nuevos servicios y programas de prevenci\u00f3n y tratamiento. Esta nueva opci\u00f3n de informaci\u00f3n se suma a los canales de comunicaci\u00f3n con los que la obra social ya cuenta: boletines externos, p\u00e1gina web y la l\u00ednea gratuita del 0800 444 4276.<\/p>\n<p><b>Como descargarla:<\/b><\/p>\n<p>La aplicaci\u00f3n\u00a0<a class=\"links_subrayados\" href=\"https:\/\/play.google.com\/store\/apps\/details?id=ar.gob.santafe.iapos.miiapos.application\" target=\"_blank\" rel=\"noopener noreferrer\">Mi IAPOS puede descargarse a trav\u00e9s de Google Play o Play Store<\/a>\u00a0dependiendo del aparato celular que se utilice.<\/p>\n<p>Para hacerlo es requisito contar con una identificaci\u00f3n ciudadana para acreditar su identidad y poder usarla. Esta identificaci\u00f3n es la misma que con la que ya cuenta cada agente p\u00fablico y jubilado de la administraci\u00f3n provincial porque a trav\u00e9s de ella, por ejemplo, deben imprimir sus recibos de sueldo.<\/p>\n<p>Para los trabajadores de municipios y comunas, los c\u00f3nyuges y quienes no son titulares, podr\u00e1n acceder a la misma a trav\u00e9s de una identificaci\u00f3n p\u00fablica o bien utilizar la del titular.<\/p>\n<p><a class=\"links_subrayados\" href=\"http:\/\/www.iapossantafe.gob.ar\/wp-content\/uploads\/sites\/26\/2021\/01\/App-Mi-IAPOS-Instructivo-de-descarga.pdf\" target=\"_blank\" rel=\"noopener noreferrer\">Instructivo de descarga PDF<\/a><\/p>\n<p><a class=\"links_subrayados\" href=\"https:\/\/youtu.be\/9hv6ASTNlJM\" target=\"_blank\" rel=\"noopener noreferrer\">Ver video tutorial<\/a><\/p>\n<p>[\/cmsmasters_text][\/cmsmasters_column][\/cmsmasters_row]\n","protected":false},"excerpt":{"rendered":"<p>[cmsmasters_row data_shortcode_id=\u00bbf41225ba2a\u00bb data_width=\u00bbboxed\u00bb data_top_style=\u00bbdefault\u00bb data_bot_style=\u00bbdefault\u00bb data_color=\u00bbdefault\u00bb data_bg_color=\u00bb#efefef\u00bb data_padding_top=\u00bb70&#8243; data_padding_bottom=\u00bb70&#8243;][cmsmasters_column data_width=\u00bb1\/1&#8243;][cmsmasters_heading shortcode_id=\u00bbdf533e042d\u00bb type=\u00bbh1&#8243; font_size=\u00bb33&#8243; font_weight=\u00bbnormal\u00bb font_style=\u00bbnormal\u00bb text_align=\u00bbleft\u00bb color=\u00bb#09478d\u00bb margin_top=\u00bb0&#8243; margin_bottom=\u00bb15&#8243; animation=\u00bbfadeInLeft\u00bb animation_delay=\u00bb0&#8243;]APP MI IAPOS[\/cmsmasters_heading] [cmsmasters_divider shortcode_id=\u00bbb0dbcd478c\u00bb width=\u00bbshort\u00bb height=\u00bb1&#8243; style=\u00bbsolid\u00bb position=\u00bbleft\u00bb color=\u00bb#09478d\u00bb margin_top=\u00bb10&#8243; margin_bottom=\u00bb25&#8243; animation_delay=\u00bb0&#8243;] [cmsmasters_text shortcode_id=\u00bb801592a0a0&#8243; animation=\u00bbfadeInLeft\u00bb animation_delay=\u00bb0&#8243;] Mi IAPOS es una aplicaci\u00f3n para tel\u00e9fonos m\u00f3viles que permite a los afiliados a la obra social utilizar&#8230;<\/p>\n","protected":false},"author":239,"featured_media":0,"parent":0,"menu_order":0,"comment_status":"closed","ping_status":"closed","template":"","meta":{"_acf_changed":false,"footnotes":""},"class_list":["post-15429","page","type-page","status-publish","hentry"],"acf":[],"_links":{"self":[{"href":"https:\/\/www.santafe.gob.ar\/ms\/iapos-old\/wp-json\/wp\/v2\/pages\/15429","targetHints":{"allow":["GET"]}}],"collection":[{"href":"https:\/\/www.santafe.gob.ar\/ms\/iapos-old\/wp-json\/wp\/v2\/pages"}],"about":[{"href":"https:\/\/www.santafe.gob.ar\/ms\/iapos-old\/wp-json\/wp\/v2\/types\/page"}],"author":[{"embeddable":true,"href":"https:\/\/www.santafe.gob.ar\/ms\/iapos-old\/wp-json\/wp\/v2\/users\/239"}],"replies":[{"embeddable":true,"href":"https:\/\/www.santafe.gob.ar\/ms\/iapos-old\/wp-json\/wp\/v2\/comments?post=15429"}],"version-history":[{"count":1,"href":"https:\/\/www.santafe.gob.ar\/ms\/iapos-old\/wp-json\/wp\/v2\/pages\/15429\/revisions"}],"predecessor-version":[{"id":15430,"href":"https:\/\/www.santafe.gob.ar\/ms\/iapos-old\/wp-json\/wp\/v2\/pages\/15429\/revisions\/15430"}],"wp:attachment":[{"href":"https:\/\/www.santafe.gob.ar\/ms\/iapos-old\/wp-json\/wp\/v2\/media?parent=15429"}],"curies":[{"name":"wp","href":"https:\/\/api.w.org\/{rel}","templated":true}]}}