{"id":15450,"date":"2021-03-30T11:32:44","date_gmt":"2021-03-30T14:32:44","guid":{"rendered":"http:\/\/www.iapossantafe.gob.ar\/?page_id=15450"},"modified":"2026-03-12T14:20:44","modified_gmt":"2026-03-12T17:20:44","slug":"categorias-afiliatorias","status":"publish","type":"page","link":"https:\/\/www.santafe.gob.ar\/ms\/iapos-old\/categorias-afiliatorias\/","title":{"rendered":"AFILIACIONES: TIPOS Y TR\u00c1MITE DE ALTA"},"content":{"rendered":"[cmsmasters_row data_padding_bottom=\u00bb70&#8243; data_padding_top=\u00bb70&#8243; data_bg_color=\u00bb#efefef\u00bb data_color=\u00bbdefault\u00bb data_bot_style=\u00bbdefault\u00bb data_top_style=\u00bbdefault\u00bb data_width=\u00bbboxed\u00bb data_shortcode_id=\u00bbf41225ba2a\u00bb][cmsmasters_column data_width=\u00bb1\/1&#8243;][cmsmasters_heading shortcode_id=\u00bbdf533e042d\u00bb type=\u00bbh1&#8243; font_size=\u00bb33&#8243; font_weight=\u00bbnormal\u00bb font_style=\u00bbnormal\u00bb text_align=\u00bbleft\u00bb color=\u00bb#09478d\u00bb margin_top=\u00bb0&#8243; margin_bottom=\u00bb15&#8243; animation=\u00bbfadeInLeft\u00bb animation_delay=\u00bb0&#8243;]AFILIACIONES: TIPOS Y TR\u00c1MITE DE ALTA [\/cmsmasters_heading] [cmsmasters_divider shortcode_id=\u00bbb0dbcd478c\u00bb width=\u00bbshort\u00bb height=\u00bb1&#8243; style=\u00bbsolid\u00bb position=\u00bbleft\u00bb color=\u00bb#09478d\u00bb margin_top=\u00bb10&#8243; margin_bottom=\u00bb25&#8243; animation_delay=\u00bb0&#8243;] [cmsmasters_text shortcode_id=\u00bb801592a0a0&#8243; animation=\u00bbfadeInLeft\u00bb animation_delay=\u00bb0&#8243;]<\/p>\n<h5>La Obra Social posee distintas categor\u00edas afiliatorias las cuales se detallan a continuaci\u00f3n.<\/h5>\n<h5>Para acceder a los servicios y prestaciones de salud, los beneficiarios deben realizar previamente el correspondiente tr\u00e1mite de alta.<\/h5>\n<p>[\/cmsmasters_text][\/cmsmasters_column][\/cmsmasters_row][cmsmasters_row data_padding_bottom=\u00bb70&#8243; data_padding_top=\u00bb50&#8243; data_color=\u00bbdefault\u00bb data_bot_style=\u00bbdefault\u00bb data_top_style=\u00bbdefault\u00bb data_width=\u00bbboxed\u00bb data_shortcode_id=\u00bbubk3io5z6s\u00bb][cmsmasters_column data_width=\u00bb1\/1&#8243; data_shortcode_id=\u00bbjc0hzovjk8&#8243;][cmsmasters_text shortcode_id=\u00bb1vyd4jv5vh\u00bb animation_delay=\u00bb0&#8243;]<\/p>\n<ul>\n<li><strong>AFILIADOS OBLIGATORIOS: <\/strong>comprende los funcionarios y agentes del Estado provincial y su grupo familiar primario, como as\u00ed tambi\u00e9n los beneficiarios de la Caja de Jubilaciones y Pensiones de la Provincia de Santa Fe. Los docentes de escuelas provinciales tienen distintos grados de cobertura en el IAPOS, seg\u00fan su situaci\u00f3n de revista.<\/li>\n<\/ul>\n<p><a id=\"eztoc546768_0_0_0_0_1\" name=\"eztoc546768_0_0_0_0_1\"><\/a> [\/cmsmasters_text][cmsmasters_button shortcode_id=\u00bboi5ip7a4iz\u00bb button_link=\u00bbhttp:\/\/www.iapossantafe.gob.ar\/afiliadosobligatorios\/\u00bb button_target=\u00bbblank\u00bb button_text_align=\u00bbcenter\u00bb button_style=\u00bbcmsmasters_but_bg_hover\u00bb button_font_weight=\u00bbdefault\u00bb button_font_style=\u00bbdefault\u00bb button_text_transform=\u00bbdefault\u00bb button_border_style=\u00bbdefault\u00bb button_border_radius=\u00bb10px\u00bb button_text_color=\u00bb#3eb8d7&#8243; button_border_color=\u00bb#3eb8d7&#8243; button_bg_color_h=\u00bb#3eb8d7&#8243; button_text_color_h=\u00bb#ffffff\u00bb animation_delay=\u00bb0&#8243;]TR\u00c1MITE DE ALTA PARA AFILIADOS OBLIGATORIOS[\/cmsmasters_button][cmsmasters_button shortcode_id=\u00bbcvlzuj4uxw\u00bb button_link=\u00bbhttp:\/\/www.iapossantafe.gob.ar\/docentes\/\u00bb button_target=\u00bbblank\u00bb button_text_align=\u00bbcenter\u00bb button_style=\u00bbcmsmasters_but_bg_hover\u00bb button_font_weight=\u00bbdefault\u00bb button_font_style=\u00bbdefault\u00bb button_text_transform=\u00bbdefault\u00bb button_border_style=\u00bbdefault\u00bb button_border_radius=\u00bb10px\u00bb button_text_color=\u00bb#3eb8d7&#8243; button_border_color=\u00bb#3eb8d7&#8243; button_bg_color_h=\u00bb#3eb8d7&#8243; button_text_color_h=\u00bb#ffffff\u00bb animation_delay=\u00bb0&#8243;]TR\u00c1MITE DE ALTA Y COBERTURA PARA DOCENTES Y ASISTENTES ESCOLARES[\/cmsmasters_button][cmsmasters_text shortcode_id=\u00bbexqmvrodi\u00bb animation_delay=\u00bb0&#8243;]<\/p>\n<ul>\n<li><strong>AFILIADOS POR ORGANISMOS ADHERIDOS: <\/strong>incluye los empleados de Municipios y Comunas de la provincia que hayan suscripto convenio con la obra social y sus respectivas Cajas de Jubilaciones y Pensiones, adem\u00e1s de los trabajadores de instituciones con personer\u00eda jur\u00eddica, gremial, mutual y an\u00e1logas que tengan convenio con el Instituto. Incluye la afiliaci\u00f3n de ex-presos pol\u00edticos y su grupo familiar primario, y las madres de hijos desaparecidos.<\/li>\n<\/ul>\n<p>[\/cmsmasters_text][cmsmasters_button shortcode_id=\u00bbll9kflywvt\u00bb button_link=\u00bbhttp:\/\/www.iapossantafe.gob.ar\/afiliadosdeorgadheridos\/\u00bb button_target=\u00bbblank\u00bb button_text_align=\u00bbcenter\u00bb button_style=\u00bbcmsmasters_but_bg_hover\u00bb button_font_weight=\u00bbdefault\u00bb button_font_style=\u00bbdefault\u00bb button_text_transform=\u00bbdefault\u00bb button_border_style=\u00bbdefault\u00bb button_border_radius=\u00bb10px\u00bb button_text_color=\u00bb#3eb8d7&#8243; button_border_color=\u00bb#3eb8d7&#8243; button_bg_color_h=\u00bb#3eb8d7&#8243; button_text_color_h=\u00bb#ffffff\u00bb animation_delay=\u00bb0&#8243;]TR\u00c1MITE DE ALTA PARA AFILIADOS DE ORGANISMOS ADHERIDOS[\/cmsmasters_button][cmsmasters_text shortcode_id=\u00bbniavx0qy2f\u00bb animation_delay=\u00bb0&#8243;]<\/p>\n<ul>\n<li><strong>\u00a0AFILIADOS VOLUNTARIOS<\/strong><strong>: <\/strong>se pueden adherir a familiares del titular que se encuentren fuera del grupo familiar primario cuando cumplan determinados requisitos preestablecidos.<\/li>\n<\/ul>\n<p><a id=\"eztoc546768_0_0_0_0_1\" name=\"eztoc546768_0_0_0_0_1\"><\/a> [\/cmsmasters_text][cmsmasters_button shortcode_id=\u00bblugjx0c4xo\u00bb button_link=\u00bbhttp:\/\/www.iapossantafe.gob.ar\/afiliadosvoluntarios\/\u00bb button_target=\u00bbblank\u00bb button_text_align=\u00bbcenter\u00bb button_style=\u00bbcmsmasters_but_bg_hover\u00bb button_font_weight=\u00bbdefault\u00bb button_font_style=\u00bbdefault\u00bb button_text_transform=\u00bbdefault\u00bb button_border_style=\u00bbdefault\u00bb button_border_radius=\u00bb10px\u00bb button_text_color=\u00bb#3eb8d7&#8243; button_border_color=\u00bb#3eb8d7&#8243; button_bg_color_h=\u00bb#3eb8d7&#8243; button_text_color_h=\u00bb#ffffff\u00bb animation_delay=\u00bb0&#8243;]TR\u00c1MITE DE ALTA PARA AFILIADOS VOLUNTARIOS[\/cmsmasters_button][cmsmasters_text shortcode_id=\u00bbb1kirzu5l\u00bb animation_delay=\u00bb0&#8243;]<\/p>\n<ul>\n<li><strong>AFILIADOS POR SISTEMA ABIERTO<\/strong><strong><strong>: <\/strong><\/strong>abarca a quienes hayan sido titulares de la obra social y deseen continuar con la cobertura de IAPOS.<\/li>\n<\/ul>\n<p>[\/cmsmasters_text][cmsmasters_button shortcode_id=\u00bbv04coqhov\u00bb button_link=\u00bbhttp:\/\/www.iapossantafe.gob.ar\/afiliadosporsistemaabierto\/\u00bb button_target=\u00bbblank\u00bb button_text_align=\u00bbcenter\u00bb button_style=\u00bbcmsmasters_but_bg_hover\u00bb button_font_weight=\u00bbdefault\u00bb button_font_style=\u00bbdefault\u00bb button_text_transform=\u00bbdefault\u00bb button_border_style=\u00bbdefault\u00bb button_border_radius=\u00bb10px\u00bb button_text_color=\u00bb#3eb8d7&#8243; button_border_color=\u00bb#3eb8d7&#8243; button_bg_color_h=\u00bb#3eb8d7&#8243; button_text_color_h=\u00bb#ffffff\u00bb animation_delay=\u00bb0&#8243;]TR\u00c1MITE DE ALTA PARA AFILIADOS POR SISTEMA ABIERTO[\/cmsmasters_button][cmsmasters_text shortcode_id=\u00bbl7j2x423w6&#8243; animation_delay=\u00bb0&#8243;]<\/p>\n<ul>\n<li><strong>OTRAS AFILIACIONES:<\/strong> pueden acceder a la afiliaci\u00f3n por jubilaci\u00f3n o pensi\u00f3n en tr\u00e1mite quienes iniciaron su tr\u00e1mite de jubilaci\u00f3n o pensi\u00f3n en la Caja de Jubilaciones y Pensiones de la Provincia de Santa Fe o de Municipios o Comunas adheridos. Por otro lado, los afiliados que posean el Certificado \u00danico de Discapacidad pueden tramitar la credencial como afiliado con discapacidad. En el caso de hijos con discapacidad, una vez realizado este tr\u00e1mite, le permite mantener la continuidad afiliatoria despu\u00e9s de cumplir los 21 a\u00f1os.<\/li>\n<\/ul>\n<p>[\/cmsmasters_text][cmsmasters_button shortcode_id=\u00bbx7pcphv20s\u00bb button_link=\u00bbhttp:\/\/www.iapossantafe.gob.ar\/afiliadosporjubilacionopensionentramite\/\u00bb button_target=\u00bbblank\u00bb button_text_align=\u00bbcenter\u00bb button_style=\u00bbcmsmasters_but_bg_hover\u00bb button_font_weight=\u00bbdefault\u00bb button_font_style=\u00bbdefault\u00bb button_text_transform=\u00bbdefault\u00bb button_border_style=\u00bbdefault\u00bb button_border_radius=\u00bb10px\u00bb button_text_color=\u00bb#3eb8d7&#8243; button_border_color=\u00bb#3eb8d7&#8243; button_bg_color_h=\u00bb#3eb8d7&#8243; button_text_color_h=\u00bb#ffffff\u00bb animation_delay=\u00bb0&#8243;]TR\u00c1MITE DE ALTA PARA AFILIADOS CON JUBILACION O PENSION EN TR\u00c1MITE[\/cmsmasters_button][cmsmasters_button shortcode_id=\u00bby5ycyvrj9i\u00bb button_link=\u00bbhttp:\/\/www.iapossantafe.gob.ar\/afiliadoscondiscapacidad\/\u00bb button_target=\u00bbblank\u00bb button_text_align=\u00bbcenter\u00bb button_style=\u00bbcmsmasters_but_bg_hover\u00bb button_font_weight=\u00bbdefault\u00bb button_font_style=\u00bbdefault\u00bb button_text_transform=\u00bbdefault\u00bb button_border_style=\u00bbdefault\u00bb button_border_radius=\u00bb10px\u00bb button_text_color=\u00bb#3eb8d7&#8243; button_border_color=\u00bb#3eb8d7&#8243; button_bg_color_h=\u00bb#3eb8d7&#8243; button_text_color_h=\u00bb#ffffff\u00bb animation_delay=\u00bb0&#8243;]TR\u00c1MITE DE ALTA PARA AFILIADOS CON DISCAPACIDAD[\/cmsmasters_button][cmsmasters_button shortcode_id=\u00bbx7pcphv20s\u00bb button_link=\u00bbhttp:\/\/www.iapossantafe.gob.ar\/afiliadosconlsgh\/\u00bb button_target=\u00bbblank\u00bb button_text_align=\u00bbcenter\u00bb button_style=\u00bbcmsmasters_but_bg_hover\u00bb button_font_weight=\u00bbdefault\u00bb button_font_style=\u00bbdefault\u00bb button_text_transform=\u00bbdefault\u00bb button_border_style=\u00bbdefault\u00bb button_border_radius=\u00bb10px\u00bb button_text_color=\u00bb#3eb8d7&#8243; button_border_color=\u00bb#3eb8d7&#8243; button_bg_color_h=\u00bb#3eb8d7&#8243; button_text_color_h=\u00bb#ffffff\u00bb animation_delay=\u00bb0&#8243;]TR\u00c1MITE DE ALTA PARA AFILIADOS CON LICENCIA SIN GOCE DE HABERES[\/cmsmasters_button][\/cmsmasters_column][\/cmsmasters_row]\n","protected":false},"excerpt":{"rendered":"<p>[cmsmasters_row data_padding_bottom=\u00bb70&#8243; data_padding_top=\u00bb70&#8243; data_bg_color=\u00bb#efefef\u00bb data_color=\u00bbdefault\u00bb data_bot_style=\u00bbdefault\u00bb data_top_style=\u00bbdefault\u00bb data_width=\u00bbboxed\u00bb data_shortcode_id=\u00bbf41225ba2a\u00bb][cmsmasters_column data_width=\u00bb1\/1&#8243;][cmsmasters_heading shortcode_id=\u00bbdf533e042d\u00bb type=\u00bbh1&#8243; font_size=\u00bb33&#8243; font_weight=\u00bbnormal\u00bb font_style=\u00bbnormal\u00bb text_align=\u00bbleft\u00bb color=\u00bb#09478d\u00bb margin_top=\u00bb0&#8243; margin_bottom=\u00bb15&#8243; animation=\u00bbfadeInLeft\u00bb animation_delay=\u00bb0&#8243;]AFILIACIONES: TIPOS Y TR\u00c1MITE DE ALTA [\/cmsmasters_heading] [cmsmasters_divider shortcode_id=\u00bbb0dbcd478c\u00bb width=\u00bbshort\u00bb height=\u00bb1&#8243; style=\u00bbsolid\u00bb position=\u00bbleft\u00bb color=\u00bb#09478d\u00bb margin_top=\u00bb10&#8243; margin_bottom=\u00bb25&#8243; animation_delay=\u00bb0&#8243;] [cmsmasters_text shortcode_id=\u00bb801592a0a0&#8243; animation=\u00bbfadeInLeft\u00bb animation_delay=\u00bb0&#8243;] La Obra Social posee distintas categor\u00edas afiliatorias las cuales se detallan a continuaci\u00f3n. Para&#8230;<\/p>\n","protected":false},"author":3190,"featured_media":0,"parent":0,"menu_order":0,"comment_status":"closed","ping_status":"closed","template":"","meta":{"_acf_changed":false,"footnotes":""},"class_list":["post-15450","page","type-page","status-publish","hentry"],"acf":[],"_links":{"self":[{"href":"https:\/\/www.santafe.gob.ar\/ms\/iapos-old\/wp-json\/wp\/v2\/pages\/15450","targetHints":{"allow":["GET"]}}],"collection":[{"href":"https:\/\/www.santafe.gob.ar\/ms\/iapos-old\/wp-json\/wp\/v2\/pages"}],"about":[{"href":"https:\/\/www.santafe.gob.ar\/ms\/iapos-old\/wp-json\/wp\/v2\/types\/page"}],"author":[{"embeddable":true,"href":"https:\/\/www.santafe.gob.ar\/ms\/iapos-old\/wp-json\/wp\/v2\/users\/3190"}],"replies":[{"embeddable":true,"href":"https:\/\/www.santafe.gob.ar\/ms\/iapos-old\/wp-json\/wp\/v2\/comments?post=15450"}],"version-history":[{"count":27,"href":"https:\/\/www.santafe.gob.ar\/ms\/iapos-old\/wp-json\/wp\/v2\/pages\/15450\/revisions"}],"predecessor-version":[{"id":15999,"href":"https:\/\/www.santafe.gob.ar\/ms\/iapos-old\/wp-json\/wp\/v2\/pages\/15450\/revisions\/15999"}],"wp:attachment":[{"href":"https:\/\/www.santafe.gob.ar\/ms\/iapos-old\/wp-json\/wp\/v2\/media?parent=15450"}],"curies":[{"name":"wp","href":"https:\/\/api.w.org\/{rel}","templated":true}]}}