{"id":15464,"date":"2021-03-31T12:12:47","date_gmt":"2021-03-31T15:12:47","guid":{"rendered":"http:\/\/www.iapossantafe.gob.ar\/?page_id=15464"},"modified":"2022-07-08T11:12:32","modified_gmt":"2022-07-08T14:12:32","slug":"afiliadosvoluntarios","status":"publish","type":"page","link":"https:\/\/www.santafe.gob.ar\/ms\/iapos-old\/afiliadosvoluntarios\/","title":{"rendered":"AFILIADOS VOLUNTARIOS"},"content":{"rendered":"[cmsmasters_row data_shortcode_id=\u00bbf41225ba2a\u00bb data_width=\u00bbboxed\u00bb data_top_style=\u00bbdefault\u00bb data_bot_style=\u00bbdefault\u00bb data_color=\u00bbdefault\u00bb data_bg_color=\u00bb#efefef\u00bb data_padding_top=\u00bb70&#8243; data_padding_bottom=\u00bb70&#8243;][cmsmasters_column data_width=\u00bb1\/1&#8243;][cmsmasters_heading shortcode_id=\u00bbdf533e042d\u00bb type=\u00bbh1&#8243; font_size=\u00bb33&#8243; font_weight=\u00bbnormal\u00bb font_style=\u00bbnormal\u00bb text_align=\u00bbleft\u00bb color=\u00bb#09478d\u00bb margin_top=\u00bb0&#8243; margin_bottom=\u00bb15&#8243; animation=\u00bbfadeInLeft\u00bb animation_delay=\u00bb0&#8243;]AFILIADOS VOLUNTARIOS[\/cmsmasters_heading]<\/p>\n<p>[cmsmasters_divider shortcode_id=\u00bbb0dbcd478c\u00bb width=\u00bbshort\u00bb height=\u00bb1&#8243; style=\u00bbsolid\u00bb position=\u00bbleft\u00bb color=\u00bb#09478d\u00bb margin_top=\u00bb10&#8243; margin_bottom=\u00bb25&#8243; animation_delay=\u00bb0&#8243;]<\/p>\n<p>[cmsmasters_text shortcode_id=\u00bb801592a0a0&#8243; animation=\u00bbfadeInLeft\u00bb animation_delay=\u00bb0&#8243;]<\/p>\n<p class=\"p1\"><span class=\"s1\">Pueden ser afiliados voluntarios aquellos familiares que est\u00e9n a exclusivo cargo del titular del IAPOS, que no posean beneficios sociales, ni efect\u00faen aportes previsionales seg\u00fan el siguiente detalle:<\/span><\/p>\n<p class=\"p1\"><span class=\"s1\">&#8211; Hijos\/as mayores de 21 a\u00f1os, solteros.<\/span><\/p>\n<p class=\"p1\"><span class=\"s1\">&#8211; Nietos\/as solteros hasta los 18 a\u00f1os, que carezcan tanto ellos como sus padres de cobertura de Obra Social. Se har\u00e1 extensiva hasta los 26 a\u00f1os cuando acrediten estar cursando estudios con certificado de alumno regular.<\/span><\/p>\n<p class=\"p1\"><span class=\"s1\">&#8211; Padres y padrastros (deben realizar la afiliaci\u00f3n antes de cumplir los 70 a\u00f1os)<\/span><\/p>\n<p class=\"p1\"><span class=\"s1\">&#8211; Suegros (deben realizar la afiliaci\u00f3n antes de cumplir los 70 a\u00f1os)<\/span><\/p>\n<p class=\"p1\"><span class=\"s1\">&#8211; Hijos de c\u00f3nyuge o conviviente, solteros hasta los 21 a\u00f1os. Se har\u00e1 extensiva hasta los 26 a\u00f1os cuando acrediten estar cursando estudios con certificado de alumno regular.<\/span><\/p>\n<p class=\"p1\"><span class=\"s1\">&#8211; Hermanos solteros hasta los 18 a\u00f1os. Se har\u00e1 extensiva hasta los 26 a\u00f1os cuando acrediten estar cursando estudios con certificado de alumno regular.<\/span><\/p>\n<p class=\"p1\"><span class=\"s1\">&#8211; Magistrados del Poder Judicial de la provincia de Santa Fe que opten voluntariamente por su incorporaci\u00f3n.<\/span><\/p>\n<p class=\"p1\"><span class=\"s1\">El aporte al IAPOS por cada afiliado voluntario ser\u00e1 del 2,25% del haber sujeto a descuentos del titular en actividad y del 2.75% para titulares pasivos, de acuerdo con lo establecido en la Ley de Emergencia Previsional N\u00b0 11.373.<\/span><\/p>\n<p>[\/cmsmasters_text][\/cmsmasters_column][\/cmsmasters_row][cmsmasters_row][cmsmasters_column data_width=\u00bb1\/1&#8243;][cmsmasters_text]<\/p>\n<h4><\/h4>\n<h4 class=\"p1\" style=\"text-align: center\"><strong>ALTA AFILIATORIA<\/strong><\/h4>\n<p>El tr\u00e1mite de afiliaci\u00f3n consta de dos pasos:<\/p>\n<ol>\n<li>Completar la Solicitud de Afiliaci\u00f3n a trav\u00e9s del Sistema de Autogesti\u00f3n Afiliatoria desde el link que est\u00e1 disponible en este tr\u00e1mite. Se debe completar una solicitud por cada beneficiario que se desee dar de alta.<\/li>\n<li>Presentar la ficha de Solicitud impresa por Duplicado y la documentaci\u00f3n respaldatoria seg\u00fan corresponda. <span class=\"s1\">Esta documentaci\u00f3n se debe entregar de manera presencial en los Centros de Atenci\u00f3n de la obra social a excepci\u00f3n de la Sede de la Ciudad de Rosario en la cual preferentemente se debe enviar por correo electr\u00f3nico a iaposafiliacionesrosario@santafe.gov.ar<\/span><\/li>\n<\/ol>\n<p>&nbsp;<\/p>\n<ul>\n<li><a class=\"links_subrayados\" href=\"https:\/\/www.santafe.gob.ar\/index.php\/web\/content\/download\/236731\/1246372\/\" target=\"_blank\" rel=\"noopener noreferrer\">Instructivo Sistema de Autogesti\u00f3n Afiliatoria.<\/a><\/li>\n<li><a class=\"links_subrayados\" href=\"https:\/\/www.santafe.gob.ar\/index.php\/web\/content\/download\/236732\/1246375\/\" target=\"_blank\" rel=\"noopener noreferrer\">Instructivo para habilitar las ventanas emergentes.<\/a><\/li>\n<\/ul>\n<p>&nbsp;<\/p>\n<p><strong>Documentaci\u00f3n a presentar<\/strong><\/p>\n<div>\n<ul>\n<li><b>Para la afiliaci\u00f3n de hijos <\/b><b>mayores de 21 a\u00f1os:<\/b>\n<ul>\n<li>Ficha de solicitud completa, generada a trav\u00e9s del\u00a0<a class=\"links_subrayados\" href=\"https:\/\/www.santafe.gob.ar\/tramites\/iapos-www\/servlet\/sfgeautowan\" target=\"_blank\" rel=\"noopener noreferrer\">Sistema de Autogesti\u00f3n Afiliatoria<\/a>, por duplicado.<\/li>\n<li>Ficha Declaraci\u00f3n Jurada para Voluntarios (se encuentra al pie del tr\u00e1mite).<\/li>\n<li>Fotocopia del Documento de Identidad del titular y del beneficiario.<\/li>\n<li>Copia certificada y actualizada de la Partida de Nacimiento del hijo, expedida por el Registro Civil.<\/li>\n<li>Certificaci\u00f3n Negativa de ANSES del voluntario.<\/li>\n<li>Fotocopia del \u00faltimo recibo de sueldo del titular.<\/li>\n<\/ul>\n<\/li>\n<\/ul>\n<ul>\n<li><b>Para la afiliaci\u00f3n de hijos\u00a0<\/b><b>hasta los 21 a\u00f1os del c\u00f3nyuge \/ conviviente<\/b><b>:<\/b>\n<ul>\n<li>Ficha de solicitud completa, generada a trav\u00e9s del\u00a0<a class=\"links_subrayados\" href=\"https:\/\/www.santafe.gob.ar\/tramites\/iapos-www\/servlet\/sfgeautowan\" target=\"_blank\" rel=\"noopener noreferrer\">Sistema de Autogesti\u00f3n Afiliatoria<\/a>, por duplicado.<\/li>\n<li>Ficha Declaraci\u00f3n Jurada para Voluntarios (se encuentra al pie del tr\u00e1mite).<\/li>\n<li>Fotocopia del Documento de Identidad del titular y del beneficiario.<\/li>\n<li>Copia certificada y actualizada de la Partida de Nacimiento del hijo, expedida por el Registro Civil.<\/li>\n<li>Certificaci\u00f3n Negativa de ANSES del voluntario y de ambos padres del voluntario a afiliar (debe renovarse anualmente antes del 31 de Mayo).<\/li>\n<li>Fotocopia del \u00faltimo recibo de sueldo del titular.<\/li>\n<li>El padre o madre del beneficiario a afiliar debe figurar como afiliado a cargo del titular que solicita la afiliaci\u00f3n.<\/li>\n<\/ul>\n<\/li>\n<\/ul>\n<ul>\n<li><b>Para la afiliaci\u00f3n de hijos con capacidades diferentes<\/b><b>\u00a0del c\u00f3nyuge \/ conviviente<\/b><b>:<\/b>\n<ul>\n<li>Ficha de solicitud completa, generada a trav\u00e9s del\u00a0<a class=\"links_subrayados\" href=\"https:\/\/www.santafe.gob.ar\/tramites\/iapos-www\/servlet\/sfgeautowan\" target=\"_blank\" rel=\"noopener noreferrer\">Sistema de Autogesti\u00f3n Afiliatoria<\/a>, por duplicado.<\/li>\n<li>Ficha Declaraci\u00f3n Jurada para Voluntarios (se encuentra al pie del tr\u00e1mite).<\/li>\n<li>Fotocopia del Documento de Identidad del titular y del beneficiario.<\/li>\n<li>Copia certificada y actualizada de la Partida de Nacimiento del hijo, expedida por el Registro Civil.<\/li>\n<li>Copia del Certificado de Discapacidad.<\/li>\n<li>Certificaci\u00f3n Negativa de ANSES del voluntario (debe renovarse anualmente antes del 31 de Mayo).<\/li>\n<li>Fotocopia del \u00faltimo recibo de sueldo del titular.<\/li>\n<li>S\u00f3lo podr\u00e1n afiliarse quienes posean antecedentes afiliatorios.<\/li>\n<\/ul>\n<\/li>\n<\/ul>\n<ul>\n<li><b>Para la afiliaci\u00f3n de hijos estudiantes<\/b><b> del c\u00f3nyuge \/ conviviente entre 21 y 26 a\u00f1os<\/b><b>:<\/b>\n<ul>\n<li>Ficha de solicitud completa, generada a trav\u00e9s del\u00a0<a class=\"links_subrayados\" href=\"https:\/\/www.santafe.gob.ar\/tramites\/iapos-www\/servlet\/sfgeautowan\" target=\"_blank\" rel=\"noopener noreferrer\">Sistema de Autogesti\u00f3n Afiliatoria<\/a>, por duplicado.<\/li>\n<li>Ficha Declaraci\u00f3n Jurada para Voluntarios (se encuentra al pie del tr\u00e1mite).<\/li>\n<li>Fotocopia del Documento de Identidad del titular y del beneficiario.<\/li>\n<li>Copia certificada y actualizada de la Partida de Nacimiento del voluntario, expedida por el Registro Civil.<\/li>\n<li>Certificaci\u00f3n Negativa de ANSES del voluntario (debe renovarse anualmente antes del 31 de Mayo).<\/li>\n<li>Certificado de alumno regular otorgado por Establecimiento Oficial o Incorporado a la ense\u00f1anza Oficial (debe renovarse anualmente antes del 31 de Mayo)<\/li>\n<li>Fotocopia del \u00faltimo recibo de sueldo del titular.<\/li>\n<li>S\u00f3lo podr\u00e1n afiliarse quienes posean antecedentes afiliatorios.<\/li>\n<\/ul>\n<\/li>\n<\/ul>\n<ul>\n<li><b>Para la afiliaci\u00f3n de hermanos hasta los 18 a\u00f1os<\/b><b>:<\/b>\n<ul>\n<li>Ficha de solicitud completa, generada a trav\u00e9s del\u00a0<a class=\"links_subrayados\" href=\"https:\/\/www.santafe.gob.ar\/tramites\/iapos-www\/servlet\/sfgeautowan\" target=\"_blank\" rel=\"noopener noreferrer\">Sistema de Autogesti\u00f3n Afiliatoria<\/a>, por duplicado.<\/li>\n<li>Ficha Declaraci\u00f3n Jurada para Voluntarios (se encuentra al pie del tr\u00e1mite).<\/li>\n<li>Fotocopia del Documento de Identidad del titular y del beneficiario.<\/li>\n<li>Copias certificadas y actualizadas de las Partidas de Nacimiento del titular y del voluntario, expedidas por el Registro Civil.<\/li>\n<li>Certificaci\u00f3n Negativa de ANSES del voluntario (debe renovarse anualmente antes del 31 de Mayo).<\/li>\n<li>Fotocopia del \u00faltimo recibo de sueldo del titular.<\/li>\n<\/ul>\n<\/li>\n<\/ul>\n<ul>\n<li><b>Para la afiliaci\u00f3n de hermanos estudiantes entre 18 y 26 a\u00f1os<\/b><b>:<\/b>\n<ul>\n<li>Ficha de solicitud completa, generada a trav\u00e9s del\u00a0<a class=\"links_subrayados\" href=\"https:\/\/www.santafe.gob.ar\/tramites\/iapos-www\/servlet\/sfgeautowan\" target=\"_blank\" rel=\"noopener noreferrer\">Sistema de Autogesti\u00f3n Afiliatoria<\/a>, por duplicado.<\/li>\n<li>Ficha Declaraci\u00f3n Jurada para Voluntarios (se encuentra al pie del tr\u00e1mite).<\/li>\n<li>Fotocopia del Documento de Identidad del titular y del beneficiario.<\/li>\n<li>Copias certificadas y actualizadas de las Partidas de Nacimiento del titular y del voluntario, expedidas por el Registro Civil.<\/li>\n<li>Certificaci\u00f3n Negativa de ANSES del voluntario (debe renovarse anualmente antes del 31 de Mayo).<\/li>\n<li>Certificado de alumno regular otorgado por Establecimiento Oficial o Incorporado a la ense\u00f1anza Oficial (debe renovarse anualmente antes del 31 de Mayo)<\/li>\n<li>Fotocopia del \u00faltimo recibo de sueldo del titular.<\/li>\n<\/ul>\n<\/li>\n<\/ul>\n<ul>\n<li><b>Para la afiliaci\u00f3n de nietos hasta los 18 a\u00f1os<\/b><b>:<\/b>\n<ul>\n<li>Ficha de solicitud completa, generada a trav\u00e9s del\u00a0<a class=\"links_subrayados\" href=\"https:\/\/www.santafe.gob.ar\/tramites\/iapos-www\/servlet\/sfgeautowan\" target=\"_blank\" rel=\"noopener noreferrer\">Sistema de Autogesti\u00f3n Afiliatoria<\/a>, por duplicado.<\/li>\n<li>Ficha Declaraci\u00f3n Jurada para Voluntarios (se encuentra al pie del tr\u00e1mite).<\/li>\n<li>Fotocopia del Documento de Identidad del titular y del beneficiario.<\/li>\n<li>Copias certificadas y actualizadas de las Partidas de Nacimiento del nieto y de la madre o padre que acredite el v\u00ednculo con el titular, expedidas por el Registro Civil.<\/li>\n<li>Certificaci\u00f3n Negativa de ANSES del voluntario y de los padres (debe renovarse anualmente antes del 31 de Mayo).<\/li>\n<li>Fotocopia del \u00faltimo recibo de sueldo del titular.<\/li>\n<\/ul>\n<\/li>\n<\/ul>\n<ul>\n<li><b>Para la afiliaci\u00f3n de nietos estudiantes entre 18 y 26 a\u00f1os<\/b><b>:<\/b>\n<ul>\n<li>Ficha de solicitud completa, generada a trav\u00e9s del\u00a0<a class=\"links_subrayados\" href=\"https:\/\/www.santafe.gob.ar\/tramites\/iapos-www\/servlet\/sfgeautowan\" target=\"_blank\" rel=\"noopener noreferrer\">Sistema de Autogesti\u00f3n Afiliatoria<\/a>, por duplicado.<\/li>\n<li>Ficha Declaraci\u00f3n Jurada para Voluntarios (se encuentra al pie del tr\u00e1mite).<\/li>\n<li>Fotocopia del Documento de Identidad del titular y del beneficiario.<\/li>\n<li>Copias certificadas y actualizadas de las Partidas de Nacimiento del nieto y de la madre o padre que acrediten el v\u00ednculo con el titular, expedidas por el Registro Civil.<\/li>\n<li>Certificaci\u00f3n Negativa de ANSES del voluntario y de los padres (debe renovarse anualmente antes del 31 de Mayo).<\/li>\n<li>Certificado de alumno regular otorgado por Establecimiento Oficial o Incorporado a la ense\u00f1anza Oficial (debe renovarse anualmente antes del 31 de Mayo)<\/li>\n<li>Fotocopia del \u00faltimo recibo de sueldo del titular.<\/li>\n<\/ul>\n<\/li>\n<\/ul>\n<ul>\n<li><b>Para la afiliaci\u00f3n de los padres menores de 70 a\u00f1os del titular:<\/b>\n<ul>\n<li>Ficha de solicitud completa, generada a trav\u00e9s del\u00a0<a class=\"links_subrayados\" href=\"https:\/\/www.santafe.gob.ar\/tramites\/iapos-www\/servlet\/sfgeautowan\" target=\"_blank\" rel=\"noopener noreferrer\">Sistema de Autogesti\u00f3n Afiliatoria<\/a>, por duplicado.<\/li>\n<li>Ficha Declaraci\u00f3n Jurada para Voluntarios (se encuentra al pie del tr\u00e1mite).<\/li>\n<li>Copia certificada y actualizada de la Partida de Nacimiento del Titular, expedida por el Registro Civil.<\/li>\n<li>Certificaci\u00f3n Negativa de ANSES del voluntario.<\/li>\n<li>Fotocopia del Documento de Identidad del Titular y del Beneficiario.<\/li>\n<li>Fotocopia del \u00faltimo recibo de sueldo del titular.<\/li>\n<\/ul>\n<\/li>\n<\/ul>\n<ul>\n<li><b>Para la afiliaci\u00f3n de los suegros menores de 70 a\u00f1os del titular:<\/b>\n<ul>\n<li>Ficha de solicitud completa, generada a trav\u00e9s del\u00a0<a class=\"links_subrayados\" href=\"https:\/\/www.santafe.gob.ar\/tramites\/iapos-www\/servlet\/sfgeautowan\" target=\"_blank\" rel=\"noopener noreferrer\">Sistema de Autogesti\u00f3n Afiliatoria<\/a>, por duplicado.<\/li>\n<li>Ficha Declaraci\u00f3n Jurada para Voluntarios (se encuentra al pie del tr\u00e1mite).<\/li>\n<li>Copia certificada y actualizada del Acta de Matrimonio.<\/li>\n<li>Copia certificada y actualizada de la Partida de Nacimiento del C\u00f3nyuge del Titular, expedida por el Registro Civil.<\/li>\n<li>Certificaci\u00f3n Negativa de ANSES del voluntario.<\/li>\n<li>Fotocopia del Documento de Identidad del Titular y del Beneficiario.<\/li>\n<li>Fotocopia del \u00faltimo recibo de sueldo del titular.<\/li>\n<\/ul>\n<\/li>\n<\/ul>\n<ul>\n<li><b>Para la afiliaci\u00f3n del padrastro\/madrastra menores de 70 a\u00f1os del titular:<\/b>\n<ul>\n<li>Ficha de solicitud completa, generada a trav\u00e9s del\u00a0<a class=\"links_subrayados\" href=\"https:\/\/www.santafe.gob.ar\/tramites\/iapos-www\/servlet\/sfgeautowan\" target=\"_blank\" rel=\"noopener noreferrer\">Sistema de Autogesti\u00f3n Afiliatoria<\/a>, por duplicado.<\/li>\n<li>Ficha Declaraci\u00f3n Jurada para Voluntarios (se encuentra al pie del tr\u00e1mite).<\/li>\n<li>Copia certificada y actualizada del Acta de Matrimonio de la madre o del padre del titular, expedida por el Registro Civil.<\/li>\n<li>Copia certificada y actualizada de la Partida de Nacimiento del Titular, expedida por el Registro Civil.<\/li>\n<li>Certificaci\u00f3n Negativa de ANSES del voluntario.<\/li>\n<li>Fotocopia del Documento de Identidad del Titular y del Beneficiario.<\/li>\n<li>Fotocopia del \u00faltimo recibo de sueldo del titular.<\/li>\n<\/ul>\n<\/li>\n<\/ul>\n<\/div>\n<p>&nbsp;<\/p>\n<p class=\"agrandableTitulo\"><strong>Observaciones<\/strong><\/p>\n<ul>\n<li><a href=\"http:\/\/www.iapossantafe.gob.ar\/wp-content\/uploads\/sites\/26\/2021\/01\/FICHA-AFILIATORIA-VOLUNTARIOS-2021.pdf\" target=\"_blank\" rel=\"noopener noreferrer\">Ficha Declaraci\u00f3n Jurada para Voluntarios<\/a><\/li>\n<li>Se recuerda que los hijos que se encuentren estudiando podr\u00e1n permanecer dentro del grupo familiar primario como afiliados obligatorios hasta los 25 a\u00f1os.<\/li>\n<li>En todos los casos, la Certificaci\u00f3n Negativa de ANSES deber\u00e1 presentarse anualmente antes del 31 de mayo. En los casos que corresponda, se deber\u00e1 presentar tambi\u00e9n antes del 31 de mayo el certificado de alumno regular.<\/li>\n<li>Cuando no exista continuidad afiliatoria, los afiliados voluntarios deber\u00e1n observar carencia de tres meses de aportes, es decir que podr\u00e1 utilizar la cobertura de la obra social luego de que se verifiquen tres descuentos del aporte por dicho voluntario en el recibo de sueldo del titular.<\/li>\n<li>En caso de requerir modificaci\u00f3n de datos afiliatorios por cambio de identidad corresponder\u00e1 presentar copia de la Partida de Nacimiento actualizada y certificada por el Registro Civil y fotocopia del nuevo DNI certificada por Poder Judicial o Escribano P\u00fablico.<\/li>\n<\/ul>\n<p>[\/cmsmasters_text][\/cmsmasters_column][\/cmsmasters_row]\n","protected":false},"excerpt":{"rendered":"<p>[cmsmasters_row data_shortcode_id=\u00bbf41225ba2a\u00bb data_width=\u00bbboxed\u00bb data_top_style=\u00bbdefault\u00bb data_bot_style=\u00bbdefault\u00bb data_color=\u00bbdefault\u00bb data_bg_color=\u00bb#efefef\u00bb data_padding_top=\u00bb70&#8243; data_padding_bottom=\u00bb70&#8243;][cmsmasters_column data_width=\u00bb1\/1&#8243;][cmsmasters_heading shortcode_id=\u00bbdf533e042d\u00bb type=\u00bbh1&#8243; font_size=\u00bb33&#8243; font_weight=\u00bbnormal\u00bb font_style=\u00bbnormal\u00bb text_align=\u00bbleft\u00bb color=\u00bb#09478d\u00bb margin_top=\u00bb0&#8243; margin_bottom=\u00bb15&#8243; animation=\u00bbfadeInLeft\u00bb animation_delay=\u00bb0&#8243;]AFILIADOS VOLUNTARIOS[\/cmsmasters_heading] [cmsmasters_divider shortcode_id=\u00bbb0dbcd478c\u00bb width=\u00bbshort\u00bb height=\u00bb1&#8243; style=\u00bbsolid\u00bb position=\u00bbleft\u00bb color=\u00bb#09478d\u00bb margin_top=\u00bb10&#8243; margin_bottom=\u00bb25&#8243; animation_delay=\u00bb0&#8243;] [cmsmasters_text shortcode_id=\u00bb801592a0a0&#8243; animation=\u00bbfadeInLeft\u00bb animation_delay=\u00bb0&#8243;] Pueden ser afiliados voluntarios aquellos familiares que est\u00e9n a exclusivo cargo del titular del IAPOS, que no posean beneficios&#8230;<\/p>\n","protected":false},"author":239,"featured_media":0,"parent":0,"menu_order":0,"comment_status":"closed","ping_status":"closed","template":"","meta":{"_acf_changed":false,"footnotes":""},"class_list":["post-15464","page","type-page","status-publish","hentry"],"acf":[],"_links":{"self":[{"href":"https:\/\/www.santafe.gob.ar\/ms\/iapos-old\/wp-json\/wp\/v2\/pages\/15464","targetHints":{"allow":["GET"]}}],"collection":[{"href":"https:\/\/www.santafe.gob.ar\/ms\/iapos-old\/wp-json\/wp\/v2\/pages"}],"about":[{"href":"https:\/\/www.santafe.gob.ar\/ms\/iapos-old\/wp-json\/wp\/v2\/types\/page"}],"author":[{"embeddable":true,"href":"https:\/\/www.santafe.gob.ar\/ms\/iapos-old\/wp-json\/wp\/v2\/users\/239"}],"replies":[{"embeddable":true,"href":"https:\/\/www.santafe.gob.ar\/ms\/iapos-old\/wp-json\/wp\/v2\/comments?post=15464"}],"version-history":[{"count":11,"href":"https:\/\/www.santafe.gob.ar\/ms\/iapos-old\/wp-json\/wp\/v2\/pages\/15464\/revisions"}],"predecessor-version":[{"id":15888,"href":"https:\/\/www.santafe.gob.ar\/ms\/iapos-old\/wp-json\/wp\/v2\/pages\/15464\/revisions\/15888"}],"wp:attachment":[{"href":"https:\/\/www.santafe.gob.ar\/ms\/iapos-old\/wp-json\/wp\/v2\/media?parent=15464"}],"curies":[{"name":"wp","href":"https:\/\/api.w.org\/{rel}","templated":true}]}}