{"id":15465,"date":"2021-03-31T12:32:11","date_gmt":"2021-03-31T15:32:11","guid":{"rendered":"http:\/\/www.iapossantafe.gob.ar\/?page_id=15465"},"modified":"2022-08-22T10:20:23","modified_gmt":"2022-08-22T13:20:23","slug":"afiliadosdeorgadheridos","status":"publish","type":"page","link":"https:\/\/www.santafe.gob.ar\/ms\/iapos-old\/afiliadosdeorgadheridos\/","title":{"rendered":"AFILIADOS DE ORGANISMOS ADHERIDOS"},"content":{"rendered":"[cmsmasters_row data_padding_bottom=\u00bb70&#8243; data_padding_top=\u00bb70&#8243; data_bg_color=\u00bb#efefef\u00bb data_color=\u00bbdefault\u00bb data_bot_style=\u00bbdefault\u00bb data_top_style=\u00bbdefault\u00bb data_width=\u00bbboxed\u00bb data_shortcode_id=\u00bbf41225ba2a\u00bb][cmsmasters_column data_width=\u00bb1\/1&#8243;][cmsmasters_heading shortcode_id=\u00bbdf533e042d\u00bb type=\u00bbh1&#8243; font_size=\u00bb33&#8243; font_weight=\u00bbnormal\u00bb font_style=\u00bbnormal\u00bb text_align=\u00bbleft\u00bb color=\u00bb#09478d\u00bb margin_top=\u00bb0&#8243; margin_bottom=\u00bb15&#8243; animation=\u00bbfadeInLeft\u00bb animation_delay=\u00bb0&#8243;]AFILIADOS DE ORGANISMOS ADHERIDOS[\/cmsmasters_heading]<\/p>\n<p>[cmsmasters_divider shortcode_id=\u00bbb0dbcd478c\u00bb width=\u00bbshort\u00bb height=\u00bb1&#8243; style=\u00bbsolid\u00bb position=\u00bbleft\u00bb color=\u00bb#09478d\u00bb margin_top=\u00bb10&#8243; margin_bottom=\u00bb25&#8243; animation_delay=\u00bb0&#8243;]<\/p>\n<p>[cmsmasters_text shortcode_id=\u00bb801592a0a0&#8243; animation=\u00bbfadeInLeft\u00bb animation_delay=\u00bb0&#8243;]<\/p>\n<p>Pueden ser afiliados del IAPOS por organismos adheridos, los empleados de Municipios y Comunas de la Provincia de Santa Fe que hayan suscripto convenio con la Obra Social y sus respectivas Cajas de Jubilaciones y Pensiones; como as\u00ed tambi\u00e9n el personal de instituciones con personer\u00eda jur\u00eddica, gremial, mutual y an\u00e1logas, que hayan suscripto convenio con la Obra Social.<\/p>\n<p>Asimismo, pueden afiliarse para acceder a los servicios de la obra social los ex-presos pol\u00edticos y su grupo familiar primario, y las madres de hijos desaparecidos.<\/p>\n<p>[\/cmsmasters_text][\/cmsmasters_column][\/cmsmasters_row][cmsmasters_row][cmsmasters_column data_width=\u00bb1\/1&#8243;][cmsmasters_text]<\/p>\n<p>&nbsp;<\/p>\n<h4 style=\"text-align: center\"><strong>ALTA AFILIATORIA<\/strong><\/h4>\n<p>El tr\u00e1mite de afiliaci\u00f3n consta de dos pasos:<\/p>\n<ol>\n<li>Completar la Solicitud de Afiliaci\u00f3n a trav\u00e9s del Sistema de Autogesti\u00f3n Afiliatoria desde el link que est\u00e1 disponible en este tr\u00e1mite. Se debe completar una solicitud por cada beneficiario que se desee dar de alta.<\/li>\n<li>Presentar, en el Municipio, Comuna o Instituci\u00f3n Adherida por la cual pueden afiliarse al IAPOS, la ficha de Solicitud impresa por Duplicado<b>\u00a0firmada por el titular y el Responsable de la Repartici\u00f3n<\/b>\u00a0y la documentaci\u00f3n respaldatoria seg\u00fan corresponda.<\/li>\n<\/ol>\n<p>&nbsp;<\/p>\n<p class=\"agrandableTitulo\"><strong>Documentaci\u00f3n\u00a0<\/strong><\/p>\n<div>\n<p>Para el <strong>alta del titular<\/strong> de la obra social se deber\u00e1 presentar:<\/p>\n<ul>\n<li>Ficha de solicitud completa, generada a trav\u00e9s del\u00a0<a class=\"links_subrayados\" href=\"https:\/\/www.santafe.gob.ar\/tramites\/iapos-www\/servlet\/sfgeautowan\" target=\"_blank\" rel=\"noopener noreferrer\">Sistema de Autogesti\u00f3n Afiliatoria<\/a>, por duplicado firmada\u00a0<b>por el titular y el Responsable de la Repartici\u00f3n.<\/b><\/li>\n<li>Fotocopia del Documento de Identidad anverso y reverso.<\/li>\n<li>Fotocopia de los \u00faltimos tres recibos de sueldo o comprobante del pago de cuotas.<\/li>\n<\/ul>\n<p>Para incorporar <strong>miembros del grupo familiar<\/strong>:<\/p>\n<ul>\n<li><b>Para la afiliaci\u00f3n del c\u00f3nyuge\/conviviente:<\/b>\n<ul>\n<li>Ficha de solicitud completa, generada a trav\u00e9s del\u00a0<a class=\"links_subrayados\" href=\"https:\/\/www.santafe.gob.ar\/tramites\/iapos-www\/servlet\/sfgeautowan\" target=\"_blank\" rel=\"noopener noreferrer\">Sistema de Autogesti\u00f3n Afiliatoria<\/a>, por duplicado firmada por el titular y el Responsable de la Repartici\u00f3n.<\/li>\n<li>Copia certificada y actualizada del Acta de Matrimonio o del Acta Convivencial expedida por el Registro Civil (en caso de conviviente) o Sumaria Informaci\u00f3n.<\/li>\n<li>Fotocopia del Documento de Identidad del Titular y del Beneficiario.<\/li>\n<li>Fotocopia simple del \u00faltimo recibo de sueldo del titular o comprobante del pago de cuotas.<\/li>\n<\/ul>\n<\/li>\n<\/ul>\n<ul>\n<li><b>Para la afiliaci\u00f3n de hijos menores de 21 a\u00f1os:<\/b>\n<ul>\n<li>Ficha de solicitud completa, generada a trav\u00e9s del\u00a0<a class=\"links_subrayados\" href=\"https:\/\/www.santafe.gob.ar\/tramites\/iapos-www\/servlet\/sfgeautowan\" target=\"_blank\" rel=\"noopener noreferrer\">Sistema de Autogesti\u00f3n Afiliatoria<\/a>, por duplicado firmada por el titular y el Responsable de la Repartici\u00f3n.<\/li>\n<li>Copia certificada y actualizada de la Partida de Nacimiento del beneficiario expedida por el Registro Civil.<\/li>\n<li>Fotocopia del Documento de Identidad del Titular y del Beneficiario.<\/li>\n<li>Fotocopia simple del \u00faltimo recibo de sueldo del titular o comprobante del pago de cuotas .<\/li>\n<\/ul>\n<\/li>\n<\/ul>\n<ul>\n<li><b>Para la afiliaci\u00f3n de hijos con capacidades diferentes:<\/b>\n<ul>\n<li>Ficha de solicitud completa, generada a trav\u00e9s del\u00a0<a class=\"links_subrayados\" href=\"https:\/\/www.santafe.gob.ar\/tramites\/iapos-www\/servlet\/sfgeautowan\" target=\"_blank\" rel=\"noopener noreferrer\">Sistema de Autogesti\u00f3n Afiliatoria<\/a>, por duplicado firmada por el titular y el Responsable de la Repartici\u00f3n.<\/li>\n<li>Copia certificada y actualizada de la Partida de Nacimiento del beneficiario expedida por el Registro Civil.<\/li>\n<li>Copia del Certificado de Discapacidad.<\/li>\n<li>Fotocopia del Documento de Identidad del Titular y del Beneficiario.<\/li>\n<li>Fotocopia simple del \u00faltimo recibo de sueldo del titular o comprobante del pago de cuotas .<\/li>\n<li>En caso de ser mayor de 21 a\u00f1os y soltero, se deber\u00e1 presentar la Declaraci\u00f3n Jurada para hijos mayores de 21 a\u00f1os con discapacidad. (se encuentra al pie del tr\u00e1mite)<\/li>\n<\/ul>\n<\/li>\n<\/ul>\n<ul>\n<li><b>Para la afiliaci\u00f3n de hijos estudiantes entre 21 y 25 a\u00f1os:<\/b>\n<ul>\n<li>Ficha de solicitud completa, generada a trav\u00e9s del\u00a0<a class=\"links_subrayados\" href=\"https:\/\/www.santafe.gob.ar\/tramites\/iapos-www\/servlet\/sfgeautowan\" target=\"_blank\" rel=\"noopener noreferrer\">Sistema de Autogesti\u00f3n Afiliatoria<\/a>, por duplicado firmada por el titular y el Responsable de la Repartici\u00f3n.<\/li>\n<li>Ficha Declaraci\u00f3n Jurada para Hijos Estudiantes a cargo del titular (se encuentra al pie del tr\u00e1mite).<\/li>\n<li>Fotocopia del Documento de Identidad del titular y del beneficiario.<\/li>\n<li>Copia certificada y actualizada de la Partida de Nacimiento del hijo estudiante, expedida por el Registro Civil.<\/li>\n<li>Certificaci\u00f3n Negativa de ANSES del hijo estudiante (debe renovarse anualmente antes del 31 de Mayo).<\/li>\n<li>Certificado de alumno regular otorgado por Establecimiento Oficial o Incorporado a la ense\u00f1anza Oficial (debe renovarse anualmente antes del 31 de Mayo)<\/li>\n<li>Fotocopia simple del \u00faltimo recibo de cobro del titular o comprobante del pago de cuotas.<\/li>\n<\/ul>\n<\/li>\n<\/ul>\n<ul>\n<li><b>Para la afiliaci\u00f3n de menores en adopci\u00f3n:<\/b>\n<ul>\n<li>Ficha de solicitud completa, generada a trav\u00e9s del\u00a0<a class=\"links_subrayados\" href=\"https:\/\/www.santafe.gob.ar\/tramites\/iapos-www\/servlet\/sfgeautowan\" target=\"_blank\" rel=\"noopener noreferrer\">Sistema de Autogesti\u00f3n Afiliatoria<\/a>, por duplicado firmada por el titular y el Responsable de la Repartici\u00f3n.<\/li>\n<li>Fotocopia certificada por el Juzgado otorgante de la Resoluci\u00f3n Judicial de la adopci\u00f3n del menor<\/li>\n<li>Copia legalizada por Registro Civil de la Partida de Nacimiento, o en caso de no tenerla fotocopia del Documento de Identidad (anverso y reverso)<\/li>\n<li>Fotocopia simple del \u00faltimo recibo de cobro del titular o comprobante del pago de cuotas.<\/li>\n<\/ul>\n<\/li>\n<\/ul>\n<ul>\n<li><b>Para la afiliaci\u00f3n de\u00a0\u00a0ex-presos pol\u00edticos:<\/b>\n<ul>\n<li>Cumplimentar ficha afiliatoria (adjuntar foto)<\/li>\n<li>Fotocopia certificada de documentos de identidad del titular y beneficiarios a afiliar (c\u00f3nyuge o conviviente e hijos menores de 21 a\u00f1os o hasta los 25 a\u00f1os cuando acrediten estar cursando estudios y no posean otra obra social y menores bajo guarda con fines preadoptivos o tutela a cargo del titular o su c\u00f3nyuge o conviviente, por decisi\u00f3n judicial)<\/li>\n<li>Acta de matrimonio actualizada y certificada por Registro Civil o Acta de Registraci\u00f3n de la Uni\u00f3n Convivencial actualizada y certificada por Registro Civil o Sumaria informaci\u00f3n (para la afiliaci\u00f3n de c\u00f3nyuge o conviviente)<\/li>\n<li>Acta de Nacimiento actualizada y certificada por el Registro Civil de los hijos menores de 21 a\u00f1os o hasta los 25 a\u00f1os a afiliar.<\/li>\n<li>Fotocopia de los tres \u00faltimos recibos de Pensi\u00f3n. En caso de percibir tres haberes en un s\u00f3lo recibo, adjuntar solo \u00e9se.<\/li>\n<li>Completar el formulario de alta o renuncia al servicio complementario seg\u00fan corresponde.<\/li>\n<li>De no contar con el descuento de la Obra Social, se deber\u00e1 adjuntar nota solicitando se generen los descuentos correspondientes a IAPOS.<\/li>\n<\/ul>\n<\/li>\n<\/ul>\n<ul>\n<li><b>Para la afiliaci\u00f3n de\u00a0 madres de hijos desaparecidos:<\/b>\n<ul>\n<li>Cumplimentar ficha afiliatoria (adjuntar foto)<\/li>\n<li>Fotocopia certificada de documento de identidad de la Pensionada<\/li>\n<li>Fotocopia de los tres \u00faltimos recibos de Pensi\u00f3n. En caso de percibir tres haberes en un s\u00f3lo recibo, adjuntar solo \u00e9se.<\/li>\n<li>Completar el formulario de alta o renuncia al servicio complementario seg\u00fan corresponde.<\/li>\n<li>De no contar con el descuento de la Obra Social, se deber\u00e1 adjuntar nota solicitando se generen los descuentos correspondientes a IAPOS.<\/li>\n<\/ul>\n<\/li>\n<\/ul>\n<\/div>\n<p>&nbsp;<\/p>\n<p><b>IAPOS (Instituto Aut\u00e1rquico Provincial de Obra Social)<\/b><br \/>\nConsultar los centros de atenci\u00f3n en toda la provincia.<\/p>\n<p><b>Santa Fe<\/b><br \/>\nOficina Organismos Adheridos: San Mart\u00edn 3145 &#8211; (3000) &#8211; 0342 &#8211; 4846353 Interno 36253\/36254<\/p>\n<p>Atenci\u00f3n: de lunes a viernes de 7:30 a 13 hs E-mail: <a href=\"mailto:iapos_orgade@santafe.gov.ar\" target=\"_blank\" rel=\"noopener noreferrer\">iapos_orgade@santafe.gov.ar<\/a><\/p>\n<p class=\"agrandableTitulo\"><strong>Observaciones:<\/strong><\/p>\n<p>El titular puede realizar el tr\u00e1mite afiliatorio luego de cumplir una carencia de 3 (tres) meses, es decir, debe contar con tres descuentos de IAPOS en sus recibos de haberes o comprobante del pago de cuotas.<\/p>\n<p>Ante la solicitud de afiliaci\u00f3n de conviviente la obra social verificar\u00e1 que no se haya realizado previamente la afiliaci\u00f3n de un c\u00f3nyuge o conviviente. En ese caso se denegar\u00e1 la nueva afiliaci\u00f3n hasta que se regularice el estado civil del titular.<\/p>\n<p>En caso de requerir modificaci\u00f3n de datos afiliatorios por cambio de identidad corresponder\u00e1 presentar copia de la Partida de Nacimiento actualizada y certificada por el Registro Civil y fotocopia del nuevo DNI.<\/p>\n<p class=\"p1\"><a href=\"https:\/\/www.santafe.gob.ar\/ms\/iapos\/wp-content\/uploads\/sites\/26\/2019\/04\/Ficha-Declaracio\u0301n-Jurada-para-hijos-estudiantes-entre-21-y-25-an\u0303os.pdf\" target=\"_blank\" rel=\"noopener noreferrer\"><span class=\"s1\">Ficha declaraci\u00f3n jurada para hijos estudiantes<\/span><\/a><\/p>\n<p><a class=\"links_subrayados\" href=\"http:\/\/www.iapossantafe.gob.ar\/wp-content\/uploads\/sites\/26\/2021\/11\/FICHA-AFILIADOS-DISCAPACITADOS.pdf\" target=\"_blank\" rel=\"noopener noreferrer\">Formulario de declaraci\u00f3n jurada para hijos mayores de 21 a\u00f1os con discapacidad<\/a><\/p>\n<p><a class=\"links_subrayados\" href=\"https:\/\/www.santafe.gob.ar\/index.php\/web\/content\/download\/236731\/1246372\/\" target=\"_blank\" rel=\"noopener noreferrer\">Instructivo PDF Sistema de Autogesti\u00f3n Afiliatoria.\u00a0<\/a>&#8211;\u00a0<a class=\"links_subrayados\" href=\"https:\/\/youtu.be\/IlZ0mugaKD4\" target=\"_self\" rel=\"noopener noreferrer\">Video Tutorial<\/a><\/p>\n<p><a class=\"links_subrayados\" href=\"https:\/\/www.santafe.gob.ar\/index.php\/web\/content\/download\/236732\/1246375\/\" target=\"_blank\" rel=\"noopener noreferrer\">Instructivo para habilitar las ventanas emergentes.<\/a><\/p>\n<p>&nbsp;<\/p>\n<p>&nbsp;<\/p>\n<p>[\/cmsmasters_text][\/cmsmasters_column][\/cmsmasters_row]\n","protected":false},"excerpt":{"rendered":"<p>[cmsmasters_row data_padding_bottom=\u00bb70&#8243; data_padding_top=\u00bb70&#8243; data_bg_color=\u00bb#efefef\u00bb data_color=\u00bbdefault\u00bb data_bot_style=\u00bbdefault\u00bb data_top_style=\u00bbdefault\u00bb data_width=\u00bbboxed\u00bb data_shortcode_id=\u00bbf41225ba2a\u00bb][cmsmasters_column data_width=\u00bb1\/1&#8243;][cmsmasters_heading shortcode_id=\u00bbdf533e042d\u00bb type=\u00bbh1&#8243; font_size=\u00bb33&#8243; font_weight=\u00bbnormal\u00bb font_style=\u00bbnormal\u00bb text_align=\u00bbleft\u00bb color=\u00bb#09478d\u00bb margin_top=\u00bb0&#8243; margin_bottom=\u00bb15&#8243; animation=\u00bbfadeInLeft\u00bb animation_delay=\u00bb0&#8243;]AFILIADOS DE ORGANISMOS ADHERIDOS[\/cmsmasters_heading] [cmsmasters_divider shortcode_id=\u00bbb0dbcd478c\u00bb width=\u00bbshort\u00bb height=\u00bb1&#8243; style=\u00bbsolid\u00bb position=\u00bbleft\u00bb color=\u00bb#09478d\u00bb margin_top=\u00bb10&#8243; margin_bottom=\u00bb25&#8243; animation_delay=\u00bb0&#8243;] [cmsmasters_text shortcode_id=\u00bb801592a0a0&#8243; animation=\u00bbfadeInLeft\u00bb animation_delay=\u00bb0&#8243;] Pueden ser afiliados del IAPOS por organismos adheridos, los empleados de Municipios y Comunas de la Provincia&#8230;<\/p>\n","protected":false},"author":239,"featured_media":0,"parent":0,"menu_order":0,"comment_status":"closed","ping_status":"closed","template":"","meta":{"_acf_changed":false,"footnotes":""},"class_list":["post-15465","page","type-page","status-publish","hentry"],"acf":[],"_links":{"self":[{"href":"https:\/\/www.santafe.gob.ar\/ms\/iapos-old\/wp-json\/wp\/v2\/pages\/15465","targetHints":{"allow":["GET"]}}],"collection":[{"href":"https:\/\/www.santafe.gob.ar\/ms\/iapos-old\/wp-json\/wp\/v2\/pages"}],"about":[{"href":"https:\/\/www.santafe.gob.ar\/ms\/iapos-old\/wp-json\/wp\/v2\/types\/page"}],"author":[{"embeddable":true,"href":"https:\/\/www.santafe.gob.ar\/ms\/iapos-old\/wp-json\/wp\/v2\/users\/239"}],"replies":[{"embeddable":true,"href":"https:\/\/www.santafe.gob.ar\/ms\/iapos-old\/wp-json\/wp\/v2\/comments?post=15465"}],"version-history":[{"count":7,"href":"https:\/\/www.santafe.gob.ar\/ms\/iapos-old\/wp-json\/wp\/v2\/pages\/15465\/revisions"}],"predecessor-version":[{"id":15899,"href":"https:\/\/www.santafe.gob.ar\/ms\/iapos-old\/wp-json\/wp\/v2\/pages\/15465\/revisions\/15899"}],"wp:attachment":[{"href":"https:\/\/www.santafe.gob.ar\/ms\/iapos-old\/wp-json\/wp\/v2\/media?parent=15465"}],"curies":[{"name":"wp","href":"https:\/\/api.w.org\/{rel}","templated":true}]}}