{"id":15542,"date":"2021-05-05T13:58:48","date_gmt":"2021-05-05T16:58:48","guid":{"rendered":"http:\/\/www.iapossantafe.gob.ar\/?page_id=15542"},"modified":"2023-04-04T11:53:12","modified_gmt":"2023-04-04T14:53:12","slug":"vacunacion2023","status":"publish","type":"page","link":"https:\/\/www.santafe.gob.ar\/ms\/iapos-old\/vacunacion2023\/","title":{"rendered":"VACUNACI\u00d3N ANTIGRIPAL 2023 &#8211; INSCRIPCI\u00d3N"},"content":{"rendered":"[cmsmasters_row data_shortcode_id=\u00bbf41225ba2a\u00bb data_width=\u00bbboxed\u00bb data_top_style=\u00bbdefault\u00bb data_bot_style=\u00bbdefault\u00bb data_color=\u00bbdefault\u00bb data_bg_color=\u00bb#efefef\u00bb data_padding_top=\u00bb70&#8243; data_padding_bottom=\u00bb70&#8243;][cmsmasters_column data_width=\u00bb1\/1&#8243;][cmsmasters_heading shortcode_id=\u00bbdf533e042d\u00bb type=\u00bbh1&#8243; font_size=\u00bb33&#8243; font_weight=\u00bbnormal\u00bb font_style=\u00bbnormal\u00bb text_align=\u00bbleft\u00bb color=\u00bb#09478d\u00bb margin_top=\u00bb0&#8243; margin_bottom=\u00bb15&#8243; animation=\u00bbfadeInLeft\u00bb animation_delay=\u00bb0&#8243;]VACUNACI\u00d3N ANTIGRIPAL 2023 &#8211; INSCRIPCI\u00d3N[\/cmsmasters_heading]<\/p>\n<p>[cmsmasters_divider shortcode_id=\u00bbb0dbcd478c\u00bb width=\u00bbshort\u00bb height=\u00bb1&#8243; style=\u00bbsolid\u00bb position=\u00bbleft\u00bb color=\u00bb#09478d\u00bb margin_top=\u00bb10&#8243; margin_bottom=\u00bb25&#8243; animation_delay=\u00bb0&#8243;]<\/p>\n<p>[cmsmasters_text shortcode_id=\u00bb801592a0a0&#8243; animation=\u00bbfadeInLeft\u00bb animation_delay=\u00bb0&#8243;]<\/p>\n<p>Desde el 3 de abril se encuentra abierta la inscripci\u00f3n para la vacunaci\u00f3n antigripal 2023 pudiendo acceder a la misma los afiliados mayores de 65 a\u00f1os y menores de esa edad que se encuentren comprendidos en grupos de riesgo.<\/p>\n<p>El turno puede solicitarse desde:<br \/>\n&#8211; la p\u00e1gina web <a href=\"http:\/\/www.farmaiapos.com.ar\/\" target=\"_blank\" rel=\"noopener noreferrer\">ingresando aqu\u00ed<\/a><br \/>\n&#8211; las farmacias adheridas a la campa\u00f1a <a href=\"http:\/\/www.iapossantafe.gob.ar\/wp-content\/uploads\/sites\/26\/2023\/04\/LISTADO-DE-FARMACIAS-ADHERIDAS-CAMPANA-DE-VACUNACION-ANO-2023.pdf\">(ver listado ingresando aqu\u00ed)<\/a><br \/>\n&#8211; la app para celulares \u201cFarma Iapos\u201d<\/p>\n<p>La vacunaci\u00f3n de menores entre 6 y 24 meses se realizar\u00e1 exclusivamente en los efectores p\u00fablicos de salud.<\/p>\n<p>Los beneficiarios que se incluyen en los grupos de riesgo son: personal de salud; embarazadas y pu\u00e9rperas y afiliados que tengan enfermedades respiratorias; enfermedades card\u00edacas; inmunodeficiencias cong\u00e9nitas o adquiridas; pacientes oncol\u00f3gicos\/oncohematol\u00f3gicos y trasplantados; obesos m\u00f3rbidos, diab\u00e9ticos; insuficiencia renal cr\u00f3nica avanzada; retraso madurativo grave en menores de 18 a\u00f1os de edad, s\u00edndromes gen\u00e9ticos; enfermedades neuromusculares con compromiso respiratorio y malformaciones cong\u00e9nitas graves; convivientes de enfermos oncol\u00f3gicos\/oncohematol\u00f3gicos y de prematuros menores de 1.500 g. y otras patolog\u00edas determinadas por la resoluci\u00f3n ministerial.<\/p>\n<p>Para consultas, los afiliados podr\u00e1n contactarse a trav\u00e9s del correo electr\u00f3nico iapos_consultas@santafe.gov.ar; llamando al 0800 444 4276, los d\u00edas h\u00e1biles de 8 a 16 hs.; o por Instagram: iapos.salud.<\/p>\n<p>[\/cmsmasters_text][\/cmsmasters_column][\/cmsmasters_row][cmsmasters_row data_width=\u00bbboxed\u00bb data_padding_left=\u00bb3&#8243; data_padding_right=\u00bb3&#8243; data_top_style=\u00bbdefault\u00bb data_bot_style=\u00bbdefault\u00bb data_color=\u00bbdefault\u00bb data_bg_position=\u00bbtop center\u00bb data_bg_repeat=\u00bbno-repeat\u00bb data_bg_attachment=\u00bbscroll\u00bb data_bg_size=\u00bbcover\u00bb data_bg_parallax_ratio=\u00bb0.5&#8243; data_padding_top=\u00bb0&#8243; data_padding_bottom=\u00bb50&#8243; data_padding_top_large=\u00bb0&#8243; data_padding_bottom_large=\u00bb0&#8243; data_padding_top_laptop=\u00bb0&#8243; data_padding_bottom_laptop=\u00bb0&#8243; data_padding_top_tablet=\u00bb0&#8243; data_padding_bottom_tablet=\u00bb0&#8243; data_padding_top_mobile_h=\u00bb0&#8243; data_padding_bottom_mobile_h=\u00bb0&#8243; data_padding_top_mobile_v=\u00bb0&#8243; data_padding_bottom_mobile_v=\u00bb0&#8243; data_shortcode_id=\u00bbxm6nwk0ele\u00bb][cmsmasters_column data_width=\u00bb1\/1&#8243; data_bg_position=\u00bbtop center\u00bb data_bg_repeat=\u00bbno-repeat\u00bb data_bg_attachment=\u00bbscroll\u00bb data_bg_size=\u00bbcover\u00bb data_border_style=\u00bbdefault\u00bb data_animation_delay=\u00bb0&#8243; data_shortcode_id=\u00bbcnkqjm9v90&#8243;][cmsmasters_button shortcode_id=\u00bbztf2pmf4jr\u00bb button_link=\u00bbwww.farmaiapos.com.ar\u00bb button_target=\u00bbblank\u00bb button_text_align=\u00bbcenter\u00bb button_style=\u00bbcmsmasters_but_bg_hover\u00bb button_font_weight=\u00bbdefault\u00bb button_font_style=\u00bbdefault\u00bb button_text_transform=\u00bbdefault\u00bb button_border_style=\u00bbdefault\u00bb button_border_radius=\u00bb10px\u00bb button_text_color=\u00bb#3eb8d7&#8243; button_border_color=\u00bb#3eb8d7&#8243; button_bg_color_h=\u00bb#3eb8d7&#8243; button_text_color_h=\u00bb#ffffff\u00bb button_border_color_h=\u00bb#3eb8d7&#8243; animation_delay=\u00bb0&#8243;]INSCRIPCI\u00d3N VACUNACI\u00d3N ANTIGRIPAL 2023[\/cmsmasters_button][\/cmsmasters_column][\/cmsmasters_row]\n","protected":false},"excerpt":{"rendered":"<p>[cmsmasters_row data_shortcode_id=\u00bbf41225ba2a\u00bb data_width=\u00bbboxed\u00bb data_top_style=\u00bbdefault\u00bb data_bot_style=\u00bbdefault\u00bb data_color=\u00bbdefault\u00bb data_bg_color=\u00bb#efefef\u00bb data_padding_top=\u00bb70&#8243; data_padding_bottom=\u00bb70&#8243;][cmsmasters_column data_width=\u00bb1\/1&#8243;][cmsmasters_heading shortcode_id=\u00bbdf533e042d\u00bb type=\u00bbh1&#8243; font_size=\u00bb33&#8243; font_weight=\u00bbnormal\u00bb font_style=\u00bbnormal\u00bb text_align=\u00bbleft\u00bb color=\u00bb#09478d\u00bb margin_top=\u00bb0&#8243; margin_bottom=\u00bb15&#8243; animation=\u00bbfadeInLeft\u00bb animation_delay=\u00bb0&#8243;]VACUNACI\u00d3N ANTIGRIPAL 2023 &#8211; INSCRIPCI\u00d3N[\/cmsmasters_heading] [cmsmasters_divider shortcode_id=\u00bbb0dbcd478c\u00bb width=\u00bbshort\u00bb height=\u00bb1&#8243; style=\u00bbsolid\u00bb position=\u00bbleft\u00bb color=\u00bb#09478d\u00bb margin_top=\u00bb10&#8243; margin_bottom=\u00bb25&#8243; animation_delay=\u00bb0&#8243;] [cmsmasters_text shortcode_id=\u00bb801592a0a0&#8243; animation=\u00bbfadeInLeft\u00bb animation_delay=\u00bb0&#8243;] Desde el 3 de abril se encuentra abierta la inscripci\u00f3n para la vacunaci\u00f3n antigripal 2023 pudiendo&#8230;<\/p>\n","protected":false},"author":3190,"featured_media":0,"parent":0,"menu_order":0,"comment_status":"closed","ping_status":"closed","template":"","meta":{"_acf_changed":false,"footnotes":""},"class_list":["post-15542","page","type-page","status-publish","hentry"],"acf":[],"_links":{"self":[{"href":"https:\/\/www.santafe.gob.ar\/ms\/iapos-old\/wp-json\/wp\/v2\/pages\/15542","targetHints":{"allow":["GET"]}}],"collection":[{"href":"https:\/\/www.santafe.gob.ar\/ms\/iapos-old\/wp-json\/wp\/v2\/pages"}],"about":[{"href":"https:\/\/www.santafe.gob.ar\/ms\/iapos-old\/wp-json\/wp\/v2\/types\/page"}],"author":[{"embeddable":true,"href":"https:\/\/www.santafe.gob.ar\/ms\/iapos-old\/wp-json\/wp\/v2\/users\/3190"}],"replies":[{"embeddable":true,"href":"https:\/\/www.santafe.gob.ar\/ms\/iapos-old\/wp-json\/wp\/v2\/comments?post=15542"}],"version-history":[{"count":9,"href":"https:\/\/www.santafe.gob.ar\/ms\/iapos-old\/wp-json\/wp\/v2\/pages\/15542\/revisions"}],"predecessor-version":[{"id":15973,"href":"https:\/\/www.santafe.gob.ar\/ms\/iapos-old\/wp-json\/wp\/v2\/pages\/15542\/revisions\/15973"}],"wp:attachment":[{"href":"https:\/\/www.santafe.gob.ar\/ms\/iapos-old\/wp-json\/wp\/v2\/media?parent=15542"}],"curies":[{"name":"wp","href":"https:\/\/api.w.org\/{rel}","templated":true}]}}