{"id":15551,"date":"2021-05-31T11:13:27","date_gmt":"2021-05-31T14:13:27","guid":{"rendered":"http:\/\/www.iapossantafe.gob.ar\/?page_id=15551"},"modified":"2022-01-11T08:38:41","modified_gmt":"2022-01-11T11:38:41","slug":"turnostesteocovid19","status":"publish","type":"page","link":"https:\/\/www.santafe.gob.ar\/ms\/iapos-old\/turnostesteocovid19\/","title":{"rendered":"TURNOS TESTEO COVID-19"},"content":{"rendered":"[cmsmasters_row data_shortcode_id=\u00bbf41225ba2a\u00bb data_width=\u00bbboxed\u00bb data_top_style=\u00bbdefault\u00bb data_bot_style=\u00bbdefault\u00bb data_color=\u00bbdefault\u00bb data_bg_color=\u00bb#efefef\u00bb data_padding_top=\u00bb70&#8243; data_padding_bottom=\u00bb70&#8243;][cmsmasters_column data_width=\u00bb1\/1&#8243;][cmsmasters_heading shortcode_id=\u00bbdf533e042d\u00bb type=\u00bbh1&#8243; font_size=\u00bb33&#8243; font_weight=\u00bbnormal\u00bb font_style=\u00bbnormal\u00bb text_align=\u00bbleft\u00bb color=\u00bb#09478d\u00bb margin_top=\u00bb0&#8243; margin_bottom=\u00bb15&#8243; animation=\u00bbfadeInLeft\u00bb animation_delay=\u00bb0&#8243;]TURNOS TESTEO COVID &#8211; 19[\/cmsmasters_heading]<\/p>\n<p>[cmsmasters_divider shortcode_id=\u00bbb0dbcd478c\u00bb width=\u00bbshort\u00bb height=\u00bb1&#8243; style=\u00bbsolid\u00bb position=\u00bbleft\u00bb color=\u00bb#09478d\u00bb margin_top=\u00bb10&#8243; margin_bottom=\u00bb25&#8243; animation_delay=\u00bb0&#8243;]<\/p>\n<p>[cmsmasters_text shortcode_id=\u00bb801592a0a0&#8243; animation=\u00bbfadeInLeft\u00bb animation_delay=\u00bb0&#8243;]<\/p>\n<p style=\"text-align: justify\">Los afiliados al IAPOS de las localidades de Santa Fe y Rosario que manifiesten s\u00edntomas compatibles con Covid-19 pueden solicitar turno para el testeo llamando al 0800-555-6549 opci\u00f3n 2 o tambi\u00e9n podr\u00e1n gestionarlo ingresando en el siguiente link. . Los testeos s\u00f3lo se realizar\u00e1n con turno previo.<\/p>\n<p style=\"text-align: justify\">Los beneficiarios que residan en el resto de las localidades y que presenten s\u00edntomas deber\u00e1n comunicarse directamente al 0800 555 6549 o acercarse a los centros de testeo oficiales de su localidad.<\/p>\n<p style=\"text-align: justify\">Recordamos que se consideran casos sospechosos las personas que presenten dos o m\u00e1s de los siguientes s\u00edntomas: fiebre (37,5\u00b0 o m\u00e1s); tos; odinofagia; dificultad respiratoria, cefalea; mialgias; diarrea \/ v\u00f3mitos y rinitis\/congesti\u00f3n nasal. Los contactos estrechos de casos positivos deber\u00e1n realizar el aislamiento correspondiente y contactarse si presentan s\u00edntomas.<\/p>\n<p>[\/cmsmasters_text][\/cmsmasters_column][\/cmsmasters_row][cmsmasters_row data_width=\u00bbboxed\u00bb data_padding_left=\u00bb3&#8243; data_padding_right=\u00bb3&#8243; data_top_style=\u00bbdefault\u00bb data_bot_style=\u00bbdefault\u00bb data_color=\u00bbdefault\u00bb data_bg_position=\u00bbtop center\u00bb data_bg_repeat=\u00bbno-repeat\u00bb data_bg_attachment=\u00bbscroll\u00bb data_bg_size=\u00bbcover\u00bb data_bg_parallax_ratio=\u00bb0.5&#8243; data_padding_top=\u00bb0&#8243; data_padding_bottom=\u00bb50&#8243; data_padding_top_large=\u00bb0&#8243; data_padding_bottom_large=\u00bb0&#8243; data_padding_top_laptop=\u00bb0&#8243; data_padding_bottom_laptop=\u00bb0&#8243; data_padding_top_tablet=\u00bb0&#8243; data_padding_bottom_tablet=\u00bb0&#8243; data_padding_top_mobile_h=\u00bb0&#8243; data_padding_bottom_mobile_h=\u00bb0&#8243; data_padding_top_mobile_v=\u00bb0&#8243; data_padding_bottom_mobile_v=\u00bb0&#8243; data_shortcode_id=\u00bbxm6nwk0ele\u00bb][cmsmasters_column data_width=\u00bb1\/1&#8243; data_bg_position=\u00bbtop center\u00bb data_bg_repeat=\u00bbno-repeat\u00bb data_bg_attachment=\u00bbscroll\u00bb data_bg_size=\u00bbcover\u00bb data_border_style=\u00bbdefault\u00bb data_animation_delay=\u00bb0&#8243; data_shortcode_id=\u00bbcnkqjm9v90&#8243;][\/cmsmasters_column][\/cmsmasters_row]\n[cmsmasters_row data_width=\u00bbboxed\u00bb data_padding_left=\u00bb3&#8243; data_padding_right=\u00bb3&#8243; data_top_style=\u00bbdefault\u00bb data_bot_style=\u00bbdefault\u00bb data_color=\u00bbdefault\u00bb data_bg_position=\u00bbtop center\u00bb data_bg_repeat=\u00bbno-repeat\u00bb data_bg_attachment=\u00bbscroll\u00bb data_bg_size=\u00bbcover\u00bb data_bg_parallax_ratio=\u00bb0.5&#8243; data_padding_top=\u00bb0&#8243; data_padding_bottom=\u00bb50&#8243; data_padding_top_large=\u00bb0&#8243; data_padding_bottom_large=\u00bb0&#8243; data_padding_top_laptop=\u00bb0&#8243; data_padding_bottom_laptop=\u00bb0&#8243; data_padding_top_tablet=\u00bb0&#8243; data_padding_bottom_tablet=\u00bb0&#8243; data_padding_top_mobile_h=\u00bb0&#8243; data_padding_bottom_mobile_h=\u00bb0&#8243; data_padding_top_mobile_v=\u00bb0&#8243; data_padding_bottom_mobile_v=\u00bb0&#8243; data_shortcode_id=\u00bbxm6nwk0ele\u00bb][cmsmasters_column data_width=\u00bb1\/1&#8243; data_bg_position=\u00bbtop center\u00bb data_bg_repeat=\u00bbno-repeat\u00bb data_bg_attachment=\u00bbscroll\u00bb data_bg_size=\u00bbcover\u00bb data_border_style=\u00bbdefault\u00bb data_animation_delay=\u00bb0&#8243; data_shortcode_id=\u00bbcnkqjm9v90&#8243;][cmsmasters_button shortcode_id=\u00bbztf2pmf4jr\u00bb button_link=\u00bbhttps:\/\/www.santafe.gov.ar\/iapos-www\/servlet\/belgnstr02sfcert\u00bb button_target=\u00bbblank\u00bb button_text_align=\u00bbcenter\u00bb button_style=\u00bbcmsmasters_but_bg_hover\u00bb button_font_weight=\u00bbdefault\u00bb button_font_style=\u00bbdefault\u00bb button_text_transform=\u00bbdefault\u00bb button_border_style=\u00bbdefault\u00bb button_border_radius=\u00bb10px\u00bb button_text_color=\u00bb#3eb8d7&#8243; button_border_color=\u00bb#3eb8d7&#8243; button_bg_color_h=\u00bb#3eb8d7&#8243; button_text_color_h=\u00bb#ffffff\u00bb button_border_color_h=\u00bb#3eb8d7&#8243; animation_delay=\u00bb0&#8243;] INGRESAR AQUI PARA SOLICITAR TURNOS PARA TESTEO COVID &#8211; 19[\/cmsmasters_button][\/cmsmasters_column][\/cmsmasters_row]\n","protected":false},"excerpt":{"rendered":"<p>[cmsmasters_row data_shortcode_id=\u00bbf41225ba2a\u00bb data_width=\u00bbboxed\u00bb data_top_style=\u00bbdefault\u00bb data_bot_style=\u00bbdefault\u00bb data_color=\u00bbdefault\u00bb data_bg_color=\u00bb#efefef\u00bb data_padding_top=\u00bb70&#8243; data_padding_bottom=\u00bb70&#8243;][cmsmasters_column data_width=\u00bb1\/1&#8243;][cmsmasters_heading shortcode_id=\u00bbdf533e042d\u00bb type=\u00bbh1&#8243; font_size=\u00bb33&#8243; font_weight=\u00bbnormal\u00bb font_style=\u00bbnormal\u00bb text_align=\u00bbleft\u00bb color=\u00bb#09478d\u00bb margin_top=\u00bb0&#8243; margin_bottom=\u00bb15&#8243; animation=\u00bbfadeInLeft\u00bb animation_delay=\u00bb0&#8243;]TURNOS TESTEO COVID &#8211; 19[\/cmsmasters_heading] [cmsmasters_divider shortcode_id=\u00bbb0dbcd478c\u00bb width=\u00bbshort\u00bb height=\u00bb1&#8243; style=\u00bbsolid\u00bb position=\u00bbleft\u00bb color=\u00bb#09478d\u00bb margin_top=\u00bb10&#8243; margin_bottom=\u00bb25&#8243; animation_delay=\u00bb0&#8243;] [cmsmasters_text shortcode_id=\u00bb801592a0a0&#8243; animation=\u00bbfadeInLeft\u00bb animation_delay=\u00bb0&#8243;] Los afiliados al IAPOS de las localidades de Santa Fe y Rosario que manifiesten s\u00edntomas compatibles&#8230;<\/p>\n","protected":false},"author":3190,"featured_media":0,"parent":0,"menu_order":0,"comment_status":"closed","ping_status":"closed","template":"","meta":{"_acf_changed":false,"footnotes":""},"class_list":["post-15551","page","type-page","status-publish","hentry"],"acf":[],"_links":{"self":[{"href":"https:\/\/www.santafe.gob.ar\/ms\/iapos-old\/wp-json\/wp\/v2\/pages\/15551","targetHints":{"allow":["GET"]}}],"collection":[{"href":"https:\/\/www.santafe.gob.ar\/ms\/iapos-old\/wp-json\/wp\/v2\/pages"}],"about":[{"href":"https:\/\/www.santafe.gob.ar\/ms\/iapos-old\/wp-json\/wp\/v2\/types\/page"}],"author":[{"embeddable":true,"href":"https:\/\/www.santafe.gob.ar\/ms\/iapos-old\/wp-json\/wp\/v2\/users\/3190"}],"replies":[{"embeddable":true,"href":"https:\/\/www.santafe.gob.ar\/ms\/iapos-old\/wp-json\/wp\/v2\/comments?post=15551"}],"version-history":[{"count":14,"href":"https:\/\/www.santafe.gob.ar\/ms\/iapos-old\/wp-json\/wp\/v2\/pages\/15551\/revisions"}],"predecessor-version":[{"id":15762,"href":"https:\/\/www.santafe.gob.ar\/ms\/iapos-old\/wp-json\/wp\/v2\/pages\/15551\/revisions\/15762"}],"wp:attachment":[{"href":"https:\/\/www.santafe.gob.ar\/ms\/iapos-old\/wp-json\/wp\/v2\/media?parent=15551"}],"curies":[{"name":"wp","href":"https:\/\/api.w.org\/{rel}","templated":true}]}}