{"id":15592,"date":"2021-08-02T09:48:49","date_gmt":"2021-08-02T12:48:49","guid":{"rendered":"http:\/\/www.iapossantafe.gob.ar\/?page_id=15592"},"modified":"2022-08-02T21:55:41","modified_gmt":"2022-08-03T00:55:41","slug":"terminos","status":"publish","type":"page","link":"https:\/\/www.santafe.gob.ar\/ms\/iapos-old\/terminos\/","title":{"rendered":"T\u00e9rminos y Condiciones"},"content":{"rendered":"[cmsmasters_row data_padding_bottom=\u00bb70&#8243; data_padding_top=\u00bb70&#8243; data_bg_parallax_ratio=\u00bb0.5&#8243; data_bg_size=\u00bbcover\u00bb data_bg_attachment=\u00bbscroll\u00bb data_bg_repeat=\u00bbno-repeat\u00bb data_bg_position=\u00bbtop center\u00bb data_bg_img=\u00bb14309|http:\/\/www.iapossantafe.gob.ar\/wp-content\/uploads\/sites\/26\/2019\/04\/slide_home_miiapos.jpg|medium\u00bb data_color=\u00bbdefault\u00bb data_bot_style=\u00bbdefault\u00bb data_top_style=\u00bbdefault\u00bb data_width=\u00bbboxed\u00bb data_shortcode_id=\u00bbb4x9vlqhtt\u00bb][cmsmasters_column data_width=\u00bb1\/1&#8243; data_shortcode_id=\u00bb2j8uo31ste\u00bb data_animation_delay=\u00bb0&#8243; data_border_style=\u00bbdefault\u00bb data_bg_size=\u00bbcover\u00bb data_bg_attachment=\u00bbscroll\u00bb data_bg_repeat=\u00bbno-repeat\u00bb data_bg_position=\u00bbtop center\u00bb][cmsmasters_heading shortcode_id=\u00bbvlvarzrgx\u00bb type=\u00bbh2&#8243; font_family=\u00bbMontserrat:400,700&#8243; font_size=\u00bb28&#8243; line_height=\u00bb40&#8243; font_weight=\u00bbnormal\u00bb font_style=\u00bbnormal\u00bb text_align=\u00bbcenter\u00bb color=\u00bb#ffffff\u00bb bg_color=\u00bb#00a8e7&#8243; border_radius=\u00bb12px\u00bb margin_top=\u00bb45&#8243; margin_bottom=\u00bb45&#8243; animation_delay=\u00bb0&#8243;]T\u00c9RMINOS Y CONDICIONES DE USO APP[\/cmsmasters_heading][\/cmsmasters_column][\/cmsmasters_row][cmsmasters_row data_padding_bottom=\u00bb55&#8243; data_padding_top=\u00bb65&#8243; data_color=\u00bbdefault\u00bb data_bot_style=\u00bbdefault\u00bb data_top_style=\u00bbdefault\u00bb data_width=\u00bbboxed\u00bb][cmsmasters_column data_width=\u00bb1\/1&#8243;][cmsmasters_text]<\/p>\n<h3>T\u00c9RMINOS Y CONDICIONES GENERALES DE USO Y POL\u00cdTICAS DE PRIVACIDAD<\/h3>\n<ul>\n<li>\n<ol>\n<li><strong>ACEPTACI\u00d3N DE LOS T\u00c9RMINOS:<\/strong>\u00a0Los presentes t\u00e9rminos y condiciones generales de uso y pol\u00edtica de privacidad del servicio (en lo que sigue, los \u201cT\u00e9rminos de Uso\u201d) regulan el acceso y uso de la aplicaci\u00f3n del Instituto Aut\u00e1rquico Provincial de Obra Social IAPOS-(en adelante App MI IAPOS\/La App MI IAPOS). El uso de La App MI IAPOS le otorga la condici\u00f3n de Usuario (en lo que sigue, \u201cel Usuario\u201d) e implica que ha le\u00eddo los T\u00e9rminos de Uso y acepta de forma plena y sin reservas todas y cada una de las disposiciones establecidas en los T\u00e9rminos de Uso publicadas al momento en que el Usuario acceda. Por lo tanto, se hace necesario que el Usuario lea detenidamente estos t\u00e9rminos en cada ocasi\u00f3n en que utilice La App, ya que \u00e9stos pueden sufrir modificaciones, sin previo aviso y\/o responsabilidad por parte de IAPOS. La falta de lectura de los T\u00e9rminos de Uso es responsabilidad pura y exclusiva del Usuario.<\/li>\n<\/ol>\n<ol start=\"2\">\n<li><strong>DESCRIPCI\u00d3N DEL SERVICIO. MI IAPOS <\/strong>no tiene costo de activaci\u00f3n. Se accede a la misma \u00fanicamente a trav\u00e9s de la descarga en terminales m\u00f3viles Smartphone con sistema operativo Android (versiones superiores a 4.2) y iOS (versiones superiores a 9.0). La aplicaci\u00f3n es v\u00e1lida \u00fanicamente para Usuarios Afiliados a la Obra Social IAPOS. La descarga de la aplicaci\u00f3n en el dispositivo m\u00f3vil del Usuario, le facilitar\u00e1 a los usuarios el acceso a informaci\u00f3n relativa a credenciales digitales, cartilla de prestadores, mapas de geolocalizaci\u00f3n de profesionales, Estado de Cuenta y consumos. Asimismo, la App puede incluir ciertas comunicaciones de IAPOS, tales como anuncios de servicios, mensajes administrativos y todo tipo de comunicaci\u00f3n que a criterio de IAPOS considere pertinente. El Usuario entiende y acepta que IAPOS no asume ninguna responsabilidad por el retraso, eliminaci\u00f3n, entrega equivocada o falla al guardar cualquier comunicaci\u00f3n del usuario o configuraciones personales. El Usuario es responsable del adecuado uso de la app MI IAPOS, por lo que deber\u00e1 mantener su contrase\u00f1a segura.<\/li>\n<li><strong>CONDICIONES DE ACCESIBILIDAD Y USO DEL APLICATIVO M\u00d3VIL. <\/strong>Car\u00e1cter gratuito del acceso y uso de La App. \u00abEl acceso y uso de La App MI IAPOS\u00bb tienen car\u00e1cter gratuito para el Usuario. Modificaciones. IAPOS se reserva el derecho de actualizar, modificar o eliminar la informaci\u00f3n contenida en La App, pudiendo incluso limitar o no permitir el acceso a dicha informaci\u00f3n. Registro del Usuario. Para poder utilizar La App, deber\u00e1 registrarse completando el formulario provisto desde la aplicaci\u00f3n. Veracidad de la informaci\u00f3n. Toda informaci\u00f3n facilitada por el Usuario mediante La App deber\u00e1 ser veraz. Por esto, el Usuario se compromete a garantizar el car\u00e1cter aut\u00e9ntico de los datos que provea. De igual forma, ser\u00e1 responsabilidad del Usuario mantener toda la informaci\u00f3n facilitada a IAPOS debidamente actualizada de manera tal que responda, en cada momento, a la situaci\u00f3n real del Usuario. El Usuario ser\u00e1 el \u00fanico responsable de la informaci\u00f3n falsa, inexacta, fraudulenta y\/o ilegal que proporcione y de los perjuicios que pueda causar a IAPOS o a terceros por la informaci\u00f3n que suministre. Propiedad Intelectual. La App Mi IAPOS y todo su contenido, ya sean textos, datos, im\u00e1genes, software, fotograf\u00edas, ilustraciones, video, mensajes, recopilaciones, marcas, logotipos, combinaciones de colores o cualquier otro elemento, su estructura y dise\u00f1o, la selecci\u00f3n y forma de presentaci\u00f3n de los materiales incluidos en el mismo, y los programas necesarios para su funcionamiento, acceso y uso, est\u00e1n protegidos por derechos de propiedad intelectual e industrial, de los cuales es titular IAPOS; o de terceros licenciantes, que el Usuario debe respetar. IAPOS est\u00e1 protegido conforme a las leyes y disposiciones de derecho de autor, marcas, patentes, secretos comerciales y\/o industriales. IAPOS por el presente le otorga al Usuario el derecho de visualizaci\u00f3n de La App MI IAPOS y la utilizaci\u00f3n de los Servicios. No se permite copiar, realizar ingenier\u00eda inversa, descompilar, desmontar, traducir, modificar o crear productos derivados del contenido de La App, en parte o en su totalidad. Asimismo, queda prohibido copiar, extraer, alquilar, revelar, publicar, vender, asignar, arrendar, otorgar bajo licencia, comercializar o transferir el contenido y\/o informaci\u00f3n de la App, o parte de \u00e9ste, y utilizarlo de modo alguno que no se haya autorizado expl\u00edcitamente en el presente.<\/li>\n<li><strong>PROTECCI\u00d3N DE LOS DATOS PERSONALES. <\/strong>Para utilizar algunos de los Servicios de La App, el Usuario debe facilitar previamente a IAPOS algunos datos de car\u00e1cter personal (en lo que sigue, \u201clos Datos Personales\u201d). Protecci\u00f3n. IAPOS tratar\u00e1 de forma autom\u00e1tica los Datos Personales exclusivamente con la finalidad y las condiciones definidas en los presentes t\u00e9rminos de uso. IAPOS no garantiza la ausencia de virus ni de otros elementos extra\u00f1os en los Servicios prestados por terceros a trav\u00e9s de La App que puedan causar alteraciones en la terminal m\u00f3vil del Usuario (software y hardware) o en los documentos electr\u00f3nicos y\/o bases de datos de su sistema inform\u00e1tico. Informaci\u00f3n a terceros. IAPOS ha tomado todas las medidas pertinentes y adoptado los niveles de seguridad y protecci\u00f3n que entiende suficientes y necesarios para la protecci\u00f3n de los datos personales del usuario. El Usuario acepta que las medidas de seguridad en la Internet no son inviolables y es responsable del adecuado uso de la app MI IAPOS, por lo que deber\u00e1 mantener su contrase\u00f1a segura.<\/li>\n<li><strong>CUENTA DE MIEMBRO, CONTRASE\u00d1A Y SEGURIDAD. <\/strong>El Usuario recibir\u00e1 una cuenta y una contrase\u00f1a una vez completado el proceso de registro del Servicio. Puede registrarse el afiliado titular, su grupo familiar en tanto cuente con la mayor\u00eda de edad y sus adherentes contando cada uno de ellos con su propia contrase\u00f1a que recibir\u00e1 una vez completado el proceso de registro. Cada usuario es responsable de mantener la confidencialidad de la cuenta y contrase\u00f1a y es completamente responsable de todas las actividades que ocurran bajo su cuenta. El Usuario se compromete a (a) notificar inmediatamente La App de cualquier uso no autorizado de su cuenta o cualquier otra violaci\u00f3n de seguridad, y (b) asegurarse de salir de su cuenta al final de cada sesi\u00f3n. IAPOS no puede y no ser\u00e1 responsable por cualquier p\u00e9rdida o da\u00f1o causado por su incumplimiento de esta Secci\u00f3n 5.<\/li>\n<li><strong>CONDUCTA DEL USUARIO. <\/strong>Cada usuario entiende que toda la informaci\u00f3n, datos, texto, software, fotograf\u00edas, gr\u00e1ficos, mensajes, etiquetas u otros materiales (\u00abContenido\u00bb), ya sea que se transmitan p\u00fablica o privadamente, son responsabilidad exclusiva de la persona que origin\u00f3 dicho Contenido. Esto significa que el usuario, y no IAPOS, es enteramente responsable por todo el Contenido que suba, correo, correo electr\u00f3nico, transmita o de cualquier forma ponga a disposici\u00f3n a trav\u00e9s del Servicio. IAPOS no controla el Contenido publicado a trav\u00e9s del Servicio y, como tal, no garantiza la exactitud, integridad o calidad de dicho Contenido. En ning\u00fan caso IAPOS ser\u00e1 responsable en cualquier forma por cualquier Contenido, incluyendo, pero no limitando a, cualquier error u omisi\u00f3n en cualquier Contenido, o cualquier p\u00e9rdida o da\u00f1o de cualquier tipo incurridos como resultado del uso de cualquier Contenido publicado, enviado por correo electr\u00f3nico, transmitido o puesto a disposici\u00f3n a trav\u00e9s del Servicio. El Usuario se compromete a no usar el Servicio para: a. cargar, publicar, enviar, transmitir o poner a disposici\u00f3n cualquier contenido que sea ilegal, da\u00f1ino, amenazador, abusivo, acosador, agraviante, difamatorio, vulgar, obsceno, calumnioso, invasivo de la privacidad, odioso, o racial \u00e9tnico o de cualquier otra forma; b. perjudicar a menores en cualquier forma; c. hacerse pasar por otra persona o entidad, o declarar falsamente o tergiversar su afiliaci\u00f3n con una persona o entidad; d. falsificar encabezados o manipular identificadores para disfrazar el origen de cualquier contenido transmitido a trav\u00e9s del Servicio; e. cargar, publicar, enviar, transmitir o poner a disposici\u00f3n cualquier contenido que usted no tiene derecho a poner a disposici\u00f3n en virtud de cualquier ley o bajo relaci\u00f3n contractual o fiduciaria (como informaci\u00f3n interna, de propiedad e informaci\u00f3n confidencial adquirida o entregada como parte de las relaciones de trabajo o bajo contratos de confidencialidad); f. cargar, publicar, enviar, transmitir o poner a disposici\u00f3n cualquier contenido que viole alguna patente, marca, secreto comercial, derecho de autor u otros derechos de propiedad(\u00abDerechos\u00bb) de alg\u00fan tercero; g. cargar, publicar, enviar, transmitir o poner a disposici\u00f3n de otra forma cualquier anuncio no solicitado o no autorizado, materiales promocionales, \u00abcorreo basura\u00bb, \u00abspam\u00bb, \u00abcartas en cadena\u00bb, \u00abesquemas piramidales\u00bb, o cualquier otra forma de solicitaci\u00f3n, excepto en aquellas \u00e1reas que son designados para tal fin; h. cargar, publicar, enviar, transmitir o poner a disposici\u00f3n alg\u00fan material que contenga virus de software o cualquier otro c\u00f3digo inform\u00e1tico, archivos o programas dise\u00f1ados para interrumpir, destruir o limitar la funcionalidad de cualquier software o hardware o equipo de telecomunicaciones; i. interferir o interrumpir el Servicio, servidores, o redes conectadas al Servicio, o incumplir los requisitos, procedimientos, pol\u00edticas o regulaciones de las redes conectadas al Servicio; j. con o sin intenci\u00f3n violar cualquier ley local, estatal, nacional o internacional, y cualquier regulaci\u00f3n con fuerza de ley; k. \u00abAcechar\u00bb o acosar a otros; y \/ o l. recoger o almacenar datos personales sobre otros usuarios en relaci\u00f3n con la conducta y actividades prohibidas previsto en los p\u00e1rrafos anteriores. El usuario reconoce que IAPOS puede o no preseleccionar el Contenido, pero que IAPOS y sus designados tendr\u00e1n el derecho (pero no la obligaci\u00f3n) a su sola discreci\u00f3n de preseleccionar, rechazar o remover cualquier Contenido que est\u00e9 disponible por medio del Servicio. Sin perjuicio de lo anterior, IAPOS y sus designados tendr\u00e1n el derecho de remover cualquier Contenido que viole los TCS o sea de dudosa reputaci\u00f3n. El usuario acuerda que debe evaluar y asumir todos los riesgos asociados con el uso de cualquier Contenido, incluyendo su confianza en la veracidad, integridad o utilidad de dicho Contenido. Asimismo reconoce, consiente y acepta que IAPOS puede acceder, conservar y revelar la informaci\u00f3n de su cuenta y el Contenido si as\u00ed lo requiere la ley o en la creencia de buena fe que dicha reserva o revelaci\u00f3n es necesaria para: (a) cumplir con procesos legales ; (b) hacer cumplir las condiciones de servicio; (c) responder a reclamos de que alg\u00fan Contenido viola los derechos de terceros; (d) responder a sus solicitudes de servicio al cliente; o (e) proteger los derechos, propiedad o seguridad personal de IAPOS, sus usuarios y el p\u00fablico. El usuario entiende que el procesamiento t\u00e9cnico y transmisi\u00f3n del Servicio, incluyendo su Contenido, puede involucrar: (a) transmisiones a trav\u00e9s de varias redes; y (b) cambios para ajustarse y adaptarse a los requisitos t\u00e9cnicos de conexi\u00f3n de redes o dispositivos.<\/li>\n<li><strong>EXENCI\u00d3N Y LIMITACI\u00d3N DE RESPONSABILIDAD DE IAPOS.\u00a0<\/strong>IAPOS no se hace responsable por las interpretaciones del contenido de La App, ni del uso indebido del mismo y de sus Servicios e informaci\u00f3n; de igual manera no se har\u00e1 responsable por los da\u00f1os o perjuicios causados de forma directa o indirecta por o a quienes fueran estimulados a tomar decisiones o medidas al consultar La App. Tampoco se responsabilizar\u00e1 por los da\u00f1os o perjuicios, directos, indirectos, o de cualquier otra forma, que acarree la suspensi\u00f3n o terminaci\u00f3n de los servicios, contenido, o informaci\u00f3n que se suministra a trav\u00e9s de La App. IAPOS no se responsabiliza de las posibles discrepancias que puedan surgir entre la versi\u00f3n de sus documentos impresos y la versi\u00f3n electr\u00f3nica de los mismos publicados en La App. IAPOS no asume responsabilidad por aquellas informaciones o contenidos que no hayan sido creados por IAPOS, por lo que no responder\u00e1 frente a aquellos da\u00f1os o perjuicios que puedan derivarse del uso de dicha informaci\u00f3n. IAPOS no se responsabiliza de da\u00f1os o perjuicios derivados del acceso, uso o mala utilizaci\u00f3n de los contenidos de La App. IAPOS no se hace responsable por la conducta en l\u00ednea o fuera de l\u00ednea de cualquier Usuario de los Servicios. IAPOS no asume responsabilidad alguna por errores, omisiones, interrupciones, supresiones, defectos, que demorasen la operaci\u00f3n o transmisi\u00f3n, desperfectos en las l\u00edneas de comunicaci\u00f3n, robo o destrucci\u00f3n, acceso no autorizado a cualquier comunicaci\u00f3n de los Usuarios o su alteraci\u00f3n. IAPOS no se responsabiliza por problemas o desperfectos t\u00e9cnicos de las redes o l\u00edneas telef\u00f3nicas, sistemas inform\u00e1ticos en l\u00ednea, servidores o proveedores, equipos de computaci\u00f3n, software, desperfectos de correos electr\u00f3nicos o de reproductores, derivados de inconvenientes t\u00e9cnicos o congesti\u00f3n en el tr\u00e1fico en internet o en cualquiera de los Servicios o cualquier combinaci\u00f3n de los mismos. Los inconvenientes antedichos incluyen los da\u00f1os o lesiones a Usuarios, a la computadora o dispositivo M\u00f3vil de cualquier persona que tenga relaci\u00f3n o que resulte de la participaci\u00f3n o la descarga de materiales en relaci\u00f3n con los Servicios. Bajo ning\u00fan concepto IAPOS, sus autoridades , sus funcionarios, empleados o representantes ser\u00e1n responsables por cualquier da\u00f1o directo, indirecto, incidental, especial o punitivo que pudiera ser causado por (i) errores o inexactitudes en el contenido; (ii) da\u00f1os de cualquier naturaleza a la persona o a la propiedad emergentes de su acceso a La App o de la utilizaci\u00f3n de la misma; (iii) cualquier acceso no autorizado a nuestros servidores seguros y\/o a toda informaci\u00f3n personal almacenada en dicho servidor o utilizaci\u00f3n de los mismos; (iv) cualquier interrupci\u00f3n o cese de la transmisi\u00f3n desde o hacia la App; (iv) cualquier \u201cbug\u201d, virus, troyano o virus similares que pudieran ser transmitidos por terceros desde o hacia La App; El Usuario reconoce que IAPOS no ser\u00e1 responsable por el material enviado por el Usuario o por conductas difamatorias, ofensivas o ilegales de terceros, y el Usuario asume total riesgo de sufrir alg\u00fan da\u00f1o o menoscabo causado por dicho material o conducta. Esta App es controlada y llega al Usuario por IAPOS desde sus instalaciones en Argentina. IAPOS se abstiene de manifestar que La App es apropiada para otros lugares, como as\u00ed tampoco que se encuentre disponible en \u00e9stos. Aquellas personas que accedan a La App o hagan uso de \u00e9sta desde otras jurisdicciones lo hacen por su propia voluntad y asumen la responsabilidad de respetar la legislaci\u00f3n local.<\/li>\n<li><strong>INDEMNIDAD. <\/strong>El Usuario se compromete a defender, indemnizar y mantener indemne a IAPOS ante cualquier reclamo, indemnizaci\u00f3n por da\u00f1os, obligaci\u00f3n, p\u00e9rdida, deuda, costo o gasto (incluidos, entre otros, los honorarios de abogados) que pudieran surgir como consecuencia de: (i) utilizaci\u00f3n de La App o su acceso a la misma; (ii) violaci\u00f3n de su parte de cualquiera de las cl\u00e1usulas de los presentes T\u00e9rminos de Uso; (iii)violaci\u00f3n de su parte de derechos de terceros, incluidos, entre otros y a solo modo ejemplificativo, los derechos de propiedad intelectual o de privacidad, o (iv) cualquier reclamo por da\u00f1os causados a terceros emergentes del material enviado por el Usuario de su propiedad. La presente obligaci\u00f3n de defensa e indemnizaci\u00f3n subsistir\u00e1 a\u00fan una vez extinguidos los presentes T\u00e9rminos de Uso o una vez finalizada su utilizaci\u00f3n de La App.<\/li>\n<li><strong>CAPACIDAD PARA ACEPTAR LOS T\u00c9RMINOS Y CONDICIONES GENERALES DE USO Y POL\u00cdTICA DE PRIVACIDAD. <\/strong>El Usuario declara poseer capacidad plena para aceptar los t\u00e9rminos, condiciones, obligaciones, declaraciones y manifestaciones enunciados en los presentes T\u00e9rminos de Uso. Asimismo, el Usuario se compromete a respetar y cumplir los presentes T\u00e9rminos de Uso.<\/li>\n<li><strong>CESI\u00d3N. <\/strong>El Usuario deber\u00e1 abstenerse de ceder o transferir los presentes T\u00e9rminos de Uso y los derechos y licencias que se conceden en virtud del presente; no obstante, IAPOS podr\u00e1 ceder dichos derechos y licencia sin restricci\u00f3n alguna.<\/li>\n<li><strong>MODIFICACIONES AL SERVICIO. <\/strong>IAPOS se reserva el derecho en cualquier momento y de vez en cuando a modificar o interrumpir, temporal o permanentemente, el Servicio (o cualquier parte del mismo) con o sin previo aviso.<\/li>\n<li><strong>TERMINACI\u00d3N.<\/strong>El usuario acepta que IAPOS puede, bajo ciertas circunstancias y sin previo aviso, terminar inmediatamente su cuenta dentro de La App, y el acceso al Servicio. Causa de dicha terminaci\u00f3n deber\u00e1 incluir, pero no limitarse a: (a) infracciones o violaciones de aplicaci\u00f3n de la ley, (b) una solicitud por el usuario, (c) interrupci\u00f3n o modificaci\u00f3n material del Servicio (o cualquier parte del mismo), (d) cuestiones o problemas t\u00e9cnicos o de seguridad inesperados, (e) cese de la afiliaci\u00f3n, (f) actividad fraudulenta o ilegal del usuario. La terminaci\u00f3n de su cuenta incluye (a) la eliminaci\u00f3n del acceso a los Servicios, (b) la eliminaci\u00f3n de su contrase\u00f1a y toda la informaci\u00f3n relacionada, archivos y contenido asociado con o dentro de su cuenta (o cualquier parte del mismo), y (c) prohibici\u00f3n de su uso posterior del Servicio. Adem\u00e1s, el usuario acepta que todas las terminaciones con causa que se hicieren a la discreci\u00f3n de IAPOS, este no ser\u00e1 responsable ante el usuario o cualquier tercero por cualquier terminaci\u00f3n de cuenta, cualquier direcci\u00f3n de correo electr\u00f3nico asociada o acceso al Servicio.<\/li>\n<li><strong>AVISO. <\/strong>La App puede proporcionarle avisos, incluidos los relativos a los cambios en las condiciones de servicio, incluyendo, pero no limitado al correo electr\u00f3nico, correo ordinario, publicaciones en el Servicio, o por otros medios razonables ahora conocidos o desarrollados en adelante.<\/li>\n<li><strong>DISPOSICIONES GENERALES. <\/strong>Estos T\u00e9rminos de Uso rigen entre el Usuario y IAPOS con respecto al uso de los Servicios. El hecho de que IAPOS no ejerza un derecho o no exija el cumplimiento de una disposici\u00f3n no ser\u00e1 interpretado como una renuncia a ejercer dicho derecho o a exigir el cumplimiento de tal disposici\u00f3n en el futuro. La renuncia a cualquiera de los t\u00e9rminos de los presentes T\u00e9rminos de Uso no se interpretar\u00e1 como una renuncia continua o posterior a dicha condici\u00f3n u otras condiciones. Asimismo, la falta de ejercicio de algunos de los derechos o cl\u00e1usulas de los presentes T\u00e9rminos de Uso por parte de IAPOS no constituir\u00e1 una renuncia a dicho derecho o cl\u00e1usula. El Usuario acepta que (i) la App MI IAPOS s\u00f3lo tiene su sede en la Provincia de Santa Fe, Rep\u00fablica Argentina y que no da lugar a que el Usuario ejerza jurisdicci\u00f3n personal sobre el mismo, de car\u00e1cter especial o general, en otras jurisdicciones que no sean las de la Provincia de Santa Fe, Argentina. Los presentes T\u00e9rminos de Uso se regir\u00e1n por la legislaci\u00f3n de la Rep\u00fablica Argentina. Los presentes T\u00e9rminos de Uso actualizados seg\u00fan las modificaciones que se introduzcan, junto con la notificaci\u00f3n de privacidad que se encuentra en Play Store, App Store y dem\u00e1s notificaciones legales publicadas por IAPOS en el Sitio Web constituyen la totalidad de los t\u00e9rminos y condiciones que regulan el uso en todos los aspectos concernientes a La App. Si alguna de las cl\u00e1usulas de los presentes T\u00e9rminos de Uso se tornara inv\u00e1lida en virtud de una declaraci\u00f3n judicial de un tribunal competente, la invalidez de dicha cl\u00e1usula no afectar\u00e1 la validez de las dem\u00e1s cl\u00e1usulas de los presentes T\u00e9rminos de Uso, que mantendr\u00e1n su plena vigencia. Todo reclamo o controversia que pudiera surgir entre el Usuario y IAPOS como consecuencia de la utilizaci\u00f3n total o parcial de La App se regir\u00e1 por las leyes de la Rep\u00fablica Argentina y ser\u00e1 dirimido \u00fanicamente por los Tribunales Ordinarios de la Provincia de Santa Fe, Rep\u00fablica Argentina. HE LE\u00cdDO LOS PRESENTES T\u00c9RMINOS Y CONDICIONES GENERALES DE USO Y POL\u00cdTICA DE PRIVACIDAD Y ADHIERO A TODAS Y CADA UNA DE LAS CLAUSULAS CONTENIDAS EN LOS MISMOS ACEPT\u00c1NDOLAS EN TODOS Y CADA UNO SUS T\u00c9RMINOS.<\/li>\n<\/ol>\n<\/li>\n<\/ul>\n<p>&nbsp;<\/p>\n<p>[\/cmsmasters_text][\/cmsmasters_column][\/cmsmasters_row]\n","protected":false},"excerpt":{"rendered":"<p>[cmsmasters_row data_padding_bottom=\u00bb70&#8243; data_padding_top=\u00bb70&#8243; data_bg_parallax_ratio=\u00bb0.5&#8243; data_bg_size=\u00bbcover\u00bb data_bg_attachment=\u00bbscroll\u00bb data_bg_repeat=\u00bbno-repeat\u00bb data_bg_position=\u00bbtop center\u00bb data_bg_img=\u00bb14309|http:\/\/www.iapossantafe.gob.ar\/wp-content\/uploads\/sites\/26\/2019\/04\/slide_home_miiapos.jpg|medium\u00bb data_color=\u00bbdefault\u00bb data_bot_style=\u00bbdefault\u00bb data_top_style=\u00bbdefault\u00bb data_width=\u00bbboxed\u00bb data_shortcode_id=\u00bbb4x9vlqhtt\u00bb][cmsmasters_column data_width=\u00bb1\/1&#8243; data_shortcode_id=\u00bb2j8uo31ste\u00bb data_animation_delay=\u00bb0&#8243; data_border_style=\u00bbdefault\u00bb data_bg_size=\u00bbcover\u00bb data_bg_attachment=\u00bbscroll\u00bb data_bg_repeat=\u00bbno-repeat\u00bb data_bg_position=\u00bbtop center\u00bb][cmsmasters_heading shortcode_id=\u00bbvlvarzrgx\u00bb type=\u00bbh2&#8243; font_family=\u00bbMontserrat:400,700&#8243; font_size=\u00bb28&#8243; line_height=\u00bb40&#8243; font_weight=\u00bbnormal\u00bb font_style=\u00bbnormal\u00bb text_align=\u00bbcenter\u00bb color=\u00bb#ffffff\u00bb bg_color=\u00bb#00a8e7&#8243; border_radius=\u00bb12px\u00bb margin_top=\u00bb45&#8243; margin_bottom=\u00bb45&#8243; animation_delay=\u00bb0&#8243;]T\u00c9RMINOS Y CONDICIONES DE USO APP[\/cmsmasters_heading][\/cmsmasters_column][\/cmsmasters_row][cmsmasters_row data_padding_bottom=\u00bb55&#8243; data_padding_top=\u00bb65&#8243; data_color=\u00bbdefault\u00bb data_bot_style=\u00bbdefault\u00bb data_top_style=\u00bbdefault\u00bb data_width=\u00bbboxed\u00bb][cmsmasters_column data_width=\u00bb1\/1&#8243;][cmsmasters_text] T\u00c9RMINOS Y CONDICIONES GENERALES DE&#8230;<\/p>\n","protected":false},"author":239,"featured_media":0,"parent":0,"menu_order":0,"comment_status":"closed","ping_status":"closed","template":"","meta":{"_acf_changed":false,"footnotes":""},"class_list":["post-15592","page","type-page","status-publish","hentry"],"acf":[],"_links":{"self":[{"href":"https:\/\/www.santafe.gob.ar\/ms\/iapos-old\/wp-json\/wp\/v2\/pages\/15592","targetHints":{"allow":["GET"]}}],"collection":[{"href":"https:\/\/www.santafe.gob.ar\/ms\/iapos-old\/wp-json\/wp\/v2\/pages"}],"about":[{"href":"https:\/\/www.santafe.gob.ar\/ms\/iapos-old\/wp-json\/wp\/v2\/types\/page"}],"author":[{"embeddable":true,"href":"https:\/\/www.santafe.gob.ar\/ms\/iapos-old\/wp-json\/wp\/v2\/users\/239"}],"replies":[{"embeddable":true,"href":"https:\/\/www.santafe.gob.ar\/ms\/iapos-old\/wp-json\/wp\/v2\/comments?post=15592"}],"version-history":[{"count":12,"href":"https:\/\/www.santafe.gob.ar\/ms\/iapos-old\/wp-json\/wp\/v2\/pages\/15592\/revisions"}],"predecessor-version":[{"id":15604,"href":"https:\/\/www.santafe.gob.ar\/ms\/iapos-old\/wp-json\/wp\/v2\/pages\/15592\/revisions\/15604"}],"wp:attachment":[{"href":"https:\/\/www.santafe.gob.ar\/ms\/iapos-old\/wp-json\/wp\/v2\/media?parent=15592"}],"curies":[{"name":"wp","href":"https:\/\/api.w.org\/{rel}","templated":true}]}}