{"id":15806,"date":"2022-04-25T08:35:34","date_gmt":"2022-04-25T11:35:34","guid":{"rendered":"http:\/\/www.iapossantafe.gob.ar\/?page_id=15806"},"modified":"2022-07-29T11:34:08","modified_gmt":"2022-07-29T14:34:08","slug":"novedades-i","status":"publish","type":"page","link":"https:\/\/www.santafe.gob.ar\/ms\/iapos-old\/novedades-i\/","title":{"rendered":"NOVEDADES I"},"content":{"rendered":"[cmsmasters_row data_padding_bottom=\u00bb70&#8243; data_padding_top=\u00bb70&#8243; data_bg_parallax_ratio=\u00bb0.5&#8243; data_bg_size=\u00bbcover\u00bb data_bg_attachment=\u00bbscroll\u00bb data_bg_repeat=\u00bbno-repeat\u00bb data_bg_position=\u00bbtop center\u00bb data_bg_img=\u00bb14309|http:\/\/www.iapossantafe.gob.ar\/wp-content\/uploads\/sites\/26\/2019\/04\/header_novedades3-300&#215;63.jpg|medium\u00bb data_color=\u00bbdefault\u00bb data_bot_style=\u00bbdefault\u00bb data_top_style=\u00bbdefault\u00bb data_width=\u00bbboxed\u00bb data_shortcode_id=\u00bbb4x9vlqhtt\u00bb][cmsmasters_column data_width=\u00bb1\/1&#8243; data_bg_size=\u00bbcover\u00bb data_bg_attachment=\u00bbscroll\u00bb data_bg_repeat=\u00bbno-repeat\u00bb data_bg_position=\u00bbtop center\u00bb data_shortcode_id=\u00bb2j8uo31ste\u00bb data_animation_delay=\u00bb0&#8243; data_border_style=\u00bbdefault\u00bb][cmsmasters_heading shortcode_id=\u00bbvlvarzrgx\u00bb type=\u00bbh2&#8243; font_family=\u00bbMontserrat:400,700&#8243; font_size=\u00bb28&#8243; line_height=\u00bb40&#8243; font_weight=\u00bbnormal\u00bb font_style=\u00bbnormal\u00bb text_align=\u00bbcenter\u00bb color=\u00bb#ffffff\u00bb bg_color=\u00bb#00a8e7&#8243; border_radius=\u00bb12px\u00bb margin_top=\u00bb45&#8243; margin_bottom=\u00bb45&#8243; animation_delay=\u00bb0&#8243;]NOVEDADES[\/cmsmasters_heading][\/cmsmasters_column][\/cmsmasters_row][cmsmasters_row data_width=\u00bbboxed\u00bb data_top_style=\u00bbdefault\u00bb data_bot_style=\u00bbdefault\u00bb data_color=\u00bbdefault\u00bb data_padding_top=\u00bb65&#8243; data_padding_bottom=\u00bb5&#8243;][cmsmasters_column data_width=\u00bb1\/1&#8243;][cmsmasters_text]<\/p>\n<h3><strong>Cobertura medicamento nusinersen para afiliados<\/strong><\/h3>\n<p>El d\u00eda viernes 22 de Julio la obra social entreg\u00f3, en el Hospital Espa\u00f1ol de Rosario, las cuatro dosis del medicamento requerido por la afiliada Savina Barbagallo, quien padece Atrofia Muscular Espinal (AME) TIPO III, para iniciar su tratamiento, dando cumplimiento a la manda judicial impuesta por el juzgado interviniente.<\/p>\n<div class=\"impresion-renglon entry\">\n<p>Atento a la mediatizaci\u00f3n que tom\u00f3 este caso en particular, el Iapos recuerda que se brinda cobertura de Nusinersen (SPINRAZA\u00ae) para los afiliados con diagn\u00f3stico de AME (atrofia de medula espinal) cuando los criterios de indicaci\u00f3n de esta medicaci\u00f3n se encuentren dentro de los lineamientos del Ministerio de Salud de la Naci\u00f3n, los cuales se encuentran avalados por la evidencia cient\u00edfica existente.<\/p>\n<p>En la actualidad el instituto viene autorizando y comprando Nusinersen (Spinraza\u00ae) a cinco afiliados de la obra social que padecen Atrofia Muscular Espinal (AME). AME es un grupo de enfermedades gen\u00e9ticas que da\u00f1a las neuronas motoras, que controlan el movimiento de los brazos, piernas, cara, pecho, garganta y lengua. Se clasifica en 4 tipos o grupos, dependiendo de la gravedad de los s\u00edntomas; edad de aparici\u00f3n de los mismos y su evoluci\u00f3n posterior.<\/p>\n<p>Desde hace unos a\u00f1os se encuentra disponible en el mercado la medicaci\u00f3n Spinraza\u00ae, la cual retarda, pero no cura, el proceso de la enfermedad en algunos de estos tipos, pero no en otros. De acuerdo a las disposiciones de los organismos nacionales que controlan y fiscalizan la sanidad de los medicamentos, el sustento cient\u00edfico que avala la efectividad terap\u00e9utica de Spinraza\u00ae (www.argentina.gob.ar\/salud\/conetec\/informes-de-ets) indica que existe evidencia de mejora de la calidad de vida y enlentecimiento del proceso de la enfermedad en pacientes con AME tipo I y tipo II, NO encontrando evidencia de efectividad cuando se utiliz\u00f3 en pacientes con AME de inicio m\u00e1s tard\u00edo (tipo III y tipo IV).<\/p>\n<p>Esta medicaci\u00f3n tiene actualmente un precio de US$ 50.820 por cada dosis, requiriendo cada beneficiario 4 dosis solamente para el tratamiento inicial. Durante el a\u00f1o en curso la obra social ha realizado una erogaci\u00f3n de US$ 711.480 para la compra de esta medicaci\u00f3n.<\/p>\n<p>Debido al alto costo de este tipo de droga, el procedimiento de autorizaci\u00f3n conlleva un an\u00e1lisis pormenorizado de cada caso, tomando en cuenta toda la evidencia cient\u00edfica que demuestren efectividad y seguridad de la medicaci\u00f3n que se solicita, buscando brindar a cada beneficiario el tratamiento adecuado para su dolencia. Adem\u00e1s, la gesti\u00f3n de compras debe dar intervenci\u00f3n a distintas reparticiones, para su autorizaci\u00f3n y control.<\/p>\n<\/div>\n<p>[\/cmsmasters_text][cmsmasters_text]<\/p>\n<p>[\/cmsmasters_text][\/cmsmasters_column][\/cmsmasters_row][cmsmasters_row data_padding_bottom=\u00bb55&#8243; data_padding_top=\u00bb15&#8243; data_color=\u00bbdefault\u00bb data_bot_style=\u00bbdefault\u00bb data_top_style=\u00bbdefault\u00bb data_width=\u00bbboxed\u00bb data_shortcode_id=\u00bbcbbvl12nj\u00bb][cmsmasters_column data_width=\u00bb1\/4&#8243; data_shortcode_id=\u00bb3e8dx1pxur\u00bb][cmsmasters_text]<\/p>\n<p>[\/cmsmasters_text][\/cmsmasters_column][cmsmasters_column data_width=\u00bb1\/2&#8243; data_shortcode_id=\u00bbez4z9ih4tt\u00bb][cmsmasters_embed shortcode_id=\u00bboq1xhsdxl\u00bb width=\u00bb500&#8243; animation_delay=\u00bb0&#8243;][\/cmsmasters_column][cmsmasters_column data_width=\u00bb1\/4&#8243; data_shortcode_id=\u00bbrae7c4hdf4&#8243;][\/cmsmasters_column][\/cmsmasters_row]\n<div id=\"yt2pIconContextMenu\">\n<div class=\"yt2p-playergroup\">\n<div class=\"yt2p-player\"><\/div>\n<\/div>\n<\/div>\n","protected":false},"excerpt":{"rendered":"<p>[cmsmasters_row data_padding_bottom=\u00bb70&#8243; data_padding_top=\u00bb70&#8243; data_bg_parallax_ratio=\u00bb0.5&#8243; data_bg_size=\u00bbcover\u00bb data_bg_attachment=\u00bbscroll\u00bb data_bg_repeat=\u00bbno-repeat\u00bb data_bg_position=\u00bbtop center\u00bb data_bg_img=\u00bb14309|http:\/\/www.iapossantafe.gob.ar\/wp-content\/uploads\/sites\/26\/2019\/04\/header_novedades3-300&#215;63.jpg|medium\u00bb data_color=\u00bbdefault\u00bb data_bot_style=\u00bbdefault\u00bb data_top_style=\u00bbdefault\u00bb data_width=\u00bbboxed\u00bb data_shortcode_id=\u00bbb4x9vlqhtt\u00bb][cmsmasters_column data_width=\u00bb1\/1&#8243; data_bg_size=\u00bbcover\u00bb data_bg_attachment=\u00bbscroll\u00bb data_bg_repeat=\u00bbno-repeat\u00bb data_bg_position=\u00bbtop center\u00bb data_shortcode_id=\u00bb2j8uo31ste\u00bb data_animation_delay=\u00bb0&#8243; data_border_style=\u00bbdefault\u00bb][cmsmasters_heading shortcode_id=\u00bbvlvarzrgx\u00bb type=\u00bbh2&#8243; font_family=\u00bbMontserrat:400,700&#8243; font_size=\u00bb28&#8243; line_height=\u00bb40&#8243; font_weight=\u00bbnormal\u00bb font_style=\u00bbnormal\u00bb text_align=\u00bbcenter\u00bb color=\u00bb#ffffff\u00bb bg_color=\u00bb#00a8e7&#8243; border_radius=\u00bb12px\u00bb margin_top=\u00bb45&#8243; margin_bottom=\u00bb45&#8243; animation_delay=\u00bb0&#8243;]NOVEDADES[\/cmsmasters_heading][\/cmsmasters_column][\/cmsmasters_row][cmsmasters_row data_width=\u00bbboxed\u00bb data_top_style=\u00bbdefault\u00bb data_bot_style=\u00bbdefault\u00bb data_color=\u00bbdefault\u00bb data_padding_top=\u00bb65&#8243; data_padding_bottom=\u00bb5&#8243;][cmsmasters_column data_width=\u00bb1\/1&#8243;][cmsmasters_text] Cobertura medicamento nusinersen para afiliados El d\u00eda viernes 22 de&#8230;<\/p>\n","protected":false},"author":3190,"featured_media":0,"parent":0,"menu_order":0,"comment_status":"closed","ping_status":"closed","template":"","meta":{"_acf_changed":false,"footnotes":""},"class_list":["post-15806","page","type-page","status-publish","hentry"],"acf":[],"_links":{"self":[{"href":"https:\/\/www.santafe.gob.ar\/ms\/iapos-old\/wp-json\/wp\/v2\/pages\/15806","targetHints":{"allow":["GET"]}}],"collection":[{"href":"https:\/\/www.santafe.gob.ar\/ms\/iapos-old\/wp-json\/wp\/v2\/pages"}],"about":[{"href":"https:\/\/www.santafe.gob.ar\/ms\/iapos-old\/wp-json\/wp\/v2\/types\/page"}],"author":[{"embeddable":true,"href":"https:\/\/www.santafe.gob.ar\/ms\/iapos-old\/wp-json\/wp\/v2\/users\/3190"}],"replies":[{"embeddable":true,"href":"https:\/\/www.santafe.gob.ar\/ms\/iapos-old\/wp-json\/wp\/v2\/comments?post=15806"}],"version-history":[{"count":12,"href":"https:\/\/www.santafe.gob.ar\/ms\/iapos-old\/wp-json\/wp\/v2\/pages\/15806\/revisions"}],"predecessor-version":[{"id":15893,"href":"https:\/\/www.santafe.gob.ar\/ms\/iapos-old\/wp-json\/wp\/v2\/pages\/15806\/revisions\/15893"}],"wp:attachment":[{"href":"https:\/\/www.santafe.gob.ar\/ms\/iapos-old\/wp-json\/wp\/v2\/media?parent=15806"}],"curies":[{"name":"wp","href":"https:\/\/api.w.org\/{rel}","templated":true}]}}