{"id":15841,"date":"2022-06-09T09:25:57","date_gmt":"2022-06-09T12:25:57","guid":{"rendered":"http:\/\/www.iapossantafe.gob.ar\/?page_id=15841"},"modified":"2022-08-02T21:55:15","modified_gmt":"2022-08-03T00:55:15","slug":"hoja_de_vida","status":"publish","type":"page","link":"https:\/\/www.santafe.gob.ar\/ms\/iapos-old\/hoja_de_vida\/","title":{"rendered":"HOJA DE VIDA"},"content":{"rendered":"[cmsmasters_row data_padding_bottom=\u00bb70&#8243; data_padding_top=\u00bb70&#8243; data_bg_color=\u00bb#efefef\u00bb data_color=\u00bbdefault\u00bb data_bot_style=\u00bbdefault\u00bb data_top_style=\u00bbdefault\u00bb data_width=\u00bbboxed\u00bb data_shortcode_id=\u00bbf41225ba2a\u00bb][cmsmasters_column data_width=\u00bb1\/1&#8243;][cmsmasters_heading shortcode_id=\u00bbdf533e042d\u00bb type=\u00bbh1&#8243; font_size=\u00bb33&#8243; font_weight=\u00bbnormal\u00bb font_style=\u00bbnormal\u00bb text_align=\u00bbleft\u00bb color=\u00bb#09478d\u00bb margin_top=\u00bb0&#8243; margin_bottom=\u00bb15&#8243; animation=\u00bbfadeInLeft\u00bb animation_delay=\u00bb0&#8243;]HOJA DE VIDA[\/cmsmasters_heading]<\/p>\n<p>[cmsmasters_divider shortcode_id=\u00bbb0dbcd478c\u00bb width=\u00bbshort\u00bb height=\u00bb1&#8243; style=\u00bbsolid\u00bb position=\u00bbleft\u00bb color=\u00bb#09478d\u00bb margin_top=\u00bb10&#8243; margin_bottom=\u00bb25&#8243; animation_delay=\u00bb0&#8243;]<\/p>\n<p>[cmsmasters_text shortcode_id=\u00bb801592a0a0&#8243; animation=\u00bbfadeInLeft\u00bb animation_delay=\u00bb0&#8243;]<\/p>\n<p class=\"p1\"><span class=\"s1\">Para utilizar este servicio debe estar logueado en el sistema, si ya esta logueado en el sistema se le redirigir\u00e1 autom\u00e1ticamente. Si no esta logueado haga click en Iniciar Sesi\u00f3n y luego ser\u00e1 redirigido autom\u00e1ticamente.<\/span><\/p>\n<p>[\/cmsmasters_text][\/cmsmasters_column][\/cmsmasters_row][cmsmasters_row data_width=\u00bbboxed\u00bb data_padding_left=\u00bb3&#8243; data_padding_right=\u00bb3&#8243; data_top_style=\u00bbdefault\u00bb data_bot_style=\u00bbdefault\u00bb data_color=\u00bbdefault\u00bb data_bg_position=\u00bbtop center\u00bb data_bg_repeat=\u00bbno-repeat\u00bb data_bg_attachment=\u00bbscroll\u00bb data_bg_size=\u00bbcover\u00bb data_bg_parallax_ratio=\u00bb0.5&#8243; data_padding_top=\u00bb0&#8243; data_padding_bottom=\u00bb50&#8243; data_padding_top_large=\u00bb0&#8243; data_padding_bottom_large=\u00bb0&#8243; data_padding_top_laptop=\u00bb0&#8243; data_padding_bottom_laptop=\u00bb0&#8243; data_padding_top_tablet=\u00bb0&#8243; data_padding_bottom_tablet=\u00bb0&#8243; data_padding_top_mobile_h=\u00bb0&#8243; data_padding_bottom_mobile_h=\u00bb0&#8243; data_padding_top_mobile_v=\u00bb0&#8243; data_padding_bottom_mobile_v=\u00bb0&#8243; data_shortcode_id=\u00bbmro8oq72yl\u00bb][cmsmasters_column data_width=\u00bb1\/1&#8243; data_bg_position=\u00bbtop center\u00bb data_bg_repeat=\u00bbno-repeat\u00bb data_bg_attachment=\u00bbscroll\u00bb data_bg_size=\u00bbcover\u00bb data_border_style=\u00bbdefault\u00bb data_animation_delay=\u00bb0&#8243; data_shortcode_id=\u00bb122qc717wa\u00bb]<\/p>\n\n<p>[\/cmsmasters_column][\/cmsmasters_row]\n","protected":false},"excerpt":{"rendered":"<p>[cmsmasters_row data_padding_bottom=\u00bb70&#8243; data_padding_top=\u00bb70&#8243; data_bg_color=\u00bb#efefef\u00bb data_color=\u00bbdefault\u00bb data_bot_style=\u00bbdefault\u00bb data_top_style=\u00bbdefault\u00bb data_width=\u00bbboxed\u00bb data_shortcode_id=\u00bbf41225ba2a\u00bb][cmsmasters_column data_width=\u00bb1\/1&#8243;][cmsmasters_heading shortcode_id=\u00bbdf533e042d\u00bb type=\u00bbh1&#8243; font_size=\u00bb33&#8243; font_weight=\u00bbnormal\u00bb font_style=\u00bbnormal\u00bb text_align=\u00bbleft\u00bb color=\u00bb#09478d\u00bb margin_top=\u00bb0&#8243; margin_bottom=\u00bb15&#8243; animation=\u00bbfadeInLeft\u00bb animation_delay=\u00bb0&#8243;]HOJA DE VIDA[\/cmsmasters_heading] [cmsmasters_divider shortcode_id=\u00bbb0dbcd478c\u00bb width=\u00bbshort\u00bb height=\u00bb1&#8243; style=\u00bbsolid\u00bb position=\u00bbleft\u00bb color=\u00bb#09478d\u00bb margin_top=\u00bb10&#8243; margin_bottom=\u00bb25&#8243; animation_delay=\u00bb0&#8243;] [cmsmasters_text shortcode_id=\u00bb801592a0a0&#8243; animation=\u00bbfadeInLeft\u00bb animation_delay=\u00bb0&#8243;] Para utilizar este servicio debe estar logueado en el sistema, si ya esta logueado en el sistema se&#8230;<\/p>\n","protected":false},"author":239,"featured_media":0,"parent":0,"menu_order":0,"comment_status":"closed","ping_status":"closed","template":"","meta":{"_acf_changed":false,"footnotes":""},"class_list":["post-15841","page","type-page","status-publish","hentry"],"acf":[],"_links":{"self":[{"href":"https:\/\/www.santafe.gob.ar\/ms\/iapos-old\/wp-json\/wp\/v2\/pages\/15841","targetHints":{"allow":["GET"]}}],"collection":[{"href":"https:\/\/www.santafe.gob.ar\/ms\/iapos-old\/wp-json\/wp\/v2\/pages"}],"about":[{"href":"https:\/\/www.santafe.gob.ar\/ms\/iapos-old\/wp-json\/wp\/v2\/types\/page"}],"author":[{"embeddable":true,"href":"https:\/\/www.santafe.gob.ar\/ms\/iapos-old\/wp-json\/wp\/v2\/users\/239"}],"replies":[{"embeddable":true,"href":"https:\/\/www.santafe.gob.ar\/ms\/iapos-old\/wp-json\/wp\/v2\/comments?post=15841"}],"version-history":[{"count":3,"href":"https:\/\/www.santafe.gob.ar\/ms\/iapos-old\/wp-json\/wp\/v2\/pages\/15841\/revisions"}],"predecessor-version":[{"id":15844,"href":"https:\/\/www.santafe.gob.ar\/ms\/iapos-old\/wp-json\/wp\/v2\/pages\/15841\/revisions\/15844"}],"wp:attachment":[{"href":"https:\/\/www.santafe.gob.ar\/ms\/iapos-old\/wp-json\/wp\/v2\/media?parent=15841"}],"curies":[{"name":"wp","href":"https:\/\/api.w.org\/{rel}","templated":true}]}}