{"id":15855,"date":"2022-06-15T10:47:57","date_gmt":"2022-06-15T13:47:57","guid":{"rendered":"http:\/\/www.iapossantafe.gob.ar\/?page_id=15855"},"modified":"2022-06-15T11:47:17","modified_gmt":"2022-06-15T14:47:17","slug":"prevenciononcologicadelamujer","status":"publish","type":"page","link":"https:\/\/www.santafe.gob.ar\/ms\/iapos-old\/prevenciononcologicadelamujer\/","title":{"rendered":"Plan de prevenci\u00f3n oncol\u00f3gica de la mujer"},"content":{"rendered":"[cmsmasters_row data_bg_color=\u00bb#efefef\u00bb data_shortcode_id=\u00bbf41225ba2a\u00bb data_width=\u00bbboxed\u00bb data_top_style=\u00bbdefault\u00bb data_bot_style=\u00bbdefault\u00bb data_color=\u00bbdefault\u00bb data_padding_top=\u00bb70&#8243; data_padding_bottom=\u00bb70&#8243;][cmsmasters_column data_width=\u00bb1\/1&#8243;][cmsmasters_heading shortcode_id=\u00bbdf533e042d\u00bb type=\u00bbh1&#8243; font_size=\u00bb33&#8243; font_weight=\u00bbnormal\u00bb font_style=\u00bbnormal\u00bb text_align=\u00bbleft\u00bb color=\u00bb#09478d\u00bb margin_top=\u00bb0&#8243; margin_bottom=\u00bb15&#8243; animation=\u00bbfadeInLeft\u00bb animation_delay=\u00bb0&#8243;]PLAN DE PREVENCI\u00d3N ONCOL\u00d3GICA DE LA MUJER[\/cmsmasters_heading]<\/p>\n<p>[cmsmasters_divider shortcode_id=\u00bbb0dbcd478c\u00bb width=\u00bbshort\u00bb height=\u00bb1&#8243; style=\u00bbsolid\u00bb position=\u00bbleft\u00bb color=\u00bb#09478d\u00bb margin_top=\u00bb10&#8243; margin_bottom=\u00bb25&#8243; animation_delay=\u00bb0&#8243;]<\/p>\n<p>[cmsmasters_text shortcode_id=\u00bb801592a0a0&#8243; animation=\u00bbfadeInLeft\u00bb animation_delay=\u00bb0&#8243;]<\/p>\n<h5>Esta campa\u00f1a prev\u00e9 la realizaci\u00f3n de un papanicolau cada 12 meses, en forma totalmente gratuita, para todas las beneficiarias de la Obra Social que tengan entre 18 y 55 a\u00f1os de edad.<\/h5>\n<h5>Para ello se entrega a la afiliada que requiera la prestaci\u00f3n una orden de consulta m\u00e9dica y los bonos asistenciales con la leyenda del programa y sin cargo.<\/h5>\n<p>[\/cmsmasters_text][\/cmsmasters_column][\/cmsmasters_row][cmsmasters_row data_shortcode_id=\u00bbubk3io5z6s\u00bb data_width=\u00bbboxed\u00bb data_top_style=\u00bbdefault\u00bb data_bot_style=\u00bbdefault\u00bb data_color=\u00bbdefault\u00bb data_padding_top=\u00bb50&#8243; data_padding_bottom=\u00bb70&#8243;][cmsmasters_column data_width=\u00bb1\/1&#8243; data_shortcode_id=\u00bbjc0hzovjk8&#8243;][cmsmasters_text shortcode_id=\u00bbuzj9evqdxo\u00bb animation=\u00bbfadeInLeft\u00bb animation_delay=\u00bb0&#8243;]<\/p>\n<p>Para acceder al plan, la afiliada debe presentar el pedido m\u00e9dico en el lugar donde se realizar\u00e1 la pr\u00e1ctica y la autorizaci\u00f3n es on line desde el prestador.<\/p>\n<p>La orden de consulta y los bonos asistenciales se generan e imprimen sin cargo desde la web <a href=\"https:\/\/www.santafe.gov.ar\/iapos-www\/servlet\/beloginsf?PYQY4qDzdwoefmnYK7cNCfbHq6p628Ze4eHpS4XiwAN4zdao528ysA0UMkPe3OYCxwDVJVAPxrXT61Fvmv6zVQ==\" target=\"_blank\" rel=\"noopener\">(ingresando aqu\u00ed)<\/a>. Estos coseguros pueden ser impresos una sola vez al a\u00f1o, para el control de papanicolau.<\/p>\n<p>Las afiliadas que se encuentren fuera de ese rango etario acceden a la cobertura de la pr\u00e1ctica presentando coseguros (\u00f3rdenes y bonos asistenciales) con cargo.<\/p>\n<p>[\/cmsmasters_text][\/cmsmasters_column][\/cmsmasters_row]\n","protected":false},"excerpt":{"rendered":"<p>[cmsmasters_row data_bg_color=\u00bb#efefef\u00bb data_shortcode_id=\u00bbf41225ba2a\u00bb data_width=\u00bbboxed\u00bb data_top_style=\u00bbdefault\u00bb data_bot_style=\u00bbdefault\u00bb data_color=\u00bbdefault\u00bb data_padding_top=\u00bb70&#8243; data_padding_bottom=\u00bb70&#8243;][cmsmasters_column data_width=\u00bb1\/1&#8243;][cmsmasters_heading shortcode_id=\u00bbdf533e042d\u00bb type=\u00bbh1&#8243; font_size=\u00bb33&#8243; font_weight=\u00bbnormal\u00bb font_style=\u00bbnormal\u00bb text_align=\u00bbleft\u00bb color=\u00bb#09478d\u00bb margin_top=\u00bb0&#8243; margin_bottom=\u00bb15&#8243; animation=\u00bbfadeInLeft\u00bb animation_delay=\u00bb0&#8243;]PLAN DE PREVENCI\u00d3N ONCOL\u00d3GICA DE LA MUJER[\/cmsmasters_heading] [cmsmasters_divider shortcode_id=\u00bbb0dbcd478c\u00bb width=\u00bbshort\u00bb height=\u00bb1&#8243; style=\u00bbsolid\u00bb position=\u00bbleft\u00bb color=\u00bb#09478d\u00bb margin_top=\u00bb10&#8243; margin_bottom=\u00bb25&#8243; animation_delay=\u00bb0&#8243;] [cmsmasters_text shortcode_id=\u00bb801592a0a0&#8243; animation=\u00bbfadeInLeft\u00bb animation_delay=\u00bb0&#8243;] Esta campa\u00f1a prev\u00e9 la realizaci\u00f3n de un papanicolau cada 12 meses, en forma totalmente&#8230;<\/p>\n","protected":false},"author":3190,"featured_media":0,"parent":0,"menu_order":0,"comment_status":"closed","ping_status":"closed","template":"","meta":{"_acf_changed":false,"footnotes":""},"class_list":["post-15855","page","type-page","status-publish","hentry"],"acf":[],"_links":{"self":[{"href":"https:\/\/www.santafe.gob.ar\/ms\/iapos-old\/wp-json\/wp\/v2\/pages\/15855","targetHints":{"allow":["GET"]}}],"collection":[{"href":"https:\/\/www.santafe.gob.ar\/ms\/iapos-old\/wp-json\/wp\/v2\/pages"}],"about":[{"href":"https:\/\/www.santafe.gob.ar\/ms\/iapos-old\/wp-json\/wp\/v2\/types\/page"}],"author":[{"embeddable":true,"href":"https:\/\/www.santafe.gob.ar\/ms\/iapos-old\/wp-json\/wp\/v2\/users\/3190"}],"replies":[{"embeddable":true,"href":"https:\/\/www.santafe.gob.ar\/ms\/iapos-old\/wp-json\/wp\/v2\/comments?post=15855"}],"version-history":[{"count":4,"href":"https:\/\/www.santafe.gob.ar\/ms\/iapos-old\/wp-json\/wp\/v2\/pages\/15855\/revisions"}],"predecessor-version":[{"id":15860,"href":"https:\/\/www.santafe.gob.ar\/ms\/iapos-old\/wp-json\/wp\/v2\/pages\/15855\/revisions\/15860"}],"wp:attachment":[{"href":"https:\/\/www.santafe.gob.ar\/ms\/iapos-old\/wp-json\/wp\/v2\/media?parent=15855"}],"curies":[{"name":"wp","href":"https:\/\/api.w.org\/{rel}","templated":true}]}}