{"id":15871,"date":"2022-07-05T11:22:36","date_gmt":"2022-07-05T14:22:36","guid":{"rendered":"http:\/\/www.iapossantafe.gob.ar\/?page_id=15871"},"modified":"2022-09-13T17:40:49","modified_gmt":"2022-09-13T20:40:49","slug":"impresionboletas","status":"publish","type":"page","link":"https:\/\/www.santafe.gob.ar\/ms\/iapos-old\/impresionboletas\/","title":{"rendered":"BOLETAS DE DEP\u00d3SITO &#8211; SISTEMA WEB"},"content":{"rendered":"[cmsmasters_row data_padding_bottom=\u00bb30&#8243; data_padding_top=\u00bb30&#8243; data_bg_color=\u00bb#efefef\u00bb data_color=\u00bbdefault\u00bb data_bot_style=\u00bbdefault\u00bb data_top_style=\u00bbdefault\u00bb data_width=\u00bbboxed\u00bb data_shortcode_id=\u00bbf41225ba2a\u00bb][cmsmasters_column data_width=\u00bb1\/1&#8243;][cmsmasters_heading shortcode_id=\u00bbdf533e042d\u00bb type=\u00bbh1&#8243; font_size=\u00bb33&#8243; font_weight=\u00bbnormal\u00bb font_style=\u00bbnormal\u00bb text_align=\u00bbleft\u00bb color=\u00bb#09478d\u00bb margin_top=\u00bb0&#8243; margin_bottom=\u00bb15&#8243; animation=\u00bbfadeInLeft\u00bb animation_delay=\u00bb0&#8243;] BOLETAS DE DEP\u00d3SITO &#8211; IMPRESI\u00d3N[\/cmsmasters_heading]<\/p>\n<p>[cmsmasters_divider shortcode_id=\u00bbb0dbcd478c\u00bb width=\u00bbshort\u00bb height=\u00bb1&#8243; style=\u00bbsolid\u00bb position=\u00bbleft\u00bb color=\u00bb#09478d\u00bb margin_top=\u00bb10&#8243; margin_bottom=\u00bb25&#8243; animation_delay=\u00bb0&#8243;]<\/p>\n<p>[cmsmasters_text shortcode_id=\u00bbpj0l30t6gn\u00bb animation_delay=\u00bb0&#8243;]<\/p>\n<p>Mediante este tr\u00e1mite podr\u00e1n generar e imprimir las boletas de dep\u00f3sito los afiliados al IAPOS por Sistema Abierto que realicen sus aportes a la obra social a trav\u00e9s de dep\u00f3sitos bancarios o los trabajadores del estado santafesino con licencia sin goce de haberes que realizaron el tr\u00e1mite para continuar como afiliados al IAPOS.<\/p>\n<p>Los afiliados al IAPOS por convenio de reciprocidad por extra\u00f1a jurisddici\u00f3n adheridos al Servicio Complementario podr\u00e1n tambi\u00e9n generar e imprimir las boletas de dep\u00f3sito para el pago de la cuota de este Servicio.<\/p>\n<p>[\/cmsmasters_text][\/cmsmasters_column][\/cmsmasters_row][cmsmasters_row data_shortcode_id=\u00bbubk3io5z6s\u00bb data_width=\u00bbboxed\u00bb data_top_style=\u00bbdefault\u00bb data_bot_style=\u00bbdefault\u00bb data_color=\u00bbdefault\u00bb data_padding_top=\u00bb10&#8243; data_padding_bottom=\u00bb10&#8243;][cmsmasters_column data_width=\u00bb1\/1&#8243; data_shortcode_id=\u00bbjc0hzovjk8&#8243;][cmsmasters_text shortcode_id=\u00bb33om8iavue\u00bb animation_delay=\u00bb0&#8243;]<\/p>\n<p>El aporte de los afiliados por Sistema Abierto o con Licencia sin goce de haberes se actualizan de acuerdo a la pol\u00edtica salarial definida para los empleados de la administraci\u00f3n p\u00fablica provincial, por lo cual puede demorarse la publicaci\u00f3n de las boletas de dep\u00f3sito para el pago de la cuota del mes de marzo hasta tanto quede establecido el aumento correspondiente. Se recuerda que, en esos casos, los afiliados pueden continuar utilizando los servicios del IAPOS con la presentaci\u00f3n de la \u00faltima boleta paga durante el t\u00e9rmino de 2 meses.<\/p>\n<p>Luego del cumplimentado el tr\u00e1mite de alta, mensualmente se podr\u00e1n descargar las boletas de dep\u00f3sito desde el siguiente link.<\/p>\n<p>[\/cmsmasters_text][cmsmasters_button shortcode_id=\u00bbll9kflywvt\u00bb button_link=\u00bbhttps:\/\/www.santafe.gov.ar\/iapos-www\/servlet\/belgnstr01sf\u00bb button_target=\u00bbblank\u00bb button_text_align=\u00bbcenter\u00bb button_style=\u00bbcmsmasters_but_bg_hover\u00bb button_font_weight=\u00bbdefault\u00bb button_font_style=\u00bbdefault\u00bb button_text_transform=\u00bbdefault\u00bb button_border_style=\u00bbdefault\u00bb button_border_radius=\u00bb10px\u00bb button_text_color=\u00bb#3eb8d7&#8243; button_border_color=\u00bb#3eb8d7&#8243; button_bg_color_h=\u00bb#3eb8d7&#8243; button_text_color_h=\u00bb#ffffff\u00bb animation_delay=\u00bb0&#8243;]IMPRESI\u00d3N DE BOLETAS DE DEP\u00d3SITO[\/cmsmasters_button][cmsmasters_text shortcode_id=\u00bbniavx0qy2f\u00bb animation_delay=\u00bb0&#8243;]<\/p>\n<p>&nbsp;<\/p>\n<p>[\/cmsmasters_text][\/cmsmasters_column][\/cmsmasters_row][cmsmasters_row data_shortcode_id=\u00bbd3pqryujxb\u00bb data_width=\u00bbboxed\u00bb data_top_style=\u00bbdefault\u00bb data_bot_style=\u00bbdefault\u00bb data_color=\u00bbdefault\u00bb data_padding_top=\u00bb10&#8243; data_padding_bottom=\u00bb10&#8243;][cmsmasters_column data_width=\u00bb1\/1&#8243; data_animation_delay=\u00bb0&#8243; data_border_style=\u00bbdefault\u00bb data_bg_size=\u00bbcover\u00bb data_bg_attachment=\u00bbscroll\u00bb data_bg_repeat=\u00bbno-repeat\u00bb data_bg_position=\u00bbtop center\u00bb data_shortcode_id=\u00bbfe3yubzdm\u00bb]<\/p>\n<p>[cmsmasters_divider shortcode_id=\u00bbdedr2m2z3p\u00bb width=\u00bbshort\u00bb height=\u00bb1&#8243; style=\u00bbsolid\u00bb position=\u00bbcenter\u00bb margin_bottom=\u00bb0&#8243; animation_delay=\u00bb0&#8243;]<\/p>\n<p>[\/cmsmasters_column][\/cmsmasters_row][cmsmasters_row data_padding_bottom=\u00bb10&#8243; data_padding_top=\u00bb20&#8243; data_color=\u00bbdefault\u00bb data_bot_style=\u00bbdefault\u00bb data_top_style=\u00bbdefault\u00bb data_width=\u00bbboxed\u00bb data_shortcode_id=\u00bbu2pn5k8dw4&#8243;][cmsmasters_column data_width=\u00bb1\/1&#8243; data_shortcode_id=\u00bbm0kqw8h7de\u00bb][cmsmasters_text shortcode_id=\u00bbglbh1rvkok\u00bb animation_delay=\u00bb0&#8243;]<\/p>\n","protected":false},"excerpt":{"rendered":"<p>[cmsmasters_row data_padding_bottom=\u00bb30&#8243; data_padding_top=\u00bb30&#8243; data_bg_color=\u00bb#efefef\u00bb data_color=\u00bbdefault\u00bb data_bot_style=\u00bbdefault\u00bb data_top_style=\u00bbdefault\u00bb data_width=\u00bbboxed\u00bb data_shortcode_id=\u00bbf41225ba2a\u00bb][cmsmasters_column data_width=\u00bb1\/1&#8243;][cmsmasters_heading shortcode_id=\u00bbdf533e042d\u00bb type=\u00bbh1&#8243; font_size=\u00bb33&#8243; font_weight=\u00bbnormal\u00bb font_style=\u00bbnormal\u00bb text_align=\u00bbleft\u00bb color=\u00bb#09478d\u00bb margin_top=\u00bb0&#8243; margin_bottom=\u00bb15&#8243; animation=\u00bbfadeInLeft\u00bb animation_delay=\u00bb0&#8243;] BOLETAS DE DEP\u00d3SITO &#8211; IMPRESI\u00d3N[\/cmsmasters_heading] [cmsmasters_divider shortcode_id=\u00bbb0dbcd478c\u00bb width=\u00bbshort\u00bb height=\u00bb1&#8243; style=\u00bbsolid\u00bb position=\u00bbleft\u00bb color=\u00bb#09478d\u00bb margin_top=\u00bb10&#8243; margin_bottom=\u00bb25&#8243; animation_delay=\u00bb0&#8243;] [cmsmasters_text shortcode_id=\u00bbpj0l30t6gn\u00bb animation_delay=\u00bb0&#8243;] Mediante este tr\u00e1mite podr\u00e1n generar e imprimir las boletas de dep\u00f3sito los afiliados al IAPOS por&#8230;<\/p>\n","protected":false},"author":3190,"featured_media":0,"parent":0,"menu_order":0,"comment_status":"closed","ping_status":"closed","template":"","meta":{"_acf_changed":false,"footnotes":""},"class_list":["post-15871","page","type-page","status-publish","hentry"],"acf":[],"_links":{"self":[{"href":"https:\/\/www.santafe.gob.ar\/ms\/iapos-old\/wp-json\/wp\/v2\/pages\/15871","targetHints":{"allow":["GET"]}}],"collection":[{"href":"https:\/\/www.santafe.gob.ar\/ms\/iapos-old\/wp-json\/wp\/v2\/pages"}],"about":[{"href":"https:\/\/www.santafe.gob.ar\/ms\/iapos-old\/wp-json\/wp\/v2\/types\/page"}],"author":[{"embeddable":true,"href":"https:\/\/www.santafe.gob.ar\/ms\/iapos-old\/wp-json\/wp\/v2\/users\/3190"}],"replies":[{"embeddable":true,"href":"https:\/\/www.santafe.gob.ar\/ms\/iapos-old\/wp-json\/wp\/v2\/comments?post=15871"}],"version-history":[{"count":10,"href":"https:\/\/www.santafe.gob.ar\/ms\/iapos-old\/wp-json\/wp\/v2\/pages\/15871\/revisions"}],"predecessor-version":[{"id":15906,"href":"https:\/\/www.santafe.gob.ar\/ms\/iapos-old\/wp-json\/wp\/v2\/pages\/15871\/revisions\/15906"}],"wp:attachment":[{"href":"https:\/\/www.santafe.gob.ar\/ms\/iapos-old\/wp-json\/wp\/v2\/media?parent=15871"}],"curies":[{"name":"wp","href":"https:\/\/api.w.org\/{rel}","templated":true}]}}