{"id":7366,"date":"2016-11-18T08:37:53","date_gmt":"2016-11-18T08:37:53","guid":{"rendered":"http:\/\/interior-design.cmsmasters.net\/?page_id=7366"},"modified":"2023-04-04T12:07:05","modified_gmt":"2023-04-04T15:07:05","slug":"home-store","status":"publish","type":"page","link":"https:\/\/www.santafe.gob.ar\/ms\/iapos-old\/","title":{"rendered":"Home"},"content":{"rendered":"[cmsmasters_row data_padding_left=\u00bb0&#8243; data_padding_right=\u00bb0&#8243; data_shortcode_id=\u00bbc077923b26&#8243; data_width=\u00bbfullwidth\u00bb data_top_style=\u00bbdefault\u00bb data_bot_style=\u00bbdefault\u00bb data_color=\u00bbdefault\u00bb data_padding_top=\u00bb0&#8243; data_padding_bottom=\u00bb0&#8243;][cmsmasters_column data_width=\u00bb1\/1&#8243;]<\/p>\n<p>[cmsmasters_slider shortcode_id=\u00bbhfqggg11w3&#8243; slider_plugin=\u00bblayer\u00bb slider_layer=\u00bb2&#8243;]<\/p>\n<p>[\/cmsmasters_column][\/cmsmasters_row][cmsmasters_row data_bg_color=\u00bb#014189&#8243; data_shortcode_id=\u00bb37654e919a\u00bb data_width=\u00bbfullwidth\u00bb data_top_style=\u00bbdefault\u00bb data_bot_style=\u00bbdefault\u00bb data_color=\u00bbdefault\u00bb data_padding_top=\u00bb7&#8243; data_padding_bottom=\u00bb5&#8243; data_classes=\u00bbcmsmasters_homepage_info\u00bb][cmsmasters_column data_width=\u00bb1\/3&#8243; data_border_style=\u00bbdefault\u00bb]<\/p>\n<p>[cmsmasters_divider shortcode_id=\u00bb4u4hkid0rv\u00bb width=\u00bbshort\u00bb height=\u00bb1&#8243; style=\u00bbsolid\u00bb position=\u00bbcenter\u00bb color=\u00bb#014189&#8243; margin_top=\u00bb5&#8243; margin_bottom=\u00bb5&#8243; animation_delay=\u00bb0&#8243;]<\/p>\n<p>[cmsmasters_heading shortcode_id=\u00bblz1efdzlyd\u00bb type=\u00bbh5&#8243; font_size=\u00bb15&#8243; font_weight=\u00bbbold\u00bb font_style=\u00bbdefault\u00bb text_align=\u00bbcenter\u00bb color=\u00bb#ffffff\u00bb margin_top=\u00bb0&#8243; margin_bottom=\u00bb20&#8243; animation_delay=\u00bb0&#8243;]COVID -19: S\u00cdNTOMAS Y CONSULTAS[\/cmsmasters_heading][cmsmasters_heading shortcode_id=\u00bb3jwnq22x3&#8243; type=\u00bbh5&#8243; font_size=\u00bb24&#8243; font_weight=\u00bbdefault\u00bb font_style=\u00bbdefault\u00bb text_align=\u00bbcenter\u00bb color=\u00bb#3eb8d7&#8243; link=\u00bbtel:08005556549&#8243; target=\u00bbblank\u00bb margin_top=\u00bb0&#8243; margin_bottom=\u00bb10&#8243; animation_delay=\u00bb0&#8243;]0800 555 6549[\/cmsmasters_heading][cmsmasters_heading shortcode_id=\u00bb2m2etd72t\u00bb type=\u00bbh5&#8243; font_size=\u00bb14&#8243; font_weight=\u00bbdefault\u00bb font_style=\u00bbdefault\u00bb text_align=\u00bbcenter\u00bb color=\u00bb#ffffff\u00bb margin_top=\u00bb0&#8243; margin_bottom=\u00bb20&#8243; animation_delay=\u00bb0&#8243;] [\/cmsmasters_heading][\/cmsmasters_column][cmsmasters_column data_width=\u00bb1\/3&#8243;]<\/p>\n<p>[cmsmasters_divider shortcode_id=\u00bbae8um2zwi\u00bb width=\u00bbshort\u00bb height=\u00bb1&#8243; style=\u00bbsolid\u00bb position=\u00bbcenter\u00bb color=\u00bb#014189&#8243; margin_top=\u00bb5&#8243; margin_bottom=\u00bb5&#8243; animation_delay=\u00bb0&#8243;]<\/p>\n<p>[cmsmasters_heading shortcode_id=\u00bbjscspgtbk\u00bb type=\u00bbh5&#8243; font_size=\u00bb15&#8243; font_weight=\u00bbbold\u00bb font_style=\u00bbdefault\u00bb text_align=\u00bbcenter\u00bb color=\u00bb#ffffff\u00bb margin_top=\u00bb0&#8243; margin_bottom=\u00bb20&#8243; animation_delay=\u00bb0&#8243;]OBRA SOCIAL: CONSULTAS Y COBERTURA[\/cmsmasters_heading][cmsmasters_heading shortcode_id=\u00bbhnt4dyrdzm\u00bb type=\u00bbh5&#8243; font_size=\u00bb24&#8243; font_weight=\u00bbdefault\u00bb font_style=\u00bbdefault\u00bb text_align=\u00bbcenter\u00bb color=\u00bb#3eb8d7&#8243; link=\u00bbtel:08004444276&#8243; target=\u00bbblank\u00bb margin_top=\u00bb0&#8243; margin_bottom=\u00bb10&#8243; animation_delay=\u00bb0&#8243;]0800 444 4276[\/cmsmasters_heading][cmsmasters_heading shortcode_id=\u00bb2m2etd72t\u00bb type=\u00bbh5&#8243; font_size=\u00bb14&#8243; font_weight=\u00bbdefault\u00bb font_style=\u00bbdefault\u00bb text_align=\u00bbcenter\u00bb color=\u00bb#ffffff\u00bb margin_top=\u00bb0&#8243; margin_bottom=\u00bb20&#8243; animation_delay=\u00bb0&#8243;]Lunes a Viernes de 08 A 16 hs.[\/cmsmasters_heading][\/cmsmasters_column][cmsmasters_column data_width=\u00bb1\/3&#8243;]<\/p>\n<p>[cmsmasters_divider shortcode_id=\u00bb9b7qpc1nf\u00bb width=\u00bbshort\u00bb height=\u00bb1&#8243; style=\u00bbsolid\u00bb position=\u00bbcenter\u00bb color=\u00bb#014189&#8243; margin_top=\u00bb5&#8243; margin_bottom=\u00bb5&#8243; animation_delay=\u00bb0&#8243;]<\/p>\n<p>[cmsmasters_heading shortcode_id=\u00bbi1hnpad6xo\u00bb type=\u00bbh5&#8243; font_size=\u00bb15&#8243; font_weight=\u00bbbold\u00bb font_style=\u00bbdefault\u00bb text_align=\u00bbcenter\u00bb color=\u00bb#ffffff\u00bb margin_top=\u00bb0&#8243; margin_bottom=\u00bb20&#8243; animation_delay=\u00bb0&#8243;]MEDICAMENTOS: CONSULTAS Y COBERTURA[\/cmsmasters_heading][cmsmasters_heading shortcode_id=\u00bbigjlm232l\u00bb type=\u00bbh5&#8243; font_size=\u00bb24&#8243; font_weight=\u00bbdefault\u00bb font_style=\u00bbdefault\u00bb text_align=\u00bbcenter\u00bb color=\u00bb#3eb8d7&#8243; link=\u00bbtel:08102224276&#8243; target=\u00bbblank\u00bb margin_top=\u00bb0&#8243; margin_bottom=\u00bb10&#8243; animation_delay=\u00bb0&#8243;]0810 222 4276[\/cmsmasters_heading][cmsmasters_heading shortcode_id=\u00bbu5vlrjoyx8&#8243; type=\u00bbh5&#8243; font_size=\u00bb24&#8243; font_weight=\u00bbdefault\u00bb font_style=\u00bbdefault\u00bb icon=\u00bbcmsmasters-icon-whatsapp\u00bb text_align=\u00bbcenter\u00bb color=\u00bb#3eb8d7&#8243; link=\u00bbtel:08004444276&#8243; target=\u00bbblank\u00bb margin_top=\u00bb0&#8243; margin_bottom=\u00bb10&#8243; animation_delay=\u00bb0&#8243;]342 5532737[\/cmsmasters_heading][cmsmasters_heading shortcode_id=\u00bbp042c9ff49&#8243; type=\u00bbh5&#8243; font_size=\u00bb14&#8243; font_weight=\u00bbdefault\u00bb font_style=\u00bbdefault\u00bb text_align=\u00bbcenter\u00bb color=\u00bb#ffffff\u00bb margin_top=\u00bb0&#8243; margin_bottom=\u00bb20&#8243; animation_delay=\u00bb0&#8243;]Lunes a Viernes de 08 A 18 hs.[\/cmsmasters_heading][\/cmsmasters_column][\/cmsmasters_row][cmsmasters_row data_bg_color=\u00bb#efefef\u00bb data_shortcode_id=\u00bba26ff7ef95&#8243; data_width=\u00bbboxed\u00bb data_top_style=\u00bbdefault\u00bb data_bot_style=\u00bbdefault\u00bb data_color=\u00bbdefault\u00bb data_padding_top=\u00bb20&#8243; data_padding_bottom=\u00bb20&#8243;][cmsmasters_column data_width=\u00bb1\/4&#8243;][cmsmasters_simple_icon shortcode_id=\u00bbe9323d506c\u00bb icon=\u00bbcmsmasters-icon-custom-5&#8243; size=\u00bb50&#8243; space=\u00bb90&#8243; display=\u00bbblock\u00bb text_align=\u00bbcenter\u00bb border_width=\u00bb0&#8243; border_radius=\u00bb50%\u00bb color=\u00bb#0392ce\u00bb link=\u00bbhttp:\/\/www.iapossantafe.gob.ar\/reclamos\/\u00bb target=\u00bbblank\u00bb animation_delay=\u00bb0&#8243;][\/cmsmasters_simple_icon][cmsmasters_heading shortcode_id=\u00bbfm2lebbht\u00bb type=\u00bbh5&#8243; font_family=\u00bbRaleway:300,400,500,600,700&#8243; font_size=\u00bb14&#8243; line_height=\u00bb20&#8243; font_weight=\u00bbbold\u00bb font_style=\u00bbnormal\u00bb text_align=\u00bbcenter\u00bb color=\u00bb#014189&#8243; link=\u00bbhttp:\/\/www.iapossantafe.gob.ar\/reclamos\/\u00bb target=\u00bbblank\u00bb margin_top=\u00bb0&#8243; margin_bottom=\u00bb20&#8243; animation_delay=\u00bb0&#8243;]RECLAMOS POR PR\u00c1CTICAS ABUSIVAS[\/cmsmasters_heading][\/cmsmasters_column][cmsmasters_column data_width=\u00bb1\/4&#8243;][cmsmasters_simple_icon shortcode_id=\u00bb7e10c77fab\u00bb icon=\u00bbcmsmasters-icon-globe-alt-2&#8243; size=\u00bb50&#8243; space=\u00bb90&#8243; display=\u00bbblock\u00bb text_align=\u00bbcenter\u00bb border_width=\u00bb0&#8243; border_radius=\u00bb50%\u00bb color=\u00bb#0392ce\u00bb link=\u00bbhttp:\/\/www.iapossantafe.gob.ar\/gestionesonline\/\u00bb target=\u00bbself\u00bb animation_delay=\u00bb0&#8243;][\/cmsmasters_simple_icon][cmsmasters_heading shortcode_id=\u00bbfyeol0y74g\u00bb type=\u00bbh5&#8243; font_family=\u00bbRaleway:300,400,500,600,700&#8243; font_size=\u00bb14&#8243; line_height=\u00bb20&#8243; font_weight=\u00bbbold\u00bb font_style=\u00bbnormal\u00bb text_align=\u00bbcenter\u00bb color=\u00bb#014189&#8243; link=\u00bbhttp:\/\/www.iapossantafe.gob.ar\/gestionesonline\/\u00bb target=\u00bbself\u00bb margin_top=\u00bb0&#8243; margin_bottom=\u00bb20&#8243; animation_delay=\u00bb0&#8243;]GESTIONES ON LINE[\/cmsmasters_heading][\/cmsmasters_column][cmsmasters_column data_width=\u00bb1\/4&#8243;][cmsmasters_simple_icon shortcode_id=\u00bb7e10c77fab\u00bb icon=\u00bbcmsmasters-icon-copy\u00bb size=\u00bb50&#8243; space=\u00bb90&#8243; display=\u00bbblock\u00bb text_align=\u00bbcenter\u00bb border_width=\u00bb0&#8243; border_radius=\u00bb50%\u00bb color=\u00bb#0392ce\u00bb link=\u00bbhttp:\/\/www.iapossantafe.gob.ar\/aranceles\/\u00bb target=\u00bbself\u00bb animation_delay=\u00bb0&#8243;][\/cmsmasters_simple_icon][cmsmasters_heading shortcode_id=\u00bbtaxf376fau\u00bb type=\u00bbh5&#8243; font_family=\u00bbRaleway:300,400,500,600,700&#8243; font_size=\u00bb14&#8243; line_height=\u00bb20&#8243; font_weight=\u00bbbold\u00bb font_style=\u00bbnormal\u00bb text_align=\u00bbcenter\u00bb color=\u00bb#014189&#8243; link=\u00bbhttp:\/\/www.iapossantafe.gob.ar\/aranceles\/\u00bb target=\u00bbself\u00bb margin_top=\u00bb0&#8243; margin_bottom=\u00bb20&#8243; animation_delay=\u00bb0&#8243;]LISTADO DE ARANCELES Y COSEGUROS POR PR\u00c1CTICAS[\/cmsmasters_heading][\/cmsmasters_column][cmsmasters_column data_width=\u00bb1\/4&#8243;][cmsmasters_simple_icon shortcode_id=\u00bb303f92a00b\u00bb icon=\u00bbcmsmasters-icon-custom-4&#8243; size=\u00bb50&#8243; space=\u00bb90&#8243; display=\u00bbblock\u00bb text_align=\u00bbcenter\u00bb border_width=\u00bb0&#8243; border_radius=\u00bb50%\u00bb color=\u00bb#0392ce\u00bb link=\u00bb\/ms\/iapos\/situacion-afiliatoria\u00bb target=\u00bbself\u00bb animation_delay=\u00bb0&#8243;][\/cmsmasters_simple_icon][cmsmasters_heading shortcode_id=\u00bb297dfcbec8&#8243; type=\u00bbh5&#8243; font_family=\u00bbRaleway:300,400,500,600,700&#8243; font_size=\u00bb14&#8243; line_height=\u00bb1&#8243; font_weight=\u00bbbold\u00bb font_style=\u00bbnormal\u00bb text_align=\u00bbcenter\u00bb color=\u00bb#014189&#8243; link=\u00bb\/ms\/iapos\/situacion-afiliatoria\u00bb target=\u00bbself\u00bb margin_top=\u00bb0&#8243; margin_bottom=\u00bb20&#8243; animation_delay=\u00bb0&#8243;]SITUACI\u00d3N AFILIATORIA[\/cmsmasters_heading][\/cmsmasters_column][\/cmsmasters_row][cmsmasters_row data_shortcode_id=\u00bboz4p5xua2g\u00bb data_width=\u00bbboxed\u00bb data_top_style=\u00bbdefault\u00bb data_bot_style=\u00bbdefault\u00bb data_color=\u00bbdefault\u00bb data_padding_top=\u00bb35&#8243; data_padding_bottom=\u00bb50&#8243;][cmsmasters_column data_width=\u00bb1\/3&#8243; data_shortcode_id=\u00bbxhjzqxw9t\u00bb][cmsmasters_image shortcode_id=\u00bbzzs9meicfm\u00bb align=\u00bbnone\u00bb animation_delay=\u00bb0&#8243;]15917|http:\/\/www.iapossantafe.gob.ar\/wp-content\/uploads\/sites\/26\/2022\/09\/cancerdemama2022.jpeg|medium[\/cmsmasters_image][cmsmasters_heading shortcode_id=\u00bbwcyynks0tb\u00bb type=\u00bbh5&#8243; font_family=\u00bbRaleway:300,400,500,600,700&#8243; font_size=\u00bb16&#8243; line_height=\u00bb20&#8243; font_weight=\u00bbbold\u00bb font_style=\u00bbnormal\u00bb text_align=\u00bbleft\u00bb color=\u00bb#00a8e7&#8243; margin_top=\u00bb12&#8243; margin_bottom=\u00bb12&#8243; animation=\u00bbfadeInLeft\u00bb animation_delay=\u00bb0&#8243;]Octubre: Mes de sensibilizaci\u00f3n sobre el C\u00e1ncer de Mama[\/cmsmasters_heading][cmsmasters_text shortcode_id=\u00bbj45k71l0a5&#8243; animation_delay=\u00bb0&#8243;]<\/p>\n<p>Durante octubre la obra social provincial llevar\u00e1 adelante una nueva Campa\u00f1a de Prevenci\u00f3n, para afiliadas entre 50 y 70 a\u00f1os de edad. Se promover\u00e1 la realizaci\u00f3n de una mamograf\u00eda sin coseguro, es decir, no se deber\u00e1n entregar los bonos asistenciales,\u00a0para las beneficiarias de ese rango etareo que no se hayan realizado el estudio durante los dos a\u00f1os previos.<\/p>\n<p>[\/cmsmasters_text][cmsmasters_button shortcode_id=\u00bbgtjdmngv0h\u00bb button_link=\u00bbhttp:\/\/www.iapossantafe.gob.ar\/novedades-ii-coronavirus\/\u00bb button_target=\u00bbblank\u00bb button_text_align=\u00bbleft\u00bb button_style=\u00bbcmsmasters_but_bg_hover\u00bb button_font_weight=\u00bbdefault\u00bb button_font_style=\u00bbdefault\u00bb button_text_transform=\u00bbdefault\u00bb button_border_style=\u00bbdefault\u00bb button_border_radius=\u00bb10px\u00bb button_text_color=\u00bb#00a8e7&#8243; button_border_color=\u00bb#00a8e7&#8243; button_bg_color_h=\u00bb#00a8e7&#8243; button_text_color_h=\u00bb#ffffff\u00bb button_border_color_h=\u00bb#00a8e7&#8243; animation_delay=\u00bb0&#8243;]Ampliar[\/cmsmasters_button][\/cmsmasters_column][cmsmasters_column data_width=\u00bb1\/3&#8243; data_border_style=\u00bbdefault\u00bb data_animation_delay=\u00bb0&#8243; data_shortcode_id=\u00bb401puvn1a\u00bb data_bg_position=\u00bbtop center\u00bb data_bg_repeat=\u00bbno-repeat\u00bb data_bg_attachment=\u00bbscroll\u00bb data_bg_size=\u00bbcover\u00bb][cmsmasters_image shortcode_id=\u00bburewphgui\u00bb align=\u00bbnone\u00bb animation_delay=\u00bb0&#8243;]15808|http:\/\/www.iapossantafe.gob.ar\/wp-content\/uploads\/sites\/26\/2022\/04\/imagenvacunacion.jpeg|medium[\/cmsmasters_image][cmsmasters_heading shortcode_id=\u00bbrt0huo2ldq\u00bb type=\u00bbh5&#8243; font_family=\u00bbRaleway:300,400,500,600,700&#8243; font_size=\u00bb16&#8243; line_height=\u00bb20&#8243; font_weight=\u00bbbold\u00bb font_style=\u00bbnormal\u00bb text_align=\u00bbleft\u00bb color=\u00bb#00a8e7&#8243; margin_top=\u00bb12&#8243; margin_bottom=\u00bb12&#8243; animation=\u00bbfadeInLeft\u00bb animation_delay=\u00bb0&#8243;]Campa\u00f1a de Vacunaci\u00f3n Antigripal 2023[\/cmsmasters_heading][cmsmasters_text shortcode_id=\u00bbhq3h67d6xo\u00bb animation_delay=\u00bb0&#8243;]<\/p>\n<p>A partir del 3 de abril comienza la inscripci\u00f3n para acceder a la vacuna. Pueden solicitar turno afiliados y afiliadas mayores de 65 a\u00f1os y menores de esa edad comprendidos en grupos de riesgo.<\/p>\n<p>Los turnos podr\u00e1n ser solicitados a trav\u00e9s de la web del IAPOS,\u00a0 por la aplicaci\u00f3n para celulares \u201cFarma Iapos\u201d o personalmente en las farmacias adheridas.<\/p>\n<p>[\/cmsmasters_text][cmsmasters_button shortcode_id=\u00bbu85phyipsv\u00bb button_link=\u00bbhttp:\/\/www.iapossantafe.gob.ar\/vacunacion2023\/\u00bb button_target=\u00bbblank\u00bb button_text_align=\u00bbleft\u00bb button_style=\u00bbcmsmasters_but_bg_hover\u00bb button_font_weight=\u00bbdefault\u00bb button_font_style=\u00bbdefault\u00bb button_text_transform=\u00bbdefault\u00bb button_border_style=\u00bbdefault\u00bb button_border_radius=\u00bb10px\u00bb button_text_color=\u00bb#00a8e7&#8243; button_border_color=\u00bb#00a8e7&#8243; button_bg_color_h=\u00bb#00a8e7&#8243; button_text_color_h=\u00bb#ffffff\u00bb button_border_color_h=\u00bb#00a8e7&#8243; animation_delay=\u00bb0&#8243;]Ampliar[\/cmsmasters_button][\/cmsmasters_column][cmsmasters_column data_width=\u00bb1\/3&#8243; data_shortcode_id=\u00bb1yjckp6p0h\u00bb][cmsmasters_image shortcode_id=\u00bbp3jeowe24c\u00bb align=\u00bbnone\u00bb animation_delay=\u00bb0&#8243;]15797|http:\/\/www.iapossantafe.gob.ar\/wp-content\/uploads\/sites\/26\/2022\/04\/RENOVACION-2022.jpeg|[\/cmsmasters_image][cmsmasters_heading shortcode_id=\u00bbhj1hz65po6&#8243; type=\u00bbh5&#8243; font_family=\u00bbRaleway:300,400,500,600,700&#8243; font_size=\u00bb16&#8243; line_height=\u00bb20&#8243; font_weight=\u00bbbold\u00bb font_style=\u00bbnormal\u00bb text_align=\u00bbleft\u00bb color=\u00bb#00a8e7&#8243; margin_top=\u00bb12&#8243; margin_bottom=\u00bb12&#8243; animation=\u00bbfadeInLeft\u00bb animation_delay=\u00bb0&#8243;]Renovaciones Anuales de Hijos Estudiantes y Voluntarios 2023[\/cmsmasters_heading][cmsmasters_text shortcode_id=\u00bbb0zf1c82j\u00bb animation_delay=\u00bb0&#8243;]<\/p>\n<p>Los afiliados titulares de la Obra Social a partir del 1ero. de abril y hasta el 31 de mayo deber\u00e1n efectuar la renovaci\u00f3n anual de las afiliaciones de hijos estudiantes (de 21 a 25 a\u00f1os) y de los afiliados voluntarios que tengan a cargo.<\/p>\n<p>La entrega de la documentaci\u00f3n se podr\u00e1 realizar de manera presencial en las Sedes de la Obra Social, por correo postal o por correo electr\u00f3nico (s\u00f3lo \u00e1rea sur).<\/p>\n<p>[\/cmsmasters_text][cmsmasters_button shortcode_id=\u00bb20tgkjf1s\u00bb button_link=\u00bbhttp:\/\/www.iapossantafe.gob.ar\/novedades-iii-contactos\/\u00bb button_target=\u00bbblank\u00bb button_text_align=\u00bbleft\u00bb button_style=\u00bbcmsmasters_but_bg_hover\u00bb button_font_weight=\u00bbdefault\u00bb button_font_style=\u00bbdefault\u00bb button_text_transform=\u00bbdefault\u00bb button_border_style=\u00bbdefault\u00bb button_border_radius=\u00bb10px\u00bb button_text_color=\u00bb#00a8e7&#8243; button_border_color=\u00bb#00a8e7&#8243; button_bg_color_h=\u00bb#00a8e7&#8243; button_text_color_h=\u00bb#ffffff\u00bb button_border_color_h=\u00bb#00a8e7&#8243; animation_delay=\u00bb0&#8243;]Ampliar[\/cmsmasters_button][\/cmsmasters_column][\/cmsmasters_row][cmsmasters_row][cmsmasters_column data_width=\u00bb1\/1&#8243;][cmsmasters_text]<\/p>\n<div id=\"yt2pIconContextMenu\">\n<div class=\"yt2p-playergroup\">\n<div class=\"yt2p-player\"><\/div>\n<\/div>\n<\/div>\n<div id=\"yt2pLoaded\"><\/div>\n<p>[\/cmsmasters_text][\/cmsmasters_column][\/cmsmasters_row]\n","protected":false},"excerpt":{"rendered":"<p>[cmsmasters_row data_padding_left=\u00bb0&#8243; data_padding_right=\u00bb0&#8243; data_shortcode_id=\u00bbc077923b26&#8243; data_width=\u00bbfullwidth\u00bb data_top_style=\u00bbdefault\u00bb data_bot_style=\u00bbdefault\u00bb data_color=\u00bbdefault\u00bb data_padding_top=\u00bb0&#8243; data_padding_bottom=\u00bb0&#8243;][cmsmasters_column data_width=\u00bb1\/1&#8243;] [cmsmasters_slider shortcode_id=\u00bbhfqggg11w3&#8243; slider_plugin=\u00bblayer\u00bb slider_layer=\u00bb2&#8243;] [\/cmsmasters_column][\/cmsmasters_row][cmsmasters_row data_bg_color=\u00bb#014189&#8243; data_shortcode_id=\u00bb37654e919a\u00bb data_width=\u00bbfullwidth\u00bb data_top_style=\u00bbdefault\u00bb data_bot_style=\u00bbdefault\u00bb data_color=\u00bbdefault\u00bb data_padding_top=\u00bb7&#8243; data_padding_bottom=\u00bb5&#8243; data_classes=\u00bbcmsmasters_homepage_info\u00bb][cmsmasters_column data_width=\u00bb1\/3&#8243; data_border_style=\u00bbdefault\u00bb] [cmsmasters_divider shortcode_id=\u00bb4u4hkid0rv\u00bb width=\u00bbshort\u00bb height=\u00bb1&#8243; style=\u00bbsolid\u00bb position=\u00bbcenter\u00bb color=\u00bb#014189&#8243; margin_top=\u00bb5&#8243; margin_bottom=\u00bb5&#8243; animation_delay=\u00bb0&#8243;] [cmsmasters_heading shortcode_id=\u00bblz1efdzlyd\u00bb type=\u00bbh5&#8243; font_size=\u00bb15&#8243; font_weight=\u00bbbold\u00bb font_style=\u00bbdefault\u00bb text_align=\u00bbcenter\u00bb color=\u00bb#ffffff\u00bb margin_top=\u00bb0&#8243; margin_bottom=\u00bb20&#8243; animation_delay=\u00bb0&#8243;]COVID -19: S\u00cdNTOMAS Y CONSULTAS[\/cmsmasters_heading][cmsmasters_heading shortcode_id=\u00bb3jwnq22x3&#8243; type=\u00bbh5&#8243; font_size=\u00bb24&#8243;&#8230;<\/p>\n","protected":false},"author":1,"featured_media":0,"parent":0,"menu_order":0,"comment_status":"closed","ping_status":"closed","template":"","meta":{"_acf_changed":false,"footnotes":""},"class_list":["post-7366","page","type-page","status-publish","hentry"],"acf":[],"_links":{"self":[{"href":"https:\/\/www.santafe.gob.ar\/ms\/iapos-old\/wp-json\/wp\/v2\/pages\/7366","targetHints":{"allow":["GET"]}}],"collection":[{"href":"https:\/\/www.santafe.gob.ar\/ms\/iapos-old\/wp-json\/wp\/v2\/pages"}],"about":[{"href":"https:\/\/www.santafe.gob.ar\/ms\/iapos-old\/wp-json\/wp\/v2\/types\/page"}],"author":[{"embeddable":true,"href":"https:\/\/www.santafe.gob.ar\/ms\/iapos-old\/wp-json\/wp\/v2\/users\/1"}],"replies":[{"embeddable":true,"href":"https:\/\/www.santafe.gob.ar\/ms\/iapos-old\/wp-json\/wp\/v2\/comments?post=7366"}],"version-history":[{"count":233,"href":"https:\/\/www.santafe.gob.ar\/ms\/iapos-old\/wp-json\/wp\/v2\/pages\/7366\/revisions"}],"predecessor-version":[{"id":15974,"href":"https:\/\/www.santafe.gob.ar\/ms\/iapos-old\/wp-json\/wp\/v2\/pages\/7366\/revisions\/15974"}],"wp:attachment":[{"href":"https:\/\/www.santafe.gob.ar\/ms\/iapos-old\/wp-json\/wp\/v2\/media?parent=7366"}],"curies":[{"name":"wp","href":"https:\/\/api.w.org\/{rel}","templated":true}]}}