{"id":251,"date":"2024-03-04T18:07:55","date_gmt":"2024-03-04T21:07:55","guid":{"rendered":"https:\/\/www.santafe.gob.ar\/ms\/impulsa\/?page_id=251"},"modified":"2025-05-07T09:54:27","modified_gmt":"2025-05-07T12:54:27","slug":"el-plan-impulsa","status":"publish","type":"page","link":"https:\/\/www.santafe.gob.ar\/ms\/impulsa\/el-plan-impulsa\/","title":{"rendered":"El Plan Impulsa"},"content":{"rendered":"<p>Impulsa, Aprender, Producir, Trabajar, es una iniciativa liderada por el gabinete productivo de la Provincia de Santa Fe. Este plan se centra en la sinergia entre el Ministerio de Educaci\u00f3n, el Ministerio de Desarrollo Productivo y el Ministerio de Trabajo, Empleo y Seguridad Social, con el objetivo de coordinar estrat\u00e9gicamente la capacitaci\u00f3n laboral y la formaci\u00f3n profesional de las personas. Su desaf\u00edo es mejorar sustancialmente las condiciones de empleabilidad, aline\u00e1ndose con las necesidades del sector privado, optimizando las matrices productivas y atendiendo a las \u00e1reas estrat\u00e9gicas que definen el territorio provincial. As\u00ed, se pretende equipar a los ciudadanos con herramientas que potencien su inserci\u00f3n en el mercado laboral y contribuyan al incremento de la productividad dentro de la Provincia de Santa Fe.<\/p>\n<p>Entre el Ministerio de Educaci\u00f3n, el Ministerio de Desarrollo Productivo y el Ministerio de Trabajo, Empleo y Seguridad Social se concentra una gran cantidad de oferta formativa a lo largo y a lo ancho de la provincia, con certificaci\u00f3n oficial, espacios de aprendizaje continuos, capacidad instalada para realizarlo y programas que acompa\u00f1an el funcionamiento de los mismos y que \u00e9ste gabinete busca articular eficientemente.<\/p>\n","protected":false},"excerpt":{"rendered":"<p>Impulsa, Aprender, Producir, Trabajar, es una iniciativa liderada por el gabinete productivo de la Provincia de Santa Fe. Este plan se centra en la sinergia entre el Ministerio de Educaci\u00f3n, el Ministerio de Desarrollo Productivo y el Ministerio de Trabajo, Empleo y Seguridad Social, con el objetivo de coordinar estrat\u00e9gicamente la capacitaci\u00f3n laboral y la [&hellip;]<\/p>\n","protected":false},"author":82961,"featured_media":0,"parent":0,"menu_order":0,"comment_status":"closed","ping_status":"closed","template":"","meta":{"_acf_changed":false,"_et_pb_use_builder":"off","_et_pb_old_content":"","_et_gb_content_width":"","footnotes":""},"class_list":["post-251","page","type-page","status-publish","hentry"],"acf":[],"_links":{"self":[{"href":"https:\/\/www.santafe.gob.ar\/ms\/impulsa\/wp-json\/wp\/v2\/pages\/251","targetHints":{"allow":["GET"]}}],"collection":[{"href":"https:\/\/www.santafe.gob.ar\/ms\/impulsa\/wp-json\/wp\/v2\/pages"}],"about":[{"href":"https:\/\/www.santafe.gob.ar\/ms\/impulsa\/wp-json\/wp\/v2\/types\/page"}],"author":[{"embeddable":true,"href":"https:\/\/www.santafe.gob.ar\/ms\/impulsa\/wp-json\/wp\/v2\/users\/82961"}],"replies":[{"embeddable":true,"href":"https:\/\/www.santafe.gob.ar\/ms\/impulsa\/wp-json\/wp\/v2\/comments?post=251"}],"version-history":[{"count":12,"href":"https:\/\/www.santafe.gob.ar\/ms\/impulsa\/wp-json\/wp\/v2\/pages\/251\/revisions"}],"predecessor-version":[{"id":2410,"href":"https:\/\/www.santafe.gob.ar\/ms\/impulsa\/wp-json\/wp\/v2\/pages\/251\/revisions\/2410"}],"wp:attachment":[{"href":"https:\/\/www.santafe.gob.ar\/ms\/impulsa\/wp-json\/wp\/v2\/media?parent=251"}],"curies":[{"name":"wp","href":"https:\/\/api.w.org\/{rel}","templated":true}]}}