{"id":242,"date":"2025-06-24T11:39:40","date_gmt":"2025-06-24T14:39:40","guid":{"rendered":"https:\/\/www.santafe.gob.ar\/ms\/innovacion-publica\/?page_id=242"},"modified":"2026-03-19T11:00:54","modified_gmt":"2026-03-19T14:00:54","slug":"ciudadanos-digitales","status":"publish","type":"page","link":"https:\/\/www.santafe.gob.ar\/ms\/innovacion-publica\/ciudadanos-digitales\/","title":{"rendered":"Ciudadanos Digitales"},"content":{"rendered":"<p>[et_pb_section fb_built=\u00bb1&#8243; admin_label=\u00bbsection\u00bb _builder_version=\u00bb4.19.0&#8243; custom_margin=\u00bb100px||||false|false\u00bb custom_padding=\u00bb3px|||||\u00bb global_colors_info=\u00bb{}\u00bb][et_pb_row _builder_version=\u00bb4.19.0&#8243; _module_preset=\u00bbdefault\u00bb custom_margin=\u00bb-23px|auto||auto||\u00bb global_colors_info=\u00bb{}\u00bb][et_pb_column type=\u00bb4_4&#8243; _builder_version=\u00bb4.19.0&#8243; _module_preset=\u00bbdefault\u00bb global_colors_info=\u00bb{}\u00bb][et_pb_text _builder_version=\u00bb4.19.0&#8243; _module_preset=\u00bbdefault\u00bb text_font=\u00bbInter|900|||||||\u00bb text_text_color=\u00bb#E52354&#8243; text_font_size=\u00bb42px\u00bb text_line_height=\u00bb1em\u00bb animation_style=\u00bbfade\u00bb global_colors_info=\u00bb{}\u00bb]<\/p>\n<p><b>Ciudadanos Digitales<\/b><\/p>\n<p>[\/et_pb_text][\/et_pb_column][\/et_pb_row][et_pb_row column_structure=\u00bb1_3,1_3,1_3&#8243; _builder_version=\u00bb4.19.0&#8243; _module_preset=\u00bbdefault\u00bb custom_padding=\u00bb||0px|||\u00bb global_colors_info=\u00bb{}\u00bb][et_pb_column type=\u00bb1_3&#8243; _builder_version=\u00bb4.19.0&#8243; _module_preset=\u00bbdefault\u00bb background_color=\u00bb#E52354&#8243; custom_padding=\u00bb20px|15px|194px|30px|false|false\u00bb animation_style=\u00bbfade\u00bb link_option_url=\u00bbhttps:\/\/www.santafe.gob.ar\/index.php\/tramites\/modul1\/index?m=home\u00bb link_option_url_new_window=\u00bbon\u00bb border_radii=\u00bbon|28px|28px|28px|28px\u00bb box_shadow_style=\u00bbpreset1&#8243; global_colors_info=\u00bb{}\u00bb][et_pb_text _builder_version=\u00bb4.19.0&#8243; _module_preset=\u00bbdefault\u00bb text_font=\u00bbInter||||||||\u00bb text_text_color=\u00bb#FFFFFF\u00bb text_font_size=\u00bb22px\u00bb custom_margin=\u00bb||2px|||\u00bb global_colors_info=\u00bb{}\u00bb]<\/p>\n<p>Acceso<\/p>\n<p>[\/et_pb_text][et_pb_text _builder_version=\u00bb4.19.0&#8243; _module_preset=\u00bbdefault\u00bb text_font=\u00bbInter|900|||||||\u00bb text_text_color=\u00bb#FFFFFF\u00bb text_font_size=\u00bb43px\u00bb text_line_height=\u00bb1.2em\u00bb custom_margin=\u00bb||18px|||\u00bb global_colors_info=\u00bb{}\u00bb]<\/p>\n<p>Gestiones<br \/>Ciudadanas<\/p>\n<p>[\/et_pb_text][\/et_pb_column][et_pb_column type=\u00bb1_3&#8243; _builder_version=\u00bb4.19.0&#8243; _module_preset=\u00bbdefault\u00bb background_color=\u00bb#E52354&#8243; custom_padding=\u00bb20px|15px|245px|30px|false|false\u00bb animation_style=\u00bbfade\u00bb link_option_url=\u00bbhttps:\/\/www.santafe.gob.ar\/ms\/innovacion-publica\/wp-content\/uploads\/sites\/18\/2026\/02\/Kit-Digital.pdf\u00bb link_option_url_new_window=\u00bbon\u00bb border_radii=\u00bbon|28px|28px|28px|28px\u00bb box_shadow_style=\u00bbpreset1&#8243; global_colors_info=\u00bb{}\u00bb][et_pb_text _builder_version=\u00bb4.19.0&#8243; _module_preset=\u00bbdefault\u00bb text_font=\u00bbInter||||||||\u00bb text_text_color=\u00bb#FFFFFF\u00bb text_font_size=\u00bb22px\u00bb custom_margin=\u00bb||2px|||\u00bb global_colors_info=\u00bb{}\u00bb]<\/p>\n<p>Descarg\u00e1<\/p>\n<p>[\/et_pb_text][et_pb_text _builder_version=\u00bb4.19.0&#8243; _module_preset=\u00bbdefault\u00bb text_font=\u00bbInter|900|||||||\u00bb text_text_color=\u00bb#FFFFFF\u00bb text_font_size=\u00bb43px\u00bb text_line_height=\u00bb1.2em\u00bb custom_margin=\u00bb||18px|||\u00bb global_colors_info=\u00bb{}\u00bb]<\/p>\n<p>Kit Digital<\/p>\n<p>[\/et_pb_text][\/et_pb_column][et_pb_column type=\u00bb1_3&#8243; _builder_version=\u00bb4.19.0&#8243; _module_preset=\u00bbdefault\u00bb background_color=\u00bbRGBA(255,255,255,0)\u00bb custom_padding=\u00bb20px|30px|27px|30px|false|true\u00bb animation_style=\u00bbfade\u00bb border_radii=\u00bbon|28px|28px|28px|28px\u00bb box_shadow_style=\u00bbpreset1&#8243; global_colors_info=\u00bb{}\u00bb][et_pb_text _builder_version=\u00bb4.19.0&#8243; _module_preset=\u00bbdefault\u00bb text_font=\u00bbInter|800|||||||\u00bb text_text_color=\u00bb#E52354&#8243; text_font_size=\u00bb26px\u00bb text_line_height=\u00bb1.1em\u00bb custom_margin=\u00bb||0px|||\u00bb global_colors_info=\u00bb{}\u00bb]<\/p>\n<p>App Mi Santa Fe<\/p>\n<p>[\/et_pb_text][et_pb_text _builder_version=\u00bb4.19.0&#8243; _module_preset=\u00bbdefault\u00bb text_font=\u00bbInter||||||||\u00bb text_line_height=\u00bb1.4em\u00bb custom_margin=\u00bb14px||69px||false|false\u00bb global_colors_info=\u00bb{}\u00bb]<\/p>\n<p>Conoc\u00e9 la nueva aplicaci\u00f3n de la provincia: Mi Santa Fe, que re\u00fane documentos, tr\u00e1mites y servicios p\u00fablicos en un solo lugar. Adem\u00e1s, te permite acceder de forma r\u00e1pida y simple a informaci\u00f3n y gestiones desde tu celular, sin necesidad de moverte de tu casa.<\/p>\n<p>[\/et_pb_text][et_pb_button button_url=\u00bbhttps:\/\/youtube.com\/shorts\/voiH8BWmB5I\u00bb url_new_window=\u00bbon\u00bb button_text=\u00bbClick ac\u00e1\u00bb _builder_version=\u00bb4.19.0&#8243; _module_preset=\u00bbdefault\u00bb custom_button=\u00bbon\u00bb button_text_size=\u00bb18px\u00bb button_text_color=\u00bb#FFFFFF\u00bb button_bg_color=\u00bb#E52354&#8243; button_border_radius=\u00bb16px\u00bb global_colors_info=\u00bb{}\u00bb][\/et_pb_button][\/et_pb_column][\/et_pb_row][et_pb_row column_structure=\u00bb1_3,1_3,1_3&#8243; _builder_version=\u00bb4.19.0&#8243; _module_preset=\u00bbdefault\u00bb custom_padding=\u00bb30px||36px|||\u00bb hover_enabled=\u00bb0&#8243; global_colors_info=\u00bb{}\u00bb sticky_enabled=\u00bb0&#8243;][et_pb_column type=\u00bb1_3&#8243; _builder_version=\u00bb4.19.0&#8243; _module_preset=\u00bbdefault\u00bb background_color=\u00bbRGBA(255,255,255,0)\u00bb custom_padding=\u00bb20px|30px|38px|30px|false|true\u00bb animation_style=\u00bbfade\u00bb border_radii=\u00bbon|28px|28px|28px|28px\u00bb box_shadow_style=\u00bbpreset1&#8243; global_colors_info=\u00bb{}\u00bb][et_pb_text _builder_version=\u00bb4.19.0&#8243; _module_preset=\u00bbdefault\u00bb text_font=\u00bbInter|800|||||||\u00bb text_text_color=\u00bb#E52354&#8243; text_font_size=\u00bb26px\u00bb text_line_height=\u00bb1.1em\u00bb custom_margin=\u00bb||0px|||\u00bb global_colors_info=\u00bb{}\u00bb]<\/p>\n<p>\u00bfC\u00f3mo adherirme al domicilio digital en Atenci\u00f3n Virtual?<\/p>\n<p>[\/et_pb_text][et_pb_text _builder_version=\u00bb4.19.0&#8243; _module_preset=\u00bbdefault\u00bb text_font=\u00bbInter||||||||\u00bb text_line_height=\u00bb1.4em\u00bb custom_margin=\u00bb14px||34px||false|false\u00bb global_colors_info=\u00bb{}\u00bb]<\/p>\n<p><span style=\"font-weight: 400\">En este video te mostramos c\u00f3mo adherirte a tu domicilio digital en la plataforma de Atenci\u00f3n Virtual. Segu\u00ed estos simples pasos y activ\u00e1 tu correo y celular para recibir notificaciones oficiales de manera r\u00e1pida y segura. \u00a1Mir\u00e1 el video!<\/span><\/p>\n<p>[\/et_pb_text][et_pb_button button_url=\u00bbhttps:\/\/youtu.be\/gV_qoxpmAjE%20&#8243; url_new_window=\u00bbon\u00bb button_text=\u00bbClick ac\u00e1\u00bb _builder_version=\u00bb4.19.0&#8243; _module_preset=\u00bbdefault\u00bb custom_button=\u00bbon\u00bb button_text_size=\u00bb18px\u00bb button_text_color=\u00bb#FFFFFF\u00bb button_bg_color=\u00bb#E52354&#8243; button_border_radius=\u00bb16px\u00bb global_colors_info=\u00bb{}\u00bb][\/et_pb_button][\/et_pb_column][et_pb_column type=\u00bb1_3&#8243; _builder_version=\u00bb4.19.0&#8243; _module_preset=\u00bbdefault\u00bb background_color=\u00bbRGBA(255,255,255,0)\u00bb custom_padding=\u00bb20px|30px|38px|30px|false|true\u00bb animation_style=\u00bbfade\u00bb border_radii=\u00bbon|28px|28px|28px|28px\u00bb box_shadow_style=\u00bbpreset1&#8243; global_colors_info=\u00bb{}\u00bb][et_pb_text _builder_version=\u00bb4.19.0&#8243; _module_preset=\u00bbdefault\u00bb text_font=\u00bbInter|800|||||||\u00bb text_text_color=\u00bb#E52354&#8243; text_font_size=\u00bb26px\u00bb text_line_height=\u00bb1.1em\u00bb custom_margin=\u00bb||0px|||\u00bb global_colors_info=\u00bb{}\u00bb]<\/p>\n<p>\u00bfC\u00f3mo realizar un tr\u00e1mite en Atenci\u00f3n Virtual?<\/p>\n<p>[\/et_pb_text][et_pb_text _builder_version=\u00bb4.19.0&#8243; _module_preset=\u00bbdefault\u00bb text_font=\u00bbInter||||||||\u00bb text_line_height=\u00bb1.4em\u00bb custom_margin=\u00bb14px||64px||false|false\u00bb global_colors_info=\u00bb{}\u00bb]<\/p>\n<p><span style=\"font-weight: 400\">\u00bfNecesit\u00e1s hacer un tr\u00e1mite y no sab\u00e9s por d\u00f3nde empezar? En este video encontrar\u00e1s el paso a paso para realizar gestiones a trav\u00e9s de la plataforma de Atenci\u00f3n Virtual desde la comodidad de tu casa. <\/span><\/p>\n<p>[\/et_pb_text][et_pb_button button_url=\u00bbhttps:\/\/www.youtube.com\/watch?v=hKD1t9YAgyc&amp;ab_channel=Secretar%C3%ADadeGesti%C3%B3nP%C3%BAblica\u00bb url_new_window=\u00bbon\u00bb button_text=\u00bbClick ac\u00e1\u00bb _builder_version=\u00bb4.19.0&#8243; _module_preset=\u00bbdefault\u00bb custom_button=\u00bbon\u00bb button_text_size=\u00bb18px\u00bb button_text_color=\u00bb#FFFFFF\u00bb button_bg_color=\u00bb#E52354&#8243; button_border_radius=\u00bb16px\u00bb custom_margin=\u00bb||-5px|||\u00bb global_colors_info=\u00bb{}\u00bb][\/et_pb_button][\/et_pb_column][et_pb_column type=\u00bb1_3&#8243; _builder_version=\u00bb4.19.0&#8243; _module_preset=\u00bbdefault\u00bb background_color=\u00bbRGBA(255,255,255,0)\u00bb custom_padding=\u00bb20px|30px|38px|30px|false|true\u00bb animation_style=\u00bbfade\u00bb border_radii=\u00bbon|28px|28px|28px|28px\u00bb box_shadow_style=\u00bbpreset1&#8243; global_colors_info=\u00bb{}\u00bb sticky_enabled=\u00bb0&#8243;][et_pb_text _builder_version=\u00bb4.19.0&#8243; _module_preset=\u00bbdefault\u00bb text_font=\u00bbInter|800|||||||\u00bb text_text_color=\u00bb#E52354&#8243; text_font_size=\u00bb26px\u00bb text_line_height=\u00bb1.1em\u00bb custom_margin=\u00bb||44px|||\u00bb global_colors_info=\u00bb{}\u00bb]<\/p>\n<p>\u00bfC\u00f3mo firmar electronicamente?<\/p>\n<p>[\/et_pb_text][et_pb_text _builder_version=\u00bb4.19.0&#8243; _module_preset=\u00bbdefault\u00bb text_font=\u00bbInter||||||||\u00bb text_line_height=\u00bb1.4em\u00bb custom_margin=\u00bb14px||78px||false|false\u00bb global_colors_info=\u00bb{}\u00bb]<\/p>\n<p><span style=\"font-weight: 400\">En este video tutorial te mostramos c\u00f3mo firmar documentos desde cualquier lugar y en pocos minutos a trav\u00e9s del firmador digital web provincial. \u00a1Empecemos!<\/span><\/p>\n<p>[\/et_pb_text][et_pb_button button_url=\u00bbhttps:\/\/youtu.be\/ETjXfXTyaBg\u00bb url_new_window=\u00bbon\u00bb button_text=\u00bbClick ac\u00e1\u00bb _builder_version=\u00bb4.19.0&#8243; _module_preset=\u00bbdefault\u00bb custom_button=\u00bbon\u00bb button_text_size=\u00bb18px\u00bb button_text_color=\u00bb#FFFFFF\u00bb button_bg_color=\u00bb#E52354&#8243; button_border_radius=\u00bb16px\u00bb custom_margin=\u00bb2px|||||\u00bb global_colors_info=\u00bb{}\u00bb][\/et_pb_button][\/et_pb_column][\/et_pb_row][\/et_pb_section][et_pb_section fb_built=\u00bb1&#8243; disabled_on=\u00bbon|off|off\u00bb admin_label=\u00bbFooter\u00bb _builder_version=\u00bb4.19.0&#8243; _module_preset=\u00bbdefault\u00bb background_color=\u00bb#E52354&#8243; custom_margin=\u00bb||||false|false\u00bb custom_padding=\u00bb3px||0px||false|false\u00bb saved_tabs=\u00bball\u00bb locked=\u00bboff\u00bb collapsed=\u00bbon\u00bb global_colors_info=\u00bb{%22gcid-1b9885b1-d5db-4c39-ab49-d8f90e824600%22:%91%22background_color%22%93}\u00bb theme_builder_area=\u00bbpost_content\u00bb][et_pb_row column_structure=\u00bb1_2,1_2&#8243; _builder_version=\u00bb4.19.3&#8243; _module_preset=\u00bbdefault\u00bb custom_margin=\u00bb-1px|auto||auto||\u00bb global_colors_info=\u00bb{}\u00bb theme_builder_area=\u00bbpost_content\u00bb][et_pb_column type=\u00bb1_2&#8243; _builder_version=\u00bb4.19.3&#8243; _module_preset=\u00bbdefault\u00bb global_colors_info=\u00bb{}\u00bb theme_builder_area=\u00bbpost_content\u00bb][et_pb_text _builder_version=\u00bb4.19.0&#8243; _module_preset=\u00bbf87d1bab-19cd-468c-9472-54b11a58aae4&#8243; text_font=\u00bbInter||||||||\u00bb text_text_color=\u00bb#FFFFFF\u00bb text_font_size=\u00bb43px\u00bb header_font=\u00bbInter|900|||||||\u00bb header_text_color=\u00bb#FFFFFF\u00bb header_font_size=\u00bb40px\u00bb header_4_text_color=\u00bb#FFFFFF\u00bb locked=\u00bboff\u00bb global_colors_info=\u00bb{}\u00bb theme_builder_area=\u00bbpost_content\u00bb]<\/p>\n<h1>\u00bfTen\u00e9s dudas?<\/h1>\n<p>[\/et_pb_text][et_pb_text _builder_version=\u00bb4.19.0&#8243; _module_preset=\u00bbdefault\u00bb text_font=\u00bbInter||||||||\u00bb text_text_color=\u00bb#FFFFFF\u00bb text_font_size=\u00bb43px\u00bb header_font=\u00bbInter|900|||||||\u00bb header_text_color=\u00bb#FFFFFF\u00bb header_font_size=\u00bb40px\u00bb header_4_text_color=\u00bb#FFFFFF\u00bb global_colors_info=\u00bb{}\u00bb theme_builder_area=\u00bbpost_content\u00bb]<\/p>\n<p><strong>\u00a1Contactanos!<\/strong><\/p>\n<p>[\/et_pb_text][\/et_pb_column][et_pb_column type=\u00bb1_2&#8243; _builder_version=\u00bb4.19.3&#8243; _module_preset=\u00bbdefault\u00bb global_colors_info=\u00bb{}\u00bb theme_builder_area=\u00bbpost_content\u00bb][et_pb_blurb use_icon=\u00bbon\u00bb font_icon=\u00bb&#xe090;||divi||400&#8243; image_icon_width=\u00bb26px\u00bb _builder_version=\u00bb4.19.0&#8243; _module_preset=\u00bb2d615e5d-c1ef-47ca-9897-cc07e31d4b42&#8243; body_font=\u00bbInter||||||||\u00bb body_font_size=\u00bb20px\u00bb header_font_size_tablet=\u00bb15px\u00bb header_font_size_phone=\u00bb14px\u00bb header_font_size_last_edited=\u00bbon|desktop\u00bb locked=\u00bboff\u00bb global_colors_info=\u00bb{}\u00bb theme_builder_area=\u00bbpost_content\u00bb]<\/p>\n<p>3413 14 7277<\/p>\n<p>[\/et_pb_blurb][et_pb_blurb url=\u00bbhttps:\/\/mail.google.com\/mail\/u\/0\/?ogbl#inbox?compose=DmwnWrRlQXsmcmnKHLjxRPbHWzjkNvLxtVCQcskdsHGklSDStHsThHHlLXtzCkFHqfHKQNxJZtBQ\u00bb use_icon=\u00bbon\u00bb font_icon=\u00bb&#xe076;||divi||400&#8243; image_icon_width=\u00bb26px\u00bb _builder_version=\u00bb4.19.0&#8243; _module_preset=\u00bb2d615e5d-c1ef-47ca-9897-cc07e31d4b42&#8243; body_font=\u00bbInter||||||||\u00bb body_font_size=\u00bb20px\u00bb locked=\u00bboff\u00bb global_colors_info=\u00bb{}\u00bb theme_builder_area=\u00bbpost_content\u00bb]<\/p>\n<p><a href=\"https:\/\/mail.google.com\/mail\/u\/0\/?ogbl#inbox?compose=DmwnWrRlQXsmcmnKHLjxRPbHWzjkNvLxtVCQcskdsHGklSDStHsThHHlLXtzCkFHqfHKQNxJZtBQ\" style=\"color: white\"><span>\u00a0innovacionsgp@santafe.gob.ar<\/span><\/a><\/p>\n<p>[\/et_pb_blurb][et_pb_blurb url=\u00bbhttps:\/\/www.google.com\/maps\/place\/Casa+de+Gobierno+de+Santa+Fe.\/@-31.6582004,-60.7132437,17z\/data=!3m1!4b1!4m6!3m5!1s0x95b5a907e10aa095:0x1712bf0876343c39!8m2!3d-31.658205!4d-60.7106688!16s%2Fg%2F125_dr0p9?entry=ttu&amp;g_ep=EgoyMDI1MDYyMy4yIKXMDSoASAFQAw%3D%3D\u00bb use_icon=\u00bbon\u00bb font_icon=\u00bb&#xf3c5;||fa||900&#8243; image_icon_width=\u00bb26px\u00bb _builder_version=\u00bb4.19.0&#8243; _module_preset=\u00bb2d615e5d-c1ef-47ca-9897-cc07e31d4b42&#8243; header_level=\u00bbh5&#8243; body_font=\u00bbInter|||||||RGBA(255,255,255,0)|\u00bb body_font_size=\u00bb20px\u00bb custom_margin=\u00bb|-104px||||\u00bb locked=\u00bboff\u00bb global_colors_info=\u00bb{}\u00bb theme_builder_area=\u00bbpost_content\u00bb]<a href=\"https:\/\/www.google.com\/maps\/place\/Casa+de+Gobierno+de+Santa+Fe.\/@-31.6582004,-60.7132437,17z\/data=!3m1!4b1!4m6!3m5!1s0x95b5a907e10aa095:0x1712bf0876343c39!8m2!3d-31.658205!4d-60.7106688!16s%2Fg%2F125_dr0p9?entry=ttu&amp;g_ep=EgoyMDI1MDYyMy4yIKXMDSoASAFQAw%3D%3D\" style=\"color: white\">2649 3 de Febrero, Santa Fe, Santa Fe<\/a>[\/et_pb_blurb][\/et_pb_column][\/et_pb_row][\/et_pb_section]<\/p>\n","protected":false},"excerpt":{"rendered":"<p>Ciudadanos DigitalesAccesoGestionesCiudadanasDescarg\u00e1Kit DigitalApp Mi Santa FeConoc\u00e9 la nueva aplicaci\u00f3n de la provincia: Mi Santa Fe, que re\u00fane documentos, tr\u00e1mites y servicios p\u00fablicos en un solo lugar. Adem\u00e1s, te permite acceder [&hellip;]<\/p>\n","protected":false},"author":127451,"featured_media":0,"parent":0,"menu_order":0,"comment_status":"closed","ping_status":"closed","template":"","meta":{"_acf_changed":false,"_et_pb_use_builder":"on","_et_pb_old_content":"","_et_gb_content_width":"","footnotes":""},"class_list":["post-242","page","type-page","status-publish","hentry"],"acf":[],"_links":{"self":[{"href":"https:\/\/www.santafe.gob.ar\/ms\/innovacion-publica\/wp-json\/wp\/v2\/pages\/242","targetHints":{"allow":["GET"]}}],"collection":[{"href":"https:\/\/www.santafe.gob.ar\/ms\/innovacion-publica\/wp-json\/wp\/v2\/pages"}],"about":[{"href":"https:\/\/www.santafe.gob.ar\/ms\/innovacion-publica\/wp-json\/wp\/v2\/types\/page"}],"author":[{"embeddable":true,"href":"https:\/\/www.santafe.gob.ar\/ms\/innovacion-publica\/wp-json\/wp\/v2\/users\/127451"}],"replies":[{"embeddable":true,"href":"https:\/\/www.santafe.gob.ar\/ms\/innovacion-publica\/wp-json\/wp\/v2\/comments?post=242"}],"version-history":[{"count":46,"href":"https:\/\/www.santafe.gob.ar\/ms\/innovacion-publica\/wp-json\/wp\/v2\/pages\/242\/revisions"}],"predecessor-version":[{"id":1466,"href":"https:\/\/www.santafe.gob.ar\/ms\/innovacion-publica\/wp-json\/wp\/v2\/pages\/242\/revisions\/1466"}],"wp:attachment":[{"href":"https:\/\/www.santafe.gob.ar\/ms\/innovacion-publica\/wp-json\/wp\/v2\/media?parent=242"}],"curies":[{"name":"wp","href":"https:\/\/api.w.org\/{rel}","templated":true}]}}