{"id":48,"date":"2025-06-17T10:53:55","date_gmt":"2025-06-17T13:53:55","guid":{"rendered":"https:\/\/www.santafe.gob.ar\/ms\/innovacion-publica\/?page_id=48"},"modified":"2025-08-14T09:00:29","modified_gmt":"2025-08-14T12:00:29","slug":"proyectos","status":"publish","type":"page","link":"https:\/\/www.santafe.gob.ar\/ms\/innovacion-publica\/proyectos\/","title":{"rendered":"Proyectos"},"content":{"rendered":"<p>[et_pb_section fb_built=\u00bb1&#8243; fullwidth=\u00bbon\u00bb disabled_on=\u00bbon|on|off\u00bb _builder_version=\u00bb4.19.0&#8243; _module_preset=\u00bbdefault\u00bb max_width=\u00bb90%\u00bb module_alignment=\u00bbcenter\u00bb custom_margin=\u00bb8px|30px||30px|false|true\u00bb animation_style=\u00bbfade\u00bb locked=\u00bboff\u00bb global_colors_info=\u00bb{}\u00bb][et_pb_fullwidth_image src=\u00bbhttps:\/\/www.santafe.gob.ar\/ms\/innovacion-publica\/wp-content\/uploads\/sites\/18\/2025\/06\/Portada-Proyectos-scaled.png\u00bb title_text=\u00bbPortada Proyectos\u00bb _builder_version=\u00bb4.19.0&#8243; _module_preset=\u00bbdefault\u00bb width=\u00bb95%\u00bb module_alignment=\u00bbcenter\u00bb custom_margin=\u00bb||||false|false\u00bb custom_padding=\u00bb||0px|||\u00bb global_colors_info=\u00bb{}\u00bb][\/et_pb_fullwidth_image][\/et_pb_section][et_pb_section fb_built=\u00bb1&#8243; fullwidth=\u00bbon\u00bb disabled_on=\u00bboff|off|on\u00bb _builder_version=\u00bb4.19.0&#8243; _module_preset=\u00bbdefault\u00bb custom_margin=\u00bb||||false|false\u00bb locked=\u00bboff\u00bb global_colors_info=\u00bb{}\u00bb][et_pb_fullwidth_image src=\u00bbhttps:\/\/www.santafe.gob.ar\/ms\/innovacion-publica\/wp-content\/uploads\/sites\/18\/2025\/06\/Portada-Proyectos-scaled.png\u00bb title_text=\u00bbPortada Proyectos\u00bb _builder_version=\u00bb4.19.0&#8243; _module_preset=\u00bbdefault\u00bb global_colors_info=\u00bb{}\u00bb][\/et_pb_fullwidth_image][\/et_pb_section][et_pb_section fb_built=\u00bb1&#8243; admin_label=\u00bbsection\u00bb _builder_version=\u00bb4.19.0&#8243; custom_margin=\u00bb3px||||false|false\u00bb custom_padding=\u00bb100px||||false|false\u00bb hover_enabled=\u00bb0&#8243; locked=\u00bboff\u00bb global_colors_info=\u00bb{}\u00bb disabled_on=\u00bbon|on|off\u00bb sticky_enabled=\u00bb0&#8243;][et_pb_row column_structure=\u00bb1_2,1_2&#8243; _builder_version=\u00bb4.19.0&#8243; _module_preset=\u00bbdefault\u00bb custom_margin=\u00bb0px||||false|false\u00bb custom_padding=\u00bb||0px|||\u00bb global_colors_info=\u00bb{}\u00bb][et_pb_column type=\u00bb1_2&#8243; _builder_version=\u00bb4.19.0&#8243; _dynamic_attributes=\u00bblink_option_url\u00bb _module_preset=\u00bbdefault\u00bb background_color=\u00bbRGBA(255,255,255,0)\u00bb custom_padding=\u00bb20px|30px|90px|30px|false|true\u00bb animation_style=\u00bbfade\u00bb link_option_url=\u00bb@ET-DC@eyJkeW5hbWljIjp0cnVlLCJjb250ZW50IjoicG9zdF9saW5rX3VybF9wYWdlIiwic2V0dGluZ3MiOnsicG9zdF9pZCI6IjI2NyJ9fQ==@\u00bb border_radii=\u00bbon|28px|28px|28px|28px\u00bb box_shadow_style=\u00bbpreset1&#8243; global_colors_info=\u00bb{}\u00bb][et_pb_image src=\u00bbhttps:\/\/www.santafe.gob.ar\/ms\/innovacion-publica\/wp-content\/uploads\/sites\/18\/2025\/06\/Logo-Territorio-5.0-1-1.png\u00bb title_text=\u00bbLogo Territorio 5.0 (1)\u00bb _builder_version=\u00bb4.19.0&#8243; _module_preset=\u00bbdefault\u00bb width=\u00bb85%\u00bb custom_margin=\u00bb||26px|||\u00bb global_colors_info=\u00bb{}\u00bb][\/et_pb_image][et_pb_text _builder_version=\u00bb4.19.0&#8243; _module_preset=\u00bbdefault\u00bb text_font=\u00bbInter||||||||\u00bb text_font_size=\u00bb16px\u00bb custom_margin=\u00bb||1px|||\u00bb global_colors_info=\u00bb{}\u00bb]<\/p>\n<p><strong>\u00bfC\u00f3mo pueden ayudar las tecnolog\u00edas para un<\/strong><br \/><strong>Estado digital?<\/strong> Conoc\u00e9 Territorio 5.0 y TIMB\u00d3,<br \/>que permiten ir hacia un gobierno \u00e1gil y transparente.<\/p>\n<p>[\/et_pb_text][\/et_pb_column][et_pb_column type=\u00bb1_2&#8243; _builder_version=\u00bb4.19.0&#8243; _dynamic_attributes=\u00bblink_option_url\u00bb _module_preset=\u00bbdefault\u00bb background_color=\u00bbRGBA(255,255,255,0)\u00bb custom_padding=\u00bb16px|30px|68px|30px|false|true\u00bb animation_style=\u00bbfade\u00bb link_option_url=\u00bb@ET-DC@eyJkeW5hbWljIjp0cnVlLCJjb250ZW50IjoicG9zdF9saW5rX3VybF9wYWdlIiwic2V0dGluZ3MiOnsicG9zdF9pZCI6IjI1NiJ9fQ==@\u00bb border_radii=\u00bbon|28px|28px|28px|28px\u00bb box_shadow_style=\u00bbpreset1&#8243; global_colors_info=\u00bb{}\u00bb][et_pb_image src=\u00bbhttps:\/\/www.santafe.gob.ar\/ms\/innovacion-publica\/wp-content\/uploads\/sites\/18\/2025\/06\/Proyectos-Despapelizacion.png\u00bb title_text=\u00bbProyectos Despapelizacio\u0301n\u00bb _builder_version=\u00bb4.19.0&#8243; _module_preset=\u00bbdefault\u00bb width=\u00bb75%\u00bb custom_margin=\u00bb-1px|||||\u00bb global_colors_info=\u00bb{}\u00bb][\/et_pb_image][et_pb_text _builder_version=\u00bb4.19.0&#8243; _module_preset=\u00bbdefault\u00bb text_font=\u00bbInter||||||||\u00bb text_font_size=\u00bb16px\u00bb custom_margin=\u00bb0px|||||\u00bb global_colors_info=\u00bb{}\u00bb]<\/p>\n<p>\u00bfPorqu\u00e9 es importante el programa de despapelizaci\u00f3n?<br \/>Conoc\u00e9 c\u00f3mo a trav\u00e9s de este programa nos dirigimos<br \/>hacia un Estado m\u00e1s <strong>eficiente<\/strong>, <strong>simple<\/strong> y <strong>accesible<\/strong> pero<br \/>sobre todo m\u00e1s <strong>ecol\u00f3gico<\/strong>.<\/p>\n<p>[\/et_pb_text][\/et_pb_column][\/et_pb_row][et_pb_row column_structure=\u00bb1_2,1_2&#8243; _builder_version=\u00bb4.19.0&#8243; _module_preset=\u00bbdefault\u00bb custom_padding=\u00bb||0px|||\u00bb global_colors_info=\u00bb{}\u00bb][et_pb_column type=\u00bb1_2&#8243; _builder_version=\u00bb4.19.0&#8243; _dynamic_attributes=\u00bblink_option_url\u00bb _module_preset=\u00bbdefault\u00bb background_color=\u00bbRGBA(255,255,255,0)\u00bb custom_padding=\u00bb20px|30px|90px|30px|false|true\u00bb animation_style=\u00bbfade\u00bb link_option_url=\u00bb@ET-DC@eyJkeW5hbWljIjp0cnVlLCJjb250ZW50IjoicG9zdF9saW5rX3VybF9wYWdlIiwic2V0dGluZ3MiOnsicG9zdF9pZCI6IjI3NSJ9fQ==@\u00bb border_radii=\u00bbon|28px|28px|28px|28px\u00bb box_shadow_style=\u00bbpreset1&#8243; global_colors_info=\u00bb{}\u00bb][et_pb_image src=\u00bbhttps:\/\/www.santafe.gob.ar\/ms\/innovacion-publica\/wp-content\/uploads\/sites\/18\/2025\/06\/Proyectos-Promotores.png\u00bb title_text=\u00bbProyectos Promotores\u00bb _builder_version=\u00bb4.19.0&#8243; _module_preset=\u00bbdefault\u00bb global_colors_info=\u00bb{}\u00bb][\/et_pb_image][et_pb_text _builder_version=\u00bb4.19.0&#8243; _module_preset=\u00bbdefault\u00bb text_font=\u00bbInter||||||||\u00bb text_font_size=\u00bb16px\u00bb custom_padding=\u00bb1px|||||\u00bb global_colors_info=\u00bb{}\u00bb]<\/p>\n<p>Conoc\u00e9 a quienes <strong>lideran los procesos de innovaci\u00f3n<\/strong>,<br \/>creatividad y buenas pr\u00e1cticas en la administraci\u00f3n p\u00fablica, para transformar y modernizar el Estado.<\/p>\n<p>[\/et_pb_text][\/et_pb_column][et_pb_column type=\u00bb1_2&#8243; _builder_version=\u00bb4.19.0&#8243; _dynamic_attributes=\u00bblink_option_url\u00bb _module_preset=\u00bbdefault\u00bb background_color=\u00bbRGBA(255,255,255,0)\u00bb custom_padding=\u00bb86px|30px|66px|30px|false|true\u00bb animation_style=\u00bbfade\u00bb link_option_url=\u00bb@ET-DC@eyJkeW5hbWljIjp0cnVlLCJjb250ZW50IjoicG9zdF9saW5rX3VybF9wYWdlIiwic2V0dGluZ3MiOnsicG9zdF9pZCI6IjY1OCJ9fQ==@\u00bb border_radii=\u00bbon|28px|28px|28px|28px\u00bb box_shadow_style=\u00bbpreset1&#8243; global_colors_info=\u00bb{}\u00bb][et_pb_image src=\u00bbhttps:\/\/www.santafe.gob.ar\/ms\/innovacion-publica\/wp-content\/uploads\/sites\/18\/2025\/08\/Proyectos-Simple-Proyectos.png\u00bb title_text=\u00bbProyectos Simple Proyectos\u00bb _builder_version=\u00bb4.19.0&#8243; _module_preset=\u00bbdefault\u00bb width=\u00bb55%\u00bb custom_margin=\u00bb-46px|||||\u00bb global_colors_info=\u00bb{}\u00bb][\/et_pb_image][et_pb_text _builder_version=\u00bb4.19.0&#8243; _module_preset=\u00bbdefault\u00bb text_font=\u00bbInter||||||||\u00bb text_font_size=\u00bb16px\u00bb global_colors_info=\u00bb{}\u00bb]<\/p>\n<p>\u00a1Ahora hacer un tr\u00e1mite es mucho m\u00e1s SIMPLE!<br \/>Este nuevo programa logra que todas las \u00e1reas del Estado<br \/>se comuniquen entre s\u00ed, lo que permite hacer tr\u00e1mites sin<br \/>inconvenientes y de manera m\u00e1s sencilla.<\/p>\n<p>[\/et_pb_text][\/et_pb_column][\/et_pb_row][\/et_pb_section][et_pb_section fb_built=\u00bb1&#8243; admin_label=\u00bbsection\u00bb _builder_version=\u00bb4.19.0&#8243; custom_margin=\u00bb3px||||false|false\u00bb custom_padding=\u00bb1px||||false|false\u00bb hover_enabled=\u00bb0&#8243; locked=\u00bboff\u00bb global_colors_info=\u00bb{}\u00bb disabled_on=\u00bboff|off|on\u00bb sticky_enabled=\u00bb0&#8243;][et_pb_row column_structure=\u00bb1_2,1_2&#8243; _builder_version=\u00bb4.19.0&#8243; _module_preset=\u00bbdefault\u00bb custom_margin=\u00bb0px||||false|false\u00bb custom_padding=\u00bb||0px|||\u00bb global_colors_info=\u00bb{}\u00bb][et_pb_column type=\u00bb1_2&#8243; _builder_version=\u00bb4.19.0&#8243; _dynamic_attributes=\u00bblink_option_url\u00bb _module_preset=\u00bbdefault\u00bb background_color=\u00bbRGBA(255,255,255,0)\u00bb custom_padding=\u00bb20px|30px|90px|30px|false|true\u00bb animation_style=\u00bbfade\u00bb link_option_url=\u00bb@ET-DC@eyJkeW5hbWljIjp0cnVlLCJjb250ZW50IjoicG9zdF9saW5rX3VybF9wYWdlIiwic2V0dGluZ3MiOnsicG9zdF9pZCI6IjI2NyJ9fQ==@\u00bb border_radii=\u00bbon|28px|28px|28px|28px\u00bb box_shadow_style=\u00bbpreset1&#8243; global_colors_info=\u00bb{}\u00bb][et_pb_image src=\u00bbhttps:\/\/www.santafe.gob.ar\/ms\/innovacion-publica\/wp-content\/uploads\/sites\/18\/2025\/06\/Logo-Territorio-5.0-1-1.png\u00bb title_text=\u00bbLogo Territorio 5.0 (1)\u00bb _builder_version=\u00bb4.19.0&#8243; _module_preset=\u00bbdefault\u00bb width=\u00bb85%\u00bb custom_margin=\u00bb||26px|||\u00bb global_colors_info=\u00bb{}\u00bb][\/et_pb_image][et_pb_text _builder_version=\u00bb4.19.0&#8243; _module_preset=\u00bbdefault\u00bb text_font=\u00bbInter||||||||\u00bb text_font_size=\u00bb16px\u00bb custom_margin=\u00bb||1px|||\u00bb global_colors_info=\u00bb{}\u00bb]<\/p>\n<p><strong>\u00bfC\u00f3mo pueden ayudar las tecnolog\u00edas para un<\/strong><br \/><strong>Estado digital?<\/strong> Conoc\u00e9 Territorio 5.0 y TIMB\u00d3,<br \/>que permiten ir hacia un gobierno \u00e1gil y transparente.<\/p>\n<p>[\/et_pb_text][\/et_pb_column][et_pb_column type=\u00bb1_2&#8243; _builder_version=\u00bb4.19.0&#8243; _dynamic_attributes=\u00bblink_option_url\u00bb _module_preset=\u00bbdefault\u00bb background_color=\u00bbRGBA(255,255,255,0)\u00bb custom_padding=\u00bb16px|30px|68px|30px|false|true\u00bb animation_style=\u00bbfade\u00bb link_option_url=\u00bb@ET-DC@eyJkeW5hbWljIjp0cnVlLCJjb250ZW50IjoicG9zdF9saW5rX3VybF9wYWdlIiwic2V0dGluZ3MiOnsicG9zdF9pZCI6IjI1NiJ9fQ==@\u00bb border_radii=\u00bbon|28px|28px|28px|28px\u00bb box_shadow_style=\u00bbpreset1&#8243; global_colors_info=\u00bb{}\u00bb][et_pb_image src=\u00bbhttps:\/\/www.santafe.gob.ar\/ms\/innovacion-publica\/wp-content\/uploads\/sites\/18\/2025\/06\/Proyectos-Despapelizacion.png\u00bb title_text=\u00bbProyectos Despapelizacio\u0301n\u00bb _builder_version=\u00bb4.19.0&#8243; _module_preset=\u00bbdefault\u00bb width=\u00bb75%\u00bb custom_margin=\u00bb-1px|||||\u00bb global_colors_info=\u00bb{}\u00bb][\/et_pb_image][et_pb_text _builder_version=\u00bb4.19.0&#8243; _module_preset=\u00bbdefault\u00bb text_font=\u00bbInter||||||||\u00bb text_font_size=\u00bb16px\u00bb custom_margin=\u00bb0px|||||\u00bb global_colors_info=\u00bb{}\u00bb]<\/p>\n<p>\u00bfPorqu\u00e9 es importante el programa de despapelizaci\u00f3n?<br \/>Conoc\u00e9 c\u00f3mo a trav\u00e9s de este programa nos dirigimos<br \/>hacia un Estado m\u00e1s <strong>eficiente<\/strong>, <strong>simple<\/strong> y <strong>accesible<\/strong> pero<br \/>sobre todo m\u00e1s <strong>ecol\u00f3gico<\/strong>.<\/p>\n<p>[\/et_pb_text][\/et_pb_column][\/et_pb_row][et_pb_row column_structure=\u00bb1_2,1_2&#8243; _builder_version=\u00bb4.19.0&#8243; _module_preset=\u00bbdefault\u00bb custom_padding=\u00bb||0px|||\u00bb global_colors_info=\u00bb{}\u00bb][et_pb_column type=\u00bb1_2&#8243; _builder_version=\u00bb4.19.0&#8243; _dynamic_attributes=\u00bblink_option_url\u00bb _module_preset=\u00bbdefault\u00bb background_color=\u00bbRGBA(255,255,255,0)\u00bb custom_padding=\u00bb20px|30px|90px|30px|false|true\u00bb animation_style=\u00bbfade\u00bb link_option_url=\u00bb@ET-DC@eyJkeW5hbWljIjp0cnVlLCJjb250ZW50IjoicG9zdF9saW5rX3VybF9wYWdlIiwic2V0dGluZ3MiOnsicG9zdF9pZCI6IjI3NSJ9fQ==@\u00bb border_radii=\u00bbon|28px|28px|28px|28px\u00bb box_shadow_style=\u00bbpreset1&#8243; global_colors_info=\u00bb{}\u00bb][et_pb_image src=\u00bbhttps:\/\/www.santafe.gob.ar\/ms\/innovacion-publica\/wp-content\/uploads\/sites\/18\/2025\/06\/Proyectos-Promotores.png\u00bb title_text=\u00bbProyectos Promotores\u00bb _builder_version=\u00bb4.19.0&#8243; _module_preset=\u00bbdefault\u00bb global_colors_info=\u00bb{}\u00bb][\/et_pb_image][et_pb_text _builder_version=\u00bb4.19.0&#8243; _module_preset=\u00bbdefault\u00bb text_font=\u00bbInter||||||||\u00bb text_font_size=\u00bb16px\u00bb custom_padding=\u00bb1px|||||\u00bb global_colors_info=\u00bb{}\u00bb]<\/p>\n<p>Conoc\u00e9 a quienes <strong>lideran los procesos de innovaci\u00f3n<\/strong>,<br \/>creatividad y buenas pr\u00e1cticas en la administraci\u00f3n p\u00fablica, para transformar y modernizar el Estado.<\/p>\n<p>[\/et_pb_text][\/et_pb_column][et_pb_column type=\u00bb1_2&#8243; _builder_version=\u00bb4.19.0&#8243; _dynamic_attributes=\u00bblink_option_url\u00bb _module_preset=\u00bbdefault\u00bb background_color=\u00bbRGBA(255,255,255,0)\u00bb custom_padding=\u00bb86px|30px|66px|30px|false|true\u00bb animation_style=\u00bbfade\u00bb link_option_url=\u00bb@ET-DC@eyJkeW5hbWljIjp0cnVlLCJjb250ZW50IjoicG9zdF9saW5rX3VybF9wYWdlIiwic2V0dGluZ3MiOnsicG9zdF9pZCI6IjY1OCJ9fQ==@\u00bb border_radii=\u00bbon|28px|28px|28px|28px\u00bb box_shadow_style=\u00bbpreset1&#8243; global_colors_info=\u00bb{}\u00bb][et_pb_image src=\u00bbhttps:\/\/www.santafe.gob.ar\/ms\/innovacion-publica\/wp-content\/uploads\/sites\/18\/2025\/08\/Proyectos-Simple-Proyectos.png\u00bb title_text=\u00bbProyectos Simple Proyectos\u00bb _builder_version=\u00bb4.19.0&#8243; _module_preset=\u00bbdefault\u00bb width=\u00bb55%\u00bb custom_margin=\u00bb-46px|||||\u00bb global_colors_info=\u00bb{}\u00bb][\/et_pb_image][et_pb_text _builder_version=\u00bb4.19.0&#8243; _module_preset=\u00bbdefault\u00bb text_font=\u00bbInter||||||||\u00bb text_font_size=\u00bb16px\u00bb global_colors_info=\u00bb{}\u00bb]<\/p>\n<p>\u00a1Ahora hacer un tr\u00e1mite es mucho m\u00e1s SIMPLE!<br \/>Este nuevo programa logra que todas las \u00e1reas del Estado<br \/>se comuniquen entre s\u00ed, lo que permite hacer tr\u00e1mites sin<br \/>inconvenientes y de manera m\u00e1s sencilla.<\/p>\n<p>[\/et_pb_text][\/et_pb_column][\/et_pb_row][\/et_pb_section][et_pb_section fb_built=\u00bb1&#8243; disabled_on=\u00bbon|off|off\u00bb admin_label=\u00bbFooter\u00bb _builder_version=\u00bb4.19.0&#8243; _module_preset=\u00bbdefault\u00bb background_color=\u00bb#E52354&#8243; custom_margin=\u00bb||||false|false\u00bb custom_padding=\u00bb3px||0px||false|false\u00bb saved_tabs=\u00bball\u00bb locked=\u00bboff\u00bb collapsed=\u00bbon\u00bb global_colors_info=\u00bb{%22gcid-1b9885b1-d5db-4c39-ab49-d8f90e824600%22:%91%22background_color%22%93}\u00bb][et_pb_row column_structure=\u00bb1_2,1_2&#8243; _builder_version=\u00bb4.19.3&#8243; _module_preset=\u00bbdefault\u00bb custom_margin=\u00bb-1px|auto||auto||\u00bb global_colors_info=\u00bb{}\u00bb][et_pb_column type=\u00bb1_2&#8243; _builder_version=\u00bb4.19.3&#8243; _module_preset=\u00bbdefault\u00bb global_colors_info=\u00bb{}\u00bb][et_pb_text _builder_version=\u00bb4.19.0&#8243; _module_preset=\u00bbf87d1bab-19cd-468c-9472-54b11a58aae4&#8243; text_font=\u00bbInter||||||||\u00bb text_text_color=\u00bb#FFFFFF\u00bb text_font_size=\u00bb43px\u00bb header_font=\u00bbInter|900|||||||\u00bb header_text_color=\u00bb#FFFFFF\u00bb header_font_size=\u00bb40px\u00bb header_4_text_color=\u00bb#FFFFFF\u00bb locked=\u00bboff\u00bb global_colors_info=\u00bb{}\u00bb]<\/p>\n<h1>\u00bfTen\u00e9s dudas?<\/h1>\n<p>[\/et_pb_text][et_pb_text _builder_version=\u00bb4.19.0&#8243; _module_preset=\u00bbdefault\u00bb text_font=\u00bbInter|900|||||||\u00bb text_text_color=\u00bb#FFFFFF\u00bb text_font_size=\u00bb43px\u00bb header_font=\u00bbInter|900|||||||\u00bb header_text_color=\u00bb#FFFFFF\u00bb header_font_size=\u00bb40px\u00bb header_2_font=\u00bbInter|900|||||||\u00bb header_4_font=\u00bbInter|900|||||||\u00bb header_4_text_color=\u00bb#FFFFFF\u00bb global_colors_info=\u00bb{}\u00bb]<\/p>\n<p>\u00a1Contactanos!<\/p>\n<p>[\/et_pb_text][\/et_pb_column][et_pb_column type=\u00bb1_2&#8243; _builder_version=\u00bb4.19.3&#8243; _module_preset=\u00bbdefault\u00bb global_colors_info=\u00bb{}\u00bb][et_pb_blurb use_icon=\u00bbon\u00bb font_icon=\u00bb&#xe090;||divi||400&#8243; image_icon_width=\u00bb26px\u00bb _builder_version=\u00bb4.19.0&#8243; _module_preset=\u00bb2d615e5d-c1ef-47ca-9897-cc07e31d4b42&#8243; body_font=\u00bbInter||||||||\u00bb body_font_size=\u00bb20px\u00bb header_font_size_tablet=\u00bb15px\u00bb header_font_size_phone=\u00bb14px\u00bb header_font_size_last_edited=\u00bbon|desktop\u00bb locked=\u00bboff\u00bb global_colors_info=\u00bb{}\u00bb]<\/p>\n<p>3413 14 7277<\/p>\n<p>[\/et_pb_blurb][et_pb_blurb url=\u00bbhttps:\/\/mail.google.com\/mail\/u\/0\/?ogbl#inbox?compose=DmwnWrRlQXsmcmnKHLjxRPbHWzjkNvLxtVCQcskdsHGklSDStHsThHHlLXtzCkFHqfHKQNxJZtBQ\u00bb use_icon=\u00bbon\u00bb font_icon=\u00bb&#xe076;||divi||400&#8243; image_icon_width=\u00bb26px\u00bb _builder_version=\u00bb4.19.0&#8243; _module_preset=\u00bb2d615e5d-c1ef-47ca-9897-cc07e31d4b42&#8243; body_font=\u00bbInter||||||||\u00bb body_font_size=\u00bb20px\u00bb locked=\u00bboff\u00bb global_colors_info=\u00bb{}\u00bb]<\/p>\n<p><a href=\"https:\/\/mail.google.com\/mail\/u\/0\/?ogbl#inbox?compose=DmwnWrRlQXsmcmnKHLjxRPbHWzjkNvLxtVCQcskdsHGklSDStHsThHHlLXtzCkFHqfHKQNxJZtBQ\" style=\"color: white\"><span>\u00a0innovacionsgp@santafe.gob.ar<\/span><\/a><\/p>\n<p>[\/et_pb_blurb][et_pb_blurb url=\u00bbhttps:\/\/www.google.com\/maps\/place\/Casa+de+Gobierno+de+Santa+Fe.\/@-31.6582004,-60.7132437,17z\/data=!3m1!4b1!4m6!3m5!1s0x95b5a907e10aa095:0x1712bf0876343c39!8m2!3d-31.658205!4d-60.7106688!16s%2Fg%2F125_dr0p9?entry=ttu&amp;g_ep=EgoyMDI1MDYyMy4yIKXMDSoASAFQAw%3D%3D\u00bb use_icon=\u00bbon\u00bb font_icon=\u00bb&#xf3c5;||fa||900&#8243; image_icon_width=\u00bb26px\u00bb _builder_version=\u00bb4.19.0&#8243; _module_preset=\u00bb2d615e5d-c1ef-47ca-9897-cc07e31d4b42&#8243; header_level=\u00bbh5&#8243; body_font=\u00bbInter|||||||RGBA(255,255,255,0)|\u00bb body_font_size=\u00bb20px\u00bb custom_margin=\u00bb|-104px||||\u00bb locked=\u00bboff\u00bb global_colors_info=\u00bb{}\u00bb]<a href=\"https:\/\/www.google.com\/maps\/place\/Casa+de+Gobierno+de+Santa+Fe.\/@-31.6582004,-60.7132437,17z\/data=!3m1!4b1!4m6!3m5!1s0x95b5a907e10aa095:0x1712bf0876343c39!8m2!3d-31.658205!4d-60.7106688!16s%2Fg%2F125_dr0p9?entry=ttu&amp;g_ep=EgoyMDI1MDYyMy4yIKXMDSoASAFQAw%3D%3D\" style=\"color: white\">2649 3 de Febrero, Santa Fe, Santa Fe<\/a>[\/et_pb_blurb][\/et_pb_column][\/et_pb_row][\/et_pb_section][et_pb_section fb_built=\u00bb1&#8243; disabled_on=\u00bboff|on|on\u00bb admin_label=\u00bbFooter\u00bb _builder_version=\u00bb4.19.0&#8243; _module_preset=\u00bbdefault\u00bb background_color=\u00bb#E52354&#8243; custom_margin=\u00bb||||false|false\u00bb custom_padding=\u00bb3px||0px||false|false\u00bb saved_tabs=\u00bball\u00bb locked=\u00bboff\u00bb collapsed=\u00bbon\u00bb global_colors_info=\u00bb{%22gcid-1b9885b1-d5db-4c39-ab49-d8f90e824600%22:%91%22background_color%22%93}\u00bb][et_pb_row column_structure=\u00bb1_4,1_4,1_2&#8243; _builder_version=\u00bb4.19.3&#8243; _module_preset=\u00bbdefault\u00bb custom_margin=\u00bb-1px|auto||auto||\u00bb custom_padding=\u00bb||6px|||\u00bb global_colors_info=\u00bb{}\u00bb][et_pb_column type=\u00bb1_4&#8243; _builder_version=\u00bb4.19.3&#8243; _module_preset=\u00bbdefault\u00bb global_colors_info=\u00bb{}\u00bb][et_pb_text _builder_version=\u00bb4.19.0&#8243; _module_preset=\u00bbf87d1bab-19cd-468c-9472-54b11a58aae4&#8243; text_font=\u00bbInter||||||||\u00bb text_text_color=\u00bb#FFFFFF\u00bb text_font_size=\u00bb43px\u00bb header_font=\u00bbInter|900|||||||\u00bb header_text_color=\u00bb#FFFFFF\u00bb header_font_size=\u00bb40px\u00bb header_4_text_color=\u00bb#FFFFFF\u00bb locked=\u00bboff\u00bb global_colors_info=\u00bb{}\u00bb]<\/p>\n<h1>\u00bfTen\u00e9s dudas?<\/h1>\n<p>[\/et_pb_text][et_pb_text _builder_version=\u00bb4.19.0&#8243; _module_preset=\u00bbf87d1bab-19cd-468c-9472-54b11a58aae4&#8243; text_font=\u00bbInter||||||||\u00bb text_text_color=\u00bb#FFFFFF\u00bb text_font_size=\u00bb43px\u00bb header_font=\u00bbInter|900|||||||\u00bb header_text_color=\u00bb#FFFFFF\u00bb header_font_size=\u00bb40px\u00bb header_4_text_color=\u00bb#FFFFFF\u00bb locked=\u00bboff\u00bb global_colors_info=\u00bb{}\u00bb]<\/p>\n<h1>\u00a1Cont\u00e1ctanos!<\/h1>\n<p>[\/et_pb_text][et_pb_blurb use_icon=\u00bbon\u00bb font_icon=\u00bb&#xe090;||divi||400&#8243; image_icon_width=\u00bb26px\u00bb _builder_version=\u00bb4.19.0&#8243; _module_preset=\u00bb2d615e5d-c1ef-47ca-9897-cc07e31d4b42&#8243; body_font=\u00bbInter||||||||\u00bb body_font_size=\u00bb20px\u00bb header_font_size_tablet=\u00bb15px\u00bb header_font_size_phone=\u00bb14px\u00bb header_font_size_last_edited=\u00bbon|desktop\u00bb locked=\u00bboff\u00bb global_colors_info=\u00bb{}\u00bb]<\/p>\n<p>3413 14 7277<\/p>\n<p>[\/et_pb_blurb][et_pb_blurb url=\u00bbhttps:\/\/mail.google.com\/mail\/u\/0\/?ogbl#inbox?compose=DmwnWrRlQXsmcmnKHLjxRPbHWzjkNvLxtVCQcskdsHGklSDStHsThHHlLXtzCkFHqfHKQNxJZtBQ\u00bb use_icon=\u00bbon\u00bb font_icon=\u00bb&#xe076;||divi||400&#8243; image_icon_width=\u00bb26px\u00bb _builder_version=\u00bb4.19.0&#8243; _module_preset=\u00bb2d615e5d-c1ef-47ca-9897-cc07e31d4b42&#8243; body_font=\u00bbInter||||||||\u00bb body_font_size=\u00bb20px\u00bb custom_margin=\u00bb||||false|false\u00bb locked=\u00bboff\u00bb global_colors_info=\u00bb{}\u00bb]<a href=\"https:\/\/mail.google.com\/mail\/u\/0\/?ogbl#inbox?compose=DmwnWrRlQXsmcmnKHLjxRPbHWzjkNvLxtVCQcskdsHGklSDStHsThHHlLXtzCkFHqfHKQNxJZtBQ\" style=\"color: white\"><span>\u00a0innovacionsgp@santafe.gob.ar<\/span><\/a>[\/et_pb_blurb][et_pb_blurb url=\u00bbhttps:\/\/www.google.com\/maps\/place\/Casa+de+Gobierno+de+Santa+Fe.\/@-31.6582004,-60.7132437,17z\/data=!3m1!4b1!4m6!3m5!1s0x95b5a907e10aa095:0x1712bf0876343c39!8m2!3d-31.658205!4d-60.7106688!16s%2Fg%2F125_dr0p9?entry=ttu&amp;g_ep=EgoyMDI1MDYyMy4yIKXMDSoASAFQAw%3D%3D\u00bb use_icon=\u00bbon\u00bb font_icon=\u00bb&#xf3c5;||fa||900&#8243; image_icon_width=\u00bb26px\u00bb _builder_version=\u00bb4.19.0&#8243; _module_preset=\u00bb2d615e5d-c1ef-47ca-9897-cc07e31d4b42&#8243; header_level=\u00bbh5&#8243; body_font=\u00bbInter|||||||RGBA(255,255,255,0)|\u00bb body_font_size=\u00bb20px\u00bb custom_margin=\u00bb|-104px||||\u00bb locked=\u00bboff\u00bb global_colors_info=\u00bb{}\u00bb]<a href=\"https:\/\/www.google.com\/maps\/place\/Casa+de+Gobierno+de+Santa+Fe.\/@-31.6582004,-60.7132437,17z\/data=!3m1!4b1!4m6!3m5!1s0x95b5a907e10aa095:0x1712bf0876343c39!8m2!3d-31.658205!4d-60.7106688!16s%2Fg%2F125_dr0p9?entry=ttu&amp;g_ep=EgoyMDI1MDYyMy4yIKXMDSoASAFQAw%3D%3D\" style=\"color: white\">2649 3 de Febrero, Santa Fe,<br \/> Santa Fe<\/a>[\/et_pb_blurb][\/et_pb_column][et_pb_column type=\u00bb1_4&#8243; _builder_version=\u00bb4.19.3&#8243; _module_preset=\u00bbdefault\u00bb global_colors_info=\u00bb{}\u00bb][\/et_pb_column][et_pb_column type=\u00bb1_2&#8243; _builder_version=\u00bb4.19.3&#8243; _module_preset=\u00bbdefault\u00bb global_colors_info=\u00bb{}\u00bb][\/et_pb_column][\/et_pb_row][\/et_pb_section]<\/p>\n","protected":false},"excerpt":{"rendered":"<p>\u00bfC\u00f3mo pueden ayudar las tecnolog\u00edas para unEstado digital? Conoc\u00e9 Territorio 5.0 y TIMB\u00d3,que permiten ir hacia un gobierno \u00e1gil y transparente.\u00bfPorqu\u00e9 es importante el programa de despapelizaci\u00f3n?Conoc\u00e9 c\u00f3mo a trav\u00e9s [&hellip;]<\/p>\n","protected":false},"author":127451,"featured_media":0,"parent":0,"menu_order":0,"comment_status":"closed","ping_status":"closed","template":"","meta":{"_acf_changed":false,"_et_pb_use_builder":"on","_et_pb_old_content":"","_et_gb_content_width":"","footnotes":""},"class_list":["post-48","page","type-page","status-publish","hentry"],"acf":[],"_links":{"self":[{"href":"https:\/\/www.santafe.gob.ar\/ms\/innovacion-publica\/wp-json\/wp\/v2\/pages\/48","targetHints":{"allow":["GET"]}}],"collection":[{"href":"https:\/\/www.santafe.gob.ar\/ms\/innovacion-publica\/wp-json\/wp\/v2\/pages"}],"about":[{"href":"https:\/\/www.santafe.gob.ar\/ms\/innovacion-publica\/wp-json\/wp\/v2\/types\/page"}],"author":[{"embeddable":true,"href":"https:\/\/www.santafe.gob.ar\/ms\/innovacion-publica\/wp-json\/wp\/v2\/users\/127451"}],"replies":[{"embeddable":true,"href":"https:\/\/www.santafe.gob.ar\/ms\/innovacion-publica\/wp-json\/wp\/v2\/comments?post=48"}],"version-history":[{"count":18,"href":"https:\/\/www.santafe.gob.ar\/ms\/innovacion-publica\/wp-json\/wp\/v2\/pages\/48\/revisions"}],"predecessor-version":[{"id":889,"href":"https:\/\/www.santafe.gob.ar\/ms\/innovacion-publica\/wp-json\/wp\/v2\/pages\/48\/revisions\/889"}],"wp:attachment":[{"href":"https:\/\/www.santafe.gob.ar\/ms\/innovacion-publica\/wp-json\/wp\/v2\/media?parent=48"}],"curies":[{"name":"wp","href":"https:\/\/api.w.org\/{rel}","templated":true}]}}