{"id":233,"date":"2024-12-04T18:21:21","date_gmt":"2024-12-04T17:21:21","guid":{"rendered":"https:\/\/www.santafe.gob.ar\/ms\/llave\/?page_id=233"},"modified":"2024-12-09T16:10:01","modified_gmt":"2024-12-09T15:10:01","slug":"requisitos","status":"publish","type":"page","link":"https:\/\/www.santafe.gob.ar\/ms\/llave\/requisitos\/","title":{"rendered":"Requisitos para acceder al Programa"},"content":{"rendered":"<p>Los solicitantes deber\u00e1n cumplir y acreditar de manera excluyente los requisitos establecidos en el Programa que se indican a continuaci\u00f3n:<\/p>\n<p>a) Ser mayor de 18 a\u00f1os<\/p>\n<p>b) Tener domicilio dentro de la Provincia de Santa Fe<\/p>\n<p>c) No ser titular dominial de un inmueble con destino a vivienda en la misma localidad en la cual se encuentra\u00a0 radicado el inmueble a alquilar.<\/p>\n<p>d) Cumplir con los requisitos financieros establecidos por la entidad que otorga el cr\u00e9dito, a saber: 1) Ingreso m\u00ednimo de dos salarios m\u00ednimos vitales y m\u00f3viles 2) Antig\u00fcedad: 6 meses para la L\u00ednea \u201cLLave Cr\u00e9dito\u201d y 1 a\u00f1o para la l\u00ednea \u201cLlave Garant\u00eda\u201d 3) ser apto financieramente (VERAZ \u2013 RCI)<\/p>\n<p>e) Que el valor mensual del alquiler no sea superior a 450 UVAs.<\/p>\n<p>f) El inmueble a alquilar tiene que ser exclusivamente destinado a vivienda.<\/p>\n<p>g) Contar al momento de ingresar la solicitud con la Carta Intenci\u00f3n de alquiler. (Carta Intenci\u00f3n: documento que se encuentra disponible en la p\u00e1gina web de la provincia que deber\u00e1 completarse con los datos del inmueble a alquilar,datos del inquilino y del locador (inmobiliaria\/corredor\/propietario del inmueble) y firma de las partes.<\/p>\n<h5>Solicitud de Beneficios en Representaci\u00f3n de la persona Inquilina:<\/h5>\n<p>En los casos en que el futuro inquilino no cuente con aptitud para ser tomador del cr\u00e9dito o el seguro, se permitir\u00e1 que la solicitud del beneficio del programa sea realizada por otra persona en su representaci\u00f3n, siempre que en la <a href=\"https:\/\/www.santafe.gob.ar\/ms\/llave\/wp-content\/uploads\/sites\/83\/2024\/12\/LLAVE-FORMULARIO_Carta-de-Intencion.pdf\" target=\"_blank\" rel=\"noopener\">Carta de Intenci\u00f3n<\/a> conste qui\u00e9n ser\u00e1 el inquilino y \u00e9ste, en t\u00e9rminos personales, cumpla con los requisitos previstos en los incisos a, b , c, e y f.<\/p>\n","protected":false},"excerpt":{"rendered":"<p>Los solicitantes deber\u00e1n cumplir y acreditar de manera excluyente los requisitos establecidos en el Programa que se indican a continuaci\u00f3n: a) Ser mayor de 18 a\u00f1os b) Tener domicilio dentro de la Provincia de Santa Fe c) No ser titular dominial de un inmueble con destino a vivienda en la misma localidad en la cual [&hellip;]<\/p>\n","protected":false},"author":82961,"featured_media":0,"parent":0,"menu_order":0,"comment_status":"closed","ping_status":"closed","template":"","meta":{"_acf_changed":false,"_et_pb_use_builder":"","_et_pb_old_content":"","_et_gb_content_width":"","footnotes":""},"class_list":["post-233","page","type-page","status-publish","hentry"],"acf":[],"_links":{"self":[{"href":"https:\/\/www.santafe.gob.ar\/ms\/llave\/wp-json\/wp\/v2\/pages\/233","targetHints":{"allow":["GET"]}}],"collection":[{"href":"https:\/\/www.santafe.gob.ar\/ms\/llave\/wp-json\/wp\/v2\/pages"}],"about":[{"href":"https:\/\/www.santafe.gob.ar\/ms\/llave\/wp-json\/wp\/v2\/types\/page"}],"author":[{"embeddable":true,"href":"https:\/\/www.santafe.gob.ar\/ms\/llave\/wp-json\/wp\/v2\/users\/82961"}],"replies":[{"embeddable":true,"href":"https:\/\/www.santafe.gob.ar\/ms\/llave\/wp-json\/wp\/v2\/comments?post=233"}],"version-history":[{"count":3,"href":"https:\/\/www.santafe.gob.ar\/ms\/llave\/wp-json\/wp\/v2\/pages\/233\/revisions"}],"predecessor-version":[{"id":270,"href":"https:\/\/www.santafe.gob.ar\/ms\/llave\/wp-json\/wp\/v2\/pages\/233\/revisions\/270"}],"wp:attachment":[{"href":"https:\/\/www.santafe.gob.ar\/ms\/llave\/wp-json\/wp\/v2\/media?parent=233"}],"curies":[{"name":"wp","href":"https:\/\/api.w.org\/{rel}","templated":true}]}}