{"id":26,"date":"2024-07-03T13:18:08","date_gmt":"2024-07-03T11:18:08","guid":{"rendered":"https:\/\/www.santafe.gob.ar\/ms\/nidocreditoshipotecarios\/?page_id=26"},"modified":"2024-12-09T17:40:12","modified_gmt":"2024-12-09T16:40:12","slug":"home","status":"publish","type":"page","link":"https:\/\/www.santafe.gob.ar\/ms\/llave\/","title":{"rendered":"Home"},"content":{"rendered":"<p>[et_pb_section fb_built=\u00bb1&#8243; custom_padding_last_edited=\u00bbon|phone\u00bb _builder_version=\u00bb4.19.0&#8243; _module_preset=\u00bbdefault\u00bb background_image=\u00bbhttps:\/\/www.santafe.gob.ar\/ms\/llave\/wp-content\/uploads\/sites\/83\/2024\/12\/SF-Provincia_Creditos-LLAVE_web_WEB_slide-01_fondo.png\u00bb height_tablet=\u00bb620px\u00bb height_phone=\u00bb\u00bb height_last_edited=\u00bbon|phone\u00bb custom_padding=\u00bb80px||80px||true|false\u00bb custom_padding_tablet=\u00bb80px||80px||true|false\u00bb custom_padding_phone=\u00bb8px||8px||true|false\u00bb locked=\u00bboff\u00bb global_colors_info=\u00bb{}\u00bb][et_pb_row _builder_version=\u00bb4.19.0&#8243; _module_preset=\u00bbdefault\u00bb height=\u00bb100%\u00bb custom_css_main_element=\u00bbdisplay: flex;||flex-direction: column;||justify-content: center;\u00bb global_colors_info=\u00bb{}\u00bb][et_pb_column type=\u00bb4_4&#8243; _builder_version=\u00bb4.19.0&#8243; _module_preset=\u00bbdefault\u00bb global_colors_info=\u00bb{}\u00bb][et_pb_divider show_divider=\u00bboff\u00bb _builder_version=\u00bb4.19.0&#8243; _module_preset=\u00bbdefault\u00bb height=\u00bb120px\u00bb global_colors_info=\u00bb{}\u00bb][\/et_pb_divider][et_pb_image src=\u00bbhttps:\/\/www.santafe.gob.ar\/ms\/llave\/wp-content\/uploads\/sites\/83\/2024\/12\/SF-Provincia_Creditos-LLAVE_web_slide-02-txt.png\u00bb title_text=\u00bbSF-Provincia_Creditos-LLAVE_web_slide-02-txt\u00bb align=\u00bbcenter\u00bb _builder_version=\u00bb4.19.0&#8243; _module_preset=\u00bbdefault\u00bb width=\u00bb520px\u00bb width_tablet=\u00bb60%\u00bb width_phone=\u00bb80%\u00bb width_last_edited=\u00bbon|desktop\u00bb max_width_tablet=\u00bb\u00bb max_width_phone=\u00bb100%\u00bb max_width_last_edited=\u00bbon|phone\u00bb custom_margin=\u00bb||||false|false\u00bb custom_margin_tablet=\u00bb\u00bb custom_margin_phone=\u00bb||10px||false|false\u00bb custom_margin_last_edited=\u00bbon|phone\u00bb custom_padding=\u00bb|||80px|false|false\u00bb custom_padding_tablet=\u00bb|||80px|false|false\u00bb custom_padding_phone=\u00bb|||80px|false|false\u00bb custom_padding_last_edited=\u00bbon|desktop\u00bb global_colors_info=\u00bb{}\u00bb][\/et_pb_image][et_pb_divider show_divider=\u00bboff\u00bb _builder_version=\u00bb4.19.0&#8243; _module_preset=\u00bbdefault\u00bb height=\u00bb120px\u00bb global_colors_info=\u00bb{}\u00bb][\/et_pb_divider][et_pb_image src=\u00bbhttps:\/\/www.santafe.gob.ar\/ms\/llave\/wp-content\/uploads\/sites\/83\/2024\/12\/SF-Provincia_Creditos-LLAVE_web_Logos_OTROS_COLOR.png\u00bb title_text=\u00bbSF-Provincia_Creditos-LLAVE_web_Logos_OTROS_COLOR\u00bb align=\u00bbcenter\u00bb _builder_version=\u00bb4.19.0&#8243; _module_preset=\u00bbdefault\u00bb width=\u00bb400px\u00bb width_tablet=\u00bb60%\u00bb width_phone=\u00bb75%\u00bb width_last_edited=\u00bbon|phone\u00bb max_width_tablet=\u00bb\u00bb max_width_phone=\u00bb100%\u00bb max_width_last_edited=\u00bbon|phone\u00bb custom_margin_tablet=\u00bb\u00bb custom_margin_phone=\u00bb20px||0px||false|false\u00bb custom_margin_last_edited=\u00bbon|phone\u00bb global_colors_info=\u00bb{}\u00bb][\/et_pb_image][\/et_pb_column][\/et_pb_row][\/et_pb_section][et_pb_section fb_built=\u00bb1&#8243; _builder_version=\u00bb4.19.0&#8243; _module_preset=\u00bbdefault\u00bb locked=\u00bboff\u00bb global_colors_info=\u00bb{}\u00bb][et_pb_row _builder_version=\u00bb4.19.0&#8243; _module_preset=\u00bbdefault\u00bb global_colors_info=\u00bb{}\u00bb][et_pb_column type=\u00bb4_4&#8243; _builder_version=\u00bb4.19.0&#8243; _module_preset=\u00bbdefault\u00bb global_colors_info=\u00bb{}\u00bb][et_pb_text _builder_version=\u00bb4.19.0&#8243; _module_preset=\u00bbdefault\u00bb text_font=\u00bb|300|||||||\u00bb text_font_size=\u00bb28px\u00bb text_line_height=\u00bb1.6em\u00bb text_orientation=\u00bbcenter\u00bb text_font_size_tablet=\u00bb28px\u00bb text_font_size_phone=\u00bb22px\u00bb text_font_size_last_edited=\u00bbon|phone\u00bb global_colors_info=\u00bb{}\u00bb]<\/p>\n<p>Todo nuevo comienzo es una puerta que se abre. Tenemos la llave<\/p>\n<p>[\/et_pb_text][\/et_pb_column][\/et_pb_row][et_pb_row column_structure=\u00bb1_2,1_2&#8243; _builder_version=\u00bb4.19.0&#8243; _module_preset=\u00bbdefault\u00bb global_colors_info=\u00bb{}\u00bb][et_pb_column type=\u00bb1_2&#8243; _builder_version=\u00bb4.19.0&#8243; _module_preset=\u00bbdefault\u00bb global_colors_info=\u00bb{}\u00bb][et_pb_text _builder_version=\u00bb4.19.0&#8243; _module_preset=\u00bbdefault\u00bb global_colors_info=\u00bb{}\u00bb]Llave es la alternativa que pone a disposici\u00f3n de los santafesinos que alquilan en la provincia, soluciones r\u00e1pidas para solventar gastos de un nuevo contrato o contar con garant\u00edas. [\/et_pb_text][\/et_pb_column][et_pb_column type=\u00bb1_2&#8243; _builder_version=\u00bb4.19.0&#8243; _module_preset=\u00bbdefault\u00bb global_colors_info=\u00bb{}\u00bb][et_pb_text _builder_version=\u00bb4.19.0&#8243; _module_preset=\u00bbdefault\u00bb global_colors_info=\u00bb{}\u00bb]Estas herramientas est\u00e1n orientadas a brindar facilidades a todos aquellos cuya soluci\u00f3n habitacional se encuentra vinculada a un contrato de alquiler; ya sea para una familia, parejas, personas solteras, adultos mayores o j\u00f3venes que est\u00e1n proyectando su independencia.[\/et_pb_text][\/et_pb_column][\/et_pb_row][et_pb_row _builder_version=\u00bb4.19.0&#8243; _module_preset=\u00bbdefault\u00bb custom_margin=\u00bb40px||||false|false\u00bb locked=\u00bboff\u00bb global_colors_info=\u00bb{}\u00bb][et_pb_column type=\u00bb4_4&#8243; _builder_version=\u00bb4.19.0&#8243; _module_preset=\u00bbdefault\u00bb global_colors_info=\u00bb{}\u00bb][et_pb_text _builder_version=\u00bb4.19.0&#8243; _module_preset=\u00bbdefault\u00bb text_orientation=\u00bbcenter\u00bb custom_margin=\u00bb0px||0px||true|false\u00bb global_colors_info=\u00bb{}\u00bb]<\/p>\n<h4>Modalidades del Programa<\/h4>\n<p>[\/et_pb_text][et_pb_text _builder_version=\u00bb4.19.0&#8243; _module_preset=\u00bbdefault\u00bb text_orientation=\u00bbcenter\u00bb global_colors_info=\u00bb{}\u00bb]El Programa comprende dos Modalidades Operativas[\/et_pb_text][\/et_pb_column][\/et_pb_row][et_pb_row column_structure=\u00bb1_2,1_2&#8243; _builder_version=\u00bb4.19.0&#8243; _module_preset=\u00bbdefault\u00bb custom_padding=\u00bb40px||||false|false\u00bb global_colors_info=\u00bb{}\u00bb][et_pb_column type=\u00bb1_2&#8243; _builder_version=\u00bb4.19.0&#8243; _module_preset=\u00bbdefault\u00bb global_colors_info=\u00bb{}\u00bb][et_pb_image src=\u00bbhttps:\/\/www.santafe.gob.ar\/ms\/llave\/wp-content\/uploads\/sites\/83\/2024\/12\/SF-Provincia_Creditos-LLAVE_web_icon-1-CREDITO.png\u00bb title_text=\u00bbSF-Provincia_Creditos-LLAVE_web_icon-1-CREDITO\u00bb align=\u00bbcenter\u00bb _builder_version=\u00bb4.19.0&#8243; _module_preset=\u00bbdefault\u00bb background_color=\u00bb#f0f0f0&#8243; width=\u00bb140px\u00bb width_tablet=\u00bb140px\u00bb width_phone=\u00bb140px\u00bb width_last_edited=\u00bbon|phone\u00bb module_alignment=\u00bbcenter\u00bb custom_margin=\u00bb||30px||false|false\u00bb animation_direction=\u00bbleft\u00bb global_colors_info=\u00bb{}\u00bb][\/et_pb_image][et_pb_text _builder_version=\u00bb4.19.0&#8243; _module_preset=\u00bbdefault\u00bb text_line_height=\u00bb1.2em\u00bb header_4_font=\u00bb|600||on|||||\u00bb header_4_text_align=\u00bbcenter\u00bb header_4_text_color=\u00bb#aaaaaa\u00bb header_4_font_size=\u00bb14px\u00bb header_4_letter_spacing=\u00bb3px\u00bb text_orientation=\u00bbcenter\u00bb custom_margin=\u00bb0px||||false|false\u00bb hover_enabled=\u00bb0&#8243; global_colors_info=\u00bb{}\u00bb sticky_enabled=\u00bb0&#8243;]<\/p>\n<h5>Llave Soluci\u00f3n Econ\u00f3mica*<\/h5>\n<p>Destinada a brindar apoyo financiero a inquilinos para afrontar los gastos vinculados a la suscripci\u00f3n del contrato de alquiler o su renovaci\u00f3n (honorarios, comisiones, gastos de mudanzas, conexiones de servicios).[\/et_pb_text][et_pb_button button_url=\u00bb@ET-DC@eyJkeW5hbWljIjp0cnVlLCJjb250ZW50IjoicG9zdF9saW5rX3VybF9wYWdlIiwic2V0dGluZ3MiOnsicG9zdF9pZCI6IjIzOSJ9fQ==@\u00bb button_text=\u00bbM\u00e1s info\u00bb button_alignment=\u00bbcenter\u00bb admin_label=\u00bbBot\u00f3n\u00bb _builder_version=\u00bb4.19.0&#8243; _dynamic_attributes=\u00bbbutton_url\u00bb _module_preset=\u00bbdefault\u00bb custom_button=\u00bbon\u00bb button_text_size=\u00bb14px\u00bb button_text_color=\u00bb#494963&#8243; button_border_width=\u00bb2px\u00bb button_border_color=\u00bb#494963&#8243; button_border_radius=\u00bb100px\u00bb button_letter_spacing=\u00bb1px\u00bb button_font=\u00bb|700||on|||||\u00bb button_icon=\u00bb&#x24;||divi||400&#8243; button_icon_color=\u00bb#494963&#8243; background_layout=\u00bbdark\u00bb custom_margin=\u00bb10px||50px||false|false\u00bb custom_margin_tablet=\u00bb50px||50px||true|false\u00bb custom_margin_phone=\u00bb0px||10px||false|false\u00bb custom_margin_last_edited=\u00bbon|phone\u00bb custom_padding=\u00bb10px|40px|10px|40px|true|true\u00bb custom_padding_tablet=\u00bb12px|40px|12px|40px|true|true\u00bb custom_padding_phone=\u00bb8px|20px|8px|20px|true|true\u00bb custom_padding_last_edited=\u00bbon|phone\u00bb button_text_size_tablet=\u00bb14px\u00bb button_text_size_phone=\u00bb12px\u00bb button_text_size_last_edited=\u00bbon|phone\u00bb button_letter_spacing_tablet=\u00bb1px\u00bb button_letter_spacing_phone=\u00bb0px\u00bb button_letter_spacing_last_edited=\u00bbon|phone\u00bb locked=\u00bboff\u00bb global_colors_info=\u00bb{}\u00bb][\/et_pb_button][\/et_pb_column][et_pb_column type=\u00bb1_2&#8243; _builder_version=\u00bb4.19.0&#8243; _module_preset=\u00bbdefault\u00bb global_colors_info=\u00bb{}\u00bb][et_pb_image src=\u00bbhttps:\/\/www.santafe.gob.ar\/ms\/llave\/wp-content\/uploads\/sites\/83\/2024\/12\/SF-Provincia_Creditos-LLAVE_web_icon-2-GARANTIA.png\u00bb title_text=\u00bbSF-Provincia_Creditos-LLAVE_web_icon-2-GARANTIA\u00bb align=\u00bbcenter\u00bb _builder_version=\u00bb4.19.0&#8243; _module_preset=\u00bbdefault\u00bb background_color=\u00bb#f0f0f0&#8243; width=\u00bb140px\u00bb width_tablet=\u00bb140px\u00bb width_phone=\u00bb140px\u00bb width_last_edited=\u00bbon|phone\u00bb module_alignment=\u00bbcenter\u00bb custom_margin=\u00bb||30px||false|false\u00bb global_colors_info=\u00bb{}\u00bb][\/et_pb_image][et_pb_text _builder_version=\u00bb4.19.0&#8243; _module_preset=\u00bbdefault\u00bb text_line_height=\u00bb1.2em\u00bb header_4_font=\u00bb|600||on|||||\u00bb header_4_text_align=\u00bbcenter\u00bb header_4_text_color=\u00bb#aaaaaa\u00bb header_4_font_size=\u00bb14px\u00bb header_4_letter_spacing=\u00bb3px\u00bb text_orientation=\u00bbcenter\u00bb custom_margin=\u00bb0px||||false|false\u00bb hover_enabled=\u00bb0&#8243; global_colors_info=\u00bb{}\u00bb sticky_enabled=\u00bb0&#8243;]<\/p>\n<h5>Llave Garant\u00eda*<\/h5>\n<p>Creada para generar una alternativa a las garant\u00edas tradicionales (propietarias y de recibos de sueldo) solicitadas al momento de celebrar un contrato de alquiler, a trav\u00e9s del uso del seguro de cauci\u00f3n con bonificaci\u00f3n del premio de la p\u00f3liza del seguro.[\/et_pb_text][et_pb_button button_url=\u00bb@ET-DC@eyJkeW5hbWljIjp0cnVlLCJjb250ZW50IjoicG9zdF9saW5rX3VybF9wYWdlIiwic2V0dGluZ3MiOnsicG9zdF9pZCI6IjI1NSJ9fQ==@\u00bb button_text=\u00bbM\u00e1s info\u00bb button_alignment=\u00bbcenter\u00bb admin_label=\u00bbBot\u00f3n\u00bb _builder_version=\u00bb4.19.0&#8243; _dynamic_attributes=\u00bbbutton_url\u00bb _module_preset=\u00bbdefault\u00bb custom_button=\u00bbon\u00bb button_text_size=\u00bb14px\u00bb button_text_color=\u00bb#494963&#8243; button_border_width=\u00bb2px\u00bb button_border_color=\u00bb#494963&#8243; button_border_radius=\u00bb100px\u00bb button_letter_spacing=\u00bb1px\u00bb button_font=\u00bb|700||on|||||\u00bb button_icon=\u00bb&#x24;||divi||400&#8243; button_icon_color=\u00bb#494963&#8243; background_layout=\u00bbdark\u00bb custom_margin=\u00bb10px||50px||false|false\u00bb custom_margin_tablet=\u00bb50px||50px||true|false\u00bb custom_margin_phone=\u00bb0px||10px||false|false\u00bb custom_margin_last_edited=\u00bbon|phone\u00bb custom_padding=\u00bb10px|40px|10px|40px|true|true\u00bb custom_padding_tablet=\u00bb12px|40px|12px|40px|true|true\u00bb custom_padding_phone=\u00bb8px|20px|8px|20px|true|true\u00bb custom_padding_last_edited=\u00bbon|phone\u00bb button_text_size_tablet=\u00bb14px\u00bb button_text_size_phone=\u00bb12px\u00bb button_text_size_last_edited=\u00bbon|phone\u00bb button_letter_spacing_tablet=\u00bb1px\u00bb button_letter_spacing_phone=\u00bb0px\u00bb button_letter_spacing_last_edited=\u00bbon|phone\u00bb locked=\u00bboff\u00bb global_colors_info=\u00bb{}\u00bb][\/et_pb_button][\/et_pb_column][\/et_pb_row][et_pb_row _builder_version=\u00bb4.19.0&#8243; _module_preset=\u00bbdefault\u00bb custom_margin=\u00bb||||false|false\u00bb global_colors_info=\u00bb{}\u00bb][et_pb_column type=\u00bb4_4&#8243; _builder_version=\u00bb4.19.0&#8243; _module_preset=\u00bbdefault\u00bb global_colors_info=\u00bb{}\u00bb][et_pb_text _builder_version=\u00bb4.19.0&#8243; _module_preset=\u00bbdefault\u00bb text_orientation=\u00bbcenter\u00bb custom_margin=\u00bb0px||0px||true|false\u00bb global_colors_info=\u00bb{}\u00bb]<\/p>\n<h4>Descargar Carta de Intenci\u00f3n<\/h4>\n<p>[\/et_pb_text][et_pb_divider show_divider=\u00bboff\u00bb _builder_version=\u00bb4.19.0&#8243; _module_preset=\u00bbdefault\u00bb global_colors_info=\u00bb{}\u00bb][\/et_pb_divider][et_pb_button button_url=\u00bbhttps:\/\/www.santafe.gob.ar\/ms\/llave\/wp-content\/uploads\/sites\/83\/2024\/12\/LLAVE-FORMULARIO_Carta-de-Intencion.pdf\u00bb url_new_window=\u00bbon\u00bb button_text=\u00bbDescargar PDF\u00bb button_alignment=\u00bbcenter\u00bb admin_label=\u00bbBot\u00f3n\u00bb _builder_version=\u00bb4.19.0&#8243; _module_preset=\u00bbdefault\u00bb custom_button=\u00bbon\u00bb button_text_size=\u00bb14px\u00bb button_bg_use_color_gradient=\u00bbon\u00bb button_bg_color_gradient_direction=\u00bb110deg\u00bb button_bg_color_gradient_stops=\u00bb#ffc802 0%|#ff7402 33%|#e12153 66%|#3c3ae2 100%\u00bb button_border_width=\u00bb0px\u00bb button_border_radius=\u00bb100px\u00bb button_letter_spacing=\u00bb1px\u00bb button_font=\u00bb|700||on|||||\u00bb button_icon=\u00bb&#x24;||divi||400&#8243; button_icon_color=\u00bb#FFFFFF\u00bb background_layout=\u00bbdark\u00bb custom_padding=\u00bb12px|40px|12px|40px|true|true\u00bb hover_enabled=\u00bb0&#8243; global_colors_info=\u00bb{}\u00bb sticky_enabled=\u00bb0&#8243;][\/et_pb_button][\/et_pb_column][\/et_pb_row][et_pb_row _builder_version=\u00bb4.19.0&#8243; _module_preset=\u00bbdefault\u00bb custom_margin=\u00bb||||false|false\u00bb global_colors_info=\u00bb{}\u00bb][et_pb_column type=\u00bb4_4&#8243; _builder_version=\u00bb4.19.0&#8243; _module_preset=\u00bbdefault\u00bb global_colors_info=\u00bb{}\u00bb][et_pb_text _builder_version=\u00bb4.19.0&#8243; _module_preset=\u00bbdefault\u00bb text_orientation=\u00bbcenter\u00bb custom_margin=\u00bb0px||0px||true|false\u00bb hover_enabled=\u00bb0&#8243; global_colors_info=\u00bb{}\u00bb text_font_size=\u00bb12px\u00bb sticky_enabled=\u00bb0&#8243;]*S\u00f3lo se puede acceder a una de las dos lineas de llave. (excluyente)[\/et_pb_text][\/et_pb_column][\/et_pb_row][\/et_pb_section]<\/p>\n","protected":false},"excerpt":{"rendered":"<p>Todo nuevo comienzo es una puerta que se abre. Tenemos la llaveLlave es la alternativa que pone a disposici\u00f3n de los santafesinos que alquilan en la provincia, soluciones r\u00e1pidas para solventar gastos de un nuevo contrato o contar con garant\u00edas. Estas herramientas est\u00e1n orientadas a brindar facilidades a todos aquellos cuya soluci\u00f3n habitacional se encuentra [&hellip;]<\/p>\n","protected":false},"author":57389,"featured_media":0,"parent":0,"menu_order":0,"comment_status":"closed","ping_status":"closed","template":"","meta":{"_acf_changed":false,"_et_pb_use_builder":"on","_et_pb_old_content":"","_et_gb_content_width":"","footnotes":""},"class_list":["post-26","page","type-page","status-publish","hentry"],"acf":[],"_links":{"self":[{"href":"https:\/\/www.santafe.gob.ar\/ms\/llave\/wp-json\/wp\/v2\/pages\/26","targetHints":{"allow":["GET"]}}],"collection":[{"href":"https:\/\/www.santafe.gob.ar\/ms\/llave\/wp-json\/wp\/v2\/pages"}],"about":[{"href":"https:\/\/www.santafe.gob.ar\/ms\/llave\/wp-json\/wp\/v2\/types\/page"}],"author":[{"embeddable":true,"href":"https:\/\/www.santafe.gob.ar\/ms\/llave\/wp-json\/wp\/v2\/users\/57389"}],"replies":[{"embeddable":true,"href":"https:\/\/www.santafe.gob.ar\/ms\/llave\/wp-json\/wp\/v2\/comments?post=26"}],"version-history":[{"count":16,"href":"https:\/\/www.santafe.gob.ar\/ms\/llave\/wp-json\/wp\/v2\/pages\/26\/revisions"}],"predecessor-version":[{"id":294,"href":"https:\/\/www.santafe.gob.ar\/ms\/llave\/wp-json\/wp\/v2\/pages\/26\/revisions\/294"}],"wp:attachment":[{"href":"https:\/\/www.santafe.gob.ar\/ms\/llave\/wp-json\/wp\/v2\/media?parent=26"}],"curies":[{"name":"wp","href":"https:\/\/api.w.org\/{rel}","templated":true}]}}