{"id":169,"date":"2024-09-06T18:39:49","date_gmt":"2024-09-06T16:39:49","guid":{"rendered":"https:\/\/www.santafe.gob.ar\/ms\/nidocreditoshipotecarios\/?page_id=169"},"modified":"2026-03-17T13:45:29","modified_gmt":"2026-03-17T12:45:29","slug":"resultados-sorteos","status":"publish","type":"page","link":"https:\/\/www.santafe.gob.ar\/ms\/nidocreditoshipotecarios\/resultados-sorteos\/","title":{"rendered":"Resultados Sorteos"},"content":{"rendered":"<h5>Primer Sorteo<\/h5>\n<p>7 de Agosto, 2024<\/p>\n<a href='https:\/\/www.santafe.gob.ar\/ms\/nidocreditoshipotecarios\/wp-content\/uploads\/sites\/72\/2024\/08\/Resultasdos-1er-Sorteo-NIDO_WEB-VF.pdf' class='small-button smallsilver' target=\"_blank\">Descargar PDF<\/a>\n<hr \/>\n<h5>Segundo Sorteo<\/h5>\n<p>6 de Septiembre, 2024<\/p>\n<a href='https:\/\/www.santafe.gob.ar\/ms\/nidocreditoshipotecarios\/wp-content\/uploads\/sites\/72\/2024\/09\/Resultasdos-2do-Sorteo-NIDO_WEB-01.pdf' class='small-button smallsilver' target=\"_blank\">Descargar PDF<\/a>\n<hr \/>\n<h5>Tercer Sorteo<\/h5>\n<p>7 de Octubre, 2024<\/p>\n<a href='https:\/\/www.santafe.gob.ar\/ms\/nidocreditoshipotecarios\/wp-content\/uploads\/sites\/72\/2024\/10\/Resultasdos-3er-Sorteo-NIDO_WEB-01.pdf' class='small-button smallsilver' target=\"_blank\">Descargar PDF<\/a>\n<hr \/>\n<h5>Cuarto Sorteo<\/h5>\n<p>8 de Noviembre, 2024<\/p>\n<a href='https:\/\/www.santafe.gob.ar\/ms\/nidocreditoshipotecarios\/wp-content\/uploads\/sites\/72\/2024\/11\/Resultasdos-4to-Sorteo-NIDO_WEB-01.pdf' class='small-button smallsilver' target=\"_blank\">Descargar PDF<\/a>\n<hr \/>\n<h5>Quinto Sorteo<\/h5>\n<p>9 de Diciembre, 2024<\/p>\n<a href='https:\/\/www.santafe.gob.ar\/ms\/nidocreditoshipotecarios\/wp-content\/uploads\/sites\/72\/2024\/12\/Resultasdos-5to-Sorteo-NIDO_WEB-01.pdf' class='small-button smallsilver' target=\"_blank\">Descargar PDF<\/a>\n<hr \/>\n<h5>Sexto Sorteo<\/h5>\n<p>8 de Enero, 2025<\/p>\n<a href='https:\/\/www.santafe.gob.ar\/ms\/nidocreditoshipotecarios\/wp-content\/uploads\/sites\/72\/2025\/01\/Resultasdos-6to-Sorteo-NIDO_WEB-01.pdf' class='small-button smallsilver' target=\"_blank\">Descargar PDF<\/a>\n<hr \/>\n<h5>S\u00e9ptimo Sorteo<\/h5>\n<p>7 de Febrero, 2025<\/p>\n<a href='https:\/\/www.santafe.gob.ar\/ms\/nidocreditoshipotecarios\/wp-content\/uploads\/sites\/72\/2025\/02\/Resultasdos-7Mo-Sorteo-NIDO_WEB-01.pdf' class='small-button smallsilver' target=\"_blank\">Descargar PDF<\/a>\n<hr \/>\n<h5>Octavo Sorteo<\/h5>\n<p>11 de Marzo, 2025<\/p>\n<a href='https:\/\/www.santafe.gob.ar\/ms\/nidocreditoshipotecarios\/wp-content\/uploads\/sites\/72\/2025\/03\/Resultasdos-8Vo-Sorteo-NIDO_WEB-01.pdf' class='small-button smallsilver' target=\"_blank\">Descargar PDF<\/a>\n<hr \/>\n<h5>Noveno Sorteo<\/h5>\n<p>8 y 9 de Abril, 2025<\/p>\n<p style=\"font-size: 0.75em;line-height: 1em\">Martes 8, 7:15 h, se sortea el Dpto Rosario. Mi\u00e9rcoles 9, 7:15 h, se sortean el resto de los Departamentos de\u00a0la\u00a0provincia.<\/p>\n<p><a href='https:\/\/www.santafe.gob.ar\/ms\/nidocreditoshipotecarios\/wp-content\/uploads\/sites\/72\/2025\/04\/Resultasdos-9no-Sorteo-NIDO-ROSARIO_WEB-01.pdf' class='small-button smallsilver' target=\"_blank\">Descargar Resultados ROSARIO PDF<\/a><a href='https:\/\/www.santafe.gob.ar\/ms\/nidocreditoshipotecarios\/wp-content\/uploads\/sites\/72\/2025\/04\/Resultasdos-9no-Sorteo-NIDO-PROVINCIA_WEB-01.pdf' class='small-button smallsilver' target=\"_blank\">Descargar Resultados PROVINCIA PDF<\/a><\/p>\n<hr \/>\n<h5>D\u00e9cimo Sorteo<\/h5>\n<p>9 de Mayo, 2025<\/p>\n<a href='https:\/\/www.santafe.gob.ar\/ms\/nidocreditoshipotecarios\/wp-content\/uploads\/sites\/72\/2025\/05\/Resultasdos-10mo-Sorteo-NIDO_WEB-01.pdf' class='small-button smallsilver' target=\"_blank\">Descargar PDF<\/a>\n<p>\u00a0<\/p>\n<hr \/>\n<h5>Onceavo Sorteo<\/h5>\n<p>9 y 10 de Junio, 2025<\/p>\n<p><a href='https:\/\/www.santafe.gob.ar\/ms\/nidocreditoshipotecarios\/wp-content\/uploads\/sites\/72\/2025\/06\/Resultasdos-11vo-Sorteo-NIDO-PROVINCIA_WEB-01.pdf' class='small-button smallsilver' target=\"_blank\">Descargar Resultados PROVINCIA PDF<\/a> <a href='https:\/\/www.santafe.gob.ar\/ms\/nidocreditoshipotecarios\/wp-content\/uploads\/sites\/72\/2025\/06\/Resultasdos-11vo-Sorteo-NIDO-Dptos-La-Capital-y-Rosario_WEB-01.pdf' class='small-button smallsilver' target=\"_blank\">Descargar Resultados Dptos. La Capital y Rosario PDF<\/a><\/p>\n<p>\u00a0<\/p>\n<hr \/>\n<h5>12\u00b0 Sorteo<\/h5>\n<p>7 y 8 de Julio, 2025<\/p>\n<p><a href='https:\/\/www.santafe.gob.ar\/ms\/nidocreditoshipotecarios\/wp-content\/uploads\/sites\/72\/2025\/07\/Resultasdos-12do-Sorteo-NIDO-Provincia_WEB-01.pdf' class='small-button smallsilver' target=\"_blank\">Descargar Resultados PROVINCIA PDF<\/a> <a href='https:\/\/www.santafe.gob.ar\/ms\/nidocreditoshipotecarios\/wp-content\/uploads\/sites\/72\/2025\/07\/Resultasdos-12do-Sorteo-NIDO-Dptos-La-Capital-y-Rosario_WEB-01.pdf' class='small-button smallsilver' target=\"_blank\">Descargar Resultados Dptos. La Capital y Rosario PDF<\/a><\/p>\n<p>\u00a0<\/p>\n<hr \/>\n<h5>13\u00b0 Sorteo<\/h5>\n<p>12 y 13 de Agosto, 2025<\/p>\n<p><a href='https:\/\/www.santafe.gob.ar\/ms\/nidocreditoshipotecarios\/wp-content\/uploads\/sites\/72\/2025\/08\/Resultasdos-13er-Sorteo-NIDO-Provincia_WEB-01.pdf' class='small-button smallsilver' target=\"_blank\">Descargar Resultados PROVINCIA PDF<\/a> <a href='https:\/\/www.santafe.gob.ar\/ms\/nidocreditoshipotecarios\/wp-content\/uploads\/sites\/72\/2025\/08\/Resultasdos-13er-Sorteo-NIDO-Dptos-La-Capital-y-Rosario_WEB-01.pdf' class='small-button smallsilver' target=\"_blank\">Descargar Resultados Dptos. La Capital y Rosario PDF<\/a><\/p>\n<p>\u00a0<\/p>\n<hr \/>\n<h5>14\u00b0 Sorteo<\/h5>\n<p>8 y 9 de Septiembre, 2025<\/p>\n<p><a href='https:\/\/www.santafe.gob.ar\/ms\/nidocreditoshipotecarios\/wp-content\/uploads\/sites\/72\/2025\/09\/Resultasdos-14-Sorteo-NIDO-Provincia_WEB-01.pdf' class='small-button smallsilver' target=\"_blank\">Descargar Resultados PROVINCIA PDF<\/a> <a href='https:\/\/www.santafe.gob.ar\/ms\/nidocreditoshipotecarios\/wp-content\/uploads\/sites\/72\/2025\/09\/Resultasdos-14-Sorteo-NIDO-Dptos-La-Capital-y-Rosario_WEB-01.pdf' class='small-button smallsilver' target=\"_blank\">Descargar Resultados Dptos. La Capital y Rosario PDF<\/a><\/p>\n<p>\u00a0<\/p>\n<hr \/>\n<h5>15\u00b0 Sorteo<\/h5>\n<p>8 y 9 de Octubre, 2025<\/p>\n<p><a href='https:\/\/www.santafe.gob.ar\/ms\/nidocreditoshipotecarios\/wp-content\/uploads\/sites\/72\/2025\/10\/Resultasdos-15-Sorteo-NIDO-Provincia_WEB-01.pdf' class='small-button smallsilver' target=\"_blank\">Descargar Resultados PROVINCIA PDF<\/a> <a href='https:\/\/www.santafe.gob.ar\/ms\/nidocreditoshipotecarios\/wp-content\/uploads\/sites\/72\/2025\/10\/Resultasdos-15-Sorteo-NIDO-Dptos-La-Capital-y-Rosario_WEB-01.pdf' class='small-button smallsilver' target=\"_blank\">Descargar Resultados Dptos. La Capital y Rosario PDF<\/a><\/p>\n<p>\u00a0<\/p>\n<hr \/>\n<h5>L\u00ednea 3 &#8211; Villa Ca\u00f1\u00e1s<\/h5>\n<p>17 de Octubre, 2025<\/p>\n<a href='https:\/\/www.santafe.gob.ar\/ms\/nidocreditoshipotecarios\/wp-content\/uploads\/sites\/72\/2025\/10\/Resultasdos-Sorteo-NIDO-Linea3-Villla-Canas_WEB-01.pdf' class='small-button smallsilver' target=\"_blank\">Descargar Resultados<\/a>\n<p>\u00a0<\/p>\n<hr \/>\n<h5>16\u00b0 Sorteo<\/h5>\n<p>10 y 11 de Noviembre, 2025<\/p>\n<p><a href='https:\/\/www.santafe.gob.ar\/ms\/nidocreditoshipotecarios\/wp-content\/uploads\/sites\/72\/2025\/11\/Resultasdos-16-Sorteo-NIDO-Provincia_WEB-01.pdf' class='small-button smallsilver' target=\"_blank\">Descargar Resultados PROVINCIA PDF<\/a> <a href='https:\/\/www.santafe.gob.ar\/ms\/nidocreditoshipotecarios\/wp-content\/uploads\/sites\/72\/2025\/11\/Resultasdos-16-Sorteo-NIDO-Dptos-La-Capital-y-Rosario_WEB-01.pdf' class='small-button smallsilver' target=\"_blank\">Descargar Resultados Dptos. La Capital y Rosario PDF<\/a><\/p>\n<p>\u00a0<\/p>\n<hr \/>\n<h5>17\u00b0 Sorteo<\/h5>\n<p>10 y 11 de Diciembre, 2025<\/p>\n<p><a href='https:\/\/www.santafe.gob.ar\/ms\/nidocreditoshipotecarios\/wp-content\/uploads\/sites\/72\/2025\/12\/Resultasdos-17-Sorteo-NIDO-Provincia_WEB-01.pdf' class='small-button smallsilver' target=\"_blank\">Descargar Resultados PROVINCIA PDF<\/a> <a href='https:\/\/www.santafe.gob.ar\/ms\/nidocreditoshipotecarios\/wp-content\/uploads\/sites\/72\/2025\/12\/Resultasdos-17-Sorteo-NIDO-Dptos-La-Capital-y-Rosario_WEB-01.pdf' class='small-button smallsilver' target=\"_blank\">Descargar Resultados Dptos. La Capital y Rosario PDF<\/a><\/p>\n<hr \/>\n<h5>18\u00b0 Sorteo<\/h5>\n<p>8 y 9 de Enero, 2026<\/p>\n<p><a href='https:\/\/www.santafe.gob.ar\/ms\/nidocreditoshipotecarios\/wp-content\/uploads\/sites\/72\/2026\/01\/Resultados-completos_18.pdf' class='small-button smallsilver' target=\"_blank\">Descargar Resultados PROVINCIA PDF<\/a><a href='https:\/\/www.santafe.gob.ar\/ms\/nidocreditoshipotecarios\/wp-content\/uploads\/sites\/72\/2026\/01\/PLANILLA_RESULTADOS_SORTEO_18.pdf' class='small-button smallsilver' target=\"_blank\">Descargar Resultados Dptos. La Capital y Rosario PDF<\/a><\/p>\n<hr \/>\n<h5>19\u00b0 Sorteo<\/h5>\n<p>19 y 20 de Febrero, 2026<\/p>\n<p><a href='https:\/\/www.santafe.gob.ar\/ms\/nidocreditoshipotecarios\/wp-content\/uploads\/sites\/72\/2026\/02\/Resultasdos-19-Sorteo-NIDO-Provincia_WEB-01.pdf' class='small-button smallsilver' target=\"_blank\">Descargar Resultados PROVINCIA PDF<\/a> <a href='https:\/\/www.santafe.gob.ar\/ms\/nidocreditoshipotecarios\/wp-content\/uploads\/sites\/72\/2026\/02\/Resultasdos-19-Sorteo-NIDO-Dptos-La-Capital-y-Rosario_WEB-01.pdf' class='small-button smallsilver' target=\"_blank\">Descargar Resultados Dptos. La Capital y Rosario PDF<\/a><\/p>\n<hr \/>\n<h5>20\u00b0 Sorteo<\/h5>\n<p>16 y 17 de Marzo, 2026<\/p>\n<p><a href='https:\/\/www.santafe.gob.ar\/ms\/nidocreditoshipotecarios\/wp-content\/uploads\/sites\/72\/2026\/03\/Resultasdos-20-Sorteo-NIDO-Provincia_WEB-01.pdf' class='small-button smallsilver' target=\"_blank\">Descargar Resultados PROVINCIA PDF<\/a> <a href='https:\/\/www.santafe.gob.ar\/ms\/nidocreditoshipotecarios\/wp-content\/uploads\/sites\/72\/2026\/03\/Resultasdos-20-Sorteo-NIDO-Dptos-La-Capital-y-Rosario_WEB-01.pdf' class='small-button smallsilver' target=\"_blank\">Descargar Resultados Dptos. La Capital y Rosario PDF<\/a><\/p>\n<p>&nbsp;<br \/>\n\u00a0<\/p>\n","protected":false},"excerpt":{"rendered":"<p>Primer Sorteo 7 de Agosto, 2024 Segundo Sorteo 6 de Septiembre, 2024 Tercer Sorteo 7 de Octubre, 2024 Cuarto Sorteo 8 de Noviembre, 2024 Quinto Sorteo 9 de Diciembre, 2024 Sexto Sorteo 8 de Enero, 2025 S\u00e9ptimo Sorteo 7 de Febrero, 2025 Octavo Sorteo 11 de Marzo, 2025 Noveno Sorteo 8 y 9 de Abril, [&hellip;]<\/p>\n","protected":false},"author":82961,"featured_media":0,"parent":0,"menu_order":0,"comment_status":"closed","ping_status":"closed","template":"","meta":{"_acf_changed":false,"_et_pb_use_builder":"off","_et_pb_old_content":"","_et_gb_content_width":"","footnotes":""},"class_list":["post-169","page","type-page","status-publish","hentry"],"acf":[],"_links":{"self":[{"href":"https:\/\/www.santafe.gob.ar\/ms\/nidocreditoshipotecarios\/wp-json\/wp\/v2\/pages\/169","targetHints":{"allow":["GET"]}}],"collection":[{"href":"https:\/\/www.santafe.gob.ar\/ms\/nidocreditoshipotecarios\/wp-json\/wp\/v2\/pages"}],"about":[{"href":"https:\/\/www.santafe.gob.ar\/ms\/nidocreditoshipotecarios\/wp-json\/wp\/v2\/types\/page"}],"author":[{"embeddable":true,"href":"https:\/\/www.santafe.gob.ar\/ms\/nidocreditoshipotecarios\/wp-json\/wp\/v2\/users\/82961"}],"replies":[{"embeddable":true,"href":"https:\/\/www.santafe.gob.ar\/ms\/nidocreditoshipotecarios\/wp-json\/wp\/v2\/comments?post=169"}],"version-history":[{"count":41,"href":"https:\/\/www.santafe.gob.ar\/ms\/nidocreditoshipotecarios\/wp-json\/wp\/v2\/pages\/169\/revisions"}],"predecessor-version":[{"id":369,"href":"https:\/\/www.santafe.gob.ar\/ms\/nidocreditoshipotecarios\/wp-json\/wp\/v2\/pages\/169\/revisions\/369"}],"wp:attachment":[{"href":"https:\/\/www.santafe.gob.ar\/ms\/nidocreditoshipotecarios\/wp-json\/wp\/v2\/media?parent=169"}],"curies":[{"name":"wp","href":"https:\/\/api.w.org\/{rel}","templated":true}]}}