{"id":499,"date":"2024-12-05T09:45:16","date_gmt":"2024-12-05T12:45:16","guid":{"rendered":"https:\/\/www.santafe.gob.ar\/ms\/operativo-verano\/?page_id=499"},"modified":"2026-01-16T11:43:08","modified_gmt":"2026-01-16T14:43:08","slug":"turismo-2025","status":"publish","type":"page","link":"https:\/\/www.santafe.gob.ar\/ms\/operativo-verano\/turismo-2025\/","title":{"rendered":"Turismo 2025"},"content":{"rendered":"<p>[et_pb_section fb_built=\u00bb1&#8243; _builder_version=\u00bb4.19.0&#8243; _module_preset=\u00bbdefault\u00bb background_image=\u00bbhttps:\/\/www.santafe.gob.ar\/ms\/operativo-verano\/wp-content\/uploads\/sites\/65\/2024\/12\/WEB_operativo_verano_ECABEZADOS-2025_TURISMOCOLOR04.jpg\u00bb background_position=\u00bbbottom_center\u00bb locked=\u00bboff\u00bb global_colors_info=\u00bb{}\u00bb][et_pb_row column_structure=\u00bb3_5,2_5&#8243; make_equal=\u00bbon\u00bb _builder_version=\u00bb4.19.0&#8243; _module_preset=\u00bbdefault\u00bb height=\u00bb480px\u00bb custom_css_main_element=\u00bbalign-items: center;\u00bb global_colors_info=\u00bb{}\u00bb][et_pb_column type=\u00bb3_5&#8243; _builder_version=\u00bb4.19.0&#8243; _module_preset=\u00bbdefault\u00bb global_colors_info=\u00bb{}\u00bb][et_pb_text _builder_version=\u00bb4.19.0&#8243; _module_preset=\u00bbdefault\u00bb background_layout=\u00bbdark\u00bb global_colors_info=\u00bb{}\u00bb]<\/p>\n<h1>Turismo<\/h1>\n<p>[\/et_pb_text][et_pb_text _builder_version=\u00bb4.19.0&#8243; _module_preset=\u00bbdefault\u00bb text_font=\u00bb|300|||||||\u00bb text_font_size=\u00bb30px\u00bb text_line_height=\u00bb1.4em\u00bb background_layout=\u00bbdark\u00bb text_font_size_tablet=\u00bb30px\u00bb text_font_size_phone=\u00bb26px\u00bb text_font_size_last_edited=\u00bbon|phone\u00bb global_colors_info=\u00bb{}\u00bb]<span style=\"font-weight: 400;\">Nuestra provincia tiene una propuesta para vos, cada experiencia te invita con actividades variadas para elegir entre distintas opciones:<\/span><br \/>\n[\/et_pb_text][\/et_pb_column][et_pb_column type=\u00bb2_5&#8243; _builder_version=\u00bb4.19.0&#8243; _module_preset=\u00bbdefault\u00bb global_colors_info=\u00bb{}\u00bb][\/et_pb_column][\/et_pb_row][\/et_pb_section][et_pb_section fb_built=\u00bb1&#8243; _builder_version=\u00bb4.19.0&#8243; _module_preset=\u00bbdefault\u00bb global_colors_info=\u00bb{}\u00bb][et_pb_row _builder_version=\u00bb4.19.0&#8243; _module_preset=\u00bbdefault\u00bb global_colors_info=\u00bb{}\u00bb][et_pb_column type=\u00bb4_4&#8243; _builder_version=\u00bb4.19.0&#8243; _module_preset=\u00bbdefault\u00bb global_colors_info=\u00bb{}\u00bb][et_pb_text _builder_version=\u00bb4.19.0&#8243; _module_preset=\u00bbdefault\u00bb global_colors_info=\u00bb{}\u00bb]<\/p>\n<h3>Imperdibles de la provincia<\/h3>\n<p>De norte a sur, para disfrutar y refrescarse en el r\u00edo y las lagunas<br \/>\n[\/et_pb_text][\/et_pb_column][\/et_pb_row][et_pb_row column_structure=\u00bb1_3,1_3,1_3&#8243; _builder_version=\u00bb4.19.0&#8243; _module_preset=\u00bbdefault\u00bb background_color=\u00bb#FFFFFF\u00bb global_colors_info=\u00bb{}\u00bb][et_pb_column type=\u00bb1_3&#8243; _builder_version=\u00bb4.19.0&#8243; _module_preset=\u00bbdefault\u00bb background_color=\u00bb#FFFFFF\u00bb custom_padding=\u00bb10px|10px|10px|10px|true|true\u00bb border_radii=\u00bbon|6px|6px|6px|6px\u00bb border_width_all=\u00bb2px\u00bb border_color_all=\u00bb#cccccc\u00bb global_colors_info=\u00bb{}\u00bb][et_pb_image src=\u00bbhttps:\/\/www.santafe.gob.ar\/ms\/operativo-verano\/wp-content\/uploads\/sites\/65\/2024\/12\/WEB_operativo_verano_ECABEZADOS-2025_JAUKANIGAS02.jpg\u00bb title_text=\u00bbWEB_operativo_verano_ECABEZADOS 2025_JAUKANIGAS02&#8243; _builder_version=\u00bb4.19.0&#8243; _module_preset=\u00bbdefault\u00bb global_colors_info=\u00bb{}\u00bb][\/et_pb_image][et_pb_text _builder_version=\u00bb4.19.0&#8243; _module_preset=\u00bbdefault\u00bb global_colors_info=\u00bb{}\u00bb]<\/p>\n<h3>Jaaukanig\u00e1s<\/h3>\n<ul>\n<li>Paseos en kayak por el humedal<\/li>\n<li>Pesca Recreativa en Florencia<\/li>\n<li>Turismo activo en Villa Ocampo<\/li>\n<\/ul>\n<p>[\/et_pb_text][\/et_pb_column][et_pb_column type=\u00bb1_3&#8243; _builder_version=\u00bb4.19.0&#8243; _module_preset=\u00bbdefault\u00bb background_color=\u00bb#FFFFFF\u00bb custom_padding=\u00bb10px|10px|10px|10px|true|true\u00bb border_radii=\u00bbon|6px|6px|6px|6px\u00bb border_width_all=\u00bb2px\u00bb border_color_all=\u00bb#cccccc\u00bb global_colors_info=\u00bb{}\u00bb][et_pb_image src=\u00bbhttps:\/\/www.santafe.gob.ar\/ms\/operativo-verano\/wp-content\/uploads\/sites\/65\/2024\/01\/MS_OperativoVerano_Turismo-05-Historia.jpg\u00bb title_text=\u00bbMS_OperativoVerano_Turismo-05-Historia\u00bb _builder_version=\u00bb4.19.0&#8243; _module_preset=\u00bbdefault\u00bb global_colors_info=\u00bb{}\u00bb][\/et_pb_image][et_pb_text _builder_version=\u00bb4.19.0&#8243; _module_preset=\u00bbdefault\u00bb global_colors_info=\u00bb{}\u00bb]<\/p>\n<h3>El Camino de la Costa<\/h3>\n<p><strong>Corredor de la Ruta Pcial N\u00b0 1<\/strong><\/p>\n<ul>\n<li>Parque Arqueol\u00f3gico Santa Fe la Vieja<\/li>\n<li>Observaci\u00f3n de aves en San Javier<\/li>\n<li>Vuelo libre en Cayast\u00e1 y Helvecia<\/li>\n<\/ul>\n<p>[\/et_pb_text][\/et_pb_column][et_pb_column type=\u00bb1_3&#8243; _builder_version=\u00bb4.19.0&#8243; _module_preset=\u00bbdefault\u00bb background_color=\u00bb#FFFFFF\u00bb custom_padding=\u00bb10px|10px|10px|10px|true|true\u00bb border_radii=\u00bbon|6px|6px|6px|6px\u00bb border_width_all=\u00bb2px\u00bb border_color_all=\u00bb#cccccc\u00bb global_colors_info=\u00bb{}\u00bb][et_pb_image src=\u00bbhttps:\/\/www.santafe.gob.ar\/ms\/operativo-verano\/wp-content\/uploads\/sites\/65\/2024\/12\/WEB_operativo_verano_ECABEZADOS-2025_SANTAFE09.jpg\u00bb title_text=\u00bbWEB_operativo_verano_ECABEZADOS-2025_SANTAFE09&#8243; _builder_version=\u00bb4.19.0&#8243; _module_preset=\u00bbdefault\u00bb global_colors_info=\u00bb{}\u00bb][\/et_pb_image][et_pb_text _builder_version=\u00bb4.19.0&#8243; _module_preset=\u00bbdefault\u00bb global_colors_info=\u00bb{}\u00bb]<\/p>\n<h3>Santa Fe Capital<\/h3>\n<ul>\n<li>Playas y balnearios<\/li>\n<li>Bus tur\u00edstico<\/li>\n<li>Museo de la Constituci\u00f3n<\/li>\n<li>Manzana Jesu\u00edtica<\/li>\n<\/ul>\n<p>[\/et_pb_text][\/et_pb_column][\/et_pb_row][et_pb_row column_structure=\u00bb1_3,1_3,1_3&#8243; _builder_version=\u00bb4.19.0&#8243; _module_preset=\u00bbdefault\u00bb background_color=\u00bb#FFFFFF\u00bb global_colors_info=\u00bb{}\u00bb][et_pb_column type=\u00bb1_3&#8243; _builder_version=\u00bb4.19.0&#8243; _module_preset=\u00bbdefault\u00bb background_color=\u00bb#FFFFFF\u00bb custom_padding=\u00bb10px|10px|10px|10px|true|true\u00bb border_radii=\u00bbon|6px|6px|6px|6px\u00bb border_width_all=\u00bb2px\u00bb border_color_all=\u00bb#cccccc\u00bb global_colors_info=\u00bb{}\u00bb][et_pb_image src=\u00bbhttps:\/\/www.santafe.gob.ar\/ms\/operativo-verano\/wp-content\/uploads\/sites\/65\/2024\/12\/WEB_operativo_verano_ECABEZADOS-2025_RUTA1103.jpg\u00bb title_text=\u00bbWEB_operativo_verano_ECABEZADOS 2025_RUTA1103&#8243; _builder_version=\u00bb4.19.0&#8243; _module_preset=\u00bbdefault\u00bb global_colors_info=\u00bb{}\u00bb][\/et_pb_image][et_pb_text _builder_version=\u00bb4.19.0&#8243; _module_preset=\u00bbdefault\u00bb global_colors_info=\u00bb{}\u00bb]<\/p>\n<h3>R\u00edos de historias y aventuras<\/h3>\n<p><strong>Ruta Nacional N\u00ba11<\/strong><\/p>\n<ul>\n<li>Parque Nacional Islas de Santa Fe<\/li>\n<li>Arocena<\/li>\n<li>Monje<\/li>\n<li>San Lorenzo<\/li>\n<\/ul>\n<p>[\/et_pb_text][\/et_pb_column][et_pb_column type=\u00bb1_3&#8243; _builder_version=\u00bb4.19.0&#8243; _module_preset=\u00bbdefault\u00bb background_color=\u00bb#FFFFFF\u00bb custom_padding=\u00bb10px|10px|10px|10px|true|true\u00bb border_radii=\u00bbon|6px|6px|6px|6px\u00bb border_width_all=\u00bb2px\u00bb border_color_all=\u00bb#cccccc\u00bb global_colors_info=\u00bb{}\u00bb][et_pb_image src=\u00bbhttps:\/\/www.santafe.gob.ar\/ms\/operativo-verano\/wp-content\/uploads\/sites\/65\/2024\/01\/MS_OperativoVerano_Turismo-01-Grandes-Ciudades.jpg\u00bb title_text=\u00bbMS_OperativoVerano_Turismo-01-Grandes-Ciudades\u00bb _builder_version=\u00bb4.19.0&#8243; _module_preset=\u00bbdefault\u00bb global_colors_info=\u00bb{}\u00bb][\/et_pb_image][et_pb_text _builder_version=\u00bb4.19.0&#8243; _module_preset=\u00bbdefault\u00bb global_colors_info=\u00bb{}\u00bb]<\/p>\n<h3>Rosario<\/h3>\n<ul>\n<li>Playas, balnearios e islas<\/li>\n<li>Acuario del r\u00edo Paran\u00e1<\/li>\n<li>Monumento a la Bandera<\/li>\n<li>Museo del Deporte<\/li>\n<li>Circuito Messi<\/li>\n<\/ul>\n<p>[\/et_pb_text][\/et_pb_column][et_pb_column type=\u00bb1_3&#8243; _builder_version=\u00bb4.19.0&#8243; _module_preset=\u00bbdefault\u00bb background_color=\u00bb#FFFFFF\u00bb custom_padding=\u00bb10px|10px|10px|10px|true|true\u00bb border_radii=\u00bbon|6px|6px|6px|6px\u00bb border_width_all=\u00bb2px\u00bb border_color_all=\u00bb#cccccc\u00bb global_colors_info=\u00bb{}\u00bb][et_pb_image src=\u00bbhttps:\/\/www.santafe.gob.ar\/ms\/operativo-verano\/wp-content\/uploads\/sites\/65\/2024\/12\/WEB_operativo_verano_ECABEZADOS-2025_LAGUNASUR04.jpg\u00bb title_text=\u00bbWEB_operativo_verano_ECABEZADOS 2025_LAGUNASUR04&#8243; _builder_version=\u00bb4.19.0&#8243; _module_preset=\u00bbdefault\u00bb global_colors_info=\u00bb{}\u00bb][\/et_pb_image][et_pb_text _builder_version=\u00bb4.19.0&#8243; _module_preset=\u00bbdefault\u00bb global_colors_info=\u00bb{}\u00bb]<\/p>\n<h3>Lagunas del Sur<\/h3>\n<ul>\n<li>Kitesurf, isla y Casino en Melincu\u00e9<\/li>\n<li>Balneario en Villa Ca\u00f1as<\/li>\n<li>Pesca deportiva en Villa Constituci\u00f3n y Corredor del Paran\u00e1<\/li>\n<li>Salto del r\u00edo entre Pav\u00f3n y Fighiera<\/li>\n<\/ul>\n<p>[\/et_pb_text][\/et_pb_column][\/et_pb_row][\/et_pb_section][et_pb_section fb_built=\u00bb1&#8243; _builder_version=\u00bb4.19.0&#8243; _module_preset=\u00bbdefault\u00bb custom_margin=\u00bb||||true|true\u00bb custom_padding=\u00bb0px|0px|0px|0px|true|true\u00bb global_colors_info=\u00bb{}\u00bb][et_pb_row use_custom_gutter=\u00bbon\u00bb gutter_width=\u00bb1&#8243; _builder_version=\u00bb4.19.0&#8243; _module_preset=\u00bbdefault\u00bb width=\u00bb100%\u00bb max_width=\u00bb100%\u00bb custom_margin=\u00bb0px|0px|0px|0px|true|true\u00bb custom_padding=\u00bb0px|0px|0px|0px|true|true\u00bb global_colors_info=\u00bb{}\u00bb][et_pb_column type=\u00bb4_4&#8243; _builder_version=\u00bb4.19.0&#8243; _module_preset=\u00bbdefault\u00bb global_colors_info=\u00bb{}\u00bb][et_pb_gallery gallery_ids=\u00bb688,687,686,685,684,683,682,681,680,679,678,677,676,675,674,673,672,671,670,669,668,667,666,665,664,663,662&#8243; gallery_orderby=\u00bbrand\u00bb show_title_and_caption=\u00bboff\u00bb _builder_version=\u00bb4.19.0&#8243; _module_preset=\u00bbdefault\u00bb global_colors_info=\u00bb{}\u00bb][\/et_pb_gallery][\/et_pb_column][\/et_pb_row][\/et_pb_section][et_pb_section fb_built=\u00bb1&#8243; _builder_version=\u00bb4.19.0&#8243; _module_preset=\u00bbdefault\u00bb custom_padding=\u00bb40px||40px||true|false\u00bb global_colors_info=\u00bb{}\u00bb][et_pb_row module_class=\u00bbinline-buttons \u00bb _builder_version=\u00bb4.19.0&#8243; _module_preset=\u00bbdefault\u00bb background_color=\u00bb#fd5d0e\u00bb custom_padding=\u00bb30px|40px|30px|40px|true|true\u00bb border_radii=\u00bbon|6px|6px|6px|6px\u00bb global_colors_info=\u00bb{}\u00bb][et_pb_column type=\u00bb4_4&#8243; _builder_version=\u00bb4.19.0&#8243; _module_preset=\u00bbdefault\u00bb global_colors_info=\u00bb{}\u00bb][et_pb_text _builder_version=\u00bb4.19.0&#8243; _module_preset=\u00bbdefault\u00bb background_layout=\u00bbdark\u00bb global_colors_info=\u00bb{}\u00bb]<\/p>\n<h4>M\u00e1s info<\/h4>\n<p>Consult\u00e1 las 24 hs los 365 d\u00edas del a\u00f1o<br \/>\n[\/et_pb_text][et_pb_button button_url=\u00bbwww.santafe.tur.ar\u00bb button_text=\u00bbSitio web\u00bb _builder_version=\u00bb4.19.0&#8243; _module_preset=\u00bbdefault\u00bb custom_button=\u00bbon\u00bb button_border_radius=\u00bb100px\u00bb button_icon=\u00bb&#xe0e3;||divi||400&#8243; button_icon_placement=\u00bbleft\u00bb button_on_hover=\u00bboff\u00bb background_layout=\u00bbdark\u00bb custom_margin=\u00bb||10px||false|false\u00bb custom_padding=\u00bb|40px||50px|true|false\u00bb hover_enabled=\u00bb0&#8243; global_colors_info=\u00bb{}\u00bb sticky_enabled=\u00bb0&#8243;][\/et_pb_button][et_pb_button button_url=\u00bbhttps:\/\/www.instagram.com\/santafetur\u00bb url_new_window=\u00bbon\u00bb button_text=\u00bbsantafetur\u00bb _builder_version=\u00bb4.19.0&#8243; _module_preset=\u00bbdefault\u00bb custom_button=\u00bbon\u00bb button_border_radius=\u00bb100px\u00bb button_icon=\u00bb&#xf16d;||fa||400&#8243; button_icon_placement=\u00bbleft\u00bb button_on_hover=\u00bboff\u00bb background_layout=\u00bbdark\u00bb custom_margin=\u00bb||10px||false|false\u00bb custom_padding=\u00bb|40px||50px|true|false\u00bb global_colors_info=\u00bb{}\u00bb][\/et_pb_button][et_pb_button button_url=\u00bbhttps:\/\/www.linktr.ee\/santafetur\u00bb url_new_window=\u00bbon\u00bb button_text=\u00bbLinktr\u00bb _builder_version=\u00bb4.19.0&#8243; _module_preset=\u00bbdefault\u00bb custom_button=\u00bbon\u00bb button_border_radius=\u00bb100px\u00bb button_icon=\u00bb&#xe02b;||divi||400&#8243; button_icon_placement=\u00bbleft\u00bb button_on_hover=\u00bboff\u00bb background_layout=\u00bbdark\u00bb custom_margin=\u00bb||10px||false|false\u00bb custom_padding=\u00bb|40px||50px|true|false\u00bb global_colors_info=\u00bb{}\u00bb][\/et_pb_button][\/et_pb_column][\/et_pb_row][\/et_pb_section][et_pb_section fb_built=\u00bb1&#8243; _builder_version=\u00bb4.19.0&#8243; _module_preset=\u00bbdefault\u00bb custom_padding=\u00bb40px||40px||true|false\u00bb global_colors_info=\u00bb{}\u00bb][et_pb_row module_class=\u00bbinline-buttons\u00bb _builder_version=\u00bb4.19.0&#8243; _module_preset=\u00bbdefault\u00bb background_color=\u00bb#f0f0f0&#8243; custom_padding=\u00bb30px|40px|30px|40px|true|true\u00bb border_radii=\u00bbon|6px|6px|6px|6px\u00bb border_width_all=\u00bb1px\u00bb border_color_all=\u00bb#cccccc\u00bb global_colors_info=\u00bb{}\u00bb][et_pb_column type=\u00bb4_4&#8243; _builder_version=\u00bb4.19.0&#8243; _module_preset=\u00bbdefault\u00bb global_colors_info=\u00bb{}\u00bb][et_pb_text _builder_version=\u00bb4.19.0&#8243; _module_preset=\u00bbdefault\u00bb global_colors_info=\u00bb{}\u00bb]<\/p>\n<h4>Para descargar<\/h4>\n<p>Toda la info tur\u00edstica siempre a mano en tu celu<br \/>\n[\/et_pb_text][et_pb_button button_url=\u00bbhttps:\/\/www.santafe.gob.ar\/ms\/operativo-verano\/wp-content\/uploads\/sites\/65\/2024\/12\/agencias-receptivas-dic-2024.pdf\u00bb url_new_window=\u00bbon\u00bb button_text=\u00bbAgencias de Turismo Receptivo\u00bb _builder_version=\u00bb4.19.0&#8243; _module_preset=\u00bbdefault\u00bb custom_button=\u00bbon\u00bb button_border_radius=\u00bb100px\u00bb button_icon=\u00bb&#xf1c1;||fa||400&#8243; button_icon_placement=\u00bbleft\u00bb button_on_hover=\u00bboff\u00bb custom_margin=\u00bb||10px||false|false\u00bb custom_padding=\u00bb|40px||50px|true|false\u00bb global_colors_info=\u00bb{}\u00bb][\/et_pb_button][et_pb_button button_url=\u00bbhttps:\/\/www.santafe.gob.ar\/ms\/operativo-verano\/wp-content\/uploads\/sites\/65\/2024\/12\/BodegonesYPulperiaspRrovincia.pdf\u00bb url_new_window=\u00bbon\u00bb button_text=\u00bbBodegones y Pulper\u00edas\u00bb _builder_version=\u00bb4.19.0&#8243; _module_preset=\u00bbdefault\u00bb custom_button=\u00bbon\u00bb button_border_radius=\u00bb100px\u00bb button_icon=\u00bb&#xf1c1;||fa||400&#8243; button_icon_placement=\u00bbleft\u00bb button_on_hover=\u00bboff\u00bb custom_margin=\u00bb||10px||false|false\u00bb custom_padding=\u00bb|40px||50px|true|false\u00bb global_colors_info=\u00bb{}\u00bb][\/et_pb_button][\/et_pb_column][\/et_pb_row][\/et_pb_section][et_pb_section fb_built=\u00bb1&#8243; _builder_version=\u00bb4.19.0&#8243; _module_preset=\u00bbdefault\u00bb background_image=\u00bbhttps:\/\/www.santafe.gob.ar\/ms\/operativo-verano\/wp-content\/uploads\/sites\/65\/2024\/12\/FND-mapa-turismo-gris.jpg\u00bb parallax=\u00bbon\u00bb custom_padding=\u00bb220px||220px||true|false\u00bb locked=\u00bboff\u00bb global_colors_info=\u00bb{}\u00bb][et_pb_row _builder_version=\u00bb4.19.0&#8243; _module_preset=\u00bbdefault\u00bb background_color=\u00bb#FFFFFF\u00bb custom_padding=\u00bb80px|40px|80px|40px|true|true\u00bb border_radii=\u00bbon|6px|6px|6px|6px\u00bb box_shadow_style=\u00bbpreset3&#8243; global_colors_info=\u00bb{}\u00bb][et_pb_column type=\u00bb4_4&#8243; _builder_version=\u00bb4.19.0&#8243; _module_preset=\u00bbdefault\u00bb global_colors_info=\u00bb{}\u00bb][et_pb_text _builder_version=\u00bb4.19.0&#8243; _module_preset=\u00bbdefault\u00bb header_2_text_color=\u00bb#ff7402&#8243; text_orientation=\u00bbcenter\u00bb global_colors_info=\u00bb{}\u00bb]<\/p>\n<h2>Mapa interactivo<\/h2>\n<p>Ac\u00e1 encontrar\u00e1s la oferta de nuestra hermosa y diversa provincia.[\/et_pb_text][et_pb_button button_url=\u00bbhttps:\/\/www.google.com\/maps\/d\/u\/0\/viewer?mid=1wmt1Ly-nfSYoRrLi4DUYu1h_dLd5aNY&#038;ll=-33.05570386868238%2C-60.10494329494806&#038;z=8&#8243; url_new_window=\u00bbon\u00bb button_text=\u00bbVer mapa\u00bb button_alignment=\u00bbcenter\u00bb _builder_version=\u00bb4.19.0&#8243; _module_preset=\u00bbdefault\u00bb custom_button=\u00bbon\u00bb button_text_color=\u00bb#ff7402&#8243; global_colors_info=\u00bb{}\u00bb][\/et_pb_button][\/et_pb_column][\/et_pb_row][\/et_pb_section]<\/p>\n","protected":false},"excerpt":{"rendered":"<p>Turismo Nuestra provincia tiene una propuesta para vos, cada experiencia te invita con actividades variadas para elegir entre distintas opciones: Imperdibles de la provincia De norte a sur, para disfrutar [&hellip;]<\/p>\n","protected":false},"author":82961,"featured_media":0,"parent":0,"menu_order":0,"comment_status":"closed","ping_status":"closed","template":"","meta":{"_acf_changed":false,"_et_pb_use_builder":"on","_et_pb_old_content":"","_et_gb_content_width":"","footnotes":""},"class_list":["post-499","page","type-page","status-publish","hentry"],"acf":[],"_links":{"self":[{"href":"https:\/\/www.santafe.gob.ar\/ms\/operativo-verano\/wp-json\/wp\/v2\/pages\/499","targetHints":{"allow":["GET"]}}],"collection":[{"href":"https:\/\/www.santafe.gob.ar\/ms\/operativo-verano\/wp-json\/wp\/v2\/pages"}],"about":[{"href":"https:\/\/www.santafe.gob.ar\/ms\/operativo-verano\/wp-json\/wp\/v2\/types\/page"}],"author":[{"embeddable":true,"href":"https:\/\/www.santafe.gob.ar\/ms\/operativo-verano\/wp-json\/wp\/v2\/users\/82961"}],"replies":[{"embeddable":true,"href":"https:\/\/www.santafe.gob.ar\/ms\/operativo-verano\/wp-json\/wp\/v2\/comments?post=499"}],"version-history":[{"count":31,"href":"https:\/\/www.santafe.gob.ar\/ms\/operativo-verano\/wp-json\/wp\/v2\/pages\/499\/revisions"}],"predecessor-version":[{"id":1519,"href":"https:\/\/www.santafe.gob.ar\/ms\/operativo-verano\/wp-json\/wp\/v2\/pages\/499\/revisions\/1519"}],"wp:attachment":[{"href":"https:\/\/www.santafe.gob.ar\/ms\/operativo-verano\/wp-json\/wp\/v2\/media?parent=499"}],"curies":[{"name":"wp","href":"https:\/\/api.w.org\/{rel}","templated":true}]}}