{"id":766,"date":"2024-11-12T10:22:22","date_gmt":"2024-11-12T13:22:22","guid":{"rendered":"https:\/\/www.santafe.gob.ar\/ms\/osp\/?page_id=6"},"modified":"2025-08-26T16:18:15","modified_gmt":"2025-08-26T14:18:15","slug":"observatorio-de-seguridad-publica","status":"publish","type":"page","link":"https:\/\/www.santafe.gob.ar\/ms\/osp\/","title":{"rendered":"Observatorio de Seguridad P\u00fablica"},"content":{"rendered":"\n<header class=\"wp-block-group data-block_header is-layout-constrained wp-block-group-is-layout-constrained\">\n<div class=\"wp-block-group data-block_grid is-layout-constrained wp-block-group-is-layout-constrained\">\n<div class=\"wp-block-group data-area_container is-layout-constrained wp-block-group-is-layout-constrained\">\n<div class=\"wp-block-group data-block_logo is-layout-constrained wp-block-group-is-layout-constrained\">\n<figure class=\"wp-block-image size-full\"><a href=\"https:\/\/www.santafe.gob.ar\/ms\/osp\/\"><img decoding=\"async\" src=\"https:\/\/www.santafe.gob.ar\/ms\/osp\/wp-content\/uploads\/sites\/46\/2024\/12\/Group-2-4.svg\" alt=\"\" class=\"wp-image-989\" \/><\/a><\/figure>\n<\/div>\n\n\n\n<div class=\"wp-block-group data-component_nav is-layout-constrained wp-block-group-is-layout-constrained\"><nav class=\"wp-block-navigation is-layout-flex wp-block-navigation-is-layout-flex\" aria-label=\"Navigation\"><ul class=\"wp-block-navigation__container  wp-block-navigation\"><li class=\" wp-block-navigation-item wp-block-navigation-link\"><a class=\"wp-block-navigation-item__content\"  href=\"https:\/\/www.santafe.gob.ar\/ms\/osp\/sobre-el-observatorio\/\"><span class=\"wp-block-navigation-item__label\">Sobre el Observatorio<\/span><\/a><\/li><li class=\" wp-block-navigation-item wp-block-navigation-link\"><a class=\"wp-block-navigation-item__content\"  href=\"https:\/\/www.santafe.gob.ar\/ms\/osp\/repositorio-de-informes\/\"><span class=\"wp-block-navigation-item__label\">Repositorio de Informes<\/span><\/a><\/li><\/ul><\/nav><\/div>\n<\/div>\n<\/div>\n<\/header>\n\n\n\n<main class=\"wp-block-group data-page_home is-layout-constrained wp-block-group-is-layout-constrained\">\n<section class=\"wp-block-group data-section_hero hero__sin-lineas has-background is-layout-constrained wp-container-core-group-is-layout-7db9d80f wp-block-group-is-layout-constrained\" style=\"background-color:#3c3a51;padding-right:0;padding-left:0\">\n<div class=\"wp-block-group data-block_grid is-layout-constrained wp-block-group-is-layout-constrained\">\n<div class=\"wp-block-group data-area_container is-layout-constrained wp-block-group-is-layout-constrained\">\n<div class=\"wp-block-group data-wrapper_left is-layout-constrained wp-block-group-is-layout-constrained\">\n<p class=\"has-blanco-color has-text-color has-link-color wp-elements-d747c734081f47632385a54b255b0a14\">El Observatorio de Seguridad P\u00fablica (OSP) es un \u00f3rgano permanente dedicado a la recolecci\u00f3n, an\u00e1lisis y difusi\u00f3n de informaci\u00f3n sobre diversos aspectos de la problem\u00e1tica delictual vinculada a la circulaci\u00f3n de violencia altamente lesiva en el territorio de la provincia de Santa Fe. El trabajo del mismo es una construcci\u00f3n conjunta entre el Ministerio P\u00fablico de la Acusaci\u00f3n (MPA) y el Ministerio de Justicia y Seguridad (MJS), fortaleciendo su alcance y capacidad de impacto en la elaboraci\u00f3n de pol\u00edticas p\u00fablicas basadas en evidencia. El OSP ofrece una informaci\u00f3n acumulada, permanente y exhaustiva que permite una visi\u00f3n integral de este fen\u00f3meno desde m\u00faltiples perspectivas.<\/p>\n<\/div>\n\n\n\n<div class=\"wp-block-group data-wrapper_images resize-logos is-layout-constrained wp-block-group-is-layout-constrained\">\n<figure class=\"wp-block-image size-full\"><img loading=\"lazy\" decoding=\"async\" width=\"761\" height=\"90\" src=\"https:\/\/www.santafe.gob.ar\/ms\/osp\/wp-content\/uploads\/sites\/46\/2024\/12\/sello-agua-02-1.png\" alt=\"\" class=\"wp-image-1049\" srcset=\"https:\/\/www.santafe.gob.ar\/ms\/osp\/wp-content\/uploads\/sites\/46\/2024\/12\/sello-agua-02-1.png 761w, https:\/\/www.santafe.gob.ar\/ms\/osp\/wp-content\/uploads\/sites\/46\/2024\/12\/sello-agua-02-1-300x35.png 300w\" sizes=\"auto, (max-width: 761px) 100vw, 761px\" \/><\/figure>\n\n\n\n<figure class=\"wp-block-image size-full\"><img loading=\"lazy\" decoding=\"async\" width=\"209\" height=\"42\" src=\"https:\/\/www.santafe.gob.ar\/ms\/osp\/wp-content\/uploads\/sites\/46\/2024\/12\/image.png\" alt=\"\" class=\"wp-image-1066\" \/><\/figure>\n<\/div>\n<\/div>\n<\/div>\n<\/section>\n\n\n\n<section class=\"wp-block-group data-section_hero is-layout-constrained wp-block-group-is-layout-constrained\">\n<div class=\"wp-block-group data-block_grid is-layout-constrained wp-block-group-is-layout-constrained\">\n<div class=\"wp-block-group data-area_container is-layout-constrained wp-block-group-is-layout-constrained\">\n<div class=\"wp-block-group data-wrapper_left is-layout-constrained wp-block-group-is-layout-constrained\">\n<h2 class=\"wp-block-heading has-blanco-color has-text-color has-link-color has-large-font-size wp-elements-6fe76ac05dd3cd4665af30f4e4e381f2\" style=\"padding-bottom:1rem;font-style:normal;font-weight:700\">\u00daltimo informe publicado<\/h2>\n\n\n\n<div class=\"wp-block-query is-layout-flow wp-block-query-is-layout-flow\"><ul class=\"wp-block-post-template is-layout-flow wp-block-post-template-is-layout-flow\"><li class=\"wp-block-post post-1307 informs type-informs status-publish hentry ejes-homicidios ejes-informe-mensuales ejes-violencias-lesivas\">\n<h2 class=\"wp-block-post-title\">Infograf\u00eda mensual sobre homicidios dolosos ocurridos en la Provincia de Santa Fe (Febrero 2026)<\/h2>\n\n<a class=\"wp-block-read-more\" href=\"https:\/\/www.santafe.gob.ar\/ms\/osp\/informs\/infografia-mensual-sobre-homicidios-dolosos-ocurridos-en-la-provincia-de-santa-fe-febrero-2026\/\" target=\"_self\">Ver informe<span class=\"screen-reader-text\">: Infograf\u00eda mensual sobre homicidios dolosos ocurridos en la Provincia de Santa Fe (Febrero 2026)<\/span><\/a>\n<\/li><\/ul><\/div>\n<\/div>\n<\/div>\n<\/div>\n<\/section>\n\n\n\n<section class=\"wp-block-group data-section_data is-layout-constrained wp-block-group-is-layout-constrained\">\n<div class=\"wp-block-group data-block_grid is-layout-constrained wp-block-group-is-layout-constrained\">\n<div class=\"wp-block-group data-area_container is-layout-constrained wp-block-group-is-layout-constrained\">\n<div class=\"wp-block-group data-wrapper_iframe is-layout-constrained wp-block-group-is-layout-constrained\">\n<section class=\"looker-iframe-block\">\n    <div class=\"looker-iframe-container\">\n        <iframe src=\"https:\/\/lookerstudio.google.com\/embed\/reporting\/0d1467f2-16c5-411a-b362-be3a0460ec75\/page\/p_vcqkeky9md\" style=\"width: 100%; border: none;\"><\/iframe>\n    <\/div>\n<\/section>\n\n\n<\/div>\n<\/div>\n<\/div>\n<\/section>\n\n\n\n<section class=\"wp-block-group data-section_informes-destacados is-layout-constrained wp-block-group-is-layout-constrained\">\n<div class=\"wp-block-group data-block_grid is-layout-constrained wp-block-group-is-layout-constrained\">\n<div class=\"wp-block-group data-area_container is-layout-constrained wp-block-group-is-layout-constrained\">\n<div class=\"wp-block-group data-wrapper_title is-layout-constrained wp-block-group-is-layout-constrained\" style=\"padding-bottom:4rem\">\n<h2 class=\"wp-block-heading has-azul-color has-text-color has-link-color has-3-x-large-font-size wp-elements-58eb7b2e9c2fe55e864f7228f5e37d44\" style=\"font-style:normal;font-weight:900\">Informes destacados<\/h2>\n\n\n\n<div class=\"wp-block-buttons is-layout-flex wp-block-buttons-is-layout-flex\">\n<div class=\"wp-block-button is-style-outline is-style-outline--1\"><a class=\"wp-block-button__link has-negro-color has-text-color has-link-color wp-element-button\" href=\"https:\/\/www.santafe.gob.ar\/ms\/osp\/repositorio-de-informes\/\">Ver todos<\/a><\/div>\n<\/div>\n<\/div>\n\n\n\n<div class=\"wp-block-group data-wrapper_cards is-layout-constrained wp-block-group-is-layout-constrained\">\n<div class=\"wp-block-query is-layout-flow wp-block-query-is-layout-flow\"><ul class=\"wp-block-post-template is-layout-flow wp-block-post-template-is-layout-flow\"><li class=\"wp-block-post post-1313 informs type-informs status-publish hentry ejes-infografia-provincial ejes-haf ejes-violencias-lesivas\">\n<div style=\"font-size:14px;line-height:1.50\" class=\"taxonomy-ejes has-link-color enlace__underline wp-elements-a20cccd33cebd200c551dce0bb2f4c8b wp-block-post-terms has-text-color has-texto-color\"><a href=\"https:\/\/www.santafe.gob.ar\/ms\/osp\/ejes\/infografia-provincial\/\" rel=\"tag\">Infografia Provincial<\/a><span class=\"wp-block-post-terms__separator\">, <\/span><a href=\"https:\/\/www.santafe.gob.ar\/ms\/osp\/ejes\/haf\/\" rel=\"tag\">Personas heridas por arma de fuego<\/a><span class=\"wp-block-post-terms__separator\">, <\/span><a href=\"https:\/\/www.santafe.gob.ar\/ms\/osp\/ejes\/violencias-lesivas\/\" rel=\"tag\">Violencias Altamente Lesivas<\/a><\/div>\n\n<h2 class=\"wp-block-post-title\">Infograf\u00eda mensual sobre personas heridas con arma de fuego ocurridos en la Provincia de Santa Fe (Febrero 2026)<\/h2>\n\n<a class=\"wp-block-read-more\" href=\"https:\/\/www.santafe.gob.ar\/ms\/osp\/informs\/infografia-mensual-sobre-homicidios-dolosos-ocurridos-en-la-provincia-de-santa-fe-febrero-2026-2\/\" target=\"_self\">Ver informe<span class=\"screen-reader-text\">: Infograf\u00eda mensual sobre personas heridas con arma de fuego ocurridos en la Provincia de Santa Fe (Febrero 2026)<\/span><\/a>\n<\/li><li class=\"wp-block-post post-1311 informs type-informs status-publish hentry ejes-infografias-rosario ejes-haf ejes-violencias-lesivas\">\n<div style=\"font-size:14px;line-height:1.50\" class=\"taxonomy-ejes has-link-color enlace__underline wp-elements-a20cccd33cebd200c551dce0bb2f4c8b wp-block-post-terms has-text-color has-texto-color\"><a href=\"https:\/\/www.santafe.gob.ar\/ms\/osp\/ejes\/infografias-rosario\/\" rel=\"tag\">Infografias Rosario<\/a><span class=\"wp-block-post-terms__separator\">, <\/span><a href=\"https:\/\/www.santafe.gob.ar\/ms\/osp\/ejes\/haf\/\" rel=\"tag\">Personas heridas por arma de fuego<\/a><span class=\"wp-block-post-terms__separator\">, <\/span><a href=\"https:\/\/www.santafe.gob.ar\/ms\/osp\/ejes\/violencias-lesivas\/\" rel=\"tag\">Violencias Altamente Lesivas<\/a><\/div>\n\n<h2 class=\"wp-block-post-title\">Infograf\u00eda mensual sobre personas heridas con arma de fuego ocurridos en el Departamento Rosario (Febrero 2026)<\/h2>\n\n<a class=\"wp-block-read-more\" href=\"https:\/\/www.santafe.gob.ar\/ms\/osp\/informs\/infografia-mensual-sobre-personas-heridas-con-arma-de-fuego-ocurridos-en-el-departamento-rosario-febrero-2026\/\" target=\"_self\">Ver informe<span class=\"screen-reader-text\">: Infograf\u00eda mensual sobre personas heridas con arma de fuego ocurridos en el Departamento Rosario (Febrero 2026)<\/span><\/a>\n<\/li><li class=\"wp-block-post post-1309 informs type-informs status-publish hentry ejes-infografias-santa-fe ejes-haf ejes-violencias-lesivas\">\n<div style=\"font-size:14px;line-height:1.50\" class=\"taxonomy-ejes has-link-color enlace__underline wp-elements-a20cccd33cebd200c551dce0bb2f4c8b wp-block-post-terms has-text-color has-texto-color\"><a href=\"https:\/\/www.santafe.gob.ar\/ms\/osp\/ejes\/infografias-santa-fe\/\" rel=\"tag\">Infografias Santa Fe<\/a><span class=\"wp-block-post-terms__separator\">, <\/span><a href=\"https:\/\/www.santafe.gob.ar\/ms\/osp\/ejes\/haf\/\" rel=\"tag\">Personas heridas por arma de fuego<\/a><span class=\"wp-block-post-terms__separator\">, <\/span><a href=\"https:\/\/www.santafe.gob.ar\/ms\/osp\/ejes\/violencias-lesivas\/\" rel=\"tag\">Violencias Altamente Lesivas<\/a><\/div>\n\n<h2 class=\"wp-block-post-title\">Infograf\u00eda mensual sobre personas heridas con arma de fuego ocurridos en el Departamento La Capital (Febrero 2026)<\/h2>\n\n<a class=\"wp-block-read-more\" href=\"https:\/\/www.santafe.gob.ar\/ms\/osp\/informs\/infografia-mensual-sobre-personas-heridas-con-arma-de-fuego-ocurridos-en-el-departamento-la-capital-febrero-2026\/\" target=\"_self\">Ver informe<span class=\"screen-reader-text\">: Infograf\u00eda mensual sobre personas heridas con arma de fuego ocurridos en el Departamento La Capital (Febrero 2026)<\/span><\/a>\n<\/li><\/ul><\/div>\n<\/div>\n<\/div>\n<\/div>\n<\/section>\n\n\n\n<section class=\"wp-block-group data-section_biblioteca is-layout-constrained wp-block-group-is-layout-constrained\">\n<div class=\"wp-block-group data-block_grid is-layout-constrained wp-block-group-is-layout-constrained\">\n<div class=\"wp-block-group data-area_container is-layout-constrained wp-block-group-is-layout-constrained\">\n<div class=\"wp-block-group data-wrapper_left is-layout-constrained wp-block-group-is-layout-constrained\">\n<h2 class=\"wp-block-heading has-blanco-color has-text-color has-link-color has-3-x-large-font-size wp-elements-75d2b22d7724b37b11d40f47bd43374d\" style=\"padding-bottom:1rem;font-style:normal;font-weight:900\">Repositorio<\/h2>\n\n\n\n<p class=\"has-claro-color has-text-color has-link-color wp-elements-6903373203e6b18f03922a495686d3f3\" style=\"padding-bottom:3rem\">Explora nuestro repositorio de informes y an\u00e1lisis sobre seguridad p\u00fablica en la provincia de Santa Fe. Aqu\u00ed encontrar\u00e1s estudios detallados y actualizados sobre temas relacionados con violencia, delitos y sus diversas manifestaciones. Nuestro objetivo es ofrecer informaci\u00f3n confiable y accesible para apoyar la toma de decisiones y la elaboraci\u00f3n de pol\u00edticas de seguridad basadas en evidencia.<\/p>\n\n\n\n<div class=\"wp-block-buttons is-layout-flex wp-block-buttons-is-layout-flex\">\n<div class=\"wp-block-button is-style-fill\"><a class=\"wp-block-button__link wp-element-button\" href=\"https:\/\/www.santafe.gob.ar\/ms\/osp\/repositorio-de-informes\/\">Ver Repositorio de Informes<\/a><\/div>\n<\/div>\n<\/div>\n\n\n\n<div class=\"wp-block-group data-wrapper_right is-layout-constrained wp-block-group-is-layout-constrained\">\n<h2 class=\"wp-block-heading has-blanco-color has-text-color has-link-color has-medium-font-size wp-elements-17ee9caf009a25db990e185400883dc6\" style=\"padding-bottom:1rem;font-style:normal;font-weight:700\">Ejes Centrales<\/h2>\n\n\n\n<ul style=\"font-style:normal;font-weight:500\" class=\"wp-block-list data-component_ejes-centrales has-blanco-color has-text-color has-link-color wp-elements-2023e9d0a9a86c31fd47b31a3fb22342\">\n<li class=\"enlace__underline\"><a href=\"https:\/\/www.santafe.gob.ar\/ms\/osp\/ejes\/armas-de-fuego\/\">Armas de fuego<\/a><\/li>\n\n\n\n<li class=\"enlace__underline\"><a href=\"https:\/\/www.santafe.gob.ar\/ms\/osp\/ejes\/censo-policial\/\">Censo Policial<\/a><\/li>\n\n\n\n<li class=\"enlace__underline\"><a href=\"https:\/\/www.santafe.gob.ar\/ms\/osp\/ejes\/criminalidad-registrada\/\">Criminalidad Registrada<\/a><\/li>\n\n\n\n<li class=\"enlace__underline\"><a href=\"https:\/\/www.santafe.gob.ar\/ms\/osp\/ejes\/muertes-violentas-de-mujeres\/\">Muertes Violentas de Mujeres<\/a><\/li>\n\n\n\n<li class=\"enlace__underline\"><a href=\"https:\/\/www.santafe.gob.ar\/ms\/osp\/ejes\/personas-privadas-de-libertad\/\">Personas Privadas de Libertad<\/a><\/li>\n\n\n\n<li class=\"enlace__underline\"><a href=\"https:\/\/www.santafe.gob.ar\/ms\/osp\/ejes\/violencias-lesivas\/\">Violencias Altamente Lesivas<\/a><\/li>\n<\/ul>\n<\/div>\n<\/div>\n<\/div>\n<\/section>\n<\/main>\n\n\n\n<footer class=\"wp-block-group data-block_footer is-layout-constrained wp-block-group-is-layout-constrained\">\n<div class=\"wp-block-group data-block_grid is-layout-constrained wp-block-group-is-layout-constrained\">\n<div class=\"wp-block-group data-area_container is-layout-constrained wp-block-group-is-layout-constrained\">\n<div class=\"wp-block-group data-block_logo is-layout-constrained wp-block-group-is-layout-constrained\">\n<figure class=\"wp-block-image size-full\"><img decoding=\"async\" src=\"https:\/\/www.santafe.gob.ar\/ms\/osp\/wp-content\/uploads\/sites\/46\/2024\/12\/Group-2-4.svg\" alt=\"\" class=\"wp-image-989\" \/><\/figure>\n<\/div>\n\n\n\n<ul class=\"wp-block-list\">\n<li>1\u00b0 Junta 2823 ((S3000CDI)) &#8211; Santa Fe \/ Santa Fe, Arg.<\/li>\n\n\n\n<li>54 342 450-5100 \/ 450-5200 Int. 6428 \/ 6183<\/li>\n\n\n\n<li>observatorio.seguridad.publica@santafe.gov.ar<\/li>\n\n\n\n<li>Lunes a Viernes: 8 a 16 hs<\/li>\n<\/ul>\n<\/div>\n<\/div>\n<\/footer>\n","protected":false},"excerpt":{"rendered":"<p>El Observatorio de Seguridad P\u00fablica (OSP) es un \u00f3rgano permanente dedicado a la recolecci\u00f3n, an\u00e1lisis y difusi\u00f3n de informaci\u00f3n sobre diversos aspectos de la problem\u00e1tica delictual vinculada a la circulaci\u00f3n de violencia altamente lesiva en el territorio de la provincia de Santa Fe. El trabajo del mismo es una construcci\u00f3n conjunta entre el Ministerio P\u00fablico [&hellip;]<\/p>\n","protected":false},"author":2,"featured_media":0,"parent":0,"menu_order":0,"comment_status":"closed","ping_status":"closed","template":"","meta":{"_acf_changed":false,"footnotes":""},"class_list":["post-766","page","type-page","status-publish","hentry"],"acf":[],"_links":{"self":[{"href":"https:\/\/www.santafe.gob.ar\/ms\/osp\/wp-json\/wp\/v2\/pages\/766","targetHints":{"allow":["GET"]}}],"collection":[{"href":"https:\/\/www.santafe.gob.ar\/ms\/osp\/wp-json\/wp\/v2\/pages"}],"about":[{"href":"https:\/\/www.santafe.gob.ar\/ms\/osp\/wp-json\/wp\/v2\/types\/page"}],"author":[{"embeddable":true,"href":"https:\/\/www.santafe.gob.ar\/ms\/osp\/wp-json\/wp\/v2\/users\/2"}],"replies":[{"embeddable":true,"href":"https:\/\/www.santafe.gob.ar\/ms\/osp\/wp-json\/wp\/v2\/comments?post=766"}],"version-history":[{"count":46,"href":"https:\/\/www.santafe.gob.ar\/ms\/osp\/wp-json\/wp\/v2\/pages\/766\/revisions"}],"predecessor-version":[{"id":1174,"href":"https:\/\/www.santafe.gob.ar\/ms\/osp\/wp-json\/wp\/v2\/pages\/766\/revisions\/1174"}],"wp:attachment":[{"href":"https:\/\/www.santafe.gob.ar\/ms\/osp\/wp-json\/wp\/v2\/media?parent=766"}],"curies":[{"name":"wp","href":"https:\/\/api.w.org\/{rel}","templated":true}]}}