{"id":768,"date":"2024-11-12T10:22:22","date_gmt":"2024-11-12T13:22:22","guid":{"rendered":"https:\/\/www.santafe.gob.ar\/ms\/osp\/?page_id=8"},"modified":"2025-02-24T13:12:04","modified_gmt":"2025-02-24T12:12:04","slug":"sobre-el-observatorio","status":"publish","type":"page","link":"https:\/\/www.santafe.gob.ar\/ms\/osp\/sobre-el-observatorio\/","title":{"rendered":"Sobre el Observatorio"},"content":{"rendered":"\n<header class=\"wp-block-group data-block_header is-layout-constrained wp-block-group-is-layout-constrained\">\n<div class=\"wp-block-group data-block_grid is-layout-constrained wp-block-group-is-layout-constrained\">\n<div class=\"wp-block-group data-area_container is-layout-constrained wp-block-group-is-layout-constrained\">\n<div class=\"wp-block-group data-block_logo is-layout-constrained wp-block-group-is-layout-constrained\">\n<figure class=\"wp-block-image size-full\"><a href=\"https:\/\/www.santafe.gob.ar\/ms\/osp\/\"><img decoding=\"async\" src=\"https:\/\/www.santafe.gob.ar\/ms\/osp\/wp-content\/uploads\/sites\/46\/2024\/12\/Group-2-4.svg\" alt=\"\" class=\"wp-image-989\" \/><\/a><\/figure>\n<\/div>\n\n\n\n<div class=\"wp-block-group data-component_nav is-layout-constrained wp-block-group-is-layout-constrained\"><nav class=\"wp-block-navigation is-layout-flex wp-block-navigation-is-layout-flex\" aria-label=\"Navigation\"><ul class=\"wp-block-navigation__container  wp-block-navigation\"><li class=\" wp-block-navigation-item wp-block-navigation-link\"><a class=\"wp-block-navigation-item__content\"  href=\"https:\/\/www.santafe.gob.ar\/ms\/osp\/sobre-el-observatorio\/\"><span class=\"wp-block-navigation-item__label\">Sobre el Observatorio<\/span><\/a><\/li><li class=\" wp-block-navigation-item wp-block-navigation-link\"><a class=\"wp-block-navigation-item__content\"  href=\"https:\/\/www.santafe.gob.ar\/ms\/osp\/repositorio-de-informes\/\"><span class=\"wp-block-navigation-item__label\">Repositorio de Informes<\/span><\/a><\/li><\/ul><\/nav><\/div>\n<\/div>\n<\/div>\n<\/header>\n\n\n\n<main class=\"wp-block-group data-page_observatorio is-layout-constrained wp-block-group-is-layout-constrained\">\n<section class=\"wp-block-group data-section_hero is-layout-constrained wp-block-group-is-layout-constrained\">\n<div class=\"wp-block-group data-block_grid is-layout-constrained wp-block-group-is-layout-constrained\">\n<div class=\"wp-block-group data-area_container is-layout-constrained wp-block-group-is-layout-constrained\">\n<div class=\"wp-block-group data-wrapper_left is-layout-constrained wp-block-group-is-layout-constrained\">\n<p class=\"has-claro-color has-text-color has-link-color wp-elements-68189b0029aa40a7ad1fcbccfabe6765\">El Observatorio de Seguridad P\u00fablica es un organismo t\u00e9cnico encargado de producir informaci\u00f3n sobre violencias y otras problem\u00e1ticas delictivas, as\u00ed como tambi\u00e9n sobre la situaci\u00f3n y desempe\u00f1o de la Polic\u00eda de la Provincia de Santa Fe.<\/p>\n<\/div>\n\n\n\n<div class=\"wp-block-group data-wrapper_images resize-logos is-layout-constrained wp-block-group-is-layout-constrained\">\n<figure class=\"wp-block-image size-full\"><img loading=\"lazy\" decoding=\"async\" width=\"761\" height=\"90\" src=\"https:\/\/www.santafe.gob.ar\/ms\/osp\/wp-content\/uploads\/sites\/46\/2024\/12\/sello-agua-02-1.png\" alt=\"\" class=\"wp-image-1049\" srcset=\"https:\/\/www.santafe.gob.ar\/ms\/osp\/wp-content\/uploads\/sites\/46\/2024\/12\/sello-agua-02-1.png 761w, https:\/\/www.santafe.gob.ar\/ms\/osp\/wp-content\/uploads\/sites\/46\/2024\/12\/sello-agua-02-1-300x35.png 300w\" sizes=\"auto, (max-width: 761px) 100vw, 761px\" \/><\/figure>\n\n\n\n<figure class=\"wp-block-image size-full\"><img loading=\"lazy\" decoding=\"async\" width=\"209\" height=\"42\" src=\"https:\/\/www.santafe.gob.ar\/ms\/osp\/wp-content\/uploads\/sites\/46\/2024\/12\/image.png\" alt=\"\" class=\"wp-image-1066\" \/><\/figure>\n<\/div>\n<\/div>\n<\/div>\n<\/section>\n\n\n\n<section class=\"wp-block-group data-section_data is-layout-constrained wp-block-group-is-layout-constrained\">\n<div class=\"wp-block-group data-block_grid is-layout-constrained wp-block-group-is-layout-constrained\">\n<div class=\"wp-block-group data-area_container is-layout-constrained wp-block-group-is-layout-constrained\">\n<div class=\"wp-block-group data-wrapper_left is-layout-constrained wp-block-group-is-layout-constrained\">\n<h2 class=\"wp-block-heading has-azul-color has-text-color has-link-color has-3-x-large-font-size wp-elements-abe1c2728ce6cd630f1b4eddc94dc081\" style=\"padding-bottom:1rem;font-style:normal;font-weight:900\">Observatorio de Seguridad P\u00fablica<\/h2>\n\n\n\n<p class=\"has-azul-color has-text-color has-link-color wp-elements-31825d72a3efe7ebece184eb92ca6e3d\"><\/p>\n<\/div>\n\n\n\n<div class=\"wp-block-group data-wrapper_right is-layout-constrained wp-block-group-is-layout-constrained\">\n<p>El Observatorio de Seguridad P\u00fablica (OSP) de la provincia de Santa Fe fue creado en 2019 con la misi\u00f3n de recopilar, analizar y difundir informaci\u00f3n precisa sobre violencia y delitos en el territorio. A trav\u00e9s de un enfoque metodol\u00f3gico riguroso, el OSP se dedica a construir un diagn\u00f3stico integral que permita entender las distintas manifestaciones de violencia y sus efectos en la sociedad santafesina.<\/p>\n\n\n\n<p>Esta labor de monitoreo constante busca proporcionar una visi\u00f3n confiable y actualizada que apoye la toma de decisiones en materia de seguridad p\u00fablica. Al ofrecer datos basados en evidencia, el OSP facilita el dise\u00f1o de pol\u00edticas p\u00fablicas efectivas, promoviendo la seguridad ciudadana y mejorando la calidad de vida de la comunidad.<\/p>\n<\/div>\n<\/div>\n<\/div>\n<\/section>\n\n\n\n<section class=\"wp-block-group data-section_instituciones is-layout-constrained wp-block-group-is-layout-constrained\">\n<div class=\"wp-block-group data-block_grid is-layout-constrained wp-block-group-is-layout-constrained\">\n<div class=\"wp-block-group data-area_container is-layout-constrained wp-block-group-is-layout-constrained\">\n<h2 class=\"wp-block-heading has-text-align-center has-azul-color has-text-color has-link-color has-large-font-size wp-elements-2fd5b8a4c613d94a1bd31ed6a2889621\" style=\"padding-bottom:4rem;font-style:normal;font-weight:900\">Instituciones que hacen al Observatorio<\/h2>\n\n\n\n<div class=\"wp-block-group data-wrapper_images is-layout-constrained wp-block-group-is-layout-constrained\">\n<figure class=\"wp-block-image size-full\"><img decoding=\"async\" src=\"https:\/\/www.santafe.gob.ar\/ms\/osp\/wp-content\/uploads\/sites\/46\/2024\/12\/logo-mpa.svg\" alt=\"\" class=\"wp-image-992\" \/><\/figure>\n\n\n\n<figure class=\"wp-block-image size-full\"><img decoding=\"async\" src=\"https:\/\/www.santafe.gob.ar\/ms\/osp\/wp-content\/uploads\/sites\/46\/2024\/12\/logo-sfjs.svg\" alt=\"\" class=\"wp-image-993\" \/><\/figure>\n<\/div>\n<\/div>\n<\/div>\n<\/section>\n\n\n\n<section class=\"wp-block-group data-section_nuestro-trabajo is-layout-constrained wp-block-group-is-layout-constrained\">\n<div class=\"wp-block-group data-block_grid is-layout-constrained wp-block-group-is-layout-constrained\">\n<div class=\"wp-block-group data-area_container is-layout-constrained wp-block-group-is-layout-constrained\">\n<div class=\"wp-block-group data-wrapper_left is-layout-constrained wp-block-group-is-layout-constrained\">\n<h2 class=\"wp-block-heading has-azul-color has-text-color has-link-color has-3-x-large-font-size wp-elements-a301037195611a411903be9b1f9abe2a\" style=\"padding-bottom:1rem;font-style:normal;font-weight:900\">Nuestro trabajo<\/h2>\n\n\n\n<p>En el Observatorio de Seguridad P\u00fablica, nos dedicamos a la recolecci\u00f3n y an\u00e1lisis de informaci\u00f3n relacionada con la violencia y el delito en Santa Fe. A trav\u00e9s de un enfoque metodol\u00f3gico riguroso, trabajamos para proporcionar datos confiables que respalden la formulaci\u00f3n de pol\u00edticas p\u00fablicas de seguridad.<\/p>\n<\/div>\n\n\n\n<div class=\"wp-block-group data-wrapper_right is-layout-constrained wp-block-group-is-layout-constrained\">\n<div class=\"wp-block-group data-component_card is-layout-constrained wp-block-group-is-layout-constrained\">\n<h2 class=\"wp-block-heading has-azul-color has-text-color has-link-color wp-elements-2a5598a4231d4a603afe939fb2e13516\">Metodolog\u00eda<\/h2>\n\n\n\n<p>Aplicamos una metodolog\u00eda estandarizada y rigurosa para la recolecci\u00f3n de datos, garantizando la comparabilidad y confiabilidad de la informaci\u00f3n. Esto nos permite analizar de manera precisa los fen\u00f3menos de violencia y delito, generando diagn\u00f3sticos que reflejan la realidad en la provincia.<\/p>\n<\/div>\n\n\n\n<div class=\"wp-block-group data-component_card is-layout-constrained wp-block-group-is-layout-constrained\">\n<h2 class=\"wp-block-heading has-azul-color has-text-color has-link-color wp-elements-79e645705cea90f4809cc45594d92495\">C\u00f3mo funciona<\/h2>\n\n\n\n<p>Mediante un proceso constante de monitoreo y an\u00e1lisis, detectamos cambios en las tendencias de violencia y delitos. Esto nos ayuda a anticipar posibles problem\u00e1ticas, facilitando la toma de decisiones basada en evidencia para mejorar la seguridad y la convivencia en la comunidad.<\/p>\n<\/div>\n<\/div>\n<\/div>\n<\/div>\n<\/section>\n\n\n\n<section class=\"wp-block-group data-section_contacto is-layout-constrained wp-block-group-is-layout-constrained\">\n<div class=\"wp-block-group data-block_grid is-layout-constrained wp-block-group-is-layout-constrained\">\n<div class=\"wp-block-group data-area_container is-layout-constrained wp-block-group-is-layout-constrained\">\n<div class=\"wp-block-group data-wrapper_left is-layout-constrained wp-block-group-is-layout-constrained\">\n<h2 class=\"wp-block-heading has-blanco-color has-text-color has-link-color has-3-x-large-font-size wp-elements-2366291d3d2d1201e1fb6d226c9a0838\" style=\"padding-bottom:1rem;font-style:normal;font-weight:900\">Contacto<\/h2>\n\n\n\n<ul class=\"wp-block-list has-claro-color has-text-color has-link-color wp-elements-dcadcecd8a0032ac8eafa671867776e1\">\n<li>1\u00b0 Junta 2823 ((S3000CDI)) &#8211; Santa Fe \/ Santa Fe, Arg.<\/li>\n\n\n\n<li>54 342 450-5100 \/ 450-5200 Int. 6428 \/ 6183<\/li>\n\n\n\n<li>observatorio.seguridad.publica@santafe.gov.ar<\/li>\n\n\n\n<li>Lunes a Viernes: 8 a 16 hs<\/li>\n<\/ul>\n<\/div>\n\n\n\n<div class=\"wp-block-group data-wrapper_right is-layout-constrained wp-block-group-is-layout-constrained\">\n<div class=\"wp-block-group data-component_form formulario__estilos is-layout-constrained wp-block-group-is-layout-constrained\">\n                <div class='gf_browser_gecko gform_wrapper' id='gform_wrapper_1' ><form method='post' enctype='multipart\/form-data'  id='gform_1'  action='\/ms\/osp\/wp-json\/wp\/v2\/pages\/768'>\n                        <div class='gform_heading'>\n                            <h3 class='gform_title'>Contacto<\/h3>\n                            <span class='gform_description'><\/span>\n                        <\/div>\n                        <div class='gform_body'><ul id='gform_fields_1' class='gform_fields top_label form_sublabel_below description_below'><li id='field_1_1'  class='gfield gfield_contains_required field_sublabel_below field_description_below gfield_visibility_visible' ><label class='gfield_label' for='input_1_1' >Nombre y apellido<span class='gfield_required'>*<\/span><\/label><div class='ginput_container ginput_container_text'><input name='input_1' id='input_1_1' type='text' value='' class='medium'     aria-required=\"true\" aria-invalid=\"false\" \/><\/div><\/li><li id='field_1_2'  class='gfield gfield_contains_required field_sublabel_below field_description_below gfield_visibility_visible' ><label class='gfield_label' for='input_1_2' >Email<span class='gfield_required'>*<\/span><\/label><div class='ginput_container ginput_container_email'>\n                            <input name='input_2' id='input_1_2' type='text' value='' class='medium'    aria-required=\"true\" aria-invalid=\"false\" \/>\n                        <\/div><\/li><li id='field_1_3'  class='gfield gfield_contains_required field_sublabel_below field_description_below gfield_visibility_visible' ><label class='gfield_label' for='input_1_3' >Sin nombre<span class='gfield_required'>*<\/span><\/label><div class='ginput_container ginput_container_textarea'><textarea name='input_3' id='input_1_3' class='textarea medium'     aria-required=\"true\" aria-invalid=\"false\"   rows='10' cols='50'><\/textarea><\/div><\/li>\n                            <\/ul><\/div>\n        <div class='gform_footer top_label'> <input type='submit' id='gform_submit_button_1' class='gform_button button' value='Enviar'  onclick='if(window[\"gf_submitting_1\"]){return false;}  window[\"gf_submitting_1\"]=true;  ' onkeypress='if( event.keyCode == 13 ){ if(window[\"gf_submitting_1\"]){return false;} window[\"gf_submitting_1\"]=true;  jQuery(\"#gform_1\").trigger(\"submit\",[true]); }' \/> \n            <input type='hidden' class='gform_hidden' name='is_submit_1' value='1' \/>\n            <input type='hidden' class='gform_hidden' name='gform_submit' value='1' \/>\n            \n            <input type='hidden' class='gform_hidden' name='gform_unique_id' value='' \/>\n            <input type='hidden' class='gform_hidden' name='state_1' value='WyJbXSIsImViOWFmYmQ3YzlmMjliZTk2MTUzNTIzNTU2OTc3MmMyIl0=' \/>\n            <input type='hidden' class='gform_hidden' name='gform_target_page_number_1' id='gform_target_page_number_1' value='0' \/>\n            <input type='hidden' class='gform_hidden' name='gform_source_page_number_1' id='gform_source_page_number_1' value='1' \/>\n            <input type='hidden' name='gform_field_values' value='' \/>\n            \n        <\/div>\n                        <\/form>\n                        <\/div><script type='text\/javascript'> jQuery(document).bind('gform_post_render', function(event, formId, currentPage){if(formId == 1) {} } );jQuery(document).bind('gform_post_conditional_logic', function(event, formId, fields, isInit){} );<\/script><script type='text\/javascript'> jQuery(document).ready(function(){jQuery(document).trigger('gform_post_render', [1, 1]) } ); <\/script><\/div>\n<\/div>\n<\/div>\n<\/div>\n<\/section>\n<\/main>\n\n\n\n<footer class=\"wp-block-group data-block_footer is-layout-constrained wp-block-group-is-layout-constrained\">\n<div class=\"wp-block-group data-block_grid is-layout-constrained wp-block-group-is-layout-constrained\">\n<div class=\"wp-block-group data-area_container is-layout-constrained wp-block-group-is-layout-constrained\">\n<div class=\"wp-block-group data-block_logo is-layout-constrained wp-block-group-is-layout-constrained\">\n<figure class=\"wp-block-image size-full\"><img decoding=\"async\" src=\"https:\/\/www.santafe.gob.ar\/ms\/osp\/wp-content\/uploads\/sites\/46\/2024\/12\/Group-2-4.svg\" alt=\"\" class=\"wp-image-989\" \/><\/figure>\n<\/div>\n\n\n\n<ul class=\"wp-block-list\">\n<li>1\u00b0 Junta 2823 ((S3000CDI)) &#8211; Santa Fe \/ Santa Fe, Arg.<\/li>\n\n\n\n<li>54 342 450-5100 \/ 450-5200 Int. 6428 \/ 6183<\/li>\n\n\n\n<li>observatorio.seguridad.publica@santafe.gov.ar<\/li>\n\n\n\n<li>Lunes a Viernes: 8 a 16 hs<\/li>\n<\/ul>\n<\/div>\n<\/div>\n<\/footer>\n","protected":false},"excerpt":{"rendered":"<p>El Observatorio de Seguridad P\u00fablica es un organismo t\u00e9cnico encargado de producir informaci\u00f3n sobre violencias y otras problem\u00e1ticas delictivas, as\u00ed como tambi\u00e9n sobre la situaci\u00f3n y desempe\u00f1o de la Polic\u00eda de la Provincia de Santa Fe. Observatorio de Seguridad P\u00fablica El Observatorio de Seguridad P\u00fablica (OSP) de la provincia de Santa Fe fue creado en [&hellip;]<\/p>\n","protected":false},"author":2,"featured_media":0,"parent":0,"menu_order":1,"comment_status":"closed","ping_status":"closed","template":"","meta":{"_acf_changed":false,"footnotes":""},"class_list":["post-768","page","type-page","status-publish","hentry"],"acf":[],"_links":{"self":[{"href":"https:\/\/www.santafe.gob.ar\/ms\/osp\/wp-json\/wp\/v2\/pages\/768","targetHints":{"allow":["GET"]}}],"collection":[{"href":"https:\/\/www.santafe.gob.ar\/ms\/osp\/wp-json\/wp\/v2\/pages"}],"about":[{"href":"https:\/\/www.santafe.gob.ar\/ms\/osp\/wp-json\/wp\/v2\/types\/page"}],"author":[{"embeddable":true,"href":"https:\/\/www.santafe.gob.ar\/ms\/osp\/wp-json\/wp\/v2\/users\/2"}],"replies":[{"embeddable":true,"href":"https:\/\/www.santafe.gob.ar\/ms\/osp\/wp-json\/wp\/v2\/comments?post=768"}],"version-history":[{"count":9,"href":"https:\/\/www.santafe.gob.ar\/ms\/osp\/wp-json\/wp\/v2\/pages\/768\/revisions"}],"predecessor-version":[{"id":1108,"href":"https:\/\/www.santafe.gob.ar\/ms\/osp\/wp-json\/wp\/v2\/pages\/768\/revisions\/1108"}],"wp:attachment":[{"href":"https:\/\/www.santafe.gob.ar\/ms\/osp\/wp-json\/wp\/v2\/media?parent=768"}],"curies":[{"name":"wp","href":"https:\/\/api.w.org\/{rel}","templated":true}]}}